{"id":6077,"date":"2024-11-13T10:25:46","date_gmt":"2024-11-13T10:25:46","guid":{"rendered":"https:\/\/messe.smart-pr.de\/?page_id=6077"},"modified":"2025-02-10T14:00:11","modified_gmt":"2025-02-10T14:00:11","slug":"sicher-durch-die-corona-krise-mit-dem-smart-pr-social-media-monitoring-und-der-passenden-kommunikationsstrategie","status":"publish","type":"page","link":"https:\/\/smart-pr.de\/de\/sicher-durch-die-corona-krise-mit-dem-smart-pr-social-media-monitoring-und-der-passenden-kommunikationsstrategie\/","title":{"rendered":"Sicher durch die Corona Krise: Mit dem SMART PR Social Media Monitoring und der passenden Kommunikationsstrategie"},"content":{"rendered":"<div class=\"wpb-content-wrapper\"><p>[vc_row full_width=&#8220;stretch_row_content_no_spaces&#8220; css=&#8220;.vc_custom_1731495748955{margin-top: -30px !important;}&#8220;][vc_column][vc_single_image image=&#8220;6078&#8243; img_size=&#8220;full&#8220; css=&#8220;&#8220;][\/vc_column][\/vc_row][vc_row][vc_column width=&#8220;1\/6&#8243;][\/vc_column][vc_column width=&#8220;2\/3&#8243;][vc_column_text css=&#8220;&#8220;]<\/p>\n<div class=\"title thumbnail\">\n<h1 class=\"wrapper-h\"><strong>Sicher durch die Corona Krise: Mit dem SMART PR Social Media Monitoring und der passenden Kommunikationsstrategie<\/strong><\/h1>\n<\/div>\n<p>[\/vc_column_text][\/vc_column][vc_column width=&#8220;1\/6&#8243;][\/vc_column][\/vc_row][vc_row][vc_column width=&#8220;1\/6&#8243;][\/vc_column][vc_column width=&#8220;2\/3&#8243;][vc_column_text css=&#8220;&#8220;]<\/p>\n<div class=\"title thumbnail\">\n<p>Die Corona-Krise hat die Kommunikation vieler Unternehmen in den letzten Monaten auf den Kopf gestellt. Die bisherige Markenkommunikation wird auf den Pr\u00fcfstein gestellt: Kann man das noch posten und passt die geplante Kampagne \u00fcberhaupt noch? Gibt es vielleicht aktuell hei\u00dfe Eisen rund um die eigenen Themen? Mehr denn je geht es im Moment um Sensibilit\u00e4t und Zwischent\u00f6ne.<\/p>\n<\/div>\n<p>[\/vc_column_text][\/vc_column][vc_column width=&#8220;1\/6&#8243;][\/vc_column][\/vc_row][vc_row][vc_column width=&#8220;1\/6&#8243;][\/vc_column][vc_column width=&#8220;2\/3&#8243;][vc_column_text css=&#8220;&#8220;]<\/p>\n<div class=\"title thumbnail\">\n<h4 class=\"wp-block-heading\">Jede Marke sollte dies ganz explizit f\u00fcr die eigenen Themen, Produkte, Multiplikatoren und Kernereignisse analysieren und gezielt im Auge behalten.<\/h4>\n<\/div>\n<p>[\/vc_column_text][\/vc_column][vc_column width=&#8220;1\/6&#8243;][\/vc_column][\/vc_row][vc_row][vc_column width=&#8220;1\/6&#8243;][\/vc_column][vc_column width=&#8220;2\/3&#8243;][vc_column_text css=&#8220;&#8220;]<\/p>\n<div class=\"title thumbnail\">\n<p>Denn wer die Stimmungen nicht kennt und einsch\u00e4tzen kann, geht das Risiko ein, ohne eine Kommuikationsstrategie f\u00fcr die Zeit nach dem Corona Shutdown seine Zielgruppen zu ver\u00e4rgern oder gar seine Fans zu verlieren. Oder eine wichtige Kommunikations-Chance ungenutzt zu lassen.<\/p>\n<h4 class=\"wp-block-heading\">Mit dem SMART PR Monitoring, einer umfassenden Social Media Analyse, finden Sie heraus, wie die \u00f6ffentliche Wahrnehmung rund um Ihre eigene Marke und Ihre wichtigsten Wettbewerber aussieht.<\/h4>\n<\/div>\n<p>[\/vc_column_text][\/vc_column][vc_column width=&#8220;1\/6&#8243;][\/vc_column][\/vc_row][vc_row][vc_column width=&#8220;1\/6&#8243;][\/vc_column][vc_column width=&#8220;2\/3&#8243;][vc_single_image image=&#8220;6445&#8243; img_size=&#8220;full&#8220; css=&#8220;&#8220;][\/vc_column][vc_column width=&#8220;1\/6&#8243;][\/vc_column][\/vc_row][vc_row][vc_column width=&#8220;1\/6&#8243;][\/vc_column][vc_column width=&#8220;2\/3&#8243;][vc_column_text css=&#8220;&#8220;]<\/p>\n<div class=\"title thumbnail\">\n<p>Unser Monitoring findet heraus, inwiefern die Corona-Epidemie die Wahrnehmung Ihrer Zielgruppen beeinflusst, welche Inhalte positiv wie negativ gesehen und kommentiert werden. Denn auch bei der schrittweisen R\u00fcckkehr zum Alltag wird es Themen und Aussagen geben, die besonders vorsichtig zu behandeln sind. Zudem besteht in Ihrer Community ein Verlangen nach einer klaren Positionierung von Unternehmen z. B. hinsichtlich ihrer Werte und Versprechen.<\/p>\n<\/div>\n<p>[\/vc_column_text][\/vc_column][vc_column width=&#8220;1\/6&#8243;][\/vc_column][\/vc_row][vc_row][vc_column width=&#8220;1\/6&#8243;][\/vc_column][vc_column width=&#8220;2\/3&#8243;][vc_column_text css=&#8220;&#8220;]<\/p>\n<div class=\"title thumbnail\">\n<p>Auf Basis dieser Status Quo-Analyse erhalten Sie von uns eine konkrete Handlungsempfehlung, welche Kommunikationspotenziale hinsichtlich Themen und Plattformen bestehen.<\/p>\n<h4 class=\"wp-block-heading\">In einem zweiw\u00f6chigen Prozess behandeln wir folgende Fragestellungen f\u00fcr Sie:<\/h4>\n<ul class=\"wp-block-list\">\n<li>Was wird aktuell in Ihrem Themen- und Markenuniversum diskutiert?<\/li>\n<li>Wo sind kritische Themen und was sind die dringenden Fragen der Community?<\/li>\n<li>Was erwarten die Kunden von Ihrer Marke, worauf kommt es ihnen an?<\/li>\n<li>Wie sieht die Situation bei Ihren Wettbewerbern aus?<\/li>\n<li>Wie richten Sie Ihre Social Media Kommunikation f\u00fcr die Zukunft aus?<\/li>\n<li>Unsere Handlungsempfehlung<\/li>\n<\/ul>\n<h4 class=\"wp-block-heading\"><strong>Das liefert Ihnen das SMART PR Monitoring:<\/strong><\/h4>\n<ul class=\"wp-block-list\">\n<li>Eine Social Media Status Quo-Analyse mit Reporting des Umfelds bzw. Wettbewerbs<\/li>\n<li>Einen Handlungs- und Kampagnenplan f\u00fcr die Optimierung der eigenen Kommunikation nach Corona<\/li>\n<\/ul>\n<p>Sie haben Interesse am SMART PR Monitoring: Dann kontaktieren Sie uns jetzt telefonisch oder schreiben Sie uns.<\/p>\n<\/div>\n<p>[\/vc_column_text][\/vc_column][vc_column width=&#8220;1\/6&#8243;][\/vc_column][\/vc_row][vc_row][vc_column width=&#8220;1\/6&#8243;][\/vc_column][vc_column width=&#8220;2\/3&#8243;][vc_column_text css=&#8220;&#8220;]<\/p>\n<div class=\"title thumbnail\">\n<p><strong>Finden Sie mit dem SMART Social Media Monitoring heraus, wo aktuell Ihre gr\u00f6\u00dften Chancen und Risiken in der Kommunikation sind.<\/strong><\/p>\n<\/div>\n<p>[\/vc_column_text][\/vc_column][vc_column width=&#8220;1\/6&#8243;][\/vc_column][\/vc_row]<\/p>\n<\/div>","protected":false},"excerpt":{"rendered":"[vc_row full_width=\"stretch_row_content_no_spaces\" css=\".vc_custom_1731495748955{margin-top: -30px !important;}\"][vc_column][vc_single_image image=\"6078\" img_size=\"full\" css=\"\"][\/vc_column][\/vc_row][vc_row][vc_column width=\"1\/6\"][\/vc_column][vc_column width=\"2\/3\"][vc_column_text css=\"\"] Sicher durch die Corona<span class=\"excerpt-hellip\"> [\u2026]<\/span>","protected":false},"author":2,"featured_media":6078,"parent":0,"menu_order":0,"comment_status":"closed","ping_status":"closed","template":"","meta":{"footnotes":""},"class_list":["post-6077","page","type-page","status-publish","has-post-thumbnail","hentry"],"yoast_head":"<!-- This site is optimized with the Yoast SEO plugin v25.6 - https:\/\/yoast.com\/wordpress\/plugins\/seo\/ -->\n<title>Sicher durch die Krise mit SMART PR Social Media Monitoring<\/title>\n<meta name=\"description\" content=\"Wie SMART PR Unternehmen mit Social Media Monitoring und strategischer Kommunikation sicher durch die Corona-Krise gef\u00fchrt hat.\" \/>\n<meta name=\"robots\" content=\"index, follow, max-snippet:-1, max-image-preview:large, max-video-preview:-1\" \/>\n<link rel=\"canonical\" href=\"https:\/\/smart-pr.de\/de\/sicher-durch-die-corona-krise-mit-dem-smart-pr-social-media-monitoring-und-der-passenden-kommunikationsstrategie\/\" \/>\n<meta property=\"og:locale\" content=\"de_DE\" \/>\n<meta property=\"og:type\" content=\"article\" \/>\n<meta property=\"og:title\" content=\"Sicher durch die Krise mit SMART PR Social Media Monitoring\" \/>\n<meta property=\"og:description\" content=\"Wie SMART PR Unternehmen mit Social Media Monitoring und strategischer Kommunikation sicher durch die Corona-Krise gef\u00fchrt hat.\" \/>\n<meta property=\"og:url\" content=\"https:\/\/smart-pr.de\/de\/sicher-durch-die-corona-krise-mit-dem-smart-pr-social-media-monitoring-und-der-passenden-kommunikationsstrategie\/\" \/>\n<meta property=\"og:site_name\" content=\"SMART PR \/\/ Ihre PR-Agentur in D\u00fcsseldorf\" \/>\n<meta property=\"article:modified_time\" content=\"2025-02-10T14:00:11+00:00\" \/>\n<meta property=\"og:image\" content=\"https:\/\/smart-pr.de\/wp-content\/uploads\/2024\/11\/Header-News-Webseite-Social-Media-Monitoring_2-1.png\" \/>\n\t<meta property=\"og:image:width\" content=\"1920\" \/>\n\t<meta property=\"og:image:height\" content=\"768\" \/>\n\t<meta property=\"og:image:type\" content=\"image\/png\" \/>\n<meta name=\"twitter:card\" content=\"summary_large_image\" \/>\n<meta name=\"twitter:label1\" content=\"Gesch\u00e4tzte Lesezeit\" \/>\n\t<meta name=\"twitter:data1\" content=\"3\u00a0Minuten\" \/>\n<script type=\"application\/ld+json\" class=\"yoast-schema-graph\">{\"@context\":\"https:\/\/schema.org\",\"@graph\":[{\"@type\":\"WebPage\",\"@id\":\"https:\/\/smart-pr.de\/de\/sicher-durch-die-corona-krise-mit-dem-smart-pr-social-media-monitoring-und-der-passenden-kommunikationsstrategie\/\",\"url\":\"https:\/\/smart-pr.de\/de\/sicher-durch-die-corona-krise-mit-dem-smart-pr-social-media-monitoring-und-der-passenden-kommunikationsstrategie\/\",\"name\":\"Sicher durch die Krise mit SMART PR Social Media Monitoring\",\"isPartOf\":{\"@id\":\"https:\/\/smart-pr.de\/de\/#website\"},\"primaryImageOfPage\":{\"@id\":\"https:\/\/smart-pr.de\/de\/sicher-durch-die-corona-krise-mit-dem-smart-pr-social-media-monitoring-und-der-passenden-kommunikationsstrategie\/#primaryimage\"},\"image\":{\"@id\":\"https:\/\/smart-pr.de\/de\/sicher-durch-die-corona-krise-mit-dem-smart-pr-social-media-monitoring-und-der-passenden-kommunikationsstrategie\/#primaryimage\"},\"thumbnailUrl\":\"https:\/\/smart-pr.de\/wp-content\/uploads\/2024\/11\/Header-News-Webseite-Social-Media-Monitoring_2-1.png\",\"datePublished\":\"2024-11-13T10:25:46+00:00\",\"dateModified\":\"2025-02-10T14:00:11+00:00\",\"description\":\"Wie SMART PR Unternehmen mit Social Media Monitoring und strategischer Kommunikation sicher durch die Corona-Krise gef\u00fchrt hat.\",\"breadcrumb\":{\"@id\":\"https:\/\/smart-pr.de\/de\/sicher-durch-die-corona-krise-mit-dem-smart-pr-social-media-monitoring-und-der-passenden-kommunikationsstrategie\/#breadcrumb\"},\"inLanguage\":\"de\",\"potentialAction\":[{\"@type\":\"ReadAction\",\"target\":[\"https:\/\/smart-pr.de\/de\/sicher-durch-die-corona-krise-mit-dem-smart-pr-social-media-monitoring-und-der-passenden-kommunikationsstrategie\/\"]}]},{\"@type\":\"ImageObject\",\"inLanguage\":\"de\",\"@id\":\"https:\/\/smart-pr.de\/de\/sicher-durch-die-corona-krise-mit-dem-smart-pr-social-media-monitoring-und-der-passenden-kommunikationsstrategie\/#primaryimage\",\"url\":\"https:\/\/smart-pr.de\/wp-content\/uploads\/2024\/11\/Header-News-Webseite-Social-Media-Monitoring_2-1.png\",\"contentUrl\":\"https:\/\/smart-pr.de\/wp-content\/uploads\/2024\/11\/Header-News-Webseite-Social-Media-Monitoring_2-1.png\",\"width\":1920,\"height\":768,\"caption\":\"Header-News-Webseite-Social-Media-Monitoring_2 (1)\"},{\"@type\":\"BreadcrumbList\",\"@id\":\"https:\/\/smart-pr.de\/de\/sicher-durch-die-corona-krise-mit-dem-smart-pr-social-media-monitoring-und-der-passenden-kommunikationsstrategie\/#breadcrumb\",\"itemListElement\":[{\"@type\":\"ListItem\",\"position\":1,\"name\":\"Startseite\",\"item\":\"https:\/\/smart-pr.de\/de\/\"},{\"@type\":\"ListItem\",\"position\":2,\"name\":\"Sicher durch die Corona Krise: Mit dem SMART PR Social Media Monitoring und der passenden Kommunikationsstrategie\"}]},{\"@type\":\"WebSite\",\"@id\":\"https:\/\/smart-pr.de\/de\/#website\",\"url\":\"https:\/\/smart-pr.de\/de\/\",\"name\":\"SMART PR \/\/ Ihre PR-Agentur in D\u00fcsseldorf\",\"description\":\"F\u00fcr ganzheitliche Kommunikation\",\"publisher\":{\"@id\":\"https:\/\/smart-pr.de\/de\/#organization\"},\"potentialAction\":[{\"@type\":\"SearchAction\",\"target\":{\"@type\":\"EntryPoint\",\"urlTemplate\":\"https:\/\/smart-pr.de\/de\/?s={search_term_string}\"},\"query-input\":{\"@type\":\"PropertyValueSpecification\",\"valueRequired\":true,\"valueName\":\"search_term_string\"}}],\"inLanguage\":\"de\"},{\"@type\":\"Organization\",\"@id\":\"https:\/\/smart-pr.de\/de\/#organization\",\"name\":\"SMART PR \/\/ Ihre PR-Agentur in D\u00fcsseldorf\",\"url\":\"https:\/\/smart-pr.de\/de\/\",\"logo\":{\"@type\":\"ImageObject\",\"inLanguage\":\"de\",\"@id\":\"https:\/\/smart-pr.de\/de\/#\/schema\/logo\/image\/\",\"url\":\"https:\/\/smart-pr.de\/wp-content\/uploads\/2024\/08\/smart-pr-logo-2.png\",\"contentUrl\":\"https:\/\/smart-pr.de\/wp-content\/uploads\/2024\/08\/smart-pr-logo-2.png\",\"width\":1800,\"height\":282,\"caption\":\"SMART PR \/\/ Ihre PR-Agentur in D\u00fcsseldorf\"},\"image\":{\"@id\":\"https:\/\/smart-pr.de\/de\/#\/schema\/logo\/image\/\"}}]}<\/script>\n<!-- \/ Yoast SEO plugin. -->","yoast_head_json":{"title":"Sicher durch die Krise mit SMART PR Social Media Monitoring","description":"Wie SMART PR Unternehmen mit Social Media Monitoring und strategischer Kommunikation sicher durch die Corona-Krise gef\u00fchrt hat.","robots":{"index":"index","follow":"follow","max-snippet":"max-snippet:-1","max-image-preview":"max-image-preview:large","max-video-preview":"max-video-preview:-1"},"canonical":"https:\/\/smart-pr.de\/de\/sicher-durch-die-corona-krise-mit-dem-smart-pr-social-media-monitoring-und-der-passenden-kommunikationsstrategie\/","og_locale":"de_DE","og_type":"article","og_title":"Sicher durch die Krise mit SMART PR Social Media Monitoring","og_description":"Wie SMART PR Unternehmen mit Social Media Monitoring und strategischer Kommunikation sicher durch die Corona-Krise gef\u00fchrt hat.","og_url":"https:\/\/smart-pr.de\/de\/sicher-durch-die-corona-krise-mit-dem-smart-pr-social-media-monitoring-und-der-passenden-kommunikationsstrategie\/","og_site_name":"SMART PR \/\/ Ihre PR-Agentur in D\u00fcsseldorf","article_modified_time":"2025-02-10T14:00:11+00:00","og_image":[{"width":1920,"height":768,"url":"https:\/\/smart-pr.de\/wp-content\/uploads\/2024\/11\/Header-News-Webseite-Social-Media-Monitoring_2-1.png","type":"image\/png"}],"twitter_card":"summary_large_image","twitter_misc":{"Gesch\u00e4tzte Lesezeit":"3\u00a0Minuten"},"schema":{"@context":"https:\/\/schema.org","@graph":[{"@type":"WebPage","@id":"https:\/\/smart-pr.de\/de\/sicher-durch-die-corona-krise-mit-dem-smart-pr-social-media-monitoring-und-der-passenden-kommunikationsstrategie\/","url":"https:\/\/smart-pr.de\/de\/sicher-durch-die-corona-krise-mit-dem-smart-pr-social-media-monitoring-und-der-passenden-kommunikationsstrategie\/","name":"Sicher durch die Krise mit SMART PR Social Media Monitoring","isPartOf":{"@id":"https:\/\/smart-pr.de\/de\/#website"},"primaryImageOfPage":{"@id":"https:\/\/smart-pr.de\/de\/sicher-durch-die-corona-krise-mit-dem-smart-pr-social-media-monitoring-und-der-passenden-kommunikationsstrategie\/#primaryimage"},"image":{"@id":"https:\/\/smart-pr.de\/de\/sicher-durch-die-corona-krise-mit-dem-smart-pr-social-media-monitoring-und-der-passenden-kommunikationsstrategie\/#primaryimage"},"thumbnailUrl":"https:\/\/smart-pr.de\/wp-content\/uploads\/2024\/11\/Header-News-Webseite-Social-Media-Monitoring_2-1.png","datePublished":"2024-11-13T10:25:46+00:00","dateModified":"2025-02-10T14:00:11+00:00","description":"Wie SMART PR Unternehmen mit Social Media Monitoring und strategischer Kommunikation sicher durch die Corona-Krise gef\u00fchrt hat.","breadcrumb":{"@id":"https:\/\/smart-pr.de\/de\/sicher-durch-die-corona-krise-mit-dem-smart-pr-social-media-monitoring-und-der-passenden-kommunikationsstrategie\/#breadcrumb"},"inLanguage":"de","potentialAction":[{"@type":"ReadAction","target":["https:\/\/smart-pr.de\/de\/sicher-durch-die-corona-krise-mit-dem-smart-pr-social-media-monitoring-und-der-passenden-kommunikationsstrategie\/"]}]},{"@type":"ImageObject","inLanguage":"de","@id":"https:\/\/smart-pr.de\/de\/sicher-durch-die-corona-krise-mit-dem-smart-pr-social-media-monitoring-und-der-passenden-kommunikationsstrategie\/#primaryimage","url":"https:\/\/smart-pr.de\/wp-content\/uploads\/2024\/11\/Header-News-Webseite-Social-Media-Monitoring_2-1.png","contentUrl":"https:\/\/smart-pr.de\/wp-content\/uploads\/2024\/11\/Header-News-Webseite-Social-Media-Monitoring_2-1.png","width":1920,"height":768,"caption":"Header-News-Webseite-Social-Media-Monitoring_2 (1)"},{"@type":"BreadcrumbList","@id":"https:\/\/smart-pr.de\/de\/sicher-durch-die-corona-krise-mit-dem-smart-pr-social-media-monitoring-und-der-passenden-kommunikationsstrategie\/#breadcrumb","itemListElement":[{"@type":"ListItem","position":1,"name":"Startseite","item":"https:\/\/smart-pr.de\/de\/"},{"@type":"ListItem","position":2,"name":"Sicher durch die Corona Krise: Mit dem SMART PR Social Media Monitoring und der passenden Kommunikationsstrategie"}]},{"@type":"WebSite","@id":"https:\/\/smart-pr.de\/de\/#website","url":"https:\/\/smart-pr.de\/de\/","name":"SMART PR \/\/ Ihre PR-Agentur in D\u00fcsseldorf","description":"F\u00fcr ganzheitliche Kommunikation","publisher":{"@id":"https:\/\/smart-pr.de\/de\/#organization"},"potentialAction":[{"@type":"SearchAction","target":{"@type":"EntryPoint","urlTemplate":"https:\/\/smart-pr.de\/de\/?s={search_term_string}"},"query-input":{"@type":"PropertyValueSpecification","valueRequired":true,"valueName":"search_term_string"}}],"inLanguage":"de"},{"@type":"Organization","@id":"https:\/\/smart-pr.de\/de\/#organization","name":"SMART PR \/\/ Ihre PR-Agentur in D\u00fcsseldorf","url":"https:\/\/smart-pr.de\/de\/","logo":{"@type":"ImageObject","inLanguage":"de","@id":"https:\/\/smart-pr.de\/de\/#\/schema\/logo\/image\/","url":"https:\/\/smart-pr.de\/wp-content\/uploads\/2024\/08\/smart-pr-logo-2.png","contentUrl":"https:\/\/smart-pr.de\/wp-content\/uploads\/2024\/08\/smart-pr-logo-2.png","width":1800,"height":282,"caption":"SMART PR \/\/ Ihre PR-Agentur in D\u00fcsseldorf"},"image":{"@id":"https:\/\/smart-pr.de\/de\/#\/schema\/logo\/image\/"}}]}},"_links":{"self":[{"href":"https:\/\/smart-pr.de\/de\/wp-json\/wp\/v2\/pages\/6077","targetHints":{"allow":["GET"]}}],"collection":[{"href":"https:\/\/smart-pr.de\/de\/wp-json\/wp\/v2\/pages"}],"about":[{"href":"https:\/\/smart-pr.de\/de\/wp-json\/wp\/v2\/types\/page"}],"author":[{"embeddable":true,"href":"https:\/\/smart-pr.de\/de\/wp-json\/wp\/v2\/users\/2"}],"replies":[{"embeddable":true,"href":"https:\/\/smart-pr.de\/de\/wp-json\/wp\/v2\/comments?post=6077"}],"version-history":[{"count":6,"href":"https:\/\/smart-pr.de\/de\/wp-json\/wp\/v2\/pages\/6077\/revisions"}],"predecessor-version":[{"id":9600,"href":"https:\/\/smart-pr.de\/de\/wp-json\/wp\/v2\/pages\/6077\/revisions\/9600"}],"wp:featuredmedia":[{"embeddable":true,"href":"https:\/\/smart-pr.de\/de\/wp-json\/wp\/v2\/media\/6078"}],"wp:attachment":[{"href":"https:\/\/smart-pr.de\/de\/wp-json\/wp\/v2\/media?parent=6077"}],"curies":[{"name":"wp","href":"https:\/\/api.w.org\/{rel}","templated":true}]}}