{"id":59,"date":"2024-07-26T07:10:41","date_gmt":"2024-07-26T07:10:41","guid":{"rendered":"https:\/\/entwicklungsumgebung6729.live-website.com\/?page_id=59"},"modified":"2025-10-15T15:30:35","modified_gmt":"2025-10-15T15:30:35","slug":"presse-und-oeffentlichkeitsarbeit","status":"publish","type":"page","link":"https:\/\/smart-pr.de\/de\/leistungen\/presse-und-oeffentlichkeitsarbeit\/","title":{"rendered":"Presse- und \u00d6ffentlich\u00adkeitsarbeit"},"content":{"rendered":"<div class=\"wpb-content-wrapper\"><p>[vc_row full_width=&#8220;stretch_row_content_no_spaces&#8220; css=&#8220;.vc_custom_1729004586285{margin-top: -30px !important;}&#8220;][vc_column][vc_single_image image=&#8220;10305&#8243; img_size=&#8220;full&#8220; alignment=&#8220;center&#8220; css=&#8220;&#8220;][\/vc_column][\/vc_row][vc_row][vc_column width=&#8220;1\/6&#8243;][\/vc_column][vc_column width=&#8220;2\/3&#8243;][vc_column_text css_animation=&#8220;fadeIn&#8220; css=&#8220;&#8220;]<\/p>\n<h1><span style=\"color: #ffd500;\"><strong><span style=\"color: #000000;\">Presse- und \u00d6ffentlichkeitsarbeit<\/span><\/strong><\/span><\/h1>\n<p>[\/vc_column_text][\/vc_column][vc_column width=&#8220;1\/6&#8243;][\/vc_column][\/vc_row][vc_row][vc_column width=&#8220;1\/6&#8243;][\/vc_column][vc_column width=&#8220;2\/3&#8243;][vc_column_text css_animation=&#8220;fadeIn&#8220; css=&#8220;&#8220;]<span data-contrast=\"auto\">Presse- und \u00d6ffentlichkeitsarbeit ist f\u00fcr Unternehmen ein unverzichtbares Instrument, um ihre Reputation zu st\u00e4rken, Beziehungen zu pflegen und langfristig erfolgreich zu sein.<\/span><span data-ccp-props=\"{&quot;201341983&quot;:0,&quot;335559738&quot;:240,&quot;335559739&quot;:240,&quot;335559740&quot;:276}\">\u00a0<\/span><\/p>\n<p><span data-contrast=\"auto\">Public Relations (oder kurz: PR)<\/span>\u00a0<span data-contrast=\"auto\">umfasst alle Ma\u00dfnahmen, die darauf abzielen, ein Unternehmen, eine Organisation oder auch eine Person in der \u00d6ffentlichkeit positiv darzustellen. Dazu geh\u00f6rt der gezielte Aufbau und die Pflege von Beziehungen zu Medienvertreter:innen sowie die Verbreitung von Informationen durch Pressemitteilungen, Interviews, Fachbeitr\u00e4ge oder Events. Das Ziel ist es, das Image zu st\u00e4rken, das Vertrauen der Zielgruppen zu gewinnen und langfristig eine positive Wahrnehmung in der \u00d6ffentlichkeit zu etablieren.<\/span><span data-ccp-props=\"{&quot;201341983&quot;:0,&quot;335559738&quot;:240,&quot;335559739&quot;:240,&quot;335559740&quot;:276}\">\u00a0<\/span>[\/vc_column_text][\/vc_column][vc_column width=&#8220;1\/6&#8243;][\/vc_column][\/vc_row][vc_row][vc_column width=&#8220;1\/6&#8243;][\/vc_column][vc_column width=&#8220;2\/3&#8243;][vc_column_text css_animation=&#8220;fadeIn&#8220; css=&#8220;&#8220;]<\/p>\n<h2><b><span data-contrast=\"auto\">Warum ist Presse- und \u00d6ffentlichkeitsarbeit wichtig?<\/span><\/b><span data-contrast=\"auto\">\u00a0<\/span><span data-ccp-props=\"{&quot;201341983&quot;:0,&quot;335559738&quot;:240,&quot;335559739&quot;:240,&quot;335559740&quot;:276}\">\u00a0<\/span><\/h2>\n<p><span data-contrast=\"auto\">In einer zunehmend vernetzten Welt, in der Informationen in Sekundenschnelle verbreitet werden, ist es entscheidend, wie ein Unternehmen oder eine Marke wahrgenommen wird. Eine gezielte Presse- und \u00d6ffentlichkeitsarbeit erm\u00f6glicht es, die \u00f6ffentliche Meinung zu beeinflussen und das Image aktiv zu gestalten. Sie hilft dabei, Krisen zu bew\u00e4ltigen, Vertrauen aufzubauen und eine starke Markenidentit\u00e4t zu entwickeln. Unternehmen, die in PR investieren, haben die M\u00f6glichkeit, ihre Botschaften effektiv zu kommunizieren und sich vom Wettbewerb abzuheben.<\/span><span data-ccp-props=\"{&quot;201341983&quot;:0,&quot;335559738&quot;:240,&quot;335559739&quot;:240,&quot;335559740&quot;:276}\">\u00a0<\/span>[\/vc_column_text][\/vc_column][vc_column width=&#8220;1\/6&#8243;][\/vc_column][\/vc_row][vc_row][vc_column width=&#8220;1\/6&#8243;][\/vc_column][vc_column width=&#8220;2\/3&#8243;][vc_column_text css_animation=&#8220;fadeIn&#8220; css=&#8220;&#8220;]<\/p>\n<h2><b><span data-contrast=\"auto\">Vorteile von Presse- und \u00d6ffentlichkeitsarbeit f\u00fcr Unternehmen<\/span><\/b><span data-ccp-props=\"{&quot;201341983&quot;:0,&quot;335559738&quot;:240,&quot;335559739&quot;:240,&quot;335559740&quot;:276}\">\u00a0<\/span><\/h2>\n<ol>\n<li data-leveltext=\"%1.\" data-font=\"\" data-listid=\"2\" data-list-defn-props=\"{&quot;335552541&quot;:0,&quot;335559685&quot;:720,&quot;335559991&quot;:360,&quot;469769242&quot;:[65533,0],&quot;469777803&quot;:&quot;left&quot;,&quot;469777804&quot;:&quot;%1.&quot;,&quot;469777815&quot;:&quot;multilevel&quot;}\" aria-setsize=\"-1\" data-aria-posinset=\"1\" data-aria-level=\"1\"><b><span data-contrast=\"auto\">Erh\u00f6hung der Bekanntheit:<\/span><\/b><span data-contrast=\"auto\">\u00a0Durch kontinuierliche Pressearbeit und Medienpr\u00e4senz steigt die Sichtbarkeit eines Unternehmens. Potenzielle Kund:innen und Partner:innen werden auf das Unternehmen aufmerksam, was langfristig zu einer h\u00f6heren Markenbekanntheit f\u00fchrt.<\/span><span data-ccp-props=\"{&quot;201341983&quot;:0,&quot;335559738&quot;:240,&quot;335559739&quot;:240,&quot;335559740&quot;:276}\">\u00a0<\/span><\/li>\n<li data-leveltext=\"%1.\" data-font=\"\" data-listid=\"2\" data-list-defn-props=\"{&quot;335552541&quot;:0,&quot;335559685&quot;:720,&quot;335559991&quot;:360,&quot;469769242&quot;:[65533,0],&quot;469777803&quot;:&quot;left&quot;,&quot;469777804&quot;:&quot;%1.&quot;,&quot;469777815&quot;:&quot;multilevel&quot;}\" aria-setsize=\"-1\" data-aria-posinset=\"1\" data-aria-level=\"1\"><b><span data-contrast=\"auto\">Vertrauensaufbau:<\/span><\/b><span data-contrast=\"auto\">\u00a0PR-Ma\u00dfnahmen wie Pressemitteilungen, Interviews oder Fachbeitr\u00e4ge positionieren das Unternehmen als Experten in der Branche. Dies schafft Vertrauen bei der Zielgruppe und kann die Kundenbindung st\u00e4rken.<\/span><\/li>\n<li data-leveltext=\"%1.\" data-font=\"\" data-listid=\"2\" data-list-defn-props=\"{&quot;335552541&quot;:0,&quot;335559685&quot;:720,&quot;335559991&quot;:360,&quot;469769242&quot;:[65533,0],&quot;469777803&quot;:&quot;left&quot;,&quot;469777804&quot;:&quot;%1.&quot;,&quot;469777815&quot;:&quot;multilevel&quot;}\" aria-setsize=\"-1\" data-aria-posinset=\"1\" data-aria-level=\"1\"><b><span data-contrast=\"auto\">Krisenmanagement:<\/span><\/b><span data-contrast=\"auto\">\u00a0Eine gut vorbereitete \u00d6ffentlichkeitsarbeit kann in Krisensituationen entscheidend sein. Schnelle und transparente Kommunikation hilft, negative Auswirkungen zu minimieren und das Vertrauen der \u00d6ffentlichkeit zu erhalten.<\/span><span data-ccp-props=\"{&quot;201341983&quot;:0,&quot;335559738&quot;:240,&quot;335559739&quot;:240,&quot;335559740&quot;:276}\">\u00a0<\/span><\/li>\n<li data-leveltext=\"%1.\" data-font=\"\" data-listid=\"2\" data-list-defn-props=\"{&quot;335552541&quot;:0,&quot;335559685&quot;:720,&quot;335559991&quot;:360,&quot;469769242&quot;:[65533,0],&quot;469777803&quot;:&quot;left&quot;,&quot;469777804&quot;:&quot;%1.&quot;,&quot;469777815&quot;:&quot;multilevel&quot;}\" aria-setsize=\"-1\" data-aria-posinset=\"1\" data-aria-level=\"1\"><b>Imagepflege:<\/b>\u00a0Durch gezielte PR-Aktivit\u00e4ten k\u00f6nnen Unternehmen ihr Image positiv beeinflussen. Ob es um soziale Verantwortung, Innovation oder Nachhaltigkeit geht \u2013 durch eine klare Kommunikation dieser Werte wird das Unternehmen in der \u00d6ffentlichkeit entsprechend wahrgenommen.<\/li>\n<li data-leveltext=\"%1.\" data-font=\"\" data-listid=\"2\" data-list-defn-props=\"{&quot;335552541&quot;:0,&quot;335559685&quot;:720,&quot;335559991&quot;:360,&quot;469769242&quot;:[65533,0],&quot;469777803&quot;:&quot;left&quot;,&quot;469777804&quot;:&quot;%1.&quot;,&quot;469777815&quot;:&quot;multilevel&quot;}\" aria-setsize=\"-1\" data-aria-posinset=\"1\" data-aria-level=\"1\"><b><span data-contrast=\"auto\">St\u00e4rkung der Marktposition:<\/span><\/b><span data-contrast=\"auto\">\u00a0Eine erfolgreiche Presse- und \u00d6ffentlichkeitsarbeit tr\u00e4gt zur Differenzierung im Markt bei. Unternehmen, die ihre St\u00e4rken und Erfolge geschickt kommunizieren, k\u00f6nnen sich gegen\u00fcber der Konkurrenz behaupten und ihre Marktposition festigen.<\/span><span data-ccp-props=\"{&quot;201341983&quot;:0,&quot;335559738&quot;:240,&quot;335559739&quot;:240,&quot;335559740&quot;:276}\">\u00a0<\/span><\/li>\n<\/ol>\n<p>[\/vc_column_text][\/vc_column][vc_column width=&#8220;1\/6&#8243;][\/vc_column][\/vc_row][vc_row][vc_column width=&#8220;1\/6&#8243;][\/vc_column][vc_column width=&#8220;2\/3&#8243;][vc_column_text css_animation=&#8220;fadeIn&#8220; css=&#8220;&#8220;]<span data-contrast=\"auto\">Als erfahrene Agentur f\u00fcr Presse- und \u00d6ffentlichkeitsarbeit beraten und unterst\u00fctzen wir Sie umfassend in allen Bereichen: ob Online PR oder klassische PR, Krisen PR, Organisation und Begleitung von Pressekonferenzen oder Medienkooperationen. Gerne \u00fcbernehmen wir auch die Medienbeobachtung und erstellen regelm\u00e4\u00dfige Reportings f\u00fcr Sie, damit Sie stets \u00fcber die Ergebnisse Ihrer Medienarbeit und die Berichterstattung \u00fcber Ihr Unternehmen informiert sind.\u00a0<\/span>[\/vc_column_text][\/vc_column][vc_column width=&#8220;1\/6&#8243;][\/vc_column][\/vc_row][vc_row][vc_column width=&#8220;1\/6&#8243;][\/vc_column][vc_column width=&#8220;2\/3&#8243;][vc_column_text css_animation=&#8220;fadeIn&#8220; css=&#8220;&#8220;]H\u00e4ufige Fragen zu [Service] beantworten wir in unseren <a href=\"https:\/\/blog.smart-pr.de\/faqs#hs_cos_wrapper_module_1757000607144\">[FAQs]<\/a>[\/vc_column_text][\/vc_column][vc_column width=&#8220;1\/6&#8243;][\/vc_column][\/vc_row][vc_row][vc_column][vc_column_text css_animation=&#8220;fadeIn&#8220; css=&#8220;&#8220;]<\/p>\n<h2 style=\"text-align: center;\"><strong>Unsere SMART-Leistungen<\/strong><\/h2>\n<p>[\/vc_column_text][\/vc_column][\/vc_row][vc_row css_animation=&#8220;fadeInUp&#8220;][vc_column width=&#8220;1\/5&#8243;][vc_media_grid element_width=&#8220;12&#8243; gap=&#8220;0&#8243; item=&#8220;1122&#8243; css=&#8220;&#8220; initial_loading_animation=&#8220;fadeInLeft&#8220; grid_id=&#8220;vc_gid:1757951382004-550a528e-e888-0&#8243; include=&#8220;5454&#8243;][vc_btn title=&#8220;zu Online PR&#8220; style=&#8220;flat&#8220; color=&#8220;warning&#8220; align=&#8220;center&#8220; css=&#8220;&#8220; link=&#8220;url:%2Fleistungen%2Fpresse-und-oeffentlichkeitsarbeit%2Fonline-pr%2F|title:Online%20PR&#8220;][\/vc_column][vc_column width=&#8220;1\/5&#8243;][vc_media_grid element_width=&#8220;12&#8243; gap=&#8220;0&#8243; item=&#8220;1929&#8243; css=&#8220;&#8220; initial_loading_animation=&#8220;fadeInUp&#8220; grid_id=&#8220;vc_gid:1757951382005-072b0841-b675-4&#8243; include=&#8220;5455&#8243;][vc_btn title=&#8220;zu Krisen PR&#8220; style=&#8220;flat&#8220; color=&#8220;warning&#8220; align=&#8220;center&#8220; css=&#8220;&#8220; link=&#8220;url:%2Fleistungen%2Fpresse-und-oeffentlichkeitsarbeit%2Fkrisen-pr%2F|title:Krisen%20PR&#8220;][\/vc_column][vc_column width=&#8220;1\/5&#8243;][vc_media_grid element_width=&#8220;12&#8243; gap=&#8220;0&#8243; item=&#8220;1127&#8243; css=&#8220;&#8220; initial_loading_animation=&#8220;fadeInUp&#8220; grid_id=&#8220;vc_gid:1757951382006-aea8029c-8ee2-2&#8243; include=&#8220;5456&#8243;][vc_btn title=&#8220;zu Pressekonferenz&#8220; style=&#8220;flat&#8220; color=&#8220;warning&#8220; align=&#8220;center&#8220; css=&#8220;&#8220; link=&#8220;url:%2Fleistungen%2Fpresse-und-oeffentlichkeitsarbeit%2Fpressekonferenz%2F|title:Pressekonferenz&#8220;][\/vc_column][vc_column width=&#8220;1\/5&#8243;][vc_media_grid element_width=&#8220;12&#8243; gap=&#8220;0&#8243; item=&#8220;1128&#8243; css=&#8220;&#8220; initial_loading_animation=&#8220;fadeInRight&#8220; grid_id=&#8220;vc_gid:1757951382006-463bbd49-2905-4&#8243; include=&#8220;5457&#8243;][vc_btn title=&#8220;zu Medienkooperation&#8220; style=&#8220;flat&#8220; color=&#8220;warning&#8220; align=&#8220;center&#8220; css=&#8220;&#8220; link=&#8220;url:%2Fleistungen%2Fpresse-und-oeffentlichkeitsarbeit%2Fmedienkooperation%2F|title:Medienkooperation&#8220;][\/vc_column][vc_column width=&#8220;1\/5&#8243;][vc_media_grid element_width=&#8220;12&#8243; gap=&#8220;0&#8243; item=&#8220;1130&#8243; css=&#8220;&#8220; initial_loading_animation=&#8220;fadeInRight&#8220; grid_id=&#8220;vc_gid:1757951382007-05cea444-7810-7&#8243; include=&#8220;5699&#8243;][vc_btn title=&#8220;zu Medienbeobachtung&#8220; style=&#8220;flat&#8220; color=&#8220;warning&#8220; align=&#8220;center&#8220; css=&#8220;&#8220; link=&#8220;url:https%3A%2F%2Fsmart-pr.de%2Fde%2Fleistungen%2Fpresse-und-oeffentlichkeitsarbeit%2Fmedienbeobachtung%2F|title:Medienbeobachtung&#8220;][\/vc_column][\/vc_row][vc_row full_width=&#8220;stretch_row_content_no_spaces&#8220; equal_height=&#8220;yes&#8220; content_placement=&#8220;middle&#8220; css_animation=&#8220;none&#8220; css=&#8220;.vc_custom_1729608412337{margin-bottom: -25px !important;padding-top: 5% !important;padding-right: 2% !important;padding-bottom: 5% !important;padding-left: 2% !important;background-color: #ffd500 !important;}&#8220;][vc_column css_animation=&#8220;fadeInLeft&#8220; width=&#8220;1\/2&#8243; css=&#8220;.vc_custom_1725436267372{margin-top: 0px !important;margin-bottom: 0px !important;padding-top: 0px !important;padding-bottom: 0px !important;}&#8220;][vc_row_inner][vc_column_inner][vc_column_text css=&#8220;.vc_custom_1725436372396{padding-right: 10% !important;padding-left: 10% !important;}&#8220;]<\/p>\n<h3 style=\"text-align: center;\"><span style=\"color: #000000;\">Unsere Leistungen<\/span><\/h3>\n<p>[\/vc_column_text][\/vc_column_inner][\/vc_row_inner][vc_column_text css=&#8220;.vc_custom_1724246128367{padding-right: 10% !important;padding-left: 10% !important;}&#8220;]<span style=\"color: #000000;\">Wir sind eine PR-Agentur mit kreativen Vor-, Quer- und Durchdenkern in Sachen Kommunikation und glauben daran, dass Qualit\u00e4t den Wert einer Aussage bestimmt und somit Ihre Zielgruppe am besten erreicht \u2013 nicht die Lautst\u00e4rke.\u00a0<\/span>[\/vc_column_text][vc_row_inner][vc_column_inner][vc_icon icon_fontawesome=&#8220;fas fa-phone-alt&#8220; color=&#8220;custom&#8220; background_style=&#8220;rounded-less&#8220; background_color=&#8220;black&#8220; size=&#8220;sm&#8220; align=&#8220;center&#8220; css=&#8220;&#8220; custom_color=&#8220;#ffd500&#8243;][vc_column_text css=&#8220;&#8220;]<\/p>\n<h4 style=\"text-align: center;\">+49 211 2709-0<\/h4>\n<p>[\/vc_column_text][\/vc_column_inner][\/vc_row_inner][\/vc_column][vc_column css_animation=&#8220;fadeInRightBig&#8220; width=&#8220;1\/2&#8243;]\n<div class=\"wpcf7 no-js\" id=\"wpcf7-f11-o1\" lang=\"de-DE\" dir=\"ltr\" data-wpcf7-id=\"11\">\n<div class=\"screen-reader-response\"><p role=\"status\" aria-live=\"polite\" aria-atomic=\"true\"><\/p> <ul><\/ul><\/div>\n<form action=\"\/de\/wp-json\/wp\/v2\/pages\/59#wpcf7-f11-o1\" method=\"post\" class=\"wpcf7-form init\" aria-label=\"Kontaktformular\" novalidate=\"novalidate\" data-status=\"init\">\n<fieldset class=\"hidden-fields-container\"><input type=\"hidden\" name=\"_wpcf7\" value=\"11\" \/><input type=\"hidden\" name=\"_wpcf7_version\" value=\"6.1.1\" \/><input type=\"hidden\" name=\"_wpcf7_locale\" value=\"de_DE\" \/><input type=\"hidden\" name=\"_wpcf7_unit_tag\" value=\"wpcf7-f11-o1\" \/><input type=\"hidden\" name=\"_wpcf7_container_post\" value=\"0\" \/><input type=\"hidden\" name=\"_wpcf7_posted_data_hash\" value=\"\" \/><input type=\"hidden\" name=\"_wpcf7_recaptcha_response\" value=\"\" \/>\n<\/fieldset>\n<p><label> Dein Name*<br \/>\n<span class=\"wpcf7-form-control-wrap\" data-name=\"your-name\"><input size=\"40\" maxlength=\"400\" class=\"wpcf7-form-control wpcf7-text wpcf7-validates-as-required\" autocomplete=\"name\" aria-required=\"true\" aria-invalid=\"false\" value=\"\" type=\"text\" name=\"your-name\" \/><\/span> <\/label>\n<\/p>\n<p><label> Deine E-Mail-Adresse*<br \/>\n<span class=\"wpcf7-form-control-wrap\" data-name=\"your-email\"><input size=\"40\" maxlength=\"400\" class=\"wpcf7-form-control wpcf7-email wpcf7-validates-as-required wpcf7-text wpcf7-validates-as-email\" autocomplete=\"email\" aria-required=\"true\" aria-invalid=\"false\" value=\"\" type=\"email\" name=\"your-email\" \/><\/span> <\/label>\n<\/p>\n<p><label> Betreff*<br \/>\n<span class=\"wpcf7-form-control-wrap\" data-name=\"betreff\"><select class=\"wpcf7-form-control wpcf7-select wpcf7-validates-as-required\" aria-required=\"true\" aria-invalid=\"false\" name=\"betreff\"><option value=\"Unverbindliche Beratung\">Unverbindliche Beratung<\/option><option value=\"Angebot anfordern\">Angebot anfordern<\/option><option value=\"Termin vereinbaren\">Termin vereinbaren<\/option><option value=\"Sonstiges\">Sonstiges<\/option><\/select><\/span> <\/label>\n<\/p>\n<p><label> Deine Nachricht (optional)<br \/>\n<span class=\"wpcf7-form-control-wrap\" data-name=\"your-message\"><textarea cols=\"40\" rows=\"10\" maxlength=\"2000\" class=\"wpcf7-form-control wpcf7-textarea\" aria-invalid=\"false\" name=\"your-message\"><\/textarea><\/span> <\/label>\n<\/p>\n<p><span class=\"wpcf7-form-control-wrap\" data-name=\"acceptance-1\"><span class=\"wpcf7-form-control wpcf7-acceptance\"><span class=\"wpcf7-list-item\"><label><input type=\"checkbox\" name=\"acceptance-1\" value=\"1\" aria-invalid=\"false\" \/><span class=\"wpcf7-list-item-label\">Ich stimme der Verarbeitung meiner Daten gem\u00e4\u00df der <a href=\"https:\/\/www.smart-pr.de\/de\/datenschutz\/\" target=\"_blank\">Datenschutzerkl\u00e4rung<\/a> zu.<\/span><\/label><\/span><\/span><\/span>\n<\/p>\n<p><input class=\"wpcf7-form-control wpcf7-submit has-spinner\" type=\"submit\" value=\"Senden\" \/>\n<\/p><div class=\"wpcf7-response-output\" aria-hidden=\"true\"><\/div>\n<\/form>\n<\/div>\n[\/vc_column][\/vc_row]<\/p>\n<\/div>","protected":false},"excerpt":{"rendered":"[vc_row full_width=\"stretch_row_content_no_spaces\" css=\".vc_custom_1729004586285{margin-top: -30px !important;}\"][vc_column][vc_single_image image=\"10305\" img_size=\"full\" alignment=\"center\" css=\"\"][\/vc_column][\/vc_row][vc_row][vc_column width=\"1\/6\"][\/vc_column][vc_column width=\"2\/3\"][vc_column_text css_animation=\"fadeIn\" css=\"\"] Presse- und<span class=\"excerpt-hellip\"> [\u2026]<\/span>","protected":false},"author":1,"featured_media":0,"parent":28,"menu_order":0,"comment_status":"closed","ping_status":"closed","template":"","meta":{"footnotes":""},"class_list":["post-59","page","type-page","status-publish","hentry"],"yoast_head":"<!-- This site is optimized with the Yoast SEO plugin v25.6 - https:\/\/yoast.com\/wordpress\/plugins\/seo\/ -->\n<title>Presse- &amp; \u00d6ffentlichkeitsarbeit: Erfolgreiche PR-Strategien<\/title>\n<meta name=\"description\" content=\"Professionelle Presse- und \u00d6ffentlichkeitsarbeit von SMART PR. Wir entwickeln ma\u00dfgeschneiderte PR-Strategien f\u00fcr optimale Medienpr\u00e4senz.\" \/>\n<meta name=\"robots\" content=\"index, follow, max-snippet:-1, max-image-preview:large, max-video-preview:-1\" \/>\n<link rel=\"canonical\" href=\"https:\/\/smart-pr.de\/de\/leistungen\/presse-und-oeffentlichkeitsarbeit\/\" \/>\n<meta property=\"og:locale\" content=\"de_DE\" \/>\n<meta property=\"og:type\" content=\"article\" \/>\n<meta property=\"og:title\" content=\"Presse- &amp; \u00d6ffentlichkeitsarbeit: Erfolgreiche PR-Strategien\" \/>\n<meta property=\"og:description\" content=\"Professionelle Presse- und \u00d6ffentlichkeitsarbeit von SMART PR. Wir entwickeln ma\u00dfgeschneiderte PR-Strategien f\u00fcr optimale Medienpr\u00e4senz.\" \/>\n<meta property=\"og:url\" content=\"https:\/\/smart-pr.de\/de\/leistungen\/presse-und-oeffentlichkeitsarbeit\/\" \/>\n<meta property=\"og:site_name\" content=\"SMART PR \/\/ Ihre PR-Agentur in D\u00fcsseldorf\" \/>\n<meta property=\"article:modified_time\" content=\"2025-10-15T15:30:35+00:00\" \/>\n<meta name=\"twitter:card\" content=\"summary_large_image\" \/>\n<meta name=\"twitter:label1\" content=\"Gesch\u00e4tzte Lesezeit\" \/>\n\t<meta name=\"twitter:data1\" content=\"4\u00a0Minuten\" \/>\n<script type=\"application\/ld+json\" class=\"yoast-schema-graph\">{\"@context\":\"https:\/\/schema.org\",\"@graph\":[{\"@type\":\"WebPage\",\"@id\":\"https:\/\/smart-pr.de\/de\/leistungen\/presse-und-oeffentlichkeitsarbeit\/\",\"url\":\"https:\/\/smart-pr.de\/de\/leistungen\/presse-und-oeffentlichkeitsarbeit\/\",\"name\":\"Presse- & \u00d6ffentlichkeitsarbeit: Erfolgreiche PR-Strategien\",\"isPartOf\":{\"@id\":\"https:\/\/smart-pr.de\/de\/#website\"},\"datePublished\":\"2024-07-26T07:10:41+00:00\",\"dateModified\":\"2025-10-15T15:30:35+00:00\",\"description\":\"Professionelle Presse- und \u00d6ffentlichkeitsarbeit von SMART PR. Wir entwickeln ma\u00dfgeschneiderte PR-Strategien f\u00fcr optimale Medienpr\u00e4senz.\",\"breadcrumb\":{\"@id\":\"https:\/\/smart-pr.de\/de\/leistungen\/presse-und-oeffentlichkeitsarbeit\/#breadcrumb\"},\"inLanguage\":\"de\",\"potentialAction\":[{\"@type\":\"ReadAction\",\"target\":[\"https:\/\/smart-pr.de\/de\/leistungen\/presse-und-oeffentlichkeitsarbeit\/\"]}]},{\"@type\":\"BreadcrumbList\",\"@id\":\"https:\/\/smart-pr.de\/de\/leistungen\/presse-und-oeffentlichkeitsarbeit\/#breadcrumb\",\"itemListElement\":[{\"@type\":\"ListItem\",\"position\":1,\"name\":\"Startseite\",\"item\":\"https:\/\/smart-pr.de\/de\/\"},{\"@type\":\"ListItem\",\"position\":2,\"name\":\"Leistungen\",\"item\":\"https:\/\/smart-pr.de\/de\/leistungen\/\"},{\"@type\":\"ListItem\",\"position\":3,\"name\":\"Presse- und \u00d6ffentlich\u00adkeitsarbeit\"}]},{\"@type\":\"WebSite\",\"@id\":\"https:\/\/smart-pr.de\/de\/#website\",\"url\":\"https:\/\/smart-pr.de\/de\/\",\"name\":\"SMART PR \/\/ Ihre PR-Agentur in D\u00fcsseldorf\",\"description\":\"F\u00fcr ganzheitliche Kommunikation\",\"publisher\":{\"@id\":\"https:\/\/smart-pr.de\/de\/#organization\"},\"potentialAction\":[{\"@type\":\"SearchAction\",\"target\":{\"@type\":\"EntryPoint\",\"urlTemplate\":\"https:\/\/smart-pr.de\/de\/?s={search_term_string}\"},\"query-input\":{\"@type\":\"PropertyValueSpecification\",\"valueRequired\":true,\"valueName\":\"search_term_string\"}}],\"inLanguage\":\"de\"},{\"@type\":\"Organization\",\"@id\":\"https:\/\/smart-pr.de\/de\/#organization\",\"name\":\"SMART PR \/\/ Ihre PR-Agentur in D\u00fcsseldorf\",\"url\":\"https:\/\/smart-pr.de\/de\/\",\"logo\":{\"@type\":\"ImageObject\",\"inLanguage\":\"de\",\"@id\":\"https:\/\/smart-pr.de\/de\/#\/schema\/logo\/image\/\",\"url\":\"https:\/\/smart-pr.de\/wp-content\/uploads\/2024\/08\/smart-pr-logo-2.png\",\"contentUrl\":\"https:\/\/smart-pr.de\/wp-content\/uploads\/2024\/08\/smart-pr-logo-2.png\",\"width\":1800,\"height\":282,\"caption\":\"SMART PR \/\/ Ihre PR-Agentur in D\u00fcsseldorf\"},\"image\":{\"@id\":\"https:\/\/smart-pr.de\/de\/#\/schema\/logo\/image\/\"}}]}<\/script>\n<!-- \/ Yoast SEO plugin. -->","yoast_head_json":{"title":"Presse- & \u00d6ffentlichkeitsarbeit: Erfolgreiche PR-Strategien","description":"Professionelle Presse- und \u00d6ffentlichkeitsarbeit von SMART PR. Wir entwickeln ma\u00dfgeschneiderte PR-Strategien f\u00fcr optimale Medienpr\u00e4senz.","robots":{"index":"index","follow":"follow","max-snippet":"max-snippet:-1","max-image-preview":"max-image-preview:large","max-video-preview":"max-video-preview:-1"},"canonical":"https:\/\/smart-pr.de\/de\/leistungen\/presse-und-oeffentlichkeitsarbeit\/","og_locale":"de_DE","og_type":"article","og_title":"Presse- & \u00d6ffentlichkeitsarbeit: Erfolgreiche PR-Strategien","og_description":"Professionelle Presse- und \u00d6ffentlichkeitsarbeit von SMART PR. Wir entwickeln ma\u00dfgeschneiderte PR-Strategien f\u00fcr optimale Medienpr\u00e4senz.","og_url":"https:\/\/smart-pr.de\/de\/leistungen\/presse-und-oeffentlichkeitsarbeit\/","og_site_name":"SMART PR \/\/ Ihre PR-Agentur in D\u00fcsseldorf","article_modified_time":"2025-10-15T15:30:35+00:00","twitter_card":"summary_large_image","twitter_misc":{"Gesch\u00e4tzte Lesezeit":"4\u00a0Minuten"},"schema":{"@context":"https:\/\/schema.org","@graph":[{"@type":"WebPage","@id":"https:\/\/smart-pr.de\/de\/leistungen\/presse-und-oeffentlichkeitsarbeit\/","url":"https:\/\/smart-pr.de\/de\/leistungen\/presse-und-oeffentlichkeitsarbeit\/","name":"Presse- & \u00d6ffentlichkeitsarbeit: Erfolgreiche PR-Strategien","isPartOf":{"@id":"https:\/\/smart-pr.de\/de\/#website"},"datePublished":"2024-07-26T07:10:41+00:00","dateModified":"2025-10-15T15:30:35+00:00","description":"Professionelle Presse- und \u00d6ffentlichkeitsarbeit von SMART PR. Wir entwickeln ma\u00dfgeschneiderte PR-Strategien f\u00fcr optimale Medienpr\u00e4senz.","breadcrumb":{"@id":"https:\/\/smart-pr.de\/de\/leistungen\/presse-und-oeffentlichkeitsarbeit\/#breadcrumb"},"inLanguage":"de","potentialAction":[{"@type":"ReadAction","target":["https:\/\/smart-pr.de\/de\/leistungen\/presse-und-oeffentlichkeitsarbeit\/"]}]},{"@type":"BreadcrumbList","@id":"https:\/\/smart-pr.de\/de\/leistungen\/presse-und-oeffentlichkeitsarbeit\/#breadcrumb","itemListElement":[{"@type":"ListItem","position":1,"name":"Startseite","item":"https:\/\/smart-pr.de\/de\/"},{"@type":"ListItem","position":2,"name":"Leistungen","item":"https:\/\/smart-pr.de\/de\/leistungen\/"},{"@type":"ListItem","position":3,"name":"Presse- und \u00d6ffentlich\u00adkeitsarbeit"}]},{"@type":"WebSite","@id":"https:\/\/smart-pr.de\/de\/#website","url":"https:\/\/smart-pr.de\/de\/","name":"SMART PR \/\/ Ihre PR-Agentur in D\u00fcsseldorf","description":"F\u00fcr ganzheitliche Kommunikation","publisher":{"@id":"https:\/\/smart-pr.de\/de\/#organization"},"potentialAction":[{"@type":"SearchAction","target":{"@type":"EntryPoint","urlTemplate":"https:\/\/smart-pr.de\/de\/?s={search_term_string}"},"query-input":{"@type":"PropertyValueSpecification","valueRequired":true,"valueName":"search_term_string"}}],"inLanguage":"de"},{"@type":"Organization","@id":"https:\/\/smart-pr.de\/de\/#organization","name":"SMART PR \/\/ Ihre PR-Agentur in D\u00fcsseldorf","url":"https:\/\/smart-pr.de\/de\/","logo":{"@type":"ImageObject","inLanguage":"de","@id":"https:\/\/smart-pr.de\/de\/#\/schema\/logo\/image\/","url":"https:\/\/smart-pr.de\/wp-content\/uploads\/2024\/08\/smart-pr-logo-2.png","contentUrl":"https:\/\/smart-pr.de\/wp-content\/uploads\/2024\/08\/smart-pr-logo-2.png","width":1800,"height":282,"caption":"SMART PR \/\/ Ihre PR-Agentur in D\u00fcsseldorf"},"image":{"@id":"https:\/\/smart-pr.de\/de\/#\/schema\/logo\/image\/"}}]}},"_links":{"self":[{"href":"https:\/\/smart-pr.de\/de\/wp-json\/wp\/v2\/pages\/59","targetHints":{"allow":["GET"]}}],"collection":[{"href":"https:\/\/smart-pr.de\/de\/wp-json\/wp\/v2\/pages"}],"about":[{"href":"https:\/\/smart-pr.de\/de\/wp-json\/wp\/v2\/types\/page"}],"author":[{"embeddable":true,"href":"https:\/\/smart-pr.de\/de\/wp-json\/wp\/v2\/users\/1"}],"replies":[{"embeddable":true,"href":"https:\/\/smart-pr.de\/de\/wp-json\/wp\/v2\/comments?post=59"}],"version-history":[{"count":69,"href":"https:\/\/smart-pr.de\/de\/wp-json\/wp\/v2\/pages\/59\/revisions"}],"predecessor-version":[{"id":10884,"href":"https:\/\/smart-pr.de\/de\/wp-json\/wp\/v2\/pages\/59\/revisions\/10884"}],"up":[{"embeddable":true,"href":"https:\/\/smart-pr.de\/de\/wp-json\/wp\/v2\/pages\/28"}],"wp:attachment":[{"href":"https:\/\/smart-pr.de\/de\/wp-json\/wp\/v2\/media?parent=59"}],"curies":[{"name":"wp","href":"https:\/\/api.w.org\/{rel}","templated":true}]}}