{"id":4345,"date":"2024-10-14T10:19:00","date_gmt":"2024-10-14T10:19:00","guid":{"rendered":"https:\/\/messe.smart-pr.de\/?page_id=4345"},"modified":"2025-02-20T10:26:34","modified_gmt":"2025-02-20T10:26:34","slug":"workshop-storytelling","status":"publish","type":"page","link":"https:\/\/smart-pr.de\/de\/workshop-storytelling\/","title":{"rendered":"Workshop Storytelling"},"content":{"rendered":"<div class=\"wpb-content-wrapper\"><p>[vc_row full_width=&#8220;stretch_row_content_no_spaces&#8220; css=&#8220;.vc_custom_1730128689706{margin-top: -30px !important;}&#8220;][vc_column][vc_single_image image=&#8220;4346&#8243; img_size=&#8220;full&#8220; alignment=&#8220;center&#8220; css=&#8220;&#8220;][\/vc_column][\/vc_row][vc_row][vc_column width=&#8220;1\/6&#8243;][\/vc_column][vc_column width=&#8220;2\/3&#8243;][vc_column_text css=&#8220;&#8220;]<\/p>\n<div class=\"title thumbnail\">\n<div class=\"wrapper-h\">\n<h1 style=\"text-align: left;\"><strong>Workshop Storytelling<\/strong><\/h1>\n<\/div>\n<\/div>\n<div class=\"content single-page\">\n<div class=\"wrapper-h\">\n<div class=\"content-clear\" style=\"text-align: center;\"><\/div>\n<\/div>\n<\/div>\n<p>[\/vc_column_text][\/vc_column][vc_column width=&#8220;1\/6&#8243;][\/vc_column][\/vc_row][vc_row][vc_column width=&#8220;1\/6&#8243;][\/vc_column][vc_column width=&#8220;2\/3&#8243;][vc_column_text css=&#8220;&#8220;]Sie m\u00f6chten f\u00fcr Ihr Unternehmen ein modernes und \u00fcberzeugendes Storytelling wie Coca-Cola und Co erarbeiten? Sie wissen noch nicht, wie Sie dies f\u00fcr Ihr B2B oder B2C Unternehmen angehen sollen und ob Sie \u00fcberhaupt etwas zu erz\u00e4hlen haben?<\/p>\n<h2 class=\"wp-block-heading\"><strong>Ist der Storytelling-Workshop das Richtige f\u00fcr Sie?<\/strong><\/h2>\n<p>Gerade im B2B-Bereich steht jedes Produkt im Wettbewerb und es ist umso wichtiger, mit einer \u00fcberzeugenden Geschichte unverwechselbar f\u00fcr die Kunden zu werden. Zudem braucht es neben der (oft sowieso vorausgesetzten) Qualit\u00e4t auch emotionale Faktoren, um f\u00fcr Kunden und Interessenten sympathisch und vertrauensw\u00fcrdig zu sein. Unser Workshop zeigt Ihnen, was sich hinter erfolgreichem Storytelling verbirgt und wie man ein Storytelling f\u00fcr das eigene Unternehmen aufsetzt. Wir begleiten Sie und helfen Ihnen bei jedem Schritt![\/vc_column_text][\/vc_column][vc_column width=&#8220;1\/6&#8243;][\/vc_column][\/vc_row][vc_row][vc_column width=&#8220;1\/6&#8243;][\/vc_column][vc_column width=&#8220;2\/3&#8243;][vc_single_image image=&#8220;6442&#8243; img_size=&#8220;full&#8220; css=&#8220;&#8220;][\/vc_column][vc_column width=&#8220;1\/6&#8243;][\/vc_column][\/vc_row][vc_row][vc_column width=&#8220;1\/6&#8243;][\/vc_column][vc_column width=&#8220;2\/3&#8243;][vc_column_text css=&#8220;&#8220;]<\/p>\n<h2 class=\"wp-block-heading\"><strong>Was lehrt der Storytelling-Workshop?<\/strong><\/h2>\n<p>Der Workshop vermittelt theoretisches und praktisches Wissen dar\u00fcber, wie man Brand Storys anhand relevanter Schritte erarbeitet. Outcomes werden unter anderem der Purpose der Marke, die Trigger der Zielgruppe(n), Kernbotschaften, Positionierung sowie die Basis f\u00fcr die \u00fcbergeordnete Markengeschichte sein. Dar\u00fcber hinaus erfahren die Teilnehmenden, wie man durch die erarbeiteten Geschichten (z.B. auch f\u00fcr Postings, Blogartikel, News etc.) einen roten Faden zieht und wie leicht viele Ideen f\u00fcr Postings usw. entstehen.<\/p>\n<h2 class=\"wp-block-heading\"><strong>Inhalte und Ziele<\/strong><\/h2>\n<ol class=\"wp-block-list\" type=\"1\">\n<li>Theoretischer Hintergrund Storytelling:\u00a0Grundlage, warum Storys nachweislich viel besser im Ged\u00e4chtnis bleiben und deshalb wirkungsvoller sind als nackte Fakten. Zudem gehen wir kurz darauf ein, wie unser Gehirn Geschichten verarbeitet und welche Art von Geschichten am besten verarbeitet wird.<\/li>\n<li>Erarbeitung des Markenkerns:\u00a0Zum Markenkern geh\u00f6ren Vision, Mission, Werte (inkl. Definition), Markenversprechen und Purpose. Er bildet das interne Fundament jeder Marke und ist somit der Ausgangspunkt f\u00fcr interne und externe Kommunikation.<\/li>\n<li>Hintergrund-\/Markengeschichte:\u00a0Mit den Fragen \u201eWo warst du?\u201c, \u201eWo bist du jetzt?\u201c und \u201eWohin willst du?\u201c schaffen wir das solide Fundament f\u00fcr die Brand Story.<\/li>\n<li>Zielgruppe(n) mit Fokus auf W\u00fcnsche und Bed\u00fcrfnisse sowie Probleme und Frustrationen:\u00a0Denn speziell diese Informationen bilden die Basis f\u00fcr die emotionale Ansprache (potenzieller) Kund:innen. Menschen kaufen Produkte und Dienstleistungen, um Probleme zu l\u00f6sen oder ein Bed\u00fcrfnis zu befriedigen. Mit einer Liste aus Problemen und Bed\u00fcrfnissen der verschiedenen Zielgruppen haben wir im weiteren Verlauf die Grundlage f\u00fcr Storys.<\/li>\n<li>Unterscheidung vom Wettbewerb: Wie unterscheidet sich die Marke vom Wettbewerb und was macht sie einzigartig im Markt?\u00a0Auf Basis der Hauptunterscheidungsmerkmale entwickeln wir gemeinsam im n\u00e4chsten Schritt Kernbotschaft der Marke, Unique Value Proposition sowie das Positionierungsstatement. Hier gehen wir auch auf die H\u00fcrden ein, die die Marke im Markt zu bew\u00e4ltigen hat.<\/li>\n<li>Positionierung und UVP:\u00a0Hier werden neben der einzigartigen Position im Markt die Kernbotschaften und auf deren Basis die Unique Value Proposition erarbeitet. Diese dienen im weiteren Verlauf f\u00fcr die Kommunikation nach au\u00dfen, die durch stete Wiederholung in den K\u00f6pfen der Zielgruppe(n) bleibt.<\/li>\n<li>Mentor: Erarbeitung der Markenpers\u00f6nlichkeit.\u00a0Wie tickt die Marke und \u2013 vor allem \u2013 wie will sie von den Kund:innen wahrgenommen werden? Hier definieren wir den Archetypen und positionieren die Marke als empathischen Mentor, der ihre Probleme l\u00f6sen und ihre Bed\u00fcrfnisse befriedigen kann.<\/li>\n<li>Customer Journey:\u00a0Anhand von drei Schritten ermitteln wir in der Customer Journey die Touchpoints mit den verschiedenen Zielgruppen.<\/li>\n<li>Redaktionsplan:\u00a0Auf Basis der erarbeiteten Punkte (Werte, Probleme und Bed\u00fcrfnisse etc.) und unter Zuhilfenahme des Reverse Content Engineerings sammeln wir auf die Zielgruppen ausgerichtete Storys f\u00fcr verschiedene Formate entlang der Customer Journey.<\/li>\n<\/ol>\n<h2 class=\"wp-block-heading\"><strong>Wie viel Zeit muss ich in das Anwendertraining investieren?<\/strong><\/h2>\n<p>Idealerweise 2 Tage, bei Bedarf kann das Training aber auch auf eine konzentrierte, weniger Elemente umfassende 1-Tages-Version gek\u00fcrzt werden.<\/p>\n<p>&nbsp;<\/p>\n<h2 class=\"wp-block-heading\"><strong>F\u00fcr wie viele Personen ist der Workshop ausgelegt?<\/strong><\/h2>\n<p>Eine gute Gruppengr\u00f6\u00dfe ist erfahrungsgem\u00e4\u00df eine Anzahl von maximal 10 Personen. Wenn gew\u00fcnscht, kann das Training aber auch in Kleingruppen veranstaltet werden.<\/p>\n<h3 class=\"wp-block-heading\">Nehmen Sie jetzt Kontakt auf:<\/h3>\n<p>Anke Kisters<br \/>\n+49 211 2709-204<br \/>\n<a href=\"mailto:kisters@smart-pr.de\">kisters@smart-pr.de<\/a><br \/>\nTalstra\u00dfe 22-24<br \/>\n40217 D\u00fcsseldorf[\/vc_column_text][\/vc_column][vc_column width=&#8220;1\/6&#8243;][\/vc_column][\/vc_row]<\/p>\n<\/div>","protected":false},"excerpt":{"rendered":"[vc_row full_width=\"stretch_row_content_no_spaces\" css=\".vc_custom_1730128689706{margin-top: -30px !important;}\"][vc_column][vc_single_image image=\"4346\" img_size=\"full\" alignment=\"center\" css=\"\"][\/vc_column][\/vc_row][vc_row][vc_column width=\"1\/6\"][\/vc_column][vc_column width=\"2\/3\"][vc_column_text css=\"\"] Workshop Storytelling [\/vc_column_text][\/vc_column][vc_column<span class=\"excerpt-hellip\"> [\u2026]<\/span>","protected":false},"author":2,"featured_media":4346,"parent":0,"menu_order":0,"comment_status":"closed","ping_status":"closed","template":"","meta":{"footnotes":""},"class_list":["post-4345","page","type-page","status-publish","has-post-thumbnail","hentry"],"yoast_head":"<!-- This site is optimized with the Yoast SEO plugin v25.6 - https:\/\/yoast.com\/wordpress\/plugins\/seo\/ -->\n<title>Workshop: Storytelling f\u00fcr effektive Kommunikation - SMART PR&quot;<\/title>\n<meta name=\"description\" content=\"Teilnehmen Sie an unserem Workshop, um die Kunst des Storytellings zu meistern und Ihre Kommunikationsstrategien zu verbessern.\" \/>\n<meta name=\"robots\" content=\"index, follow, max-snippet:-1, max-image-preview:large, max-video-preview:-1\" \/>\n<link rel=\"canonical\" href=\"https:\/\/smart-pr.de\/de\/workshop-storytelling\/\" \/>\n<meta property=\"og:locale\" content=\"de_DE\" \/>\n<meta property=\"og:type\" content=\"article\" \/>\n<meta property=\"og:title\" content=\"Workshop: Storytelling f\u00fcr effektive Kommunikation - SMART PR&quot;\" \/>\n<meta property=\"og:description\" content=\"Teilnehmen Sie an unserem Workshop, um die Kunst des Storytellings zu meistern und Ihre Kommunikationsstrategien zu verbessern.\" \/>\n<meta property=\"og:url\" content=\"https:\/\/smart-pr.de\/de\/workshop-storytelling\/\" \/>\n<meta property=\"og:site_name\" content=\"SMART PR \/\/ Ihre PR-Agentur in D\u00fcsseldorf\" \/>\n<meta property=\"article:modified_time\" content=\"2025-02-20T10:26:34+00:00\" \/>\n<meta property=\"og:image\" content=\"https:\/\/smart-pr.de\/wp-content\/uploads\/2024\/10\/melanie-deziel-84g0uqyDlT0-unsplash-scaled-1.jpg\" \/>\n\t<meta property=\"og:image:width\" content=\"2560\" \/>\n\t<meta property=\"og:image:height\" content=\"1665\" \/>\n\t<meta property=\"og:image:type\" content=\"image\/jpeg\" \/>\n<meta name=\"twitter:card\" content=\"summary_large_image\" \/>\n<meta name=\"twitter:label1\" content=\"Gesch\u00e4tzte Lesezeit\" \/>\n\t<meta name=\"twitter:data1\" content=\"5\u00a0Minuten\" \/>\n<script type=\"application\/ld+json\" class=\"yoast-schema-graph\">{\"@context\":\"https:\/\/schema.org\",\"@graph\":[{\"@type\":\"WebPage\",\"@id\":\"https:\/\/smart-pr.de\/de\/workshop-storytelling\/\",\"url\":\"https:\/\/smart-pr.de\/de\/workshop-storytelling\/\",\"name\":\"Workshop: Storytelling f\u00fcr effektive Kommunikation - SMART PR\\\"\",\"isPartOf\":{\"@id\":\"https:\/\/smart-pr.de\/de\/#website\"},\"primaryImageOfPage\":{\"@id\":\"https:\/\/smart-pr.de\/de\/workshop-storytelling\/#primaryimage\"},\"image\":{\"@id\":\"https:\/\/smart-pr.de\/de\/workshop-storytelling\/#primaryimage\"},\"thumbnailUrl\":\"https:\/\/smart-pr.de\/wp-content\/uploads\/2024\/10\/melanie-deziel-84g0uqyDlT0-unsplash-scaled-1.jpg\",\"datePublished\":\"2024-10-14T10:19:00+00:00\",\"dateModified\":\"2025-02-20T10:26:34+00:00\",\"description\":\"Teilnehmen Sie an unserem Workshop, um die Kunst des Storytellings zu meistern und Ihre Kommunikationsstrategien zu verbessern.\",\"breadcrumb\":{\"@id\":\"https:\/\/smart-pr.de\/de\/workshop-storytelling\/#breadcrumb\"},\"inLanguage\":\"de\",\"potentialAction\":[{\"@type\":\"ReadAction\",\"target\":[\"https:\/\/smart-pr.de\/de\/workshop-storytelling\/\"]}]},{\"@type\":\"ImageObject\",\"inLanguage\":\"de\",\"@id\":\"https:\/\/smart-pr.de\/de\/workshop-storytelling\/#primaryimage\",\"url\":\"https:\/\/smart-pr.de\/wp-content\/uploads\/2024\/10\/melanie-deziel-84g0uqyDlT0-unsplash-scaled-1.jpg\",\"contentUrl\":\"https:\/\/smart-pr.de\/wp-content\/uploads\/2024\/10\/melanie-deziel-84g0uqyDlT0-unsplash-scaled-1.jpg\",\"width\":2560,\"height\":1665,\"caption\":\"melanie-deziel-84g0uqyDlT0-unsplash-scaled\"},{\"@type\":\"BreadcrumbList\",\"@id\":\"https:\/\/smart-pr.de\/de\/workshop-storytelling\/#breadcrumb\",\"itemListElement\":[{\"@type\":\"ListItem\",\"position\":1,\"name\":\"Startseite\",\"item\":\"https:\/\/smart-pr.de\/de\/\"},{\"@type\":\"ListItem\",\"position\":2,\"name\":\"Workshop Storytelling\"}]},{\"@type\":\"WebSite\",\"@id\":\"https:\/\/smart-pr.de\/de\/#website\",\"url\":\"https:\/\/smart-pr.de\/de\/\",\"name\":\"SMART PR \/\/ Ihre PR-Agentur in D\u00fcsseldorf\",\"description\":\"F\u00fcr ganzheitliche Kommunikation\",\"publisher\":{\"@id\":\"https:\/\/smart-pr.de\/de\/#organization\"},\"potentialAction\":[{\"@type\":\"SearchAction\",\"target\":{\"@type\":\"EntryPoint\",\"urlTemplate\":\"https:\/\/smart-pr.de\/de\/?s={search_term_string}\"},\"query-input\":{\"@type\":\"PropertyValueSpecification\",\"valueRequired\":true,\"valueName\":\"search_term_string\"}}],\"inLanguage\":\"de\"},{\"@type\":\"Organization\",\"@id\":\"https:\/\/smart-pr.de\/de\/#organization\",\"name\":\"SMART PR \/\/ Ihre PR-Agentur in D\u00fcsseldorf\",\"url\":\"https:\/\/smart-pr.de\/de\/\",\"logo\":{\"@type\":\"ImageObject\",\"inLanguage\":\"de\",\"@id\":\"https:\/\/smart-pr.de\/de\/#\/schema\/logo\/image\/\",\"url\":\"https:\/\/smart-pr.de\/wp-content\/uploads\/2024\/08\/smart-pr-logo-2.png\",\"contentUrl\":\"https:\/\/smart-pr.de\/wp-content\/uploads\/2024\/08\/smart-pr-logo-2.png\",\"width\":1800,\"height\":282,\"caption\":\"SMART PR \/\/ Ihre PR-Agentur in D\u00fcsseldorf\"},\"image\":{\"@id\":\"https:\/\/smart-pr.de\/de\/#\/schema\/logo\/image\/\"}}]}<\/script>\n<!-- \/ Yoast SEO plugin. -->","yoast_head_json":{"title":"Workshop: Storytelling f\u00fcr effektive Kommunikation - SMART PR\"","description":"Teilnehmen Sie an unserem Workshop, um die Kunst des Storytellings zu meistern und Ihre Kommunikationsstrategien zu verbessern.","robots":{"index":"index","follow":"follow","max-snippet":"max-snippet:-1","max-image-preview":"max-image-preview:large","max-video-preview":"max-video-preview:-1"},"canonical":"https:\/\/smart-pr.de\/de\/workshop-storytelling\/","og_locale":"de_DE","og_type":"article","og_title":"Workshop: Storytelling f\u00fcr effektive Kommunikation - SMART PR\"","og_description":"Teilnehmen Sie an unserem Workshop, um die Kunst des Storytellings zu meistern und Ihre Kommunikationsstrategien zu verbessern.","og_url":"https:\/\/smart-pr.de\/de\/workshop-storytelling\/","og_site_name":"SMART PR \/\/ Ihre PR-Agentur in D\u00fcsseldorf","article_modified_time":"2025-02-20T10:26:34+00:00","og_image":[{"width":2560,"height":1665,"url":"https:\/\/smart-pr.de\/wp-content\/uploads\/2024\/10\/melanie-deziel-84g0uqyDlT0-unsplash-scaled-1.jpg","type":"image\/jpeg"}],"twitter_card":"summary_large_image","twitter_misc":{"Gesch\u00e4tzte Lesezeit":"5\u00a0Minuten"},"schema":{"@context":"https:\/\/schema.org","@graph":[{"@type":"WebPage","@id":"https:\/\/smart-pr.de\/de\/workshop-storytelling\/","url":"https:\/\/smart-pr.de\/de\/workshop-storytelling\/","name":"Workshop: Storytelling f\u00fcr effektive Kommunikation - SMART PR\"","isPartOf":{"@id":"https:\/\/smart-pr.de\/de\/#website"},"primaryImageOfPage":{"@id":"https:\/\/smart-pr.de\/de\/workshop-storytelling\/#primaryimage"},"image":{"@id":"https:\/\/smart-pr.de\/de\/workshop-storytelling\/#primaryimage"},"thumbnailUrl":"https:\/\/smart-pr.de\/wp-content\/uploads\/2024\/10\/melanie-deziel-84g0uqyDlT0-unsplash-scaled-1.jpg","datePublished":"2024-10-14T10:19:00+00:00","dateModified":"2025-02-20T10:26:34+00:00","description":"Teilnehmen Sie an unserem Workshop, um die Kunst des Storytellings zu meistern und Ihre Kommunikationsstrategien zu verbessern.","breadcrumb":{"@id":"https:\/\/smart-pr.de\/de\/workshop-storytelling\/#breadcrumb"},"inLanguage":"de","potentialAction":[{"@type":"ReadAction","target":["https:\/\/smart-pr.de\/de\/workshop-storytelling\/"]}]},{"@type":"ImageObject","inLanguage":"de","@id":"https:\/\/smart-pr.de\/de\/workshop-storytelling\/#primaryimage","url":"https:\/\/smart-pr.de\/wp-content\/uploads\/2024\/10\/melanie-deziel-84g0uqyDlT0-unsplash-scaled-1.jpg","contentUrl":"https:\/\/smart-pr.de\/wp-content\/uploads\/2024\/10\/melanie-deziel-84g0uqyDlT0-unsplash-scaled-1.jpg","width":2560,"height":1665,"caption":"melanie-deziel-84g0uqyDlT0-unsplash-scaled"},{"@type":"BreadcrumbList","@id":"https:\/\/smart-pr.de\/de\/workshop-storytelling\/#breadcrumb","itemListElement":[{"@type":"ListItem","position":1,"name":"Startseite","item":"https:\/\/smart-pr.de\/de\/"},{"@type":"ListItem","position":2,"name":"Workshop Storytelling"}]},{"@type":"WebSite","@id":"https:\/\/smart-pr.de\/de\/#website","url":"https:\/\/smart-pr.de\/de\/","name":"SMART PR \/\/ Ihre PR-Agentur in D\u00fcsseldorf","description":"F\u00fcr ganzheitliche Kommunikation","publisher":{"@id":"https:\/\/smart-pr.de\/de\/#organization"},"potentialAction":[{"@type":"SearchAction","target":{"@type":"EntryPoint","urlTemplate":"https:\/\/smart-pr.de\/de\/?s={search_term_string}"},"query-input":{"@type":"PropertyValueSpecification","valueRequired":true,"valueName":"search_term_string"}}],"inLanguage":"de"},{"@type":"Organization","@id":"https:\/\/smart-pr.de\/de\/#organization","name":"SMART PR \/\/ Ihre PR-Agentur in D\u00fcsseldorf","url":"https:\/\/smart-pr.de\/de\/","logo":{"@type":"ImageObject","inLanguage":"de","@id":"https:\/\/smart-pr.de\/de\/#\/schema\/logo\/image\/","url":"https:\/\/smart-pr.de\/wp-content\/uploads\/2024\/08\/smart-pr-logo-2.png","contentUrl":"https:\/\/smart-pr.de\/wp-content\/uploads\/2024\/08\/smart-pr-logo-2.png","width":1800,"height":282,"caption":"SMART PR \/\/ Ihre PR-Agentur in D\u00fcsseldorf"},"image":{"@id":"https:\/\/smart-pr.de\/de\/#\/schema\/logo\/image\/"}}]}},"_links":{"self":[{"href":"https:\/\/smart-pr.de\/de\/wp-json\/wp\/v2\/pages\/4345","targetHints":{"allow":["GET"]}}],"collection":[{"href":"https:\/\/smart-pr.de\/de\/wp-json\/wp\/v2\/pages"}],"about":[{"href":"https:\/\/smart-pr.de\/de\/wp-json\/wp\/v2\/types\/page"}],"author":[{"embeddable":true,"href":"https:\/\/smart-pr.de\/de\/wp-json\/wp\/v2\/users\/2"}],"replies":[{"embeddable":true,"href":"https:\/\/smart-pr.de\/de\/wp-json\/wp\/v2\/comments?post=4345"}],"version-history":[{"count":6,"href":"https:\/\/smart-pr.de\/de\/wp-json\/wp\/v2\/pages\/4345\/revisions"}],"predecessor-version":[{"id":7902,"href":"https:\/\/smart-pr.de\/de\/wp-json\/wp\/v2\/pages\/4345\/revisions\/7902"}],"wp:featuredmedia":[{"embeddable":true,"href":"https:\/\/smart-pr.de\/de\/wp-json\/wp\/v2\/media\/4346"}],"wp:attachment":[{"href":"https:\/\/smart-pr.de\/de\/wp-json\/wp\/v2\/media?parent=4345"}],"curies":[{"name":"wp","href":"https:\/\/api.w.org\/{rel}","templated":true}]}}