{"id":4342,"date":"2024-10-14T10:14:25","date_gmt":"2024-10-14T10:14:25","guid":{"rendered":"https:\/\/messe.smart-pr.de\/?page_id=4342"},"modified":"2025-02-20T10:28:03","modified_gmt":"2025-02-20T10:28:03","slug":"digitale-transformation-begleitung-des-change","status":"publish","type":"page","link":"https:\/\/smart-pr.de\/de\/digitale-transformation-begleitung-des-change\/","title":{"rendered":"Digitale Transformation \u2013 Begleitung des Change"},"content":{"rendered":"<div class=\"wpb-content-wrapper\"><p>[vc_row full_width=&#8220;stretch_row_content_no_spaces&#8220; css=&#8220;.vc_custom_1730128625156{margin-top: -30px !important;}&#8220;][vc_column][vc_single_image image=&#8220;4343&#8243; img_size=&#8220;full&#8220; alignment=&#8220;center&#8220; css=&#8220;&#8220;][\/vc_column][\/vc_row][vc_row][vc_column width=&#8220;1\/6&#8243;][\/vc_column][vc_column width=&#8220;2\/3&#8243;][vc_column_text css=&#8220;&#8220;]<\/p>\n<div class=\"title thumbnail\">\n<div class=\"wrapper-h\">\n<h1 style=\"text-align: left;\"><strong>Digitale Transformation \u2013 Begleitung des Change<\/strong><\/h1>\n<\/div>\n<\/div>\n<div class=\"content single-page\">\n<div class=\"wrapper-h\">\n<div class=\"content-clear\" style=\"text-align: left;\"><\/div>\n<\/div>\n<\/div>\n<p>[\/vc_column_text][\/vc_column][vc_column width=&#8220;1\/6&#8243;][\/vc_column][\/vc_row][vc_row][vc_column width=&#8220;1\/6&#8243;][\/vc_column][vc_column width=&#8220;2\/3&#8243;][vc_column_text css=&#8220;&#8220;]<\/p>\n<div class=\"title thumbnail\">\n<div class=\"wrapper-h\">\n<p>Schlagworte wie Big Data, KI und Corporate Influencer zeigen: Der digitale Wandel ist in vollem Gange. Technische Innovationen ver\u00e4ndern die Art, wie wir uns informieren und wie wir kommunizieren. W\u00e4hrend sich manche Unternehmen diese Entwicklung bereits zu eigen machen und erfolgreich nutzen, stecken andere Unternehmen noch mitten im Digitalisierungsprozess oder stehen kurz vor Ver\u00e4nderungsprozessen.<\/p>\n<p>Wie l\u00e4sst sich Kommunikation durch agiles Arbeiten verbessern, welche Auswirkungen hat dies auf Unternehmen und welche Strukturen und Kompetenzen m\u00fcssen geschaffen und gelebt werden?<\/p>\n<p>Digitalisierung wird in den F\u00fchrungsetagen unterschiedlich ausgelegt. Den komplexen Prozess, der sich in allen Abteilungen von Verwaltung, IT und Produktion bis hin zum Kundenservice ausweitet, betrachten viele mit Respekt. Die Scheu vor dem Start und die Skepsis gegen\u00fcber den Vorteilen der bevorstehen Digitalisierung sind nur zwei der H\u00fcrden, die ein Unternehmen in diesem Prozess \u00fcberwinden muss.<\/p>\n<h2 class=\"wp-block-heading\"><strong>Ist dieser Workshop das Richtige f\u00fcr Sie?<\/strong><\/h2>\n<p>Sie sind F\u00fchrungskraft oder Entscheider im Unternehmen? Sie haben den Auftrag, Ihre Unternehmenskommunikation und -kan\u00e4le fit zu machen f\u00fcr eine zeitgem\u00e4\u00dfe, zukunftsorientierte Ansprache in Zeiten von VUCA?<\/p>\n<h2 class=\"wp-block-heading\"><strong>Was lehrt der Workshop?<\/strong><\/h2>\n<p>Das Training wird individuell von unseren Trainern auf den Bedarf Ihres Unternehmens ausgerichtet. Folgende Inhalte k\u00f6nnen z. B. behandelt werden:<\/p>\n<ul class=\"wp-block-list\">\n<li>Design Thinking und agiles Projektmanagement mit Grundz\u00fcgen des SCRUMs \u2013 angewendet auf Gesch\u00e4ftsprozesse<\/li>\n<li>Big Data (Rahmenbedingungen, technische Voraussetzungen, Vorteile und Konsequenzen f\u00fcr Sales, Marketing und Kundenservice): Dies k\u00f6nnte auch in Verbindung mit einem IT Berater umgesetzt werden, weil wir dann auch Sourcing und Produktion ber\u00fchren k\u00f6nnten.<\/li>\n<li>Aktuelle technologische Trends (heute und in Zukunft): Chatbots, KI, Cloud, VR+AR etc.<\/li>\n<\/ul>\n<h2 class=\"wp-block-heading\"><strong>Wie viel Zeit muss ich investieren?<\/strong><\/h2>\n<p>Idealerweise ist ein Tag \u00e0 8 Stunden inkl. Pause daf\u00fcr veranschlagt. Bei Bedarf kann das Training aber auch auf ein konzentriertes Halbtagestraining gek\u00fcrzt oder auf ein ausf\u00fchrliches Zweitages-Seminar ausgeweitet werden.<\/p>\n<h2 class=\"wp-block-heading\"><strong>F\u00fcr wie viele Personen ist der Workshop ausgelegt?<\/strong><\/h2>\n<p>Eine gute Gruppengr\u00f6\u00dfe ist erfahrungsgem\u00e4\u00df eine Anzahl von maximal 10 Personen. Wenn gew\u00fcnscht, kann das Training aber auch in Kleingruppen oder im gro\u00dfen Rahmen veranstaltet werden.<\/p>\n<h3 class=\"wp-block-heading\">Nehmen Sie jetzt Kontakt auf:<\/h3>\n<p>Anke Kisters<br \/>\n+49 211 2709-204<br \/>\n<a href=\"mailto:kisters@smart-pr.de\">kisters@smart-pr.de<\/a><br \/>\nTalstra\u00dfe 22-24<br \/>\n40217 D\u00fcsseldorf<\/p>\n<\/div>\n<\/div>\n<p>[\/vc_column_text][\/vc_column][vc_column width=&#8220;1\/6&#8243;][\/vc_column][\/vc_row]<\/p>\n<\/div>","protected":false},"excerpt":{"rendered":"[vc_row full_width=\"stretch_row_content_no_spaces\" css=\".vc_custom_1730128625156{margin-top: -30px !important;}\"][vc_column][vc_single_image image=\"4343\" img_size=\"full\" alignment=\"center\" css=\"\"][\/vc_column][\/vc_row][vc_row][vc_column width=\"1\/6\"][\/vc_column][vc_column width=\"2\/3\"][vc_column_text css=\"\"] Digitale Transformation \u2013<span class=\"excerpt-hellip\"> [\u2026]<\/span>","protected":false},"author":2,"featured_media":4343,"parent":0,"menu_order":0,"comment_status":"closed","ping_status":"closed","template":"","meta":{"footnotes":""},"class_list":["post-4342","page","type-page","status-publish","has-post-thumbnail","hentry"],"yoast_head":"<!-- This site is optimized with the Yoast SEO plugin v25.6 - https:\/\/yoast.com\/wordpress\/plugins\/seo\/ -->\n<title>Digitale Transformation: Begleitung des Change - SMART PR<\/title>\n<meta name=\"description\" content=\"Erfahren Sie, wie wir Sie bei der digitalen Transformation unterst\u00fctzen und den Change-Prozess erfolgreich gestalten.\" \/>\n<meta name=\"robots\" content=\"index, follow, max-snippet:-1, max-image-preview:large, max-video-preview:-1\" \/>\n<link rel=\"canonical\" href=\"https:\/\/smart-pr.de\/de\/digitale-transformation-begleitung-des-change\/\" \/>\n<meta property=\"og:locale\" content=\"de_DE\" \/>\n<meta property=\"og:type\" content=\"article\" \/>\n<meta property=\"og:title\" content=\"Digitale Transformation: Begleitung des Change - SMART PR\" \/>\n<meta property=\"og:description\" content=\"Erfahren Sie, wie wir Sie bei der digitalen Transformation unterst\u00fctzen und den Change-Prozess erfolgreich gestalten.\" \/>\n<meta property=\"og:url\" content=\"https:\/\/smart-pr.de\/de\/digitale-transformation-begleitung-des-change\/\" \/>\n<meta property=\"og:site_name\" content=\"SMART PR \/\/ Ihre PR-Agentur in D\u00fcsseldorf\" \/>\n<meta property=\"article:modified_time\" content=\"2025-02-20T10:28:03+00:00\" \/>\n<meta property=\"og:image\" content=\"https:\/\/smart-pr.de\/wp-content\/uploads\/2024\/10\/8.png\" \/>\n\t<meta property=\"og:image:width\" content=\"1920\" \/>\n\t<meta property=\"og:image:height\" content=\"768\" \/>\n\t<meta property=\"og:image:type\" content=\"image\/png\" \/>\n<meta name=\"twitter:card\" content=\"summary_large_image\" \/>\n<meta name=\"twitter:label1\" content=\"Gesch\u00e4tzte Lesezeit\" \/>\n\t<meta name=\"twitter:data1\" content=\"3\u00a0Minuten\" \/>\n<script type=\"application\/ld+json\" class=\"yoast-schema-graph\">{\"@context\":\"https:\/\/schema.org\",\"@graph\":[{\"@type\":\"WebPage\",\"@id\":\"https:\/\/smart-pr.de\/de\/digitale-transformation-begleitung-des-change\/\",\"url\":\"https:\/\/smart-pr.de\/de\/digitale-transformation-begleitung-des-change\/\",\"name\":\"Digitale Transformation: Begleitung des Change - SMART PR\",\"isPartOf\":{\"@id\":\"https:\/\/smart-pr.de\/de\/#website\"},\"primaryImageOfPage\":{\"@id\":\"https:\/\/smart-pr.de\/de\/digitale-transformation-begleitung-des-change\/#primaryimage\"},\"image\":{\"@id\":\"https:\/\/smart-pr.de\/de\/digitale-transformation-begleitung-des-change\/#primaryimage\"},\"thumbnailUrl\":\"https:\/\/smart-pr.de\/wp-content\/uploads\/2024\/10\/8.png\",\"datePublished\":\"2024-10-14T10:14:25+00:00\",\"dateModified\":\"2025-02-20T10:28:03+00:00\",\"description\":\"Erfahren Sie, wie wir Sie bei der digitalen Transformation unterst\u00fctzen und den Change-Prozess erfolgreich gestalten.\",\"breadcrumb\":{\"@id\":\"https:\/\/smart-pr.de\/de\/digitale-transformation-begleitung-des-change\/#breadcrumb\"},\"inLanguage\":\"de\",\"potentialAction\":[{\"@type\":\"ReadAction\",\"target\":[\"https:\/\/smart-pr.de\/de\/digitale-transformation-begleitung-des-change\/\"]}]},{\"@type\":\"ImageObject\",\"inLanguage\":\"de\",\"@id\":\"https:\/\/smart-pr.de\/de\/digitale-transformation-begleitung-des-change\/#primaryimage\",\"url\":\"https:\/\/smart-pr.de\/wp-content\/uploads\/2024\/10\/8.png\",\"contentUrl\":\"https:\/\/smart-pr.de\/wp-content\/uploads\/2024\/10\/8.png\",\"width\":1920,\"height\":768,\"caption\":\"Digitale Transformation \u2013 Begleitung des Change\"},{\"@type\":\"BreadcrumbList\",\"@id\":\"https:\/\/smart-pr.de\/de\/digitale-transformation-begleitung-des-change\/#breadcrumb\",\"itemListElement\":[{\"@type\":\"ListItem\",\"position\":1,\"name\":\"Startseite\",\"item\":\"https:\/\/smart-pr.de\/de\/\"},{\"@type\":\"ListItem\",\"position\":2,\"name\":\"Digitale Transformation \u2013 Begleitung des Change\"}]},{\"@type\":\"WebSite\",\"@id\":\"https:\/\/smart-pr.de\/de\/#website\",\"url\":\"https:\/\/smart-pr.de\/de\/\",\"name\":\"SMART PR \/\/ Ihre PR-Agentur in D\u00fcsseldorf\",\"description\":\"F\u00fcr ganzheitliche Kommunikation\",\"publisher\":{\"@id\":\"https:\/\/smart-pr.de\/de\/#organization\"},\"potentialAction\":[{\"@type\":\"SearchAction\",\"target\":{\"@type\":\"EntryPoint\",\"urlTemplate\":\"https:\/\/smart-pr.de\/de\/?s={search_term_string}\"},\"query-input\":{\"@type\":\"PropertyValueSpecification\",\"valueRequired\":true,\"valueName\":\"search_term_string\"}}],\"inLanguage\":\"de\"},{\"@type\":\"Organization\",\"@id\":\"https:\/\/smart-pr.de\/de\/#organization\",\"name\":\"SMART PR \/\/ Ihre PR-Agentur in D\u00fcsseldorf\",\"url\":\"https:\/\/smart-pr.de\/de\/\",\"logo\":{\"@type\":\"ImageObject\",\"inLanguage\":\"de\",\"@id\":\"https:\/\/smart-pr.de\/de\/#\/schema\/logo\/image\/\",\"url\":\"https:\/\/smart-pr.de\/wp-content\/uploads\/2024\/08\/smart-pr-logo-2.png\",\"contentUrl\":\"https:\/\/smart-pr.de\/wp-content\/uploads\/2024\/08\/smart-pr-logo-2.png\",\"width\":1800,\"height\":282,\"caption\":\"SMART PR \/\/ Ihre PR-Agentur in D\u00fcsseldorf\"},\"image\":{\"@id\":\"https:\/\/smart-pr.de\/de\/#\/schema\/logo\/image\/\"}}]}<\/script>\n<!-- \/ Yoast SEO plugin. -->","yoast_head_json":{"title":"Digitale Transformation: Begleitung des Change - SMART PR","description":"Erfahren Sie, wie wir Sie bei der digitalen Transformation unterst\u00fctzen und den Change-Prozess erfolgreich gestalten.","robots":{"index":"index","follow":"follow","max-snippet":"max-snippet:-1","max-image-preview":"max-image-preview:large","max-video-preview":"max-video-preview:-1"},"canonical":"https:\/\/smart-pr.de\/de\/digitale-transformation-begleitung-des-change\/","og_locale":"de_DE","og_type":"article","og_title":"Digitale Transformation: Begleitung des Change - SMART PR","og_description":"Erfahren Sie, wie wir Sie bei der digitalen Transformation unterst\u00fctzen und den Change-Prozess erfolgreich gestalten.","og_url":"https:\/\/smart-pr.de\/de\/digitale-transformation-begleitung-des-change\/","og_site_name":"SMART PR \/\/ Ihre PR-Agentur in D\u00fcsseldorf","article_modified_time":"2025-02-20T10:28:03+00:00","og_image":[{"width":1920,"height":768,"url":"https:\/\/smart-pr.de\/wp-content\/uploads\/2024\/10\/8.png","type":"image\/png"}],"twitter_card":"summary_large_image","twitter_misc":{"Gesch\u00e4tzte Lesezeit":"3\u00a0Minuten"},"schema":{"@context":"https:\/\/schema.org","@graph":[{"@type":"WebPage","@id":"https:\/\/smart-pr.de\/de\/digitale-transformation-begleitung-des-change\/","url":"https:\/\/smart-pr.de\/de\/digitale-transformation-begleitung-des-change\/","name":"Digitale Transformation: Begleitung des Change - SMART PR","isPartOf":{"@id":"https:\/\/smart-pr.de\/de\/#website"},"primaryImageOfPage":{"@id":"https:\/\/smart-pr.de\/de\/digitale-transformation-begleitung-des-change\/#primaryimage"},"image":{"@id":"https:\/\/smart-pr.de\/de\/digitale-transformation-begleitung-des-change\/#primaryimage"},"thumbnailUrl":"https:\/\/smart-pr.de\/wp-content\/uploads\/2024\/10\/8.png","datePublished":"2024-10-14T10:14:25+00:00","dateModified":"2025-02-20T10:28:03+00:00","description":"Erfahren Sie, wie wir Sie bei der digitalen Transformation unterst\u00fctzen und den Change-Prozess erfolgreich gestalten.","breadcrumb":{"@id":"https:\/\/smart-pr.de\/de\/digitale-transformation-begleitung-des-change\/#breadcrumb"},"inLanguage":"de","potentialAction":[{"@type":"ReadAction","target":["https:\/\/smart-pr.de\/de\/digitale-transformation-begleitung-des-change\/"]}]},{"@type":"ImageObject","inLanguage":"de","@id":"https:\/\/smart-pr.de\/de\/digitale-transformation-begleitung-des-change\/#primaryimage","url":"https:\/\/smart-pr.de\/wp-content\/uploads\/2024\/10\/8.png","contentUrl":"https:\/\/smart-pr.de\/wp-content\/uploads\/2024\/10\/8.png","width":1920,"height":768,"caption":"Digitale Transformation \u2013 Begleitung des Change"},{"@type":"BreadcrumbList","@id":"https:\/\/smart-pr.de\/de\/digitale-transformation-begleitung-des-change\/#breadcrumb","itemListElement":[{"@type":"ListItem","position":1,"name":"Startseite","item":"https:\/\/smart-pr.de\/de\/"},{"@type":"ListItem","position":2,"name":"Digitale Transformation \u2013 Begleitung des Change"}]},{"@type":"WebSite","@id":"https:\/\/smart-pr.de\/de\/#website","url":"https:\/\/smart-pr.de\/de\/","name":"SMART PR \/\/ Ihre PR-Agentur in D\u00fcsseldorf","description":"F\u00fcr ganzheitliche Kommunikation","publisher":{"@id":"https:\/\/smart-pr.de\/de\/#organization"},"potentialAction":[{"@type":"SearchAction","target":{"@type":"EntryPoint","urlTemplate":"https:\/\/smart-pr.de\/de\/?s={search_term_string}"},"query-input":{"@type":"PropertyValueSpecification","valueRequired":true,"valueName":"search_term_string"}}],"inLanguage":"de"},{"@type":"Organization","@id":"https:\/\/smart-pr.de\/de\/#organization","name":"SMART PR \/\/ Ihre PR-Agentur in D\u00fcsseldorf","url":"https:\/\/smart-pr.de\/de\/","logo":{"@type":"ImageObject","inLanguage":"de","@id":"https:\/\/smart-pr.de\/de\/#\/schema\/logo\/image\/","url":"https:\/\/smart-pr.de\/wp-content\/uploads\/2024\/08\/smart-pr-logo-2.png","contentUrl":"https:\/\/smart-pr.de\/wp-content\/uploads\/2024\/08\/smart-pr-logo-2.png","width":1800,"height":282,"caption":"SMART PR \/\/ Ihre PR-Agentur in D\u00fcsseldorf"},"image":{"@id":"https:\/\/smart-pr.de\/de\/#\/schema\/logo\/image\/"}}]}},"_links":{"self":[{"href":"https:\/\/smart-pr.de\/de\/wp-json\/wp\/v2\/pages\/4342","targetHints":{"allow":["GET"]}}],"collection":[{"href":"https:\/\/smart-pr.de\/de\/wp-json\/wp\/v2\/pages"}],"about":[{"href":"https:\/\/smart-pr.de\/de\/wp-json\/wp\/v2\/types\/page"}],"author":[{"embeddable":true,"href":"https:\/\/smart-pr.de\/de\/wp-json\/wp\/v2\/users\/2"}],"replies":[{"embeddable":true,"href":"https:\/\/smart-pr.de\/de\/wp-json\/wp\/v2\/comments?post=4342"}],"version-history":[{"count":3,"href":"https:\/\/smart-pr.de\/de\/wp-json\/wp\/v2\/pages\/4342\/revisions"}],"predecessor-version":[{"id":5649,"href":"https:\/\/smart-pr.de\/de\/wp-json\/wp\/v2\/pages\/4342\/revisions\/5649"}],"wp:featuredmedia":[{"embeddable":true,"href":"https:\/\/smart-pr.de\/de\/wp-json\/wp\/v2\/media\/4343"}],"wp:attachment":[{"href":"https:\/\/smart-pr.de\/de\/wp-json\/wp\/v2\/media?parent=4342"}],"curies":[{"name":"wp","href":"https:\/\/api.w.org\/{rel}","templated":true}]}}