{"id":4338,"date":"2024-10-14T10:09:59","date_gmt":"2024-10-14T10:09:59","guid":{"rendered":"https:\/\/messe.smart-pr.de\/?page_id=4338"},"modified":"2025-02-20T10:33:26","modified_gmt":"2025-02-20T10:33:26","slug":"hands-on-training-content-erstellung-mit-snack-content","status":"publish","type":"page","link":"https:\/\/smart-pr.de\/de\/hands-on-training-content-erstellung-mit-snack-content\/","title":{"rendered":"Hands-on-Training \u201eContent Erstellung mit Snack Content\u201c"},"content":{"rendered":"<div class=\"wpb-content-wrapper\"><p>[vc_row full_width=&#8220;stretch_row_content_no_spaces&#8220; css=&#8220;.vc_custom_1730128556028{margin-top: -30px !important;}&#8220;][vc_column][vc_single_image image=&#8220;4339&#8243; img_size=&#8220;full&#8220; alignment=&#8220;center&#8220; css=&#8220;&#8220;][\/vc_column][\/vc_row][vc_row][vc_column width=&#8220;1\/6&#8243;][\/vc_column][vc_column width=&#8220;2\/3&#8243;][vc_column_text css=&#8220;&#8220;]<\/p>\n<div class=\"title thumbnail\">\n<div class=\"wrapper-h\">\n<h1 style=\"text-align: left;\"><strong>Hands-on-Training \u201eContent Erstellung mit Snack Content\u201c<\/strong><\/h1>\n<\/div>\n<\/div>\n<div class=\"content single-page\">\n<div class=\"wrapper-h\">\n<div class=\"content-clear\" style=\"text-align: center;\"><\/div>\n<\/div>\n<\/div>\n<p>[\/vc_column_text][\/vc_column][vc_column width=&#8220;1\/6&#8243;][\/vc_column][\/vc_row][vc_row][vc_column width=&#8220;1\/6&#8243;][\/vc_column][vc_column width=&#8220;2\/3&#8243;][vc_column_text css=&#8220;&#8220;]Die sozialen Medien bieten immer mehr Bildmaterial und die Aufmerksamkeitsspanne der User verringert sich. Was packt in dieser Zeit noch erfolgreich die Aufmerksamkeit? Unsere Antwort: Bewegtbild! Es muss aber nicht immer das aufw\u00e4ndig produzierte, mehrere Minuten lange Imagevideo sein! Kurze, schnell und\u00a0<a href=\"https:\/\/smart-pr.de\/de\/news\/blog\/snack-content-die-ultimative-thumb-stopping-power\/\">einfach produzierte Snack Content Videos<\/a>\u00a0sind das Mittel zum Erfolg! Wir erkl\u00e4ren Ihnen,\u00a0<a href=\"https:\/\/smart-pr.de\/de\/news\/blog\/ihre-pr-agentur-in-duesseldorf-erklaert-snack-content\/\">was Snack Content ist<\/a>, wie Sie\u00a0<a href=\"https:\/\/smart-pr.de\/de\/news\/blog\/snack-content-diese-formate-muessen-sie-dafuer-kennen\/\">diesen produzieren<\/a> k\u00f6nnen und wo die besten Einsatzgebiete sind.[\/vc_column_text][\/vc_column][vc_column width=&#8220;1\/6&#8243;][\/vc_column][\/vc_row][vc_row][vc_column width=&#8220;1\/6&#8243;][\/vc_column][vc_column width=&#8220;2\/3&#8243;][vc_single_image image=&#8220;6447&#8243; img_size=&#8220;full&#8220; css=&#8220;&#8220;][vc_column_text css=&#8220;&#8220;]Bild von\u00a0<a href=\"https:\/\/pixabay.com\/de\/users\/nastya_gepp-3773230\/?utm_source=link-attribution&amp;utm_medium=referral&amp;utm_campaign=image&amp;utm_content=1848478\">Anastasia Gepp<\/a>\u00a0auf\u00a0<a href=\"https:\/\/pixabay.com\/de\/?utm_source=link-attribution&amp;utm_medium=referral&amp;utm_campaign=image&amp;utm_content=1848478\">Pixabay<\/a>[\/vc_column_text][\/vc_column][vc_column width=&#8220;1\/6&#8243;][\/vc_column][\/vc_row][vc_row][vc_column width=&#8220;1\/6&#8243;][\/vc_column][vc_column width=&#8220;2\/3&#8243;][vc_column_text css=&#8220;&#8220;]<\/p>\n<h2 class=\"wp-block-heading\"><strong>Ist dieser Workshop das Richtige f\u00fcr Sie?<\/strong><\/h2>\n<p>Sie suchen nach neuen M\u00f6glichkeiten der Content Produktion, haben aber kein riesiges Medienbudget daf\u00fcr \u00fcbrig? Sie m\u00f6chten frische, kurzweilige Videos in Ihr Storytelling einbauen? Wir zeigen Ihnen ganz praxisnah, wie das funktioniert.<\/p>\n<h2 class=\"wp-block-heading\"><strong>Was lehrt der Snack Content Workshop?<\/strong><\/h2>\n<p>Der Workshop legt den Fokus auf:<\/p>\n<ul class=\"wp-block-list\">\n<li>Grundlagen: Was ist Snack Content und warum braucht man ihn \u00fcberhaupt?<\/li>\n<li>Produktion: Wie produziere ich Snack Content? Welches Equipment brauche ich? Wie bearbeite ich die Videos?<\/li>\n<li>Praxis: Wir erstellen gemeinsam einige Beispiele, so dass die Anwendung im Alltag noch leichter von der Hand geht<\/li>\n<\/ul>\n<h2 class=\"wp-block-heading\"><strong>Wie viel Zeit muss ich in das Hands-on-Training investieren?<\/strong><\/h2>\n<p>Idealerweise 3 Stunden, bei Bedarf kann das Training aber auch auf eine konzentrierte 1,5-Stunden-Version gek\u00fcrzt oder auf ein ausf\u00fchrliches Halbtagestraining ausgeweitet werden.<\/p>\n<h2 class=\"wp-block-heading\"><strong>F\u00fcr wie viele Personen ist der Workshop ausgelegt?<\/strong><\/h2>\n<p>Eine gute Gruppengr\u00f6\u00dfe ist erfahrungsgem\u00e4\u00df eine Anzahl von maximal 10 Personen. Wenn gew\u00fcnscht, kann das Training aber auch in Kleingruppen oder im gro\u00dfen Rahmen veranstaltet werden.<\/p>\n<h3 class=\"wp-block-heading\">Nehmen Sie jetzt Kontakt auf:<\/h3>\n<p>Anke Kisters<br \/>\n+49 211 2709-204<br \/>\n<a href=\"mailto:kisters@smart-pr.de\">kisters@smart-pr.de<\/a><br \/>\nTalstra\u00dfe 22-24<br \/>\n40217 D\u00fcsseldorf<\/p>\n<div class=\"wp-block-image\"><\/div>\n<p>[\/vc_column_text][\/vc_column][vc_column width=&#8220;1\/6&#8243;][\/vc_column][\/vc_row]<\/p>\n<\/div>","protected":false},"excerpt":{"rendered":"[vc_row full_width=\"stretch_row_content_no_spaces\" css=\".vc_custom_1730128556028{margin-top: -30px !important;}\"][vc_column][vc_single_image image=\"4339\" img_size=\"full\" alignment=\"center\" css=\"\"][\/vc_column][\/vc_row][vc_row][vc_column width=\"1\/6\"][\/vc_column][vc_column width=\"2\/3\"][vc_column_text css=\"\"] Hands-on-Training \u201eContent Erstellung<span class=\"excerpt-hellip\"> [\u2026]<\/span>","protected":false},"author":2,"featured_media":4339,"parent":0,"menu_order":0,"comment_status":"closed","ping_status":"closed","template":"","meta":{"footnotes":""},"class_list":["post-4338","page","type-page","status-publish","has-post-thumbnail","hentry"],"yoast_head":"<!-- This site is optimized with the Yoast SEO plugin v25.6 - https:\/\/yoast.com\/wordpress\/plugins\/seo\/ -->\n<title>Hands-on Training: Snack Content Erstellung<\/title>\n<meta name=\"description\" content=\"Erlernen Sie die Kunst der Snack-Content-Erstellung in unserem praktischen Training. Maximieren Sie Ihre Inhalte f\u00fcr mehr Engagement!\" \/>\n<meta name=\"robots\" content=\"index, follow, max-snippet:-1, max-image-preview:large, max-video-preview:-1\" \/>\n<link rel=\"canonical\" href=\"https:\/\/smart-pr.de\/de\/hands-on-training-content-erstellung-mit-snack-content\/\" \/>\n<meta property=\"og:locale\" content=\"de_DE\" \/>\n<meta property=\"og:type\" content=\"article\" \/>\n<meta property=\"og:title\" content=\"Hands-on Training: Snack Content Erstellung\" \/>\n<meta property=\"og:description\" content=\"Erlernen Sie die Kunst der Snack-Content-Erstellung in unserem praktischen Training. Maximieren Sie Ihre Inhalte f\u00fcr mehr Engagement!\" \/>\n<meta property=\"og:url\" content=\"https:\/\/smart-pr.de\/de\/hands-on-training-content-erstellung-mit-snack-content\/\" \/>\n<meta property=\"og:site_name\" content=\"SMART PR \/\/ Ihre PR-Agentur in D\u00fcsseldorf\" \/>\n<meta property=\"article:modified_time\" content=\"2025-02-20T10:33:26+00:00\" \/>\n<meta property=\"og:image\" content=\"https:\/\/smart-pr.de\/wp-content\/uploads\/2024\/10\/7.png\" \/>\n\t<meta property=\"og:image:width\" content=\"1920\" \/>\n\t<meta property=\"og:image:height\" content=\"768\" \/>\n\t<meta property=\"og:image:type\" content=\"image\/png\" \/>\n<meta name=\"twitter:card\" content=\"summary_large_image\" \/>\n<meta name=\"twitter:label1\" content=\"Gesch\u00e4tzte Lesezeit\" \/>\n\t<meta name=\"twitter:data1\" content=\"3\u00a0Minuten\" \/>\n<script type=\"application\/ld+json\" class=\"yoast-schema-graph\">{\"@context\":\"https:\/\/schema.org\",\"@graph\":[{\"@type\":\"WebPage\",\"@id\":\"https:\/\/smart-pr.de\/de\/hands-on-training-content-erstellung-mit-snack-content\/\",\"url\":\"https:\/\/smart-pr.de\/de\/hands-on-training-content-erstellung-mit-snack-content\/\",\"name\":\"Hands-on Training: Snack Content Erstellung\",\"isPartOf\":{\"@id\":\"https:\/\/smart-pr.de\/de\/#website\"},\"primaryImageOfPage\":{\"@id\":\"https:\/\/smart-pr.de\/de\/hands-on-training-content-erstellung-mit-snack-content\/#primaryimage\"},\"image\":{\"@id\":\"https:\/\/smart-pr.de\/de\/hands-on-training-content-erstellung-mit-snack-content\/#primaryimage\"},\"thumbnailUrl\":\"https:\/\/smart-pr.de\/wp-content\/uploads\/2024\/10\/7.png\",\"datePublished\":\"2024-10-14T10:09:59+00:00\",\"dateModified\":\"2025-02-20T10:33:26+00:00\",\"description\":\"Erlernen Sie die Kunst der Snack-Content-Erstellung in unserem praktischen Training. Maximieren Sie Ihre Inhalte f\u00fcr mehr Engagement!\",\"breadcrumb\":{\"@id\":\"https:\/\/smart-pr.de\/de\/hands-on-training-content-erstellung-mit-snack-content\/#breadcrumb\"},\"inLanguage\":\"de\",\"potentialAction\":[{\"@type\":\"ReadAction\",\"target\":[\"https:\/\/smart-pr.de\/de\/hands-on-training-content-erstellung-mit-snack-content\/\"]}]},{\"@type\":\"ImageObject\",\"inLanguage\":\"de\",\"@id\":\"https:\/\/smart-pr.de\/de\/hands-on-training-content-erstellung-mit-snack-content\/#primaryimage\",\"url\":\"https:\/\/smart-pr.de\/wp-content\/uploads\/2024\/10\/7.png\",\"contentUrl\":\"https:\/\/smart-pr.de\/wp-content\/uploads\/2024\/10\/7.png\",\"width\":1920,\"height\":768,\"caption\":\"Hands-on-Training \u201eContent Erstellung mit Snack Content\u201c\"},{\"@type\":\"BreadcrumbList\",\"@id\":\"https:\/\/smart-pr.de\/de\/hands-on-training-content-erstellung-mit-snack-content\/#breadcrumb\",\"itemListElement\":[{\"@type\":\"ListItem\",\"position\":1,\"name\":\"Startseite\",\"item\":\"https:\/\/smart-pr.de\/de\/\"},{\"@type\":\"ListItem\",\"position\":2,\"name\":\"Hands-on-Training \u201eContent Erstellung mit Snack Content\u201c\"}]},{\"@type\":\"WebSite\",\"@id\":\"https:\/\/smart-pr.de\/de\/#website\",\"url\":\"https:\/\/smart-pr.de\/de\/\",\"name\":\"SMART PR \/\/ Ihre PR-Agentur in D\u00fcsseldorf\",\"description\":\"F\u00fcr ganzheitliche Kommunikation\",\"publisher\":{\"@id\":\"https:\/\/smart-pr.de\/de\/#organization\"},\"potentialAction\":[{\"@type\":\"SearchAction\",\"target\":{\"@type\":\"EntryPoint\",\"urlTemplate\":\"https:\/\/smart-pr.de\/de\/?s={search_term_string}\"},\"query-input\":{\"@type\":\"PropertyValueSpecification\",\"valueRequired\":true,\"valueName\":\"search_term_string\"}}],\"inLanguage\":\"de\"},{\"@type\":\"Organization\",\"@id\":\"https:\/\/smart-pr.de\/de\/#organization\",\"name\":\"SMART PR \/\/ Ihre PR-Agentur in D\u00fcsseldorf\",\"url\":\"https:\/\/smart-pr.de\/de\/\",\"logo\":{\"@type\":\"ImageObject\",\"inLanguage\":\"de\",\"@id\":\"https:\/\/smart-pr.de\/de\/#\/schema\/logo\/image\/\",\"url\":\"https:\/\/smart-pr.de\/wp-content\/uploads\/2024\/08\/smart-pr-logo-2.png\",\"contentUrl\":\"https:\/\/smart-pr.de\/wp-content\/uploads\/2024\/08\/smart-pr-logo-2.png\",\"width\":1800,\"height\":282,\"caption\":\"SMART PR \/\/ Ihre PR-Agentur in D\u00fcsseldorf\"},\"image\":{\"@id\":\"https:\/\/smart-pr.de\/de\/#\/schema\/logo\/image\/\"}}]}<\/script>\n<!-- \/ Yoast SEO plugin. -->","yoast_head_json":{"title":"Hands-on Training: Snack Content Erstellung","description":"Erlernen Sie die Kunst der Snack-Content-Erstellung in unserem praktischen Training. Maximieren Sie Ihre Inhalte f\u00fcr mehr Engagement!","robots":{"index":"index","follow":"follow","max-snippet":"max-snippet:-1","max-image-preview":"max-image-preview:large","max-video-preview":"max-video-preview:-1"},"canonical":"https:\/\/smart-pr.de\/de\/hands-on-training-content-erstellung-mit-snack-content\/","og_locale":"de_DE","og_type":"article","og_title":"Hands-on Training: Snack Content Erstellung","og_description":"Erlernen Sie die Kunst der Snack-Content-Erstellung in unserem praktischen Training. Maximieren Sie Ihre Inhalte f\u00fcr mehr Engagement!","og_url":"https:\/\/smart-pr.de\/de\/hands-on-training-content-erstellung-mit-snack-content\/","og_site_name":"SMART PR \/\/ Ihre PR-Agentur in D\u00fcsseldorf","article_modified_time":"2025-02-20T10:33:26+00:00","og_image":[{"width":1920,"height":768,"url":"https:\/\/smart-pr.de\/wp-content\/uploads\/2024\/10\/7.png","type":"image\/png"}],"twitter_card":"summary_large_image","twitter_misc":{"Gesch\u00e4tzte Lesezeit":"3\u00a0Minuten"},"schema":{"@context":"https:\/\/schema.org","@graph":[{"@type":"WebPage","@id":"https:\/\/smart-pr.de\/de\/hands-on-training-content-erstellung-mit-snack-content\/","url":"https:\/\/smart-pr.de\/de\/hands-on-training-content-erstellung-mit-snack-content\/","name":"Hands-on Training: Snack Content Erstellung","isPartOf":{"@id":"https:\/\/smart-pr.de\/de\/#website"},"primaryImageOfPage":{"@id":"https:\/\/smart-pr.de\/de\/hands-on-training-content-erstellung-mit-snack-content\/#primaryimage"},"image":{"@id":"https:\/\/smart-pr.de\/de\/hands-on-training-content-erstellung-mit-snack-content\/#primaryimage"},"thumbnailUrl":"https:\/\/smart-pr.de\/wp-content\/uploads\/2024\/10\/7.png","datePublished":"2024-10-14T10:09:59+00:00","dateModified":"2025-02-20T10:33:26+00:00","description":"Erlernen Sie die Kunst der Snack-Content-Erstellung in unserem praktischen Training. Maximieren Sie Ihre Inhalte f\u00fcr mehr Engagement!","breadcrumb":{"@id":"https:\/\/smart-pr.de\/de\/hands-on-training-content-erstellung-mit-snack-content\/#breadcrumb"},"inLanguage":"de","potentialAction":[{"@type":"ReadAction","target":["https:\/\/smart-pr.de\/de\/hands-on-training-content-erstellung-mit-snack-content\/"]}]},{"@type":"ImageObject","inLanguage":"de","@id":"https:\/\/smart-pr.de\/de\/hands-on-training-content-erstellung-mit-snack-content\/#primaryimage","url":"https:\/\/smart-pr.de\/wp-content\/uploads\/2024\/10\/7.png","contentUrl":"https:\/\/smart-pr.de\/wp-content\/uploads\/2024\/10\/7.png","width":1920,"height":768,"caption":"Hands-on-Training \u201eContent Erstellung mit Snack Content\u201c"},{"@type":"BreadcrumbList","@id":"https:\/\/smart-pr.de\/de\/hands-on-training-content-erstellung-mit-snack-content\/#breadcrumb","itemListElement":[{"@type":"ListItem","position":1,"name":"Startseite","item":"https:\/\/smart-pr.de\/de\/"},{"@type":"ListItem","position":2,"name":"Hands-on-Training \u201eContent Erstellung mit Snack Content\u201c"}]},{"@type":"WebSite","@id":"https:\/\/smart-pr.de\/de\/#website","url":"https:\/\/smart-pr.de\/de\/","name":"SMART PR \/\/ Ihre PR-Agentur in D\u00fcsseldorf","description":"F\u00fcr ganzheitliche Kommunikation","publisher":{"@id":"https:\/\/smart-pr.de\/de\/#organization"},"potentialAction":[{"@type":"SearchAction","target":{"@type":"EntryPoint","urlTemplate":"https:\/\/smart-pr.de\/de\/?s={search_term_string}"},"query-input":{"@type":"PropertyValueSpecification","valueRequired":true,"valueName":"search_term_string"}}],"inLanguage":"de"},{"@type":"Organization","@id":"https:\/\/smart-pr.de\/de\/#organization","name":"SMART PR \/\/ Ihre PR-Agentur in D\u00fcsseldorf","url":"https:\/\/smart-pr.de\/de\/","logo":{"@type":"ImageObject","inLanguage":"de","@id":"https:\/\/smart-pr.de\/de\/#\/schema\/logo\/image\/","url":"https:\/\/smart-pr.de\/wp-content\/uploads\/2024\/08\/smart-pr-logo-2.png","contentUrl":"https:\/\/smart-pr.de\/wp-content\/uploads\/2024\/08\/smart-pr-logo-2.png","width":1800,"height":282,"caption":"SMART PR \/\/ Ihre PR-Agentur in D\u00fcsseldorf"},"image":{"@id":"https:\/\/smart-pr.de\/de\/#\/schema\/logo\/image\/"}}]}},"_links":{"self":[{"href":"https:\/\/smart-pr.de\/de\/wp-json\/wp\/v2\/pages\/4338","targetHints":{"allow":["GET"]}}],"collection":[{"href":"https:\/\/smart-pr.de\/de\/wp-json\/wp\/v2\/pages"}],"about":[{"href":"https:\/\/smart-pr.de\/de\/wp-json\/wp\/v2\/types\/page"}],"author":[{"embeddable":true,"href":"https:\/\/smart-pr.de\/de\/wp-json\/wp\/v2\/users\/2"}],"replies":[{"embeddable":true,"href":"https:\/\/smart-pr.de\/de\/wp-json\/wp\/v2\/comments?post=4338"}],"version-history":[{"count":11,"href":"https:\/\/smart-pr.de\/de\/wp-json\/wp\/v2\/pages\/4338\/revisions"}],"predecessor-version":[{"id":9459,"href":"https:\/\/smart-pr.de\/de\/wp-json\/wp\/v2\/pages\/4338\/revisions\/9459"}],"wp:featuredmedia":[{"embeddable":true,"href":"https:\/\/smart-pr.de\/de\/wp-json\/wp\/v2\/media\/4339"}],"wp:attachment":[{"href":"https:\/\/smart-pr.de\/de\/wp-json\/wp\/v2\/media?parent=4338"}],"curies":[{"name":"wp","href":"https:\/\/api.w.org\/{rel}","templated":true}]}}