{"id":4335,"date":"2024-10-14T10:04:56","date_gmt":"2024-10-14T10:04:56","guid":{"rendered":"https:\/\/messe.smart-pr.de\/?page_id=4335"},"modified":"2025-02-20T10:32:49","modified_gmt":"2025-02-20T10:32:49","slug":"anwendertraining-facebook-der-gigant-smart-pr","status":"publish","type":"page","link":"https:\/\/smart-pr.de\/de\/anwendertraining-facebook-der-gigant-smart-pr\/","title":{"rendered":"Anwendertraining \u201eFacebook \u2013 der Gigant\u201c | SMART\/PR"},"content":{"rendered":"<div class=\"wpb-content-wrapper\"><p>[vc_row full_width=&#8220;stretch_row_content_no_spaces&#8220;][vc_column][vc_single_image image=&#8220;4336&#8243; img_size=&#8220;full&#8220; alignment=&#8220;center&#8220; css=&#8220;&#8220;][\/vc_column][\/vc_row][vc_row][vc_column width=&#8220;1\/6&#8243;][\/vc_column][vc_column width=&#8220;2\/3&#8243;][vc_column_text css=&#8220;&#8220;]<\/p>\n<div class=\"title thumbnail\">\n<div class=\"wrapper-h\">\n<h1><strong>Anwendertraining \u201eFacebook \u2013 der Gigant\u201c<\/strong><\/h1>\n<\/div>\n<\/div>\n<div class=\"content single-page\">\n<div class=\"wrapper-h\">\n<div class=\"content-clear\" style=\"text-align: center;\"><\/div>\n<\/div>\n<\/div>\n<p>[\/vc_column_text][\/vc_column][vc_column width=&#8220;1\/6&#8243;][\/vc_column][\/vc_row][vc_row][vc_column width=&#8220;1\/6&#8243;][\/vc_column][vc_column width=&#8220;2\/3&#8243;][vc_column_text css=&#8220;&#8220;]<\/p>\n<div class=\"title thumbnail\">\n<div class=\"wrapper-h\">\n<p>Sie haben den Social Media Giganten noch nicht bezwungen? Sie wissen einfach nicht so recht, warum Ihr Facebook Kanal nicht funktioniert?<\/p>\n<p>Facebook ist unver\u00e4ndert das gr\u00f6\u00dfte der Social Media-Netzwerke. Obgleich nach den\u00a0<a href=\"https:\/\/smart-pr.de\/de\/news\/blog\/social-media-netzwerke-nutzungs-und-entwicklungstrends-fuer-2020\/\">aktuellen Zahlen<\/a>\u00a0die Nutzer immer \u00e4lter werden, bietet das Netzwerk die besten Chancen, eine gro\u00dfe Masse an potenziellen Interessenten zu erreichen. Dass hierf\u00fcr die richtige, zielbringende\u00a0<a href=\"https:\/\/smart-pr.de\/de\/content-strategie\/\">Strategie<\/a>\u00a0nicht fehlen darf, versteht sich von selbst.<\/p>\n<\/div>\n<\/div>\n<p>[\/vc_column_text][\/vc_column][vc_column width=&#8220;1\/6&#8243;][\/vc_column][\/vc_row][vc_row][vc_column width=&#8220;1\/6&#8243;][\/vc_column][vc_column width=&#8220;2\/3&#8243;][vc_single_image image=&#8220;6457&#8243; img_size=&#8220;full&#8220; css=&#8220;&#8220;][\/vc_column][vc_column width=&#8220;1\/6&#8243;][\/vc_column][\/vc_row][vc_row][vc_column width=&#8220;1\/6&#8243;][\/vc_column][vc_column width=&#8220;2\/3&#8243;][vc_column_text css=&#8220;&#8220;]Foto von Tobias Dziuba (Pexels)[\/vc_column_text][\/vc_column][vc_column width=&#8220;1\/6&#8243;][\/vc_column][\/vc_row][vc_row][vc_column width=&#8220;1\/6&#8243;][\/vc_column][vc_column width=&#8220;2\/3&#8243;][vc_column_text css=&#8220;&#8220;]<\/p>\n<div class=\"title thumbnail\">\n<div class=\"wrapper-h\">\n<h2 class=\"wp-block-heading\"><strong>Ist der Facebook Workshop das Richtige f\u00fcr Sie?<\/strong><\/h2>\n<p>Sie haben schon eine Facebook Seite, bekommen aber keine Reichweite und gewinnen keine Fans? Sie stehen noch ganz am Anfang und \u00fcberlegen mit Social Media im Allgemeinen und Facebook im Speziellen zu starten? Wir begleiten Sie und helfen Ihnen bei jedem Schritt!<\/p>\n<h2 class=\"wp-block-heading\"><strong>Was lehrt der Facebook Workshop?<\/strong><\/h2>\n<p>Wir beleuchten mit Ihnen drei Aspekte:<\/p>\n<ul class=\"wp-block-list\">\n<li>Die richtige Strategie f\u00fcr Facebook: Wen m\u00f6chten Sie erreichen? Was sind Ihre Ziele? Wie erreichen Sie diese?<\/li>\n<li>Facebook Marketing \u2013 von Targeting bis Testing: Warum es sich mehr lohnt, in Facebook Advertising zu investieren als in andere Marketing Ma\u00dfnahmen.<\/li>\n<li>Content, Content, Content: Was funktioniert auf Facebook und was nicht?<\/li>\n<\/ul>\n<\/div>\n<\/div>\n<p>[\/vc_column_text][\/vc_column][vc_column width=&#8220;1\/6&#8243;][\/vc_column][\/vc_row][vc_row][vc_column width=&#8220;1\/6&#8243;][\/vc_column][vc_column width=&#8220;2\/3&#8243;][vc_single_image image=&#8220;6458&#8243; img_size=&#8220;full&#8220; css=&#8220;&#8220;][\/vc_column][vc_column width=&#8220;1\/6&#8243;][\/vc_column][\/vc_row][vc_row][vc_column width=&#8220;1\/6&#8243;][\/vc_column][vc_column width=&#8220;2\/3&#8243;][vc_column_text css=&#8220;&#8220;]<\/p>\n<div class=\"title thumbnail\">\n<div class=\"wrapper-h\">\n<figure class=\"wp-block-image\"><figcaption>Sie konnten bisher keine Erfolge auf Ihrem Facebook Kanal erzielen? Kein Problem, denn bei uns erfahren Sie alle wichtigen Informationen, wie Sie den Social Media Giganten bezwingen.<\/figcaption><\/figure>\n<\/div>\n<\/div>\n<p>[\/vc_column_text][\/vc_column][vc_column width=&#8220;1\/6&#8243;][\/vc_column][\/vc_row][vc_row][vc_column width=&#8220;1\/6&#8243;][\/vc_column][vc_column width=&#8220;2\/3&#8243;][vc_column_text css=&#8220;&#8220;]<\/p>\n<div class=\"title thumbnail\">\n<div class=\"wrapper-h\">\n<h2 class=\"wp-block-heading\"><strong>Wie viel Zeit muss ich in das\u00a0Anwendertraining\u00a0investieren?<\/strong><\/h2>\n<p>Idealerweise 3 Stunden, bei Bedarf kann das Training aber auch auf eine konzentrierte 1,5-Stunden-Version gek\u00fcrzt oder auf ein ausf\u00fchrliches Halbtagestraining ausgeweitet werden. Wir arbeiten wahlweise aber auch mit Ihrem Teamausf\u00fchrlicher zusammen, wenn es darum geht, gemeinsam die richtige Strategie f\u00fcr diesen Kanal aufzusetzen.<\/p>\n<h2 class=\"wp-block-heading\"><strong>F\u00fcr wie viele Personen ist der Workshop ausgelegt?<\/strong><\/h2>\n<p>Eine gute Gruppengr\u00f6\u00dfe ist erfahrungsgem\u00e4\u00df eine Anzahl von maximal 10 Personen. Wenn gew\u00fcnscht, kann das Training aber auch in Kleingruppen oder im gro\u00dfen Rahmen veranstaltet werden.<\/p>\n<h3 class=\"wp-block-heading\">Nehmen Sie jetzt Kontakt auf:<\/h3>\n<p>Anke Kisters<br \/>\n+49 211 2709-204<br \/>\n<a href=\"mailto:kisters@smart-pr.de\">kisters@smart-pr.de<\/a><br \/>\nTalstra\u00dfe 22-24<br \/>\n40217 D\u00fcsseldorf<\/p>\n<\/div>\n<\/div>\n<p>[\/vc_column_text][\/vc_column][vc_column width=&#8220;1\/6&#8243;][\/vc_column][\/vc_row]<\/p>\n<\/div>","protected":false},"excerpt":{"rendered":"[vc_row full_width=\"stretch_row_content_no_spaces\"][vc_column][vc_single_image image=\"4336\" img_size=\"full\" alignment=\"center\" css=\"\"][\/vc_column][\/vc_row][vc_row][vc_column width=\"1\/6\"][\/vc_column][vc_column width=\"2\/3\"][vc_column_text css=\"\"] Anwendertraining \u201eFacebook \u2013 der Gigant\u201c [\/vc_column_text][\/vc_column][vc_column<span class=\"excerpt-hellip\"> [\u2026]<\/span>","protected":false},"author":2,"featured_media":4336,"parent":0,"menu_order":0,"comment_status":"closed","ping_status":"closed","template":"","meta":{"footnotes":""},"class_list":["post-4335","page","type-page","status-publish","has-post-thumbnail","hentry"],"yoast_head":"<!-- This site is optimized with the Yoast SEO plugin v25.6 - https:\/\/yoast.com\/wordpress\/plugins\/seo\/ -->\n<title>Anwendertraining: Facebook als Gigant - SMART PR<\/title>\n<meta name=\"description\" content=\"Maximieren Sie Ihr Facebook-Potenzial mit unserem Anwendertraining und steigern Sie den Erfolg Ihrer Marke.\" \/>\n<meta name=\"robots\" content=\"index, follow, max-snippet:-1, max-image-preview:large, max-video-preview:-1\" \/>\n<link rel=\"canonical\" href=\"https:\/\/smart-pr.de\/de\/anwendertraining-facebook-der-gigant-smart-pr\/\" \/>\n<meta property=\"og:locale\" content=\"de_DE\" \/>\n<meta property=\"og:type\" content=\"article\" \/>\n<meta property=\"og:title\" content=\"Anwendertraining: Facebook als Gigant - SMART PR\" \/>\n<meta property=\"og:description\" content=\"Maximieren Sie Ihr Facebook-Potenzial mit unserem Anwendertraining und steigern Sie den Erfolg Ihrer Marke.\" \/>\n<meta property=\"og:url\" content=\"https:\/\/smart-pr.de\/de\/anwendertraining-facebook-der-gigant-smart-pr\/\" \/>\n<meta property=\"og:site_name\" content=\"SMART PR \/\/ Ihre PR-Agentur in D\u00fcsseldorf\" \/>\n<meta property=\"article:modified_time\" content=\"2025-02-20T10:32:49+00:00\" \/>\n<meta property=\"og:image\" content=\"https:\/\/smart-pr.de\/wp-content\/uploads\/2024\/10\/6.png\" \/>\n\t<meta property=\"og:image:width\" content=\"1920\" \/>\n\t<meta property=\"og:image:height\" content=\"768\" \/>\n\t<meta property=\"og:image:type\" content=\"image\/png\" \/>\n<meta name=\"twitter:card\" content=\"summary_large_image\" \/>\n<meta name=\"twitter:label1\" content=\"Gesch\u00e4tzte Lesezeit\" \/>\n\t<meta name=\"twitter:data1\" content=\"3\u00a0Minuten\" \/>\n<script type=\"application\/ld+json\" class=\"yoast-schema-graph\">{\"@context\":\"https:\/\/schema.org\",\"@graph\":[{\"@type\":\"WebPage\",\"@id\":\"https:\/\/smart-pr.de\/de\/anwendertraining-facebook-der-gigant-smart-pr\/\",\"url\":\"https:\/\/smart-pr.de\/de\/anwendertraining-facebook-der-gigant-smart-pr\/\",\"name\":\"Anwendertraining: Facebook als Gigant - SMART PR\",\"isPartOf\":{\"@id\":\"https:\/\/smart-pr.de\/de\/#website\"},\"primaryImageOfPage\":{\"@id\":\"https:\/\/smart-pr.de\/de\/anwendertraining-facebook-der-gigant-smart-pr\/#primaryimage\"},\"image\":{\"@id\":\"https:\/\/smart-pr.de\/de\/anwendertraining-facebook-der-gigant-smart-pr\/#primaryimage\"},\"thumbnailUrl\":\"https:\/\/smart-pr.de\/wp-content\/uploads\/2024\/10\/6.png\",\"datePublished\":\"2024-10-14T10:04:56+00:00\",\"dateModified\":\"2025-02-20T10:32:49+00:00\",\"description\":\"Maximieren Sie Ihr Facebook-Potenzial mit unserem Anwendertraining und steigern Sie den Erfolg Ihrer Marke.\",\"breadcrumb\":{\"@id\":\"https:\/\/smart-pr.de\/de\/anwendertraining-facebook-der-gigant-smart-pr\/#breadcrumb\"},\"inLanguage\":\"de\",\"potentialAction\":[{\"@type\":\"ReadAction\",\"target\":[\"https:\/\/smart-pr.de\/de\/anwendertraining-facebook-der-gigant-smart-pr\/\"]}]},{\"@type\":\"ImageObject\",\"inLanguage\":\"de\",\"@id\":\"https:\/\/smart-pr.de\/de\/anwendertraining-facebook-der-gigant-smart-pr\/#primaryimage\",\"url\":\"https:\/\/smart-pr.de\/wp-content\/uploads\/2024\/10\/6.png\",\"contentUrl\":\"https:\/\/smart-pr.de\/wp-content\/uploads\/2024\/10\/6.png\",\"width\":1920,\"height\":768,\"caption\":\"Anwendertraining \u201eFacebook \u2013 der Gigant\u201c | SMART\/PR\"},{\"@type\":\"BreadcrumbList\",\"@id\":\"https:\/\/smart-pr.de\/de\/anwendertraining-facebook-der-gigant-smart-pr\/#breadcrumb\",\"itemListElement\":[{\"@type\":\"ListItem\",\"position\":1,\"name\":\"Startseite\",\"item\":\"https:\/\/smart-pr.de\/de\/\"},{\"@type\":\"ListItem\",\"position\":2,\"name\":\"Anwendertraining \u201eFacebook \u2013 der Gigant\u201c | SMART\/PR\"}]},{\"@type\":\"WebSite\",\"@id\":\"https:\/\/smart-pr.de\/de\/#website\",\"url\":\"https:\/\/smart-pr.de\/de\/\",\"name\":\"SMART PR \/\/ Ihre PR-Agentur in D\u00fcsseldorf\",\"description\":\"F\u00fcr ganzheitliche Kommunikation\",\"publisher\":{\"@id\":\"https:\/\/smart-pr.de\/de\/#organization\"},\"potentialAction\":[{\"@type\":\"SearchAction\",\"target\":{\"@type\":\"EntryPoint\",\"urlTemplate\":\"https:\/\/smart-pr.de\/de\/?s={search_term_string}\"},\"query-input\":{\"@type\":\"PropertyValueSpecification\",\"valueRequired\":true,\"valueName\":\"search_term_string\"}}],\"inLanguage\":\"de\"},{\"@type\":\"Organization\",\"@id\":\"https:\/\/smart-pr.de\/de\/#organization\",\"name\":\"SMART PR \/\/ Ihre PR-Agentur in D\u00fcsseldorf\",\"url\":\"https:\/\/smart-pr.de\/de\/\",\"logo\":{\"@type\":\"ImageObject\",\"inLanguage\":\"de\",\"@id\":\"https:\/\/smart-pr.de\/de\/#\/schema\/logo\/image\/\",\"url\":\"https:\/\/smart-pr.de\/wp-content\/uploads\/2024\/08\/smart-pr-logo-2.png\",\"contentUrl\":\"https:\/\/smart-pr.de\/wp-content\/uploads\/2024\/08\/smart-pr-logo-2.png\",\"width\":1800,\"height\":282,\"caption\":\"SMART PR \/\/ Ihre PR-Agentur in D\u00fcsseldorf\"},\"image\":{\"@id\":\"https:\/\/smart-pr.de\/de\/#\/schema\/logo\/image\/\"}}]}<\/script>\n<!-- \/ Yoast SEO plugin. -->","yoast_head_json":{"title":"Anwendertraining: Facebook als Gigant - SMART PR","description":"Maximieren Sie Ihr Facebook-Potenzial mit unserem Anwendertraining und steigern Sie den Erfolg Ihrer Marke.","robots":{"index":"index","follow":"follow","max-snippet":"max-snippet:-1","max-image-preview":"max-image-preview:large","max-video-preview":"max-video-preview:-1"},"canonical":"https:\/\/smart-pr.de\/de\/anwendertraining-facebook-der-gigant-smart-pr\/","og_locale":"de_DE","og_type":"article","og_title":"Anwendertraining: Facebook als Gigant - SMART PR","og_description":"Maximieren Sie Ihr Facebook-Potenzial mit unserem Anwendertraining und steigern Sie den Erfolg Ihrer Marke.","og_url":"https:\/\/smart-pr.de\/de\/anwendertraining-facebook-der-gigant-smart-pr\/","og_site_name":"SMART PR \/\/ Ihre PR-Agentur in D\u00fcsseldorf","article_modified_time":"2025-02-20T10:32:49+00:00","og_image":[{"width":1920,"height":768,"url":"https:\/\/smart-pr.de\/wp-content\/uploads\/2024\/10\/6.png","type":"image\/png"}],"twitter_card":"summary_large_image","twitter_misc":{"Gesch\u00e4tzte Lesezeit":"3\u00a0Minuten"},"schema":{"@context":"https:\/\/schema.org","@graph":[{"@type":"WebPage","@id":"https:\/\/smart-pr.de\/de\/anwendertraining-facebook-der-gigant-smart-pr\/","url":"https:\/\/smart-pr.de\/de\/anwendertraining-facebook-der-gigant-smart-pr\/","name":"Anwendertraining: Facebook als Gigant - SMART PR","isPartOf":{"@id":"https:\/\/smart-pr.de\/de\/#website"},"primaryImageOfPage":{"@id":"https:\/\/smart-pr.de\/de\/anwendertraining-facebook-der-gigant-smart-pr\/#primaryimage"},"image":{"@id":"https:\/\/smart-pr.de\/de\/anwendertraining-facebook-der-gigant-smart-pr\/#primaryimage"},"thumbnailUrl":"https:\/\/smart-pr.de\/wp-content\/uploads\/2024\/10\/6.png","datePublished":"2024-10-14T10:04:56+00:00","dateModified":"2025-02-20T10:32:49+00:00","description":"Maximieren Sie Ihr Facebook-Potenzial mit unserem Anwendertraining und steigern Sie den Erfolg Ihrer Marke.","breadcrumb":{"@id":"https:\/\/smart-pr.de\/de\/anwendertraining-facebook-der-gigant-smart-pr\/#breadcrumb"},"inLanguage":"de","potentialAction":[{"@type":"ReadAction","target":["https:\/\/smart-pr.de\/de\/anwendertraining-facebook-der-gigant-smart-pr\/"]}]},{"@type":"ImageObject","inLanguage":"de","@id":"https:\/\/smart-pr.de\/de\/anwendertraining-facebook-der-gigant-smart-pr\/#primaryimage","url":"https:\/\/smart-pr.de\/wp-content\/uploads\/2024\/10\/6.png","contentUrl":"https:\/\/smart-pr.de\/wp-content\/uploads\/2024\/10\/6.png","width":1920,"height":768,"caption":"Anwendertraining \u201eFacebook \u2013 der Gigant\u201c | SMART\/PR"},{"@type":"BreadcrumbList","@id":"https:\/\/smart-pr.de\/de\/anwendertraining-facebook-der-gigant-smart-pr\/#breadcrumb","itemListElement":[{"@type":"ListItem","position":1,"name":"Startseite","item":"https:\/\/smart-pr.de\/de\/"},{"@type":"ListItem","position":2,"name":"Anwendertraining \u201eFacebook \u2013 der Gigant\u201c | SMART\/PR"}]},{"@type":"WebSite","@id":"https:\/\/smart-pr.de\/de\/#website","url":"https:\/\/smart-pr.de\/de\/","name":"SMART PR \/\/ Ihre PR-Agentur in D\u00fcsseldorf","description":"F\u00fcr ganzheitliche Kommunikation","publisher":{"@id":"https:\/\/smart-pr.de\/de\/#organization"},"potentialAction":[{"@type":"SearchAction","target":{"@type":"EntryPoint","urlTemplate":"https:\/\/smart-pr.de\/de\/?s={search_term_string}"},"query-input":{"@type":"PropertyValueSpecification","valueRequired":true,"valueName":"search_term_string"}}],"inLanguage":"de"},{"@type":"Organization","@id":"https:\/\/smart-pr.de\/de\/#organization","name":"SMART PR \/\/ Ihre PR-Agentur in D\u00fcsseldorf","url":"https:\/\/smart-pr.de\/de\/","logo":{"@type":"ImageObject","inLanguage":"de","@id":"https:\/\/smart-pr.de\/de\/#\/schema\/logo\/image\/","url":"https:\/\/smart-pr.de\/wp-content\/uploads\/2024\/08\/smart-pr-logo-2.png","contentUrl":"https:\/\/smart-pr.de\/wp-content\/uploads\/2024\/08\/smart-pr-logo-2.png","width":1800,"height":282,"caption":"SMART PR \/\/ Ihre PR-Agentur in D\u00fcsseldorf"},"image":{"@id":"https:\/\/smart-pr.de\/de\/#\/schema\/logo\/image\/"}}]}},"_links":{"self":[{"href":"https:\/\/smart-pr.de\/de\/wp-json\/wp\/v2\/pages\/4335","targetHints":{"allow":["GET"]}}],"collection":[{"href":"https:\/\/smart-pr.de\/de\/wp-json\/wp\/v2\/pages"}],"about":[{"href":"https:\/\/smart-pr.de\/de\/wp-json\/wp\/v2\/types\/page"}],"author":[{"embeddable":true,"href":"https:\/\/smart-pr.de\/de\/wp-json\/wp\/v2\/users\/2"}],"replies":[{"embeddable":true,"href":"https:\/\/smart-pr.de\/de\/wp-json\/wp\/v2\/comments?post=4335"}],"version-history":[{"count":10,"href":"https:\/\/smart-pr.de\/de\/wp-json\/wp\/v2\/pages\/4335\/revisions"}],"predecessor-version":[{"id":4527,"href":"https:\/\/smart-pr.de\/de\/wp-json\/wp\/v2\/pages\/4335\/revisions\/4527"}],"wp:featuredmedia":[{"embeddable":true,"href":"https:\/\/smart-pr.de\/de\/wp-json\/wp\/v2\/media\/4336"}],"wp:attachment":[{"href":"https:\/\/smart-pr.de\/de\/wp-json\/wp\/v2\/media?parent=4335"}],"curies":[{"name":"wp","href":"https:\/\/api.w.org\/{rel}","templated":true}]}}