{"id":4332,"date":"2024-10-14T09:59:34","date_gmt":"2024-10-14T09:59:34","guid":{"rendered":"https:\/\/messe.smart-pr.de\/?page_id=4332"},"modified":"2025-02-20T10:31:30","modified_gmt":"2025-02-20T10:31:30","slug":"anwendertraining-pinterest-die-geheimwaffe","status":"publish","type":"page","link":"https:\/\/smart-pr.de\/de\/anwendertraining-pinterest-die-geheimwaffe\/","title":{"rendered":"Anwendertraining \u201ePinterest \u2013 die Geheimwaffe\u201c"},"content":{"rendered":"<div class=\"wpb-content-wrapper\"><p>[vc_row full_width=&#8220;stretch_row_content_no_spaces&#8220; css=&#8220;.vc_custom_1730128389327{margin-top: -30px !important;}&#8220;][vc_column][vc_single_image image=&#8220;4333&#8243; img_size=&#8220;full&#8220; alignment=&#8220;center&#8220; css=&#8220;&#8220;][\/vc_column][\/vc_row][vc_row][vc_column width=&#8220;1\/6&#8243;][\/vc_column][vc_column width=&#8220;2\/3&#8243;][vc_column_text css=&#8220;&#8220;]<\/p>\n<h1 style=\"text-align: left;\"><strong>Anwendertraining \u201ePinterest \u2013 die Geheimwaffe\u201c<\/strong><\/h1>\n<p>[\/vc_column_text][\/vc_column][vc_column width=&#8220;1\/6&#8243;][\/vc_column][\/vc_row][vc_row][vc_column width=&#8220;1\/6&#8243;][\/vc_column][vc_column width=&#8220;2\/3&#8243;][vc_column_text css=&#8220;&#8220;]Sie haben schon einmal von Pinterest geh\u00f6rt, nutzen es aber nicht? Sie sind im Lifestyle Bereich t\u00e4tig und kennen das Potenzial von Pinterest nicht?<\/p>\n<p><strong>Pinterest\u00a0<\/strong>ist kein soziales Netzwerk im urspr\u00fcnglichen Sinne, denn hier wird nicht mit Freunden interagiert. Sehr wohl interagieren Nutzer aber mit Unternehmen und merken sich t\u00e4glich unz\u00e4hlige Pins, die immer auf eine Website f\u00fchren. Durch vielz\u00e4hlige Neuerungen und\u00a0<strong>(noch) uneingeschr\u00e4nkte Reichweite<\/strong>\u00a0ist Pinterest die\u00a0Geheimwaffe im Bereich Lifestyle\u00a0und sollte unbedingt gewinnbringend genutzt werden. Wie das geht? Wir zeigen es Ihnen![\/vc_column_text][\/vc_column][vc_column width=&#8220;1\/6&#8243;][\/vc_column][\/vc_row][vc_row][vc_column width=&#8220;1\/6&#8243;][\/vc_column][vc_column width=&#8220;2\/3&#8243;][vc_single_image image=&#8220;6460&#8243; img_size=&#8220;full&#8220; css=&#8220;&#8220;][\/vc_column][vc_column width=&#8220;1\/6&#8243;][\/vc_column][\/vc_row][vc_row][vc_column width=&#8220;1\/6&#8243;][\/vc_column][vc_column width=&#8220;2\/3&#8243;][vc_column_text css=&#8220;&#8220;]<\/p>\n<h2 class=\"wp-block-heading\"><strong>Ist dieser Workshop das Richtige f\u00fcr Sie?<\/strong><\/h2>\n<p>Sie haben noch kein Profil auf Pinterest und sind sich unsicher, ob Sie die Plattform nutzen sollten? Sie haben viel Content und eine gute Website und erhalten auf den anderen sozialen Medien einfach nicht die notwendige Reichweite, um diesen zu distribuieren? Wir zeigen Ihnen, wie es auf Pinterest funktioniert!<\/p>\n<h2 class=\"wp-block-heading\"><strong>Was lehrt der Pinterest Workshop?<\/strong><\/h2>\n<p>Diese Fokuspunkte hat der Workshop:<\/p>\n<ul class=\"wp-block-list\">\n<li>Grundlagen: Um mit einer Plattform zu arbeiten, muss man sie zun\u00e4chst verstehen. Welche M\u00f6glichkeiten bietet Pinterest? Welche Einschr\u00e4nkungen? Wer nutzt Pinterest und wie k\u00f6nnen Unternehmen das Netzwerk nutzen?<\/li>\n<li>Strategie: Welche Ziele k\u00f6nnen und sollten auf Pinterest verfolgt werden? Wer soll erreicht werden? Wo beginnt man? Wir helfen Ihnen, eine passende Strategie zu Ihrem Pinterest-Erfolg zu entwickeln.<\/li>\n<\/ul>\n<h2 class=\"wp-block-heading\"><strong>Wie viel Zeit muss ich in das\u00a0Anwendertraining\u00a0investieren?<\/strong><\/h2>\n<p>Idealerweise 3 Stunden, bei Bedarf kann das Training aber auch auf eine konzentrierte 1,5-Stunden-Version gek\u00fcrzt oder auf ein ausf\u00fchrliches Halbtagestraining ausgeweitet werden.<\/p>\n<h2 class=\"wp-block-heading\"><strong>F\u00fcr wie viele Personen ist der Workshop ausgelegt?<\/strong><\/h2>\n<p>Eine gute Gruppengr\u00f6\u00dfe ist erfahrungsgem\u00e4\u00df eine Anzahl von maximal 10 Personen. Wenn gew\u00fcnscht, kann das Training aber auch in Kleingruppen oder im gro\u00dfen Rahmen veranstaltet werden.<\/p>\n<h3 class=\"wp-block-heading\">Nehmen Sie jetzt Kontakt auf:<\/h3>\n<p>Anke Kisters<br \/>\n+49 211 2709-204<br \/>\n<a href=\"mailto:kisters@smart-pr.de\">kisters@smart-pr.de<\/a><br \/>\nTalstra\u00dfe 22-24<br \/>\n40217 D\u00fcsseldorf[\/vc_column_text][\/vc_column][vc_column width=&#8220;1\/6&#8243;][\/vc_column][\/vc_row]<\/p>\n<\/div>","protected":false},"excerpt":{"rendered":"[vc_row full_width=\"stretch_row_content_no_spaces\" css=\".vc_custom_1730128389327{margin-top: -30px !important;}\"][vc_column][vc_single_image image=\"4333\" img_size=\"full\" alignment=\"center\" css=\"\"][\/vc_column][\/vc_row][vc_row][vc_column width=\"1\/6\"][\/vc_column][vc_column width=\"2\/3\"][vc_column_text css=\"\"] Anwendertraining \u201ePinterest \u2013<span class=\"excerpt-hellip\"> [\u2026]<\/span>","protected":false},"author":2,"featured_media":4333,"parent":0,"menu_order":0,"comment_status":"closed","ping_status":"closed","template":"","meta":{"footnotes":""},"class_list":["post-4332","page","type-page","status-publish","has-post-thumbnail","hentry"],"yoast_head":"<!-- This site is optimized with the Yoast SEO plugin v25.6 - https:\/\/yoast.com\/wordpress\/plugins\/seo\/ -->\n<title>Anwendertraining: Pinterest als Geheimwaffe - SMART PR<\/title>\n<meta name=\"description\" content=\"Entdecken Sie die Geheimnisse von Pinterest in unserem Anwendertraining und nutzen Sie die Plattform als effektive Marketing-Waffe.\" \/>\n<meta name=\"robots\" content=\"index, follow, max-snippet:-1, max-image-preview:large, max-video-preview:-1\" \/>\n<link rel=\"canonical\" href=\"https:\/\/smart-pr.de\/de\/anwendertraining-pinterest-die-geheimwaffe\/\" \/>\n<meta property=\"og:locale\" content=\"de_DE\" \/>\n<meta property=\"og:type\" content=\"article\" \/>\n<meta property=\"og:title\" content=\"Anwendertraining: Pinterest als Geheimwaffe - SMART PR\" \/>\n<meta property=\"og:description\" content=\"Entdecken Sie die Geheimnisse von Pinterest in unserem Anwendertraining und nutzen Sie die Plattform als effektive Marketing-Waffe.\" \/>\n<meta property=\"og:url\" content=\"https:\/\/smart-pr.de\/de\/anwendertraining-pinterest-die-geheimwaffe\/\" \/>\n<meta property=\"og:site_name\" content=\"SMART PR \/\/ Ihre PR-Agentur in D\u00fcsseldorf\" \/>\n<meta property=\"article:modified_time\" content=\"2025-02-20T10:31:30+00:00\" \/>\n<meta property=\"og:image\" content=\"https:\/\/smart-pr.de\/wp-content\/uploads\/2024\/10\/5-1.png\" \/>\n\t<meta property=\"og:image:width\" content=\"1920\" \/>\n\t<meta property=\"og:image:height\" content=\"768\" \/>\n\t<meta property=\"og:image:type\" content=\"image\/png\" \/>\n<meta name=\"twitter:card\" content=\"summary_large_image\" \/>\n<meta name=\"twitter:label1\" content=\"Gesch\u00e4tzte Lesezeit\" \/>\n\t<meta name=\"twitter:data1\" content=\"3\u00a0Minuten\" \/>\n<script type=\"application\/ld+json\" class=\"yoast-schema-graph\">{\"@context\":\"https:\/\/schema.org\",\"@graph\":[{\"@type\":\"WebPage\",\"@id\":\"https:\/\/smart-pr.de\/de\/anwendertraining-pinterest-die-geheimwaffe\/\",\"url\":\"https:\/\/smart-pr.de\/de\/anwendertraining-pinterest-die-geheimwaffe\/\",\"name\":\"Anwendertraining: Pinterest als Geheimwaffe - SMART PR\",\"isPartOf\":{\"@id\":\"https:\/\/smart-pr.de\/de\/#website\"},\"primaryImageOfPage\":{\"@id\":\"https:\/\/smart-pr.de\/de\/anwendertraining-pinterest-die-geheimwaffe\/#primaryimage\"},\"image\":{\"@id\":\"https:\/\/smart-pr.de\/de\/anwendertraining-pinterest-die-geheimwaffe\/#primaryimage\"},\"thumbnailUrl\":\"https:\/\/smart-pr.de\/wp-content\/uploads\/2024\/10\/5-1.png\",\"datePublished\":\"2024-10-14T09:59:34+00:00\",\"dateModified\":\"2025-02-20T10:31:30+00:00\",\"description\":\"Entdecken Sie die Geheimnisse von Pinterest in unserem Anwendertraining und nutzen Sie die Plattform als effektive Marketing-Waffe.\",\"breadcrumb\":{\"@id\":\"https:\/\/smart-pr.de\/de\/anwendertraining-pinterest-die-geheimwaffe\/#breadcrumb\"},\"inLanguage\":\"de\",\"potentialAction\":[{\"@type\":\"ReadAction\",\"target\":[\"https:\/\/smart-pr.de\/de\/anwendertraining-pinterest-die-geheimwaffe\/\"]}]},{\"@type\":\"ImageObject\",\"inLanguage\":\"de\",\"@id\":\"https:\/\/smart-pr.de\/de\/anwendertraining-pinterest-die-geheimwaffe\/#primaryimage\",\"url\":\"https:\/\/smart-pr.de\/wp-content\/uploads\/2024\/10\/5-1.png\",\"contentUrl\":\"https:\/\/smart-pr.de\/wp-content\/uploads\/2024\/10\/5-1.png\",\"width\":1920,\"height\":768,\"caption\":\"Anwendertraining \u201ePinterest \u2013 die Geheimwaffe\u201c\"},{\"@type\":\"BreadcrumbList\",\"@id\":\"https:\/\/smart-pr.de\/de\/anwendertraining-pinterest-die-geheimwaffe\/#breadcrumb\",\"itemListElement\":[{\"@type\":\"ListItem\",\"position\":1,\"name\":\"Startseite\",\"item\":\"https:\/\/smart-pr.de\/de\/\"},{\"@type\":\"ListItem\",\"position\":2,\"name\":\"Anwendertraining \u201ePinterest \u2013 die Geheimwaffe\u201c\"}]},{\"@type\":\"WebSite\",\"@id\":\"https:\/\/smart-pr.de\/de\/#website\",\"url\":\"https:\/\/smart-pr.de\/de\/\",\"name\":\"SMART PR \/\/ Ihre PR-Agentur in D\u00fcsseldorf\",\"description\":\"F\u00fcr ganzheitliche Kommunikation\",\"publisher\":{\"@id\":\"https:\/\/smart-pr.de\/de\/#organization\"},\"potentialAction\":[{\"@type\":\"SearchAction\",\"target\":{\"@type\":\"EntryPoint\",\"urlTemplate\":\"https:\/\/smart-pr.de\/de\/?s={search_term_string}\"},\"query-input\":{\"@type\":\"PropertyValueSpecification\",\"valueRequired\":true,\"valueName\":\"search_term_string\"}}],\"inLanguage\":\"de\"},{\"@type\":\"Organization\",\"@id\":\"https:\/\/smart-pr.de\/de\/#organization\",\"name\":\"SMART PR \/\/ Ihre PR-Agentur in D\u00fcsseldorf\",\"url\":\"https:\/\/smart-pr.de\/de\/\",\"logo\":{\"@type\":\"ImageObject\",\"inLanguage\":\"de\",\"@id\":\"https:\/\/smart-pr.de\/de\/#\/schema\/logo\/image\/\",\"url\":\"https:\/\/smart-pr.de\/wp-content\/uploads\/2024\/08\/smart-pr-logo-2.png\",\"contentUrl\":\"https:\/\/smart-pr.de\/wp-content\/uploads\/2024\/08\/smart-pr-logo-2.png\",\"width\":1800,\"height\":282,\"caption\":\"SMART PR \/\/ Ihre PR-Agentur in D\u00fcsseldorf\"},\"image\":{\"@id\":\"https:\/\/smart-pr.de\/de\/#\/schema\/logo\/image\/\"}}]}<\/script>\n<!-- \/ Yoast SEO plugin. -->","yoast_head_json":{"title":"Anwendertraining: Pinterest als Geheimwaffe - SMART PR","description":"Entdecken Sie die Geheimnisse von Pinterest in unserem Anwendertraining und nutzen Sie die Plattform als effektive Marketing-Waffe.","robots":{"index":"index","follow":"follow","max-snippet":"max-snippet:-1","max-image-preview":"max-image-preview:large","max-video-preview":"max-video-preview:-1"},"canonical":"https:\/\/smart-pr.de\/de\/anwendertraining-pinterest-die-geheimwaffe\/","og_locale":"de_DE","og_type":"article","og_title":"Anwendertraining: Pinterest als Geheimwaffe - SMART PR","og_description":"Entdecken Sie die Geheimnisse von Pinterest in unserem Anwendertraining und nutzen Sie die Plattform als effektive Marketing-Waffe.","og_url":"https:\/\/smart-pr.de\/de\/anwendertraining-pinterest-die-geheimwaffe\/","og_site_name":"SMART PR \/\/ Ihre PR-Agentur in D\u00fcsseldorf","article_modified_time":"2025-02-20T10:31:30+00:00","og_image":[{"width":1920,"height":768,"url":"https:\/\/smart-pr.de\/wp-content\/uploads\/2024\/10\/5-1.png","type":"image\/png"}],"twitter_card":"summary_large_image","twitter_misc":{"Gesch\u00e4tzte Lesezeit":"3\u00a0Minuten"},"schema":{"@context":"https:\/\/schema.org","@graph":[{"@type":"WebPage","@id":"https:\/\/smart-pr.de\/de\/anwendertraining-pinterest-die-geheimwaffe\/","url":"https:\/\/smart-pr.de\/de\/anwendertraining-pinterest-die-geheimwaffe\/","name":"Anwendertraining: Pinterest als Geheimwaffe - SMART PR","isPartOf":{"@id":"https:\/\/smart-pr.de\/de\/#website"},"primaryImageOfPage":{"@id":"https:\/\/smart-pr.de\/de\/anwendertraining-pinterest-die-geheimwaffe\/#primaryimage"},"image":{"@id":"https:\/\/smart-pr.de\/de\/anwendertraining-pinterest-die-geheimwaffe\/#primaryimage"},"thumbnailUrl":"https:\/\/smart-pr.de\/wp-content\/uploads\/2024\/10\/5-1.png","datePublished":"2024-10-14T09:59:34+00:00","dateModified":"2025-02-20T10:31:30+00:00","description":"Entdecken Sie die Geheimnisse von Pinterest in unserem Anwendertraining und nutzen Sie die Plattform als effektive Marketing-Waffe.","breadcrumb":{"@id":"https:\/\/smart-pr.de\/de\/anwendertraining-pinterest-die-geheimwaffe\/#breadcrumb"},"inLanguage":"de","potentialAction":[{"@type":"ReadAction","target":["https:\/\/smart-pr.de\/de\/anwendertraining-pinterest-die-geheimwaffe\/"]}]},{"@type":"ImageObject","inLanguage":"de","@id":"https:\/\/smart-pr.de\/de\/anwendertraining-pinterest-die-geheimwaffe\/#primaryimage","url":"https:\/\/smart-pr.de\/wp-content\/uploads\/2024\/10\/5-1.png","contentUrl":"https:\/\/smart-pr.de\/wp-content\/uploads\/2024\/10\/5-1.png","width":1920,"height":768,"caption":"Anwendertraining \u201ePinterest \u2013 die Geheimwaffe\u201c"},{"@type":"BreadcrumbList","@id":"https:\/\/smart-pr.de\/de\/anwendertraining-pinterest-die-geheimwaffe\/#breadcrumb","itemListElement":[{"@type":"ListItem","position":1,"name":"Startseite","item":"https:\/\/smart-pr.de\/de\/"},{"@type":"ListItem","position":2,"name":"Anwendertraining \u201ePinterest \u2013 die Geheimwaffe\u201c"}]},{"@type":"WebSite","@id":"https:\/\/smart-pr.de\/de\/#website","url":"https:\/\/smart-pr.de\/de\/","name":"SMART PR \/\/ Ihre PR-Agentur in D\u00fcsseldorf","description":"F\u00fcr ganzheitliche Kommunikation","publisher":{"@id":"https:\/\/smart-pr.de\/de\/#organization"},"potentialAction":[{"@type":"SearchAction","target":{"@type":"EntryPoint","urlTemplate":"https:\/\/smart-pr.de\/de\/?s={search_term_string}"},"query-input":{"@type":"PropertyValueSpecification","valueRequired":true,"valueName":"search_term_string"}}],"inLanguage":"de"},{"@type":"Organization","@id":"https:\/\/smart-pr.de\/de\/#organization","name":"SMART PR \/\/ Ihre PR-Agentur in D\u00fcsseldorf","url":"https:\/\/smart-pr.de\/de\/","logo":{"@type":"ImageObject","inLanguage":"de","@id":"https:\/\/smart-pr.de\/de\/#\/schema\/logo\/image\/","url":"https:\/\/smart-pr.de\/wp-content\/uploads\/2024\/08\/smart-pr-logo-2.png","contentUrl":"https:\/\/smart-pr.de\/wp-content\/uploads\/2024\/08\/smart-pr-logo-2.png","width":1800,"height":282,"caption":"SMART PR \/\/ Ihre PR-Agentur in D\u00fcsseldorf"},"image":{"@id":"https:\/\/smart-pr.de\/de\/#\/schema\/logo\/image\/"}}]}},"_links":{"self":[{"href":"https:\/\/smart-pr.de\/de\/wp-json\/wp\/v2\/pages\/4332","targetHints":{"allow":["GET"]}}],"collection":[{"href":"https:\/\/smart-pr.de\/de\/wp-json\/wp\/v2\/pages"}],"about":[{"href":"https:\/\/smart-pr.de\/de\/wp-json\/wp\/v2\/types\/page"}],"author":[{"embeddable":true,"href":"https:\/\/smart-pr.de\/de\/wp-json\/wp\/v2\/users\/2"}],"replies":[{"embeddable":true,"href":"https:\/\/smart-pr.de\/de\/wp-json\/wp\/v2\/comments?post=4332"}],"version-history":[{"count":8,"href":"https:\/\/smart-pr.de\/de\/wp-json\/wp\/v2\/pages\/4332\/revisions"}],"predecessor-version":[{"id":9441,"href":"https:\/\/smart-pr.de\/de\/wp-json\/wp\/v2\/pages\/4332\/revisions\/9441"}],"wp:featuredmedia":[{"embeddable":true,"href":"https:\/\/smart-pr.de\/de\/wp-json\/wp\/v2\/media\/4333"}],"wp:attachment":[{"href":"https:\/\/smart-pr.de\/de\/wp-json\/wp\/v2\/media?parent=4332"}],"curies":[{"name":"wp","href":"https:\/\/api.w.org\/{rel}","templated":true}]}}