{"id":4328,"date":"2024-10-14T09:51:32","date_gmt":"2024-10-14T09:51:32","guid":{"rendered":"https:\/\/messe.smart-pr.de\/?page_id=4328"},"modified":"2025-02-04T09:58:42","modified_gmt":"2025-02-04T09:58:42","slug":"content-strategie","status":"publish","type":"page","link":"https:\/\/smart-pr.de\/de\/content-strategie\/","title":{"rendered":"Content Strategie"},"content":{"rendered":"<div class=\"wpb-content-wrapper\"><p>[vc_row full_width=&#8220;stretch_row_content_no_spaces&#8220; css=&#8220;.vc_custom_1731510450199{margin-top: -30px !important;}&#8220;][vc_column][vc_single_image image=&#8220;4329&#8243; img_size=&#8220;full&#8220; alignment=&#8220;center&#8220; css=&#8220;&#8220;][\/vc_column][\/vc_row][vc_row][vc_column width=&#8220;1\/6&#8243;][\/vc_column][vc_column width=&#8220;2\/3&#8243;][vc_column_text css=&#8220;&#8220;]<\/p>\n<div class=\"title thumbnail\">\n<div class=\"wrapper-h\">\n<h1 style=\"text-align: center;\"><strong>Content Strategie<\/strong><\/h1>\n<\/div>\n<\/div>\n<div class=\"content single-page\">\n<div class=\"wrapper-h\">\n<div class=\"content-clear\" style=\"text-align: center;\"><\/div>\n<\/div>\n<\/div>\n<p>[\/vc_column_text][\/vc_column][vc_column width=&#8220;1\/6&#8243;][\/vc_column][\/vc_row][vc_row][vc_column width=&#8220;1\/6&#8243;][\/vc_column][vc_column width=&#8220;2\/3&#8243;][vc_column_text css=&#8220;&#8220;]<\/p>\n<div class=\"title thumbnail\">\n<div class=\"wrapper-h\">\n<div class=\"content single-page\">\n<div class=\"wrapper-h\">\n<div class=\"content-clear\">\n<p><strong>Guter Content\u00a0<\/strong>ist die Grundlage f\u00fcr eine erfolgreiche Pr\u00e4senz im Web. Denn die Aufmerksamkeit der User im Web ist gering und die Konkurrenz gro\u00df. Meist reicht es nicht, Inhalte nach gerade verf\u00fcgbaren Themen und Ressourcen zu erstellen. Vielen Unternehmen f\u00e4llt es schwer, durch<strong>\u00a0Content Marketing Projekte<\/strong>\u00a0zum Erfolg zu bringen: Inhalte werden oft aus Unternehmenssicht und nicht auf die Zielgruppe und ihre Bed\u00fcrfnisse zugeschnitten erstellt. Es fehlt an Prozessen f\u00fcr die Themenfindung und -erstellung. Inhalte werden nicht strategisch \u00fcber die richtigen Kan\u00e4le distribuiert. Wer nicht evaluiert, hat zudem keinen \u00dcberblick \u00fcber die Effizienz der geschriebenen Texte.<\/p>\n<p>Am Anfang sollte immer eine durchdachte Inhaltestrategie stehen. Sie ist neben der entsprechenden Vermarktung und der Kreation von Inhalten die Basis f\u00fcr eine zielgerichtete digitale Kommunikation.<\/p>\n<p>Eine Content Strategie kl\u00e4rt die wichtigen Elemente der Webinhalte: Ziele, Zielgruppen, Botschaften und die notwendigen Prozesse. Erg\u00e4nzt werden die Planung und Erstellung von Content sowie das operative Handling der Content Prozesse.<\/p>\n<h2 class=\"wp-block-heading\"><strong>Die passende Content Marketing Strategie f\u00fcr Ihr Unternehmen<\/strong><\/h2>\n<p>Klassische Werbung verliert seit l\u00e4ngerem ihre Strahlkraft. Wer heute \u00fcberzeugen m\u00f6chte, muss mit Authentizit\u00e4t, Expertise und Vertrauensw\u00fcrdigkeit punkten. Dies gilt auch f\u00fcr alle Inhalte. Mit einer Content Strategie erhalten Sie langfristig und nachhaltig Reichweite und Sichtbarkeit.<\/p>\n<p>Wir beraten Sie bei allen Teilschritten im\u00a0Content Marketing\u00a0Prozess:<\/p>\n<ul class=\"wp-block-list\">\n<li>Situationsanalyse<\/li>\n<li>Zielformulierung<\/li>\n<li>Content-Audit<\/li>\n<li>Inhalte-Strategie<\/li>\n<li>Keyword-Strategie<\/li>\n<li>Kanalstrategie<\/li>\n<li>Formatwahl<\/li>\n<li>Themenplanung<\/li>\n<li><a href=\"https:\/\/smart-pr.de\/de\/leistungen\/content-creation\/\" target=\"_blank\" rel=\"noopener\">Content Creation<\/a><\/li>\n<li>Content Distribution<\/li>\n<li>Auswertung und Nachjustierung<\/li>\n<\/ul>\n<p>Bei allen diesen Punkten sind wir Ihr Partner und Experte mit Rundumblick.<\/p>\n<h2 class=\"wp-block-heading\"><strong>Content Audit<\/strong><\/h2>\n<p>Sie machen so viel, aber irgendwie l\u00e4sst der Erfolg noch zu w\u00fcnschen \u00fcbrig? Ein Relaunch oder Re-Design steht an? Ein neues Produkt wird eingef\u00fchrt? Ein sogenannter Content Audit hilft Ihnen dabei, die Qualit\u00e4t und Wirksamkeit Ihres bestehenden Contents zu beurteilen und besser auszurichten. Schlie\u00dflich m\u00f6chten Sie die Arbeit vieler Stunden nicht wegwerfen und bestimmt befinden sich auch wertvolle, gut performende Inhalte auf Ihrer Webseite. Bei der Beurteilung Ihrer Inhalte helfen wir Ihnen gerne, von der Inventur des bestehenden Contents \u00fcber das Audit bis zur konkreten Redaktionsplanung der \u00dcberarbeitungen und Erg\u00e4nzungen.<\/p>\n<\/div>\n<\/div>\n<\/div>\n<\/div>\n<\/div>\n<p>[\/vc_column_text][\/vc_column][vc_column width=&#8220;1\/6&#8243;][\/vc_column][\/vc_row][vc_row][vc_column width=&#8220;1\/6&#8243;][\/vc_column][vc_column width=&#8220;2\/3&#8243;][vc_column_text css=&#8220;&#8220;]<\/p>\n<div class=\"title thumbnail\">\n<div class=\"wrapper-h\">\n<div class=\"content single-page\">\n<div class=\"wrapper-h\">\n<div class=\"content-clear\">\n<div>\n<div class=\"content single-page\">\n<div class=\"wrapper-h\">\n<div class=\"content-clear\">\n<h2 class=\"wp-block-heading\"><strong>Content Distribution \u00fcber Paid, Earned, Shared und Owned Media<\/strong><\/h2>\n<p>&nbsp;<\/p>\n<h2><strong>Owned Media<\/strong><\/h2>\n<p>Ob\u00a0Unternehmenswebsite, Blog, Online-Magazin\u00a0oder\u00a0Mitarbeiterzeitung\u00a0\u2013 wir unterst\u00fctzen Sie dabei, sich auf Ihren eigenen Kan\u00e4len optimal zu pr\u00e4sentieren. Dabei \u00fcbernehmen wir je nach Ihrem Wunsch\u00a0Konzept, Redaktion, Programmierung oder Content Management sowie Suchmaschinenoptimierung f\u00fcr Ihre Website oder Ihren Blog.<\/p>\n<h2><strong>Earned Media<\/strong><\/h2>\n<p>Earned Media gilt als die K\u00f6nigsdisziplin: Content, der von Dritten (beispielsweise Journalisten, Bloggern oder Konsumenten) verbreitet wird, zeichnet sich durch besondere Glaubw\u00fcrdigkeit aus. Neben den sozialen Netzwerken spielt auch die \u201eklassische\u201c Medienarbeit hier weiterhin eine wichtige Rolle. Als Experten f\u00fcr\u00a0<a href=\"https:\/\/smart-pr.de\/de\/leistungen\/presse-und-oeffentlichkeitsarbeit\/online-pr\/\" target=\"_blank\" rel=\"noopener\">Online PR<\/a>\u00a0identifizieren wir die f\u00fcr Ihr Unternehmen relevanten Themen, schaffen\u00a0hochwertigen Content\u00a0und sorgen f\u00fcr Medienplatzierungen. Im\u00a0Social Media Bereich\u00a0schaffen wir die Basis f\u00fcr Empfehlungen der Nutzer durch aufmerksames Zuh\u00f6ren und Kommunikation mit der Community.<\/p>\n<h2><strong>Shared Media<\/strong><\/h2>\n<p>Shared Media umfasst den Bereich Social Media, also die Plattformen und Communities, auf denen man zwar eigenen Content einstellen und verbreiten kann, aber keine Kontrolle \u00fcber die Rahmenbedingungen hat. Dazu geh\u00f6ren die klassischen Social Media wie Facebook, Youtube und Twitter, die bildlastigeren Communities wie Instagram und Pinterest, aber auch die Business Netzwerke wie Xing und LinkedIn sowie weitere passende Social Channels. Hier entwickeln wir f\u00fcr Sie Channel Strategien und \u00fcbernehmen nat\u00fcrlich auch das komplette Community Management f\u00fcr Ihren\u00a0<a href=\"https:\/\/smart-pr.de\/de\/leistungen\/social-media-services\/social-media-advertising\/\">Social Media Channel<\/a>\u00a0\u2013 von der Redaktionsplanung \u00fcber die\u00a0<a href=\"https:\/\/smart-pr.de\/de\/leistungen\/content-creation\/\" target=\"_blank\" rel=\"noopener\">Content Creation<\/a>\u00a0bis zu Auswertung.<\/p>\n<h2><strong>Paid Media<\/strong><\/h2>\n<p>In vielen F\u00e4llen macht der Einsatz von Medienbudget zur Unterst\u00fctzung von PR Ma\u00dfnahmen Sinn. Dies k\u00f6nnen Social Media Anzeigen auf Facebook oder Instagram sein, Medienkooperationen zur gezielten Platzierung von Content oder auch\u00a0<a href=\"https:\/\/smart-pr.de\/de\/leistungen\/influencer-relations\/\">Kooperationen mit Influencern<\/a>. Wir identifizieren die passenden Instrumente und \u00fcbernehmen die komplette Umsetzung f\u00fcr Sie.<\/p>\n<h2 class=\"wp-block-heading\"><strong>Im Workshop zur Content Strategie<\/strong><\/h2>\n<p>Wir haben bereits Kunden aus den unterschiedlichsten Branchen zu einer erfolgreichen Content Strategie verholfen. Fragen Sie uns auch nach einem Workshop f\u00fcr die Erstellung einer Content Strategie. Zusammen finden wir die richtige Strategie f\u00fcr Ihr Unternehmen!<\/p>\n<h3 class=\"wp-block-heading\"><strong>Ihr Partner f\u00fcr Content Marketing in D\u00fcsseldorf<\/strong><\/h3>\n<p>Lassen Sie sich von uns beraten \u2013 telefonisch oder vor Ort in unserer Agentur in D\u00fcsseldorf. Wir sind ein Team erfahrener PR- und Social Media Experten mit langj\u00e4hriger Erfahrung in den Bereichen PR, Marketing, Social Media und Vertrieb \u2013 in vielen Branchen.<\/p>\n<\/div>\n<\/div>\n<\/div>\n<\/div>\n<footer>\n<div class=\"wrapper-h\">\n<div class=\"secondary\">\n<div class=\"col\">\n<div class=\"menu-footer-left-container\"><\/div>\n<\/div>\n<\/div>\n<\/div>\n<\/footer>\n<\/div>\n<\/div>\n<\/div>\n<\/div>\n<\/div>\n<p>[\/vc_column_text][\/vc_column][vc_column width=&#8220;1\/6&#8243;][\/vc_column][\/vc_row]<\/p>\n<\/div>","protected":false},"excerpt":{"rendered":"[vc_row full_width=\"stretch_row_content_no_spaces\" css=\".vc_custom_1731510450199{margin-top: -30px !important;}\"][vc_column][vc_single_image image=\"4329\" img_size=\"full\" alignment=\"center\" css=\"\"][\/vc_column][\/vc_row][vc_row][vc_column width=\"1\/6\"][\/vc_column][vc_column width=\"2\/3\"][vc_column_text css=\"\"] Content Strategie [\/vc_column_text][\/vc_column][vc_column<span class=\"excerpt-hellip\"> [\u2026]<\/span>","protected":false},"author":2,"featured_media":4329,"parent":0,"menu_order":0,"comment_status":"closed","ping_status":"closed","template":"","meta":{"footnotes":""},"class_list":["post-4328","page","type-page","status-publish","has-post-thumbnail","hentry"],"yoast_head":"<!-- This site is optimized with the Yoast SEO plugin v25.6 - https:\/\/yoast.com\/wordpress\/plugins\/seo\/ -->\n<title>Content Strategie - SMART PR \/\/ Ihre PR-Agentur in D\u00fcsseldorf<\/title>\n<meta name=\"robots\" content=\"index, follow, max-snippet:-1, max-image-preview:large, max-video-preview:-1\" \/>\n<link rel=\"canonical\" href=\"https:\/\/smart-pr.de\/de\/content-strategie\/\" \/>\n<meta property=\"og:locale\" content=\"de_DE\" \/>\n<meta property=\"og:type\" content=\"article\" \/>\n<meta property=\"og:title\" content=\"Content Strategie - SMART PR \/\/ Ihre PR-Agentur in D\u00fcsseldorf\" \/>\n<meta property=\"og:url\" content=\"https:\/\/smart-pr.de\/de\/content-strategie\/\" \/>\n<meta property=\"og:site_name\" content=\"SMART PR \/\/ Ihre PR-Agentur in D\u00fcsseldorf\" \/>\n<meta property=\"article:modified_time\" content=\"2025-02-04T09:58:42+00:00\" \/>\n<meta property=\"og:image\" content=\"https:\/\/smart-pr.de\/wp-content\/uploads\/2024\/10\/SMART-PR-20171003-0045-scaled.jpg\" \/>\n\t<meta property=\"og:image:width\" content=\"2560\" \/>\n\t<meta property=\"og:image:height\" content=\"1707\" \/>\n\t<meta property=\"og:image:type\" content=\"image\/jpeg\" \/>\n<meta name=\"twitter:card\" content=\"summary_large_image\" \/>\n<meta name=\"twitter:label1\" content=\"Gesch\u00e4tzte Lesezeit\" \/>\n\t<meta name=\"twitter:data1\" content=\"5\u00a0Minuten\" \/>\n<script type=\"application\/ld+json\" class=\"yoast-schema-graph\">{\"@context\":\"https:\/\/schema.org\",\"@graph\":[{\"@type\":\"WebPage\",\"@id\":\"https:\/\/smart-pr.de\/de\/content-strategie\/\",\"url\":\"https:\/\/smart-pr.de\/de\/content-strategie\/\",\"name\":\"Content Strategie - SMART PR \/\/ Ihre PR-Agentur in D\u00fcsseldorf\",\"isPartOf\":{\"@id\":\"https:\/\/smart-pr.de\/de\/#website\"},\"primaryImageOfPage\":{\"@id\":\"https:\/\/smart-pr.de\/de\/content-strategie\/#primaryimage\"},\"image\":{\"@id\":\"https:\/\/smart-pr.de\/de\/content-strategie\/#primaryimage\"},\"thumbnailUrl\":\"https:\/\/smart-pr.de\/wp-content\/uploads\/2024\/10\/SMART-PR-20171003-0045-scaled.jpg\",\"datePublished\":\"2024-10-14T09:51:32+00:00\",\"dateModified\":\"2025-02-04T09:58:42+00:00\",\"breadcrumb\":{\"@id\":\"https:\/\/smart-pr.de\/de\/content-strategie\/#breadcrumb\"},\"inLanguage\":\"de\",\"potentialAction\":[{\"@type\":\"ReadAction\",\"target\":[\"https:\/\/smart-pr.de\/de\/content-strategie\/\"]}]},{\"@type\":\"ImageObject\",\"inLanguage\":\"de\",\"@id\":\"https:\/\/smart-pr.de\/de\/content-strategie\/#primaryimage\",\"url\":\"https:\/\/smart-pr.de\/wp-content\/uploads\/2024\/10\/SMART-PR-20171003-0045-scaled.jpg\",\"contentUrl\":\"https:\/\/smart-pr.de\/wp-content\/uploads\/2024\/10\/SMART-PR-20171003-0045-scaled.jpg\",\"width\":2560,\"height\":1707,\"caption\":\"SMART-PR-20171003-0045\"},{\"@type\":\"BreadcrumbList\",\"@id\":\"https:\/\/smart-pr.de\/de\/content-strategie\/#breadcrumb\",\"itemListElement\":[{\"@type\":\"ListItem\",\"position\":1,\"name\":\"Startseite\",\"item\":\"https:\/\/smart-pr.de\/de\/\"},{\"@type\":\"ListItem\",\"position\":2,\"name\":\"Content Strategie\"}]},{\"@type\":\"WebSite\",\"@id\":\"https:\/\/smart-pr.de\/de\/#website\",\"url\":\"https:\/\/smart-pr.de\/de\/\",\"name\":\"SMART PR \/\/ Ihre PR-Agentur in D\u00fcsseldorf\",\"description\":\"F\u00fcr ganzheitliche Kommunikation\",\"publisher\":{\"@id\":\"https:\/\/smart-pr.de\/de\/#organization\"},\"potentialAction\":[{\"@type\":\"SearchAction\",\"target\":{\"@type\":\"EntryPoint\",\"urlTemplate\":\"https:\/\/smart-pr.de\/de\/?s={search_term_string}\"},\"query-input\":{\"@type\":\"PropertyValueSpecification\",\"valueRequired\":true,\"valueName\":\"search_term_string\"}}],\"inLanguage\":\"de\"},{\"@type\":\"Organization\",\"@id\":\"https:\/\/smart-pr.de\/de\/#organization\",\"name\":\"SMART PR \/\/ Ihre PR-Agentur in D\u00fcsseldorf\",\"url\":\"https:\/\/smart-pr.de\/de\/\",\"logo\":{\"@type\":\"ImageObject\",\"inLanguage\":\"de\",\"@id\":\"https:\/\/smart-pr.de\/de\/#\/schema\/logo\/image\/\",\"url\":\"https:\/\/smart-pr.de\/wp-content\/uploads\/2024\/08\/smart-pr-logo-2.png\",\"contentUrl\":\"https:\/\/smart-pr.de\/wp-content\/uploads\/2024\/08\/smart-pr-logo-2.png\",\"width\":1800,\"height\":282,\"caption\":\"SMART PR \/\/ Ihre PR-Agentur in D\u00fcsseldorf\"},\"image\":{\"@id\":\"https:\/\/smart-pr.de\/de\/#\/schema\/logo\/image\/\"}}]}<\/script>\n<!-- \/ Yoast SEO plugin. -->","yoast_head_json":{"title":"Content Strategie - SMART PR \/\/ Ihre PR-Agentur in D\u00fcsseldorf","robots":{"index":"index","follow":"follow","max-snippet":"max-snippet:-1","max-image-preview":"max-image-preview:large","max-video-preview":"max-video-preview:-1"},"canonical":"https:\/\/smart-pr.de\/de\/content-strategie\/","og_locale":"de_DE","og_type":"article","og_title":"Content Strategie - SMART PR \/\/ Ihre PR-Agentur in D\u00fcsseldorf","og_url":"https:\/\/smart-pr.de\/de\/content-strategie\/","og_site_name":"SMART PR \/\/ Ihre PR-Agentur in D\u00fcsseldorf","article_modified_time":"2025-02-04T09:58:42+00:00","og_image":[{"width":2560,"height":1707,"url":"https:\/\/smart-pr.de\/wp-content\/uploads\/2024\/10\/SMART-PR-20171003-0045-scaled.jpg","type":"image\/jpeg"}],"twitter_card":"summary_large_image","twitter_misc":{"Gesch\u00e4tzte Lesezeit":"5\u00a0Minuten"},"schema":{"@context":"https:\/\/schema.org","@graph":[{"@type":"WebPage","@id":"https:\/\/smart-pr.de\/de\/content-strategie\/","url":"https:\/\/smart-pr.de\/de\/content-strategie\/","name":"Content Strategie - SMART PR \/\/ Ihre PR-Agentur in D\u00fcsseldorf","isPartOf":{"@id":"https:\/\/smart-pr.de\/de\/#website"},"primaryImageOfPage":{"@id":"https:\/\/smart-pr.de\/de\/content-strategie\/#primaryimage"},"image":{"@id":"https:\/\/smart-pr.de\/de\/content-strategie\/#primaryimage"},"thumbnailUrl":"https:\/\/smart-pr.de\/wp-content\/uploads\/2024\/10\/SMART-PR-20171003-0045-scaled.jpg","datePublished":"2024-10-14T09:51:32+00:00","dateModified":"2025-02-04T09:58:42+00:00","breadcrumb":{"@id":"https:\/\/smart-pr.de\/de\/content-strategie\/#breadcrumb"},"inLanguage":"de","potentialAction":[{"@type":"ReadAction","target":["https:\/\/smart-pr.de\/de\/content-strategie\/"]}]},{"@type":"ImageObject","inLanguage":"de","@id":"https:\/\/smart-pr.de\/de\/content-strategie\/#primaryimage","url":"https:\/\/smart-pr.de\/wp-content\/uploads\/2024\/10\/SMART-PR-20171003-0045-scaled.jpg","contentUrl":"https:\/\/smart-pr.de\/wp-content\/uploads\/2024\/10\/SMART-PR-20171003-0045-scaled.jpg","width":2560,"height":1707,"caption":"SMART-PR-20171003-0045"},{"@type":"BreadcrumbList","@id":"https:\/\/smart-pr.de\/de\/content-strategie\/#breadcrumb","itemListElement":[{"@type":"ListItem","position":1,"name":"Startseite","item":"https:\/\/smart-pr.de\/de\/"},{"@type":"ListItem","position":2,"name":"Content Strategie"}]},{"@type":"WebSite","@id":"https:\/\/smart-pr.de\/de\/#website","url":"https:\/\/smart-pr.de\/de\/","name":"SMART PR \/\/ Ihre PR-Agentur in D\u00fcsseldorf","description":"F\u00fcr ganzheitliche Kommunikation","publisher":{"@id":"https:\/\/smart-pr.de\/de\/#organization"},"potentialAction":[{"@type":"SearchAction","target":{"@type":"EntryPoint","urlTemplate":"https:\/\/smart-pr.de\/de\/?s={search_term_string}"},"query-input":{"@type":"PropertyValueSpecification","valueRequired":true,"valueName":"search_term_string"}}],"inLanguage":"de"},{"@type":"Organization","@id":"https:\/\/smart-pr.de\/de\/#organization","name":"SMART PR \/\/ Ihre PR-Agentur in D\u00fcsseldorf","url":"https:\/\/smart-pr.de\/de\/","logo":{"@type":"ImageObject","inLanguage":"de","@id":"https:\/\/smart-pr.de\/de\/#\/schema\/logo\/image\/","url":"https:\/\/smart-pr.de\/wp-content\/uploads\/2024\/08\/smart-pr-logo-2.png","contentUrl":"https:\/\/smart-pr.de\/wp-content\/uploads\/2024\/08\/smart-pr-logo-2.png","width":1800,"height":282,"caption":"SMART PR \/\/ Ihre PR-Agentur in D\u00fcsseldorf"},"image":{"@id":"https:\/\/smart-pr.de\/de\/#\/schema\/logo\/image\/"}}]}},"_links":{"self":[{"href":"https:\/\/smart-pr.de\/de\/wp-json\/wp\/v2\/pages\/4328","targetHints":{"allow":["GET"]}}],"collection":[{"href":"https:\/\/smart-pr.de\/de\/wp-json\/wp\/v2\/pages"}],"about":[{"href":"https:\/\/smart-pr.de\/de\/wp-json\/wp\/v2\/types\/page"}],"author":[{"embeddable":true,"href":"https:\/\/smart-pr.de\/de\/wp-json\/wp\/v2\/users\/2"}],"replies":[{"embeddable":true,"href":"https:\/\/smart-pr.de\/de\/wp-json\/wp\/v2\/comments?post=4328"}],"version-history":[{"count":14,"href":"https:\/\/smart-pr.de\/de\/wp-json\/wp\/v2\/pages\/4328\/revisions"}],"predecessor-version":[{"id":10891,"href":"https:\/\/smart-pr.de\/de\/wp-json\/wp\/v2\/pages\/4328\/revisions\/10891"}],"wp:featuredmedia":[{"embeddable":true,"href":"https:\/\/smart-pr.de\/de\/wp-json\/wp\/v2\/media\/4329"}],"wp:attachment":[{"href":"https:\/\/smart-pr.de\/de\/wp-json\/wp\/v2\/media?parent=4328"}],"curies":[{"name":"wp","href":"https:\/\/api.w.org\/{rel}","templated":true}]}}