{"id":4322,"date":"2024-10-14T09:28:45","date_gmt":"2024-10-14T09:28:45","guid":{"rendered":"https:\/\/messe.smart-pr.de\/?page_id=4322"},"modified":"2025-02-20T10:30:53","modified_gmt":"2025-02-20T10:30:53","slug":"anwendertraining-instagram-der-star","status":"publish","type":"page","link":"https:\/\/smart-pr.de\/de\/anwendertraining-instagram-der-star\/","title":{"rendered":"Anwendertraining \u201eInstagram \u2013 der Star\u201c"},"content":{"rendered":"<div class=\"wpb-content-wrapper\"><p>[vc_row full_width=&#8220;stretch_row_content_no_spaces&#8220; css=&#8220;.vc_custom_1730128212030{margin-top: -30px !important;}&#8220;][vc_column][vc_single_image image=&#8220;4323&#8243; img_size=&#8220;full&#8220; alignment=&#8220;center&#8220; css=&#8220;&#8220;][\/vc_column][\/vc_row][vc_row][vc_column width=&#8220;1\/6&#8243;][\/vc_column][vc_column width=&#8220;2\/3&#8243;][vc_column_text css=&#8220;&#8220;]<\/p>\n<div class=\"title thumbnail\">\n<div class=\"wrapper-h\">\n<h1 style=\"text-align: left;\"><strong>Anwendertraining \u201eInstagram \u2013 der Star\u201c<\/strong><\/h1>\n<\/div>\n<\/div>\n<div class=\"content single-page\">\n<div class=\"wrapper-h\">\n<div class=\"content-clear\" style=\"text-align: center;\"><\/div>\n<\/div>\n<\/div>\n<p>[\/vc_column_text][\/vc_column][vc_column width=&#8220;1\/6&#8243;][\/vc_column][\/vc_row][vc_row][vc_column width=&#8220;1\/6&#8243;][\/vc_column][vc_column width=&#8220;2\/3&#8243;][vc_column_text css=&#8220;&#8220;]<\/p>\n<div class=\"title thumbnail\">\n<div class=\"wrapper-h\">\n<p>Sie m\u00f6chten mit Ihrer Marke auf Instagram Erfolg haben? Fans begeistern und Kunden gewinnen?<\/p>\n<p>Instagram ist das Netzwerk, das die Social Media Landschaft der letzten Jahre am meisten pr\u00e4gte. Der Channel hat zur Ausbildung neuer Berufsformen wie Influencer und zur Entstehung neuer Kommunikationsformen wie Instagram Stories beigetragen und ist aus den Sozialen Netzwerken mittlerweile nicht mehr wegzudenken. W\u00e4hrend es dem einen ein Leichtes ist, hier eine gro\u00dfe Community aufzubauen und erfolgreich zu werden, ist die Plattform f\u00fcr andere immer noch ein gro\u00dfes Mysterium.<\/p>\n<\/div>\n<\/div>\n<p>[\/vc_column_text][\/vc_column][vc_column width=&#8220;1\/6&#8243;][\/vc_column][\/vc_row][vc_row][vc_column width=&#8220;1\/6&#8243;][\/vc_column][vc_column width=&#8220;2\/3&#8243;][vc_single_image image=&#8220;6462&#8243; img_size=&#8220;full&#8220; css=&#8220;&#8220;][\/vc_column][vc_column width=&#8220;1\/6&#8243;][\/vc_column][\/vc_row][vc_row][vc_column width=&#8220;1\/6&#8243;][\/vc_column][vc_column width=&#8220;2\/3&#8243;][vc_column_text css=&#8220;&#8220;]Foto von energepic.com[\/vc_column_text][\/vc_column][vc_column width=&#8220;1\/6&#8243;][\/vc_column][\/vc_row][vc_row][vc_column width=&#8220;1\/6&#8243;][\/vc_column][vc_column width=&#8220;2\/3&#8243;][vc_column_text css=&#8220;&#8220;]<\/p>\n<div class=\"title thumbnail\">\n<div class=\"wrapper-h\">\n<h2 class=\"wp-block-heading\"><strong>Ist dieser Workshop das Richtige f\u00fcr Sie?<\/strong><\/h2>\n<p>Sie \u00fcberlegen, einen Instagram Kanal aufzubauen, wissen aber nicht, wo Sie anfangen sollen, oder ob es \u00fcberhaupt der richtige Kanal f\u00fcr Ihre Zielgruppe ist? Von Basics \u00fcber den Aufbau Ihres Channels bis hin zur perfekten Instagram Strategie \u2013 bei uns lernen Sie alles \u00fcber den Star unter den Sozialen Netzwerken.<\/p>\n<h2 class=\"wp-block-heading\"><strong>Was lehrt der Instagram Workshop?<\/strong><\/h2>\n<p>Wir legen unseren Fokus auf drei Bereiche:<\/p>\n<ul class=\"wp-block-list\">\n<li>Grundlagen: Um mit einer Plattform zu arbeiten, muss man sie zun\u00e4chst verstehen. Welche M\u00f6glichkeiten gibt es auf Instagram? Welche Einschr\u00e4nkungen? Wer findet sich auf dem Netzwerk, wer nicht? In den Grundlagen gibt es alles von A bis Z zur bunten Bilderplattform.<\/li>\n<li>Strategie: Welche Ziele sollen auf Instagram verfolgt werden? Wer soll erreicht werden? Wo beginnt man? Eine gut durchdachte Strategie ist das A und O eines jeden Vorhabens. Wir helfen Ihnen, eine passende Strategie zu erstellen.<\/li>\n<li><a href=\"https:\/\/smart-pr.de\/de\/news\/blog\/8-instagram-hacks-fuer-community-manager\/\">Praktische Tipps<\/a>: von Digital Natives und Social Media Pros, mit denen Sie schneller und erfolgreicher arbeiten.<\/li>\n<\/ul>\n<h2 class=\"wp-block-heading\"><strong>Wie viel Zeit muss ich in das Anwendertraining investieren?<\/strong><\/h2>\n<p>Idealerweise 3 Stunden, bei Bedarf kann das Training aber auch auf eine konzentrierte 1,5-Stunden-Version gek\u00fcrzt oder auf ein ausf\u00fchrliches Halbtagestraining ausgeweitet werden. Wir arbeiten wahlweise aber auch mit Ihrem Team ausf\u00fchrlicher zusammen, wenn es darum geht, gemeinsam die richtige Strategie f\u00fcr diesen Kanal aufzusetzen.<\/p>\n<h2 class=\"wp-block-heading\"><strong>F\u00fcr wie viele Personen ist der Workshop ausgelegt?<\/strong><\/h2>\n<p>Eine gute Gruppengr\u00f6\u00dfe ist erfahrungsgem\u00e4\u00df eine Anzahl von maximal 10 Personen. Wenn gew\u00fcnscht, kann das Training aber auch in Kleingruppen oder im gro\u00dfen Rahmen veranstaltet werden.<\/p>\n<h3 class=\"wp-block-heading\">Nehmen Sie jetzt Kontakt auf:<\/h3>\n<p>Anke Kisters<br \/>\n+49 211 2709-204<br \/>\n<a href=\"mailto:kisters@smart-pr.de\">kisters@smart-pr.de<\/a><br \/>\nTalstra\u00dfe 22-24<br \/>\n40217 D\u00fcsseldorf<\/p>\n<\/div>\n<\/div>\n<p>[\/vc_column_text][\/vc_column][vc_column width=&#8220;1\/6&#8243;][\/vc_column][\/vc_row]<\/p>\n<\/div>","protected":false},"excerpt":{"rendered":"[vc_row full_width=\"stretch_row_content_no_spaces\" css=\".vc_custom_1730128212030{margin-top: -30px !important;}\"][vc_column][vc_single_image image=\"4323\" img_size=\"full\" alignment=\"center\" css=\"\"][\/vc_column][\/vc_row][vc_row][vc_column width=\"1\/6\"][\/vc_column][vc_column width=\"2\/3\"][vc_column_text css=\"\"] Anwendertraining \u201eInstagram \u2013<span class=\"excerpt-hellip\"> [\u2026]<\/span>","protected":false},"author":2,"featured_media":4323,"parent":0,"menu_order":0,"comment_status":"closed","ping_status":"closed","template":"","meta":{"footnotes":""},"class_list":["post-4322","page","type-page","status-publish","has-post-thumbnail","hentry"],"yoast_head":"<!-- This site is optimized with the Yoast SEO plugin v25.6 - https:\/\/yoast.com\/wordpress\/plugins\/seo\/ -->\n<title>Anwendertraining: Instagram - Der Star der sozialen Medien<\/title>\n<meta name=\"description\" content=\"Meistern Sie Instagram mit unserem Anwendertraining und machen Sie Ihre Marke zum Star auf der Plattform.\" \/>\n<meta name=\"robots\" content=\"index, follow, max-snippet:-1, max-image-preview:large, max-video-preview:-1\" \/>\n<link rel=\"canonical\" href=\"https:\/\/smart-pr.de\/de\/anwendertraining-instagram-der-star\/\" \/>\n<meta property=\"og:locale\" content=\"de_DE\" \/>\n<meta property=\"og:type\" content=\"article\" \/>\n<meta property=\"og:title\" content=\"Anwendertraining: Instagram - Der Star der sozialen Medien\" \/>\n<meta property=\"og:description\" content=\"Meistern Sie Instagram mit unserem Anwendertraining und machen Sie Ihre Marke zum Star auf der Plattform.\" \/>\n<meta property=\"og:url\" content=\"https:\/\/smart-pr.de\/de\/anwendertraining-instagram-der-star\/\" \/>\n<meta property=\"og:site_name\" content=\"SMART PR \/\/ Ihre PR-Agentur in D\u00fcsseldorf\" \/>\n<meta property=\"article:modified_time\" content=\"2025-02-20T10:30:53+00:00\" \/>\n<meta property=\"og:image\" content=\"https:\/\/smart-pr.de\/wp-content\/uploads\/2024\/10\/4-1.png\" \/>\n\t<meta property=\"og:image:width\" content=\"1920\" \/>\n\t<meta property=\"og:image:height\" content=\"768\" \/>\n\t<meta property=\"og:image:type\" content=\"image\/png\" \/>\n<meta name=\"twitter:card\" content=\"summary_large_image\" \/>\n<meta name=\"twitter:label1\" content=\"Gesch\u00e4tzte Lesezeit\" \/>\n\t<meta name=\"twitter:data1\" content=\"3\u00a0Minuten\" \/>\n<script type=\"application\/ld+json\" class=\"yoast-schema-graph\">{\"@context\":\"https:\/\/schema.org\",\"@graph\":[{\"@type\":\"WebPage\",\"@id\":\"https:\/\/smart-pr.de\/de\/anwendertraining-instagram-der-star\/\",\"url\":\"https:\/\/smart-pr.de\/de\/anwendertraining-instagram-der-star\/\",\"name\":\"Anwendertraining: Instagram - Der Star der sozialen Medien\",\"isPartOf\":{\"@id\":\"https:\/\/smart-pr.de\/de\/#website\"},\"primaryImageOfPage\":{\"@id\":\"https:\/\/smart-pr.de\/de\/anwendertraining-instagram-der-star\/#primaryimage\"},\"image\":{\"@id\":\"https:\/\/smart-pr.de\/de\/anwendertraining-instagram-der-star\/#primaryimage\"},\"thumbnailUrl\":\"https:\/\/smart-pr.de\/wp-content\/uploads\/2024\/10\/4-1.png\",\"datePublished\":\"2024-10-14T09:28:45+00:00\",\"dateModified\":\"2025-02-20T10:30:53+00:00\",\"description\":\"Meistern Sie Instagram mit unserem Anwendertraining und machen Sie Ihre Marke zum Star auf der Plattform.\",\"breadcrumb\":{\"@id\":\"https:\/\/smart-pr.de\/de\/anwendertraining-instagram-der-star\/#breadcrumb\"},\"inLanguage\":\"de\",\"potentialAction\":[{\"@type\":\"ReadAction\",\"target\":[\"https:\/\/smart-pr.de\/de\/anwendertraining-instagram-der-star\/\"]}]},{\"@type\":\"ImageObject\",\"inLanguage\":\"de\",\"@id\":\"https:\/\/smart-pr.de\/de\/anwendertraining-instagram-der-star\/#primaryimage\",\"url\":\"https:\/\/smart-pr.de\/wp-content\/uploads\/2024\/10\/4-1.png\",\"contentUrl\":\"https:\/\/smart-pr.de\/wp-content\/uploads\/2024\/10\/4-1.png\",\"width\":1920,\"height\":768,\"caption\":\"Anwendertraining \u201eInstagram \u2013 der Star\u201c\"},{\"@type\":\"BreadcrumbList\",\"@id\":\"https:\/\/smart-pr.de\/de\/anwendertraining-instagram-der-star\/#breadcrumb\",\"itemListElement\":[{\"@type\":\"ListItem\",\"position\":1,\"name\":\"Startseite\",\"item\":\"https:\/\/smart-pr.de\/de\/\"},{\"@type\":\"ListItem\",\"position\":2,\"name\":\"Anwendertraining \u201eInstagram \u2013 der Star\u201c\"}]},{\"@type\":\"WebSite\",\"@id\":\"https:\/\/smart-pr.de\/de\/#website\",\"url\":\"https:\/\/smart-pr.de\/de\/\",\"name\":\"SMART PR \/\/ Ihre PR-Agentur in D\u00fcsseldorf\",\"description\":\"F\u00fcr ganzheitliche Kommunikation\",\"publisher\":{\"@id\":\"https:\/\/smart-pr.de\/de\/#organization\"},\"potentialAction\":[{\"@type\":\"SearchAction\",\"target\":{\"@type\":\"EntryPoint\",\"urlTemplate\":\"https:\/\/smart-pr.de\/de\/?s={search_term_string}\"},\"query-input\":{\"@type\":\"PropertyValueSpecification\",\"valueRequired\":true,\"valueName\":\"search_term_string\"}}],\"inLanguage\":\"de\"},{\"@type\":\"Organization\",\"@id\":\"https:\/\/smart-pr.de\/de\/#organization\",\"name\":\"SMART PR \/\/ Ihre PR-Agentur in D\u00fcsseldorf\",\"url\":\"https:\/\/smart-pr.de\/de\/\",\"logo\":{\"@type\":\"ImageObject\",\"inLanguage\":\"de\",\"@id\":\"https:\/\/smart-pr.de\/de\/#\/schema\/logo\/image\/\",\"url\":\"https:\/\/smart-pr.de\/wp-content\/uploads\/2024\/08\/smart-pr-logo-2.png\",\"contentUrl\":\"https:\/\/smart-pr.de\/wp-content\/uploads\/2024\/08\/smart-pr-logo-2.png\",\"width\":1800,\"height\":282,\"caption\":\"SMART PR \/\/ Ihre PR-Agentur in D\u00fcsseldorf\"},\"image\":{\"@id\":\"https:\/\/smart-pr.de\/de\/#\/schema\/logo\/image\/\"}}]}<\/script>\n<!-- \/ Yoast SEO plugin. -->","yoast_head_json":{"title":"Anwendertraining: Instagram - Der Star der sozialen Medien","description":"Meistern Sie Instagram mit unserem Anwendertraining und machen Sie Ihre Marke zum Star auf der Plattform.","robots":{"index":"index","follow":"follow","max-snippet":"max-snippet:-1","max-image-preview":"max-image-preview:large","max-video-preview":"max-video-preview:-1"},"canonical":"https:\/\/smart-pr.de\/de\/anwendertraining-instagram-der-star\/","og_locale":"de_DE","og_type":"article","og_title":"Anwendertraining: Instagram - Der Star der sozialen Medien","og_description":"Meistern Sie Instagram mit unserem Anwendertraining und machen Sie Ihre Marke zum Star auf der Plattform.","og_url":"https:\/\/smart-pr.de\/de\/anwendertraining-instagram-der-star\/","og_site_name":"SMART PR \/\/ Ihre PR-Agentur in D\u00fcsseldorf","article_modified_time":"2025-02-20T10:30:53+00:00","og_image":[{"width":1920,"height":768,"url":"https:\/\/smart-pr.de\/wp-content\/uploads\/2024\/10\/4-1.png","type":"image\/png"}],"twitter_card":"summary_large_image","twitter_misc":{"Gesch\u00e4tzte Lesezeit":"3\u00a0Minuten"},"schema":{"@context":"https:\/\/schema.org","@graph":[{"@type":"WebPage","@id":"https:\/\/smart-pr.de\/de\/anwendertraining-instagram-der-star\/","url":"https:\/\/smart-pr.de\/de\/anwendertraining-instagram-der-star\/","name":"Anwendertraining: Instagram - Der Star der sozialen Medien","isPartOf":{"@id":"https:\/\/smart-pr.de\/de\/#website"},"primaryImageOfPage":{"@id":"https:\/\/smart-pr.de\/de\/anwendertraining-instagram-der-star\/#primaryimage"},"image":{"@id":"https:\/\/smart-pr.de\/de\/anwendertraining-instagram-der-star\/#primaryimage"},"thumbnailUrl":"https:\/\/smart-pr.de\/wp-content\/uploads\/2024\/10\/4-1.png","datePublished":"2024-10-14T09:28:45+00:00","dateModified":"2025-02-20T10:30:53+00:00","description":"Meistern Sie Instagram mit unserem Anwendertraining und machen Sie Ihre Marke zum Star auf der Plattform.","breadcrumb":{"@id":"https:\/\/smart-pr.de\/de\/anwendertraining-instagram-der-star\/#breadcrumb"},"inLanguage":"de","potentialAction":[{"@type":"ReadAction","target":["https:\/\/smart-pr.de\/de\/anwendertraining-instagram-der-star\/"]}]},{"@type":"ImageObject","inLanguage":"de","@id":"https:\/\/smart-pr.de\/de\/anwendertraining-instagram-der-star\/#primaryimage","url":"https:\/\/smart-pr.de\/wp-content\/uploads\/2024\/10\/4-1.png","contentUrl":"https:\/\/smart-pr.de\/wp-content\/uploads\/2024\/10\/4-1.png","width":1920,"height":768,"caption":"Anwendertraining \u201eInstagram \u2013 der Star\u201c"},{"@type":"BreadcrumbList","@id":"https:\/\/smart-pr.de\/de\/anwendertraining-instagram-der-star\/#breadcrumb","itemListElement":[{"@type":"ListItem","position":1,"name":"Startseite","item":"https:\/\/smart-pr.de\/de\/"},{"@type":"ListItem","position":2,"name":"Anwendertraining \u201eInstagram \u2013 der Star\u201c"}]},{"@type":"WebSite","@id":"https:\/\/smart-pr.de\/de\/#website","url":"https:\/\/smart-pr.de\/de\/","name":"SMART PR \/\/ Ihre PR-Agentur in D\u00fcsseldorf","description":"F\u00fcr ganzheitliche Kommunikation","publisher":{"@id":"https:\/\/smart-pr.de\/de\/#organization"},"potentialAction":[{"@type":"SearchAction","target":{"@type":"EntryPoint","urlTemplate":"https:\/\/smart-pr.de\/de\/?s={search_term_string}"},"query-input":{"@type":"PropertyValueSpecification","valueRequired":true,"valueName":"search_term_string"}}],"inLanguage":"de"},{"@type":"Organization","@id":"https:\/\/smart-pr.de\/de\/#organization","name":"SMART PR \/\/ Ihre PR-Agentur in D\u00fcsseldorf","url":"https:\/\/smart-pr.de\/de\/","logo":{"@type":"ImageObject","inLanguage":"de","@id":"https:\/\/smart-pr.de\/de\/#\/schema\/logo\/image\/","url":"https:\/\/smart-pr.de\/wp-content\/uploads\/2024\/08\/smart-pr-logo-2.png","contentUrl":"https:\/\/smart-pr.de\/wp-content\/uploads\/2024\/08\/smart-pr-logo-2.png","width":1800,"height":282,"caption":"SMART PR \/\/ Ihre PR-Agentur in D\u00fcsseldorf"},"image":{"@id":"https:\/\/smart-pr.de\/de\/#\/schema\/logo\/image\/"}}]}},"_links":{"self":[{"href":"https:\/\/smart-pr.de\/de\/wp-json\/wp\/v2\/pages\/4322","targetHints":{"allow":["GET"]}}],"collection":[{"href":"https:\/\/smart-pr.de\/de\/wp-json\/wp\/v2\/pages"}],"about":[{"href":"https:\/\/smart-pr.de\/de\/wp-json\/wp\/v2\/types\/page"}],"author":[{"embeddable":true,"href":"https:\/\/smart-pr.de\/de\/wp-json\/wp\/v2\/users\/2"}],"replies":[{"embeddable":true,"href":"https:\/\/smart-pr.de\/de\/wp-json\/wp\/v2\/comments?post=4322"}],"version-history":[{"count":7,"href":"https:\/\/smart-pr.de\/de\/wp-json\/wp\/v2\/pages\/4322\/revisions"}],"predecessor-version":[{"id":9439,"href":"https:\/\/smart-pr.de\/de\/wp-json\/wp\/v2\/pages\/4322\/revisions\/9439"}],"wp:featuredmedia":[{"embeddable":true,"href":"https:\/\/smart-pr.de\/de\/wp-json\/wp\/v2\/media\/4323"}],"wp:attachment":[{"href":"https:\/\/smart-pr.de\/de\/wp-json\/wp\/v2\/media?parent=4322"}],"curies":[{"name":"wp","href":"https:\/\/api.w.org\/{rel}","templated":true}]}}