{"id":4309,"date":"2024-10-14T09:05:09","date_gmt":"2024-10-14T09:05:09","guid":{"rendered":"https:\/\/messe.smart-pr.de\/?page_id=4309"},"modified":"2025-02-20T10:29:58","modified_gmt":"2025-02-20T10:29:58","slug":"strategietraining-online-publishing-owned-media-verstehen","status":"publish","type":"page","link":"https:\/\/smart-pr.de\/de\/strategietraining-online-publishing-owned-media-verstehen\/","title":{"rendered":"Strategietraining \u201eOnline-Publishing \u2013 Owned Media verstehen\u201c"},"content":{"rendered":"<div class=\"wpb-content-wrapper\"><p>[vc_row full_width=&#8220;stretch_row_content_no_spaces&#8220; css=&#8220;.vc_custom_1730128123876{margin-top: -30px !important;}&#8220;][vc_column][vc_single_image image=&#8220;4310&#8243; img_size=&#8220;full&#8220; alignment=&#8220;center&#8220; css=&#8220;&#8220;][\/vc_column][\/vc_row][vc_row][vc_column width=&#8220;1\/6&#8243;][\/vc_column][vc_column width=&#8220;2\/3&#8243;][vc_column_text css=&#8220;&#8220;]<\/p>\n<div class=\"title thumbnail\">\n<div class=\"wrapper-h\">\n<h1 style=\"text-align: left;\"><strong>Strategietraining \u201eOnline-Publishing \u2013 Owned Media verstehen\u201c<\/strong><\/h1>\n<\/div>\n<\/div>\n<div class=\"content single-page\">\n<div class=\"wrapper-h\">\n<div class=\"content-clear\" style=\"text-align: center;\"><\/div>\n<\/div>\n<\/div>\n<p>[\/vc_column_text][\/vc_column][vc_column width=&#8220;1\/6&#8243;][\/vc_column][\/vc_row][vc_row][vc_column width=&#8220;1\/6&#8243;][\/vc_column][vc_column width=&#8220;2\/3&#8243;][vc_column_text css=&#8220;&#8220;]<\/p>\n<div class=\"title thumbnail\">\n<div class=\"wrapper-h\">\n<p>Sie haben einen Blog und dieser generiert einfach nicht die gew\u00fcnschten Reichweiten? Sie \u00fcberlegen, ein eigenes Online Magazin zu gr\u00fcnden, aber Ihnen fehlt daf\u00fcr noch die richtige Strategie?<\/p>\n<p>Mit eigenen Medienangeboten haben Sie das Zepter in der Hand und k\u00f6nnen Themen gezielt platzieren \u2013 wann und wie Sie wollen. Dass das mit einer gut durchdachten Strategie passieren sollte, versteht sich von selbst. Von der Inbound Strategie bis zur Content-Planung helfen wir Ihnen, Ihre Owned Media richtig einzusetzen.<\/p>\n<h2 class=\"wp-block-heading\"><strong>Ist dieser Workshop das Richtige f\u00fcr Sie?<\/strong><\/h2>\n<p>Sie haben schon einmal von SEO und\u00a0<a href=\"https:\/\/smart-pr.de\/de\/news\/blog\/erfolgreiche-kampagnen-mit-inbound-marketing\/\">Inbound Marketing<\/a>\u00a0geh\u00f6rt, wissen aber nicht, wie das mit Ihrem Blog zusammenh\u00e4ngt? Sie kennen zwar Ihre Zielgruppe, diese liest aber Ihr Magazin nicht? Wir geben Ihnen konkrete Praxisempfehlungen auf den Weg und helfen Ihnen, Ihr Medium erfolgreich zu machen.<\/p>\n<h2 class=\"wp-block-heading\"><strong>Was lehrt der Workshop?<\/strong><\/h2>\n<p>Der Workshop legt den Fokus auf:<\/p>\n<ul class=\"wp-block-list\">\n<li>Erarbeitung einer\u00a0<a href=\"https:\/\/smart-pr.de\/content-strategie\/\">Content Strategie<\/a>: Welche Inhalte machen wo Sinn? Wie muss dieser zielgruppengerecht aufgearbeitet werden und wer sind meine Buyer Personas?<\/li>\n<li>Erstellung Content Cards: Was sind die Kanalspezifika, die bei der Contenterstellung ber\u00fccksichtigt werden m\u00fcssen?<\/li>\n<li>Redaktionsplanung: Welche Themen sollen platziert werden? Wie m\u00fcssen diese aufbereitet werden?<\/li>\n<\/ul>\n<h2 class=\"wp-block-heading\"><strong>Wie viel Zeit muss ich investieren?<\/strong><\/h2>\n<p>Idealerweise ist ein Tag \u00e0 8 Stunden inkl. Pause daf\u00fcr veranschlagt. Bei Bedarf kann das Training aber auch auf ein konzentriertes Halbtagestraining gek\u00fcrzt oder auf ein ausf\u00fchrliches Zweitages-Seminar ausgeweitet werden.<\/p>\n<h2 class=\"wp-block-heading\"><strong>F\u00fcr wie viele Personen ist der Workshop ausgelegt?<\/strong><\/h2>\n<p>Eine gute Gruppengr\u00f6\u00dfe ist erfahrungsgem\u00e4\u00df eine Anzahl von maximal 10 Personen. Wenn gew\u00fcnscht, kann das Training aber auch in Kleingruppen oder im gro\u00dfen Rahmen veranstaltet werden.<\/p>\n<h3 class=\"wp-block-heading\">Nehmen Sie jetzt Kontakt auf:<\/h3>\n<p>Anke Kisters<br \/>\n+49 211 2709-204<br \/>\n<a href=\"mailto:kisters@smart-pr.de\">kisters@smart-pr.de<\/a><br \/>\nTalstra\u00dfe 22-24<br \/>\n40217 D\u00fcsseldorf<\/p>\n<\/div>\n<\/div>\n<p>[\/vc_column_text][\/vc_column][vc_column width=&#8220;1\/6&#8243;][\/vc_column][\/vc_row]<\/p>\n<\/div>","protected":false},"excerpt":{"rendered":"[vc_row full_width=\"stretch_row_content_no_spaces\" css=\".vc_custom_1730128123876{margin-top: -30px !important;}\"][vc_column][vc_single_image image=\"4310\" img_size=\"full\" alignment=\"center\" css=\"\"][\/vc_column][\/vc_row][vc_row][vc_column width=\"1\/6\"][\/vc_column][vc_column width=\"2\/3\"][vc_column_text css=\"\"] Strategietraining \u201eOnline-Publishing \u2013<span class=\"excerpt-hellip\"> [\u2026]<\/span>","protected":false},"author":2,"featured_media":4310,"parent":0,"menu_order":0,"comment_status":"closed","ping_status":"closed","template":"","meta":{"footnotes":""},"class_list":["post-4309","page","type-page","status-publish","has-post-thumbnail","hentry"],"yoast_head":"<!-- This site is optimized with the Yoast SEO plugin v25.6 - https:\/\/yoast.com\/wordpress\/plugins\/seo\/ -->\n<title>Strategietraining: Owned Media im Online-Publishing - SMART PR<\/title>\n<meta name=\"description\" content=\"Entwickeln Sie mit unserem Strategietraining ein tiefes Verst\u00e4ndnis f\u00fcr Owned Media im Online-Publishing und steigern Sie Ihre Reichweite.\" \/>\n<meta name=\"robots\" content=\"index, follow, max-snippet:-1, max-image-preview:large, max-video-preview:-1\" \/>\n<link rel=\"canonical\" href=\"https:\/\/smart-pr.de\/de\/strategietraining-online-publishing-owned-media-verstehen\/\" \/>\n<meta property=\"og:locale\" content=\"de_DE\" \/>\n<meta property=\"og:type\" content=\"article\" \/>\n<meta property=\"og:title\" content=\"Strategietraining: Owned Media im Online-Publishing - SMART PR\" \/>\n<meta property=\"og:description\" content=\"Entwickeln Sie mit unserem Strategietraining ein tiefes Verst\u00e4ndnis f\u00fcr Owned Media im Online-Publishing und steigern Sie Ihre Reichweite.\" \/>\n<meta property=\"og:url\" content=\"https:\/\/smart-pr.de\/de\/strategietraining-online-publishing-owned-media-verstehen\/\" \/>\n<meta property=\"og:site_name\" content=\"SMART PR \/\/ Ihre PR-Agentur in D\u00fcsseldorf\" \/>\n<meta property=\"article:modified_time\" content=\"2025-02-20T10:29:58+00:00\" \/>\n<meta property=\"og:image\" content=\"https:\/\/smart-pr.de\/wp-content\/uploads\/2024\/10\/3-1.png\" \/>\n\t<meta property=\"og:image:width\" content=\"1920\" \/>\n\t<meta property=\"og:image:height\" content=\"768\" \/>\n\t<meta property=\"og:image:type\" content=\"image\/png\" \/>\n<meta name=\"twitter:card\" content=\"summary_large_image\" \/>\n<meta name=\"twitter:label1\" content=\"Gesch\u00e4tzte Lesezeit\" \/>\n\t<meta name=\"twitter:data1\" content=\"2\u00a0Minuten\" \/>\n<script type=\"application\/ld+json\" class=\"yoast-schema-graph\">{\"@context\":\"https:\/\/schema.org\",\"@graph\":[{\"@type\":\"WebPage\",\"@id\":\"https:\/\/smart-pr.de\/de\/strategietraining-online-publishing-owned-media-verstehen\/\",\"url\":\"https:\/\/smart-pr.de\/de\/strategietraining-online-publishing-owned-media-verstehen\/\",\"name\":\"Strategietraining: Owned Media im Online-Publishing - SMART PR\",\"isPartOf\":{\"@id\":\"https:\/\/smart-pr.de\/de\/#website\"},\"primaryImageOfPage\":{\"@id\":\"https:\/\/smart-pr.de\/de\/strategietraining-online-publishing-owned-media-verstehen\/#primaryimage\"},\"image\":{\"@id\":\"https:\/\/smart-pr.de\/de\/strategietraining-online-publishing-owned-media-verstehen\/#primaryimage\"},\"thumbnailUrl\":\"https:\/\/smart-pr.de\/wp-content\/uploads\/2024\/10\/3-1.png\",\"datePublished\":\"2024-10-14T09:05:09+00:00\",\"dateModified\":\"2025-02-20T10:29:58+00:00\",\"description\":\"Entwickeln Sie mit unserem Strategietraining ein tiefes Verst\u00e4ndnis f\u00fcr Owned Media im Online-Publishing und steigern Sie Ihre Reichweite.\",\"breadcrumb\":{\"@id\":\"https:\/\/smart-pr.de\/de\/strategietraining-online-publishing-owned-media-verstehen\/#breadcrumb\"},\"inLanguage\":\"de\",\"potentialAction\":[{\"@type\":\"ReadAction\",\"target\":[\"https:\/\/smart-pr.de\/de\/strategietraining-online-publishing-owned-media-verstehen\/\"]}]},{\"@type\":\"ImageObject\",\"inLanguage\":\"de\",\"@id\":\"https:\/\/smart-pr.de\/de\/strategietraining-online-publishing-owned-media-verstehen\/#primaryimage\",\"url\":\"https:\/\/smart-pr.de\/wp-content\/uploads\/2024\/10\/3-1.png\",\"contentUrl\":\"https:\/\/smart-pr.de\/wp-content\/uploads\/2024\/10\/3-1.png\",\"width\":1920,\"height\":768,\"caption\":\"Strategietraining \u201eOnline-Publishing \u2013 Owned Media verstehen\u201c\"},{\"@type\":\"BreadcrumbList\",\"@id\":\"https:\/\/smart-pr.de\/de\/strategietraining-online-publishing-owned-media-verstehen\/#breadcrumb\",\"itemListElement\":[{\"@type\":\"ListItem\",\"position\":1,\"name\":\"Startseite\",\"item\":\"https:\/\/smart-pr.de\/de\/\"},{\"@type\":\"ListItem\",\"position\":2,\"name\":\"Strategietraining \u201eOnline-Publishing \u2013 Owned Media verstehen\u201c\"}]},{\"@type\":\"WebSite\",\"@id\":\"https:\/\/smart-pr.de\/de\/#website\",\"url\":\"https:\/\/smart-pr.de\/de\/\",\"name\":\"SMART PR \/\/ Ihre PR-Agentur in D\u00fcsseldorf\",\"description\":\"F\u00fcr ganzheitliche Kommunikation\",\"publisher\":{\"@id\":\"https:\/\/smart-pr.de\/de\/#organization\"},\"potentialAction\":[{\"@type\":\"SearchAction\",\"target\":{\"@type\":\"EntryPoint\",\"urlTemplate\":\"https:\/\/smart-pr.de\/de\/?s={search_term_string}\"},\"query-input\":{\"@type\":\"PropertyValueSpecification\",\"valueRequired\":true,\"valueName\":\"search_term_string\"}}],\"inLanguage\":\"de\"},{\"@type\":\"Organization\",\"@id\":\"https:\/\/smart-pr.de\/de\/#organization\",\"name\":\"SMART PR \/\/ Ihre PR-Agentur in D\u00fcsseldorf\",\"url\":\"https:\/\/smart-pr.de\/de\/\",\"logo\":{\"@type\":\"ImageObject\",\"inLanguage\":\"de\",\"@id\":\"https:\/\/smart-pr.de\/de\/#\/schema\/logo\/image\/\",\"url\":\"https:\/\/smart-pr.de\/wp-content\/uploads\/2024\/08\/smart-pr-logo-2.png\",\"contentUrl\":\"https:\/\/smart-pr.de\/wp-content\/uploads\/2024\/08\/smart-pr-logo-2.png\",\"width\":1800,\"height\":282,\"caption\":\"SMART PR \/\/ Ihre PR-Agentur in D\u00fcsseldorf\"},\"image\":{\"@id\":\"https:\/\/smart-pr.de\/de\/#\/schema\/logo\/image\/\"}}]}<\/script>\n<!-- \/ Yoast SEO plugin. -->","yoast_head_json":{"title":"Strategietraining: Owned Media im Online-Publishing - SMART PR","description":"Entwickeln Sie mit unserem Strategietraining ein tiefes Verst\u00e4ndnis f\u00fcr Owned Media im Online-Publishing und steigern Sie Ihre Reichweite.","robots":{"index":"index","follow":"follow","max-snippet":"max-snippet:-1","max-image-preview":"max-image-preview:large","max-video-preview":"max-video-preview:-1"},"canonical":"https:\/\/smart-pr.de\/de\/strategietraining-online-publishing-owned-media-verstehen\/","og_locale":"de_DE","og_type":"article","og_title":"Strategietraining: Owned Media im Online-Publishing - SMART PR","og_description":"Entwickeln Sie mit unserem Strategietraining ein tiefes Verst\u00e4ndnis f\u00fcr Owned Media im Online-Publishing und steigern Sie Ihre Reichweite.","og_url":"https:\/\/smart-pr.de\/de\/strategietraining-online-publishing-owned-media-verstehen\/","og_site_name":"SMART PR \/\/ Ihre PR-Agentur in D\u00fcsseldorf","article_modified_time":"2025-02-20T10:29:58+00:00","og_image":[{"width":1920,"height":768,"url":"https:\/\/smart-pr.de\/wp-content\/uploads\/2024\/10\/3-1.png","type":"image\/png"}],"twitter_card":"summary_large_image","twitter_misc":{"Gesch\u00e4tzte Lesezeit":"2\u00a0Minuten"},"schema":{"@context":"https:\/\/schema.org","@graph":[{"@type":"WebPage","@id":"https:\/\/smart-pr.de\/de\/strategietraining-online-publishing-owned-media-verstehen\/","url":"https:\/\/smart-pr.de\/de\/strategietraining-online-publishing-owned-media-verstehen\/","name":"Strategietraining: Owned Media im Online-Publishing - SMART PR","isPartOf":{"@id":"https:\/\/smart-pr.de\/de\/#website"},"primaryImageOfPage":{"@id":"https:\/\/smart-pr.de\/de\/strategietraining-online-publishing-owned-media-verstehen\/#primaryimage"},"image":{"@id":"https:\/\/smart-pr.de\/de\/strategietraining-online-publishing-owned-media-verstehen\/#primaryimage"},"thumbnailUrl":"https:\/\/smart-pr.de\/wp-content\/uploads\/2024\/10\/3-1.png","datePublished":"2024-10-14T09:05:09+00:00","dateModified":"2025-02-20T10:29:58+00:00","description":"Entwickeln Sie mit unserem Strategietraining ein tiefes Verst\u00e4ndnis f\u00fcr Owned Media im Online-Publishing und steigern Sie Ihre Reichweite.","breadcrumb":{"@id":"https:\/\/smart-pr.de\/de\/strategietraining-online-publishing-owned-media-verstehen\/#breadcrumb"},"inLanguage":"de","potentialAction":[{"@type":"ReadAction","target":["https:\/\/smart-pr.de\/de\/strategietraining-online-publishing-owned-media-verstehen\/"]}]},{"@type":"ImageObject","inLanguage":"de","@id":"https:\/\/smart-pr.de\/de\/strategietraining-online-publishing-owned-media-verstehen\/#primaryimage","url":"https:\/\/smart-pr.de\/wp-content\/uploads\/2024\/10\/3-1.png","contentUrl":"https:\/\/smart-pr.de\/wp-content\/uploads\/2024\/10\/3-1.png","width":1920,"height":768,"caption":"Strategietraining \u201eOnline-Publishing \u2013 Owned Media verstehen\u201c"},{"@type":"BreadcrumbList","@id":"https:\/\/smart-pr.de\/de\/strategietraining-online-publishing-owned-media-verstehen\/#breadcrumb","itemListElement":[{"@type":"ListItem","position":1,"name":"Startseite","item":"https:\/\/smart-pr.de\/de\/"},{"@type":"ListItem","position":2,"name":"Strategietraining \u201eOnline-Publishing \u2013 Owned Media verstehen\u201c"}]},{"@type":"WebSite","@id":"https:\/\/smart-pr.de\/de\/#website","url":"https:\/\/smart-pr.de\/de\/","name":"SMART PR \/\/ Ihre PR-Agentur in D\u00fcsseldorf","description":"F\u00fcr ganzheitliche Kommunikation","publisher":{"@id":"https:\/\/smart-pr.de\/de\/#organization"},"potentialAction":[{"@type":"SearchAction","target":{"@type":"EntryPoint","urlTemplate":"https:\/\/smart-pr.de\/de\/?s={search_term_string}"},"query-input":{"@type":"PropertyValueSpecification","valueRequired":true,"valueName":"search_term_string"}}],"inLanguage":"de"},{"@type":"Organization","@id":"https:\/\/smart-pr.de\/de\/#organization","name":"SMART PR \/\/ Ihre PR-Agentur in D\u00fcsseldorf","url":"https:\/\/smart-pr.de\/de\/","logo":{"@type":"ImageObject","inLanguage":"de","@id":"https:\/\/smart-pr.de\/de\/#\/schema\/logo\/image\/","url":"https:\/\/smart-pr.de\/wp-content\/uploads\/2024\/08\/smart-pr-logo-2.png","contentUrl":"https:\/\/smart-pr.de\/wp-content\/uploads\/2024\/08\/smart-pr-logo-2.png","width":1800,"height":282,"caption":"SMART PR \/\/ Ihre PR-Agentur in D\u00fcsseldorf"},"image":{"@id":"https:\/\/smart-pr.de\/de\/#\/schema\/logo\/image\/"}}]}},"_links":{"self":[{"href":"https:\/\/smart-pr.de\/de\/wp-json\/wp\/v2\/pages\/4309","targetHints":{"allow":["GET"]}}],"collection":[{"href":"https:\/\/smart-pr.de\/de\/wp-json\/wp\/v2\/pages"}],"about":[{"href":"https:\/\/smart-pr.de\/de\/wp-json\/wp\/v2\/types\/page"}],"author":[{"embeddable":true,"href":"https:\/\/smart-pr.de\/de\/wp-json\/wp\/v2\/users\/2"}],"replies":[{"embeddable":true,"href":"https:\/\/smart-pr.de\/de\/wp-json\/wp\/v2\/comments?post=4309"}],"version-history":[{"count":7,"href":"https:\/\/smart-pr.de\/de\/wp-json\/wp\/v2\/pages\/4309\/revisions"}],"predecessor-version":[{"id":9426,"href":"https:\/\/smart-pr.de\/de\/wp-json\/wp\/v2\/pages\/4309\/revisions\/9426"}],"wp:featuredmedia":[{"embeddable":true,"href":"https:\/\/smart-pr.de\/de\/wp-json\/wp\/v2\/media\/4310"}],"wp:attachment":[{"href":"https:\/\/smart-pr.de\/de\/wp-json\/wp\/v2\/media?parent=4309"}],"curies":[{"name":"wp","href":"https:\/\/api.w.org\/{rel}","templated":true}]}}