{"id":4274,"date":"2024-10-14T08:14:11","date_gmt":"2024-10-14T08:14:11","guid":{"rendered":"https:\/\/messe.smart-pr.de\/?page_id=4274"},"modified":"2025-02-20T10:27:12","modified_gmt":"2025-02-20T10:27:12","slug":"business-netzwerke-und-corporate-influencer","status":"publish","type":"page","link":"https:\/\/smart-pr.de\/de\/business-netzwerke-und-corporate-influencer\/","title":{"rendered":"Business Netzwerke und Corporate Influencer"},"content":{"rendered":"<div class=\"wpb-content-wrapper\"><p>[vc_row full_width=&#8220;stretch_row_content_no_spaces&#8220; css=&#8220;.vc_custom_1730127770767{margin-top: -30px !important;}&#8220;][vc_column][vc_single_image image=&#8220;4275&#8243; img_size=&#8220;full&#8220; alignment=&#8220;center&#8220; css=&#8220;&#8220;][\/vc_column][\/vc_row][vc_row][vc_column width=&#8220;1\/6&#8243;][\/vc_column][vc_column width=&#8220;2\/3&#8243;][vc_column_text css=&#8220;&#8220;]<\/p>\n<div class=\"title thumbnail\">\n<div class=\"wrapper-h\">\n<h1 style=\"text-align: left;\"><strong>Business Netzwerke und Corporate Influencer<\/strong><\/h1>\n<\/div>\n<\/div>\n<div class=\"content single-page\">\n<div class=\"wrapper-h\">\n<div class=\"content-clear\" style=\"text-align: left;\"><\/div>\n<\/div>\n<\/div>\n<p>[\/vc_column_text][\/vc_column][vc_column width=&#8220;1\/6&#8243;][\/vc_column][\/vc_row][vc_row][vc_column width=&#8220;1\/6&#8243;][\/vc_column][vc_column width=&#8220;2\/3&#8243;][vc_column_text css=&#8220;&#8220;]<\/p>\n<div class=\"title thumbnail\">\n<div class=\"wrapper-h\">\n<p>Sie arbeiten in der F\u00fchrungsetage eines Unternehmens und m\u00f6chten Ihr pers\u00f6nliches Profil auf Social Media stark machen? Sie m\u00f6chten Mitarbeiter dazu bef\u00e4higen, im Namen Ihres Unternehmens auf den sozialen Medien Ihre Meinung zu vertreten?<\/p>\n<p>Das Schlagwort\u00a0<a href=\"https:\/\/smart-pr.de\/corporate-influencer-in-business-netzwerken-authentische-botschafter-fuers-unternehmen\/\" target=\"_blank\" rel=\"noopener\">Corporate Influencer<\/a> ist heutzutage in aller Munde und prominente Beispiele wie Richard Branson von Virgin machen es vor. Sie twittern, erstellen Instagram Stories und geben Ihre Expertenmeinung auf XING und LinkedIn preis. Wer es schafft, seine Mitarbeiter oder gar die Chefetage zum eigenst\u00e4ndigen Agieren auf Social Media zu bef\u00e4higen, bekommt die authentischste Kommunikation im Auftrag des Unternehmens.<\/p>\n<\/div>\n<\/div>\n<p>[\/vc_column_text][\/vc_column][vc_column width=&#8220;1\/6&#8243;][\/vc_column][\/vc_row][vc_row][vc_column width=&#8220;1\/6&#8243;][\/vc_column][vc_column width=&#8220;2\/3&#8243;][vc_single_image image=&#8220;6453&#8243; img_size=&#8220;full&#8220; css=&#8220;&#8220;][\/vc_column][vc_column width=&#8220;1\/6&#8243;][\/vc_column][\/vc_row][vc_row][vc_column width=&#8220;1\/6&#8243;][\/vc_column][vc_column width=&#8220;2\/3&#8243;][vc_column_text css=&#8220;&#8220;]<\/p>\n<div class=\"title thumbnail\">\n<div class=\"wrapper-h\">\n<p>Bild von <a href=\"https:\/\/pixabay.com\/de\/users\/FotografieLink-6316043\/?utm_source=link-attribution&amp;utm_medium=referral&amp;utm_campaign=image&amp;utm_content=2697949\">Igor Link<\/a>\u00a0auf\u00a0<a href=\"https:\/\/pixabay.com\/de\/?utm_source=link-attribution&amp;utm_medium=referral&amp;utm_campaign=image&amp;utm_content=2697949\">Pixabay<\/a><\/p>\n<\/div>\n<\/div>\n<p>[\/vc_column_text][\/vc_column][vc_column width=&#8220;1\/6&#8243;][\/vc_column][\/vc_row][vc_row][vc_column width=&#8220;1\/6&#8243;][\/vc_column][vc_column width=&#8220;2\/3&#8243;][vc_column_text css=&#8220;&#8220;]<\/p>\n<div class=\"title thumbnail\">\n<div class=\"wrapper-h\">\n<h2 class=\"wp-block-heading\"><strong>Ist dieser Workshop das Richtige f\u00fcr Sie?<\/strong><\/h2>\n<p>Sie m\u00f6chten eine Personenmarke aufbauen oder Ihre Mitarbeiter zu Ambassadoren ausbilden lassen? Wir helfen Ihnen auf diesem Weg und leiten Sie von der richtigen Positionierung auf den richtigen Plattformen zur sinnvollsten Strategie.<\/p>\n<h2 class=\"wp-block-heading\"><strong>Was lehrt der Workshop f\u00fcr Business Netzwerke?<\/strong><\/h2>\n<p>Der Workshop legt den Fokus auf:<\/p>\n<ul class=\"wp-block-list\">\n<li>\u00dcberblick \u00fcber die\u00a0<a href=\"https:\/\/smart-pr.de\/de\/news\/blog\/warum-business-netzwerke-wichtig-sind-fuer-unternehmen\/\" target=\"_blank\" rel=\"noopener\">Business Netzwerke Plattformen<\/a>: Welche sozialen Medien sind m\u00f6glich f\u00fcr eine Corporate Influencer Strategie? Wo liegen die St\u00e4rken und Schw\u00e4chen der einzelnen Kan\u00e4le?<\/li>\n<li>Erstellung einer Strategie: Zu wem soll der Ambassador sprechen? Welche Ziele verfolgt er? Am Anfang aller Corporate Influencer Programme steht die richtige Strategie.<\/li>\n<li>Praktische Anwendung der Strategie: Prozessimplementierung und Redaktionsplanerstellung in der Praxis<\/li>\n<\/ul>\n<h2 class=\"wp-block-heading\"><strong>Wie viel Zeit muss ich investieren?<\/strong><\/h2>\n<p>F\u00fcr die theoretische Vorarbeit wird ein Tag \u00e0 8 Stunden inkl. Pause veranschlagt. Die Implementierungsphase sollte \u00fcber einen weiteren halben Tag besprochen werden.<\/p>\n<h2 class=\"wp-block-heading\"><strong>F\u00fcr wie viele Personen ist der Workshop ausgelegt?<\/strong><\/h2>\n<p>Die Gruppengr\u00f6\u00dfe h\u00e4ngt von der Gr\u00f6\u00dfe des Unternehmens ab. Idealerweise ist der erste Teil ein kleineres Team, gegebenenfalls sogar ein Einzeltraining. Im zweiten Teil ist die Gruppe idealerweise nicht gr\u00f6\u00dfer als ca. 10 Personen. Auf Wunsch k\u00f6nnen diese Gr\u00f6\u00dfen individuell angepasst werden.<\/p>\n<h3 class=\"wp-block-heading\">Nehmen Sie jetzt Kontakt auf:<\/h3>\n<p>Anke Kisters<br \/>\n+49 211 2709-204<br \/>\n<a href=\"mailto:kisters@smart-pr.de\">kisters@smart-pr.de<\/a><br \/>\nTalstra\u00dfe 22-24<br \/>\n40217 D\u00fcsseldorf<\/p>\n<div class=\"wp-block-image\"><\/div>\n<\/div>\n<\/div>\n<p>[\/vc_column_text][\/vc_column][vc_column width=&#8220;1\/6&#8243;][\/vc_column][\/vc_row]<\/p>\n<\/div>","protected":false},"excerpt":{"rendered":"[vc_row full_width=\"stretch_row_content_no_spaces\" css=\".vc_custom_1730127770767{margin-top: -30px !important;}\"][vc_column][vc_single_image image=\"4275\" img_size=\"full\" alignment=\"center\" css=\"\"][\/vc_column][\/vc_row][vc_row][vc_column width=\"1\/6\"][\/vc_column][vc_column width=\"2\/3\"][vc_column_text css=\"\"] Business Netzwerke und<span class=\"excerpt-hellip\"> [\u2026]<\/span>","protected":false},"author":2,"featured_media":4275,"parent":0,"menu_order":0,"comment_status":"closed","ping_status":"closed","template":"","meta":{"footnotes":""},"class_list":["post-4274","page","type-page","status-publish","has-post-thumbnail","hentry"],"yoast_head":"<!-- This site is optimized with the Yoast SEO plugin v25.6 - https:\/\/yoast.com\/wordpress\/plugins\/seo\/ -->\n<title>Business Netzwerke und Corporate Influencer - SMART PR<\/title>\n<meta name=\"description\" content=\"Erfahren Sie, wie Sie F\u00fchrungskr\u00e4fte und Mitarbeiter zu Corporate Influencern auf Business-Netzwerken entwickeln.\" \/>\n<meta name=\"robots\" content=\"index, follow, max-snippet:-1, max-image-preview:large, max-video-preview:-1\" \/>\n<link rel=\"canonical\" href=\"https:\/\/smart-pr.de\/de\/business-netzwerke-und-corporate-influencer\/\" \/>\n<meta property=\"og:locale\" content=\"de_DE\" \/>\n<meta property=\"og:type\" content=\"article\" \/>\n<meta property=\"og:title\" content=\"Business Netzwerke und Corporate Influencer - SMART PR\" \/>\n<meta property=\"og:description\" content=\"Erfahren Sie, wie Sie F\u00fchrungskr\u00e4fte und Mitarbeiter zu Corporate Influencern auf Business-Netzwerken entwickeln.\" \/>\n<meta property=\"og:url\" content=\"https:\/\/smart-pr.de\/de\/business-netzwerke-und-corporate-influencer\/\" \/>\n<meta property=\"og:site_name\" content=\"SMART PR \/\/ Ihre PR-Agentur in D\u00fcsseldorf\" \/>\n<meta property=\"article:modified_time\" content=\"2025-02-20T10:27:12+00:00\" \/>\n<meta property=\"og:image\" content=\"https:\/\/smart-pr.de\/wp-content\/uploads\/2024\/10\/1-1-1.png\" \/>\n\t<meta property=\"og:image:width\" content=\"1920\" \/>\n\t<meta property=\"og:image:height\" content=\"768\" \/>\n\t<meta property=\"og:image:type\" content=\"image\/png\" \/>\n<meta name=\"twitter:card\" content=\"summary_large_image\" \/>\n<meta name=\"twitter:label1\" content=\"Gesch\u00e4tzte Lesezeit\" \/>\n\t<meta name=\"twitter:data1\" content=\"3\u00a0Minuten\" \/>\n<script type=\"application\/ld+json\" class=\"yoast-schema-graph\">{\"@context\":\"https:\/\/schema.org\",\"@graph\":[{\"@type\":\"WebPage\",\"@id\":\"https:\/\/smart-pr.de\/de\/business-netzwerke-und-corporate-influencer\/\",\"url\":\"https:\/\/smart-pr.de\/de\/business-netzwerke-und-corporate-influencer\/\",\"name\":\"Business Netzwerke und Corporate Influencer - SMART PR\",\"isPartOf\":{\"@id\":\"https:\/\/smart-pr.de\/de\/#website\"},\"primaryImageOfPage\":{\"@id\":\"https:\/\/smart-pr.de\/de\/business-netzwerke-und-corporate-influencer\/#primaryimage\"},\"image\":{\"@id\":\"https:\/\/smart-pr.de\/de\/business-netzwerke-und-corporate-influencer\/#primaryimage\"},\"thumbnailUrl\":\"https:\/\/smart-pr.de\/wp-content\/uploads\/2024\/10\/1-1-1.png\",\"datePublished\":\"2024-10-14T08:14:11+00:00\",\"dateModified\":\"2025-02-20T10:27:12+00:00\",\"description\":\"Erfahren Sie, wie Sie F\u00fchrungskr\u00e4fte und Mitarbeiter zu Corporate Influencern auf Business-Netzwerken entwickeln.\",\"breadcrumb\":{\"@id\":\"https:\/\/smart-pr.de\/de\/business-netzwerke-und-corporate-influencer\/#breadcrumb\"},\"inLanguage\":\"de\",\"potentialAction\":[{\"@type\":\"ReadAction\",\"target\":[\"https:\/\/smart-pr.de\/de\/business-netzwerke-und-corporate-influencer\/\"]}]},{\"@type\":\"ImageObject\",\"inLanguage\":\"de\",\"@id\":\"https:\/\/smart-pr.de\/de\/business-netzwerke-und-corporate-influencer\/#primaryimage\",\"url\":\"https:\/\/smart-pr.de\/wp-content\/uploads\/2024\/10\/1-1-1.png\",\"contentUrl\":\"https:\/\/smart-pr.de\/wp-content\/uploads\/2024\/10\/1-1-1.png\",\"width\":1920,\"height\":768,\"caption\":\"Business Netzwerke und Corporate Influencer\"},{\"@type\":\"BreadcrumbList\",\"@id\":\"https:\/\/smart-pr.de\/de\/business-netzwerke-und-corporate-influencer\/#breadcrumb\",\"itemListElement\":[{\"@type\":\"ListItem\",\"position\":1,\"name\":\"Startseite\",\"item\":\"https:\/\/smart-pr.de\/de\/\"},{\"@type\":\"ListItem\",\"position\":2,\"name\":\"Business Netzwerke und Corporate Influencer\"}]},{\"@type\":\"WebSite\",\"@id\":\"https:\/\/smart-pr.de\/de\/#website\",\"url\":\"https:\/\/smart-pr.de\/de\/\",\"name\":\"SMART PR \/\/ Ihre PR-Agentur in D\u00fcsseldorf\",\"description\":\"F\u00fcr ganzheitliche Kommunikation\",\"publisher\":{\"@id\":\"https:\/\/smart-pr.de\/de\/#organization\"},\"potentialAction\":[{\"@type\":\"SearchAction\",\"target\":{\"@type\":\"EntryPoint\",\"urlTemplate\":\"https:\/\/smart-pr.de\/de\/?s={search_term_string}\"},\"query-input\":{\"@type\":\"PropertyValueSpecification\",\"valueRequired\":true,\"valueName\":\"search_term_string\"}}],\"inLanguage\":\"de\"},{\"@type\":\"Organization\",\"@id\":\"https:\/\/smart-pr.de\/de\/#organization\",\"name\":\"SMART PR \/\/ Ihre PR-Agentur in D\u00fcsseldorf\",\"url\":\"https:\/\/smart-pr.de\/de\/\",\"logo\":{\"@type\":\"ImageObject\",\"inLanguage\":\"de\",\"@id\":\"https:\/\/smart-pr.de\/de\/#\/schema\/logo\/image\/\",\"url\":\"https:\/\/smart-pr.de\/wp-content\/uploads\/2024\/08\/smart-pr-logo-2.png\",\"contentUrl\":\"https:\/\/smart-pr.de\/wp-content\/uploads\/2024\/08\/smart-pr-logo-2.png\",\"width\":1800,\"height\":282,\"caption\":\"SMART PR \/\/ Ihre PR-Agentur in D\u00fcsseldorf\"},\"image\":{\"@id\":\"https:\/\/smart-pr.de\/de\/#\/schema\/logo\/image\/\"}}]}<\/script>\n<!-- \/ Yoast SEO plugin. -->","yoast_head_json":{"title":"Business Netzwerke und Corporate Influencer - SMART PR","description":"Erfahren Sie, wie Sie F\u00fchrungskr\u00e4fte und Mitarbeiter zu Corporate Influencern auf Business-Netzwerken entwickeln.","robots":{"index":"index","follow":"follow","max-snippet":"max-snippet:-1","max-image-preview":"max-image-preview:large","max-video-preview":"max-video-preview:-1"},"canonical":"https:\/\/smart-pr.de\/de\/business-netzwerke-und-corporate-influencer\/","og_locale":"de_DE","og_type":"article","og_title":"Business Netzwerke und Corporate Influencer - SMART PR","og_description":"Erfahren Sie, wie Sie F\u00fchrungskr\u00e4fte und Mitarbeiter zu Corporate Influencern auf Business-Netzwerken entwickeln.","og_url":"https:\/\/smart-pr.de\/de\/business-netzwerke-und-corporate-influencer\/","og_site_name":"SMART PR \/\/ Ihre PR-Agentur in D\u00fcsseldorf","article_modified_time":"2025-02-20T10:27:12+00:00","og_image":[{"width":1920,"height":768,"url":"https:\/\/smart-pr.de\/wp-content\/uploads\/2024\/10\/1-1-1.png","type":"image\/png"}],"twitter_card":"summary_large_image","twitter_misc":{"Gesch\u00e4tzte Lesezeit":"3\u00a0Minuten"},"schema":{"@context":"https:\/\/schema.org","@graph":[{"@type":"WebPage","@id":"https:\/\/smart-pr.de\/de\/business-netzwerke-und-corporate-influencer\/","url":"https:\/\/smart-pr.de\/de\/business-netzwerke-und-corporate-influencer\/","name":"Business Netzwerke und Corporate Influencer - SMART PR","isPartOf":{"@id":"https:\/\/smart-pr.de\/de\/#website"},"primaryImageOfPage":{"@id":"https:\/\/smart-pr.de\/de\/business-netzwerke-und-corporate-influencer\/#primaryimage"},"image":{"@id":"https:\/\/smart-pr.de\/de\/business-netzwerke-und-corporate-influencer\/#primaryimage"},"thumbnailUrl":"https:\/\/smart-pr.de\/wp-content\/uploads\/2024\/10\/1-1-1.png","datePublished":"2024-10-14T08:14:11+00:00","dateModified":"2025-02-20T10:27:12+00:00","description":"Erfahren Sie, wie Sie F\u00fchrungskr\u00e4fte und Mitarbeiter zu Corporate Influencern auf Business-Netzwerken entwickeln.","breadcrumb":{"@id":"https:\/\/smart-pr.de\/de\/business-netzwerke-und-corporate-influencer\/#breadcrumb"},"inLanguage":"de","potentialAction":[{"@type":"ReadAction","target":["https:\/\/smart-pr.de\/de\/business-netzwerke-und-corporate-influencer\/"]}]},{"@type":"ImageObject","inLanguage":"de","@id":"https:\/\/smart-pr.de\/de\/business-netzwerke-und-corporate-influencer\/#primaryimage","url":"https:\/\/smart-pr.de\/wp-content\/uploads\/2024\/10\/1-1-1.png","contentUrl":"https:\/\/smart-pr.de\/wp-content\/uploads\/2024\/10\/1-1-1.png","width":1920,"height":768,"caption":"Business Netzwerke und Corporate Influencer"},{"@type":"BreadcrumbList","@id":"https:\/\/smart-pr.de\/de\/business-netzwerke-und-corporate-influencer\/#breadcrumb","itemListElement":[{"@type":"ListItem","position":1,"name":"Startseite","item":"https:\/\/smart-pr.de\/de\/"},{"@type":"ListItem","position":2,"name":"Business Netzwerke und Corporate Influencer"}]},{"@type":"WebSite","@id":"https:\/\/smart-pr.de\/de\/#website","url":"https:\/\/smart-pr.de\/de\/","name":"SMART PR \/\/ Ihre PR-Agentur in D\u00fcsseldorf","description":"F\u00fcr ganzheitliche Kommunikation","publisher":{"@id":"https:\/\/smart-pr.de\/de\/#organization"},"potentialAction":[{"@type":"SearchAction","target":{"@type":"EntryPoint","urlTemplate":"https:\/\/smart-pr.de\/de\/?s={search_term_string}"},"query-input":{"@type":"PropertyValueSpecification","valueRequired":true,"valueName":"search_term_string"}}],"inLanguage":"de"},{"@type":"Organization","@id":"https:\/\/smart-pr.de\/de\/#organization","name":"SMART PR \/\/ Ihre PR-Agentur in D\u00fcsseldorf","url":"https:\/\/smart-pr.de\/de\/","logo":{"@type":"ImageObject","inLanguage":"de","@id":"https:\/\/smart-pr.de\/de\/#\/schema\/logo\/image\/","url":"https:\/\/smart-pr.de\/wp-content\/uploads\/2024\/08\/smart-pr-logo-2.png","contentUrl":"https:\/\/smart-pr.de\/wp-content\/uploads\/2024\/08\/smart-pr-logo-2.png","width":1800,"height":282,"caption":"SMART PR \/\/ Ihre PR-Agentur in D\u00fcsseldorf"},"image":{"@id":"https:\/\/smart-pr.de\/de\/#\/schema\/logo\/image\/"}}]}},"_links":{"self":[{"href":"https:\/\/smart-pr.de\/de\/wp-json\/wp\/v2\/pages\/4274","targetHints":{"allow":["GET"]}}],"collection":[{"href":"https:\/\/smart-pr.de\/de\/wp-json\/wp\/v2\/pages"}],"about":[{"href":"https:\/\/smart-pr.de\/de\/wp-json\/wp\/v2\/types\/page"}],"author":[{"embeddable":true,"href":"https:\/\/smart-pr.de\/de\/wp-json\/wp\/v2\/users\/2"}],"replies":[{"embeddable":true,"href":"https:\/\/smart-pr.de\/de\/wp-json\/wp\/v2\/comments?post=4274"}],"version-history":[{"count":11,"href":"https:\/\/smart-pr.de\/de\/wp-json\/wp\/v2\/pages\/4274\/revisions"}],"predecessor-version":[{"id":9403,"href":"https:\/\/smart-pr.de\/de\/wp-json\/wp\/v2\/pages\/4274\/revisions\/9403"}],"wp:featuredmedia":[{"embeddable":true,"href":"https:\/\/smart-pr.de\/de\/wp-json\/wp\/v2\/media\/4275"}],"wp:attachment":[{"href":"https:\/\/smart-pr.de\/de\/wp-json\/wp\/v2\/media?parent=4274"}],"curies":[{"name":"wp","href":"https:\/\/api.w.org\/{rel}","templated":true}]}}