{"id":34,"date":"2024-07-25T14:40:26","date_gmt":"2024-07-25T14:40:26","guid":{"rendered":"https:\/\/entwicklungsumgebung6729.live-website.com\/?page_id=34"},"modified":"2026-04-29T14:01:13","modified_gmt":"2026-04-29T14:01:13","slug":"karriere","status":"publish","type":"page","link":"https:\/\/smart-pr.de\/de\/karriere\/","title":{"rendered":"Karriere"},"content":{"rendered":"<div class=\"wpb-content-wrapper\"><p>[vc_row full_width=&#8220;stretch_row_content_no_spaces&#8220; disable_element=&#8220;yes&#8220; css=&#8220;.vc_custom_1777471175306{margin-top: -30px !important;}&#8220;][vc_column][vc_single_image image=&#8220;9630&#8243; img_size=&#8220;Full&#8220; alignment=&#8220;center&#8220; css=&#8220;&#8220;][\/vc_column][\/vc_row][vc_row gap=&#8220;35&#8243; equal_height=&#8220;yes&#8220; content_placement=&#8220;middle&#8220;][vc_column width=&#8220;1\/6&#8243;][\/vc_column][vc_column width=&#8220;2\/3&#8243;][vc_raw_html css=&#8220;&#8220;]JTNDbGluayUyMGhyZWYlM0QlMjJodHRwcyUzQSUyRiUyRmZvbnRzLmdvb2dsZWFwaXMuY29tJTJGY3NzMiUzRmZhbWlseSUzREludGVyJTNBd2dodCU0MDUwMCUzQjcwMCUzQjgwMCUzQjkwMCUyNmRpc3BsYXklM0Rzd2FwJTIyJTIwcmVsJTNEJTIyc3R5bGVzaGVldCUyMiUzRSUwQSUwQSUzQ3NlY3Rpb24lMjBjbGFzcyUzRCUyMnNtYXJ0cHItcmVmLWhlcm8lMjIlM0UlMEElMjAlMjAlM0NkaXYlMjBjbGFzcyUzRCUyMnNtYXJ0cHItcmVmLWhlcm9fX2JhZGdlJTIyJTNFS2FycmllcmUlM0MlMkZkaXYlM0UlMEElMEElMjAlMjAlM0NoMSUzRSUwQSUyMCUyMCUyMCUyMFdlcmRlJTIwVGVpbC4lM0NiciUzRSUwQSUyMCUyMCUyMCUyMFVuc2VyZXMlMjAlM0NzcGFuJTNFVGVhbXMuJTNDJTJGc3BhbiUzRSUwQSUyMCUyMCUzQyUyRmgxJTNFJTBBJTBBJTIwJTIwJTNDcCUzRSUwQSUyMCUyMCUyMCUyMFN0YXJ0ZSUyMGRlaW5lJTIwS2FycmllcmUlMjBiZWklMjBTTUFSVCUyMFBSJTIwJUUyJTgwJTk0JTIwdW5kJTIwYXJiZWl0ZSUyMG1pdCUyMHVucyUyMGFuJTIwS29tbXVuaWthdGlvbiUyQyUyMGRpZSUyME1hcmtlbiUyMHNpY2h0YmFyJTIwbWFjaHQuJTBBJTIwJTIwJTNDJTJGcCUzRSUwQSUzQyUyRnNlY3Rpb24lM0UlMEElMEElM0NzdHlsZSUzRSUwQSUyMCUyMC5zbWFydHByLXJlZi1oZXJvJTIwJTdCJTBBJTIwJTIwJTIwJTIwZm9udC1mYW1pbHklM0ElMjAlMjdJbnRlciUyNyUyQyUyMHNhbnMtc2VyaWYlM0IlMEElMjAlMjAlMjAlMjBtYXgtd2lkdGglM0ElMjAxMTUwcHglM0IlMEElMjAlMjAlMjAlMjBtYXJnaW4lM0ElMjAwJTIwYXV0byUzQiUwQSUyMCUyMCUyMCUyMHBhZGRpbmclM0ElMjBjbGFtcCUyODcwcHglMkMlMjAxMHZ3JTJDJTIwMTMwcHglMjklMjAyMHB4JTNCJTBBJTIwJTIwJTIwJTIwdGV4dC1hbGlnbiUzQSUyMGNlbnRlciUzQiUwQSUyMCUyMCUyMCUyMGNvbG9yJTNBJTIwJTIzMDAwJTNCJTBBJTIwJTIwJTdEJTBBJTBBJTIwJTIwLnNtYXJ0cHItcmVmLWhlcm9fX2JhZGdlJTIwJTdCJTBBJTIwJTIwJTIwJTIwZGlzcGxheSUzQSUyMGlubGluZS1mbGV4JTNCJTBBJTIwJTIwJTIwJTIwYWxpZ24taXRlbXMlM0ElMjBjZW50ZXIlM0IlMEElMjAlMjAlMjAlMjBqdXN0aWZ5LWNvbnRlbnQlM0ElMjBjZW50ZXIlM0IlMEElMjAlMjAlMjAlMjBtYXJnaW4tYm90dG9tJTNBJTIwMjhweCUzQiUwQSUyMCUyMCUyMCUyMHBhZGRpbmclM0ElMjAxMHB4JTIwMThweCUzQiUwQSUyMCUyMCUyMCUyMGJvcmRlciUzQSUyMDJweCUyMHNvbGlkJTIwJTIzMDAwJTNCJTBBJTIwJTIwJTIwJTIwYm9yZGVyLXJhZGl1cyUzQSUyMDk5OXB4JTNCJTBBJTIwJTIwJTIwJTIwZm9udC1zaXplJTNBJTIwY2xhbXAlMjgwLjhyZW0lMkMlMjAxdnclMkMlMjAwLjk1cmVtJTI5JTNCJTBBJTIwJTIwJTIwJTIwZm9udC13ZWlnaHQlM0ElMjA4MDAlM0IlMEElMjAlMjAlMjAlMjBsZXR0ZXItc3BhY2luZyUzQSUyMDAuMDhlbSUzQiUwQSUyMCUyMCUyMCUyMHRleHQtdHJhbnNmb3JtJTNBJTIwdXBwZXJjYXNlJTNCJTBBJTIwJTIwJTdEJTBBJTBBJTIwJTIwLnNtYXJ0cHItcmVmLWhlcm8lMjBoMSUyMCU3QiUwQSUyMCUyMCUyMCUyMG1hcmdpbiUzQSUyMDAlM0IlMEElMjAlMjAlMjAlMjBmb250LXNpemUlM0ElMjBjbGFtcCUyODNyZW0lMkMlMjA5dnclMkMlMjA3LjhyZW0lMjklM0IlMEElMjAlMjAlMjAlMjBsaW5lLWhlaWdodCUzQSUyMDAuOTUlM0IlMEElMjAlMjAlMjAlMjBmb250LXdlaWdodCUzQSUyMDkwMCUzQiUwQSUyMCUyMCUyMCUyMGxldHRlci1zcGFjaW5nJTNBJTIwLTAuMDhlbSUzQiUwQSUyMCUyMCUyMCUyMHRleHQtdHJhbnNmb3JtJTNBJTIwdXBwZXJjYXNlJTNCJTBBJTIwJTIwJTdEJTBBJTBBJTIwJTIwLnNtYXJ0cHItcmVmLWhlcm8lMjBoMSUyMHNwYW4lMjAlN0IlMEElMjAlMjAlMjAlMjBwb3NpdGlvbiUzQSUyMHJlbGF0aXZlJTNCJTBBJTIwJTIwJTIwJTIwZGlzcGxheSUzQSUyMGlubGluZS1ibG9jayUzQiUwQSUyMCUyMCUyMCUyMHotaW5kZXglM0ElMjAxJTNCJTBBJTIwJTIwJTdEJTBBJTBBJTIwJTIwLnNtYXJ0cHItcmVmLWhlcm8lMjBoMSUyMHNwYW4lM0ElM0FhZnRlciUyMCU3QiUwQSUyMCUyMCUyMCUyMGNvbnRlbnQlM0ElMjAlMjIlMjIlM0IlMEElMjAlMjAlMjAlMjBwb3NpdGlvbiUzQSUyMGFic29sdXRlJTNCJTBBJTIwJTIwJTIwJTIwbGVmdCUzQSUyMC0wLjA2ZW0lM0IlMEElMjAlMjAlMjAlMjByaWdodCUzQSUyMC0wLjA2ZW0lM0IlMEElMjAlMjAlMjAlMjBib3R0b20lM0ElMjAwLjA2ZW0lM0IlMEElMjAlMjAlMjAlMjBoZWlnaHQlM0ElMjAwLjI4ZW0lM0IlMEElMjAlMjAlMjAlMjBiYWNrZ3JvdW5kJTNBJTIwJTIzZmZkNTAwJTNCJTBBJTIwJTIwJTIwJTIwei1pbmRleCUzQSUyMC0xJTNCJTBBJTIwJTIwJTIwJTIwYm9yZGVyLXJhZGl1cyUzQSUyMDk5OXB4JTNCJTBBJTIwJTIwJTdEJTBBJTBBJTIwJTIwLnNtYXJ0cHItcmVmLWhlcm8lMjBwJTIwJTdCJTBBJTIwJTIwJTIwJTIwbWF4LXdpZHRoJTNBJTIwNzYwcHglM0IlMEElMjAlMjAlMjAlMjBtYXJnaW4lM0ElMjBjbGFtcCUyODI4cHglMkMlMjA0dnclMkMlMjA0NHB4JTI5JTIwYXV0byUyMDAlM0IlMEElMjAlMjAlMjAlMjBmb250LXNpemUlM0ElMjBjbGFtcCUyODEuMXJlbSUyQyUyMDJ2dyUyQyUyMDEuNnJlbSUyOSUzQiUwQSUyMCUyMCUyMCUyMGxpbmUtaGVpZ2h0JTNBJTIwMS41JTNCJTBBJTIwJTIwJTIwJTIwZm9udC13ZWlnaHQlM0ElMjA2MDAlM0IlMEElMjAlMjAlMjAlMjBsZXR0ZXItc3BhY2luZyUzQSUyMC0wLjAyZW0lM0IlMEElMjAlMjAlN0QlMEElMEElMjAlMjAlNDBtZWRpYSUyMCUyOG1heC13aWR0aCUzQSUyMDQ4MHB4JTI5JTIwJTdCJTBBJTIwJTIwJTIwJTIwLnNtYXJ0cHItcmVmLWhlcm8lMjAlN0IlMEElMjAlMjAlMjAlMjAlMjAlMjBwYWRkaW5nJTNBJTIwNTZweCUyMDE2cHglM0IlMEElMjAlMjAlMjAlMjAlN0QlMEElMEElMjAlMjAlMjAlMjAuc21hcnRwci1yZWYtaGVybyUyMGgxJTIwJTdCJTBBJTIwJTIwJTIwJTIwJTIwJTIwbGV0dGVyLXNwYWNpbmclM0ElMjAtMC4wNTVlbSUzQiUwQSUyMCUyMCUyMCUyMCU3RCUwQSUwQSUyMCUyMCUyMCUyMC5zbWFydHByLXJlZi1oZXJvX19iYWRnZSUyMCU3QiUwQSUyMCUyMCUyMCUyMCUyMCUyMG1hcmdpbi1ib3R0b20lM0ElMjAyMnB4JTNCJTBBJTIwJTIwJTIwJTIwJTdEJTBBJTIwJTIwJTdEJTBBJTNDJTJGc3R5bGUlM0U=[\/vc_raw_html][\/vc_column][vc_column width=&#8220;1\/6&#8243;][\/vc_column][\/vc_row][vc_row gap=&#8220;35&#8243; equal_height=&#8220;yes&#8220; content_placement=&#8220;middle&#8220;][vc_column width=&#8220;1\/6&#8243;][\/vc_column][vc_column width=&#8220;2\/3&#8243;][vc_column_text css=&#8220;&#8220;]<\/p>\n<h2><strong>Kommunikation mit Wirkung \u2013 Deine Karriere bei SMART PR<\/strong><\/h2>\n<p>[\/vc_column_text][\/vc_column][vc_column width=&#8220;1\/6&#8243;][\/vc_column][\/vc_row][vc_row gap=&#8220;35&#8243; equal_height=&#8220;yes&#8220; content_placement=&#8220;middle&#8220;][vc_column width=&#8220;1\/6&#8243;][\/vc_column][vc_column width=&#8220;2\/3&#8243;][vc_column_text css=&#8220;&#8220;]Du liebst Kommunikation, denkst strategisch und hast ein Gesp\u00fcr f\u00fcr Trends? Dann bist du bei uns genau richtig! Bei SMART PR entwickeln wir kreative und effektive PR-Strategien, die Marken sichtbar machen und Menschen bewegen. Daf\u00fcr brauchen wir kluge K\u00f6pfe mit frischen Ideen, Hands-on-Mentalit\u00e4t und einem ausgepr\u00e4gten Gesp\u00fcr f\u00fcr Storytelling.[\/vc_column_text][\/vc_column][vc_column width=&#8220;1\/6&#8243;][\/vc_column][\/vc_row][vc_row gap=&#8220;35&#8243; equal_height=&#8220;yes&#8220; content_placement=&#8220;middle&#8220;][vc_column width=&#8220;1\/6&#8243;][\/vc_column][vc_column width=&#8220;2\/3&#8243;][vc_column_text css=&#8220;&#8220;]<\/p>\n<h2><strong>Warum SMART PR?<\/strong><\/h2>\n<ul>\n<li><strong>Dynamisches Team<\/strong> \u2013 Wir arbeiten in flachen Hierarchien mit viel Eigenverantwortung.<\/li>\n<li><strong>Spannende Projekte<\/strong> \u2013 Unsere Kunden sind so vielf\u00e4ltig wie unsere Aufgaben: von Start-ups bis zu etablierten internationalen Marken, von Automotive bis zu Zahnmedizintechnik, von B2B bis B2C.<\/li>\n<li><strong>Individuelle Entwicklung<\/strong> \u2013 Weiterbildungsm\u00f6glichkeiten, Coaching und Mentoring sind f\u00fcr uns selbstverst\u00e4ndlich.<\/li>\n<li><strong>Hybrides Arbeiten<\/strong> \u2013 Ob im Office oder remote \u2013 wir setzen auf moderne Arbeitsmodelle.<\/li>\n<\/ul>\n<p>&nbsp;<\/p>\n<p>Erfahre mehr \u00fcber unsere Werte und unser Team: <a href=\"https:\/\/smart-pr.de\/de\/ueber-uns\/\">https:\/\/smart-pr.de\/de\/ueber-uns\/<\/a><\/p>\n<p>[\/vc_column_text][\/vc_column][vc_column width=&#8220;1\/6&#8243;][\/vc_column][\/vc_row][vc_row gap=&#8220;35&#8243; equal_height=&#8220;yes&#8220; content_placement=&#8220;middle&#8220;][vc_column width=&#8220;1\/6&#8243;][\/vc_column][vc_column width=&#8220;2\/3&#8243;][vc_column_text css=&#8220;&#8220;]<\/p>\n<h2><span style=\"color: #808080;\"><strong>Unsere aktuellen Jobangebote<\/strong><\/span><\/h2>\n<p>Aktuell haben wir keine Stellen ausgeschrieben. Wir freuen uns aber auf deine Initiativbewerbung an jobs@smart-pr.de![\/vc_column_text][\/vc_column][vc_column width=&#8220;1\/6&#8243;][\/vc_column][\/vc_row][vc_row gap=&#8220;35&#8243; equal_height=&#8220;yes&#8220; content_placement=&#8220;middle&#8220;][vc_column width=&#8220;1\/6&#8243;][\/vc_column][vc_column width=&#8220;2\/3&#8243;][vc_row_inner][vc_column_inner width=&#8220;2\/3&#8243;][vc_column_text css=&#8220;&#8220;][\/vc_column_text][\/vc_column_inner][\/vc_row_inner][\/vc_column][vc_column width=&#8220;1\/6&#8243;][\/vc_column][\/vc_row]<\/p>\n<\/div>","protected":false},"excerpt":{"rendered":"[vc_row full_width=\"stretch_row_content_no_spaces\" disable_element=\"yes\" css=\".vc_custom_1777471175306{margin-top: -30px !important;}\"][vc_column][vc_single_image image=\"9630\" img_size=\"Full\" alignment=\"center\" css=\"\"][\/vc_column][\/vc_row][vc_row gap=\"35\" equal_height=\"yes\" content_placement=\"middle\"][vc_column width=\"1\/6\"][\/vc_column][vc_column width=\"2\/3\"][vc_raw_html<span class=\"excerpt-hellip\"> [\u2026]<\/span>","protected":false},"author":1,"featured_media":0,"parent":0,"menu_order":0,"comment_status":"closed","ping_status":"closed","template":"","meta":{"footnotes":""},"class_list":["post-34","page","type-page","status-publish","hentry"],"yoast_head":"<!-- This site is optimized with the Yoast SEO plugin v25.6 - https:\/\/yoast.com\/wordpress\/plugins\/seo\/ -->\n<title>Jobs bei SMART PR | Karriere in Kommunikation &amp; Social Media<\/title>\n<meta name=\"description\" content=\"Entdecke spannende PR-Jobs bei SMART PR in D\u00fcsseldorf! Bewirb dich als PR-Manager, Social Media Spezialist oder Trainee.\" \/>\n<meta name=\"robots\" content=\"index, follow, max-snippet:-1, max-image-preview:large, max-video-preview:-1\" \/>\n<link rel=\"canonical\" href=\"https:\/\/smart-pr.de\/de\/karriere\/\" \/>\n<meta property=\"og:locale\" content=\"de_DE\" \/>\n<meta property=\"og:type\" content=\"article\" \/>\n<meta property=\"og:title\" content=\"Jobs bei SMART PR | Karriere in Kommunikation &amp; Social Media\" \/>\n<meta property=\"og:description\" content=\"Entdecke spannende PR-Jobs bei SMART PR in D\u00fcsseldorf! Bewirb dich als PR-Manager, Social Media Spezialist oder Trainee.\" \/>\n<meta property=\"og:url\" content=\"https:\/\/smart-pr.de\/de\/karriere\/\" \/>\n<meta property=\"og:site_name\" content=\"SMART PR \/\/ Ihre PR-Agentur in D\u00fcsseldorf\" \/>\n<meta property=\"article:modified_time\" content=\"2026-04-29T14:01:13+00:00\" \/>\n<meta name=\"twitter:card\" content=\"summary_large_image\" \/>\n<meta name=\"twitter:label1\" content=\"Gesch\u00e4tzte Lesezeit\" \/>\n\t<meta name=\"twitter:data1\" content=\"2\u00a0Minuten\" \/>\n<script type=\"application\/ld+json\" class=\"yoast-schema-graph\">{\"@context\":\"https:\/\/schema.org\",\"@graph\":[{\"@type\":\"WebPage\",\"@id\":\"https:\/\/smart-pr.de\/de\/karriere\/\",\"url\":\"https:\/\/smart-pr.de\/de\/karriere\/\",\"name\":\"Jobs bei SMART PR | Karriere in Kommunikation & Social Media\",\"isPartOf\":{\"@id\":\"https:\/\/smart-pr.de\/de\/#website\"},\"datePublished\":\"2024-07-25T14:40:26+00:00\",\"dateModified\":\"2026-04-29T14:01:13+00:00\",\"description\":\"Entdecke spannende PR-Jobs bei SMART PR in D\u00fcsseldorf! Bewirb dich als PR-Manager, Social Media Spezialist oder Trainee.\",\"breadcrumb\":{\"@id\":\"https:\/\/smart-pr.de\/de\/karriere\/#breadcrumb\"},\"inLanguage\":\"de\",\"potentialAction\":[{\"@type\":\"ReadAction\",\"target\":[\"https:\/\/smart-pr.de\/de\/karriere\/\"]}]},{\"@type\":\"BreadcrumbList\",\"@id\":\"https:\/\/smart-pr.de\/de\/karriere\/#breadcrumb\",\"itemListElement\":[{\"@type\":\"ListItem\",\"position\":1,\"name\":\"Startseite\",\"item\":\"https:\/\/smart-pr.de\/de\/\"},{\"@type\":\"ListItem\",\"position\":2,\"name\":\"Karriere\"}]},{\"@type\":\"WebSite\",\"@id\":\"https:\/\/smart-pr.de\/de\/#website\",\"url\":\"https:\/\/smart-pr.de\/de\/\",\"name\":\"SMART PR \/\/ Ihre PR-Agentur in D\u00fcsseldorf\",\"description\":\"F\u00fcr ganzheitliche Kommunikation\",\"publisher\":{\"@id\":\"https:\/\/smart-pr.de\/de\/#organization\"},\"potentialAction\":[{\"@type\":\"SearchAction\",\"target\":{\"@type\":\"EntryPoint\",\"urlTemplate\":\"https:\/\/smart-pr.de\/de\/?s={search_term_string}\"},\"query-input\":{\"@type\":\"PropertyValueSpecification\",\"valueRequired\":true,\"valueName\":\"search_term_string\"}}],\"inLanguage\":\"de\"},{\"@type\":\"Organization\",\"@id\":\"https:\/\/smart-pr.de\/de\/#organization\",\"name\":\"SMART PR \/\/ Ihre PR-Agentur in D\u00fcsseldorf\",\"url\":\"https:\/\/smart-pr.de\/de\/\",\"logo\":{\"@type\":\"ImageObject\",\"inLanguage\":\"de\",\"@id\":\"https:\/\/smart-pr.de\/de\/#\/schema\/logo\/image\/\",\"url\":\"https:\/\/smart-pr.de\/wp-content\/uploads\/2024\/08\/smart-pr-logo-2.png\",\"contentUrl\":\"https:\/\/smart-pr.de\/wp-content\/uploads\/2024\/08\/smart-pr-logo-2.png\",\"width\":1800,\"height\":282,\"caption\":\"SMART PR \/\/ Ihre PR-Agentur in D\u00fcsseldorf\"},\"image\":{\"@id\":\"https:\/\/smart-pr.de\/de\/#\/schema\/logo\/image\/\"}}]}<\/script>\n<!-- \/ Yoast SEO plugin. -->","yoast_head_json":{"title":"Jobs bei SMART PR | Karriere in Kommunikation & Social Media","description":"Entdecke spannende PR-Jobs bei SMART PR in D\u00fcsseldorf! Bewirb dich als PR-Manager, Social Media Spezialist oder Trainee.","robots":{"index":"index","follow":"follow","max-snippet":"max-snippet:-1","max-image-preview":"max-image-preview:large","max-video-preview":"max-video-preview:-1"},"canonical":"https:\/\/smart-pr.de\/de\/karriere\/","og_locale":"de_DE","og_type":"article","og_title":"Jobs bei SMART PR | Karriere in Kommunikation & Social Media","og_description":"Entdecke spannende PR-Jobs bei SMART PR in D\u00fcsseldorf! Bewirb dich als PR-Manager, Social Media Spezialist oder Trainee.","og_url":"https:\/\/smart-pr.de\/de\/karriere\/","og_site_name":"SMART PR \/\/ Ihre PR-Agentur in D\u00fcsseldorf","article_modified_time":"2026-04-29T14:01:13+00:00","twitter_card":"summary_large_image","twitter_misc":{"Gesch\u00e4tzte Lesezeit":"2\u00a0Minuten"},"schema":{"@context":"https:\/\/schema.org","@graph":[{"@type":"WebPage","@id":"https:\/\/smart-pr.de\/de\/karriere\/","url":"https:\/\/smart-pr.de\/de\/karriere\/","name":"Jobs bei SMART PR | Karriere in Kommunikation & Social Media","isPartOf":{"@id":"https:\/\/smart-pr.de\/de\/#website"},"datePublished":"2024-07-25T14:40:26+00:00","dateModified":"2026-04-29T14:01:13+00:00","description":"Entdecke spannende PR-Jobs bei SMART PR in D\u00fcsseldorf! Bewirb dich als PR-Manager, Social Media Spezialist oder Trainee.","breadcrumb":{"@id":"https:\/\/smart-pr.de\/de\/karriere\/#breadcrumb"},"inLanguage":"de","potentialAction":[{"@type":"ReadAction","target":["https:\/\/smart-pr.de\/de\/karriere\/"]}]},{"@type":"BreadcrumbList","@id":"https:\/\/smart-pr.de\/de\/karriere\/#breadcrumb","itemListElement":[{"@type":"ListItem","position":1,"name":"Startseite","item":"https:\/\/smart-pr.de\/de\/"},{"@type":"ListItem","position":2,"name":"Karriere"}]},{"@type":"WebSite","@id":"https:\/\/smart-pr.de\/de\/#website","url":"https:\/\/smart-pr.de\/de\/","name":"SMART PR \/\/ Ihre PR-Agentur in D\u00fcsseldorf","description":"F\u00fcr ganzheitliche Kommunikation","publisher":{"@id":"https:\/\/smart-pr.de\/de\/#organization"},"potentialAction":[{"@type":"SearchAction","target":{"@type":"EntryPoint","urlTemplate":"https:\/\/smart-pr.de\/de\/?s={search_term_string}"},"query-input":{"@type":"PropertyValueSpecification","valueRequired":true,"valueName":"search_term_string"}}],"inLanguage":"de"},{"@type":"Organization","@id":"https:\/\/smart-pr.de\/de\/#organization","name":"SMART PR \/\/ Ihre PR-Agentur in D\u00fcsseldorf","url":"https:\/\/smart-pr.de\/de\/","logo":{"@type":"ImageObject","inLanguage":"de","@id":"https:\/\/smart-pr.de\/de\/#\/schema\/logo\/image\/","url":"https:\/\/smart-pr.de\/wp-content\/uploads\/2024\/08\/smart-pr-logo-2.png","contentUrl":"https:\/\/smart-pr.de\/wp-content\/uploads\/2024\/08\/smart-pr-logo-2.png","width":1800,"height":282,"caption":"SMART PR \/\/ Ihre PR-Agentur in D\u00fcsseldorf"},"image":{"@id":"https:\/\/smart-pr.de\/de\/#\/schema\/logo\/image\/"}}]}},"_links":{"self":[{"href":"https:\/\/smart-pr.de\/de\/wp-json\/wp\/v2\/pages\/34","targetHints":{"allow":["GET"]}}],"collection":[{"href":"https:\/\/smart-pr.de\/de\/wp-json\/wp\/v2\/pages"}],"about":[{"href":"https:\/\/smart-pr.de\/de\/wp-json\/wp\/v2\/types\/page"}],"author":[{"embeddable":true,"href":"https:\/\/smart-pr.de\/de\/wp-json\/wp\/v2\/users\/1"}],"replies":[{"embeddable":true,"href":"https:\/\/smart-pr.de\/de\/wp-json\/wp\/v2\/comments?post=34"}],"version-history":[{"count":40,"href":"https:\/\/smart-pr.de\/de\/wp-json\/wp\/v2\/pages\/34\/revisions"}],"predecessor-version":[{"id":11189,"href":"https:\/\/smart-pr.de\/de\/wp-json\/wp\/v2\/pages\/34\/revisions\/11189"}],"wp:attachment":[{"href":"https:\/\/smart-pr.de\/de\/wp-json\/wp\/v2\/media?parent=34"}],"curies":[{"name":"wp","href":"https:\/\/api.w.org\/{rel}","templated":true}]}}