{"id":30,"date":"2024-07-25T14:40:06","date_gmt":"2024-07-25T14:40:06","guid":{"rendered":"https:\/\/entwicklungsumgebung6729.live-website.com\/?page_id=30"},"modified":"2026-05-12T14:22:09","modified_gmt":"2026-05-12T14:22:09","slug":"referenzen","status":"publish","type":"page","link":"https:\/\/smart-pr.de\/de\/referenzen\/","title":{"rendered":"Referenzen"},"content":{"rendered":"<div class=\"wpb-content-wrapper\"><p>[vc_row full_width=&#8220;stretch_row_content_no_spaces&#8220; css=&#8220;.vc_custom_1725632374027{margin-top: -30px !important;margin-right: 0px !important;margin-bottom: 0px !important;margin-left: 0px !important;padding-top: 0px !important;padding-right: 0px !important;padding-bottom: 0px !important;padding-left: 0px !important;}&#8220;][vc_column css=&#8220;.vc_custom_1724400273462{margin-top: 0px !important;margin-right: 0px !important;margin-bottom: 0px !important;margin-left: 0px !important;padding-top: 0px !important;padding-right: 0px !important;padding-bottom: 0px !important;padding-left: 0px !important;}&#8220;][vc_raw_html css=&#8220;&#8220;]JTNDc2VjdGlvbiUyMGNsYXNzJTNEJTIyc21hcnRwci1yZWYtaGVybyUyMiUzRSUwQSUyMCUyMCUzQ2RpdiUyMGNsYXNzJTNEJTIyc21hcnRwci1yZWYtaGVyb19fYmFkZ2UlMjIlM0VSZWZlcmVuemVuJTNDJTJGZGl2JTNFJTBBJTBBJTIwJTIwJTNDaDElM0UlMEElMjAlMjAlMjAlMjBFcmdlYm5pc3NlLiUzQ2JyJTNFJTBBJTIwJTIwJTIwJTIwRGllJTIwJTNDc3BhbiUzRXdpcmtzYW0lMjBzaW5kLiUzQyUyRnNwYW4lM0UlMEElMjAlMjAlM0MlMkZoMSUzRSUwQSUwQSUyMCUyMCUzQ3AlM0UlMEElMjAlMjAlMjAlMjBDYXNlJTIwU3R1ZGllcyUyQyUyMGVjaHRlJTIwUHJvamVrdGUlMjB1bmQlMjBzdGFya2UlMjBNYXJrZW4lMjAlRTIlODAlOTQlMjBzZWhlbiUyMFNpZSUyQyUyMHdpZSUyMHdpciUyMEtvbW11bmlrYXRpb24lMjBtZXNzYmFyJTIwZXJmb2xncmVpY2glMjBtYWNoZW4uJTBBJTIwJTIwJTNDJTJGcCUzRSUwQSUzQyUyRnNlY3Rpb24lM0UlMEElMEElM0NzdHlsZSUzRSUwQSUyMCUyMC5zbWFydHByLXJlZi1oZXJvJTIwJTdCJTBBJTIwJTIwJTIwJTIwZm9udC1mYW1pbHklM0ElMjAlMjdJbnRlciUyNyUyQyUyMHNhbnMtc2VyaWYlM0IlMEElMjAlMjAlMjAlMjBtYXgtd2lkdGglM0ElMjAxMTAwcHglM0IlMEElMjAlMjAlMjAlMjBtYXJnaW4lM0ElMjAwJTIwYXV0byUzQiUwQSUyMCUyMCUyMCUyMHBhZGRpbmclM0ElMjBjbGFtcCUyODcwcHglMkMlMjAxMHZ3JTJDJTIwMTMwcHglMjklMjAyMHB4JTNCJTBBJTIwJTIwJTIwJTIwdGV4dC1hbGlnbiUzQSUyMGNlbnRlciUzQiUwQSUyMCUyMCUyMCUyMGNvbG9yJTNBJTIwJTIzMDAwJTNCJTBBJTIwJTIwJTdEJTBBJTBBJTIwJTIwLnNtYXJ0cHItcmVmLWhlcm9fX2JhZGdlJTIwJTdCJTBBJTIwJTIwJTIwJTIwZGlzcGxheSUzQSUyMGlubGluZS1ibG9jayUzQiUwQSUyMCUyMCUyMCUyMG1hcmdpbi1ib3R0b20lM0ElMjAyOHB4JTNCJTBBJTIwJTIwJTIwJTIwcGFkZGluZyUzQSUyMDEwcHglMjAxOHB4JTNCJTBBJTIwJTIwJTIwJTIwYmFja2dyb3VuZCUzQSUyMCUyMzAwMCUzQiUwQSUyMCUyMCUyMCUyMGNvbG9yJTNBJTIwJTIzZmZmJTNCJTBBJTIwJTIwJTIwJTIwYm9yZGVyLXJhZGl1cyUzQSUyMDk5OXB4JTNCJTBBJTIwJTIwJTIwJTIwZm9udC1zaXplJTNBJTIwY2xhbXAlMjgwLjc1cmVtJTJDJTIwMXZ3JTJDJTIwMC45cmVtJTI5JTNCJTBBJTIwJTIwJTIwJTIwZm9udC13ZWlnaHQlM0ElMjA4MDAlM0IlMEElMjAlMjAlMjAlMjBsZXR0ZXItc3BhY2luZyUzQSUyMDAuMDhlbSUzQiUwQSUyMCUyMCUyMCUyMHRleHQtdHJhbnNmb3JtJTNBJTIwdXBwZXJjYXNlJTNCJTBBJTIwJTIwJTdEJTBBJTBBJTIwJTIwLnNtYXJ0cHItcmVmLWhlcm8lMjBoMSUyMCU3QiUwQSUyMCUyMCUyMCUyMG1hcmdpbiUzQSUyMDAlM0IlMEElMjAlMjAlMjAlMjBmb250LXNpemUlM0ElMjBjbGFtcCUyODNyZW0lMkMlMjA5dnclMkMlMjA3LjVyZW0lMjklM0IlMEElMjAlMjAlMjAlMjBsaW5lLWhlaWdodCUzQSUyMDAuOTIlM0IlMEElMjAlMjAlMjAlMjBmb250LXdlaWdodCUzQSUyMDkwMCUzQiUwQSUyMCUyMCUyMCUyMGxldHRlci1zcGFjaW5nJTNBJTIwLTAuMDhlbSUzQiUwQSUyMCUyMCUyMCUyMHRleHQtdHJhbnNmb3JtJTNBJTIwdXBwZXJjYXNlJTNCJTBBJTIwJTIwJTdEJTBBJTBBJTIwJTIwLnNtYXJ0cHItcmVmLWhlcm8lMjBoMSUyMHNwYW4lMjAlN0IlMEElMjAlMjAlMjAlMjBwb3NpdGlvbiUzQSUyMHJlbGF0aXZlJTNCJTBBJTIwJTIwJTIwJTIwZGlzcGxheSUzQSUyMGlubGluZS1ibG9jayUzQiUwQSUyMCUyMCUyMCUyMHotaW5kZXglM0ElMjAxJTNCJTBBJTIwJTIwJTdEJTBBJTBBJTIwJTIwLnNtYXJ0cHItcmVmLWhlcm8lMjBoMSUyMHNwYW4lM0ElM0FhZnRlciUyMCU3QiUwQSUyMCUyMCUyMCUyMGNvbnRlbnQlM0ElMjAlMjIlMjIlM0IlMEElMjAlMjAlMjAlMjBwb3NpdGlvbiUzQSUyMGFic29sdXRlJTNCJTBBJTIwJTIwJTIwJTIwbGVmdCUzQSUyMC0wLjA4ZW0lM0IlMEElMjAlMjAlMjAlMjByaWdodCUzQSUyMC0wLjA4ZW0lM0IlMEElMjAlMjAlMjAlMjBib3R0b20lM0ElMjAwLjA4ZW0lM0IlMEElMjAlMjAlMjAlMjBoZWlnaHQlM0ElMjAwLjNlbSUzQiUwQSUyMCUyMCUyMCUyMGJhY2tncm91bmQlM0ElMjAlMjNmZmQ1MDAlM0IlMEElMjAlMjAlMjAlMjB6LWluZGV4JTNBJTIwLTElM0IlMEElMjAlMjAlMjAlMjBib3JkZXItcmFkaXVzJTNBJTIwOTk5cHglM0IlMEElMjAlMjAlN0QlMEElMEElMjAlMjAuc21hcnRwci1yZWYtaGVybyUyMHAlMjAlN0IlMEElMjAlMjAlMjAlMjBtYXgtd2lkdGglM0ElMjA3MjBweCUzQiUwQSUyMCUyMCUyMCUyMG1hcmdpbiUzQSUyMGNsYW1wJTI4MjhweCUyQyUyMDR2dyUyQyUyMDQ0cHglMjklMjBhdXRvJTIwMCUzQiUwQSUyMCUyMCUyMCUyMGZvbnQtc2l6ZSUzQSUyMGNsYW1wJTI4MS4xcmVtJTJDJTIwMnZ3JTJDJTIwMS41cmVtJTI5JTNCJTBBJTIwJTIwJTIwJTIwbGluZS1oZWlnaHQlM0ElMjAxLjUlM0IlMEElMjAlMjAlMjAlMjBmb250LXdlaWdodCUzQSUyMDYwMCUzQiUwQSUyMCUyMCUyMCUyMGxldHRlci1zcGFjaW5nJTNBJTIwLTAuMDJlbSUzQiUwQSUyMCUyMCUyMCUyMGNvbG9yJTNBJTIwJTIzMTExJTNCJTBBJTIwJTIwJTdEJTBBJTBBJTIwJTIwJTQwbWVkaWElMjAlMjhtYXgtd2lkdGglM0ElMjA0ODBweCUyOSUyMCU3QiUwQSUyMCUyMCUyMCUyMC5zbWFydHByLXJlZi1oZXJvJTIwJTdCJTBBJTIwJTIwJTIwJTIwJTIwJTIwcGFkZGluZyUzQSUyMDU2cHglMjAxNnB4JTNCJTBBJTIwJTIwJTIwJTIwJTdEJTBBJTBBJTIwJTIwJTIwJTIwLnNtYXJ0cHItcmVmLWhlcm8lMjBoMSUyMCU3QiUwQSUyMCUyMCUyMCUyMCUyMCUyMGxldHRlci1zcGFjaW5nJTNBJTIwLTAuMDVlbSUzQiUwQSUyMCUyMCUyMCUyMCU3RCUwQSUyMCUyMCU3RCUwQSUzQyUyRnN0eWxlJTNF[\/vc_raw_html][\/vc_column][\/vc_row][vc_row full_width=&#8220;stretch_row_content_no_spaces&#8220; gap=&#8220;35&#8243; equal_height=&#8220;yes&#8220; css=&#8220;.vc_custom_1778573948955{margin-top: 35px !important;}&#8220;][vc_column][vc_raw_html css=&#8220;&#8220;]JTNDc2VjdGlvbiUyMGNsYXNzJTNEJTIycmVmZXJlbmNlcy1saW5rLXNlY3Rpb24lMjIlM0UlMEElMjAlMjAlM0NkaXYlMjBjbGFzcyUzRCUyMnJlZmVyZW5jZXMtbGluay13cmFwJTIyJTNFJTBBJTBBJTIwJTIwJTIwJTIwJTNDYSUyMGNsYXNzJTNEJTIycmVmZXJlbmNlcy1saW5rLWNhcmQlMjIlMjBocmVmJTNEJTIyaHR0cHMlM0ElMkYlMkZzbWFydC1wci5kZSUyRnJlZmVyZW56ZW4lMkZjYXNlLXN0dWRpZXMlMkYlMjIlM0UlMEElMjAlMjAlMjAlMjAlMjAlMjAlM0NkaXYlMjBjbGFzcyUzRCUyMnJlZmVyZW5jZXMtbGluay1pbWFnZSUyMiUzRSUwQSUyMCUyMCUyMCUyMCUyMCUyMCUyMCUyMCUzQ2ltZyUyMHNyYyUzRCUyMmh0dHBzJTNBJTJGJTJGc21hcnQtcHIuZGUlMkZ3cC1jb250ZW50JTJGdXBsb2FkcyUyRjIwMjQlMkYwOSUyRnJoZWluYmFobjIwMTguanBnJTIyJTIwYWx0JTNEJTIyQ2FzZSUyMFN0dWRpZXMlMjIlM0UlMEElMjAlMjAlMjAlMjAlMjAlMjAlM0MlMkZkaXYlM0UlMEElMEElMjAlMjAlMjAlMjAlMjAlMjAlM0NkaXYlMjBjbGFzcyUzRCUyMnJlZmVyZW5jZXMtbGluay1jb250ZW50JTIyJTNFJTBBJTIwJTIwJTIwJTIwJTIwJTIwJTIwJTIwJTNDc3BhbiUzRUNhc2UlMjBTdHVkaWVzJTNDJTJGc3BhbiUzRSUwQSUyMCUyMCUyMCUyMCUyMCUyMCUyMCUyMCUzQ2gzJTNFUHJvamVrdGUlMkMlMjBkaWUlMjBXaXJrdW5nJTIwemVpZ2VuLiUzQyUyRmgzJTNFJTBBJTIwJTIwJTIwJTIwJTIwJTIwJTIwJTIwJTNDcCUzRUVyZmFocmVuJTIwU2llJTJDJTIwd2llJTIwd2lyJTIwVW50ZXJuZWhtZW4lMjBtaXQlMjBTdHJhdGVnaWUlMkMlMjBLcmVhdGl2aXQlQzMlQTR0JTIwdW5kJTIwbWVzc2JhcmVuJTIwRXJnZWJuaXNzZW4lMjB1bnRlcnN0JUMzJUJDdHplbi4lM0MlMkZwJTNFJTBBJTIwJTIwJTIwJTIwJTIwJTIwJTIwJTIwJTNDc3Ryb25nJTNFTWVociUyMGVyZmFocmVuJTIwJUUyJTg2JTkyJTNDJTJGc3Ryb25nJTNFJTBBJTIwJTIwJTIwJTIwJTIwJTIwJTNDJTJGZGl2JTNFJTBBJTIwJTIwJTIwJTIwJTNDJTJGYSUzRSUwQSUwQSUyMCUyMCUyMCUyMCUzQ2ElMjBjbGFzcyUzRCUyMnJlZmVyZW5jZXMtbGluay1jYXJkJTIyJTIwaHJlZiUzRCUyMmh0dHBzJTNBJTJGJTJGc21hcnQtcHIuZGUlMkZyZWZlcmVuemVuJTJGa3VuZGVuJTJGJTIyJTNFJTBBJTIwJTIwJTIwJTIwJTIwJTIwJTNDZGl2JTIwY2xhc3MlM0QlMjJyZWZlcmVuY2VzLWxpbmstaW1hZ2UlMjIlM0UlMEElMjAlMjAlMjAlMjAlMjAlMjAlMjAlMjAlM0NpbWclMjBzcmMlM0QlMjJodHRwcyUzQSUyRiUyRnNtYXJ0LXByLmRlJTJGd3AtY29udGVudCUyRnVwbG9hZHMlMkYyMDI0JTJGMTAlMkZLdW5kZW4uanBnJTIyJTIwYWx0JTNEJTIyS3VuZGVuJTIyJTNFJTBBJTIwJTIwJTIwJTIwJTIwJTIwJTNDJTJGZGl2JTNFJTBBJTBBJTIwJTIwJTIwJTIwJTIwJTIwJTNDZGl2JTIwY2xhc3MlM0QlMjJyZWZlcmVuY2VzLWxpbmstY29udGVudCUyMiUzRSUwQSUyMCUyMCUyMCUyMCUyMCUyMCUyMCUyMCUzQ3NwYW4lM0VLdW5kZW4lM0MlMkZzcGFuJTNFJTBBJTIwJTIwJTIwJTIwJTIwJTIwJTIwJTIwJTNDaDMlM0VNYXJrZW4lMkMlMjBtaXQlMjBkZW5lbiUyMHdpciUyMEVyZm9sZ2UlMjBmZWllcm4uJTNDJTJGaDMlM0UlMEElMjAlMjAlMjAlMjAlMjAlMjAlMjAlMjAlM0NwJTNFRW50ZGVja2VuJTIwU2llJTIwVW50ZXJuZWhtZW4lMjB1bmQlMjBPcmdhbmlzYXRpb25lbiUyQyUyMGRpZSUyMGF1ZiUyMHVuc2VyZSUyMEtvbW11bmlrYXRpb25zYXJiZWl0JTIwdmVydHJhdWVuLiUzQyUyRnAlM0UlMEElMjAlMjAlMjAlMjAlMjAlMjAlMjAlMjAlM0NzdHJvbmclM0VNZWhyJTIwZXJmYWhyZW4lMjAlRTIlODYlOTIlM0MlMkZzdHJvbmclM0UlMEElMjAlMjAlMjAlMjAlMjAlMjAlM0MlMkZkaXYlM0UlMEElMjAlMjAlMjAlMjAlM0MlMkZhJTNFJTBBJTBBJTIwJTIwJTNDJTJGZGl2JTNFJTBBJTNDJTJGc2VjdGlvbiUzRQ==[\/vc_raw_html][\/vc_column][\/vc_row][vc_row gap=&#8220;35&#8243; equal_height=&#8220;yes&#8220; disable_element=&#8220;yes&#8220; css=&#8220;.vc_custom_1778573903296{margin-top: 35px !important;}&#8220;][vc_column width=&#8220;1\/4&#8243;][\/vc_column][vc_column css_animation=&#8220;fadeInLeft&#8220; width=&#8220;1\/4&#8243;][vc_single_image image=&#8220;2322&#8243; img_size=&#8220;full&#8220; alignment=&#8220;center&#8220; style=&#8220;vc_box_shadow_3d&#8220; onclick=&#8220;custom_link&#8220; css=&#8220;&#8220; link=&#8220;\/referenzen\/case-studies\/&#8220;][vc_column_text css=&#8220;&#8220;]<strong>Case Studies<\/strong>[\/vc_column_text][vc_column_text css=&#8220;&#8220;]<\/p>\n<h4><strong>Unsere erfolgreichsten Projekte sprechen f\u00fcr sich<\/strong><\/h4>\n<p>Erfahren Sie, wie wir Unternehmen dabei geholfen haben, ihre Ziele zu \u00fcbertreffen durch ma\u00dfgeschneiderte Strategien, kreative Ans\u00e4tze und nachhaltige Ergebnisse.[\/vc_column_text][vc_btn title=&#8220;mehr erfahren&#8220; style=&#8220;outline-custom&#8220; outline_custom_color=&#8220;#0a0000&#8243; outline_custom_hover_background=&#8220;#ffd500&#8243; outline_custom_hover_text=&#8220;#0a0000&#8243; css=&#8220;&#8220; link=&#8220;url:%2Freferenzen%2Fcase-studies%2F|title:Case%20Studies&#8220;][\/vc_column][vc_column css_animation=&#8220;fadeInRight&#8220; width=&#8220;1\/4&#8243;][vc_single_image image=&#8220;5715&#8243; img_size=&#8220;full&#8220; alignment=&#8220;center&#8220; style=&#8220;vc_box_shadow_3d&#8220; onclick=&#8220;custom_link&#8220; css=&#8220;&#8220; link=&#8220;\/referenzen\/kunden\/&#8220;][vc_column_text css=&#8220;&#8220;]<strong>Kunden<\/strong>[\/vc_column_text][vc_column_text css=&#8220;&#8220;]<\/p>\n<h4><strong>Entdecken Sie die Marken, mit denen wir Erfolge feiern.<\/strong><\/h4>\n<p data-pm-slice=\"1 1 []\">Gemeinsam realisieren wir innovative Kommunikationsprojekte. Lassen Sie sich von unseren strategischen Partnerschaften und inspirierenden Erfolgsgeschichten begeistern.<\/p>\n<p>[\/vc_column_text][vc_btn title=&#8220;mehr erfahren&#8220; style=&#8220;outline-custom&#8220; outline_custom_color=&#8220;#0a0000&#8243; outline_custom_hover_background=&#8220;#ffd500&#8243; outline_custom_hover_text=&#8220;#0a0909&#8243; css=&#8220;&#8220; link=&#8220;url:%2Freferenzen%2Fkunden%2F|title:Kunden&#8220;][\/vc_column][vc_column width=&#8220;1\/4&#8243;][\/vc_column][\/vc_row]<\/p>\n<\/div>","protected":false},"excerpt":{"rendered":"[vc_row full_width=\"stretch_row_content_no_spaces\" css=\".vc_custom_1725632374027{margin-top: -30px !important;margin-right: 0px !important;margin-bottom: 0px !important;margin-left: 0px !important;padding-top: 0px !important;padding-right: 0px !important;padding-bottom:<span class=\"excerpt-hellip\"> [\u2026]<\/span>","protected":false},"author":1,"featured_media":0,"parent":0,"menu_order":0,"comment_status":"closed","ping_status":"closed","template":"","meta":{"footnotes":""},"class_list":["post-30","page","type-page","status-publish","hentry"],"yoast_head":"<!-- This site is optimized with the Yoast SEO plugin v25.6 - https:\/\/yoast.com\/wordpress\/plugins\/seo\/ -->\n<title>Referenzen - SMART PR \/\/ Ihre PR-Agentur in D\u00fcsseldorf<\/title>\n<meta name=\"description\" content=\"Entdecken Sie erfolgreiche PR- und Marketingprojekte von SMART PR. Erfahren Sie, wie wir Unternehmen zum Erfolg verhelfen.\" \/>\n<meta name=\"robots\" content=\"index, follow, max-snippet:-1, max-image-preview:large, max-video-preview:-1\" \/>\n<link rel=\"canonical\" href=\"https:\/\/smart-pr.de\/de\/referenzen\/\" \/>\n<meta property=\"og:locale\" content=\"de_DE\" \/>\n<meta property=\"og:type\" content=\"article\" \/>\n<meta property=\"og:title\" content=\"Referenzen - SMART PR \/\/ Ihre PR-Agentur in D\u00fcsseldorf\" \/>\n<meta property=\"og:description\" content=\"Entdecken Sie erfolgreiche PR- und Marketingprojekte von SMART PR. Erfahren Sie, wie wir Unternehmen zum Erfolg verhelfen.\" \/>\n<meta property=\"og:url\" content=\"https:\/\/smart-pr.de\/de\/referenzen\/\" \/>\n<meta property=\"og:site_name\" content=\"SMART PR \/\/ Ihre PR-Agentur in D\u00fcsseldorf\" \/>\n<meta property=\"article:modified_time\" content=\"2026-05-12T14:22:09+00:00\" \/>\n<meta name=\"twitter:card\" content=\"summary_large_image\" \/>\n<meta name=\"twitter:label1\" content=\"Gesch\u00e4tzte Lesezeit\" \/>\n\t<meta name=\"twitter:data1\" content=\"2\u00a0Minuten\" \/>\n<script type=\"application\/ld+json\" class=\"yoast-schema-graph\">{\"@context\":\"https:\/\/schema.org\",\"@graph\":[{\"@type\":\"WebPage\",\"@id\":\"https:\/\/smart-pr.de\/de\/referenzen\/\",\"url\":\"https:\/\/smart-pr.de\/de\/referenzen\/\",\"name\":\"Referenzen - SMART PR \/\/ Ihre PR-Agentur in D\u00fcsseldorf\",\"isPartOf\":{\"@id\":\"https:\/\/smart-pr.de\/de\/#website\"},\"datePublished\":\"2024-07-25T14:40:06+00:00\",\"dateModified\":\"2026-05-12T14:22:09+00:00\",\"description\":\"Entdecken Sie erfolgreiche PR- und Marketingprojekte von SMART PR. Erfahren Sie, wie wir Unternehmen zum Erfolg verhelfen.\",\"breadcrumb\":{\"@id\":\"https:\/\/smart-pr.de\/de\/referenzen\/#breadcrumb\"},\"inLanguage\":\"de\",\"potentialAction\":[{\"@type\":\"ReadAction\",\"target\":[\"https:\/\/smart-pr.de\/de\/referenzen\/\"]}]},{\"@type\":\"BreadcrumbList\",\"@id\":\"https:\/\/smart-pr.de\/de\/referenzen\/#breadcrumb\",\"itemListElement\":[{\"@type\":\"ListItem\",\"position\":1,\"name\":\"Startseite\",\"item\":\"https:\/\/smart-pr.de\/de\/\"},{\"@type\":\"ListItem\",\"position\":2,\"name\":\"Referenzen\"}]},{\"@type\":\"WebSite\",\"@id\":\"https:\/\/smart-pr.de\/de\/#website\",\"url\":\"https:\/\/smart-pr.de\/de\/\",\"name\":\"SMART PR \/\/ Ihre PR-Agentur in D\u00fcsseldorf\",\"description\":\"F\u00fcr ganzheitliche Kommunikation\",\"publisher\":{\"@id\":\"https:\/\/smart-pr.de\/de\/#organization\"},\"potentialAction\":[{\"@type\":\"SearchAction\",\"target\":{\"@type\":\"EntryPoint\",\"urlTemplate\":\"https:\/\/smart-pr.de\/de\/?s={search_term_string}\"},\"query-input\":{\"@type\":\"PropertyValueSpecification\",\"valueRequired\":true,\"valueName\":\"search_term_string\"}}],\"inLanguage\":\"de\"},{\"@type\":\"Organization\",\"@id\":\"https:\/\/smart-pr.de\/de\/#organization\",\"name\":\"SMART PR \/\/ Ihre PR-Agentur in D\u00fcsseldorf\",\"url\":\"https:\/\/smart-pr.de\/de\/\",\"logo\":{\"@type\":\"ImageObject\",\"inLanguage\":\"de\",\"@id\":\"https:\/\/smart-pr.de\/de\/#\/schema\/logo\/image\/\",\"url\":\"https:\/\/smart-pr.de\/wp-content\/uploads\/2024\/08\/smart-pr-logo-2.png\",\"contentUrl\":\"https:\/\/smart-pr.de\/wp-content\/uploads\/2024\/08\/smart-pr-logo-2.png\",\"width\":1800,\"height\":282,\"caption\":\"SMART PR \/\/ Ihre PR-Agentur in D\u00fcsseldorf\"},\"image\":{\"@id\":\"https:\/\/smart-pr.de\/de\/#\/schema\/logo\/image\/\"}}]}<\/script>\n<!-- \/ Yoast SEO plugin. -->","yoast_head_json":{"title":"Referenzen - SMART PR \/\/ Ihre PR-Agentur in D\u00fcsseldorf","description":"Entdecken Sie erfolgreiche PR- und Marketingprojekte von SMART PR. Erfahren Sie, wie wir Unternehmen zum Erfolg verhelfen.","robots":{"index":"index","follow":"follow","max-snippet":"max-snippet:-1","max-image-preview":"max-image-preview:large","max-video-preview":"max-video-preview:-1"},"canonical":"https:\/\/smart-pr.de\/de\/referenzen\/","og_locale":"de_DE","og_type":"article","og_title":"Referenzen - SMART PR \/\/ Ihre PR-Agentur in D\u00fcsseldorf","og_description":"Entdecken Sie erfolgreiche PR- und Marketingprojekte von SMART PR. Erfahren Sie, wie wir Unternehmen zum Erfolg verhelfen.","og_url":"https:\/\/smart-pr.de\/de\/referenzen\/","og_site_name":"SMART PR \/\/ Ihre PR-Agentur in D\u00fcsseldorf","article_modified_time":"2026-05-12T14:22:09+00:00","twitter_card":"summary_large_image","twitter_misc":{"Gesch\u00e4tzte Lesezeit":"2\u00a0Minuten"},"schema":{"@context":"https:\/\/schema.org","@graph":[{"@type":"WebPage","@id":"https:\/\/smart-pr.de\/de\/referenzen\/","url":"https:\/\/smart-pr.de\/de\/referenzen\/","name":"Referenzen - SMART PR \/\/ Ihre PR-Agentur in D\u00fcsseldorf","isPartOf":{"@id":"https:\/\/smart-pr.de\/de\/#website"},"datePublished":"2024-07-25T14:40:06+00:00","dateModified":"2026-05-12T14:22:09+00:00","description":"Entdecken Sie erfolgreiche PR- und Marketingprojekte von SMART PR. Erfahren Sie, wie wir Unternehmen zum Erfolg verhelfen.","breadcrumb":{"@id":"https:\/\/smart-pr.de\/de\/referenzen\/#breadcrumb"},"inLanguage":"de","potentialAction":[{"@type":"ReadAction","target":["https:\/\/smart-pr.de\/de\/referenzen\/"]}]},{"@type":"BreadcrumbList","@id":"https:\/\/smart-pr.de\/de\/referenzen\/#breadcrumb","itemListElement":[{"@type":"ListItem","position":1,"name":"Startseite","item":"https:\/\/smart-pr.de\/de\/"},{"@type":"ListItem","position":2,"name":"Referenzen"}]},{"@type":"WebSite","@id":"https:\/\/smart-pr.de\/de\/#website","url":"https:\/\/smart-pr.de\/de\/","name":"SMART PR \/\/ Ihre PR-Agentur in D\u00fcsseldorf","description":"F\u00fcr ganzheitliche Kommunikation","publisher":{"@id":"https:\/\/smart-pr.de\/de\/#organization"},"potentialAction":[{"@type":"SearchAction","target":{"@type":"EntryPoint","urlTemplate":"https:\/\/smart-pr.de\/de\/?s={search_term_string}"},"query-input":{"@type":"PropertyValueSpecification","valueRequired":true,"valueName":"search_term_string"}}],"inLanguage":"de"},{"@type":"Organization","@id":"https:\/\/smart-pr.de\/de\/#organization","name":"SMART PR \/\/ Ihre PR-Agentur in D\u00fcsseldorf","url":"https:\/\/smart-pr.de\/de\/","logo":{"@type":"ImageObject","inLanguage":"de","@id":"https:\/\/smart-pr.de\/de\/#\/schema\/logo\/image\/","url":"https:\/\/smart-pr.de\/wp-content\/uploads\/2024\/08\/smart-pr-logo-2.png","contentUrl":"https:\/\/smart-pr.de\/wp-content\/uploads\/2024\/08\/smart-pr-logo-2.png","width":1800,"height":282,"caption":"SMART PR \/\/ Ihre PR-Agentur in D\u00fcsseldorf"},"image":{"@id":"https:\/\/smart-pr.de\/de\/#\/schema\/logo\/image\/"}}]}},"_links":{"self":[{"href":"https:\/\/smart-pr.de\/de\/wp-json\/wp\/v2\/pages\/30","targetHints":{"allow":["GET"]}}],"collection":[{"href":"https:\/\/smart-pr.de\/de\/wp-json\/wp\/v2\/pages"}],"about":[{"href":"https:\/\/smart-pr.de\/de\/wp-json\/wp\/v2\/types\/page"}],"author":[{"embeddable":true,"href":"https:\/\/smart-pr.de\/de\/wp-json\/wp\/v2\/users\/1"}],"replies":[{"embeddable":true,"href":"https:\/\/smart-pr.de\/de\/wp-json\/wp\/v2\/comments?post=30"}],"version-history":[{"count":133,"href":"https:\/\/smart-pr.de\/de\/wp-json\/wp\/v2\/pages\/30\/revisions"}],"predecessor-version":[{"id":11544,"href":"https:\/\/smart-pr.de\/de\/wp-json\/wp\/v2\/pages\/30\/revisions\/11544"}],"wp:attachment":[{"href":"https:\/\/smart-pr.de\/de\/wp-json\/wp\/v2\/media?parent=30"}],"curies":[{"name":"wp","href":"https:\/\/api.w.org\/{rel}","templated":true}]}}