{"id":28,"date":"2024-07-25T14:39:52","date_gmt":"2024-07-25T14:39:52","guid":{"rendered":"https:\/\/entwicklungsumgebung6729.live-website.com\/?page_id=28"},"modified":"2026-03-06T13:11:31","modified_gmt":"2026-03-06T13:11:31","slug":"leistungen","status":"publish","type":"page","link":"https:\/\/smart-pr.de\/de\/leistungen\/","title":{"rendered":"Leistungen"},"content":{"rendered":"<div class=\"wpb-content-wrapper\"><p>[vc_row full_width=&#8220;stretch_row_content_no_spaces&#8220; css=&#8220;.vc_custom_1725632374027{margin-top: -30px !important;margin-right: 0px !important;margin-bottom: 0px !important;margin-left: 0px !important;padding-top: 0px !important;padding-right: 0px !important;padding-bottom: 0px !important;padding-left: 0px !important;}&#8220;][vc_column css=&#8220;.vc_custom_1724400273462{margin-top: 0px !important;margin-right: 0px !important;margin-bottom: 0px !important;margin-left: 0px !important;padding-top: 0px !important;padding-right: 0px !important;padding-bottom: 0px !important;padding-left: 0px !important;}&#8220;][vc_single_image image=&#8220;9989&#8243; img_size=&#8220;full&#8220; alignment=&#8220;center&#8220; css=&#8220;&#8220;][\/vc_column][\/vc_row][vc_row gap=&#8220;35&#8243; equal_height=&#8220;yes&#8220; content_placement=&#8220;middle&#8220;][vc_column css_animation=&#8220;fadeInLeft&#8220; width=&#8220;1\/3&#8243;]\n\t\t\t\t<p class=\"rs-p-wp-fix\"><\/p>\n\t\t\t\t<sr7-module data-alias=\"slider-13\" data-id=\"81\" id=\"SR7_81_1\" class=\"rs-ov-hidden\" data-version=\"6.7.33\">\n\t\t\t\t\t<sr7-adjuster><\/sr7-adjuster>\n\t\t\t\t\t<sr7-content>\n\t\t\t\t\t\t<sr7-slide id=\"SR7_81_1-302\" data-key=\"302\">\n\t\t\t\t\t\t<\/sr7-slide>\n\t\t\t\t\t\t<sr7-slide id=\"SR7_81_1-303\" data-key=\"303\">\n\t\t\t\t\t\t<\/sr7-slide>\n\t\t\t\t\t<\/sr7-content>\n\t\t\t\t<\/sr7-module>\n\t\t\t\t<script>\n\t\t\t\t\tSR7.PMH ??={}; SR7.PMH[\"SR7_81_1\"] = {cn:100,state:false,fn: function() { if (_tpt!==undefined && _tpt.prepareModuleHeight !== undefined) {  _tpt.prepareModuleHeight({id:\"SR7_81_1\",el:[300,300,300,300,200],type:'standard',shdw:'0',gh:[300,300,300,300,200],gw:[400,400,400,400,400],vpt:['100px&#039;,&#039;100px&#039;,&#039;100px&#039;,&#039;100px&#039;,&#039;100px'],size:{fullWidth:false, fullHeight:false},mh:'0',onh:0,onw:0,bg:{color:'{\"orig\":\"transparent\",\"type\":\"solid\",\"string\":\"transparent\"}'}});   SR7.PMH[\"SR7_81_1\"].state=true;} else if(SR7.PMH[\"SR7_81_1\"].cn-->0)\tsetTimeout( SR7.PMH[\"SR7_81_1\"].fn,19);}};SR7.PMH[\"SR7_81_1\" ].fn();\n\t\t\t\t<\/script>\n[\/vc_column][vc_column css_animation=&#8220;fadeInRightBig&#8220; width=&#8220;1\/3&#8243;][vc_column_text css_animation=&#8220;none&#8220; css=&#8220;&#8220; el_class=&#8220;wieh1&#8243;]<\/p>\n<h1 style=\"text-align: left;\"><span style=\"color: #ffd500;\"><strong><span style=\"color: #000000;\">Ihr Erfolg ist unser Ziel!<br \/>\n<\/span><\/strong><\/span><span style=\"color: #ffd500;\"><strong><span style=\"color: #000000;\">Entdecken Sie unsere<\/span><br \/>\nSMART-Leistungen<\/strong><\/span><\/h1>\n<p>[\/vc_column_text][\/vc_column][vc_column width=&#8220;1\/3&#8243;][\/vc_column][\/vc_row][vc_row full_width=&#8220;stretch_row_content&#8220; content_placement=&#8220;middle&#8220; disable_element=&#8220;yes&#8220; css=&#8220;.vc_custom_1772802687087{background-color: #ffd500 !important;}&#8220;][vc_column width=&#8220;1\/4&#8243;][\/vc_column][vc_column css_animation=&#8220;fadeInLeft&#8220; width=&#8220;1\/4&#8243;][vc_column_text css=&#8220;&#8220;]\u201eSpannende Aufgaben und Herausforderungen in der Kommunikation sind f\u00fcr mich mein Motor. Ich habe gro\u00dfe Freude daran, schwierige Kommunikationsaufgaben zu l\u00f6sen und meine Kollegen in den vielf\u00e4ltigen Unternehmen der Gruppe beratend zu begleiten und zu unterst\u00fctzen.\u201c<\/p>\n<h5><strong>Dr. Christina Jacob, Gr\u00fcnderin<\/strong><\/h5>\n<p>[\/vc_column_text][\/vc_column][vc_column css_animation=&#8220;fadeInRight&#8220; width=&#8220;1\/4&#8243;][vc_single_image image=&#8220;9992&#8243; img_size=&#8220;large&#8220; style=&#8220;vc_box_shadow_3d&#8220; css=&#8220;&#8220;][\/vc_column][vc_column width=&#8220;1\/4&#8243;][\/vc_column][\/vc_row][vc_row css=&#8220;.vc_custom_1727797910353{margin-top: 35px !important;margin-bottom: 35px !important;}&#8220;][vc_column][vc_column_text css_animation=&#8220;fadeIn&#8220; css=&#8220;&#8220;]<\/p>\n<h2 style=\"text-align: center;\"><strong>Unsere Leistungen<\/strong><\/h2>\n<p>[\/vc_column_text][\/vc_column][\/vc_row][vc_row css_animation=&#8220;none&#8220;][vc_column css_animation=&#8220;fadeIn&#8220; width=&#8220;1\/4&#8243;][vc_media_grid element_width=&#8220;12&#8243; gap=&#8220;0&#8243; item=&#8220;1039&#8243; css=&#8220;&#8220; initial_loading_animation=&#8220;none&#8220; grid_id=&#8220;vc_gid:1772802674936-ebcd95c3-4d63-0&#8243; include=&#8220;4909&#8243;][vc_btn title=&#8220;zu Strategie und Beratung&#8220; style=&#8220;outline-custom&#8220; outline_custom_color=&#8220;#0a0a0a&#8220; outline_custom_hover_background=&#8220;#ffd500&#8243; outline_custom_hover_text=&#8220;#0a0a0a&#8220; align=&#8220;center&#8220; css=&#8220;&#8220; link=&#8220;url:%2Fleistungen%2Fstrategie-und-beratung%2F|title:Strategie%20und%20Beratung&#8220;][\/vc_column][vc_column css_animation=&#8220;fadeIn&#8220; width=&#8220;1\/4&#8243;][vc_media_grid element_width=&#8220;12&#8243; gap=&#8220;0&#8243; item=&#8220;1042&#8243; css=&#8220;&#8220; initial_loading_animation=&#8220;none&#8220; grid_id=&#8220;vc_gid:1772802674936-ec63c636-8775-6&#8243; include=&#8220;4910&#8243;][vc_btn title=&#8220;zu Presse- und \u00d6ffentlichkeitsarbeit&#8220; style=&#8220;outline-custom&#8220; outline_custom_color=&#8220;#0a0a0a&#8220; outline_custom_hover_background=&#8220;#ffd500&#8243; outline_custom_hover_text=&#8220;#0a0a0a&#8220; align=&#8220;center&#8220; css=&#8220;&#8220; link=&#8220;url:%2Fleistungen%2Fpresse-und-oeffentlichkeitsarbeit%2F|title:Presse%20und%20%C3%96ffentlichkeitsarbeit&#8220;][\/vc_column][vc_column css_animation=&#8220;fadeIn&#8220; width=&#8220;1\/4&#8243;][vc_media_grid element_width=&#8220;12&#8243; gap=&#8220;0&#8243; item=&#8220;1106&#8243; css=&#8220;&#8220; initial_loading_animation=&#8220;none&#8220; grid_id=&#8220;vc_gid:1772802674937-8824ae04-f2ac-4&#8243; include=&#8220;4911&#8243;][vc_btn title=&#8220;zu Content Creation&#8220; style=&#8220;outline-custom&#8220; outline_custom_color=&#8220;#0a0a0a&#8220; outline_custom_hover_background=&#8220;#ffd500&#8243; outline_custom_hover_text=&#8220;#0a0a0a&#8220; align=&#8220;center&#8220; css=&#8220;&#8220; link=&#8220;url:%2Fleistungen%2Fcontent-creation%2F|title:Content%20Creation&#8220;][\/vc_column][vc_column css_animation=&#8220;fadeIn&#8220; width=&#8220;1\/4&#8243;][vc_media_grid element_width=&#8220;12&#8243; gap=&#8220;0&#8243; item=&#8220;1110&#8243; css=&#8220;&#8220; initial_loading_animation=&#8220;none&#8220; grid_id=&#8220;vc_gid:1772802674937-bb70a7b2-f93e-5&#8243; include=&#8220;4912&#8243;][vc_btn title=&#8220;zu SEO Beratung&#8220; style=&#8220;outline-custom&#8220; outline_custom_color=&#8220;#0a0a0a&#8220; outline_custom_hover_background=&#8220;#ffd500&#8243; outline_custom_hover_text=&#8220;#0a0a0a&#8220; align=&#8220;center&#8220; css=&#8220;&#8220; link=&#8220;url:%2Fleistungen%2Fseo-beratung%2F|title:SEO%20Beratung&#8220;][\/vc_column][\/vc_row][vc_row css=&#8220;.vc_custom_1733822764456{margin-bottom: 35px !important;}&#8220;][vc_column css_animation=&#8220;fadeIn&#8220; width=&#8220;1\/4&#8243;][vc_media_grid element_width=&#8220;12&#8243; gap=&#8220;0&#8243; item=&#8220;1114&#8243; css=&#8220;&#8220; initial_loading_animation=&#8220;none&#8220; grid_id=&#8220;vc_gid:1772802674938-99007e74-37a2-3&#8243; include=&#8220;4913&#8243;][vc_btn title=&#8220;zu Social Media&#8220; style=&#8220;outline-custom&#8220; outline_custom_color=&#8220;#0a0a0a&#8220; outline_custom_hover_background=&#8220;#ffd500&#8243; outline_custom_hover_text=&#8220;#0a0a0a&#8220; align=&#8220;center&#8220; css=&#8220;&#8220; link=&#8220;url:%2Fleistungen%2Fsocial-media-services%2F|title:Social%20Media%20Services&#8220;][\/vc_column][vc_column css_animation=&#8220;fadeIn&#8220; width=&#8220;1\/4&#8243;][vc_media_grid element_width=&#8220;12&#8243; gap=&#8220;0&#8243; item=&#8220;1117&#8243; css=&#8220;&#8220; initial_loading_animation=&#8220;none&#8220; grid_id=&#8220;vc_gid:1772802674940-85abd374-2670-10&#8243; include=&#8220;10387&#8243;][vc_btn title=&#8220;zu Influencer Relations&#8220; style=&#8220;outline-custom&#8220; outline_custom_color=&#8220;#0a0a0a&#8220; outline_custom_hover_background=&#8220;#ffd500&#8243; outline_custom_hover_text=&#8220;#0a0a0a&#8220; align=&#8220;center&#8220; css=&#8220;&#8220; link=&#8220;url:%2Fleistungen%2Finfluencer-relations%2F|title:Influencer%20Relations&#8220;][\/vc_column][vc_column css_animation=&#8220;fadeIn&#8220; width=&#8220;1\/4&#8243;][vc_media_grid element_width=&#8220;12&#8243; gap=&#8220;0&#8243; item=&#8220;1119&#8243; css=&#8220;&#8220; initial_loading_animation=&#8220;none&#8220; grid_id=&#8220;vc_gid:1772802674941-b2ff8a28-83f5-1&#8243; include=&#8220;10308&#8243;][vc_btn title=&#8220;zu Training&#8220; style=&#8220;outline-custom&#8220; outline_custom_color=&#8220;#0a0a0a&#8220; outline_custom_hover_background=&#8220;#ffd500&#8243; outline_custom_hover_text=&#8220;#0a0a0a&#8220; align=&#8220;center&#8220; css=&#8220;&#8220; link=&#8220;url:%2Fleistungen%2Ftraining%2F|title:Training&#8220;][\/vc_column][vc_column css_animation=&#8220;fadeIn&#8220; width=&#8220;1\/4&#8243;][vc_media_grid element_width=&#8220;12&#8243; gap=&#8220;0&#8243; item=&#8220;1120&#8243; css=&#8220;&#8220; initial_loading_animation=&#8220;none&#8220; grid_id=&#8220;vc_gid:1772802674941-a79a0012-be59-0&#8243; include=&#8220;4916&#8243;][vc_btn title=&#8220;zu Kampagnen&#8220; style=&#8220;outline-custom&#8220; outline_custom_color=&#8220;#0a0a0a&#8220; outline_custom_hover_background=&#8220;#ffd500&#8243; outline_custom_hover_text=&#8220;#0a0a0a&#8220; align=&#8220;center&#8220; css=&#8220;&#8220; link=&#8220;url:%2Fleistungen%2Fkampagnen%2F|title:kampagnen&#8220;][\/vc_column][\/vc_row][vc_row full_width=&#8220;stretch_row_content_no_spaces&#8220; equal_height=&#8220;yes&#8220; content_placement=&#8220;middle&#8220; css_animation=&#8220;none&#8220; css=&#8220;.vc_custom_1729608412337{margin-bottom: -25px !important;padding-top: 5% !important;padding-right: 2% !important;padding-bottom: 5% !important;padding-left: 2% !important;background-color: #ffd500 !important;}&#8220;][vc_column css_animation=&#8220;fadeInLeft&#8220; width=&#8220;1\/2&#8243; css=&#8220;.vc_custom_1725436267372{margin-top: 0px !important;margin-bottom: 0px !important;padding-top: 0px !important;padding-bottom: 0px !important;}&#8220;][vc_row_inner][vc_column_inner][vc_column_text css=&#8220;.vc_custom_1725436372396{padding-right: 10% !important;padding-left: 10% !important;}&#8220;]<\/p>\n<h3 style=\"text-align: center;\"><span style=\"color: #000000;\">Unsere Leistungen<\/span><\/h3>\n<p>[\/vc_column_text][\/vc_column_inner][\/vc_row_inner][vc_column_text css=&#8220;.vc_custom_1731424036963{padding-right: 10% !important;padding-left: 10% !important;}&#8220;]Bereit, Ihre Marke wirkungsvoll zu positionieren? Lassen Sie uns Ihre Kommunikationsziele gemeinsam erreichen \u2013 kontaktieren Sie uns jetzt und starten Sie durch![\/vc_column_text][vc_row_inner][vc_column_inner][vc_icon icon_fontawesome=&#8220;fas fa-phone-alt&#8220; color=&#8220;custom&#8220; background_style=&#8220;rounded-less&#8220; background_color=&#8220;black&#8220; size=&#8220;sm&#8220; align=&#8220;center&#8220; css=&#8220;&#8220; custom_color=&#8220;#ffd500&#8243;][vc_column_text css=&#8220;&#8220;]<\/p>\n<h4 style=\"text-align: center;\">+49 211 2709-0<\/h4>\n<p>[\/vc_column_text][\/vc_column_inner][\/vc_row_inner][\/vc_column][vc_column css_animation=&#8220;fadeInRightBig&#8220; width=&#8220;1\/2&#8243;]\n<div class=\"wpcf7 no-js\" id=\"wpcf7-f11-o1\" lang=\"de-DE\" dir=\"ltr\" data-wpcf7-id=\"11\">\n<div class=\"screen-reader-response\"><p role=\"status\" aria-live=\"polite\" aria-atomic=\"true\"><\/p> <ul><\/ul><\/div>\n<form action=\"\/de\/wp-json\/wp\/v2\/pages\/28#wpcf7-f11-o1\" method=\"post\" class=\"wpcf7-form init\" aria-label=\"Kontaktformular\" novalidate=\"novalidate\" data-status=\"init\">\n<fieldset class=\"hidden-fields-container\"><input type=\"hidden\" name=\"_wpcf7\" value=\"11\" \/><input type=\"hidden\" name=\"_wpcf7_version\" value=\"6.1.1\" \/><input type=\"hidden\" name=\"_wpcf7_locale\" value=\"de_DE\" \/><input type=\"hidden\" name=\"_wpcf7_unit_tag\" value=\"wpcf7-f11-o1\" \/><input type=\"hidden\" name=\"_wpcf7_container_post\" value=\"0\" \/><input type=\"hidden\" name=\"_wpcf7_posted_data_hash\" value=\"\" \/><input type=\"hidden\" name=\"_wpcf7_recaptcha_response\" value=\"\" \/>\n<\/fieldset>\n<p><label> Dein Name*<br \/>\n<span class=\"wpcf7-form-control-wrap\" data-name=\"your-name\"><input size=\"40\" maxlength=\"400\" class=\"wpcf7-form-control wpcf7-text wpcf7-validates-as-required\" autocomplete=\"name\" aria-required=\"true\" aria-invalid=\"false\" value=\"\" type=\"text\" name=\"your-name\" \/><\/span> <\/label>\n<\/p>\n<p><label> Deine E-Mail-Adresse*<br \/>\n<span class=\"wpcf7-form-control-wrap\" data-name=\"your-email\"><input size=\"40\" maxlength=\"400\" class=\"wpcf7-form-control wpcf7-email wpcf7-validates-as-required wpcf7-text wpcf7-validates-as-email\" autocomplete=\"email\" aria-required=\"true\" aria-invalid=\"false\" value=\"\" type=\"email\" name=\"your-email\" \/><\/span> <\/label>\n<\/p>\n<p><label> Betreff*<br \/>\n<span class=\"wpcf7-form-control-wrap\" data-name=\"betreff\"><select class=\"wpcf7-form-control wpcf7-select wpcf7-validates-as-required\" aria-required=\"true\" aria-invalid=\"false\" name=\"betreff\"><option value=\"Unverbindliche Beratung\">Unverbindliche Beratung<\/option><option value=\"Angebot anfordern\">Angebot anfordern<\/option><option value=\"Termin vereinbaren\">Termin vereinbaren<\/option><option value=\"Sonstiges\">Sonstiges<\/option><\/select><\/span> <\/label>\n<\/p>\n<p><label> Deine Nachricht (optional)<br \/>\n<span class=\"wpcf7-form-control-wrap\" data-name=\"your-message\"><textarea cols=\"40\" rows=\"10\" maxlength=\"2000\" class=\"wpcf7-form-control wpcf7-textarea\" aria-invalid=\"false\" name=\"your-message\"><\/textarea><\/span> <\/label>\n<\/p>\n<p><span class=\"wpcf7-form-control-wrap\" data-name=\"acceptance-1\"><span class=\"wpcf7-form-control wpcf7-acceptance\"><span class=\"wpcf7-list-item\"><label><input type=\"checkbox\" name=\"acceptance-1\" value=\"1\" aria-invalid=\"false\" \/><span class=\"wpcf7-list-item-label\">Ich stimme der Verarbeitung meiner Daten gem\u00e4\u00df der <a href=\"https:\/\/www.smart-pr.de\/de\/datenschutz\/\" target=\"_blank\">Datenschutzerkl\u00e4rung<\/a> zu.<\/span><\/label><\/span><\/span><\/span>\n<\/p>\n<p><input class=\"wpcf7-form-control wpcf7-submit has-spinner\" type=\"submit\" value=\"Senden\" \/>\n<\/p><div class=\"wpcf7-response-output\" aria-hidden=\"true\"><\/div>\n<\/form>\n<\/div>\n[\/vc_column][\/vc_row]<\/p>\n<\/div>","protected":false},"excerpt":{"rendered":"[vc_row full_width=\"stretch_row_content_no_spaces\" css=\".vc_custom_1725632374027{margin-top: -30px !important;margin-right: 0px !important;margin-bottom: 0px !important;margin-left: 0px !important;padding-top: 0px !important;padding-right: 0px !important;padding-bottom:<span class=\"excerpt-hellip\"> [\u2026]<\/span>","protected":false},"author":1,"featured_media":0,"parent":0,"menu_order":0,"comment_status":"closed","ping_status":"closed","template":"","meta":{"footnotes":""},"class_list":["post-28","page","type-page","status-publish","hentry"],"yoast_head":"<!-- This site is optimized with the Yoast SEO plugin v25.6 - https:\/\/yoast.com\/wordpress\/plugins\/seo\/ -->\n<title>Leistungen - SMART PR \/\/ Ihre PR-Agentur in D\u00fcsseldorf<\/title>\n<meta name=\"description\" content=\"Entdecken Sie die PR-Leistungen von Smart PR. Wir bieten ma\u00dfgeschneiderte PR-Strategien, Social Media Beratung, Content-Marketing und mehr.\" \/>\n<meta name=\"robots\" content=\"index, follow, max-snippet:-1, max-image-preview:large, max-video-preview:-1\" \/>\n<link rel=\"canonical\" href=\"https:\/\/smart-pr.de\/de\/leistungen\/\" \/>\n<meta property=\"og:locale\" content=\"de_DE\" \/>\n<meta property=\"og:type\" content=\"article\" \/>\n<meta property=\"og:title\" content=\"Leistungen - SMART PR \/\/ Ihre PR-Agentur in D\u00fcsseldorf\" \/>\n<meta property=\"og:description\" content=\"Entdecken Sie die PR-Leistungen von Smart PR. Wir bieten ma\u00dfgeschneiderte PR-Strategien, Social Media Beratung, Content-Marketing und mehr.\" \/>\n<meta property=\"og:url\" content=\"https:\/\/smart-pr.de\/de\/leistungen\/\" \/>\n<meta property=\"og:site_name\" content=\"SMART PR \/\/ Ihre PR-Agentur in D\u00fcsseldorf\" \/>\n<meta property=\"article:modified_time\" content=\"2026-03-06T13:11:31+00:00\" \/>\n<meta name=\"twitter:card\" content=\"summary_large_image\" \/>\n<meta name=\"twitter:label1\" content=\"Gesch\u00e4tzte Lesezeit\" \/>\n\t<meta name=\"twitter:data1\" content=\"3\u00a0Minuten\" \/>\n<script type=\"application\/ld+json\" class=\"yoast-schema-graph\">{\"@context\":\"https:\/\/schema.org\",\"@graph\":[{\"@type\":\"WebPage\",\"@id\":\"https:\/\/smart-pr.de\/de\/leistungen\/\",\"url\":\"https:\/\/smart-pr.de\/de\/leistungen\/\",\"name\":\"Leistungen - SMART PR \/\/ Ihre PR-Agentur in D\u00fcsseldorf\",\"isPartOf\":{\"@id\":\"https:\/\/smart-pr.de\/de\/#website\"},\"datePublished\":\"2024-07-25T14:39:52+00:00\",\"dateModified\":\"2026-03-06T13:11:31+00:00\",\"description\":\"Entdecken Sie die PR-Leistungen von Smart PR. Wir bieten ma\u00dfgeschneiderte PR-Strategien, Social Media Beratung, Content-Marketing und mehr.\",\"breadcrumb\":{\"@id\":\"https:\/\/smart-pr.de\/de\/leistungen\/#breadcrumb\"},\"inLanguage\":\"de\",\"potentialAction\":[{\"@type\":\"ReadAction\",\"target\":[\"https:\/\/smart-pr.de\/de\/leistungen\/\"]}]},{\"@type\":\"BreadcrumbList\",\"@id\":\"https:\/\/smart-pr.de\/de\/leistungen\/#breadcrumb\",\"itemListElement\":[{\"@type\":\"ListItem\",\"position\":1,\"name\":\"Startseite\",\"item\":\"https:\/\/smart-pr.de\/de\/\"},{\"@type\":\"ListItem\",\"position\":2,\"name\":\"Leistungen\"}]},{\"@type\":\"WebSite\",\"@id\":\"https:\/\/smart-pr.de\/de\/#website\",\"url\":\"https:\/\/smart-pr.de\/de\/\",\"name\":\"SMART PR \/\/ Ihre PR-Agentur in D\u00fcsseldorf\",\"description\":\"F\u00fcr ganzheitliche Kommunikation\",\"publisher\":{\"@id\":\"https:\/\/smart-pr.de\/de\/#organization\"},\"potentialAction\":[{\"@type\":\"SearchAction\",\"target\":{\"@type\":\"EntryPoint\",\"urlTemplate\":\"https:\/\/smart-pr.de\/de\/?s={search_term_string}\"},\"query-input\":{\"@type\":\"PropertyValueSpecification\",\"valueRequired\":true,\"valueName\":\"search_term_string\"}}],\"inLanguage\":\"de\"},{\"@type\":\"Organization\",\"@id\":\"https:\/\/smart-pr.de\/de\/#organization\",\"name\":\"SMART PR \/\/ Ihre PR-Agentur in D\u00fcsseldorf\",\"url\":\"https:\/\/smart-pr.de\/de\/\",\"logo\":{\"@type\":\"ImageObject\",\"inLanguage\":\"de\",\"@id\":\"https:\/\/smart-pr.de\/de\/#\/schema\/logo\/image\/\",\"url\":\"https:\/\/smart-pr.de\/wp-content\/uploads\/2024\/08\/smart-pr-logo-2.png\",\"contentUrl\":\"https:\/\/smart-pr.de\/wp-content\/uploads\/2024\/08\/smart-pr-logo-2.png\",\"width\":1800,\"height\":282,\"caption\":\"SMART PR \/\/ Ihre PR-Agentur in D\u00fcsseldorf\"},\"image\":{\"@id\":\"https:\/\/smart-pr.de\/de\/#\/schema\/logo\/image\/\"}}]}<\/script>\n<!-- \/ Yoast SEO plugin. -->","yoast_head_json":{"title":"Leistungen - SMART PR \/\/ Ihre PR-Agentur in D\u00fcsseldorf","description":"Entdecken Sie die PR-Leistungen von Smart PR. Wir bieten ma\u00dfgeschneiderte PR-Strategien, Social Media Beratung, Content-Marketing und mehr.","robots":{"index":"index","follow":"follow","max-snippet":"max-snippet:-1","max-image-preview":"max-image-preview:large","max-video-preview":"max-video-preview:-1"},"canonical":"https:\/\/smart-pr.de\/de\/leistungen\/","og_locale":"de_DE","og_type":"article","og_title":"Leistungen - SMART PR \/\/ Ihre PR-Agentur in D\u00fcsseldorf","og_description":"Entdecken Sie die PR-Leistungen von Smart PR. Wir bieten ma\u00dfgeschneiderte PR-Strategien, Social Media Beratung, Content-Marketing und mehr.","og_url":"https:\/\/smart-pr.de\/de\/leistungen\/","og_site_name":"SMART PR \/\/ Ihre PR-Agentur in D\u00fcsseldorf","article_modified_time":"2026-03-06T13:11:31+00:00","twitter_card":"summary_large_image","twitter_misc":{"Gesch\u00e4tzte Lesezeit":"3\u00a0Minuten"},"schema":{"@context":"https:\/\/schema.org","@graph":[{"@type":"WebPage","@id":"https:\/\/smart-pr.de\/de\/leistungen\/","url":"https:\/\/smart-pr.de\/de\/leistungen\/","name":"Leistungen - SMART PR \/\/ Ihre PR-Agentur in D\u00fcsseldorf","isPartOf":{"@id":"https:\/\/smart-pr.de\/de\/#website"},"datePublished":"2024-07-25T14:39:52+00:00","dateModified":"2026-03-06T13:11:31+00:00","description":"Entdecken Sie die PR-Leistungen von Smart PR. Wir bieten ma\u00dfgeschneiderte PR-Strategien, Social Media Beratung, Content-Marketing und mehr.","breadcrumb":{"@id":"https:\/\/smart-pr.de\/de\/leistungen\/#breadcrumb"},"inLanguage":"de","potentialAction":[{"@type":"ReadAction","target":["https:\/\/smart-pr.de\/de\/leistungen\/"]}]},{"@type":"BreadcrumbList","@id":"https:\/\/smart-pr.de\/de\/leistungen\/#breadcrumb","itemListElement":[{"@type":"ListItem","position":1,"name":"Startseite","item":"https:\/\/smart-pr.de\/de\/"},{"@type":"ListItem","position":2,"name":"Leistungen"}]},{"@type":"WebSite","@id":"https:\/\/smart-pr.de\/de\/#website","url":"https:\/\/smart-pr.de\/de\/","name":"SMART PR \/\/ Ihre PR-Agentur in D\u00fcsseldorf","description":"F\u00fcr ganzheitliche Kommunikation","publisher":{"@id":"https:\/\/smart-pr.de\/de\/#organization"},"potentialAction":[{"@type":"SearchAction","target":{"@type":"EntryPoint","urlTemplate":"https:\/\/smart-pr.de\/de\/?s={search_term_string}"},"query-input":{"@type":"PropertyValueSpecification","valueRequired":true,"valueName":"search_term_string"}}],"inLanguage":"de"},{"@type":"Organization","@id":"https:\/\/smart-pr.de\/de\/#organization","name":"SMART PR \/\/ Ihre PR-Agentur in D\u00fcsseldorf","url":"https:\/\/smart-pr.de\/de\/","logo":{"@type":"ImageObject","inLanguage":"de","@id":"https:\/\/smart-pr.de\/de\/#\/schema\/logo\/image\/","url":"https:\/\/smart-pr.de\/wp-content\/uploads\/2024\/08\/smart-pr-logo-2.png","contentUrl":"https:\/\/smart-pr.de\/wp-content\/uploads\/2024\/08\/smart-pr-logo-2.png","width":1800,"height":282,"caption":"SMART PR \/\/ Ihre PR-Agentur in D\u00fcsseldorf"},"image":{"@id":"https:\/\/smart-pr.de\/de\/#\/schema\/logo\/image\/"}}]}},"_links":{"self":[{"href":"https:\/\/smart-pr.de\/de\/wp-json\/wp\/v2\/pages\/28","targetHints":{"allow":["GET"]}}],"collection":[{"href":"https:\/\/smart-pr.de\/de\/wp-json\/wp\/v2\/pages"}],"about":[{"href":"https:\/\/smart-pr.de\/de\/wp-json\/wp\/v2\/types\/page"}],"author":[{"embeddable":true,"href":"https:\/\/smart-pr.de\/de\/wp-json\/wp\/v2\/users\/1"}],"replies":[{"embeddable":true,"href":"https:\/\/smart-pr.de\/de\/wp-json\/wp\/v2\/comments?post=28"}],"version-history":[{"count":321,"href":"https:\/\/smart-pr.de\/de\/wp-json\/wp\/v2\/pages\/28\/revisions"}],"predecessor-version":[{"id":10954,"href":"https:\/\/smart-pr.de\/de\/wp-json\/wp\/v2\/pages\/28\/revisions\/10954"}],"wp:attachment":[{"href":"https:\/\/smart-pr.de\/de\/wp-json\/wp\/v2\/media?parent=28"}],"curies":[{"name":"wp","href":"https:\/\/api.w.org\/{rel}","templated":true}]}}