{"id":2719,"date":"2024-09-11T14:37:28","date_gmt":"2024-09-11T14:37:28","guid":{"rendered":"https:\/\/entwicklungsumgebung6729.live-website.com\/?page_id=2719"},"modified":"2025-05-21T08:37:25","modified_gmt":"2025-05-21T08:37:25","slug":"instagram-fuer-unternehmen","status":"publish","type":"page","link":"https:\/\/smart-pr.de\/de\/leistungen\/social-media-services\/instagram\/instagram-fuer-unternehmen\/","title":{"rendered":"Instagram f\u00fcr Unternehmen"},"content":{"rendered":"<div class=\"wpb-content-wrapper\"><p>[vc_row full_width=&#8220;stretch_row_content_no_spaces&#8220; css=&#8220;.vc_custom_1730059831189{margin-top: -30px !important;}&#8220;][vc_column][vc_single_image image=&#8220;10335&#8243; img_size=&#8220;full&#8220; alignment=&#8220;center&#8220; css=&#8220;&#8220;][\/vc_column][\/vc_row][vc_row][vc_column width=&#8220;1\/6&#8243;][\/vc_column][vc_column width=&#8220;2\/3&#8243;][vc_column_text css=&#8220;&#8220;]<\/p>\n<h1><strong>Instagram f\u00fcr Unternehmen<\/strong><\/h1>\n<p>Instagram f\u00fcr Unternehmen bietet eine herausragende M\u00f6glichkeit, gezielt j\u00fcngere Zielgruppen anzusprechen und die Marke eines Unternehmens effektiv zu positionieren. Die Basis f\u00fcr einen idealen Instagram Auftritt bildet Ihr Unternehmensprofil \u2013 sprich ein einpr\u00e4gsames Profilbild, eine pr\u00e4zise Beschreibung Ihres Unternehmens sowie ein Link zu Ihrem Impressum. Durch relevante Keywords in Ihrer Biografie, die sogar in Google-Suchen erscheinen k\u00f6nnen, k\u00f6nnen Sie Ihre Reichweite immens steigern.<\/p>\n<p>Neben <strong>Instagram Ads<\/strong> ist die Zusammenarbeit mit <strong>Corporate Influencern<\/strong> sehr hilfreich, um die Engagement Rate und somit Ihre Markenbekanntheit zu steigern. Damit Sie den \u00dcberblick \u00fcber wichtige KPIs nicht verlieren, k\u00f6nnen Sie in Ihrer Statistik ganz einfach die Performance Ihres Accounts analysieren. Basierend auf den Ergebnissen, k\u00f6nnen Sie bei Bedarf Ihre Instagram Strategie anpassen.<\/p>\n<p>Dank der Vielfalt an Nischen, die Instagram bedient, gelingt es Unternehmen aus nahezu allen Branchen, sich mit einem <strong>Instagram Business Account<\/strong> optimal zu pr\u00e4sentieren.<\/p>\n<p>Die Verwaltung Ihres Accounts wird durch die \u00fcbersichtliche Postfachorganisation in drei Kategorien (Hauptordner, Allgemeines und Anfragen) erleichtert. Ebenfalls enthalten ist die Funktion \u201eSchnellantwort\u201c, mit der Sie Nachrichten schnell und unkompliziert beantworten k\u00f6nnen.<\/p>\n<p><strong>Instagram f\u00fcr Unternehmen<\/strong> bietet noch weitere diverse Vorteile. Mit einer guten Vorbereitung, k\u00f6nnen Sie in nur wenigen Minuten einen Business Account ins Leben rufen.<\/p>\n<p>Als Instagram Agentur mit Sitz in D\u00fcsseldorf beraten wir Sie gerne dabei, wie Sie Instagram f\u00fcr Ihr Unternehmen optimal nutzen k\u00f6nnen.[\/vc_column_text][vc_column_text css=&#8220;&#8220;]Als Ihre Instagram Agentur mit Sitz in D\u00fcsseldorf unterst\u00fctzen wir Sie dabei, Ihre Marke auf einer der weltweit f\u00fchrenden Social-Media-Plattformen optimal zu positionieren. Mit <strong>ma\u00dfgeschneiderten Strategien<\/strong> und kreativen Inhalten maximieren wir Ihre Reichweite und steigern das Engagement Ihrer Zielgruppe. Erfahren Sie mehr \u00fcber unsere umfassenden Leistungen und wie wir gemeinsam Ihre Instagram-Pr\u00e4senz erfolgreich ausbauen k\u00f6nnen.<\/p>\n<p>Gibt es Case Studies von Instagram Kan\u00e4len, die wir aufgebaut haben? Wenn ja, gerne hier verlinken.[\/vc_column_text][\/vc_column][vc_column width=&#8220;1\/6&#8243;][\/vc_column][\/vc_row][vc_row css=&#8220;.vc_custom_1732786014119{background-color: #ffd500 !important;}&#8220;][vc_column width=&#8220;1\/6&#8243;][\/vc_column][vc_column width=&#8220;2\/3&#8243;][vc_column_text css=&#8220;&#8220;]<\/p>\n<h3><strong>Unsere Leistungen: <\/strong><\/h3>\n<ul>\n<li>Erstellung einer ma\u00dfgeschneiderten Content-Strategie<\/li>\n<li>Wettbewerbsanalyse<\/li>\n<li>Aufbau und Pflege Ihres Instagram Accounts<\/li>\n<li>Content-Produktion mit Vor- und Nachbereitung<\/li>\n<li>Community-Management<\/li>\n<li>Werbeanzeigen und Promotions<\/li>\n<li>Berichterstattung und Analyse<\/li>\n<\/ul>\n<p>[\/vc_column_text][\/vc_column][vc_column width=&#8220;1\/6&#8243;][\/vc_column][\/vc_row]<\/p>\n<\/div>","protected":false},"excerpt":{"rendered":"[vc_row full_width=\"stretch_row_content_no_spaces\" css=\".vc_custom_1730059831189{margin-top: -30px !important;}\"][vc_column][vc_single_image image=\"10335\" img_size=\"full\" alignment=\"center\" css=\"\"][\/vc_column][\/vc_row][vc_row][vc_column width=\"1\/6\"][\/vc_column][vc_column width=\"2\/3\"][vc_column_text css=\"\"] Instagram f\u00fcr Unternehmen<span class=\"excerpt-hellip\"> [\u2026]<\/span>","protected":false},"author":2,"featured_media":0,"parent":1955,"menu_order":0,"comment_status":"closed","ping_status":"closed","template":"","meta":{"footnotes":""},"class_list":["post-2719","page","type-page","status-publish","hentry"],"yoast_head":"<!-- This site is optimized with the Yoast SEO plugin v25.6 - https:\/\/yoast.com\/wordpress\/plugins\/seo\/ -->\n<title>Instagram f\u00fcr Unternehmen \u2013 Optimales Social Media Marketing<\/title>\n<meta name=\"description\" content=\"Nutzen Sie die Power von Instagram mit SMART PR und entwickeln Sie ma\u00dfgeschneiderte Kampagnen f\u00fcr Ihr Unternehmen.\" \/>\n<meta name=\"robots\" content=\"index, follow, max-snippet:-1, max-image-preview:large, max-video-preview:-1\" \/>\n<link rel=\"canonical\" href=\"https:\/\/smart-pr.de\/de\/leistungen\/social-media-services\/instagram\/instagram-fuer-unternehmen\/\" \/>\n<meta property=\"og:locale\" content=\"de_DE\" \/>\n<meta property=\"og:type\" content=\"article\" \/>\n<meta property=\"og:title\" content=\"Instagram f\u00fcr Unternehmen \u2013 Optimales Social Media Marketing\" \/>\n<meta property=\"og:description\" content=\"Nutzen Sie die Power von Instagram mit SMART PR und entwickeln Sie ma\u00dfgeschneiderte Kampagnen f\u00fcr Ihr Unternehmen.\" \/>\n<meta property=\"og:url\" content=\"https:\/\/smart-pr.de\/de\/leistungen\/social-media-services\/instagram\/instagram-fuer-unternehmen\/\" \/>\n<meta property=\"og:site_name\" content=\"SMART PR \/\/ Ihre PR-Agentur in D\u00fcsseldorf\" \/>\n<meta property=\"article:modified_time\" content=\"2025-05-21T08:37:25+00:00\" \/>\n<meta name=\"twitter:card\" content=\"summary_large_image\" \/>\n<meta name=\"twitter:label1\" content=\"Gesch\u00e4tzte Lesezeit\" \/>\n\t<meta name=\"twitter:data1\" content=\"3\u00a0Minuten\" \/>\n<script type=\"application\/ld+json\" class=\"yoast-schema-graph\">{\"@context\":\"https:\/\/schema.org\",\"@graph\":[{\"@type\":\"WebPage\",\"@id\":\"https:\/\/smart-pr.de\/de\/leistungen\/social-media-services\/instagram\/instagram-fuer-unternehmen\/\",\"url\":\"https:\/\/smart-pr.de\/de\/leistungen\/social-media-services\/instagram\/instagram-fuer-unternehmen\/\",\"name\":\"Instagram f\u00fcr Unternehmen \u2013 Optimales Social Media Marketing\",\"isPartOf\":{\"@id\":\"https:\/\/smart-pr.de\/de\/#website\"},\"datePublished\":\"2024-09-11T14:37:28+00:00\",\"dateModified\":\"2025-05-21T08:37:25+00:00\",\"description\":\"Nutzen Sie die Power von Instagram mit SMART PR und entwickeln Sie ma\u00dfgeschneiderte Kampagnen f\u00fcr Ihr Unternehmen.\",\"breadcrumb\":{\"@id\":\"https:\/\/smart-pr.de\/de\/leistungen\/social-media-services\/instagram\/instagram-fuer-unternehmen\/#breadcrumb\"},\"inLanguage\":\"de\",\"potentialAction\":[{\"@type\":\"ReadAction\",\"target\":[\"https:\/\/smart-pr.de\/de\/leistungen\/social-media-services\/instagram\/instagram-fuer-unternehmen\/\"]}]},{\"@type\":\"BreadcrumbList\",\"@id\":\"https:\/\/smart-pr.de\/de\/leistungen\/social-media-services\/instagram\/instagram-fuer-unternehmen\/#breadcrumb\",\"itemListElement\":[{\"@type\":\"ListItem\",\"position\":1,\"name\":\"Startseite\",\"item\":\"https:\/\/smart-pr.de\/de\/\"},{\"@type\":\"ListItem\",\"position\":2,\"name\":\"Leistungen\",\"item\":\"https:\/\/smart-pr.de\/de\/leistungen\/\"},{\"@type\":\"ListItem\",\"position\":3,\"name\":\"Social Media Services\",\"item\":\"https:\/\/smart-pr.de\/de\/leistungen\/social-media-services\/\"},{\"@type\":\"ListItem\",\"position\":4,\"name\":\"Instagram\",\"item\":\"https:\/\/smart-pr.de\/de\/leistungen\/social-media-services\/instagram\/\"},{\"@type\":\"ListItem\",\"position\":5,\"name\":\"Instagram f\u00fcr Unternehmen\"}]},{\"@type\":\"WebSite\",\"@id\":\"https:\/\/smart-pr.de\/de\/#website\",\"url\":\"https:\/\/smart-pr.de\/de\/\",\"name\":\"SMART PR \/\/ Ihre PR-Agentur in D\u00fcsseldorf\",\"description\":\"F\u00fcr ganzheitliche Kommunikation\",\"publisher\":{\"@id\":\"https:\/\/smart-pr.de\/de\/#organization\"},\"potentialAction\":[{\"@type\":\"SearchAction\",\"target\":{\"@type\":\"EntryPoint\",\"urlTemplate\":\"https:\/\/smart-pr.de\/de\/?s={search_term_string}\"},\"query-input\":{\"@type\":\"PropertyValueSpecification\",\"valueRequired\":true,\"valueName\":\"search_term_string\"}}],\"inLanguage\":\"de\"},{\"@type\":\"Organization\",\"@id\":\"https:\/\/smart-pr.de\/de\/#organization\",\"name\":\"SMART PR \/\/ Ihre PR-Agentur in D\u00fcsseldorf\",\"url\":\"https:\/\/smart-pr.de\/de\/\",\"logo\":{\"@type\":\"ImageObject\",\"inLanguage\":\"de\",\"@id\":\"https:\/\/smart-pr.de\/de\/#\/schema\/logo\/image\/\",\"url\":\"https:\/\/smart-pr.de\/wp-content\/uploads\/2024\/08\/smart-pr-logo-2.png\",\"contentUrl\":\"https:\/\/smart-pr.de\/wp-content\/uploads\/2024\/08\/smart-pr-logo-2.png\",\"width\":1800,\"height\":282,\"caption\":\"SMART PR \/\/ Ihre PR-Agentur in D\u00fcsseldorf\"},\"image\":{\"@id\":\"https:\/\/smart-pr.de\/de\/#\/schema\/logo\/image\/\"}}]}<\/script>\n<!-- \/ Yoast SEO plugin. -->","yoast_head_json":{"title":"Instagram f\u00fcr Unternehmen \u2013 Optimales Social Media Marketing","description":"Nutzen Sie die Power von Instagram mit SMART PR und entwickeln Sie ma\u00dfgeschneiderte Kampagnen f\u00fcr Ihr Unternehmen.","robots":{"index":"index","follow":"follow","max-snippet":"max-snippet:-1","max-image-preview":"max-image-preview:large","max-video-preview":"max-video-preview:-1"},"canonical":"https:\/\/smart-pr.de\/de\/leistungen\/social-media-services\/instagram\/instagram-fuer-unternehmen\/","og_locale":"de_DE","og_type":"article","og_title":"Instagram f\u00fcr Unternehmen \u2013 Optimales Social Media Marketing","og_description":"Nutzen Sie die Power von Instagram mit SMART PR und entwickeln Sie ma\u00dfgeschneiderte Kampagnen f\u00fcr Ihr Unternehmen.","og_url":"https:\/\/smart-pr.de\/de\/leistungen\/social-media-services\/instagram\/instagram-fuer-unternehmen\/","og_site_name":"SMART PR \/\/ Ihre PR-Agentur in D\u00fcsseldorf","article_modified_time":"2025-05-21T08:37:25+00:00","twitter_card":"summary_large_image","twitter_misc":{"Gesch\u00e4tzte Lesezeit":"3\u00a0Minuten"},"schema":{"@context":"https:\/\/schema.org","@graph":[{"@type":"WebPage","@id":"https:\/\/smart-pr.de\/de\/leistungen\/social-media-services\/instagram\/instagram-fuer-unternehmen\/","url":"https:\/\/smart-pr.de\/de\/leistungen\/social-media-services\/instagram\/instagram-fuer-unternehmen\/","name":"Instagram f\u00fcr Unternehmen \u2013 Optimales Social Media Marketing","isPartOf":{"@id":"https:\/\/smart-pr.de\/de\/#website"},"datePublished":"2024-09-11T14:37:28+00:00","dateModified":"2025-05-21T08:37:25+00:00","description":"Nutzen Sie die Power von Instagram mit SMART PR und entwickeln Sie ma\u00dfgeschneiderte Kampagnen f\u00fcr Ihr Unternehmen.","breadcrumb":{"@id":"https:\/\/smart-pr.de\/de\/leistungen\/social-media-services\/instagram\/instagram-fuer-unternehmen\/#breadcrumb"},"inLanguage":"de","potentialAction":[{"@type":"ReadAction","target":["https:\/\/smart-pr.de\/de\/leistungen\/social-media-services\/instagram\/instagram-fuer-unternehmen\/"]}]},{"@type":"BreadcrumbList","@id":"https:\/\/smart-pr.de\/de\/leistungen\/social-media-services\/instagram\/instagram-fuer-unternehmen\/#breadcrumb","itemListElement":[{"@type":"ListItem","position":1,"name":"Startseite","item":"https:\/\/smart-pr.de\/de\/"},{"@type":"ListItem","position":2,"name":"Leistungen","item":"https:\/\/smart-pr.de\/de\/leistungen\/"},{"@type":"ListItem","position":3,"name":"Social Media Services","item":"https:\/\/smart-pr.de\/de\/leistungen\/social-media-services\/"},{"@type":"ListItem","position":4,"name":"Instagram","item":"https:\/\/smart-pr.de\/de\/leistungen\/social-media-services\/instagram\/"},{"@type":"ListItem","position":5,"name":"Instagram f\u00fcr Unternehmen"}]},{"@type":"WebSite","@id":"https:\/\/smart-pr.de\/de\/#website","url":"https:\/\/smart-pr.de\/de\/","name":"SMART PR \/\/ Ihre PR-Agentur in D\u00fcsseldorf","description":"F\u00fcr ganzheitliche Kommunikation","publisher":{"@id":"https:\/\/smart-pr.de\/de\/#organization"},"potentialAction":[{"@type":"SearchAction","target":{"@type":"EntryPoint","urlTemplate":"https:\/\/smart-pr.de\/de\/?s={search_term_string}"},"query-input":{"@type":"PropertyValueSpecification","valueRequired":true,"valueName":"search_term_string"}}],"inLanguage":"de"},{"@type":"Organization","@id":"https:\/\/smart-pr.de\/de\/#organization","name":"SMART PR \/\/ Ihre PR-Agentur in D\u00fcsseldorf","url":"https:\/\/smart-pr.de\/de\/","logo":{"@type":"ImageObject","inLanguage":"de","@id":"https:\/\/smart-pr.de\/de\/#\/schema\/logo\/image\/","url":"https:\/\/smart-pr.de\/wp-content\/uploads\/2024\/08\/smart-pr-logo-2.png","contentUrl":"https:\/\/smart-pr.de\/wp-content\/uploads\/2024\/08\/smart-pr-logo-2.png","width":1800,"height":282,"caption":"SMART PR \/\/ Ihre PR-Agentur in D\u00fcsseldorf"},"image":{"@id":"https:\/\/smart-pr.de\/de\/#\/schema\/logo\/image\/"}}]}},"_links":{"self":[{"href":"https:\/\/smart-pr.de\/de\/wp-json\/wp\/v2\/pages\/2719","targetHints":{"allow":["GET"]}}],"collection":[{"href":"https:\/\/smart-pr.de\/de\/wp-json\/wp\/v2\/pages"}],"about":[{"href":"https:\/\/smart-pr.de\/de\/wp-json\/wp\/v2\/types\/page"}],"author":[{"embeddable":true,"href":"https:\/\/smart-pr.de\/de\/wp-json\/wp\/v2\/users\/2"}],"replies":[{"embeddable":true,"href":"https:\/\/smart-pr.de\/de\/wp-json\/wp\/v2\/comments?post=2719"}],"version-history":[{"count":15,"href":"https:\/\/smart-pr.de\/de\/wp-json\/wp\/v2\/pages\/2719\/revisions"}],"predecessor-version":[{"id":10337,"href":"https:\/\/smart-pr.de\/de\/wp-json\/wp\/v2\/pages\/2719\/revisions\/10337"}],"up":[{"embeddable":true,"href":"https:\/\/smart-pr.de\/de\/wp-json\/wp\/v2\/pages\/1955"}],"wp:attachment":[{"href":"https:\/\/smart-pr.de\/de\/wp-json\/wp\/v2\/media?parent=2719"}],"curies":[{"name":"wp","href":"https:\/\/api.w.org\/{rel}","templated":true}]}}