{"id":2717,"date":"2024-09-11T14:37:18","date_gmt":"2024-09-11T14:37:18","guid":{"rendered":"https:\/\/entwicklungsumgebung6729.live-website.com\/?page_id=2717"},"modified":"2026-05-12T13:46:04","modified_gmt":"2026-05-12T13:46:04","slug":"instagram-agentur","status":"publish","type":"page","link":"https:\/\/smart-pr.de\/de\/leistungen\/social-media-services\/instagram\/instagram-agentur\/","title":{"rendered":"Instagram Agentur"},"content":{"rendered":"<div class=\"wpb-content-wrapper\"><p>[vc_row full_width=&#8220;stretch_row_content_no_spaces&#8220; css=&#8220;.vc_custom_1730059831189{margin-top: -30px !important;}&#8220;][vc_column][vc_raw_html css=&#8220;&#8220;]JTNDc2VjdGlvbiUyMGNsYXNzJTNEJTIyc21hcnRwci1pZy1hZ2VuY3ktaGVybyUyMiUzRSUwQSUyMCUyMCUzQ2RpdiUyMGNsYXNzJTNEJTIyc21hcnRwci1pZy1hZ2VuY3ktaGVyb19fYmFkZ2UlMjIlM0VJbnN0YWdyYW0lMjBBZ2VudHVyJTNDJTJGZGl2JTNFJTBBJTBBJTIwJTIwJTNDaDElM0UlMEElMjAlMjAlMjAlMjBJbnN0YWdyYW0uJTNDYnIlM0UlMEElMjAlMjAlMjAlMjBTdHJhdGVnaXNjaCUyMCUzQ3NwYW4lM0VnZWRhY2h0LiUzQyUyRnNwYW4lM0UlMEElMjAlMjAlM0MlMkZoMSUzRSUwQSUwQSUyMCUyMCUzQ3AlM0UlMEElMjAlMjAlMjAlMjBWb24lMjBTdHJhdGVnaWUlMjAlQzMlQkNiZXIlMjBDb250ZW50JTIwYmlzJTIwQWRzJTIwJUUyJTgwJTk0JTIwd2lyJTIwZW50d2lja2VsbiUyMEluc3RhZ3JhbS1BdWZ0cml0dGUlMkMlMjBkaWUlMjBNYXJrZW4lMjBzaWNodGJhciUyMG1hY2hlbiUyQyUyMENvbW11bml0aWVzJTIwc3QlQzMlQTRya2VuJTIwdW5kJTIwbWVzc2JhcmUlMjBFcmdlYm5pc3NlJTIwZXJ6aWVsZW4uJTBBJTIwJTIwJTNDJTJGcCUzRSUwQSUzQyUyRnNlY3Rpb24lM0UlMEElMEElM0NzdHlsZSUzRSUwQSUyMCUyMC5zbWFydHByLWlnLWFnZW5jeS1oZXJvJTIwJTdCJTBBJTIwJTIwJTIwJTIwZm9udC1mYW1pbHklM0ElMjAlMjdJbnRlciUyNyUyQyUyMHNhbnMtc2VyaWYlM0IlMEElMjAlMjAlMjAlMjBtYXgtd2lkdGglM0ElMjAxMTUwcHglM0IlMEElMjAlMjAlMjAlMjBtYXJnaW4lM0ElMjAwJTIwYXV0byUzQiUwQSUyMCUyMCUyMCUyMHBhZGRpbmclM0ElMjBjbGFtcCUyODcwcHglMkMlMjAxMHZ3JTJDJTIwMTMwcHglMjklMjAyMHB4JTNCJTBBJTIwJTIwJTIwJTIwdGV4dC1hbGlnbiUzQSUyMGNlbnRlciUzQiUwQSUyMCUyMCUyMCUyMGNvbG9yJTNBJTIwJTIzMDAwJTNCJTBBJTIwJTIwJTdEJTBBJTBBJTIwJTIwLnNtYXJ0cHItaWctYWdlbmN5LWhlcm9fX2JhZGdlJTIwJTdCJTBBJTIwJTIwJTIwJTIwZGlzcGxheSUzQSUyMGlubGluZS1mbGV4JTNCJTBBJTIwJTIwJTIwJTIwYWxpZ24taXRlbXMlM0ElMjBjZW50ZXIlM0IlMEElMjAlMjAlMjAlMjBqdXN0aWZ5LWNvbnRlbnQlM0ElMjBjZW50ZXIlM0IlMEElMjAlMjAlMjAlMjBtYXJnaW4tYm90dG9tJTNBJTIwMjhweCUzQiUwQSUyMCUyMCUyMCUyMHBhZGRpbmclM0ElMjAxMHB4JTIwMThweCUzQiUwQSUyMCUyMCUyMCUyMGJvcmRlciUzQSUyMDJweCUyMHNvbGlkJTIwJTIzMDAwJTNCJTBBJTIwJTIwJTIwJTIwYm9yZGVyLXJhZGl1cyUzQSUyMDk5OXB4JTNCJTBBJTIwJTIwJTIwJTIwZm9udC1zaXplJTNBJTIwY2xhbXAlMjgwLjhyZW0lMkMlMjAxdnclMkMlMjAwLjk1cmVtJTI5JTNCJTBBJTIwJTIwJTIwJTIwZm9udC13ZWlnaHQlM0ElMjA4MDAlM0IlMEElMjAlMjAlMjAlMjBsZXR0ZXItc3BhY2luZyUzQSUyMDAuMDhlbSUzQiUwQSUyMCUyMCUyMCUyMHRleHQtdHJhbnNmb3JtJTNBJTIwdXBwZXJjYXNlJTNCJTBBJTIwJTIwJTdEJTBBJTBBJTIwJTIwLnNtYXJ0cHItaWctYWdlbmN5LWhlcm8lMjBoMSUyMCU3QiUwQSUyMCUyMCUyMCUyMG1hcmdpbiUzQSUyMDAlM0IlMEElMjAlMjAlMjAlMjBmb250LXNpemUlM0ElMjBjbGFtcCUyODNyZW0lMkMlMjA5dnclMkMlMjA3LjVyZW0lMjklM0IlMEElMjAlMjAlMjAlMjBsaW5lLWhlaWdodCUzQSUyMDAuOTUlM0IlMEElMjAlMjAlMjAlMjBmb250LXdlaWdodCUzQSUyMDkwMCUzQiUwQSUyMCUyMCUyMCUyMGxldHRlci1zcGFjaW5nJTNBJTIwLTAuMDhlbSUzQiUwQSUyMCUyMCUyMCUyMHRleHQtdHJhbnNmb3JtJTNBJTIwdXBwZXJjYXNlJTNCJTBBJTIwJTIwJTdEJTBBJTBBJTIwJTIwLnNtYXJ0cHItaWctYWdlbmN5LWhlcm8lMjBoMSUyMHNwYW4lMjAlN0IlMEElMjAlMjAlMjAlMjBwb3NpdGlvbiUzQSUyMHJlbGF0aXZlJTNCJTBBJTIwJTIwJTIwJTIwZGlzcGxheSUzQSUyMGlubGluZS1ibG9jayUzQiUwQSUyMCUyMCUyMCUyMHotaW5kZXglM0ElMjAxJTNCJTBBJTIwJTIwJTdEJTBBJTBBJTIwJTIwLnNtYXJ0cHItaWctYWdlbmN5LWhlcm8lMjBoMSUyMHNwYW4lM0ElM0FhZnRlciUyMCU3QiUwQSUyMCUyMCUyMCUyMGNvbnRlbnQlM0ElMjAlMjIlMjIlM0IlMEElMjAlMjAlMjAlMjBwb3NpdGlvbiUzQSUyMGFic29sdXRlJTNCJTBBJTIwJTIwJTIwJTIwbGVmdCUzQSUyMC0wLjA2ZW0lM0IlMEElMjAlMjAlMjAlMjByaWdodCUzQSUyMC0wLjA2ZW0lM0IlMEElMjAlMjAlMjAlMjBib3R0b20lM0ElMjAwLjA2ZW0lM0IlMEElMjAlMjAlMjAlMjBoZWlnaHQlM0ElMjAwLjI4ZW0lM0IlMEElMjAlMjAlMjAlMjBiYWNrZ3JvdW5kJTNBJTIwJTIzZmZkNTAwJTNCJTBBJTIwJTIwJTIwJTIwei1pbmRleCUzQSUyMC0xJTNCJTBBJTIwJTIwJTIwJTIwYm9yZGVyLXJhZGl1cyUzQSUyMDk5OXB4JTNCJTBBJTIwJTIwJTdEJTBBJTBBJTIwJTIwLnNtYXJ0cHItaWctYWdlbmN5LWhlcm8lMjBwJTIwJTdCJTBBJTIwJTIwJTIwJTIwbWF4LXdpZHRoJTNBJTIwODAwcHglM0IlMEElMjAlMjAlMjAlMjBtYXJnaW4lM0ElMjBjbGFtcCUyODI4cHglMkMlMjA0dnclMkMlMjA0NHB4JTI5JTIwYXV0byUyMDAlM0IlMEElMjAlMjAlMjAlMjBmb250LXNpemUlM0ElMjBjbGFtcCUyODEuMXJlbSUyQyUyMDJ2dyUyQyUyMDEuNnJlbSUyOSUzQiUwQSUyMCUyMCUyMCUyMGxpbmUtaGVpZ2h0JTNBJTIwMS41JTNCJTBBJTIwJTIwJTIwJTIwZm9udC13ZWlnaHQlM0ElMjA2MDAlM0IlMEElMjAlMjAlMjAlMjBsZXR0ZXItc3BhY2luZyUzQSUyMC0wLjAyZW0lM0IlMEElMjAlMjAlN0QlMEElMEElMjAlMjAlNDBtZWRpYSUyMCUyOG1heC13aWR0aCUzQSUyMDQ4MHB4JTI5JTIwJTdCJTBBJTIwJTIwJTIwJTIwLnNtYXJ0cHItaWctYWdlbmN5LWhlcm8lMjAlN0IlMEElMjAlMjAlMjAlMjAlMjAlMjBwYWRkaW5nJTNBJTIwNTZweCUyMDE2cHglM0IlMEElMjAlMjAlMjAlMjAlN0QlMEElMEElMjAlMjAlMjAlMjAuc21hcnRwci1pZy1hZ2VuY3ktaGVybyUyMGgxJTIwJTdCJTBBJTIwJTIwJTIwJTIwJTIwJTIwbGV0dGVyLXNwYWNpbmclM0ElMjAtMC4wNWVtJTNCJTBBJTIwJTIwJTIwJTIwJTdEJTBBJTBBJTIwJTIwJTIwJTIwLnNtYXJ0cHItaWctYWdlbmN5LWhlcm9fX2JhZGdlJTIwJTdCJTBBJTIwJTIwJTIwJTIwJTIwJTIwbWFyZ2luLWJvdHRvbSUzQSUyMDIycHglM0IlMEElMjAlMjAlMjAlMjAlN0QlMEElMjAlMjAlN0QlMEElM0MlMkZzdHlsZSUzRQ==[\/vc_raw_html][\/vc_column][\/vc_row][vc_row][vc_column width=&#8220;1\/6&#8243;][\/vc_column][vc_column width=&#8220;2\/3&#8243;][vc_column_text css=&#8220;&#8220;]Als Ihre Instagram Agentur mit Sitz in D\u00fcsseldorf unterst\u00fctzen wir Sie dabei, Ihre Marke auf einer der weltweit f\u00fchrenden Social-Media-Plattformen optimal zu positionieren. Mit ma\u00dfgeschneiderten Strategien und kreativen Inhalten maximieren wir Ihre Reichweite und steigern das Engagement Ihrer Zielgruppe. Erfahren Sie mehr \u00fcber unsere umfassenden Leistungen und wie wir gemeinsam Ihre Instagram-Pr\u00e4senz erfolgreich ausbauen k\u00f6nnen.[\/vc_column_text][\/vc_column][vc_column width=&#8220;1\/6&#8243;][\/vc_column][\/vc_row][vc_row][vc_column][vc_raw_html css=&#8220;&#8220;]JTNDc2VjdGlvbiUyMGNsYXNzJTNEJTIyaW5zdGFncmFtLXNlcnZpY2VzLXBhbmVsJTIyJTNFJTBBJTIwJTIwJTNDZGl2JTIwY2xhc3MlM0QlMjJpbnN0YWdyYW0tc2VydmljZXMtd3JhcCUyMiUzRSUwQSUwQSUyMCUyMCUyMCUyMCUzQ2RpdiUyMGNsYXNzJTNEJTIyaW5zdGFncmFtLXNlcnZpY2VzLWhlcm8lMjIlM0UlMEElMjAlMjAlMjAlMjAlMjAlMjAlM0NwJTNFVW5zZXJlJTIwTGVpc3R1bmdlbiUzQyUyRnAlM0UlMEElMEElMjAlMjAlMjAlMjAlMjAlMjAlM0NoMiUzRSUwQSUyMCUyMCUyMCUyMCUyMCUyMCUyMCUyMEluc3RhZ3JhbS1NYXJrZXRpbmclMEElMjAlMjAlMjAlMjAlMjAlMjAlMjAlMjAlM0NzcGFuJTNFdm9uJTIwQ29udGVudC1TdHJhdGVnaWUlM0MlMkZzcGFuJTNFJTBBJTIwJTIwJTIwJTIwJTIwJTIwJTIwJTIwJTNDc3BhbiUzRWJpcyUyMEFuYWx5c2UlM0MlMkZzcGFuJTNFJTBBJTIwJTIwJTIwJTIwJTIwJTIwJTNDJTJGaDIlM0UlMEElMEElMjAlMjAlMjAlMjAlMjAlMjAlM0NhJTIwaHJlZiUzRCUyMiUyRmRlJTJGa29udGFrdCUyRiUyMiUyMGNsYXNzJTNEJTIyaW5zdGFncmFtLXNlcnZpY2VzLWJ0biUyMiUzRVByb2pla3QlMjBhbmZyYWdlbiUzQyUyRmElM0UlMEElMjAlMjAlMjAlMjAlM0MlMkZkaXYlM0UlMEElMEElMjAlMjAlMjAlMjAlM0NkaXYlMjBjbGFzcyUzRCUyMmluc3RhZ3JhbS1zZXJ2aWNlcy1saXN0JTIyJTNFJTBBJTIwJTIwJTIwJTIwJTIwJTIwJTNDYXJ0aWNsZSUyMGNsYXNzJTNEJTIyaW5zdGFncmFtLXNlcnZpY2UtaXRlbSUyMiUzRSUwQSUyMCUyMCUyMCUyMCUyMCUyMCUyMCUyMCUzQ3NwYW4lM0UwMSUzQyUyRnNwYW4lM0UlMEElMjAlMjAlMjAlMjAlMjAlMjAlMjAlMjAlM0NkaXYlM0UlMEElMjAlMjAlMjAlMjAlMjAlMjAlMjAlMjAlMjAlMjAlM0NoMyUzRUNvbnRlbnQtU3RyYXRlZ2llJTNDJTJGaDMlM0UlMEElMjAlMjAlMjAlMjAlMjAlMjAlMjAlMjAlMjAlMjAlM0NwJTNFV2lyJTIwZW50d2lja2VsbiUyMGVpbmUlMjBtYSVDMyU5Rmdlc2NobmVpZGVydGUlMjBDb250ZW50LVN0cmF0ZWdpZSUyQyUyMGRpZSUyMHp1JTIwSWhyZXIlMjBNYXJrZSUyQyUyMFppZWxncnVwcGUlMjB1bmQlMjBQbGF0dGZvcm0lMjBwYXNzdC4lM0MlMkZwJTNFJTBBJTIwJTIwJTIwJTIwJTIwJTIwJTIwJTIwJTNDJTJGZGl2JTNFJTBBJTIwJTIwJTIwJTIwJTIwJTIwJTNDJTJGYXJ0aWNsZSUzRSUwQSUwQSUyMCUyMCUyMCUyMCUyMCUyMCUzQ2FydGljbGUlMjBjbGFzcyUzRCUyMmluc3RhZ3JhbS1zZXJ2aWNlLWl0ZW0lMjIlM0UlMEElMjAlMjAlMjAlMjAlMjAlMjAlMjAlMjAlM0NzcGFuJTNFMDIlM0MlMkZzcGFuJTNFJTBBJTIwJTIwJTIwJTIwJTIwJTIwJTIwJTIwJTNDZGl2JTNFJTBBJTIwJTIwJTIwJTIwJTIwJTIwJTIwJTIwJTIwJTIwJTNDaDMlM0VXZXR0YmV3ZXJic2FuYWx5c2UlM0MlMkZoMyUzRSUwQSUyMCUyMCUyMCUyMCUyMCUyMCUyMCUyMCUyMCUyMCUzQ3AlM0VXaXIlMjBhbmFseXNpZXJlbiUyMFdldHRiZXdlcmJlciUyQyUyME1hcmt0dW1mZWxkJTIwdW5kJTIwcmVsZXZhbnRlJTIwSW5zdGFncmFtLUJlbmNobWFya3MuJTNDJTJGcCUzRSUwQSUyMCUyMCUyMCUyMCUyMCUyMCUyMCUyMCUzQyUyRmRpdiUzRSUwQSUyMCUyMCUyMCUyMCUyMCUyMCUzQyUyRmFydGljbGUlM0UlMEElMEElMjAlMjAlMjAlMjAlMjAlMjAlM0NhcnRpY2xlJTIwY2xhc3MlM0QlMjJpbnN0YWdyYW0tc2VydmljZS1pdGVtJTIyJTNFJTBBJTIwJTIwJTIwJTIwJTIwJTIwJTIwJTIwJTNDc3BhbiUzRTAzJTNDJTJGc3BhbiUzRSUwQSUyMCUyMCUyMCUyMCUyMCUyMCUyMCUyMCUzQ2RpdiUzRSUwQSUyMCUyMCUyMCUyMCUyMCUyMCUyMCUyMCUyMCUyMCUzQ2gzJTNFQWNjb3VudC1BdWZiYXUlMjAlMjYlMjBQZmxlZ2UlM0MlMkZoMyUzRSUwQSUyMCUyMCUyMCUyMCUyMCUyMCUyMCUyMCUyMCUyMCUzQ3AlM0VXaXIlMjBiYXVlbiUyMElocmVuJTIwSW5zdGFncmFtJTIwQWNjb3VudCUyMHByb2Zlc3Npb25lbGwlMjBhdWYlMjB1bmQlMjBiZXRyZXVlbiUyMGlobiUyMGtvbnRpbnVpZXJsaWNoLiUzQyUyRnAlM0UlMEElMjAlMjAlMjAlMjAlMjAlMjAlMjAlMjAlM0MlMkZkaXYlM0UlMEElMjAlMjAlMjAlMjAlMjAlMjAlM0MlMkZhcnRpY2xlJTNFJTBBJTBBJTIwJTIwJTIwJTIwJTIwJTIwJTNDYXJ0aWNsZSUyMGNsYXNzJTNEJTIyaW5zdGFncmFtLXNlcnZpY2UtaXRlbSUyMiUzRSUwQSUyMCUyMCUyMCUyMCUyMCUyMCUyMCUyMCUzQ3NwYW4lM0UwNCUzQyUyRnNwYW4lM0UlMEElMjAlMjAlMjAlMjAlMjAlMjAlMjAlMjAlM0NkaXYlM0UlMEElMjAlMjAlMjAlMjAlMjAlMjAlMjAlMjAlMjAlMjAlM0NoMyUzRUNvbnRlbnQtUHJvZHVrdGlvbiUzQyUyRmgzJTNFJTBBJTIwJTIwJTIwJTIwJTIwJTIwJTIwJTIwJTIwJTIwJTNDcCUzRVdpciUyMCVDMyVCQ2Jlcm5laG1lbiUyMENvbnRlbnQtUHJvZHVrdGlvbiUyMGlua2x1c2l2ZSUyMFZvci0lMjB1bmQlMjBOYWNoYmVyZWl0dW5nLiUzQyUyRnAlM0UlMEElMjAlMjAlMjAlMjAlMjAlMjAlMjAlMjAlM0MlMkZkaXYlM0UlMEElMjAlMjAlMjAlMjAlMjAlMjAlM0MlMkZhcnRpY2xlJTNFJTBBJTBBJTIwJTIwJTIwJTIwJTIwJTIwJTNDYXJ0aWNsZSUyMGNsYXNzJTNEJTIyaW5zdGFncmFtLXNlcnZpY2UtaXRlbSUyMiUzRSUwQSUyMCUyMCUyMCUyMCUyMCUyMCUyMCUyMCUzQ3NwYW4lM0UwNSUzQyUyRnNwYW4lM0UlMEElMjAlMjAlMjAlMjAlMjAlMjAlMjAlMjAlM0NkaXYlM0UlMEElMjAlMjAlMjAlMjAlMjAlMjAlMjAlMjAlMjAlMjAlM0NoMyUzRUNvbW11bml0eSUyME1hbmFnZW1lbnQlM0MlMkZoMyUzRSUwQSUyMCUyMCUyMCUyMCUyMCUyMCUyMCUyMCUyMCUyMCUzQ3AlM0VXaXIlMjBiZWdsZWl0ZW4lMjBLb21tZW50YXJlJTJDJTIwTmFjaHJpY2h0ZW4lMjB1bmQlMjBJbnRlcmFrdGlvbmVuJTIwbWFya2VuZ2VyZWNodC4lM0MlMkZwJTNFJTBBJTIwJTIwJTIwJTIwJTIwJTIwJTIwJTIwJTNDJTJGZGl2JTNFJTBBJTIwJTIwJTIwJTIwJTIwJTIwJTNDJTJGYXJ0aWNsZSUzRSUwQSUwQSUyMCUyMCUyMCUyMCUyMCUyMCUzQ2FydGljbGUlMjBjbGFzcyUzRCUyMmluc3RhZ3JhbS1zZXJ2aWNlLWl0ZW0lMjIlM0UlMEElMjAlMjAlMjAlMjAlMjAlMjAlMjAlMjAlM0NzcGFuJTNFMDYlM0MlMkZzcGFuJTNFJTBBJTIwJTIwJTIwJTIwJTIwJTIwJTIwJTIwJTNDZGl2JTNFJTBBJTIwJTIwJTIwJTIwJTIwJTIwJTIwJTIwJTIwJTIwJTNDaDMlM0VXZXJiZWFuemVpZ2VuJTIwJTI2JTIwUHJvbW90aW9ucyUzQyUyRmgzJTNFJTBBJTIwJTIwJTIwJTIwJTIwJTIwJTIwJTIwJTIwJTIwJTNDcCUzRVdpciUyMHBsYW5lbiUyMHVuZCUyMGJldHJldWVuJTIwQW56ZWlnZW4lMjBzb3dpZSUyMFByb21vdGlvbnMlMjBmJUMzJUJDciUyMG1laHIlMjBSZWljaHdlaXRlJTIwdW5kJTIwbWVzc2JhcmUlMjBXaXJrdW5nLiUzQyUyRnAlM0UlMEElMjAlMjAlMjAlMjAlMjAlMjAlMjAlMjAlM0MlMkZkaXYlM0UlMEElMjAlMjAlMjAlMjAlMjAlMjAlM0MlMkZhcnRpY2xlJTNFJTBBJTBBJTIwJTIwJTIwJTIwJTIwJTIwJTNDYXJ0aWNsZSUyMGNsYXNzJTNEJTIyaW5zdGFncmFtLXNlcnZpY2UtaXRlbSUyMiUzRSUwQSUyMCUyMCUyMCUyMCUyMCUyMCUyMCUyMCUzQ3NwYW4lM0UwNyUzQyUyRnNwYW4lM0UlMEElMjAlMjAlMjAlMjAlMjAlMjAlMjAlMjAlM0NkaXYlM0UlMEElMjAlMjAlMjAlMjAlMjAlMjAlMjAlMjAlMjAlMjAlM0NoMyUzRUJlcmljaHRlcnN0YXR0dW5nJTIwJTI2JTIwQW5hbHlzZSUzQyUyRmgzJTNFJTBBJTIwJTIwJTIwJTIwJTIwJTIwJTIwJTIwJTIwJTIwJTNDcCUzRVdpciUyMHdlcnRlbiUyMEluaGFsdGUlMkMlMjBLYW1wYWduZW4lMjB1bmQlMjBBY2NvdW50LVBlcmZvcm1hbmNlJTIwYXVzJTIwdW5kJTIwbGVpdGVuJTIwT3B0aW1pZXJ1bmdlbiUyMGFiLiUzQyUyRnAlM0UlMEElMjAlMjAlMjAlMjAlMjAlMjAlMjAlMjAlM0MlMkZkaXYlM0UlMEElMjAlMjAlMjAlMjAlMjAlMjAlM0MlMkZhcnRpY2xlJTNFJTBBJTIwJTIwJTIwJTIwJTNDJTJGZGl2JTNFJTBBJTBBJTIwJTIwJTNDJTJGZGl2JTNFJTBBJTNDJTJGc2VjdGlvbiUzRQ==[\/vc_raw_html][\/vc_column][\/vc_row]<\/p>\n<\/div>","protected":false},"excerpt":{"rendered":"[vc_row full_width=\"stretch_row_content_no_spaces\" css=\".vc_custom_1730059831189{margin-top: -30px !important;}\"][vc_column][vc_raw_html css=\"\"]JTNDc2VjdGlvbiUyMGNsYXNzJTNEJTIyc21hcnRwci1pZy1hZ2VuY3ktaGVybyUyMiUzRSUwQSUyMCUyMCUzQ2RpdiUyMGNsYXNzJTNEJTIyc21hcnRwci1pZy1hZ2VuY3ktaGVyb19fYmFkZ2UlMjIlM0VJbnN0YWdyYW0lMjBBZ2VudHVyJTNDJTJGZGl2JTNFJTBBJTBBJTIwJTIwJTNDaDElM0UlMEElMjAlMjAlMjAlMjBJbnN0YWdyYW0uJTNDYnIlM0UlMEElMjAlMjAlMjAlMjBTdHJhdGVnaXNjaCUyMCUzQ3NwYW4lM0VnZWRhY2h0LiUzQyUyRnNwYW4lM0UlMEElMjAlMjAlM0MlMkZoMSUzRSUwQSUwQSUyMCUyMCUzQ3AlM0UlMEElMjAlMjAlMjAlMjBWb24lMjBTdHJhdGVnaWUlMjAlQzMlQkNiZXIlMjBDb250ZW50JTIwYmlzJTIwQWRzJTIwJUUyJTgwJTk0JTIwd2lyJTIwZW50d2lja2VsbiUyMEluc3RhZ3JhbS1BdWZ0cml0dGUlMkMlMjBkaWUlMjBNYXJrZW4lMjBzaWNodGJhciUyMG1hY2hlbiUyQyUyMENvbW11bml0aWVzJTIwc3QlQzMlQTRya2VuJTIwdW5kJTIwbWVzc2JhcmUlMjBFcmdlYm5pc3NlJTIwZXJ6aWVsZW4uJTBBJTIwJTIwJTNDJTJGcCUzRSUwQSUzQyUyRnNlY3Rpb24lM0UlMEElMEElM0NzdHlsZSUzRSUwQSUyMCUyMC5zbWFydHByLWlnLWFnZW5jeS1oZXJvJTIwJTdCJTBBJTIwJTIwJTIwJTIwZm9udC1mYW1pbHklM0ElMjAlMjdJbnRlciUyNyUyQyUyMHNhbnMtc2VyaWYlM0IlMEElMjAlMjAlMjAlMjBtYXgtd2lkdGglM0ElMjAxMTUwcHglM0IlMEElMjAlMjAlMjAlMjBtYXJnaW4lM0ElMjAwJTIwYXV0byUzQiUwQSUyMCUyMCUyMCUyMHBhZGRpbmclM0ElMjBjbGFtcCUyODcwcHglMkMlMjAxMHZ3JTJDJTIwMTMwcHglMjklMjAyMHB4JTNCJTBBJTIwJTIwJTIwJTIwdGV4dC1hbGlnbiUzQSUyMGNlbnRlciUzQiUwQSUyMCUyMCUyMCUyMGNvbG9yJTNBJTIwJTIzMDAwJTNCJTBBJTIwJTIwJTdEJTBBJTBBJTIwJTIwLnNtYXJ0cHItaWctYWdlbmN5LWhlcm9fX2JhZGdlJTIwJTdCJTBBJTIwJTIwJTIwJTIwZGlzcGxheSUzQSUyMGlubGluZS1mbGV4JTNCJTBBJTIwJTIwJTIwJTIwYWxpZ24taXRlbXMlM0ElMjBjZW50ZXIlM0IlMEElMjAlMjAlMjAlMjBqdXN0aWZ5LWNvbnRlbnQlM0ElMjBjZW50ZXIlM0IlMEElMjAlMjAlMjAlMjBtYXJnaW4tYm90dG9tJTNBJTIwMjhweCUzQiUwQSUyMCUyMCUyMCUyMHBhZGRpbmclM0ElMjAxMHB4JTIwMThweCUzQiUwQSUyMCUyMCUyMCUyMGJvcmRlciUzQSUyMDJweCUyMHNvbGlkJTIwJTIzMDAwJTNCJTBBJTIwJTIwJTIwJTIwYm9yZGVyLXJhZGl1cyUzQSUyMDk5OXB4JTNCJTBBJTIwJTIwJTIwJTIwZm9udC1zaXplJTNBJTIwY2xhbXAlMjgwLjhyZW0lMkMlMjAxdnclMkMlMjAwLjk1cmVtJTI5JTNCJTBBJTIwJTIwJTIwJTIwZm9udC13ZWlnaHQlM0ElMjA4MDAlM0IlMEElMjAlMjAlMjAlMjBsZXR0ZXItc3BhY2luZyUzQSUyMDAuMDhlbSUzQiUwQSUyMCUyMCUyMCUyMHRleHQtdHJhbnNmb3JtJTNBJTIwdXBwZXJjYXNlJTNCJTBBJTIwJTIwJTdEJTBBJTBBJTIwJTIwLnNtYXJ0cHItaWctYWdlbmN5LWhlcm8lMjBoMSUyMCU3QiUwQSUyMCUyMCUyMCUyMG1hcmdpbiUzQSUyMDAlM0IlMEElMjAlMjAlMjAlMjBmb250LXNpemUlM0ElMjBjbGFtcCUyODNyZW0lMkMlMjA5dnclMkMlMjA3LjVyZW0lMjklM0IlMEElMjAlMjAlMjAlMjBsaW5lLWhlaWdodCUzQSUyMDAuOTUlM0IlMEElMjAlMjAlMjAlMjBmb250LXdlaWdodCUzQSUyMDkwMCUzQiUwQSUyMCUyMCUyMCUyMGxldHRlci1zcGFjaW5nJTNBJTIwLTAuMDhlbSUzQiUwQSUyMCUyMCUyMCUyMHRleHQtdHJhbnNmb3JtJTNBJTIwdXBwZXJjYXNlJTNCJTBBJTIwJTIwJTdEJTBBJTBBJTIwJTIwLnNtYXJ0cHItaWctYWdlbmN5LWhlcm8lMjBoMSUyMHNwYW4lMjAlN0IlMEElMjAlMjAlMjAlMjBwb3NpdGlvbiUzQSUyMHJlbGF0aXZlJTNCJTBBJTIwJTIwJTIwJTIwZGlzcGxheSUzQSUyMGlubGluZS1ibG9jayUzQiUwQSUyMCUyMCUyMCUyMHotaW5kZXglM0ElMjAxJTNCJTBBJTIwJTIwJTdEJTBBJTBBJTIwJTIwLnNtYXJ0cHItaWctYWdlbmN5LWhlcm8lMjBoMSUyMHNwYW4lM0ElM0FhZnRlciUyMCU3QiUwQSUyMCUyMCUyMCUyMGNvbnRlbnQlM0ElMjAlMjIlMjIlM0IlMEElMjAlMjAlMjAlMjBwb3NpdGlvbiUzQSUyMGFic29sdXRlJTNCJTBBJTIwJTIwJTIwJTIwbGVmdCUzQSUyMC0wLjA2ZW0lM0IlMEElMjAlMjAlMjAlMjByaWdodCUzQSUyMC0wLjA2ZW0lM0IlMEElMjAlMjAlMjAlMjBib3R0b20lM0ElMjAwLjA2ZW0lM0IlMEElMjAlMjAlMjAlMjBoZWlnaHQlM0ElMjAwLjI4ZW0lM0IlMEElMjAlMjAlMjAlMjBiYWNrZ3JvdW5kJTNBJTIwJTIzZmZkNTAwJTNCJTBBJTIwJTIwJTIwJTIwei1pbmRleCUzQSUyMC0xJTNCJTBBJTIwJTIwJTIwJTIwYm9yZGVyLXJhZGl1cyUzQSUyMDk5OXB4JTNCJTBBJTIwJTIwJTdEJTBBJTBBJTIwJTIwLnNtYXJ0cHItaWctYWdlbmN5LWhlcm8lMjBwJTIwJTdCJTBBJTIwJTIwJTIwJTIwbWF4LXdpZHRoJTNBJTIwODAwcHglM0IlMEElMjAlMjAlMjAlMjBtYXJnaW4lM0ElMjBjbGFtcCUyODI4cHglMkMlMjA0dnclMkMlMjA0NHB4JTI5JTIwYXV0byUyMDAlM0IlMEElMjAlMjAlMjAlMjBmb250LXNpemUlM0ElMjBjbGFtcCUyODEuMXJlbSUyQyUyMDJ2dyUyQyUyMDEuNnJlbSUyOSUzQiUwQSUyMCUyMCUyMCUyMGxpbmUtaGVpZ2h0JTNBJTIwMS41JTNCJTBBJTIwJTIwJTIwJTIwZm9udC13ZWlnaHQlM0ElMjA2MDAlM0IlMEElMjAlMjAlMjAlMjBsZXR0ZXItc3BhY2luZyUzQSUyMC0wLjAyZW0lM0IlMEElMjAlMjAlN0QlMEElMEElMjAlMjAlNDBtZWRpYSUyMCUyOG1heC13aWR0aCUzQSUyMDQ4MHB4JTI5JTIwJTdCJTBBJTIwJTIwJTIwJTIwLnNtYXJ0cHItaWctYWdlbmN5LWhlcm8lMjAlN0IlMEElMjAlMjAlMjAlMjAlMjAlMjBwYWRkaW5nJTNBJTIwNTZweCUyMDE2cHglM0IlMEElMjAlMjAlMjAlMjAlN0QlMEElMEElMjAlMjAlMjAlMjAuc21hcnRwci1pZy1hZ2VuY3ktaGVybyUyMGgxJTIwJTdCJTBBJTIwJTIwJTIwJTIwJTIwJTIwbGV0dGVyLXNwYWNpbmclM0ElMjAtMC4wNWVtJTNCJTBBJTIwJTIwJTIwJTIwJTdEJTBBJTBBJTIwJTIwJTIwJTIwLnNtYXJ0cHItaWctYWdlbmN5LWhlcm9fX2JhZGdlJTIwJTdCJTBBJTIwJTIwJTIwJTIwJTIwJTIwbWFyZ2luLWJvdHRvbSUzQSUyMDIycHglM0IlMEElMjAlMjAlMjAlMjAlN0QlMEElMjAlMjAlN0QlMEElM0MlMkZzdHlsZSUzRQ==[\/vc_raw_html][\/vc_column][\/vc_row][vc_row][vc_column width=\"1\/6\"][\/vc_column][vc_column width=\"2\/3\"][vc_column_text css=\"\"]Als Ihre Instagram Agentur mit Sitz in<span class=\"excerpt-hellip\"> [\u2026]<\/span>","protected":false},"author":2,"featured_media":0,"parent":1955,"menu_order":0,"comment_status":"closed","ping_status":"closed","template":"","meta":{"footnotes":""},"class_list":["post-2717","page","type-page","status-publish","hentry"],"yoast_head":"<!-- This site is optimized with the Yoast SEO plugin v25.6 - https:\/\/yoast.com\/wordpress\/plugins\/seo\/ -->\n<title>Instagram Agentur - SMART PR \/\/ Ihre PR-Agentur in D\u00fcsseldorf<\/title>\n<meta name=\"description\" content=\"Profitieren Sie von unserer Expertise als Instagram Agentur. Wir bieten ma\u00dfgeschneiderte L\u00f6sungen f\u00fcr Ihre Markenkommunikation.\" \/>\n<meta name=\"robots\" content=\"index, follow, max-snippet:-1, max-image-preview:large, max-video-preview:-1\" \/>\n<link rel=\"canonical\" href=\"https:\/\/smart-pr.de\/de\/leistungen\/social-media-services\/instagram\/instagram-agentur\/\" \/>\n<meta property=\"og:locale\" content=\"de_DE\" \/>\n<meta property=\"og:type\" content=\"article\" \/>\n<meta property=\"og:title\" content=\"Instagram Agentur - SMART PR \/\/ Ihre PR-Agentur in D\u00fcsseldorf\" \/>\n<meta property=\"og:description\" content=\"Profitieren Sie von unserer Expertise als Instagram Agentur. Wir bieten ma\u00dfgeschneiderte L\u00f6sungen f\u00fcr Ihre Markenkommunikation.\" \/>\n<meta property=\"og:url\" content=\"https:\/\/smart-pr.de\/de\/leistungen\/social-media-services\/instagram\/instagram-agentur\/\" \/>\n<meta property=\"og:site_name\" content=\"SMART PR \/\/ Ihre PR-Agentur in D\u00fcsseldorf\" \/>\n<meta property=\"article:modified_time\" content=\"2026-05-12T13:46:04+00:00\" \/>\n<meta name=\"twitter:card\" content=\"summary_large_image\" \/>\n<meta name=\"twitter:label1\" content=\"Gesch\u00e4tzte Lesezeit\" \/>\n\t<meta name=\"twitter:data1\" content=\"1\u00a0Minute\" \/>\n<script type=\"application\/ld+json\" class=\"yoast-schema-graph\">{\"@context\":\"https:\/\/schema.org\",\"@graph\":[{\"@type\":\"WebPage\",\"@id\":\"https:\/\/smart-pr.de\/de\/leistungen\/social-media-services\/instagram\/instagram-agentur\/\",\"url\":\"https:\/\/smart-pr.de\/de\/leistungen\/social-media-services\/instagram\/instagram-agentur\/\",\"name\":\"Instagram Agentur - SMART PR \/\/ Ihre PR-Agentur in D\u00fcsseldorf\",\"isPartOf\":{\"@id\":\"https:\/\/smart-pr.de\/de\/#website\"},\"datePublished\":\"2024-09-11T14:37:18+00:00\",\"dateModified\":\"2026-05-12T13:46:04+00:00\",\"description\":\"Profitieren Sie von unserer Expertise als Instagram Agentur. Wir bieten ma\u00dfgeschneiderte L\u00f6sungen f\u00fcr Ihre Markenkommunikation.\",\"breadcrumb\":{\"@id\":\"https:\/\/smart-pr.de\/de\/leistungen\/social-media-services\/instagram\/instagram-agentur\/#breadcrumb\"},\"inLanguage\":\"de\",\"potentialAction\":[{\"@type\":\"ReadAction\",\"target\":[\"https:\/\/smart-pr.de\/de\/leistungen\/social-media-services\/instagram\/instagram-agentur\/\"]}]},{\"@type\":\"BreadcrumbList\",\"@id\":\"https:\/\/smart-pr.de\/de\/leistungen\/social-media-services\/instagram\/instagram-agentur\/#breadcrumb\",\"itemListElement\":[{\"@type\":\"ListItem\",\"position\":1,\"name\":\"Startseite\",\"item\":\"https:\/\/smart-pr.de\/de\/\"},{\"@type\":\"ListItem\",\"position\":2,\"name\":\"Leistungen\",\"item\":\"https:\/\/smart-pr.de\/de\/leistungen\/\"},{\"@type\":\"ListItem\",\"position\":3,\"name\":\"Social Media Services\",\"item\":\"https:\/\/smart-pr.de\/de\/leistungen\/social-media-services\/\"},{\"@type\":\"ListItem\",\"position\":4,\"name\":\"Instagram\",\"item\":\"https:\/\/smart-pr.de\/de\/leistungen\/social-media-services\/instagram\/\"},{\"@type\":\"ListItem\",\"position\":5,\"name\":\"Instagram Agentur\"}]},{\"@type\":\"WebSite\",\"@id\":\"https:\/\/smart-pr.de\/de\/#website\",\"url\":\"https:\/\/smart-pr.de\/de\/\",\"name\":\"SMART PR \/\/ Ihre PR-Agentur in D\u00fcsseldorf\",\"description\":\"F\u00fcr ganzheitliche Kommunikation\",\"publisher\":{\"@id\":\"https:\/\/smart-pr.de\/de\/#organization\"},\"potentialAction\":[{\"@type\":\"SearchAction\",\"target\":{\"@type\":\"EntryPoint\",\"urlTemplate\":\"https:\/\/smart-pr.de\/de\/?s={search_term_string}\"},\"query-input\":{\"@type\":\"PropertyValueSpecification\",\"valueRequired\":true,\"valueName\":\"search_term_string\"}}],\"inLanguage\":\"de\"},{\"@type\":\"Organization\",\"@id\":\"https:\/\/smart-pr.de\/de\/#organization\",\"name\":\"SMART PR \/\/ Ihre PR-Agentur in D\u00fcsseldorf\",\"url\":\"https:\/\/smart-pr.de\/de\/\",\"logo\":{\"@type\":\"ImageObject\",\"inLanguage\":\"de\",\"@id\":\"https:\/\/smart-pr.de\/de\/#\/schema\/logo\/image\/\",\"url\":\"https:\/\/smart-pr.de\/wp-content\/uploads\/2024\/08\/smart-pr-logo-2.png\",\"contentUrl\":\"https:\/\/smart-pr.de\/wp-content\/uploads\/2024\/08\/smart-pr-logo-2.png\",\"width\":1800,\"height\":282,\"caption\":\"SMART PR \/\/ Ihre PR-Agentur in D\u00fcsseldorf\"},\"image\":{\"@id\":\"https:\/\/smart-pr.de\/de\/#\/schema\/logo\/image\/\"}}]}<\/script>\n<!-- \/ Yoast SEO plugin. -->","yoast_head_json":{"title":"Instagram Agentur - SMART PR \/\/ Ihre PR-Agentur in D\u00fcsseldorf","description":"Profitieren Sie von unserer Expertise als Instagram Agentur. Wir bieten ma\u00dfgeschneiderte L\u00f6sungen f\u00fcr Ihre Markenkommunikation.","robots":{"index":"index","follow":"follow","max-snippet":"max-snippet:-1","max-image-preview":"max-image-preview:large","max-video-preview":"max-video-preview:-1"},"canonical":"https:\/\/smart-pr.de\/de\/leistungen\/social-media-services\/instagram\/instagram-agentur\/","og_locale":"de_DE","og_type":"article","og_title":"Instagram Agentur - SMART PR \/\/ Ihre PR-Agentur in D\u00fcsseldorf","og_description":"Profitieren Sie von unserer Expertise als Instagram Agentur. Wir bieten ma\u00dfgeschneiderte L\u00f6sungen f\u00fcr Ihre Markenkommunikation.","og_url":"https:\/\/smart-pr.de\/de\/leistungen\/social-media-services\/instagram\/instagram-agentur\/","og_site_name":"SMART PR \/\/ Ihre PR-Agentur in D\u00fcsseldorf","article_modified_time":"2026-05-12T13:46:04+00:00","twitter_card":"summary_large_image","twitter_misc":{"Gesch\u00e4tzte Lesezeit":"1\u00a0Minute"},"schema":{"@context":"https:\/\/schema.org","@graph":[{"@type":"WebPage","@id":"https:\/\/smart-pr.de\/de\/leistungen\/social-media-services\/instagram\/instagram-agentur\/","url":"https:\/\/smart-pr.de\/de\/leistungen\/social-media-services\/instagram\/instagram-agentur\/","name":"Instagram Agentur - SMART PR \/\/ Ihre PR-Agentur in D\u00fcsseldorf","isPartOf":{"@id":"https:\/\/smart-pr.de\/de\/#website"},"datePublished":"2024-09-11T14:37:18+00:00","dateModified":"2026-05-12T13:46:04+00:00","description":"Profitieren Sie von unserer Expertise als Instagram Agentur. Wir bieten ma\u00dfgeschneiderte L\u00f6sungen f\u00fcr Ihre Markenkommunikation.","breadcrumb":{"@id":"https:\/\/smart-pr.de\/de\/leistungen\/social-media-services\/instagram\/instagram-agentur\/#breadcrumb"},"inLanguage":"de","potentialAction":[{"@type":"ReadAction","target":["https:\/\/smart-pr.de\/de\/leistungen\/social-media-services\/instagram\/instagram-agentur\/"]}]},{"@type":"BreadcrumbList","@id":"https:\/\/smart-pr.de\/de\/leistungen\/social-media-services\/instagram\/instagram-agentur\/#breadcrumb","itemListElement":[{"@type":"ListItem","position":1,"name":"Startseite","item":"https:\/\/smart-pr.de\/de\/"},{"@type":"ListItem","position":2,"name":"Leistungen","item":"https:\/\/smart-pr.de\/de\/leistungen\/"},{"@type":"ListItem","position":3,"name":"Social Media Services","item":"https:\/\/smart-pr.de\/de\/leistungen\/social-media-services\/"},{"@type":"ListItem","position":4,"name":"Instagram","item":"https:\/\/smart-pr.de\/de\/leistungen\/social-media-services\/instagram\/"},{"@type":"ListItem","position":5,"name":"Instagram Agentur"}]},{"@type":"WebSite","@id":"https:\/\/smart-pr.de\/de\/#website","url":"https:\/\/smart-pr.de\/de\/","name":"SMART PR \/\/ Ihre PR-Agentur in D\u00fcsseldorf","description":"F\u00fcr ganzheitliche Kommunikation","publisher":{"@id":"https:\/\/smart-pr.de\/de\/#organization"},"potentialAction":[{"@type":"SearchAction","target":{"@type":"EntryPoint","urlTemplate":"https:\/\/smart-pr.de\/de\/?s={search_term_string}"},"query-input":{"@type":"PropertyValueSpecification","valueRequired":true,"valueName":"search_term_string"}}],"inLanguage":"de"},{"@type":"Organization","@id":"https:\/\/smart-pr.de\/de\/#organization","name":"SMART PR \/\/ Ihre PR-Agentur in D\u00fcsseldorf","url":"https:\/\/smart-pr.de\/de\/","logo":{"@type":"ImageObject","inLanguage":"de","@id":"https:\/\/smart-pr.de\/de\/#\/schema\/logo\/image\/","url":"https:\/\/smart-pr.de\/wp-content\/uploads\/2024\/08\/smart-pr-logo-2.png","contentUrl":"https:\/\/smart-pr.de\/wp-content\/uploads\/2024\/08\/smart-pr-logo-2.png","width":1800,"height":282,"caption":"SMART PR \/\/ Ihre PR-Agentur in D\u00fcsseldorf"},"image":{"@id":"https:\/\/smart-pr.de\/de\/#\/schema\/logo\/image\/"}}]}},"_links":{"self":[{"href":"https:\/\/smart-pr.de\/de\/wp-json\/wp\/v2\/pages\/2717","targetHints":{"allow":["GET"]}}],"collection":[{"href":"https:\/\/smart-pr.de\/de\/wp-json\/wp\/v2\/pages"}],"about":[{"href":"https:\/\/smart-pr.de\/de\/wp-json\/wp\/v2\/types\/page"}],"author":[{"embeddable":true,"href":"https:\/\/smart-pr.de\/de\/wp-json\/wp\/v2\/users\/2"}],"replies":[{"embeddable":true,"href":"https:\/\/smart-pr.de\/de\/wp-json\/wp\/v2\/comments?post=2717"}],"version-history":[{"count":16,"href":"https:\/\/smart-pr.de\/de\/wp-json\/wp\/v2\/pages\/2717\/revisions"}],"predecessor-version":[{"id":11512,"href":"https:\/\/smart-pr.de\/de\/wp-json\/wp\/v2\/pages\/2717\/revisions\/11512"}],"up":[{"embeddable":true,"href":"https:\/\/smart-pr.de\/de\/wp-json\/wp\/v2\/pages\/1955"}],"wp:attachment":[{"href":"https:\/\/smart-pr.de\/de\/wp-json\/wp\/v2\/media?parent=2717"}],"curies":[{"name":"wp","href":"https:\/\/api.w.org\/{rel}","templated":true}]}}