{"id":2610,"date":"2024-09-10T15:11:58","date_gmt":"2024-09-10T15:11:58","guid":{"rendered":"https:\/\/entwicklungsumgebung6729.live-website.com\/?page_id=2610"},"modified":"2026-04-01T12:57:14","modified_gmt":"2026-04-01T12:57:14","slug":"impressum","status":"publish","type":"page","link":"https:\/\/smart-pr.de\/de\/impressum\/","title":{"rendered":"Impressum"},"content":{"rendered":"<div class=\"wpb-content-wrapper\"><p>[vc_row][vc_column width=&#8220;1\/6&#8243;][\/vc_column][vc_column width=&#8220;2\/3&#8243;][vc_column_text css=&#8220;&#8220;]<\/p>\n<div class=\"title\">\n<div class=\"wrapper-h\">\n<h1 style=\"text-align: center;\">Impressum<\/h1>\n<\/div>\n<\/div>\n<div class=\"content single-page\">\n<div class=\"wrapper-h\">\n<div class=\"content-clear\">\n<p><strong>SMART PR<\/strong><br \/>\nKommunikationsberatung in D\u00fcsseldorf<\/p>\n<p>Sitz der Agentur:<\/p>\n<p>SMART PR GmbH<br \/>\nTalstra\u00dfe 22-24<br \/>\nD-40217 D\u00fcsseldorf<br \/>\nTelefon: +49 (0)211-2709-0<br \/>\nFax: +49 (0)211-2709-252<br \/>\nE-Mail:\u00a0<a href=\"mailto:info@smart-pr.de\">info[at]smart-pr.de<\/a><\/p>\n<p><strong>Vertretungsberechtigte:<\/strong><br \/>\nAnke Kisters, Gesch\u00e4ftsf\u00fchrerin<br \/>\nLars Antrack, Gesch\u00e4ftsf\u00fchrer<\/p>\n<p>Inhaltliche Verantwortung f\u00fcr Webseite und Social Media Auftritte<\/p>\n<p>SMART PR GmbH<br \/>\nTalstra\u00dfe 22-24<br \/>\nD-40217 D\u00fcsseldorf<\/p>\n<p><strong>Ansprechpartner:<\/strong><br \/>\nAnke Kisters, Lars Antrack<br \/>\nHandelsregister: Amtsgericht D\u00fcsseldorf<br \/>\nHandelsregisternummer: HR B 62724<br \/>\nUSt.-ID-Nr: DE 815 143 385<\/p>\n<p>Das Impressum gilt auch f\u00fcr folgende Social Media Profile:<\/p>\n<p>Facebook\u00a0<a href=\"https:\/\/www.facebook.com\/SMART.Public.Relations\">https:\/\/www.facebook.com\/SMART.Public.Relations<\/a><br \/>\nTwitter\u00a0<a href=\"https:\/\/twitter.com\/SMART__PR\">https:\/\/twitter.com\/SMART__PR<\/a><br \/>\nXing\u00a0<a href=\"https:\/\/www.xing.com\/pages\/smartprgmbh\">https:\/\/www.xing.com\/companies\/smartprgmbh<\/a><br \/>\nYouTube\u00a0<a href=\"https:\/\/www.youtube.com\/channel\/UC2rDic1VgrvpxavL6ODuvjw\">https:\/\/www.youtube.com\/channel\/UC2rDic1VgrvpxavL6ODuvjw<\/a><br \/>\nInstagram\u00a0<a href=\"http:\/\/www.instagram.com\/smart__pr\">www.instagram.com\/smart__pr<\/a><br \/>\nLinkedIn\u00a0<a href=\"https:\/\/www.linkedin.com\/company\/agentur-smart-pr\/\" target=\"_blank\" rel=\"noopener noreferrer\">www.linkedin.com\/company\/agentur-smart-pr\/<\/a><\/p>\n<p><strong>Haftung f\u00fcr Inhalte<\/strong><br \/>\nDie Inhalte unserer Seiten wurden mit gr\u00f6\u00dfter Sorgfalt erstellt. F\u00fcr die Richtigkeit, Vollst\u00e4ndigkeit und Aktualit\u00e4t der Inhalte k\u00f6nnen wir jedoch keine Gew\u00e4hr \u00fcbernehmen.<\/p>\n<p>Als Dienstanbieter sind wir gem\u00e4\u00df \u00a77 Abs.1 TMG (Telemediengesetz) f\u00fcr eigene Inhalte auf diesen Seiten nach den allgemeinen Gesetzen verantwortlich. Nach \u00a7\u00a78 bis 10 TMG sind wir als Dienstanbieter jedoch nicht verpflichtet, \u00fcbermittelte oder gespeicherte fremde Informationen zu \u00fcberwachen oder nach Umst\u00e4nden zu forschen, die auf eine rechtswidrige T\u00e4tigkeit hinweisen. Verpflichtungen zur Entfernung oder Sperrung der Nutzung von Informationen nach den allgemeinen Gesetzen bleiben hiervon unber\u00fchrt. Eine diesbez\u00fcgliche Haftung ist jedoch erst ab dem Zeitpunkt der Kenntnis einer konkreten Rechtsverletzung m\u00f6glich. Bei bekannt werden von entsprechenden Rechtsverletzungen werden wir diese Inhalte umgehend entfernen.<\/p>\n<p><strong>Haftung f\u00fcr Links<\/strong><br \/>\nUnser Angebot enth\u00e4lt Links zu externen Webseiten Dritter, auf deren Inhalte wir keinen Einfluss haben. Deshalb k\u00f6nnen wir f\u00fcr diese fremden Inhalte auch keine Gew\u00e4hr \u00fcbernehmen. F\u00fcr die Inhalte der verlinkten Seiten ist stets der jeweilige Anbieter oder Betreiber der Seiten verantwortlich. Die verlinkten Seiten wurden zum Zeitpunkt der Verlinkung auf m\u00f6gliche Rechtsverst\u00f6\u00dfe \u00fcberpr\u00fcft. Rechtswidrige Inhalte waren zum Zeitpunkt der Verlinkung nicht erkennbar. Eine permanente inhaltliche Kontrolle der verlinkten Seiten ist jedoch ohne konkrete Anhaltspunkte einer Rechtsverletzung nicht zumutbar. Bei bekannt werden von Rechtsverletzungen werden wir derartige Links umgehend entfernen.<\/p>\n<p><strong>Urheberrecht<\/strong><br \/>\nDie durch die Seitenbetreiber erstellten Inhalte und Werke auf diesen Seiten unterliegen dem deutschen Urheberrecht. Beitr\u00e4ge Dritter sind als solche gekennzeichnet. Die Vervielf\u00e4ltigung, Bearbeitung, Verbreitung und jede Art der Verwertung au\u00dferhalb der Grenzen des Urheberrechtes bed\u00fcrfen der schriftlichen Zustimmung. Downloads und Kopien dieser Seite sind nur f\u00fcr den privaten, nicht kommerziellen Gebrauch gestattet.<\/p>\n<p>Die Betreiber der Seiten sind bem\u00fcht, stets die Urheberrechte anderer zu beachten bzw. auf selbst erstellte sowie lizenzfreie Werke zur\u00fcckzugreifen.<\/p>\n<\/div>\n<\/div>\n<\/div>\n<p>[\/vc_column_text][\/vc_column][vc_column width=&#8220;1\/6&#8243;][\/vc_column][\/vc_row]<\/p>\n<\/div>","protected":false},"excerpt":{"rendered":"[vc_row][vc_column width=\"1\/6\"][\/vc_column][vc_column width=\"2\/3\"][vc_column_text css=\"\"] Impressum SMART PR Kommunikationsberatung in D\u00fcsseldorf Sitz der Agentur: SMART PR<span class=\"excerpt-hellip\"> [\u2026]<\/span>","protected":false},"author":2,"featured_media":0,"parent":0,"menu_order":0,"comment_status":"closed","ping_status":"closed","template":"","meta":{"footnotes":""},"class_list":["post-2610","page","type-page","status-publish","hentry"],"yoast_head":"<!-- This site is optimized with the Yoast SEO plugin v25.6 - https:\/\/yoast.com\/wordpress\/plugins\/seo\/ -->\n<title>Impressum - SMART PR<\/title>\n<meta name=\"description\" content=\"Hier finden Sie die rechtlichen Informationen zu SMART PR, einschlie\u00dflich unserer Kontaktdaten und Unternehmensdetails.\" \/>\n<meta name=\"robots\" content=\"index, follow, max-snippet:-1, max-image-preview:large, max-video-preview:-1\" \/>\n<link rel=\"canonical\" href=\"https:\/\/smart-pr.de\/de\/impressum\/\" \/>\n<meta property=\"og:locale\" content=\"de_DE\" \/>\n<meta property=\"og:type\" content=\"article\" \/>\n<meta property=\"og:title\" content=\"Impressum - SMART PR\" \/>\n<meta property=\"og:description\" content=\"Hier finden Sie die rechtlichen Informationen zu SMART PR, einschlie\u00dflich unserer Kontaktdaten und Unternehmensdetails.\" \/>\n<meta property=\"og:url\" content=\"https:\/\/smart-pr.de\/de\/impressum\/\" \/>\n<meta property=\"og:site_name\" content=\"SMART PR \/\/ Ihre PR-Agentur in D\u00fcsseldorf\" \/>\n<meta property=\"article:modified_time\" content=\"2026-04-01T12:57:14+00:00\" \/>\n<meta name=\"twitter:card\" content=\"summary_large_image\" \/>\n<meta name=\"twitter:label1\" content=\"Gesch\u00e4tzte Lesezeit\" \/>\n\t<meta name=\"twitter:data1\" content=\"3\u00a0Minuten\" \/>\n<script type=\"application\/ld+json\" class=\"yoast-schema-graph\">{\"@context\":\"https:\/\/schema.org\",\"@graph\":[{\"@type\":\"WebPage\",\"@id\":\"https:\/\/smart-pr.de\/de\/impressum\/\",\"url\":\"https:\/\/smart-pr.de\/de\/impressum\/\",\"name\":\"Impressum - SMART PR\",\"isPartOf\":{\"@id\":\"https:\/\/smart-pr.de\/de\/#website\"},\"datePublished\":\"2024-09-10T15:11:58+00:00\",\"dateModified\":\"2026-04-01T12:57:14+00:00\",\"description\":\"Hier finden Sie die rechtlichen Informationen zu SMART PR, einschlie\u00dflich unserer Kontaktdaten und Unternehmensdetails.\",\"breadcrumb\":{\"@id\":\"https:\/\/smart-pr.de\/de\/impressum\/#breadcrumb\"},\"inLanguage\":\"de\",\"potentialAction\":[{\"@type\":\"ReadAction\",\"target\":[\"https:\/\/smart-pr.de\/de\/impressum\/\"]}]},{\"@type\":\"BreadcrumbList\",\"@id\":\"https:\/\/smart-pr.de\/de\/impressum\/#breadcrumb\",\"itemListElement\":[{\"@type\":\"ListItem\",\"position\":1,\"name\":\"Startseite\",\"item\":\"https:\/\/smart-pr.de\/de\/\"},{\"@type\":\"ListItem\",\"position\":2,\"name\":\"Impressum\"}]},{\"@type\":\"WebSite\",\"@id\":\"https:\/\/smart-pr.de\/de\/#website\",\"url\":\"https:\/\/smart-pr.de\/de\/\",\"name\":\"SMART PR \/\/ Ihre PR-Agentur in D\u00fcsseldorf\",\"description\":\"F\u00fcr ganzheitliche Kommunikation\",\"publisher\":{\"@id\":\"https:\/\/smart-pr.de\/de\/#organization\"},\"potentialAction\":[{\"@type\":\"SearchAction\",\"target\":{\"@type\":\"EntryPoint\",\"urlTemplate\":\"https:\/\/smart-pr.de\/de\/?s={search_term_string}\"},\"query-input\":{\"@type\":\"PropertyValueSpecification\",\"valueRequired\":true,\"valueName\":\"search_term_string\"}}],\"inLanguage\":\"de\"},{\"@type\":\"Organization\",\"@id\":\"https:\/\/smart-pr.de\/de\/#organization\",\"name\":\"SMART PR \/\/ Ihre PR-Agentur in D\u00fcsseldorf\",\"url\":\"https:\/\/smart-pr.de\/de\/\",\"logo\":{\"@type\":\"ImageObject\",\"inLanguage\":\"de\",\"@id\":\"https:\/\/smart-pr.de\/de\/#\/schema\/logo\/image\/\",\"url\":\"https:\/\/smart-pr.de\/wp-content\/uploads\/2024\/08\/smart-pr-logo-2.png\",\"contentUrl\":\"https:\/\/smart-pr.de\/wp-content\/uploads\/2024\/08\/smart-pr-logo-2.png\",\"width\":1800,\"height\":282,\"caption\":\"SMART PR \/\/ Ihre PR-Agentur in D\u00fcsseldorf\"},\"image\":{\"@id\":\"https:\/\/smart-pr.de\/de\/#\/schema\/logo\/image\/\"}}]}<\/script>\n<!-- \/ Yoast SEO plugin. -->","yoast_head_json":{"title":"Impressum - SMART PR","description":"Hier finden Sie die rechtlichen Informationen zu SMART PR, einschlie\u00dflich unserer Kontaktdaten und Unternehmensdetails.","robots":{"index":"index","follow":"follow","max-snippet":"max-snippet:-1","max-image-preview":"max-image-preview:large","max-video-preview":"max-video-preview:-1"},"canonical":"https:\/\/smart-pr.de\/de\/impressum\/","og_locale":"de_DE","og_type":"article","og_title":"Impressum - SMART PR","og_description":"Hier finden Sie die rechtlichen Informationen zu SMART PR, einschlie\u00dflich unserer Kontaktdaten und Unternehmensdetails.","og_url":"https:\/\/smart-pr.de\/de\/impressum\/","og_site_name":"SMART PR \/\/ Ihre PR-Agentur in D\u00fcsseldorf","article_modified_time":"2026-04-01T12:57:14+00:00","twitter_card":"summary_large_image","twitter_misc":{"Gesch\u00e4tzte Lesezeit":"3\u00a0Minuten"},"schema":{"@context":"https:\/\/schema.org","@graph":[{"@type":"WebPage","@id":"https:\/\/smart-pr.de\/de\/impressum\/","url":"https:\/\/smart-pr.de\/de\/impressum\/","name":"Impressum - SMART PR","isPartOf":{"@id":"https:\/\/smart-pr.de\/de\/#website"},"datePublished":"2024-09-10T15:11:58+00:00","dateModified":"2026-04-01T12:57:14+00:00","description":"Hier finden Sie die rechtlichen Informationen zu SMART PR, einschlie\u00dflich unserer Kontaktdaten und Unternehmensdetails.","breadcrumb":{"@id":"https:\/\/smart-pr.de\/de\/impressum\/#breadcrumb"},"inLanguage":"de","potentialAction":[{"@type":"ReadAction","target":["https:\/\/smart-pr.de\/de\/impressum\/"]}]},{"@type":"BreadcrumbList","@id":"https:\/\/smart-pr.de\/de\/impressum\/#breadcrumb","itemListElement":[{"@type":"ListItem","position":1,"name":"Startseite","item":"https:\/\/smart-pr.de\/de\/"},{"@type":"ListItem","position":2,"name":"Impressum"}]},{"@type":"WebSite","@id":"https:\/\/smart-pr.de\/de\/#website","url":"https:\/\/smart-pr.de\/de\/","name":"SMART PR \/\/ Ihre PR-Agentur in D\u00fcsseldorf","description":"F\u00fcr ganzheitliche Kommunikation","publisher":{"@id":"https:\/\/smart-pr.de\/de\/#organization"},"potentialAction":[{"@type":"SearchAction","target":{"@type":"EntryPoint","urlTemplate":"https:\/\/smart-pr.de\/de\/?s={search_term_string}"},"query-input":{"@type":"PropertyValueSpecification","valueRequired":true,"valueName":"search_term_string"}}],"inLanguage":"de"},{"@type":"Organization","@id":"https:\/\/smart-pr.de\/de\/#organization","name":"SMART PR \/\/ Ihre PR-Agentur in D\u00fcsseldorf","url":"https:\/\/smart-pr.de\/de\/","logo":{"@type":"ImageObject","inLanguage":"de","@id":"https:\/\/smart-pr.de\/de\/#\/schema\/logo\/image\/","url":"https:\/\/smart-pr.de\/wp-content\/uploads\/2024\/08\/smart-pr-logo-2.png","contentUrl":"https:\/\/smart-pr.de\/wp-content\/uploads\/2024\/08\/smart-pr-logo-2.png","width":1800,"height":282,"caption":"SMART PR \/\/ Ihre PR-Agentur in D\u00fcsseldorf"},"image":{"@id":"https:\/\/smart-pr.de\/de\/#\/schema\/logo\/image\/"}}]}},"_links":{"self":[{"href":"https:\/\/smart-pr.de\/de\/wp-json\/wp\/v2\/pages\/2610","targetHints":{"allow":["GET"]}}],"collection":[{"href":"https:\/\/smart-pr.de\/de\/wp-json\/wp\/v2\/pages"}],"about":[{"href":"https:\/\/smart-pr.de\/de\/wp-json\/wp\/v2\/types\/page"}],"author":[{"embeddable":true,"href":"https:\/\/smart-pr.de\/de\/wp-json\/wp\/v2\/users\/2"}],"replies":[{"embeddable":true,"href":"https:\/\/smart-pr.de\/de\/wp-json\/wp\/v2\/comments?post=2610"}],"version-history":[{"count":8,"href":"https:\/\/smart-pr.de\/de\/wp-json\/wp\/v2\/pages\/2610\/revisions"}],"predecessor-version":[{"id":10970,"href":"https:\/\/smart-pr.de\/de\/wp-json\/wp\/v2\/pages\/2610\/revisions\/10970"}],"wp:attachment":[{"href":"https:\/\/smart-pr.de\/de\/wp-json\/wp\/v2\/media?parent=2610"}],"curies":[{"name":"wp","href":"https:\/\/api.w.org\/{rel}","templated":true}]}}