{"id":2288,"date":"2024-09-09T08:38:56","date_gmt":"2024-09-09T08:38:56","guid":{"rendered":"https:\/\/entwicklungsumgebung6729.live-website.com\/?page_id=2288"},"modified":"2026-01-28T11:26:24","modified_gmt":"2026-01-28T11:26:24","slug":"training","status":"publish","type":"page","link":"https:\/\/smart-pr.de\/de\/leistungen\/training\/","title":{"rendered":"Training"},"content":{"rendered":"<div class=\"wpb-content-wrapper\"><p>[vc_row full_width=&#8220;stretch_row_content_no_spaces&#8220; css=&#8220;.vc_custom_1729004694426{margin-top: -30px !important;}&#8220;][vc_column][vc_single_image image=&#8220;6383&#8243; img_size=&#8220;full&#8220; css=&#8220;&#8220;][\/vc_column][\/vc_row][vc_row][vc_column width=&#8220;1\/6&#8243;][\/vc_column][vc_column width=&#8220;2\/3&#8243;][vc_column_text css=&#8220;&#8220;]<\/p>\n<h1 style=\"text-align: left;\"><b><span data-contrast=\"auto\">Entdecken Sie unsere Workshops zu Strategie, Online-PR und Social Media<\/span><\/b><span data-ccp-props=\"{}\">\u00a0<\/span><\/h1>\n<p>[\/vc_column_text][\/vc_column][vc_column width=&#8220;1\/6&#8243;][\/vc_column][\/vc_row][vc_row][vc_column width=&#8220;1\/6&#8243;][\/vc_column][vc_column width=&#8220;2\/3&#8243;][vc_column_text css=&#8220;&#8220;]<span data-contrast=\"auto\">Die Kommunikationslandschaft entwickelt sich stetig weiter, und das tun auch wir. So haben wir \u00fcber Jahre hinweg unser Expertenwissen laufend erweitert und sind immer am Zahn der Zeit. Gerne lassen wir Sie hieran teilhaben und bieten ma\u00dfgeschneiderte Workshops und Trainings, um Sie und Ihr Unternehmen in den Bereichen <\/span><b><span data-contrast=\"auto\">Strategie<\/span><\/b><span data-contrast=\"auto\">, <\/span><b><span data-contrast=\"auto\">Online-PR<\/span><\/b><span data-contrast=\"auto\"> und <\/span><b><span data-contrast=\"auto\">Social Media<\/span><\/b><span data-contrast=\"auto\"> fit zu machen \u2013 pers\u00f6nlich, individuell und auf Augenh\u00f6he.\u00a0<\/span><span data-ccp-props=\"{}\">\u00a0<\/span><\/p>\n<p><span data-contrast=\"auto\">Unser Trainingsangebot vermittelt praxisnahes Wissen und hilft Ihnen, Kommunikationsh\u00fcrden im gesamten Unternehmen abzubauen. Egal ob Sachbearbeiter, Social Media Manager oder die F\u00fchrungsetage \u2013 unsere Workshops passen sich an die Bed\u00fcrfnisse jedes Einzelnen an und k\u00f6nnen sowohl vor Ort als auch als Webinar stattfinden.<\/span><span data-ccp-props=\"{}\">\u00a0<\/span>[\/vc_column_text][\/vc_column][vc_column width=&#8220;1\/6&#8243;][\/vc_column][\/vc_row][vc_row css_animation=&#8220;fadeIn&#8220; css=&#8220;.vc_custom_1733470177889{margin-top: 35px !important;}&#8220;][vc_column width=&#8220;1\/6&#8243;][\/vc_column][vc_column width=&#8220;2\/3&#8243;][vc_column_text css=&#8220;&#8220;]<\/p>\n<h2 style=\"text-align: center;\"><span style=\"color: #808080;\"><strong>Schwerpunkte der Workshop<\/strong><\/span><\/h2>\n<p>[\/vc_column_text][\/vc_column][vc_column width=&#8220;1\/6&#8243;][\/vc_column][\/vc_row][vc_row gap=&#8220;30&#8243; equal_height=&#8220;yes&#8220; css_animation=&#8220;fadeIn&#8220;][vc_column width=&#8220;1\/5&#8243;][\/vc_column][vc_column width=&#8220;1\/5&#8243; css=&#8220;.vc_custom_1732747397681{margin-top: 35px !important;background-color: #ffd500 !important;}&#8220;][vc_column_text css=&#8220;&#8220;]<\/p>\n<h3 style=\"text-align: center;\"><strong>Digitale Transformation Meistern<\/strong><\/h3>\n<p>[\/vc_column_text][vc_column_text css=&#8220;&#8220;]<\/p>\n<h4 style=\"text-align: center;\">Big Data und die Digitalisierung ver\u00e4ndern auch die Kommunikation von heute. Wie hilft agiles Arbeiten dabei, welche Strukturen &amp; Kompetenzen m\u00fcssen geschaffen und gelebt werden?<\/h4>\n<p>[\/vc_column_text][\/vc_column][vc_column width=&#8220;1\/5&#8243; css=&#8220;.vc_custom_1732747404665{margin-top: 35px !important;background-color: #ffd500 !important;}&#8220;][vc_column_text css=&#8220;&#8220;]<\/p>\n<h3 style=\"text-align: center;\"><strong>Kommunikations-<br \/>\nkan\u00e4leverstehen \u00a0<\/strong><\/h3>\n<p>[\/vc_column_text][vc_column_text css=&#8220;&#8220;]<\/p>\n<h4 style=\"text-align: center;\">Ob Business Netzwerke, Social Media oder Corporate Blog: Lernen Sie, wie Sie Ihre Kan\u00e4le optimieren &amp; wie Sie Ihr Corporate Branding auf das n\u00e4chste Level bringen &amp; wie Sie erfolgreiches Social Selling betreiben.<\/h4>\n<p>[\/vc_column_text][\/vc_column][vc_column width=&#8220;1\/5&#8243; css=&#8220;.vc_custom_1732747410344{margin-top: 35px !important;background-color: #ffd500 !important;}&#8220;][vc_column_text css=&#8220;&#8220;]<\/p>\n<h3 style=\"text-align: center;\"><strong>Trends Entdecken &amp; Beurteilen\u00a0<\/strong><\/h3>\n<p>[\/vc_column_text][vc_column_text css=&#8220;&#8220;]<\/p>\n<h4 style=\"text-align: center;\">Trends gibt viele. Doch welche sind wirklich erfolgsversprechen und welchen sollte man besser nicht folgen? Wir geben Ihnen praktische Tipps, wie Sie aktuelle Str\u00f6mungen f\u00fcr sich nutzen k\u00f6nnen.<\/h4>\n<p>[\/vc_column_text][\/vc_column][vc_column width=&#8220;1\/5&#8243;][\/vc_column][\/vc_row][vc_row css=&#8220;.vc_custom_1732747526985{margin-top: 35px !important;}&#8220;][vc_column width=&#8220;1\/6&#8243;][\/vc_column][vc_column width=&#8220;2\/3&#8243;][vc_column_text css=&#8220;&#8220;]<span data-contrast=\"auto\">Ihre Vorteile:<\/span><span data-ccp-props=\"{}\">\u00a0<\/span><\/p>\n<ul>\n<li data-leveltext=\"\uf0b7\" data-font=\"Symbol\" data-listid=\"1\" data-list-defn-props=\"{&quot;335552541&quot;:1,&quot;335559685&quot;:720,&quot;335559991&quot;:360,&quot;469769226&quot;:&quot;Symbol&quot;,&quot;469769242&quot;:[8226],&quot;469777803&quot;:&quot;left&quot;,&quot;469777804&quot;:&quot;\uf0b7&quot;,&quot;469777815&quot;:&quot;multilevel&quot;}\" aria-setsize=\"-1\" data-aria-posinset=\"1\" data-aria-level=\"1\"><span data-contrast=\"auto\">Individuelle Beratung und praxisorientiertes Training f\u00fcr Ihren Digitalisierungsprozess<\/span><span data-ccp-props=\"{}\">\u00a0<\/span><\/li>\n<\/ul>\n<ul>\n<li data-leveltext=\"\uf0b7\" data-font=\"Symbol\" data-listid=\"1\" data-list-defn-props=\"{&quot;335552541&quot;:1,&quot;335559685&quot;:720,&quot;335559991&quot;:360,&quot;469769226&quot;:&quot;Symbol&quot;,&quot;469769242&quot;:[8226],&quot;469777803&quot;:&quot;left&quot;,&quot;469777804&quot;:&quot;\uf0b7&quot;,&quot;469777815&quot;:&quot;multilevel&quot;}\" aria-setsize=\"-1\" data-aria-posinset=\"2\" data-aria-level=\"1\"><span data-contrast=\"auto\">Pers\u00f6nliche, auf Sie zugeschnittene Inhalte. Wir lehren Ihnen das, was Sie auch wirklich brauchen.\u00a0<\/span><span data-ccp-props=\"{}\">\u00a0<\/span><\/li>\n<li data-leveltext=\"\uf0b7\" data-font=\"Symbol\" data-listid=\"1\" data-list-defn-props=\"{&quot;335552541&quot;:1,&quot;335559685&quot;:720,&quot;335559991&quot;:360,&quot;469769226&quot;:&quot;Symbol&quot;,&quot;469769242&quot;:[8226],&quot;469777803&quot;:&quot;left&quot;,&quot;469777804&quot;:&quot;\uf0b7&quot;,&quot;469777815&quot;:&quot;multilevel&quot;}\" aria-setsize=\"-1\" data-aria-posinset=\"3\" data-aria-level=\"1\"><span data-contrast=\"auto\">Flexibles Trainingsformat: Inhouse oder extern, 1:1-Coachings oder Gruppenworkshops, Kurztrainings oder mehrt\u00e4gige Seminare \u2013 wir gestalten die Trainings ganz nach Ihren W\u00fcnschen.<\/span><span data-ccp-props=\"{}\">\u00a0<\/span><\/li>\n<\/ul>\n<p>[\/vc_column_text][\/vc_column][vc_column width=&#8220;1\/6&#8243;][\/vc_column][\/vc_row][vc_row css_animation=&#8220;none&#8220; css=&#8220;.vc_custom_1758017420609{margin-top: 35px !important;}&#8220;][vc_column width=&#8220;1\/6&#8243;][\/vc_column][vc_column width=&#8220;2\/3&#8243;][vc_column_text css=&#8220;&#8220;]<\/p>\n<p style=\"text-align: left;\">H\u00e4ufige Fragen zu Training beantworten wir in unseren <a href=\"https:\/\/blog.smart-pr.de\/faqs#hs_cos_wrapper_module_1757061491769\">[FAQs]<\/a><\/p>\n<p>[\/vc_column_text][\/vc_column][vc_column width=&#8220;1\/6&#8243;][\/vc_column][\/vc_row][vc_row full_width=&#8220;stretch_row&#8220; css=&#8220;.vc_custom_1733384919098{background-color: #9d9ea0 !important;}&#8220;][vc_column width=&#8220;1\/4&#8243;][\/vc_column][vc_column width=&#8220;1\/2&#8243;][vc_column_text css=&#8220;&#8220;]<\/p>\n<h2 style=\"text-align: center;\"><span style=\"color: #ffffff;\"><strong>Unsere Workshop-Angebote\u00a0<\/strong><\/span><\/h2>\n<p><span style=\"color: #ffffff;\" data-ccp-props=\"{}\">\u00a0<\/span>[\/vc_column_text][vc_column_text css=&#8220;&#8220;]<\/p>\n<p style=\"text-align: center;\"><span style=\"color: #ffffff;\"><span class=\"TextRun SCXW159051557 BCX8\" lang=\"DE-DE\" xml:lang=\"DE-DE\" data-contrast=\"auto\"><span class=\"NormalTextRun SCXW159051557 BCX8\">Werfen Sie einen Blick auf unsere aktuellen Workshops. Gerne entwickeln wir gemeinsam mit Ihnen weitere Schwerpunkte, die genau auf Ihre Bed\u00fcrfnisse zugeschnitten sind. Kontaktieren Sie uns noch heute f\u00fcr eine individuelle Beratung!<\/span><\/span><span class=\"EOP SCXW159051557 BCX8\" data-ccp-props=\"{}\">\u00a0<\/span><\/span><\/p>\n<p>[\/vc_column_text][\/vc_column][vc_column width=&#8220;1\/4&#8243;][\/vc_column][\/vc_row][vc_row full_width=&#8220;stretch_row&#8220; css_animation=&#8220;none&#8220; css=&#8220;.vc_custom_1733384923656{background-color: #9d9ea0 !important;}&#8220;][vc_column width=&#8220;1\/5&#8243;][\/vc_column][vc_column css_animation=&#8220;fadeInLeft&#8220; width=&#8220;1\/5&#8243;][vc_media_grid element_width=&#8220;12&#8243; gap=&#8220;0&#8243; item=&#8220;4371&#8243; css=&#8220;&#8220; initial_loading_animation=&#8220;none&#8220; grid_id=&#8220;vc_gid:1758017410008-4951861d-1e7c-6&#8243; include=&#8220;4383&#8243;][vc_btn title=&#8220;zum Angebot&#8220; style=&#8220;flat&#8220; color=&#8220;warning&#8220; align=&#8220;center&#8220; css=&#8220;&#8220; link=&#8220;url:%2Fbusiness-netzwerke-und-corporate-influencer%2F|title:Business%20Netzwerke%20und%20Corporate%20Influencer&#8220;][\/vc_column][vc_column css_animation=&#8220;fadeInUp&#8220; width=&#8220;1\/5&#8243;][vc_media_grid element_width=&#8220;12&#8243; gap=&#8220;0&#8243; item=&#8220;4390&#8243; css=&#8220;&#8220; initial_loading_animation=&#8220;none&#8220; grid_id=&#8220;vc_gid:1758017410009-1e004c3d-a934-9&#8243; include=&#8220;4382&#8243;][vc_btn title=&#8220;zum Angebot&#8220; style=&#8220;flat&#8220; color=&#8220;warning&#8220; align=&#8220;center&#8220; css=&#8220;&#8220; link=&#8220;url:%2Fbasiswissen-inbound-marketing-und-die-customer-journey%2F|title:Basiswissen%20%E2%80%9EInbound%20Marketing%20und%20die%20Customer%20Journey%E2%80%9C&#8220;][\/vc_column][vc_column css_animation=&#8220;fadeInRight&#8220; width=&#8220;1\/5&#8243;][vc_media_grid element_width=&#8220;12&#8243; gap=&#8220;0&#8243; item=&#8220;4393&#8243; css=&#8220;&#8220; initial_loading_animation=&#8220;none&#8220; grid_id=&#8220;vc_gid:1758017410009-f4f01609-ea10-8&#8243; include=&#8220;4386&#8243;][vc_btn title=&#8220;zum Angebot&#8220; style=&#8220;flat&#8220; color=&#8220;warning&#8220; align=&#8220;center&#8220; css=&#8220;&#8220; link=&#8220;url:%2Fstrategietraining-online-publishing-owned-media-verstehen%2F|title:Strategietraining%20%E2%80%9EOnline-Publishing%20%E2%80%93%20Owned%20Media%20verstehen%E2%80%9C&#8220;][\/vc_column][vc_column width=&#8220;1\/5&#8243;][\/vc_column][\/vc_row][vc_row full_width=&#8220;stretch_row&#8220; css_animation=&#8220;none&#8220; css=&#8220;.vc_custom_1732747767279{background-color: #9d9ea0 !important;}&#8220;][vc_column width=&#8220;1\/5&#8243;][\/vc_column][vc_column css_animation=&#8220;fadeInLeft&#8220; width=&#8220;1\/5&#8243;][vc_media_grid element_width=&#8220;12&#8243; gap=&#8220;0&#8243; item=&#8220;4398&#8243; css=&#8220;&#8220; initial_loading_animation=&#8220;none&#8220; grid_id=&#8220;vc_gid:1758017410010-bde5921e-a7a2-7&#8243; include=&#8220;4380&#8243;][vc_btn title=&#8220;zum Angebot&#8220; style=&#8220;flat&#8220; color=&#8220;warning&#8220; align=&#8220;center&#8220; css=&#8220;&#8220; link=&#8220;url:%2Fanwendertraining-instagram-der-star%2F|title:Anwendertraining%20%E2%80%9EInstagram%20%E2%80%93%20der%20Star%E2%80%9C&#8220;][\/vc_column][vc_column css_animation=&#8220;fadeInUp&#8220; width=&#8220;1\/5&#8243;][vc_media_grid element_width=&#8220;12&#8243; gap=&#8220;0&#8243; item=&#8220;4400&#8243; css=&#8220;&#8220; initial_loading_animation=&#8220;none&#8220; grid_id=&#8220;vc_gid:1758017410010-51d35792-a806-7&#8243; include=&#8220;4381&#8243;][vc_btn title=&#8220;zum Angebot&#8220; style=&#8220;flat&#8220; color=&#8220;warning&#8220; align=&#8220;center&#8220; css=&#8220;&#8220; link=&#8220;url:%2Fanwendertraining-pinterest-die-geheimwaffe%2F|title:Anwendertraining%20%E2%80%9EPinterest%20%E2%80%93%20die%20Geheimwaffe%E2%80%9C&#8220;][\/vc_column][vc_column css_animation=&#8220;fadeInRight&#8220; width=&#8220;1\/5&#8243;][vc_media_grid element_width=&#8220;12&#8243; gap=&#8220;0&#8243; item=&#8220;4403&#8243; css=&#8220;&#8220; initial_loading_animation=&#8220;none&#8220; grid_id=&#8220;vc_gid:1758017410011-aa529fc6-fe16-1&#8243; include=&#8220;4379&#8243;][vc_btn title=&#8220;zum Angebot&#8220; style=&#8220;flat&#8220; color=&#8220;warning&#8220; align=&#8220;center&#8220; css=&#8220;&#8220; link=&#8220;url:%2Fanwendertraining-facebook-der-gigant-smart-pr%2F|title:Anwendertraining%20%E2%80%9EFacebook%20%E2%80%93%20der%20Gigant%E2%80%9C%20%7C%20SMART%2FPR&#8220;][\/vc_column][vc_column width=&#8220;1\/5&#8243;][\/vc_column][\/vc_row][vc_row full_width=&#8220;stretch_row&#8220; css_animation=&#8220;none&#8220; css=&#8220;.vc_custom_1732747771870{background-color: #9d9ea0 !important;}&#8220;][vc_column width=&#8220;1\/5&#8243;][\/vc_column][vc_column css_animation=&#8220;fadeInLeft&#8220; width=&#8220;1\/5&#8243;][vc_media_grid element_width=&#8220;12&#8243; gap=&#8220;0&#8243; item=&#8220;4405&#8243; css=&#8220;&#8220; initial_loading_animation=&#8220;none&#8220; grid_id=&#8220;vc_gid:1758017410011-97e94643-f02c-1&#8243; include=&#8220;4385&#8243;][vc_btn title=&#8220;zum Angebot&#8220; style=&#8220;flat&#8220; color=&#8220;warning&#8220; align=&#8220;center&#8220; css=&#8220;&#8220; link=&#8220;url:%2Fhands-on-training-content-erstellung-mit-snack-content%2F|title:Hands-on-Training%20%E2%80%9EContent%20Erstellung%20mit%20Snack%20Content%E2%80%9C&#8220;][\/vc_column][vc_column css_animation=&#8220;fadeInUp&#8220; width=&#8220;1\/5&#8243;][vc_media_grid element_width=&#8220;12&#8243; gap=&#8220;0&#8243; item=&#8220;4406&#8243; css=&#8220;&#8220; initial_loading_animation=&#8220;none&#8220; grid_id=&#8220;vc_gid:1758017410012-a1ab4be1-7053-4&#8243; include=&#8220;4384&#8243;][vc_btn title=&#8220;zum Angebot&#8220; style=&#8220;flat&#8220; color=&#8220;warning&#8220; align=&#8220;center&#8220; css=&#8220;&#8220; link=&#8220;url:%2Fdigitale-transformation-begleitung-des-change%2F|title:Digitale%20Transformation%20%E2%80%93%20Begleitung%20des%20Change&#8220;][\/vc_column][vc_column css_animation=&#8220;fadeInRight&#8220; width=&#8220;1\/5&#8243;][vc_media_grid element_width=&#8220;12&#8243; gap=&#8220;0&#8243; item=&#8220;4409&#8243; css=&#8220;&#8220; initial_loading_animation=&#8220;none&#8220; grid_id=&#8220;vc_gid:1758017410012-d5e122a7-f68c-4&#8243; include=&#8220;4387&#8243;][vc_btn title=&#8220;zum Angebot&#8220; style=&#8220;flat&#8220; color=&#8220;warning&#8220; align=&#8220;center&#8220; css=&#8220;&#8220; link=&#8220;url:%2Fworkshop-storytelling%2F|title:Workshop%20Storytelling&#8220;][\/vc_column][vc_column width=&#8220;1\/5&#8243;][\/vc_column][\/vc_row]<\/p>\n<\/div>","protected":false},"excerpt":{"rendered":"[vc_row full_width=\"stretch_row_content_no_spaces\" css=\".vc_custom_1729004694426{margin-top: -30px !important;}\"][vc_column][vc_single_image image=\"6383\" img_size=\"full\" css=\"\"][\/vc_column][\/vc_row][vc_row][vc_column width=\"1\/6\"][\/vc_column][vc_column width=\"2\/3\"][vc_column_text css=\"\"] Entdecken Sie unsere Workshops<span class=\"excerpt-hellip\"> [\u2026]<\/span>","protected":false},"author":2,"featured_media":2270,"parent":28,"menu_order":0,"comment_status":"closed","ping_status":"closed","template":"","meta":{"footnotes":""},"class_list":["post-2288","page","type-page","status-publish","has-post-thumbnail","hentry"],"yoast_head":"<!-- This site is optimized with the Yoast SEO plugin v25.6 - https:\/\/yoast.com\/wordpress\/plugins\/seo\/ -->\n<title>Training - SMART PR \/\/ Ihre PR-Agentur in D\u00fcsseldorf<\/title>\n<meta name=\"description\" content=\"SMART PR bietet ma\u00dfgeschneiderte Trainings f\u00fcr PR, Social Media &amp; Content Marketing. Lernen Sie von Experten f\u00fcr Ihren Erfolg.\" \/>\n<meta name=\"robots\" content=\"index, follow, max-snippet:-1, max-image-preview:large, max-video-preview:-1\" \/>\n<link rel=\"canonical\" href=\"https:\/\/smart-pr.de\/de\/leistungen\/training\/\" \/>\n<meta property=\"og:locale\" content=\"de_DE\" \/>\n<meta property=\"og:type\" content=\"article\" \/>\n<meta property=\"og:title\" content=\"Training - SMART PR \/\/ Ihre PR-Agentur in D\u00fcsseldorf\" \/>\n<meta property=\"og:description\" content=\"SMART PR bietet ma\u00dfgeschneiderte Trainings f\u00fcr PR, Social Media &amp; Content Marketing. Lernen Sie von Experten f\u00fcr Ihren Erfolg.\" \/>\n<meta property=\"og:url\" content=\"https:\/\/smart-pr.de\/de\/leistungen\/training\/\" \/>\n<meta property=\"og:site_name\" content=\"SMART PR \/\/ Ihre PR-Agentur in D\u00fcsseldorf\" \/>\n<meta property=\"article:modified_time\" content=\"2026-01-28T11:26:24+00:00\" \/>\n<meta property=\"og:image\" content=\"https:\/\/smart-pr.de\/wp-content\/uploads\/2024\/09\/L1000325-1024x450.png\" \/>\n\t<meta property=\"og:image:width\" content=\"1024\" \/>\n\t<meta property=\"og:image:height\" content=\"450\" \/>\n\t<meta property=\"og:image:type\" content=\"image\/png\" \/>\n<meta name=\"twitter:card\" content=\"summary_large_image\" \/>\n<meta name=\"twitter:label1\" content=\"Gesch\u00e4tzte Lesezeit\" \/>\n\t<meta name=\"twitter:data1\" content=\"4\u00a0Minuten\" \/>\n<script type=\"application\/ld+json\" class=\"yoast-schema-graph\">{\"@context\":\"https:\/\/schema.org\",\"@graph\":[{\"@type\":\"WebPage\",\"@id\":\"https:\/\/smart-pr.de\/de\/leistungen\/training\/\",\"url\":\"https:\/\/smart-pr.de\/de\/leistungen\/training\/\",\"name\":\"Training - SMART PR \/\/ Ihre PR-Agentur in D\u00fcsseldorf\",\"isPartOf\":{\"@id\":\"https:\/\/smart-pr.de\/de\/#website\"},\"primaryImageOfPage\":{\"@id\":\"https:\/\/smart-pr.de\/de\/leistungen\/training\/#primaryimage\"},\"image\":{\"@id\":\"https:\/\/smart-pr.de\/de\/leistungen\/training\/#primaryimage\"},\"thumbnailUrl\":\"https:\/\/smart-pr.de\/wp-content\/uploads\/2024\/09\/L1000325.png\",\"datePublished\":\"2024-09-09T08:38:56+00:00\",\"dateModified\":\"2026-01-28T11:26:24+00:00\",\"description\":\"SMART PR bietet ma\u00dfgeschneiderte Trainings f\u00fcr PR, Social Media & Content Marketing. Lernen Sie von Experten f\u00fcr Ihren Erfolg.\",\"breadcrumb\":{\"@id\":\"https:\/\/smart-pr.de\/de\/leistungen\/training\/#breadcrumb\"},\"inLanguage\":\"de\",\"potentialAction\":[{\"@type\":\"ReadAction\",\"target\":[\"https:\/\/smart-pr.de\/de\/leistungen\/training\/\"]}]},{\"@type\":\"ImageObject\",\"inLanguage\":\"de\",\"@id\":\"https:\/\/smart-pr.de\/de\/leistungen\/training\/#primaryimage\",\"url\":\"https:\/\/smart-pr.de\/wp-content\/uploads\/2024\/09\/L1000325.png\",\"contentUrl\":\"https:\/\/smart-pr.de\/wp-content\/uploads\/2024\/09\/L1000325.png\",\"width\":9520,\"height\":4188,\"caption\":\"Training\"},{\"@type\":\"BreadcrumbList\",\"@id\":\"https:\/\/smart-pr.de\/de\/leistungen\/training\/#breadcrumb\",\"itemListElement\":[{\"@type\":\"ListItem\",\"position\":1,\"name\":\"Startseite\",\"item\":\"https:\/\/smart-pr.de\/de\/\"},{\"@type\":\"ListItem\",\"position\":2,\"name\":\"Leistungen\",\"item\":\"https:\/\/smart-pr.de\/de\/leistungen\/\"},{\"@type\":\"ListItem\",\"position\":3,\"name\":\"Training\"}]},{\"@type\":\"WebSite\",\"@id\":\"https:\/\/smart-pr.de\/de\/#website\",\"url\":\"https:\/\/smart-pr.de\/de\/\",\"name\":\"SMART PR \/\/ Ihre PR-Agentur in D\u00fcsseldorf\",\"description\":\"F\u00fcr ganzheitliche Kommunikation\",\"publisher\":{\"@id\":\"https:\/\/smart-pr.de\/de\/#organization\"},\"potentialAction\":[{\"@type\":\"SearchAction\",\"target\":{\"@type\":\"EntryPoint\",\"urlTemplate\":\"https:\/\/smart-pr.de\/de\/?s={search_term_string}\"},\"query-input\":{\"@type\":\"PropertyValueSpecification\",\"valueRequired\":true,\"valueName\":\"search_term_string\"}}],\"inLanguage\":\"de\"},{\"@type\":\"Organization\",\"@id\":\"https:\/\/smart-pr.de\/de\/#organization\",\"name\":\"SMART PR \/\/ Ihre PR-Agentur in D\u00fcsseldorf\",\"url\":\"https:\/\/smart-pr.de\/de\/\",\"logo\":{\"@type\":\"ImageObject\",\"inLanguage\":\"de\",\"@id\":\"https:\/\/smart-pr.de\/de\/#\/schema\/logo\/image\/\",\"url\":\"https:\/\/smart-pr.de\/wp-content\/uploads\/2024\/08\/smart-pr-logo-2.png\",\"contentUrl\":\"https:\/\/smart-pr.de\/wp-content\/uploads\/2024\/08\/smart-pr-logo-2.png\",\"width\":1800,\"height\":282,\"caption\":\"SMART PR \/\/ Ihre PR-Agentur in D\u00fcsseldorf\"},\"image\":{\"@id\":\"https:\/\/smart-pr.de\/de\/#\/schema\/logo\/image\/\"}}]}<\/script>\n<!-- \/ Yoast SEO plugin. -->","yoast_head_json":{"title":"Training - SMART PR \/\/ Ihre PR-Agentur in D\u00fcsseldorf","description":"SMART PR bietet ma\u00dfgeschneiderte Trainings f\u00fcr PR, Social Media & Content Marketing. Lernen Sie von Experten f\u00fcr Ihren Erfolg.","robots":{"index":"index","follow":"follow","max-snippet":"max-snippet:-1","max-image-preview":"max-image-preview:large","max-video-preview":"max-video-preview:-1"},"canonical":"https:\/\/smart-pr.de\/de\/leistungen\/training\/","og_locale":"de_DE","og_type":"article","og_title":"Training - SMART PR \/\/ Ihre PR-Agentur in D\u00fcsseldorf","og_description":"SMART PR bietet ma\u00dfgeschneiderte Trainings f\u00fcr PR, Social Media & Content Marketing. Lernen Sie von Experten f\u00fcr Ihren Erfolg.","og_url":"https:\/\/smart-pr.de\/de\/leistungen\/training\/","og_site_name":"SMART PR \/\/ Ihre PR-Agentur in D\u00fcsseldorf","article_modified_time":"2026-01-28T11:26:24+00:00","og_image":[{"width":1024,"height":450,"url":"https:\/\/smart-pr.de\/wp-content\/uploads\/2024\/09\/L1000325-1024x450.png","type":"image\/png"}],"twitter_card":"summary_large_image","twitter_misc":{"Gesch\u00e4tzte Lesezeit":"4\u00a0Minuten"},"schema":{"@context":"https:\/\/schema.org","@graph":[{"@type":"WebPage","@id":"https:\/\/smart-pr.de\/de\/leistungen\/training\/","url":"https:\/\/smart-pr.de\/de\/leistungen\/training\/","name":"Training - SMART PR \/\/ Ihre PR-Agentur in D\u00fcsseldorf","isPartOf":{"@id":"https:\/\/smart-pr.de\/de\/#website"},"primaryImageOfPage":{"@id":"https:\/\/smart-pr.de\/de\/leistungen\/training\/#primaryimage"},"image":{"@id":"https:\/\/smart-pr.de\/de\/leistungen\/training\/#primaryimage"},"thumbnailUrl":"https:\/\/smart-pr.de\/wp-content\/uploads\/2024\/09\/L1000325.png","datePublished":"2024-09-09T08:38:56+00:00","dateModified":"2026-01-28T11:26:24+00:00","description":"SMART PR bietet ma\u00dfgeschneiderte Trainings f\u00fcr PR, Social Media & Content Marketing. Lernen Sie von Experten f\u00fcr Ihren Erfolg.","breadcrumb":{"@id":"https:\/\/smart-pr.de\/de\/leistungen\/training\/#breadcrumb"},"inLanguage":"de","potentialAction":[{"@type":"ReadAction","target":["https:\/\/smart-pr.de\/de\/leistungen\/training\/"]}]},{"@type":"ImageObject","inLanguage":"de","@id":"https:\/\/smart-pr.de\/de\/leistungen\/training\/#primaryimage","url":"https:\/\/smart-pr.de\/wp-content\/uploads\/2024\/09\/L1000325.png","contentUrl":"https:\/\/smart-pr.de\/wp-content\/uploads\/2024\/09\/L1000325.png","width":9520,"height":4188,"caption":"Training"},{"@type":"BreadcrumbList","@id":"https:\/\/smart-pr.de\/de\/leistungen\/training\/#breadcrumb","itemListElement":[{"@type":"ListItem","position":1,"name":"Startseite","item":"https:\/\/smart-pr.de\/de\/"},{"@type":"ListItem","position":2,"name":"Leistungen","item":"https:\/\/smart-pr.de\/de\/leistungen\/"},{"@type":"ListItem","position":3,"name":"Training"}]},{"@type":"WebSite","@id":"https:\/\/smart-pr.de\/de\/#website","url":"https:\/\/smart-pr.de\/de\/","name":"SMART PR \/\/ Ihre PR-Agentur in D\u00fcsseldorf","description":"F\u00fcr ganzheitliche Kommunikation","publisher":{"@id":"https:\/\/smart-pr.de\/de\/#organization"},"potentialAction":[{"@type":"SearchAction","target":{"@type":"EntryPoint","urlTemplate":"https:\/\/smart-pr.de\/de\/?s={search_term_string}"},"query-input":{"@type":"PropertyValueSpecification","valueRequired":true,"valueName":"search_term_string"}}],"inLanguage":"de"},{"@type":"Organization","@id":"https:\/\/smart-pr.de\/de\/#organization","name":"SMART PR \/\/ Ihre PR-Agentur in D\u00fcsseldorf","url":"https:\/\/smart-pr.de\/de\/","logo":{"@type":"ImageObject","inLanguage":"de","@id":"https:\/\/smart-pr.de\/de\/#\/schema\/logo\/image\/","url":"https:\/\/smart-pr.de\/wp-content\/uploads\/2024\/08\/smart-pr-logo-2.png","contentUrl":"https:\/\/smart-pr.de\/wp-content\/uploads\/2024\/08\/smart-pr-logo-2.png","width":1800,"height":282,"caption":"SMART PR \/\/ Ihre PR-Agentur in D\u00fcsseldorf"},"image":{"@id":"https:\/\/smart-pr.de\/de\/#\/schema\/logo\/image\/"}}]}},"_links":{"self":[{"href":"https:\/\/smart-pr.de\/de\/wp-json\/wp\/v2\/pages\/2288","targetHints":{"allow":["GET"]}}],"collection":[{"href":"https:\/\/smart-pr.de\/de\/wp-json\/wp\/v2\/pages"}],"about":[{"href":"https:\/\/smart-pr.de\/de\/wp-json\/wp\/v2\/types\/page"}],"author":[{"embeddable":true,"href":"https:\/\/smart-pr.de\/de\/wp-json\/wp\/v2\/users\/2"}],"replies":[{"embeddable":true,"href":"https:\/\/smart-pr.de\/de\/wp-json\/wp\/v2\/comments?post=2288"}],"version-history":[{"count":80,"href":"https:\/\/smart-pr.de\/de\/wp-json\/wp\/v2\/pages\/2288\/revisions"}],"predecessor-version":[{"id":10842,"href":"https:\/\/smart-pr.de\/de\/wp-json\/wp\/v2\/pages\/2288\/revisions\/10842"}],"up":[{"embeddable":true,"href":"https:\/\/smart-pr.de\/de\/wp-json\/wp\/v2\/pages\/28"}],"wp:featuredmedia":[{"embeddable":true,"href":"https:\/\/smart-pr.de\/de\/wp-json\/wp\/v2\/media\/2270"}],"wp:attachment":[{"href":"https:\/\/smart-pr.de\/de\/wp-json\/wp\/v2\/media?parent=2288"}],"curies":[{"name":"wp","href":"https:\/\/api.w.org\/{rel}","templated":true}]}}