{"id":2186,"date":"2024-09-05T09:23:12","date_gmt":"2024-09-05T09:23:12","guid":{"rendered":"https:\/\/entwicklungsumgebung6729.live-website.com\/?page_id=2186"},"modified":"2026-01-28T11:24:50","modified_gmt":"2026-01-28T11:24:50","slug":"youtube-fuer-unternehmen","status":"publish","type":"page","link":"https:\/\/smart-pr.de\/de\/leistungen\/social-media-services\/youtube\/youtube-fuer-unternehmen\/","title":{"rendered":"YouTube f\u00fcr Unternehmen"},"content":{"rendered":"<div class=\"wpb-content-wrapper\"><p>[vc_row full_width=&#8220;stretch_row_content_no_spaces&#8220; css=&#8220;.vc_custom_1730059831189{margin-top: -30px !important;}&#8220;][vc_column][vc_single_image image=&#8220;10374&#8243; img_size=&#8220;full&#8220; alignment=&#8220;center&#8220; css=&#8220;&#8220;][\/vc_column][\/vc_row][vc_row][vc_column width=&#8220;1\/6&#8243;][\/vc_column][vc_column width=&#8220;2\/3&#8243;][vc_column_text css=&#8220;&#8220;]<\/p>\n<h1><strong><span class=\"TextRun Underlined UnderlinedGateOff SCXW55487357 BCX8\" lang=\"DE-DE\" xml:lang=\"DE-DE\" data-contrast=\"none\"><span class=\"NormalTextRun SCXW55487357 BCX8\">YouTube f\u00fcr Unternehmen: Das essenzielle Marketinginstrument<\/span><\/span><\/strong><\/h1>\n<p>[\/vc_column_text][vc_column_text css=&#8220;&#8220;]<span data-contrast=\"none\">YouTube ist eine zentrale Plattform f\u00fcr Unternehmen, die auf kreative Weise mit ihren Zielgruppen kommunizieren m\u00f6chten. Mit mehr als\u202f<\/span><b><span data-contrast=\"none\">2 Milliarden Nutzern<\/span><\/b><span data-contrast=\"none\">\u202fweltweit bietet YouTube die M\u00f6glichkeit, verschiedene Zielgruppen durch visuell ansprechende Inhalte direkt zu erreichen und so eine tiefere Kundenbindung aufzubauen.<\/span><span data-ccp-props=\"{&quot;134233117&quot;:true,&quot;134233118&quot;:true}\">\u00a0<\/span><\/p>\n<h2><b><span data-contrast=\"none\">Vorteile von YouTube f\u00fcr Unternehmen<\/span><\/b><span data-ccp-props=\"{&quot;134233117&quot;:true,&quot;134233118&quot;:true}\">\u00a0<\/span><\/h2>\n<ol>\n<li data-leveltext=\"%1.\" data-font=\"Arial,Times New Roman\" data-listid=\"11\" data-list-defn-props=\"{&quot;335552541&quot;:0,&quot;335559685&quot;:720,&quot;335559991&quot;:360,&quot;469769242&quot;:[65533,0],&quot;469777803&quot;:&quot;left&quot;,&quot;469777804&quot;:&quot;%1.&quot;,&quot;469777815&quot;:&quot;multilevel&quot;}\" aria-setsize=\"-1\" data-aria-posinset=\"1\" data-aria-level=\"1\"><b><span data-contrast=\"none\">Breite Reichweite<\/span><\/b><span data-contrast=\"none\">: YouTube erreicht Nutzer aller Altersgruppen und Interessen \u2013 ein unsch\u00e4tzbares Werkzeug, um weltweit Millionen potenzieller Kunden zu erreichen.<\/span><span data-ccp-props=\"{&quot;134233117&quot;:true,&quot;134233118&quot;:true}\">\u00a0<\/span><\/li>\n<\/ol>\n<ol>\n<li data-leveltext=\"%1.\" data-font=\"Arial,Times New Roman\" data-listid=\"11\" data-list-defn-props=\"{&quot;335552541&quot;:0,&quot;335559685&quot;:720,&quot;335559991&quot;:360,&quot;469769242&quot;:[65533,0],&quot;469777803&quot;:&quot;left&quot;,&quot;469777804&quot;:&quot;%1.&quot;,&quot;469777815&quot;:&quot;multilevel&quot;}\" aria-setsize=\"-1\" data-aria-posinset=\"2\" data-aria-level=\"1\"><b><span data-contrast=\"none\">Emotionales Storytelling<\/span><\/b><span data-contrast=\"none\">: Videos sind das perfekte Medium, um emotionale Geschichten zu erz\u00e4hlen, die das Vertrauen in Ihre Marke st\u00e4rken und die Kundenbindung intensivieren.<\/span><span data-ccp-props=\"{&quot;134233117&quot;:true,&quot;134233118&quot;:true}\">\u00a0<\/span><\/li>\n<\/ol>\n<ol>\n<li data-leveltext=\"%1.\" data-font=\"Arial,Times New Roman\" data-listid=\"11\" data-list-defn-props=\"{&quot;335552541&quot;:0,&quot;335559685&quot;:720,&quot;335559991&quot;:360,&quot;469769242&quot;:[65533,0],&quot;469777803&quot;:&quot;left&quot;,&quot;469777804&quot;:&quot;%1.&quot;,&quot;469777815&quot;:&quot;multilevel&quot;}\" aria-setsize=\"-1\" data-aria-posinset=\"3\" data-aria-level=\"1\"><b><span data-contrast=\"none\">Suchmaschinenoptimierung (SEO)<\/span><\/b><span data-contrast=\"none\">: YouTube-Videos erscheinen oft in Google-Suchergebnissen und tragen zur besseren Auffindbarkeit Ihrer Marke bei.<\/span><span data-ccp-props=\"{&quot;134233117&quot;:true,&quot;134233118&quot;:true}\">\u00a0<\/span><\/li>\n<\/ol>\n<ol>\n<li data-leveltext=\"%1.\" data-font=\"Arial,Times New Roman\" data-listid=\"11\" data-list-defn-props=\"{&quot;335552541&quot;:0,&quot;335559685&quot;:720,&quot;335559991&quot;:360,&quot;469769242&quot;:[65533,0],&quot;469777803&quot;:&quot;left&quot;,&quot;469777804&quot;:&quot;%1.&quot;,&quot;469777815&quot;:&quot;multilevel&quot;}\" aria-setsize=\"-1\" data-aria-posinset=\"4\" data-aria-level=\"1\"><b><span data-contrast=\"none\">Kosteneffiziente Werbung<\/span><\/b><span data-contrast=\"none\">: Durch gezieltes Anzeigen-Targeting k\u00f6nnen Sie Ihr Werbebudget effizient einsetzen und nur Personen ansprechen, die sich f\u00fcr Ihre Produkte oder Dienstleistungen interessieren.<\/span><span data-ccp-props=\"{&quot;134233117&quot;:true,&quot;134233118&quot;:true}\">\u00a0<\/span><\/li>\n<\/ol>\n<ol>\n<li data-leveltext=\"%1.\" data-font=\"Arial,Times New Roman\" data-listid=\"11\" data-list-defn-props=\"{&quot;335552541&quot;:0,&quot;335559685&quot;:720,&quot;335559991&quot;:360,&quot;469769242&quot;:[65533,0],&quot;469777803&quot;:&quot;left&quot;,&quot;469777804&quot;:&quot;%1.&quot;,&quot;469777815&quot;:&quot;multilevel&quot;}\" aria-setsize=\"-1\" data-aria-posinset=\"5\" data-aria-level=\"1\"><b><span data-contrast=\"none\">Vielf\u00e4ltige Content-Formate<\/span><\/b><span data-contrast=\"none\">: Nutzen Sie die Flexibilit\u00e4t der Plattform \u2013 von Tutorials \u00fcber Produktdemos bis hin zu Live-Streams, um Ihre Botschaft optimal zu pr\u00e4sentieren.<\/span><span data-ccp-props=\"{&quot;134233117&quot;:true,&quot;134233118&quot;:true}\">\u00a0<\/span><\/li>\n<\/ol>\n<ol>\n<li data-leveltext=\"%1.\" data-font=\"Arial,Times New Roman\" data-listid=\"11\" data-list-defn-props=\"{&quot;335552541&quot;:0,&quot;335559685&quot;:720,&quot;335559991&quot;:360,&quot;469769242&quot;:[65533,0],&quot;469777803&quot;:&quot;left&quot;,&quot;469777804&quot;:&quot;%1.&quot;,&quot;469777815&quot;:&quot;multilevel&quot;}\" aria-setsize=\"-1\" data-aria-posinset=\"6\" data-aria-level=\"1\"><b><span data-contrast=\"none\">Datenbasierte Optimierung<\/span><\/b><span data-contrast=\"none\">: Mit\u202f<\/span><b><span data-contrast=\"none\">YouTube Analytics<\/span><\/b><span data-contrast=\"none\">\u202fk\u00f6nnen Sie die Performance Ihrer Videos genau verfolgen und Ihre Kampagnen basierend auf Zuschauerbindung und Klickverhalten kontinuierlich verbessern.<\/span><span data-ccp-props=\"{&quot;134233117&quot;:true,&quot;134233118&quot;:true}\">\u00a0<\/span><\/li>\n<\/ol>\n<h2><b><span data-contrast=\"none\">Fazit<\/span><\/b><span data-ccp-props=\"{&quot;134233117&quot;:true,&quot;134233118&quot;:true}\">\u00a0<\/span><\/h2>\n<p><span data-contrast=\"none\">F\u00fcr Unternehmen ist YouTube der Schl\u00fcssel zu einer erfolgreichen Marketingstrategie, da es die direkte Kundenansprache und kreatives Engagement erm\u00f6glicht. Nutzen Sie diese Plattform, um Ihre Marke zu st\u00e4rken und langfristigen Erfolg zu sichern.<\/span><span data-ccp-props=\"{&quot;134233117&quot;:true,&quot;134233118&quot;:true}\">\u00a0<\/span>[\/vc_column_text][\/vc_column][vc_column width=&#8220;1\/6&#8243;][\/vc_column][\/vc_row]<\/p>\n<\/div>","protected":false},"excerpt":{"rendered":"[vc_row full_width=\"stretch_row_content_no_spaces\" css=\".vc_custom_1730059831189{margin-top: -30px !important;}\"][vc_column][vc_single_image image=\"10374\" img_size=\"full\" alignment=\"center\" css=\"\"][\/vc_column][\/vc_row][vc_row][vc_column width=\"1\/6\"][\/vc_column][vc_column width=\"2\/3\"][vc_column_text css=\"\"] YouTube f\u00fcr Unternehmen:<span class=\"excerpt-hellip\"> [\u2026]<\/span>","protected":false},"author":2,"featured_media":0,"parent":1965,"menu_order":0,"comment_status":"closed","ping_status":"closed","template":"","meta":{"footnotes":""},"class_list":["post-2186","page","type-page","status-publish","hentry"],"yoast_head":"<!-- This site is optimized with the Yoast SEO plugin v25.6 - https:\/\/yoast.com\/wordpress\/plugins\/seo\/ -->\n<title>YouTube f\u00fcr Unternehmen: Mehr Sichtbarkeit &amp; Engagement<\/title>\n<meta name=\"description\" content=\"Nutzen Sie YouTube strategisch f\u00fcr Ihr Unternehmen. SMART PR entwickelt Video-Marketing-Konzepte f\u00fcr mehr Sichtbarkeit und Reichweite.\" \/>\n<meta name=\"robots\" content=\"index, follow, max-snippet:-1, max-image-preview:large, max-video-preview:-1\" \/>\n<link rel=\"canonical\" href=\"https:\/\/smart-pr.de\/de\/leistungen\/social-media-services\/youtube\/youtube-fuer-unternehmen\/\" \/>\n<meta property=\"og:locale\" content=\"de_DE\" \/>\n<meta property=\"og:type\" content=\"article\" \/>\n<meta property=\"og:title\" content=\"YouTube f\u00fcr Unternehmen: Mehr Sichtbarkeit &amp; Engagement\" \/>\n<meta property=\"og:description\" content=\"Nutzen Sie YouTube strategisch f\u00fcr Ihr Unternehmen. SMART PR entwickelt Video-Marketing-Konzepte f\u00fcr mehr Sichtbarkeit und Reichweite.\" \/>\n<meta property=\"og:url\" content=\"https:\/\/smart-pr.de\/de\/leistungen\/social-media-services\/youtube\/youtube-fuer-unternehmen\/\" \/>\n<meta property=\"og:site_name\" content=\"SMART PR \/\/ Ihre PR-Agentur in D\u00fcsseldorf\" \/>\n<meta property=\"article:modified_time\" content=\"2026-01-28T11:24:50+00:00\" \/>\n<meta name=\"twitter:card\" content=\"summary_large_image\" \/>\n<meta name=\"twitter:label1\" content=\"Gesch\u00e4tzte Lesezeit\" \/>\n\t<meta name=\"twitter:data1\" content=\"2\u00a0Minuten\" \/>\n<script type=\"application\/ld+json\" class=\"yoast-schema-graph\">{\"@context\":\"https:\/\/schema.org\",\"@graph\":[{\"@type\":\"WebPage\",\"@id\":\"https:\/\/smart-pr.de\/de\/leistungen\/social-media-services\/youtube\/youtube-fuer-unternehmen\/\",\"url\":\"https:\/\/smart-pr.de\/de\/leistungen\/social-media-services\/youtube\/youtube-fuer-unternehmen\/\",\"name\":\"YouTube f\u00fcr Unternehmen: Mehr Sichtbarkeit & Engagement\",\"isPartOf\":{\"@id\":\"https:\/\/smart-pr.de\/de\/#website\"},\"datePublished\":\"2024-09-05T09:23:12+00:00\",\"dateModified\":\"2026-01-28T11:24:50+00:00\",\"description\":\"Nutzen Sie YouTube strategisch f\u00fcr Ihr Unternehmen. SMART PR entwickelt Video-Marketing-Konzepte f\u00fcr mehr Sichtbarkeit und Reichweite.\",\"breadcrumb\":{\"@id\":\"https:\/\/smart-pr.de\/de\/leistungen\/social-media-services\/youtube\/youtube-fuer-unternehmen\/#breadcrumb\"},\"inLanguage\":\"de\",\"potentialAction\":[{\"@type\":\"ReadAction\",\"target\":[\"https:\/\/smart-pr.de\/de\/leistungen\/social-media-services\/youtube\/youtube-fuer-unternehmen\/\"]}]},{\"@type\":\"BreadcrumbList\",\"@id\":\"https:\/\/smart-pr.de\/de\/leistungen\/social-media-services\/youtube\/youtube-fuer-unternehmen\/#breadcrumb\",\"itemListElement\":[{\"@type\":\"ListItem\",\"position\":1,\"name\":\"Startseite\",\"item\":\"https:\/\/smart-pr.de\/de\/\"},{\"@type\":\"ListItem\",\"position\":2,\"name\":\"Leistungen\",\"item\":\"https:\/\/smart-pr.de\/de\/leistungen\/\"},{\"@type\":\"ListItem\",\"position\":3,\"name\":\"Social Media Services\",\"item\":\"https:\/\/smart-pr.de\/de\/leistungen\/social-media-services\/\"},{\"@type\":\"ListItem\",\"position\":4,\"name\":\"Youtube\",\"item\":\"https:\/\/smart-pr.de\/de\/leistungen\/social-media-services\/youtube\/\"},{\"@type\":\"ListItem\",\"position\":5,\"name\":\"YouTube f\u00fcr Unternehmen\"}]},{\"@type\":\"WebSite\",\"@id\":\"https:\/\/smart-pr.de\/de\/#website\",\"url\":\"https:\/\/smart-pr.de\/de\/\",\"name\":\"SMART PR \/\/ Ihre PR-Agentur in D\u00fcsseldorf\",\"description\":\"F\u00fcr ganzheitliche Kommunikation\",\"publisher\":{\"@id\":\"https:\/\/smart-pr.de\/de\/#organization\"},\"potentialAction\":[{\"@type\":\"SearchAction\",\"target\":{\"@type\":\"EntryPoint\",\"urlTemplate\":\"https:\/\/smart-pr.de\/de\/?s={search_term_string}\"},\"query-input\":{\"@type\":\"PropertyValueSpecification\",\"valueRequired\":true,\"valueName\":\"search_term_string\"}}],\"inLanguage\":\"de\"},{\"@type\":\"Organization\",\"@id\":\"https:\/\/smart-pr.de\/de\/#organization\",\"name\":\"SMART PR \/\/ Ihre PR-Agentur in D\u00fcsseldorf\",\"url\":\"https:\/\/smart-pr.de\/de\/\",\"logo\":{\"@type\":\"ImageObject\",\"inLanguage\":\"de\",\"@id\":\"https:\/\/smart-pr.de\/de\/#\/schema\/logo\/image\/\",\"url\":\"https:\/\/smart-pr.de\/wp-content\/uploads\/2024\/08\/smart-pr-logo-2.png\",\"contentUrl\":\"https:\/\/smart-pr.de\/wp-content\/uploads\/2024\/08\/smart-pr-logo-2.png\",\"width\":1800,\"height\":282,\"caption\":\"SMART PR \/\/ Ihre PR-Agentur in D\u00fcsseldorf\"},\"image\":{\"@id\":\"https:\/\/smart-pr.de\/de\/#\/schema\/logo\/image\/\"}}]}<\/script>\n<!-- \/ Yoast SEO plugin. -->","yoast_head_json":{"title":"YouTube f\u00fcr Unternehmen: Mehr Sichtbarkeit & Engagement","description":"Nutzen Sie YouTube strategisch f\u00fcr Ihr Unternehmen. SMART PR entwickelt Video-Marketing-Konzepte f\u00fcr mehr Sichtbarkeit und Reichweite.","robots":{"index":"index","follow":"follow","max-snippet":"max-snippet:-1","max-image-preview":"max-image-preview:large","max-video-preview":"max-video-preview:-1"},"canonical":"https:\/\/smart-pr.de\/de\/leistungen\/social-media-services\/youtube\/youtube-fuer-unternehmen\/","og_locale":"de_DE","og_type":"article","og_title":"YouTube f\u00fcr Unternehmen: Mehr Sichtbarkeit & Engagement","og_description":"Nutzen Sie YouTube strategisch f\u00fcr Ihr Unternehmen. SMART PR entwickelt Video-Marketing-Konzepte f\u00fcr mehr Sichtbarkeit und Reichweite.","og_url":"https:\/\/smart-pr.de\/de\/leistungen\/social-media-services\/youtube\/youtube-fuer-unternehmen\/","og_site_name":"SMART PR \/\/ Ihre PR-Agentur in D\u00fcsseldorf","article_modified_time":"2026-01-28T11:24:50+00:00","twitter_card":"summary_large_image","twitter_misc":{"Gesch\u00e4tzte Lesezeit":"2\u00a0Minuten"},"schema":{"@context":"https:\/\/schema.org","@graph":[{"@type":"WebPage","@id":"https:\/\/smart-pr.de\/de\/leistungen\/social-media-services\/youtube\/youtube-fuer-unternehmen\/","url":"https:\/\/smart-pr.de\/de\/leistungen\/social-media-services\/youtube\/youtube-fuer-unternehmen\/","name":"YouTube f\u00fcr Unternehmen: Mehr Sichtbarkeit & Engagement","isPartOf":{"@id":"https:\/\/smart-pr.de\/de\/#website"},"datePublished":"2024-09-05T09:23:12+00:00","dateModified":"2026-01-28T11:24:50+00:00","description":"Nutzen Sie YouTube strategisch f\u00fcr Ihr Unternehmen. SMART PR entwickelt Video-Marketing-Konzepte f\u00fcr mehr Sichtbarkeit und Reichweite.","breadcrumb":{"@id":"https:\/\/smart-pr.de\/de\/leistungen\/social-media-services\/youtube\/youtube-fuer-unternehmen\/#breadcrumb"},"inLanguage":"de","potentialAction":[{"@type":"ReadAction","target":["https:\/\/smart-pr.de\/de\/leistungen\/social-media-services\/youtube\/youtube-fuer-unternehmen\/"]}]},{"@type":"BreadcrumbList","@id":"https:\/\/smart-pr.de\/de\/leistungen\/social-media-services\/youtube\/youtube-fuer-unternehmen\/#breadcrumb","itemListElement":[{"@type":"ListItem","position":1,"name":"Startseite","item":"https:\/\/smart-pr.de\/de\/"},{"@type":"ListItem","position":2,"name":"Leistungen","item":"https:\/\/smart-pr.de\/de\/leistungen\/"},{"@type":"ListItem","position":3,"name":"Social Media Services","item":"https:\/\/smart-pr.de\/de\/leistungen\/social-media-services\/"},{"@type":"ListItem","position":4,"name":"Youtube","item":"https:\/\/smart-pr.de\/de\/leistungen\/social-media-services\/youtube\/"},{"@type":"ListItem","position":5,"name":"YouTube f\u00fcr Unternehmen"}]},{"@type":"WebSite","@id":"https:\/\/smart-pr.de\/de\/#website","url":"https:\/\/smart-pr.de\/de\/","name":"SMART PR \/\/ Ihre PR-Agentur in D\u00fcsseldorf","description":"F\u00fcr ganzheitliche Kommunikation","publisher":{"@id":"https:\/\/smart-pr.de\/de\/#organization"},"potentialAction":[{"@type":"SearchAction","target":{"@type":"EntryPoint","urlTemplate":"https:\/\/smart-pr.de\/de\/?s={search_term_string}"},"query-input":{"@type":"PropertyValueSpecification","valueRequired":true,"valueName":"search_term_string"}}],"inLanguage":"de"},{"@type":"Organization","@id":"https:\/\/smart-pr.de\/de\/#organization","name":"SMART PR \/\/ Ihre PR-Agentur in D\u00fcsseldorf","url":"https:\/\/smart-pr.de\/de\/","logo":{"@type":"ImageObject","inLanguage":"de","@id":"https:\/\/smart-pr.de\/de\/#\/schema\/logo\/image\/","url":"https:\/\/smart-pr.de\/wp-content\/uploads\/2024\/08\/smart-pr-logo-2.png","contentUrl":"https:\/\/smart-pr.de\/wp-content\/uploads\/2024\/08\/smart-pr-logo-2.png","width":1800,"height":282,"caption":"SMART PR \/\/ Ihre PR-Agentur in D\u00fcsseldorf"},"image":{"@id":"https:\/\/smart-pr.de\/de\/#\/schema\/logo\/image\/"}}]}},"_links":{"self":[{"href":"https:\/\/smart-pr.de\/de\/wp-json\/wp\/v2\/pages\/2186","targetHints":{"allow":["GET"]}}],"collection":[{"href":"https:\/\/smart-pr.de\/de\/wp-json\/wp\/v2\/pages"}],"about":[{"href":"https:\/\/smart-pr.de\/de\/wp-json\/wp\/v2\/types\/page"}],"author":[{"embeddable":true,"href":"https:\/\/smart-pr.de\/de\/wp-json\/wp\/v2\/users\/2"}],"replies":[{"embeddable":true,"href":"https:\/\/smart-pr.de\/de\/wp-json\/wp\/v2\/comments?post=2186"}],"version-history":[{"count":5,"href":"https:\/\/smart-pr.de\/de\/wp-json\/wp\/v2\/pages\/2186\/revisions"}],"predecessor-version":[{"id":10376,"href":"https:\/\/smart-pr.de\/de\/wp-json\/wp\/v2\/pages\/2186\/revisions\/10376"}],"up":[{"embeddable":true,"href":"https:\/\/smart-pr.de\/de\/wp-json\/wp\/v2\/pages\/1965"}],"wp:attachment":[{"href":"https:\/\/smart-pr.de\/de\/wp-json\/wp\/v2\/media?parent=2186"}],"curies":[{"name":"wp","href":"https:\/\/api.w.org\/{rel}","templated":true}]}}