{"id":2184,"date":"2024-09-05T09:23:03","date_gmt":"2024-09-05T09:23:03","guid":{"rendered":"https:\/\/entwicklungsumgebung6729.live-website.com\/?page_id=2184"},"modified":"2026-01-28T11:25:56","modified_gmt":"2026-01-28T11:25:56","slug":"youtube-agentur","status":"publish","type":"page","link":"https:\/\/smart-pr.de\/de\/leistungen\/social-media-services\/youtube\/youtube-agentur\/","title":{"rendered":"YouTube Agentur"},"content":{"rendered":"<div class=\"wpb-content-wrapper\"><p>[vc_row full_width=&#8220;stretch_row_content_no_spaces&#8220; css=&#8220;.vc_custom_1730059831189{margin-top: -30px !important;}&#8220;][vc_column][vc_single_image image=&#8220;8345&#8243; img_size=&#8220;full&#8220; alignment=&#8220;center&#8220; css=&#8220;&#8220;][\/vc_column][\/vc_row][vc_row][vc_column width=&#8220;1\/6&#8243;][\/vc_column][vc_column width=&#8220;2\/3&#8243;][vc_column_text css=&#8220;&#8220;]<\/p>\n<h1><strong><span class=\"TextRun SCXW253333638 BCX8\" lang=\"DE-DE\" xml:lang=\"DE-DE\" data-contrast=\"none\"><span class=\"NormalTextRun SCXW253333638 BCX8\" data-ccp-charstyle=\"Strong\">YouTube Agentur: Ihr Partner f\u00fcr strategische Video-Kampagnen<\/span><\/span><\/strong><\/h1>\n<p>[\/vc_column_text][vc_column_text css=&#8220;&#8220;]<span data-contrast=\"none\">Als erfahrene\u202f<\/span><b><span data-contrast=\"none\">YouTube Agentur<\/span><\/b><span data-contrast=\"none\">\u202funterst\u00fctzen wir Unternehmen dabei, das volle Potenzial der Plattform auszusch\u00f6pfen. Von der\u202f<\/span><b><span data-contrast=\"none\">strategischen Kanalentwicklung<\/span><\/b><span data-contrast=\"none\">\u202fbis zur\u202f<\/span><b><span data-contrast=\"none\">Produktion hochwertiger Videos<\/span><\/b><span data-contrast=\"none\">\u202fund der laufenden Optimierung von\u202f<\/span><b><span data-contrast=\"none\">YouTube Ads<\/span><\/b><span data-contrast=\"none\">\u202f\u2013 wir sorgen daf\u00fcr, dass Ihre Marke auf YouTube erfolgreich pr\u00e4sent ist.<\/span><span data-ccp-props=\"{&quot;134233117&quot;:true,&quot;134233118&quot;:true}\">\u00a0<\/span><\/p>\n<p><b><span data-contrast=\"none\">Was wir als YouTube Agentur bieten:<\/span><\/b><span data-ccp-props=\"{&quot;134233117&quot;:true,&quot;134233118&quot;:true}\">\u00a0<\/span><\/p>\n<ol>\n<li><b><span data-contrast=\"none\"> Strategische YouTube-Kanalentwicklung<\/span><\/b><br \/>\n<span data-contrast=\"none\">Bevor Sie Ihre ersten Videos hochladen, entwickeln wir eine ma\u00dfgeschneiderte Strategie f\u00fcr Ihren YouTube-Kanal. Dazu geh\u00f6ren eine\u202f<\/span><b><span data-contrast=\"none\">detaillierte Zielgruppenanalyse<\/span><\/b><span data-contrast=\"none\">, eine\u202f<\/span><b><span data-contrast=\"none\">Wettbewerbsrecherche<\/span><\/b><span data-contrast=\"none\">\u202fund die\u202f<\/span><b><span data-contrast=\"none\">Inhaltsplanung<\/span><\/b><span data-contrast=\"none\">. Wir stellen sicher, dass Ihr Kanal nicht nur optisch ansprechend ist, sondern auch strategisch auf Ihre Unternehmensziele abgestimmt ist.<\/span><\/li>\n<li><b><span data-contrast=\"none\"> Videoproduktion und Content-Erstellung<\/span><\/b><br \/>\n<span data-contrast=\"none\">Unser Team produziert kreative und professionell gestaltete Videos, die Ihre Marke auf YouTube perfekt in Szene setzen. Ob\u202f<\/span><b><span data-contrast=\"none\">Produktvorstellungen<\/span><\/b><span data-contrast=\"none\">,\u202f<\/span><b><span data-contrast=\"none\">Tutorials<\/span><\/b><span data-contrast=\"none\">\u202foder\u202f<\/span><b><span data-contrast=\"none\">Imagefilme<\/span><\/b><span data-contrast=\"none\">\u202f\u2013 wir entwickeln Inhalte, die Ihre Zielgruppe ansprechen und begeistern.<\/span><\/li>\n<li><b><span data-contrast=\"none\"> Gezielte Youtube-Werbung<\/span><\/b><br \/>\n<span data-contrast=\"none\">Als erfahrene YouTube Agentur erstellen wir gezielte\u202f<\/span><b><span data-contrast=\"none\">YouTube Ads<\/span><\/b><span data-contrast=\"none\">-Kampagnen, die auf Ihre Zielgruppen zugeschnitten sind. Mit\u202f<\/span><b><span data-contrast=\"none\">TrueView Ads<\/span><\/b><span data-contrast=\"none\">,\u202f<\/span><b><span data-contrast=\"none\">Bumper Ads<\/span><\/b><span data-contrast=\"none\">\u202fund\u202f<\/span><b><span data-contrast=\"none\">Masthead Ads<\/span><\/b><span data-contrast=\"none\">\u202fsorgen wir daf\u00fcr, dass Ihre Botschaft genau dort ankommt, wo sie gebraucht wird. Durch detailliertes Targeting k\u00f6nnen wir demografische Merkmale, Interessen und geografische Standorte ber\u00fccksichtigen, um maximale Effizienz zu erreichen.<\/span><\/li>\n<li><b><span data-contrast=\"none\"> SEO und Video-Optimierung:<\/span><\/b><br \/>\n<span data-contrast=\"none\">Eine gute Sichtbarkeit ist entscheidend f\u00fcr den Erfolg auf YouTube. Daher optimieren wir alle Videos in Bezug auf\u202f<\/span><b><span data-contrast=\"none\">Titel<\/span><\/b><span data-contrast=\"none\">,\u202f<\/span><b><span data-contrast=\"none\">Beschreibungen<\/span><\/b><span data-contrast=\"none\">,\u202f<\/span><b><span data-contrast=\"none\">Tags<\/span><\/b><span data-contrast=\"none\">\u202fund\u202f<\/span><b><span data-contrast=\"none\">Thumbnails<\/span><\/b><span data-contrast=\"none\">, um die Reichweite zu maximieren und eine bessere Platzierung in den Google-Suchergebnissen zu erzielen. YouTube-SEO tr\u00e4gt wesentlich dazu bei, organische Reichweite aufzubauen und Ihre Inhalte sichtbarer zu machen.<\/span><\/li>\n<li><b><span data-contrast=\"none\"> Community Management und Engagement<\/span><\/b><br \/>\n<span data-contrast=\"none\">Eine aktive Community ist das Herzst\u00fcck eines erfolgreichen YouTube-Kanals. Wir \u00fcbernehmen das\u202f<\/span><b><span data-contrast=\"none\">Community-Management<\/span><\/b><span data-contrast=\"none\">, moderieren Kommentare und interagieren mit Ihren Followern. So st\u00e4rken wir die Bindung zu Ihren Zuschauern und schaffen ein Umfeld, das Ihre Marke positiv unterst\u00fctzt.<\/span><\/li>\n<li><b><span data-contrast=\"none\"> Performance-Tracking und Reporting<\/span><\/b><br \/>\n<span data-contrast=\"none\">Transparenz und Erfolgsmessung sind uns wichtig. Mit pr\u00e4zisen Analyse-Tools \u00fcberwachen wir die Leistung Ihrer Videos und Werbekampagnen. Anhand detaillierter\u202f<\/span><b><span data-contrast=\"none\">Leistungsberichte<\/span><\/b><span data-contrast=\"none\">\u202fgeben wir Ihnen Einblicke in\u202f<\/span><b><span data-contrast=\"none\">Views<\/span><\/b><span data-contrast=\"none\">,\u202f<\/span><b><span data-contrast=\"none\">Klicks<\/span><\/b><span data-contrast=\"none\">,\u202f<\/span><b><span data-contrast=\"none\">Verweildauer<\/span><\/b><span data-contrast=\"none\">\u202fund\u202f<\/span><b><span data-contrast=\"none\">Interaktionen<\/span><\/b><span data-contrast=\"none\">, damit wir Ihre Strategie fortlaufend optimieren k\u00f6nnen.<\/span><\/li>\n<\/ol>\n<p>[\/vc_column_text][\/vc_column][vc_column width=&#8220;1\/6&#8243;][\/vc_column][\/vc_row][vc_row full_width=&#8220;stretch_row_content_no_spaces&#8220; css=&#8220;.vc_custom_1731418235725{background-color: #ffd500 !important;}&#8220;][vc_column width=&#8220;1\/6&#8243;][\/vc_column][vc_column width=&#8220;2\/3&#8243;][vc_column_text css=&#8220;&#8220;]<\/p>\n<h3><b><span data-contrast=\"none\">Leistungen auf einen Blick:<\/span><\/b><span data-ccp-props=\"{&quot;134233117&quot;:true,&quot;134233118&quot;:true}\">\u00a0<\/span><\/h3>\n<ul>\n<li data-leveltext=\"\uf0b7\" data-font=\"Symbol\" data-listid=\"8\" data-list-defn-props=\"{&quot;335552541&quot;:1,&quot;335559685&quot;:720,&quot;335559991&quot;:360,&quot;469769226&quot;:&quot;Symbol&quot;,&quot;469769242&quot;:[8226],&quot;469777803&quot;:&quot;left&quot;,&quot;469777804&quot;:&quot;\uf0b7&quot;,&quot;469777815&quot;:&quot;multilevel&quot;}\" aria-setsize=\"-1\" data-aria-posinset=\"1\" data-aria-level=\"1\"><span data-contrast=\"none\">YouTube-Kanalstrategie und -Entwicklung<\/span><span data-ccp-props=\"{&quot;134233117&quot;:true,&quot;134233118&quot;:true}\">\u00a0<\/span><\/li>\n<\/ul>\n<ul>\n<li data-leveltext=\"\uf0b7\" data-font=\"Symbol\" data-listid=\"8\" data-list-defn-props=\"{&quot;335552541&quot;:1,&quot;335559685&quot;:720,&quot;335559991&quot;:360,&quot;469769226&quot;:&quot;Symbol&quot;,&quot;469769242&quot;:[8226],&quot;469777803&quot;:&quot;left&quot;,&quot;469777804&quot;:&quot;\uf0b7&quot;,&quot;469777815&quot;:&quot;multilevel&quot;}\" aria-setsize=\"-1\" data-aria-posinset=\"2\" data-aria-level=\"1\"><span data-contrast=\"none\">Professionelle Videoproduktion<\/span><span data-ccp-props=\"{&quot;134233117&quot;:true,&quot;134233118&quot;:true}\">\u00a0<\/span><\/li>\n<\/ul>\n<ul>\n<li data-leveltext=\"\uf0b7\" data-font=\"Symbol\" data-listid=\"8\" data-list-defn-props=\"{&quot;335552541&quot;:1,&quot;335559685&quot;:720,&quot;335559991&quot;:360,&quot;469769226&quot;:&quot;Symbol&quot;,&quot;469769242&quot;:[8226],&quot;469777803&quot;:&quot;left&quot;,&quot;469777804&quot;:&quot;\uf0b7&quot;,&quot;469777815&quot;:&quot;multilevel&quot;}\" aria-setsize=\"-1\" data-aria-posinset=\"3\" data-aria-level=\"1\"><span data-contrast=\"none\">YouTube Ads und gezielte Werbekampagnen<\/span><span data-ccp-props=\"{&quot;134233117&quot;:true,&quot;134233118&quot;:true}\">\u00a0<\/span><\/li>\n<\/ul>\n<ul>\n<li data-leveltext=\"\uf0b7\" data-font=\"Symbol\" data-listid=\"8\" data-list-defn-props=\"{&quot;335552541&quot;:1,&quot;335559685&quot;:720,&quot;335559991&quot;:360,&quot;469769226&quot;:&quot;Symbol&quot;,&quot;469769242&quot;:[8226],&quot;469777803&quot;:&quot;left&quot;,&quot;469777804&quot;:&quot;\uf0b7&quot;,&quot;469777815&quot;:&quot;multilevel&quot;}\" aria-setsize=\"-1\" data-aria-posinset=\"4\" data-aria-level=\"1\"><span data-contrast=\"none\">SEO-Optimierung f\u00fcr maximale Sichtbarkeit<\/span><span data-ccp-props=\"{&quot;134233117&quot;:true,&quot;134233118&quot;:true}\">\u00a0<\/span><\/li>\n<\/ul>\n<ul>\n<li data-leveltext=\"\uf0b7\" data-font=\"Symbol\" data-listid=\"8\" data-list-defn-props=\"{&quot;335552541&quot;:1,&quot;335559685&quot;:720,&quot;335559991&quot;:360,&quot;469769226&quot;:&quot;Symbol&quot;,&quot;469769242&quot;:[8226],&quot;469777803&quot;:&quot;left&quot;,&quot;469777804&quot;:&quot;\uf0b7&quot;,&quot;469777815&quot;:&quot;multilevel&quot;}\" aria-setsize=\"-1\" data-aria-posinset=\"5\" data-aria-level=\"1\"><span data-contrast=\"none\">Community Management und Engagement<\/span><span data-ccp-props=\"{&quot;134233117&quot;:true,&quot;134233118&quot;:true}\">\u00a0<\/span><\/li>\n<\/ul>\n<ul>\n<li data-leveltext=\"\uf0b7\" data-font=\"Symbol\" data-listid=\"8\" data-list-defn-props=\"{&quot;335552541&quot;:1,&quot;335559685&quot;:720,&quot;335559991&quot;:360,&quot;469769226&quot;:&quot;Symbol&quot;,&quot;469769242&quot;:[8226],&quot;469777803&quot;:&quot;left&quot;,&quot;469777804&quot;:&quot;\uf0b7&quot;,&quot;469777815&quot;:&quot;multilevel&quot;}\" aria-setsize=\"-1\" data-aria-posinset=\"6\" data-aria-level=\"1\"><span data-contrast=\"none\">Performance-Tracking und Reporting<\/span><span data-ccp-props=\"{&quot;134233117&quot;:true,&quot;134233118&quot;:true}\">\u00a0<\/span><\/li>\n<\/ul>\n<p>[\/vc_column_text][\/vc_column][vc_column width=&#8220;1\/6&#8243;][\/vc_column][\/vc_row][vc_row full_width=&#8220;stretch_row_content_no_spaces&#8220;][vc_column width=&#8220;1\/6&#8243;][\/vc_column][vc_column width=&#8220;2\/3&#8243;][vc_column_text css=&#8220;&#8220;]<\/p>\n<h2><b><span data-contrast=\"none\">Fazit<\/span><\/b><span data-ccp-props=\"{&quot;134233117&quot;:true,&quot;134233118&quot;:true}\">\u00a0<\/span><\/h2>\n<p><span data-contrast=\"none\">Mit uns als YouTube Agentur an Ihrer Seite k\u00f6nnen Sie sicherstellen, dass Ihre Marke optimal auf der weltweit gr\u00f6\u00dften Video-Plattform vertreten ist. Profitieren Sie von unserer Expertise und lassen Sie uns gemeinsam Ihre erfolgreiche YouTube-Strategie entwickeln.<\/span><\/p>\n<p><b>Starten Sie jetzt durch und nutzen Sie YouTube als Schl\u00fcssel zum Erfolg.<\/b>\u202fKontaktieren Sie uns, und wir entwickeln gemeinsam Ihre erfolgreiche YouTube-Strategie!<br \/>\n[\/vc_column_text][\/vc_column][vc_column width=&#8220;1\/6&#8243;][\/vc_column][\/vc_row]<\/p>\n<\/div>","protected":false},"excerpt":{"rendered":"[vc_row full_width=\"stretch_row_content_no_spaces\" css=\".vc_custom_1730059831189{margin-top: -30px !important;}\"][vc_column][vc_single_image image=\"8345\" img_size=\"full\" alignment=\"center\" css=\"\"][\/vc_column][\/vc_row][vc_row][vc_column width=\"1\/6\"][\/vc_column][vc_column width=\"2\/3\"][vc_column_text css=\"\"] YouTube Agentur: Ihr<span class=\"excerpt-hellip\"> [\u2026]<\/span>","protected":false},"author":2,"featured_media":0,"parent":1965,"menu_order":0,"comment_status":"closed","ping_status":"closed","template":"","meta":{"footnotes":""},"class_list":["post-2184","page","type-page","status-publish","hentry"],"yoast_head":"<!-- This site is optimized with the Yoast SEO plugin v25.6 - https:\/\/yoast.com\/wordpress\/plugins\/seo\/ -->\n<title>YouTube Agentur - SMART PR \/\/ Ihre PR-Agentur in D\u00fcsseldorf<\/title>\n<meta name=\"description\" content=\"SMART PR entwickelt YouTube-Strategien f\u00fcr mehr Reichweite und Engagement. Professionelles Video-Marketing f\u00fcr Ihre Marke.\" \/>\n<meta name=\"robots\" content=\"index, follow, max-snippet:-1, max-image-preview:large, max-video-preview:-1\" \/>\n<link rel=\"canonical\" href=\"https:\/\/smart-pr.de\/de\/leistungen\/social-media-services\/youtube\/youtube-agentur\/\" \/>\n<meta property=\"og:locale\" content=\"de_DE\" \/>\n<meta property=\"og:type\" content=\"article\" \/>\n<meta property=\"og:title\" content=\"YouTube Agentur - SMART PR \/\/ Ihre PR-Agentur in D\u00fcsseldorf\" \/>\n<meta property=\"og:description\" content=\"SMART PR entwickelt YouTube-Strategien f\u00fcr mehr Reichweite und Engagement. Professionelles Video-Marketing f\u00fcr Ihre Marke.\" \/>\n<meta property=\"og:url\" content=\"https:\/\/smart-pr.de\/de\/leistungen\/social-media-services\/youtube\/youtube-agentur\/\" \/>\n<meta property=\"og:site_name\" content=\"SMART PR \/\/ Ihre PR-Agentur in D\u00fcsseldorf\" \/>\n<meta property=\"article:modified_time\" content=\"2026-01-28T11:25:56+00:00\" \/>\n<meta name=\"twitter:card\" content=\"summary_large_image\" \/>\n<meta name=\"twitter:label1\" content=\"Gesch\u00e4tzte Lesezeit\" \/>\n\t<meta name=\"twitter:data1\" content=\"3\u00a0Minuten\" \/>\n<script type=\"application\/ld+json\" class=\"yoast-schema-graph\">{\"@context\":\"https:\/\/schema.org\",\"@graph\":[{\"@type\":\"WebPage\",\"@id\":\"https:\/\/smart-pr.de\/de\/leistungen\/social-media-services\/youtube\/youtube-agentur\/\",\"url\":\"https:\/\/smart-pr.de\/de\/leistungen\/social-media-services\/youtube\/youtube-agentur\/\",\"name\":\"YouTube Agentur - SMART PR \/\/ Ihre PR-Agentur in D\u00fcsseldorf\",\"isPartOf\":{\"@id\":\"https:\/\/smart-pr.de\/de\/#website\"},\"datePublished\":\"2024-09-05T09:23:03+00:00\",\"dateModified\":\"2026-01-28T11:25:56+00:00\",\"description\":\"SMART PR entwickelt YouTube-Strategien f\u00fcr mehr Reichweite und Engagement. Professionelles Video-Marketing f\u00fcr Ihre Marke.\",\"breadcrumb\":{\"@id\":\"https:\/\/smart-pr.de\/de\/leistungen\/social-media-services\/youtube\/youtube-agentur\/#breadcrumb\"},\"inLanguage\":\"de\",\"potentialAction\":[{\"@type\":\"ReadAction\",\"target\":[\"https:\/\/smart-pr.de\/de\/leistungen\/social-media-services\/youtube\/youtube-agentur\/\"]}]},{\"@type\":\"BreadcrumbList\",\"@id\":\"https:\/\/smart-pr.de\/de\/leistungen\/social-media-services\/youtube\/youtube-agentur\/#breadcrumb\",\"itemListElement\":[{\"@type\":\"ListItem\",\"position\":1,\"name\":\"Startseite\",\"item\":\"https:\/\/smart-pr.de\/de\/\"},{\"@type\":\"ListItem\",\"position\":2,\"name\":\"Leistungen\",\"item\":\"https:\/\/smart-pr.de\/de\/leistungen\/\"},{\"@type\":\"ListItem\",\"position\":3,\"name\":\"Social Media Services\",\"item\":\"https:\/\/smart-pr.de\/de\/leistungen\/social-media-services\/\"},{\"@type\":\"ListItem\",\"position\":4,\"name\":\"Youtube\",\"item\":\"https:\/\/smart-pr.de\/de\/leistungen\/social-media-services\/youtube\/\"},{\"@type\":\"ListItem\",\"position\":5,\"name\":\"YouTube Agentur\"}]},{\"@type\":\"WebSite\",\"@id\":\"https:\/\/smart-pr.de\/de\/#website\",\"url\":\"https:\/\/smart-pr.de\/de\/\",\"name\":\"SMART PR \/\/ Ihre PR-Agentur in D\u00fcsseldorf\",\"description\":\"F\u00fcr ganzheitliche Kommunikation\",\"publisher\":{\"@id\":\"https:\/\/smart-pr.de\/de\/#organization\"},\"potentialAction\":[{\"@type\":\"SearchAction\",\"target\":{\"@type\":\"EntryPoint\",\"urlTemplate\":\"https:\/\/smart-pr.de\/de\/?s={search_term_string}\"},\"query-input\":{\"@type\":\"PropertyValueSpecification\",\"valueRequired\":true,\"valueName\":\"search_term_string\"}}],\"inLanguage\":\"de\"},{\"@type\":\"Organization\",\"@id\":\"https:\/\/smart-pr.de\/de\/#organization\",\"name\":\"SMART PR \/\/ Ihre PR-Agentur in D\u00fcsseldorf\",\"url\":\"https:\/\/smart-pr.de\/de\/\",\"logo\":{\"@type\":\"ImageObject\",\"inLanguage\":\"de\",\"@id\":\"https:\/\/smart-pr.de\/de\/#\/schema\/logo\/image\/\",\"url\":\"https:\/\/smart-pr.de\/wp-content\/uploads\/2024\/08\/smart-pr-logo-2.png\",\"contentUrl\":\"https:\/\/smart-pr.de\/wp-content\/uploads\/2024\/08\/smart-pr-logo-2.png\",\"width\":1800,\"height\":282,\"caption\":\"SMART PR \/\/ Ihre PR-Agentur in D\u00fcsseldorf\"},\"image\":{\"@id\":\"https:\/\/smart-pr.de\/de\/#\/schema\/logo\/image\/\"}}]}<\/script>\n<!-- \/ Yoast SEO plugin. -->","yoast_head_json":{"title":"YouTube Agentur - SMART PR \/\/ Ihre PR-Agentur in D\u00fcsseldorf","description":"SMART PR entwickelt YouTube-Strategien f\u00fcr mehr Reichweite und Engagement. Professionelles Video-Marketing f\u00fcr Ihre Marke.","robots":{"index":"index","follow":"follow","max-snippet":"max-snippet:-1","max-image-preview":"max-image-preview:large","max-video-preview":"max-video-preview:-1"},"canonical":"https:\/\/smart-pr.de\/de\/leistungen\/social-media-services\/youtube\/youtube-agentur\/","og_locale":"de_DE","og_type":"article","og_title":"YouTube Agentur - SMART PR \/\/ Ihre PR-Agentur in D\u00fcsseldorf","og_description":"SMART PR entwickelt YouTube-Strategien f\u00fcr mehr Reichweite und Engagement. Professionelles Video-Marketing f\u00fcr Ihre Marke.","og_url":"https:\/\/smart-pr.de\/de\/leistungen\/social-media-services\/youtube\/youtube-agentur\/","og_site_name":"SMART PR \/\/ Ihre PR-Agentur in D\u00fcsseldorf","article_modified_time":"2026-01-28T11:25:56+00:00","twitter_card":"summary_large_image","twitter_misc":{"Gesch\u00e4tzte Lesezeit":"3\u00a0Minuten"},"schema":{"@context":"https:\/\/schema.org","@graph":[{"@type":"WebPage","@id":"https:\/\/smart-pr.de\/de\/leistungen\/social-media-services\/youtube\/youtube-agentur\/","url":"https:\/\/smart-pr.de\/de\/leistungen\/social-media-services\/youtube\/youtube-agentur\/","name":"YouTube Agentur - SMART PR \/\/ Ihre PR-Agentur in D\u00fcsseldorf","isPartOf":{"@id":"https:\/\/smart-pr.de\/de\/#website"},"datePublished":"2024-09-05T09:23:03+00:00","dateModified":"2026-01-28T11:25:56+00:00","description":"SMART PR entwickelt YouTube-Strategien f\u00fcr mehr Reichweite und Engagement. Professionelles Video-Marketing f\u00fcr Ihre Marke.","breadcrumb":{"@id":"https:\/\/smart-pr.de\/de\/leistungen\/social-media-services\/youtube\/youtube-agentur\/#breadcrumb"},"inLanguage":"de","potentialAction":[{"@type":"ReadAction","target":["https:\/\/smart-pr.de\/de\/leistungen\/social-media-services\/youtube\/youtube-agentur\/"]}]},{"@type":"BreadcrumbList","@id":"https:\/\/smart-pr.de\/de\/leistungen\/social-media-services\/youtube\/youtube-agentur\/#breadcrumb","itemListElement":[{"@type":"ListItem","position":1,"name":"Startseite","item":"https:\/\/smart-pr.de\/de\/"},{"@type":"ListItem","position":2,"name":"Leistungen","item":"https:\/\/smart-pr.de\/de\/leistungen\/"},{"@type":"ListItem","position":3,"name":"Social Media Services","item":"https:\/\/smart-pr.de\/de\/leistungen\/social-media-services\/"},{"@type":"ListItem","position":4,"name":"Youtube","item":"https:\/\/smart-pr.de\/de\/leistungen\/social-media-services\/youtube\/"},{"@type":"ListItem","position":5,"name":"YouTube Agentur"}]},{"@type":"WebSite","@id":"https:\/\/smart-pr.de\/de\/#website","url":"https:\/\/smart-pr.de\/de\/","name":"SMART PR \/\/ Ihre PR-Agentur in D\u00fcsseldorf","description":"F\u00fcr ganzheitliche Kommunikation","publisher":{"@id":"https:\/\/smart-pr.de\/de\/#organization"},"potentialAction":[{"@type":"SearchAction","target":{"@type":"EntryPoint","urlTemplate":"https:\/\/smart-pr.de\/de\/?s={search_term_string}"},"query-input":{"@type":"PropertyValueSpecification","valueRequired":true,"valueName":"search_term_string"}}],"inLanguage":"de"},{"@type":"Organization","@id":"https:\/\/smart-pr.de\/de\/#organization","name":"SMART PR \/\/ Ihre PR-Agentur in D\u00fcsseldorf","url":"https:\/\/smart-pr.de\/de\/","logo":{"@type":"ImageObject","inLanguage":"de","@id":"https:\/\/smart-pr.de\/de\/#\/schema\/logo\/image\/","url":"https:\/\/smart-pr.de\/wp-content\/uploads\/2024\/08\/smart-pr-logo-2.png","contentUrl":"https:\/\/smart-pr.de\/wp-content\/uploads\/2024\/08\/smart-pr-logo-2.png","width":1800,"height":282,"caption":"SMART PR \/\/ Ihre PR-Agentur in D\u00fcsseldorf"},"image":{"@id":"https:\/\/smart-pr.de\/de\/#\/schema\/logo\/image\/"}}]}},"_links":{"self":[{"href":"https:\/\/smart-pr.de\/de\/wp-json\/wp\/v2\/pages\/2184","targetHints":{"allow":["GET"]}}],"collection":[{"href":"https:\/\/smart-pr.de\/de\/wp-json\/wp\/v2\/pages"}],"about":[{"href":"https:\/\/smart-pr.de\/de\/wp-json\/wp\/v2\/types\/page"}],"author":[{"embeddable":true,"href":"https:\/\/smart-pr.de\/de\/wp-json\/wp\/v2\/users\/2"}],"replies":[{"embeddable":true,"href":"https:\/\/smart-pr.de\/de\/wp-json\/wp\/v2\/comments?post=2184"}],"version-history":[{"count":8,"href":"https:\/\/smart-pr.de\/de\/wp-json\/wp\/v2\/pages\/2184\/revisions"}],"predecessor-version":[{"id":8347,"href":"https:\/\/smart-pr.de\/de\/wp-json\/wp\/v2\/pages\/2184\/revisions\/8347"}],"up":[{"embeddable":true,"href":"https:\/\/smart-pr.de\/de\/wp-json\/wp\/v2\/pages\/1965"}],"wp:attachment":[{"href":"https:\/\/smart-pr.de\/de\/wp-json\/wp\/v2\/media?parent=2184"}],"curies":[{"name":"wp","href":"https:\/\/api.w.org\/{rel}","templated":true}]}}