{"id":2180,"date":"2024-09-05T09:22:46","date_gmt":"2024-09-05T09:22:46","guid":{"rendered":"https:\/\/entwicklungsumgebung6729.live-website.com\/?page_id=2180"},"modified":"2026-01-28T11:23:36","modified_gmt":"2026-01-28T11:23:36","slug":"pinterest-fuer-unternehmen","status":"publish","type":"page","link":"https:\/\/smart-pr.de\/de\/leistungen\/social-media-services\/pinterest\/pinterest-fuer-unternehmen\/","title":{"rendered":"Pinterest f\u00fcr Unternehmen"},"content":{"rendered":"<div class=\"wpb-content-wrapper\"><p>[vc_row full_width=&#8220;stretch_row_content_no_spaces&#8220; css=&#8220;.vc_custom_1730069976201{margin-top: -30px !important;}&#8220;][vc_column][vc_single_image image=&#8220;10368&#8243; img_size=&#8220;full&#8220; css=&#8220;&#8220;][\/vc_column][\/vc_row][vc_row][vc_column width=&#8220;1\/6&#8243;][\/vc_column][vc_column width=&#8220;2\/3&#8243;][vc_column_text css=&#8220;&#8220;]<\/p>\n<h1><strong>Pinterest f\u00fcr Unternehmen<\/strong><\/h1>\n<p>[\/vc_column_text][\/vc_column][vc_column width=&#8220;1\/6&#8243;][\/vc_column][\/vc_row][vc_row][vc_column width=&#8220;1\/6&#8243;][\/vc_column][vc_column width=&#8220;2\/3&#8243;][vc_column_text css=&#8220;&#8220;]Pinterest f\u00fcr Unternehmen ist ein echtes Power-Tool, wenn es darum geht, eine engagierte und kaufbereite Zielgruppe zu erreichen. Mit Pinterest Marketing lassen sich durch visuell ansprechende Inhalte nicht nur die Markenbekanntheit steigern, sondern auch gezielt Traffic auf die eigene Webseite lenken. Die verschiedenen Pinterest Ads, von kreativen Storytelling-Formaten bis hin zu direkten Produktpr\u00e4sentationen, sorgen daf\u00fcr, dass das Engagement und die Conversion Rate deutlich steigen. Besonders spannend: Pins sind langlebig und bleiben \u00fcber Monate hinweg sichtbar, was die Reichweite nachhaltig erh\u00f6ht. Angesichts der wachsenden Nutzerzahlen im deutschsprachigen Raum bietet Pinterest enormes Potenzial f\u00fcr Unternehmen.[\/vc_column_text][\/vc_column][vc_column width=&#8220;1\/6&#8243;][\/vc_column][\/vc_row]<\/p>\n<\/div>","protected":false},"excerpt":{"rendered":"[vc_row full_width=\"stretch_row_content_no_spaces\" css=\".vc_custom_1730069976201{margin-top: -30px !important;}\"][vc_column][vc_single_image image=\"10368\" img_size=\"full\" css=\"\"][\/vc_column][\/vc_row][vc_row][vc_column width=\"1\/6\"][\/vc_column][vc_column width=\"2\/3\"][vc_column_text css=\"\"] Pinterest f\u00fcr Unternehmen [\/vc_column_text][\/vc_column][vc_column<span class=\"excerpt-hellip\"> [\u2026]<\/span>","protected":false},"author":2,"featured_media":0,"parent":1959,"menu_order":0,"comment_status":"closed","ping_status":"closed","template":"","meta":{"footnotes":""},"class_list":["post-2180","page","type-page","status-publish","hentry"],"yoast_head":"<!-- This site is optimized with the Yoast SEO plugin v25.6 - https:\/\/yoast.com\/wordpress\/plugins\/seo\/ -->\n<title>Pinterest f\u00fcr Unternehmen: Mehr Reichweite &amp; Traffic<\/title>\n<meta name=\"description\" content=\"Nutzen Sie Pinterest strategisch f\u00fcr Ihr Unternehmen. SMART PR entwickelt kreative Inhalte f\u00fcr mehr Sichtbarkeit und Engagement.\" \/>\n<meta name=\"robots\" content=\"index, follow, max-snippet:-1, max-image-preview:large, max-video-preview:-1\" \/>\n<link rel=\"canonical\" href=\"https:\/\/smart-pr.de\/de\/leistungen\/social-media-services\/pinterest\/pinterest-fuer-unternehmen\/\" \/>\n<meta property=\"og:locale\" content=\"de_DE\" \/>\n<meta property=\"og:type\" content=\"article\" \/>\n<meta property=\"og:title\" content=\"Pinterest f\u00fcr Unternehmen: Mehr Reichweite &amp; Traffic\" \/>\n<meta property=\"og:description\" content=\"Nutzen Sie Pinterest strategisch f\u00fcr Ihr Unternehmen. SMART PR entwickelt kreative Inhalte f\u00fcr mehr Sichtbarkeit und Engagement.\" \/>\n<meta property=\"og:url\" content=\"https:\/\/smart-pr.de\/de\/leistungen\/social-media-services\/pinterest\/pinterest-fuer-unternehmen\/\" \/>\n<meta property=\"og:site_name\" content=\"SMART PR \/\/ Ihre PR-Agentur in D\u00fcsseldorf\" \/>\n<meta property=\"article:modified_time\" content=\"2026-01-28T11:23:36+00:00\" \/>\n<meta name=\"twitter:card\" content=\"summary_large_image\" \/>\n<meta name=\"twitter:label1\" content=\"Gesch\u00e4tzte Lesezeit\" \/>\n\t<meta name=\"twitter:data1\" content=\"1\u00a0Minute\" \/>\n<script type=\"application\/ld+json\" class=\"yoast-schema-graph\">{\"@context\":\"https:\/\/schema.org\",\"@graph\":[{\"@type\":\"WebPage\",\"@id\":\"https:\/\/smart-pr.de\/de\/leistungen\/social-media-services\/pinterest\/pinterest-fuer-unternehmen\/\",\"url\":\"https:\/\/smart-pr.de\/de\/leistungen\/social-media-services\/pinterest\/pinterest-fuer-unternehmen\/\",\"name\":\"Pinterest f\u00fcr Unternehmen: Mehr Reichweite & Traffic\",\"isPartOf\":{\"@id\":\"https:\/\/smart-pr.de\/de\/#website\"},\"datePublished\":\"2024-09-05T09:22:46+00:00\",\"dateModified\":\"2026-01-28T11:23:36+00:00\",\"description\":\"Nutzen Sie Pinterest strategisch f\u00fcr Ihr Unternehmen. SMART PR entwickelt kreative Inhalte f\u00fcr mehr Sichtbarkeit und Engagement.\",\"breadcrumb\":{\"@id\":\"https:\/\/smart-pr.de\/de\/leistungen\/social-media-services\/pinterest\/pinterest-fuer-unternehmen\/#breadcrumb\"},\"inLanguage\":\"de\",\"potentialAction\":[{\"@type\":\"ReadAction\",\"target\":[\"https:\/\/smart-pr.de\/de\/leistungen\/social-media-services\/pinterest\/pinterest-fuer-unternehmen\/\"]}]},{\"@type\":\"BreadcrumbList\",\"@id\":\"https:\/\/smart-pr.de\/de\/leistungen\/social-media-services\/pinterest\/pinterest-fuer-unternehmen\/#breadcrumb\",\"itemListElement\":[{\"@type\":\"ListItem\",\"position\":1,\"name\":\"Startseite\",\"item\":\"https:\/\/smart-pr.de\/de\/\"},{\"@type\":\"ListItem\",\"position\":2,\"name\":\"Leistungen\",\"item\":\"https:\/\/smart-pr.de\/de\/leistungen\/\"},{\"@type\":\"ListItem\",\"position\":3,\"name\":\"Social Media Services\",\"item\":\"https:\/\/smart-pr.de\/de\/leistungen\/social-media-services\/\"},{\"@type\":\"ListItem\",\"position\":4,\"name\":\"Pinterest\",\"item\":\"https:\/\/smart-pr.de\/de\/leistungen\/social-media-services\/pinterest\/\"},{\"@type\":\"ListItem\",\"position\":5,\"name\":\"Pinterest f\u00fcr Unternehmen\"}]},{\"@type\":\"WebSite\",\"@id\":\"https:\/\/smart-pr.de\/de\/#website\",\"url\":\"https:\/\/smart-pr.de\/de\/\",\"name\":\"SMART PR \/\/ Ihre PR-Agentur in D\u00fcsseldorf\",\"description\":\"F\u00fcr ganzheitliche Kommunikation\",\"publisher\":{\"@id\":\"https:\/\/smart-pr.de\/de\/#organization\"},\"potentialAction\":[{\"@type\":\"SearchAction\",\"target\":{\"@type\":\"EntryPoint\",\"urlTemplate\":\"https:\/\/smart-pr.de\/de\/?s={search_term_string}\"},\"query-input\":{\"@type\":\"PropertyValueSpecification\",\"valueRequired\":true,\"valueName\":\"search_term_string\"}}],\"inLanguage\":\"de\"},{\"@type\":\"Organization\",\"@id\":\"https:\/\/smart-pr.de\/de\/#organization\",\"name\":\"SMART PR \/\/ Ihre PR-Agentur in D\u00fcsseldorf\",\"url\":\"https:\/\/smart-pr.de\/de\/\",\"logo\":{\"@type\":\"ImageObject\",\"inLanguage\":\"de\",\"@id\":\"https:\/\/smart-pr.de\/de\/#\/schema\/logo\/image\/\",\"url\":\"https:\/\/smart-pr.de\/wp-content\/uploads\/2024\/08\/smart-pr-logo-2.png\",\"contentUrl\":\"https:\/\/smart-pr.de\/wp-content\/uploads\/2024\/08\/smart-pr-logo-2.png\",\"width\":1800,\"height\":282,\"caption\":\"SMART PR \/\/ Ihre PR-Agentur in D\u00fcsseldorf\"},\"image\":{\"@id\":\"https:\/\/smart-pr.de\/de\/#\/schema\/logo\/image\/\"}}]}<\/script>\n<!-- \/ Yoast SEO plugin. -->","yoast_head_json":{"title":"Pinterest f\u00fcr Unternehmen: Mehr Reichweite & Traffic","description":"Nutzen Sie Pinterest strategisch f\u00fcr Ihr Unternehmen. SMART PR entwickelt kreative Inhalte f\u00fcr mehr Sichtbarkeit und Engagement.","robots":{"index":"index","follow":"follow","max-snippet":"max-snippet:-1","max-image-preview":"max-image-preview:large","max-video-preview":"max-video-preview:-1"},"canonical":"https:\/\/smart-pr.de\/de\/leistungen\/social-media-services\/pinterest\/pinterest-fuer-unternehmen\/","og_locale":"de_DE","og_type":"article","og_title":"Pinterest f\u00fcr Unternehmen: Mehr Reichweite & Traffic","og_description":"Nutzen Sie Pinterest strategisch f\u00fcr Ihr Unternehmen. SMART PR entwickelt kreative Inhalte f\u00fcr mehr Sichtbarkeit und Engagement.","og_url":"https:\/\/smart-pr.de\/de\/leistungen\/social-media-services\/pinterest\/pinterest-fuer-unternehmen\/","og_site_name":"SMART PR \/\/ Ihre PR-Agentur in D\u00fcsseldorf","article_modified_time":"2026-01-28T11:23:36+00:00","twitter_card":"summary_large_image","twitter_misc":{"Gesch\u00e4tzte Lesezeit":"1\u00a0Minute"},"schema":{"@context":"https:\/\/schema.org","@graph":[{"@type":"WebPage","@id":"https:\/\/smart-pr.de\/de\/leistungen\/social-media-services\/pinterest\/pinterest-fuer-unternehmen\/","url":"https:\/\/smart-pr.de\/de\/leistungen\/social-media-services\/pinterest\/pinterest-fuer-unternehmen\/","name":"Pinterest f\u00fcr Unternehmen: Mehr Reichweite & Traffic","isPartOf":{"@id":"https:\/\/smart-pr.de\/de\/#website"},"datePublished":"2024-09-05T09:22:46+00:00","dateModified":"2026-01-28T11:23:36+00:00","description":"Nutzen Sie Pinterest strategisch f\u00fcr Ihr Unternehmen. SMART PR entwickelt kreative Inhalte f\u00fcr mehr Sichtbarkeit und Engagement.","breadcrumb":{"@id":"https:\/\/smart-pr.de\/de\/leistungen\/social-media-services\/pinterest\/pinterest-fuer-unternehmen\/#breadcrumb"},"inLanguage":"de","potentialAction":[{"@type":"ReadAction","target":["https:\/\/smart-pr.de\/de\/leistungen\/social-media-services\/pinterest\/pinterest-fuer-unternehmen\/"]}]},{"@type":"BreadcrumbList","@id":"https:\/\/smart-pr.de\/de\/leistungen\/social-media-services\/pinterest\/pinterest-fuer-unternehmen\/#breadcrumb","itemListElement":[{"@type":"ListItem","position":1,"name":"Startseite","item":"https:\/\/smart-pr.de\/de\/"},{"@type":"ListItem","position":2,"name":"Leistungen","item":"https:\/\/smart-pr.de\/de\/leistungen\/"},{"@type":"ListItem","position":3,"name":"Social Media Services","item":"https:\/\/smart-pr.de\/de\/leistungen\/social-media-services\/"},{"@type":"ListItem","position":4,"name":"Pinterest","item":"https:\/\/smart-pr.de\/de\/leistungen\/social-media-services\/pinterest\/"},{"@type":"ListItem","position":5,"name":"Pinterest f\u00fcr Unternehmen"}]},{"@type":"WebSite","@id":"https:\/\/smart-pr.de\/de\/#website","url":"https:\/\/smart-pr.de\/de\/","name":"SMART PR \/\/ Ihre PR-Agentur in D\u00fcsseldorf","description":"F\u00fcr ganzheitliche Kommunikation","publisher":{"@id":"https:\/\/smart-pr.de\/de\/#organization"},"potentialAction":[{"@type":"SearchAction","target":{"@type":"EntryPoint","urlTemplate":"https:\/\/smart-pr.de\/de\/?s={search_term_string}"},"query-input":{"@type":"PropertyValueSpecification","valueRequired":true,"valueName":"search_term_string"}}],"inLanguage":"de"},{"@type":"Organization","@id":"https:\/\/smart-pr.de\/de\/#organization","name":"SMART PR \/\/ Ihre PR-Agentur in D\u00fcsseldorf","url":"https:\/\/smart-pr.de\/de\/","logo":{"@type":"ImageObject","inLanguage":"de","@id":"https:\/\/smart-pr.de\/de\/#\/schema\/logo\/image\/","url":"https:\/\/smart-pr.de\/wp-content\/uploads\/2024\/08\/smart-pr-logo-2.png","contentUrl":"https:\/\/smart-pr.de\/wp-content\/uploads\/2024\/08\/smart-pr-logo-2.png","width":1800,"height":282,"caption":"SMART PR \/\/ Ihre PR-Agentur in D\u00fcsseldorf"},"image":{"@id":"https:\/\/smart-pr.de\/de\/#\/schema\/logo\/image\/"}}]}},"_links":{"self":[{"href":"https:\/\/smart-pr.de\/de\/wp-json\/wp\/v2\/pages\/2180","targetHints":{"allow":["GET"]}}],"collection":[{"href":"https:\/\/smart-pr.de\/de\/wp-json\/wp\/v2\/pages"}],"about":[{"href":"https:\/\/smart-pr.de\/de\/wp-json\/wp\/v2\/types\/page"}],"author":[{"embeddable":true,"href":"https:\/\/smart-pr.de\/de\/wp-json\/wp\/v2\/users\/2"}],"replies":[{"embeddable":true,"href":"https:\/\/smart-pr.de\/de\/wp-json\/wp\/v2\/comments?post=2180"}],"version-history":[{"count":6,"href":"https:\/\/smart-pr.de\/de\/wp-json\/wp\/v2\/pages\/2180\/revisions"}],"predecessor-version":[{"id":10370,"href":"https:\/\/smart-pr.de\/de\/wp-json\/wp\/v2\/pages\/2180\/revisions\/10370"}],"up":[{"embeddable":true,"href":"https:\/\/smart-pr.de\/de\/wp-json\/wp\/v2\/pages\/1959"}],"wp:attachment":[{"href":"https:\/\/smart-pr.de\/de\/wp-json\/wp\/v2\/media?parent=2180"}],"curies":[{"name":"wp","href":"https:\/\/api.w.org\/{rel}","templated":true}]}}