{"id":2178,"date":"2024-09-05T09:22:36","date_gmt":"2024-09-05T09:22:36","guid":{"rendered":"https:\/\/entwicklungsumgebung6729.live-website.com\/?page_id=2178"},"modified":"2026-01-28T11:20:08","modified_gmt":"2026-01-28T11:20:08","slug":"pinterest-agentur","status":"publish","type":"page","link":"https:\/\/smart-pr.de\/de\/leistungen\/social-media-services\/pinterest\/pinterest-agentur\/","title":{"rendered":"Pinterest Agentur"},"content":{"rendered":"<div class=\"wpb-content-wrapper\"><p>[vc_row full_width=&#8220;stretch_row_content_no_spaces&#8220; css=&#8220;.vc_custom_1730069976201{margin-top: -30px !important;}&#8220;][vc_column][vc_single_image image=&#8220;8326&#8243; img_size=&#8220;full&#8220; css=&#8220;&#8220;][\/vc_column][\/vc_row][vc_row][vc_column width=&#8220;1\/6&#8243;][\/vc_column][vc_column width=&#8220;2\/3&#8243;][vc_column_text css=&#8220;&#8220;]<\/p>\n<h1><strong>Pinterest-Agentur: Ma\u00dfgeschneiderte L\u00f6sungen f\u00fcr Ihre Marketingziele<\/strong><\/h1>\n<p>[\/vc_column_text][\/vc_column][vc_column width=&#8220;1\/6&#8243;][\/vc_column][\/vc_row][vc_row][vc_column width=&#8220;1\/6&#8243;][\/vc_column][vc_column width=&#8220;2\/3&#8243;][vc_column_text css=&#8220;&#8220;]Sie haben schon einmal von Pinterest geh\u00f6rt, nutzen es aber nicht? Sie sind im Lifestyle Bereich t\u00e4tig und kennen das Potenzial von Pinterest nicht?<\/p>\n<p>Pinterest\u00a0ist kein soziales Netzwerk im urspr\u00fcnglichen Sinne, denn hier wird nicht mit Freunden interagiert. Sehr wohl interagieren Nutzer aber mit Unternehmen und merken sich t\u00e4glich unz\u00e4hlige Pins, die immer auf eine Website f\u00fchren. Durch vielz\u00e4hlige Neuerungen und\u00a0(noch) uneingeschr\u00e4nkte Reichweite\u00a0ist Pinterest die\u00a0Geheimwaffe im Bereich Lifestyle\u00a0und sollte unbedingt gewinnbringend genutzt werden. Wie das geht? Wir, als smarte Social Media Agentur, zeigen es Ihnen![\/vc_column_text][\/vc_column][vc_column width=&#8220;1\/6&#8243;][\/vc_column][\/vc_row][vc_row full_width=&#8220;stretch_row_content_no_spaces&#8220; css=&#8220;.vc_custom_1730196762695{background-color: #ffd500 !important;}&#8220;][vc_column width=&#8220;1\/6&#8243;][\/vc_column][vc_column width=&#8220;2\/3&#8243;][vc_column_text css=&#8220;&#8220;]<\/p>\n<h3><strong>Unsere Leistungen: <\/strong><\/h3>\n<p><strong>Erstellung einer ma\u00dfgeschneiderten Content-Strategie<\/strong><\/p>\n<ul>\n<li>Entwicklung einer individuellen Strategie zum Erreichen Ihrer Zielgruppen<\/li>\n<li>Definition von Kommunikationszielen und KPIs<\/li>\n<li>Anpassung der Inhalte an aktuelle Trends und Markenbotschaft<\/li>\n<\/ul>\n<p><strong>Wettbewerbsanalyse<\/strong><\/p>\n<ul>\n<li>Analyse der Aktivit\u00e4ten Ihrer Mitbewerber auf Pinterest<\/li>\n<li>Identifikation von Marktchancen und Erfolgsfaktoren<\/li>\n<li>Ableitung von Best Practices f\u00fcr Ihre Strategie<\/li>\n<\/ul>\n<p><strong>Aufbau und Pflege Ihres Instagram Accounts<\/strong><\/p>\n<ul>\n<li>Erstellung und Optimierung eines professionellen Pinterest-Profils<\/li>\n<li>Regelm\u00e4\u00dfiges Monitoring der Performance und Anpassung der Strategie<\/li>\n<li>Kontinuierliche Interaktion mit Followern zur Steigerung der Engagement-Rate<\/li>\n<\/ul>\n<p><strong>Content-Produktion mit Vor- und Nachbereitung<\/strong><\/p>\n<ul>\n<li>Planung und Erstellung von visuellen Inhalten (Fotos, Videos, Stories)<\/li>\n<li>Durchf\u00fchrung von Fotoshootings und Videodrehs<\/li>\n<li>Postproduktion und Ver\u00f6ffentlichung nach Redaktionsplan<\/li>\n<\/ul>\n<p><strong>Community-Management<\/strong><\/p>\n<ul>\n<li>Aktive Interaktion mit der Zielgruppe durch Antworten auf Kommentare und Nachrichten<\/li>\n<li>Aufbau und Pflege von Beziehungen zu Influencern und Markenbotschaftern<\/li>\n<li>Durchf\u00fchrung von Gewinnspielen und anderen interaktiven Kampagnen<\/li>\n<\/ul>\n<p><strong>Werbeanzeigen und Promotions<\/strong><\/p>\n<ul>\n<li>Erstellung und Management von Instagram Ads zur Reichweitensteigerung<\/li>\n<li>Zielgruppenspezifische Schaltung von Anzeigen basierend auf detaillierter Analyse<\/li>\n<li>Auswertung und Optimierung von Kampagnen f\u00fcr maximale Wirkung<\/li>\n<\/ul>\n<p><strong>Berichterstattung und Analyse<\/strong><\/p>\n<ul>\n<li>Regelm\u00e4\u00dfige Erstellung von Reports zur Performance-Messung<\/li>\n<li>Analyse von Daten und KPIs zur kontinuierlichen Optimierung der Strategie<\/li>\n<li>Pr\u00e4sentation von Handlungsempfehlungen f\u00fcr zuk\u00fcnftige Ma\u00dfnahmen<\/li>\n<\/ul>\n<p>[\/vc_column_text][\/vc_column][vc_column width=&#8220;1\/6&#8243;][\/vc_column][\/vc_row]<\/p>\n<\/div>","protected":false},"excerpt":{"rendered":"[vc_row full_width=\"stretch_row_content_no_spaces\" css=\".vc_custom_1730069976201{margin-top: -30px !important;}\"][vc_column][vc_single_image image=\"8326\" img_size=\"full\" css=\"\"][\/vc_column][\/vc_row][vc_row][vc_column width=\"1\/6\"][\/vc_column][vc_column width=\"2\/3\"][vc_column_text css=\"\"] Pinterest-Agentur: Ma\u00dfgeschneiderte L\u00f6sungen f\u00fcr<span class=\"excerpt-hellip\"> [\u2026]<\/span>","protected":false},"author":2,"featured_media":0,"parent":1959,"menu_order":0,"comment_status":"closed","ping_status":"closed","template":"","meta":{"footnotes":""},"class_list":["post-2178","page","type-page","status-publish","hentry"],"yoast_head":"<!-- This site is optimized with the Yoast SEO plugin v25.6 - https:\/\/yoast.com\/wordpress\/plugins\/seo\/ -->\n<title>Pinterest Agentur - SMART PR \/\/ Ihre PR-Agentur in D\u00fcsseldorf<\/title>\n<meta name=\"description\" content=\"Steigern Sie Ihre Markenpr\u00e4senz mit SMART PR. Wir entwickeln kreative Pinterest-Strategien f\u00fcr mehr Reichweite und Engagement.\" \/>\n<meta name=\"robots\" content=\"index, follow, max-snippet:-1, max-image-preview:large, max-video-preview:-1\" \/>\n<link rel=\"canonical\" href=\"https:\/\/smart-pr.de\/de\/leistungen\/social-media-services\/pinterest\/pinterest-agentur\/\" \/>\n<meta property=\"og:locale\" content=\"de_DE\" \/>\n<meta property=\"og:type\" content=\"article\" \/>\n<meta property=\"og:title\" content=\"Pinterest Agentur - SMART PR \/\/ Ihre PR-Agentur in D\u00fcsseldorf\" \/>\n<meta property=\"og:description\" content=\"Steigern Sie Ihre Markenpr\u00e4senz mit SMART PR. Wir entwickeln kreative Pinterest-Strategien f\u00fcr mehr Reichweite und Engagement.\" \/>\n<meta property=\"og:url\" content=\"https:\/\/smart-pr.de\/de\/leistungen\/social-media-services\/pinterest\/pinterest-agentur\/\" \/>\n<meta property=\"og:site_name\" content=\"SMART PR \/\/ Ihre PR-Agentur in D\u00fcsseldorf\" \/>\n<meta property=\"article:modified_time\" content=\"2026-01-28T11:20:08+00:00\" \/>\n<meta name=\"twitter:card\" content=\"summary_large_image\" \/>\n<meta name=\"twitter:label1\" content=\"Gesch\u00e4tzte Lesezeit\" \/>\n\t<meta name=\"twitter:data1\" content=\"2\u00a0Minuten\" \/>\n<script type=\"application\/ld+json\" class=\"yoast-schema-graph\">{\"@context\":\"https:\/\/schema.org\",\"@graph\":[{\"@type\":\"WebPage\",\"@id\":\"https:\/\/smart-pr.de\/de\/leistungen\/social-media-services\/pinterest\/pinterest-agentur\/\",\"url\":\"https:\/\/smart-pr.de\/de\/leistungen\/social-media-services\/pinterest\/pinterest-agentur\/\",\"name\":\"Pinterest Agentur - SMART PR \/\/ Ihre PR-Agentur in D\u00fcsseldorf\",\"isPartOf\":{\"@id\":\"https:\/\/smart-pr.de\/de\/#website\"},\"datePublished\":\"2024-09-05T09:22:36+00:00\",\"dateModified\":\"2026-01-28T11:20:08+00:00\",\"description\":\"Steigern Sie Ihre Markenpr\u00e4senz mit SMART PR. Wir entwickeln kreative Pinterest-Strategien f\u00fcr mehr Reichweite und Engagement.\",\"breadcrumb\":{\"@id\":\"https:\/\/smart-pr.de\/de\/leistungen\/social-media-services\/pinterest\/pinterest-agentur\/#breadcrumb\"},\"inLanguage\":\"de\",\"potentialAction\":[{\"@type\":\"ReadAction\",\"target\":[\"https:\/\/smart-pr.de\/de\/leistungen\/social-media-services\/pinterest\/pinterest-agentur\/\"]}]},{\"@type\":\"BreadcrumbList\",\"@id\":\"https:\/\/smart-pr.de\/de\/leistungen\/social-media-services\/pinterest\/pinterest-agentur\/#breadcrumb\",\"itemListElement\":[{\"@type\":\"ListItem\",\"position\":1,\"name\":\"Startseite\",\"item\":\"https:\/\/smart-pr.de\/de\/\"},{\"@type\":\"ListItem\",\"position\":2,\"name\":\"Leistungen\",\"item\":\"https:\/\/smart-pr.de\/de\/leistungen\/\"},{\"@type\":\"ListItem\",\"position\":3,\"name\":\"Social Media Services\",\"item\":\"https:\/\/smart-pr.de\/de\/leistungen\/social-media-services\/\"},{\"@type\":\"ListItem\",\"position\":4,\"name\":\"Pinterest\",\"item\":\"https:\/\/smart-pr.de\/de\/leistungen\/social-media-services\/pinterest\/\"},{\"@type\":\"ListItem\",\"position\":5,\"name\":\"Pinterest Agentur\"}]},{\"@type\":\"WebSite\",\"@id\":\"https:\/\/smart-pr.de\/de\/#website\",\"url\":\"https:\/\/smart-pr.de\/de\/\",\"name\":\"SMART PR \/\/ Ihre PR-Agentur in D\u00fcsseldorf\",\"description\":\"F\u00fcr ganzheitliche Kommunikation\",\"publisher\":{\"@id\":\"https:\/\/smart-pr.de\/de\/#organization\"},\"potentialAction\":[{\"@type\":\"SearchAction\",\"target\":{\"@type\":\"EntryPoint\",\"urlTemplate\":\"https:\/\/smart-pr.de\/de\/?s={search_term_string}\"},\"query-input\":{\"@type\":\"PropertyValueSpecification\",\"valueRequired\":true,\"valueName\":\"search_term_string\"}}],\"inLanguage\":\"de\"},{\"@type\":\"Organization\",\"@id\":\"https:\/\/smart-pr.de\/de\/#organization\",\"name\":\"SMART PR \/\/ Ihre PR-Agentur in D\u00fcsseldorf\",\"url\":\"https:\/\/smart-pr.de\/de\/\",\"logo\":{\"@type\":\"ImageObject\",\"inLanguage\":\"de\",\"@id\":\"https:\/\/smart-pr.de\/de\/#\/schema\/logo\/image\/\",\"url\":\"https:\/\/smart-pr.de\/wp-content\/uploads\/2024\/08\/smart-pr-logo-2.png\",\"contentUrl\":\"https:\/\/smart-pr.de\/wp-content\/uploads\/2024\/08\/smart-pr-logo-2.png\",\"width\":1800,\"height\":282,\"caption\":\"SMART PR \/\/ Ihre PR-Agentur in D\u00fcsseldorf\"},\"image\":{\"@id\":\"https:\/\/smart-pr.de\/de\/#\/schema\/logo\/image\/\"}}]}<\/script>\n<!-- \/ Yoast SEO plugin. -->","yoast_head_json":{"title":"Pinterest Agentur - SMART PR \/\/ Ihre PR-Agentur in D\u00fcsseldorf","description":"Steigern Sie Ihre Markenpr\u00e4senz mit SMART PR. Wir entwickeln kreative Pinterest-Strategien f\u00fcr mehr Reichweite und Engagement.","robots":{"index":"index","follow":"follow","max-snippet":"max-snippet:-1","max-image-preview":"max-image-preview:large","max-video-preview":"max-video-preview:-1"},"canonical":"https:\/\/smart-pr.de\/de\/leistungen\/social-media-services\/pinterest\/pinterest-agentur\/","og_locale":"de_DE","og_type":"article","og_title":"Pinterest Agentur - SMART PR \/\/ Ihre PR-Agentur in D\u00fcsseldorf","og_description":"Steigern Sie Ihre Markenpr\u00e4senz mit SMART PR. Wir entwickeln kreative Pinterest-Strategien f\u00fcr mehr Reichweite und Engagement.","og_url":"https:\/\/smart-pr.de\/de\/leistungen\/social-media-services\/pinterest\/pinterest-agentur\/","og_site_name":"SMART PR \/\/ Ihre PR-Agentur in D\u00fcsseldorf","article_modified_time":"2026-01-28T11:20:08+00:00","twitter_card":"summary_large_image","twitter_misc":{"Gesch\u00e4tzte Lesezeit":"2\u00a0Minuten"},"schema":{"@context":"https:\/\/schema.org","@graph":[{"@type":"WebPage","@id":"https:\/\/smart-pr.de\/de\/leistungen\/social-media-services\/pinterest\/pinterest-agentur\/","url":"https:\/\/smart-pr.de\/de\/leistungen\/social-media-services\/pinterest\/pinterest-agentur\/","name":"Pinterest Agentur - SMART PR \/\/ Ihre PR-Agentur in D\u00fcsseldorf","isPartOf":{"@id":"https:\/\/smart-pr.de\/de\/#website"},"datePublished":"2024-09-05T09:22:36+00:00","dateModified":"2026-01-28T11:20:08+00:00","description":"Steigern Sie Ihre Markenpr\u00e4senz mit SMART PR. Wir entwickeln kreative Pinterest-Strategien f\u00fcr mehr Reichweite und Engagement.","breadcrumb":{"@id":"https:\/\/smart-pr.de\/de\/leistungen\/social-media-services\/pinterest\/pinterest-agentur\/#breadcrumb"},"inLanguage":"de","potentialAction":[{"@type":"ReadAction","target":["https:\/\/smart-pr.de\/de\/leistungen\/social-media-services\/pinterest\/pinterest-agentur\/"]}]},{"@type":"BreadcrumbList","@id":"https:\/\/smart-pr.de\/de\/leistungen\/social-media-services\/pinterest\/pinterest-agentur\/#breadcrumb","itemListElement":[{"@type":"ListItem","position":1,"name":"Startseite","item":"https:\/\/smart-pr.de\/de\/"},{"@type":"ListItem","position":2,"name":"Leistungen","item":"https:\/\/smart-pr.de\/de\/leistungen\/"},{"@type":"ListItem","position":3,"name":"Social Media Services","item":"https:\/\/smart-pr.de\/de\/leistungen\/social-media-services\/"},{"@type":"ListItem","position":4,"name":"Pinterest","item":"https:\/\/smart-pr.de\/de\/leistungen\/social-media-services\/pinterest\/"},{"@type":"ListItem","position":5,"name":"Pinterest Agentur"}]},{"@type":"WebSite","@id":"https:\/\/smart-pr.de\/de\/#website","url":"https:\/\/smart-pr.de\/de\/","name":"SMART PR \/\/ Ihre PR-Agentur in D\u00fcsseldorf","description":"F\u00fcr ganzheitliche Kommunikation","publisher":{"@id":"https:\/\/smart-pr.de\/de\/#organization"},"potentialAction":[{"@type":"SearchAction","target":{"@type":"EntryPoint","urlTemplate":"https:\/\/smart-pr.de\/de\/?s={search_term_string}"},"query-input":{"@type":"PropertyValueSpecification","valueRequired":true,"valueName":"search_term_string"}}],"inLanguage":"de"},{"@type":"Organization","@id":"https:\/\/smart-pr.de\/de\/#organization","name":"SMART PR \/\/ Ihre PR-Agentur in D\u00fcsseldorf","url":"https:\/\/smart-pr.de\/de\/","logo":{"@type":"ImageObject","inLanguage":"de","@id":"https:\/\/smart-pr.de\/de\/#\/schema\/logo\/image\/","url":"https:\/\/smart-pr.de\/wp-content\/uploads\/2024\/08\/smart-pr-logo-2.png","contentUrl":"https:\/\/smart-pr.de\/wp-content\/uploads\/2024\/08\/smart-pr-logo-2.png","width":1800,"height":282,"caption":"SMART PR \/\/ Ihre PR-Agentur in D\u00fcsseldorf"},"image":{"@id":"https:\/\/smart-pr.de\/de\/#\/schema\/logo\/image\/"}}]}},"_links":{"self":[{"href":"https:\/\/smart-pr.de\/de\/wp-json\/wp\/v2\/pages\/2178","targetHints":{"allow":["GET"]}}],"collection":[{"href":"https:\/\/smart-pr.de\/de\/wp-json\/wp\/v2\/pages"}],"about":[{"href":"https:\/\/smart-pr.de\/de\/wp-json\/wp\/v2\/types\/page"}],"author":[{"embeddable":true,"href":"https:\/\/smart-pr.de\/de\/wp-json\/wp\/v2\/users\/2"}],"replies":[{"embeddable":true,"href":"https:\/\/smart-pr.de\/de\/wp-json\/wp\/v2\/comments?post=2178"}],"version-history":[{"count":9,"href":"https:\/\/smart-pr.de\/de\/wp-json\/wp\/v2\/pages\/2178\/revisions"}],"predecessor-version":[{"id":9481,"href":"https:\/\/smart-pr.de\/de\/wp-json\/wp\/v2\/pages\/2178\/revisions\/9481"}],"up":[{"embeddable":true,"href":"https:\/\/smart-pr.de\/de\/wp-json\/wp\/v2\/pages\/1959"}],"wp:attachment":[{"href":"https:\/\/smart-pr.de\/de\/wp-json\/wp\/v2\/media?parent=2178"}],"curies":[{"name":"wp","href":"https:\/\/api.w.org\/{rel}","templated":true}]}}