{"id":2174,"date":"2024-09-05T09:22:16","date_gmt":"2024-09-05T09:22:16","guid":{"rendered":"https:\/\/entwicklungsumgebung6729.live-website.com\/?page_id=2174"},"modified":"2025-05-21T12:07:54","modified_gmt":"2025-05-21T12:07:54","slug":"facebook-fuer-unternehmen-smart-pr-erfolgreiches-social-media-marketing","status":"publish","type":"page","link":"https:\/\/smart-pr.de\/de\/leistungen\/social-media-services\/facebook\/facebook-fuer-unternehmen-smart-pr-erfolgreiches-social-media-marketing\/","title":{"rendered":"Facebook f\u00fcr Unternehmen"},"content":{"rendered":"<div class=\"wpb-content-wrapper\"><p>[vc_row full_width=&#8220;stretch_row_content_no_spaces&#8220; css=&#8220;.vc_custom_1730064475722{margin-top: -30px !important;}&#8220;][vc_column][vc_single_image image=&#8220;10377&#8243; img_size=&#8220;full&#8220; alignment=&#8220;center&#8220; css=&#8220;&#8220;][\/vc_column][\/vc_row][vc_row][vc_column width=&#8220;1\/6&#8243;][\/vc_column][vc_column width=&#8220;2\/3&#8243;][vc_column_text css=&#8220;&#8220;]<\/p>\n<h1><strong>Facebook f\u00fcr Unternehmen<\/strong><\/h1>\n<p>[\/vc_column_text][\/vc_column][vc_column width=&#8220;1\/6&#8243;][\/vc_column][\/vc_row][vc_row][vc_column width=&#8220;1\/6&#8243;][\/vc_column][vc_column width=&#8220;2\/3&#8243;][vc_column_text css=&#8220;&#8220;]F\u00fcr viele Unternehmen ist Facebook mittlerweile selbstverst\u00e4ndlich, um Werbung zu schalten oder auf neue Produkte oder Dienstleistungen aufmerksam zu machen. Dabei k\u00f6nnen gezielt Fans und Zielgruppen angesprochen werden, indem verschiedene Kampagnen strategisch aufgesetzt und auf die jeweiligen Zielgruppen angepasst sind. Unternehmen k\u00f6nnen dar\u00fcber hinaus in den direkten Kontakt zu den Nutzern treten und auf Beitr\u00e4ge direkt eingehen. Community Management wird f\u00fcr Unternehmen ein immer wichtigeres Thema, da es f\u00fcr Kunden h\u00e4ufige einfacher ist, auf Social Media Plattformen Kritik zu \u00e4u\u00dfern als den Kontakt \u00fcber eine Hotline zu suchen.<\/p>\n<p>&nbsp;<\/p>\n<p>Kleine Unternehmen, die gezielt Kunden in ihrer Region oder in bestimmten Fachgebieten ansprechen m\u00f6chten, profitieren besonders stark von einer Pr\u00e4senz auf Facebook. Ein Unternehmensprofil auf Facebook ist weit mehr als nur ein digitales Schaufenster \u2013 es er\u00f6ffnet vielf\u00e4ltige M\u00f6glichkeiten zur direkten Interaktion mit potenziellen Kunden. Sobald Unternehmen die Funktionsweise der Plattform verstehen, k\u00f6nnen sie gezielt Aktionen durchf\u00fchren, um ihre Kundschaft zu binden. Dies umfasst das Ank\u00fcndigen von Veranstaltungen, das Ver\u00f6ffentlichen von Angeboten oder das Durchf\u00fchren von Umfragen, alles \u00fcber das Unternehmenskonto auf Facebook. Zudem lassen sich \u00fcber die Plattform Anzeigen schalten und Verk\u00e4ufe abwickeln.<\/p>\n<p>&nbsp;<\/p>\n<p>Facebook bietet Unternehmen auch die M\u00f6glichkeit, sich in zahlreichen thematisch spezialisierten Gruppen zu engagieren. Diese Gruppen bieten einen gro\u00dfen Vorteil: Selbstst\u00e4ndige und Mitarbeiter k\u00f6nnen \u00fcber das Unternehmensprofil diesen Gruppen beitreten, um direkt mit ihrer Zielgruppe in Kontakt zu treten und ohne gro\u00dfe Kosten wertvolle Tipps und Informationen auszutauschen. Ob es um Themen wie Essen, Handwerk, Bildung, Finanzen oder Beauty geht \u2013 die Vielfalt und Spezialisierung der Gruppen machen Facebook besonders attraktiv f\u00fcr Unternehmen.<\/p>\n<p>&nbsp;<\/p>\n<p>F\u00fcr regionale Anbieter ist Facebook ebenfalls eine wichtige Plattform, um mit der Zielgruppe in lokalen Gruppen ihrer Stadt oder Region in Kontakt zu treten und diesen Kontakt zu pflegen. Ein Unternehmensprofil auf Facebook lohnt sich daher f\u00fcr Betriebe aller Branchen und Gr\u00f6\u00dfen. Ein B\u00e4cker k\u00f6nnte beispielsweise durch geschickte Aktionen eine neue Brotsorte in der ganzen Stadt bekannt machen, oder eine Boutique-Besitzerin k\u00f6nnte ihre neuesten Outfits pr\u00e4sentieren und zum Anprobieren einladen. Ein Fahrradh\u00e4ndler k\u00f6nnte in Videos wertvolle Kauf-Tipps geben und so Vertrauen aufbauen.<\/p>\n<p>&nbsp;<\/p>\n<p>Auch im Bereich der Unternehmenskommunikation und Kundenbindung bietet Facebook zahlreiche M\u00f6glichkeiten. Bildstrecken, die Einblicke in aktuelle Projekte geben, oder Beitr\u00e4ge zu CSR-Initiativen k\u00f6nnen das Unternehmensimage st\u00e4rken und neue Kundengruppen ansprechen. Unternehmen, die auf Facebook echten Mehrwert bieten \u2013 sei es durch Informationen, Unterhaltung oder n\u00fctzliche Tipps \u2013 bauen nicht nur Vertrauen auf, sondern k\u00f6nnen auch weiter entfernt lebende Kunden gewinnen. Facebook kann somit nicht nur das Unternehmensimage f\u00f6rdern, sondern auch direkt zu Umsatzsteigerungen beitragen. Unternehmen k\u00f6nnen ihr Facebook-Unternehmensprofil leicht erstellen und verifizieren \u2013 eine Anleitung dazu findet sich auf der Facebook-Webseite. Das Einrichten eines Unternehmenskontos auf Facebook ist kostenfrei, ebenso wie die Nutzung eines pers\u00f6nlichen Profils, das f\u00fcr die Verwaltung des Unternehmensauftritts erforderlich ist. Facebooks Mutterkonzern Meta stellt Unternehmen zudem zahlreiche Ideen, Tipps und Tools zur Verf\u00fcgung, um den Start auf Facebook Business zu erleichtern.<\/p>\n<p>&nbsp;<\/p>\n<p>Allerdings reicht es oft nicht aus, einfach nur ein Profil zu erstellen. Um die gesamte Bandbreite an M\u00f6glichkeiten und Vorteilen der Plattform voll auszusch\u00f6pfen, ist eine gezielte Optimierung des Unternehmensauftritts notwendig. Facebook verwendet Algorithmen, um Inhalte zu bewerten, wobei die genauen Kriterien und Rangordnungen regelm\u00e4\u00dfig angepasst werden. Diese dynamischen \u00c4nderungen machen es f\u00fcr Unternehmen schwierig, immer auf dem neuesten Stand zu bleiben.<\/p>\n<p>&nbsp;<\/p>\n<p>Aus diesem Grund kann es sinnvoll sein, mit einer Agentur zusammenzuarbeiten, die auf Social Media spezialisiert ist. Solche Agenturen haben die Expertise, um kontinuierlich die neuesten \u00c4nderungen und Best Practices zu verfolgen, was oft \u00fcber die Kapazit\u00e4ten eines internen Teams hinausgeht. Dies stellt sicher, dass der Unternehmensauftritt auf Facebook stets optimal genutzt wird und die Sichtbarkeit der Marke erh\u00f6ht wird.[\/vc_column_text][\/vc_column][vc_column width=&#8220;1\/6&#8243;][\/vc_column][\/vc_row]<\/p>\n<\/div>","protected":false},"excerpt":{"rendered":"[vc_row full_width=\"stretch_row_content_no_spaces\" css=\".vc_custom_1730064475722{margin-top: -30px !important;}\"][vc_column][vc_single_image image=\"10377\" img_size=\"full\" alignment=\"center\" css=\"\"][\/vc_column][\/vc_row][vc_row][vc_column width=\"1\/6\"][\/vc_column][vc_column width=\"2\/3\"][vc_column_text css=\"\"] Facebook f\u00fcr Unternehmen<span class=\"excerpt-hellip\"> [\u2026]<\/span>","protected":false},"author":2,"featured_media":0,"parent":1963,"menu_order":0,"comment_status":"closed","ping_status":"closed","template":"","meta":{"footnotes":""},"class_list":["post-2174","page","type-page","status-publish","hentry"],"yoast_head":"<!-- This site is optimized with the Yoast SEO plugin v25.6 - https:\/\/yoast.com\/wordpress\/plugins\/seo\/ -->\n<title>Facebook f\u00fcr Unternehmen \u2013 Erfolgreiches Social Media Marketing<\/title>\n<meta name=\"description\" content=\"Erfolgreiches Facebook-Marketing f\u00fcr Unternehmen mit SMART PR. Wir entwickeln Strategien f\u00fcr mehr Reichweite und Engagement.\" \/>\n<meta name=\"robots\" content=\"index, follow, max-snippet:-1, max-image-preview:large, max-video-preview:-1\" \/>\n<link rel=\"canonical\" href=\"https:\/\/smart-pr.de\/de\/leistungen\/social-media-services\/facebook\/facebook-fuer-unternehmen-smart-pr-erfolgreiches-social-media-marketing\/\" \/>\n<meta property=\"og:locale\" content=\"de_DE\" \/>\n<meta property=\"og:type\" content=\"article\" \/>\n<meta property=\"og:title\" content=\"Facebook f\u00fcr Unternehmen \u2013 Erfolgreiches Social Media Marketing\" \/>\n<meta property=\"og:description\" content=\"Erfolgreiches Facebook-Marketing f\u00fcr Unternehmen mit SMART PR. Wir entwickeln Strategien f\u00fcr mehr Reichweite und Engagement.\" \/>\n<meta property=\"og:url\" content=\"https:\/\/smart-pr.de\/de\/leistungen\/social-media-services\/facebook\/facebook-fuer-unternehmen-smart-pr-erfolgreiches-social-media-marketing\/\" \/>\n<meta property=\"og:site_name\" content=\"SMART PR \/\/ Ihre PR-Agentur in D\u00fcsseldorf\" \/>\n<meta property=\"article:modified_time\" content=\"2025-05-21T12:07:54+00:00\" \/>\n<meta name=\"twitter:card\" content=\"summary_large_image\" \/>\n<meta name=\"twitter:label1\" content=\"Gesch\u00e4tzte Lesezeit\" \/>\n\t<meta name=\"twitter:data1\" content=\"4\u00a0Minuten\" \/>\n<script type=\"application\/ld+json\" class=\"yoast-schema-graph\">{\"@context\":\"https:\/\/schema.org\",\"@graph\":[{\"@type\":\"WebPage\",\"@id\":\"https:\/\/smart-pr.de\/de\/leistungen\/social-media-services\/facebook\/facebook-fuer-unternehmen-smart-pr-erfolgreiches-social-media-marketing\/\",\"url\":\"https:\/\/smart-pr.de\/de\/leistungen\/social-media-services\/facebook\/facebook-fuer-unternehmen-smart-pr-erfolgreiches-social-media-marketing\/\",\"name\":\"Facebook f\u00fcr Unternehmen \u2013 Erfolgreiches Social Media Marketing\",\"isPartOf\":{\"@id\":\"https:\/\/smart-pr.de\/de\/#website\"},\"datePublished\":\"2024-09-05T09:22:16+00:00\",\"dateModified\":\"2025-05-21T12:07:54+00:00\",\"description\":\"Erfolgreiches Facebook-Marketing f\u00fcr Unternehmen mit SMART PR. Wir entwickeln Strategien f\u00fcr mehr Reichweite und Engagement.\",\"breadcrumb\":{\"@id\":\"https:\/\/smart-pr.de\/de\/leistungen\/social-media-services\/facebook\/facebook-fuer-unternehmen-smart-pr-erfolgreiches-social-media-marketing\/#breadcrumb\"},\"inLanguage\":\"de\",\"potentialAction\":[{\"@type\":\"ReadAction\",\"target\":[\"https:\/\/smart-pr.de\/de\/leistungen\/social-media-services\/facebook\/facebook-fuer-unternehmen-smart-pr-erfolgreiches-social-media-marketing\/\"]}]},{\"@type\":\"BreadcrumbList\",\"@id\":\"https:\/\/smart-pr.de\/de\/leistungen\/social-media-services\/facebook\/facebook-fuer-unternehmen-smart-pr-erfolgreiches-social-media-marketing\/#breadcrumb\",\"itemListElement\":[{\"@type\":\"ListItem\",\"position\":1,\"name\":\"Startseite\",\"item\":\"https:\/\/smart-pr.de\/de\/\"},{\"@type\":\"ListItem\",\"position\":2,\"name\":\"Leistungen\",\"item\":\"https:\/\/smart-pr.de\/de\/leistungen\/\"},{\"@type\":\"ListItem\",\"position\":3,\"name\":\"Social Media Services\",\"item\":\"https:\/\/smart-pr.de\/de\/leistungen\/social-media-services\/\"},{\"@type\":\"ListItem\",\"position\":4,\"name\":\"Facebook\",\"item\":\"https:\/\/smart-pr.de\/de\/leistungen\/social-media-services\/facebook\/\"},{\"@type\":\"ListItem\",\"position\":5,\"name\":\"Facebook f\u00fcr Unternehmen\"}]},{\"@type\":\"WebSite\",\"@id\":\"https:\/\/smart-pr.de\/de\/#website\",\"url\":\"https:\/\/smart-pr.de\/de\/\",\"name\":\"SMART PR \/\/ Ihre PR-Agentur in D\u00fcsseldorf\",\"description\":\"F\u00fcr ganzheitliche Kommunikation\",\"publisher\":{\"@id\":\"https:\/\/smart-pr.de\/de\/#organization\"},\"potentialAction\":[{\"@type\":\"SearchAction\",\"target\":{\"@type\":\"EntryPoint\",\"urlTemplate\":\"https:\/\/smart-pr.de\/de\/?s={search_term_string}\"},\"query-input\":{\"@type\":\"PropertyValueSpecification\",\"valueRequired\":true,\"valueName\":\"search_term_string\"}}],\"inLanguage\":\"de\"},{\"@type\":\"Organization\",\"@id\":\"https:\/\/smart-pr.de\/de\/#organization\",\"name\":\"SMART PR \/\/ Ihre PR-Agentur in D\u00fcsseldorf\",\"url\":\"https:\/\/smart-pr.de\/de\/\",\"logo\":{\"@type\":\"ImageObject\",\"inLanguage\":\"de\",\"@id\":\"https:\/\/smart-pr.de\/de\/#\/schema\/logo\/image\/\",\"url\":\"https:\/\/smart-pr.de\/wp-content\/uploads\/2024\/08\/smart-pr-logo-2.png\",\"contentUrl\":\"https:\/\/smart-pr.de\/wp-content\/uploads\/2024\/08\/smart-pr-logo-2.png\",\"width\":1800,\"height\":282,\"caption\":\"SMART PR \/\/ Ihre PR-Agentur in D\u00fcsseldorf\"},\"image\":{\"@id\":\"https:\/\/smart-pr.de\/de\/#\/schema\/logo\/image\/\"}}]}<\/script>\n<!-- \/ Yoast SEO plugin. -->","yoast_head_json":{"title":"Facebook f\u00fcr Unternehmen \u2013 Erfolgreiches Social Media Marketing","description":"Erfolgreiches Facebook-Marketing f\u00fcr Unternehmen mit SMART PR. Wir entwickeln Strategien f\u00fcr mehr Reichweite und Engagement.","robots":{"index":"index","follow":"follow","max-snippet":"max-snippet:-1","max-image-preview":"max-image-preview:large","max-video-preview":"max-video-preview:-1"},"canonical":"https:\/\/smart-pr.de\/de\/leistungen\/social-media-services\/facebook\/facebook-fuer-unternehmen-smart-pr-erfolgreiches-social-media-marketing\/","og_locale":"de_DE","og_type":"article","og_title":"Facebook f\u00fcr Unternehmen \u2013 Erfolgreiches Social Media Marketing","og_description":"Erfolgreiches Facebook-Marketing f\u00fcr Unternehmen mit SMART PR. Wir entwickeln Strategien f\u00fcr mehr Reichweite und Engagement.","og_url":"https:\/\/smart-pr.de\/de\/leistungen\/social-media-services\/facebook\/facebook-fuer-unternehmen-smart-pr-erfolgreiches-social-media-marketing\/","og_site_name":"SMART PR \/\/ Ihre PR-Agentur in D\u00fcsseldorf","article_modified_time":"2025-05-21T12:07:54+00:00","twitter_card":"summary_large_image","twitter_misc":{"Gesch\u00e4tzte Lesezeit":"4\u00a0Minuten"},"schema":{"@context":"https:\/\/schema.org","@graph":[{"@type":"WebPage","@id":"https:\/\/smart-pr.de\/de\/leistungen\/social-media-services\/facebook\/facebook-fuer-unternehmen-smart-pr-erfolgreiches-social-media-marketing\/","url":"https:\/\/smart-pr.de\/de\/leistungen\/social-media-services\/facebook\/facebook-fuer-unternehmen-smart-pr-erfolgreiches-social-media-marketing\/","name":"Facebook f\u00fcr Unternehmen \u2013 Erfolgreiches Social Media Marketing","isPartOf":{"@id":"https:\/\/smart-pr.de\/de\/#website"},"datePublished":"2024-09-05T09:22:16+00:00","dateModified":"2025-05-21T12:07:54+00:00","description":"Erfolgreiches Facebook-Marketing f\u00fcr Unternehmen mit SMART PR. Wir entwickeln Strategien f\u00fcr mehr Reichweite und Engagement.","breadcrumb":{"@id":"https:\/\/smart-pr.de\/de\/leistungen\/social-media-services\/facebook\/facebook-fuer-unternehmen-smart-pr-erfolgreiches-social-media-marketing\/#breadcrumb"},"inLanguage":"de","potentialAction":[{"@type":"ReadAction","target":["https:\/\/smart-pr.de\/de\/leistungen\/social-media-services\/facebook\/facebook-fuer-unternehmen-smart-pr-erfolgreiches-social-media-marketing\/"]}]},{"@type":"BreadcrumbList","@id":"https:\/\/smart-pr.de\/de\/leistungen\/social-media-services\/facebook\/facebook-fuer-unternehmen-smart-pr-erfolgreiches-social-media-marketing\/#breadcrumb","itemListElement":[{"@type":"ListItem","position":1,"name":"Startseite","item":"https:\/\/smart-pr.de\/de\/"},{"@type":"ListItem","position":2,"name":"Leistungen","item":"https:\/\/smart-pr.de\/de\/leistungen\/"},{"@type":"ListItem","position":3,"name":"Social Media Services","item":"https:\/\/smart-pr.de\/de\/leistungen\/social-media-services\/"},{"@type":"ListItem","position":4,"name":"Facebook","item":"https:\/\/smart-pr.de\/de\/leistungen\/social-media-services\/facebook\/"},{"@type":"ListItem","position":5,"name":"Facebook f\u00fcr Unternehmen"}]},{"@type":"WebSite","@id":"https:\/\/smart-pr.de\/de\/#website","url":"https:\/\/smart-pr.de\/de\/","name":"SMART PR \/\/ Ihre PR-Agentur in D\u00fcsseldorf","description":"F\u00fcr ganzheitliche Kommunikation","publisher":{"@id":"https:\/\/smart-pr.de\/de\/#organization"},"potentialAction":[{"@type":"SearchAction","target":{"@type":"EntryPoint","urlTemplate":"https:\/\/smart-pr.de\/de\/?s={search_term_string}"},"query-input":{"@type":"PropertyValueSpecification","valueRequired":true,"valueName":"search_term_string"}}],"inLanguage":"de"},{"@type":"Organization","@id":"https:\/\/smart-pr.de\/de\/#organization","name":"SMART PR \/\/ Ihre PR-Agentur in D\u00fcsseldorf","url":"https:\/\/smart-pr.de\/de\/","logo":{"@type":"ImageObject","inLanguage":"de","@id":"https:\/\/smart-pr.de\/de\/#\/schema\/logo\/image\/","url":"https:\/\/smart-pr.de\/wp-content\/uploads\/2024\/08\/smart-pr-logo-2.png","contentUrl":"https:\/\/smart-pr.de\/wp-content\/uploads\/2024\/08\/smart-pr-logo-2.png","width":1800,"height":282,"caption":"SMART PR \/\/ Ihre PR-Agentur in D\u00fcsseldorf"},"image":{"@id":"https:\/\/smart-pr.de\/de\/#\/schema\/logo\/image\/"}}]}},"_links":{"self":[{"href":"https:\/\/smart-pr.de\/de\/wp-json\/wp\/v2\/pages\/2174","targetHints":{"allow":["GET"]}}],"collection":[{"href":"https:\/\/smart-pr.de\/de\/wp-json\/wp\/v2\/pages"}],"about":[{"href":"https:\/\/smart-pr.de\/de\/wp-json\/wp\/v2\/types\/page"}],"author":[{"embeddable":true,"href":"https:\/\/smart-pr.de\/de\/wp-json\/wp\/v2\/users\/2"}],"replies":[{"embeddable":true,"href":"https:\/\/smart-pr.de\/de\/wp-json\/wp\/v2\/comments?post=2174"}],"version-history":[{"count":7,"href":"https:\/\/smart-pr.de\/de\/wp-json\/wp\/v2\/pages\/2174\/revisions"}],"predecessor-version":[{"id":10379,"href":"https:\/\/smart-pr.de\/de\/wp-json\/wp\/v2\/pages\/2174\/revisions\/10379"}],"up":[{"embeddable":true,"href":"https:\/\/smart-pr.de\/de\/wp-json\/wp\/v2\/pages\/1963"}],"wp:attachment":[{"href":"https:\/\/smart-pr.de\/de\/wp-json\/wp\/v2\/media?parent=2174"}],"curies":[{"name":"wp","href":"https:\/\/api.w.org\/{rel}","templated":true}]}}