{"id":2172,"date":"2024-09-05T09:22:05","date_gmt":"2024-09-05T09:22:05","guid":{"rendered":"https:\/\/entwicklungsumgebung6729.live-website.com\/?page_id=2172"},"modified":"2025-02-04T11:50:37","modified_gmt":"2025-02-04T11:50:37","slug":"facebook-agentur","status":"publish","type":"page","link":"https:\/\/smart-pr.de\/de\/leistungen\/social-media-services\/facebook\/facebook-agentur\/","title":{"rendered":"Facebook Agentur"},"content":{"rendered":"<div class=\"wpb-content-wrapper\"><p>[vc_row full_width=&#8220;stretch_row_content_no_spaces&#8220; css=&#8220;.vc_custom_1730064747223{margin-top: -30px !important;}&#8220;][vc_column][vc_single_image image=&#8220;7782&#8243; img_size=&#8220;full&#8220; css=&#8220;&#8220;][\/vc_column][\/vc_row][vc_row][vc_column width=&#8220;1\/6&#8243;][\/vc_column][vc_column width=&#8220;2\/3&#8243;][vc_column_text css=&#8220;&#8220;]<\/p>\n<h1><strong>Facebook-Agentur: Ma\u00dfgeschneiderte L\u00f6sungen f\u00fcr Ihr Business-Wachstum<\/strong><\/h1>\n<p>[\/vc_column_text][\/vc_column][vc_column width=&#8220;1\/6&#8243;][\/vc_column][\/vc_row][vc_row][vc_column width=&#8220;1\/6&#8243;][\/vc_column][vc_column width=&#8220;2\/3&#8243;][vc_column_text css=&#8220;&#8220;]Als Facebook-Agentur bieten wir spezialisierte Dienstleistungen an, um Ihre Markenpr\u00e4senz auf der Plattform optimal zu nutzen und auszubauen. Da sich Facebook weiterhin als eine der f\u00fchrenden sozialen Plattformen etabliert und st\u00e4ndig weiterentwickelt, ist es f\u00fcr Unternehmen entscheidend, diese Dynamik zu nutzen und sich erfolgreich zu positionieren. Mit unseren ma\u00dfgeschneiderten Angeboten unterst\u00fctzen wir Sie dabei, Ihre Ziele auf Facebook effektiv zu erreichen und von den vielf\u00e4ltigen M\u00f6glichkeiten der Plattform zu profitieren:[\/vc_column_text][\/vc_column][vc_column width=&#8220;1\/6&#8243;][\/vc_column][\/vc_row][vc_row][vc_column width=&#8220;1\/6&#8243;][\/vc_column][vc_column width=&#8220;2\/3&#8243;][vc_column_text css=&#8220;&#8220;]<\/p>\n<h2><strong>Content-Erstellung und -Management<\/strong><\/h2>\n<ul>\n<li>Content-Strategie: Wir entwickeln f\u00fcr Sie eine umfassende Content-Strategie, die auf ihre Kommunikationsziele abgestimmt sind; eine zeitliche und thematische Planung und Konzeption einer langlebigen und erfolgreichen Facebook-Pr\u00e4senz<\/li>\n<li>Erstellung von Inhalten: Dies umfasst die Produktion von Texten, Bildern, Videos und Grafiken, die die Markenbotschaft klar und ansprechend vermitteln; wir stellen sicher, dass der Content auf die Zielgruppe zugeschnitten ist und die Interessen und Bed\u00fcrfnisse der potenziellen Kunden anspricht<\/li>\n<li>Monitoring und Optimierung: Nach der Ver\u00f6ffentlichung \u00fcberwachen wir die Performance der Inhalte, analysieren das Engagement und passen die Strategie bei Bedarf an, um kontinuierlich optimale Ergebnisse zu erzielen<\/li>\n<\/ul>\n<p>[\/vc_column_text][\/vc_column][vc_column width=&#8220;1\/6&#8243;][\/vc_column][\/vc_row][vc_row][vc_column width=&#8220;1\/6&#8243;][\/vc_column][vc_column width=&#8220;2\/3&#8243;][vc_column_text css=&#8220;&#8220;]<\/p>\n<h2><strong>Meta Ads und Werbeanzeigenoptimierung<\/strong><\/h2>\n<ul>\n<li>Zielgruppenanalyse und Targeting: Bevor es mit einer erfolgreichen Anzeigenschaltung losgeht, f\u00fchren wir eine detaillierte Analyse durch, um die Zielgruppe genau zu definieren. Basierend auf diesen Erkenntnissen entwickeln wir f\u00fcr Sie ma\u00dfgeschneiderte Anzeigenkampagnen, die genau auf diese Zielgruppen ausgerichtet sind<\/li>\n<li>Erstellung von Anzeigen: Je nach Werbeziel erstellen wir grafisch und textuell anschauliche Anzeigen, die den maximalen Erfolg der Werbekampagne gew\u00e4hrleisten; dazu geh\u00f6ren Video-, Foto- oder simple Whitepaper oder Websitelink-Ads<\/li>\n<li>A\/B-Testing und Optimierung: Durch kontinuierliches A\/B-Testing testen wir verschiedene Anzeigenvarianten, um herauszufinden, welche am besten performen. Auf dieser Grundlage optimieren wir die Anzeigenkampagnen, um die Klickrate (CTR) und die Konversionsrate (CR) zu maximieren<\/li>\n<\/ul>\n<p>[\/vc_column_text][\/vc_column][vc_column width=&#8220;1\/6&#8243;][\/vc_column][\/vc_row][vc_row][vc_column width=&#8220;1\/6&#8243;][\/vc_column][vc_column width=&#8220;2\/3&#8243;][vc_column_text css=&#8220;&#8220;]<\/p>\n<h2><strong>Influencer Marketing<\/strong><\/h2>\n<ul>\n<li>Identifikation und Auswahl von Influencern: Identifikation von Influencer:innen, die gut zur Marke und den Zielen des Unternehmens passen. Diese Influencer sollten eine relevante und engagierte Zielgruppe haben, die mit der gew\u00fcnschten Kundschaft des Unternehmens \u00fcbereinstimmt<\/li>\n<li>Koordination von Kooperationen: Verhandlung von Kooperationen mit Influencern, Erstellung von Briefings und Sicherstellung, dass die Influencer den gew\u00fcnschten Content im Einklang mit der Markenbotschaft des Unternehmens erstellen<\/li>\n<li>Kampagnenmanagement: Wir \u00fcberwachen f\u00fcr Sie die Durchf\u00fchrung der Influencer-Kampagnen, stellen sicher, dass die vereinbarten Inhalte p\u00fcnktlich ver\u00f6ffentlicht werden und analysieren die Performance der Kampagne<\/li>\n<\/ul>\n<p>[\/vc_column_text][\/vc_column][vc_column width=&#8220;1\/6&#8243;][\/vc_column][\/vc_row][vc_row][vc_column width=&#8220;1\/6&#8243;][\/vc_column][vc_column width=&#8220;2\/3&#8243;][vc_column_text css=&#8220;&#8220;]<\/p>\n<h2><strong>Community-Management<\/strong><\/h2>\n<ul>\n<li>Aufbau und Pflege der Online-Community: SMART PR hilft ihrem Unternehmen dabei, eine engagierte Community rund um ihre Marke aufzubauen; Dies umfasst das Beantworten von Kommentaren, das Moderieren von Diskussionen und das F\u00f6rdern von Interaktionen zwischen den Nutzern.<\/li>\n<li>Kundensupport: Wir \u00fcbernehmen die Aufgabe, auf Kundenanfragen, Beschwerden und Feedback schnell und professionell zu reagieren<\/li>\n<\/ul>\n<p>[\/vc_column_text][\/vc_column][vc_column width=&#8220;1\/6&#8243;][\/vc_column][\/vc_row][vc_row][vc_column width=&#8220;1\/6&#8243;][\/vc_column][vc_column width=&#8220;2\/3&#8243;][vc_column_text css=&#8220;&#8220;]<\/p>\n<h2><strong>Krisenkommunikation<\/strong><\/h2>\n<ul>\n<li>Krisenpr\u00e4vention: Das fr\u00fchzeitige Erkennen potenzieller Probleme und das proaktive Reagieren, um gr\u00f6\u00dfere Krisen zu vermeiden und das Vertrauen der Community zu erhalten<\/li>\n<li>Entwicklung eines Krisenplans: Wir erstellen f\u00fcr Sie einen detaillierten Krisenkommunikationsplan, der Handlungsempfehlungen und Kommunikationsstrategien f\u00fcr verschiedene Krisenszenarien enth\u00e4lt<\/li>\n<\/ul>\n<p>[\/vc_column_text][\/vc_column][vc_column width=&#8220;1\/6&#8243;][\/vc_column][\/vc_row]<\/p>\n<\/div>","protected":false},"excerpt":{"rendered":"[vc_row full_width=\"stretch_row_content_no_spaces\" css=\".vc_custom_1730064747223{margin-top: -30px !important;}\"][vc_column][vc_single_image image=\"7782\" img_size=\"full\" css=\"\"][\/vc_column][\/vc_row][vc_row][vc_column width=\"1\/6\"][\/vc_column][vc_column width=\"2\/3\"][vc_column_text css=\"\"] Facebook-Agentur: Ma\u00dfgeschneiderte L\u00f6sungen f\u00fcr<span class=\"excerpt-hellip\"> [\u2026]<\/span>","protected":false},"author":2,"featured_media":0,"parent":1963,"menu_order":0,"comment_status":"closed","ping_status":"closed","template":"","meta":{"footnotes":""},"class_list":["post-2172","page","type-page","status-publish","hentry"],"yoast_head":"<!-- This site is optimized with the Yoast SEO plugin v25.6 - https:\/\/yoast.com\/wordpress\/plugins\/seo\/ -->\n<title>Facebook Agentur - SMART PR \/\/ Ihre PR-Agentur in D\u00fcsseldorf<\/title>\n<meta name=\"description\" content=\"SMART PR entwickelt Facebook-Strategien f\u00fcr mehr Reichweite und Engagement. Erfolgreiches Social Media Marketing f\u00fcr Unternehmen.\" \/>\n<meta name=\"robots\" content=\"index, follow, max-snippet:-1, max-image-preview:large, max-video-preview:-1\" \/>\n<link rel=\"canonical\" href=\"https:\/\/smart-pr.de\/de\/leistungen\/social-media-services\/facebook\/facebook-agentur\/\" \/>\n<meta property=\"og:locale\" content=\"de_DE\" \/>\n<meta property=\"og:type\" content=\"article\" \/>\n<meta property=\"og:title\" content=\"Facebook Agentur - SMART PR \/\/ Ihre PR-Agentur in D\u00fcsseldorf\" \/>\n<meta property=\"og:description\" content=\"SMART PR entwickelt Facebook-Strategien f\u00fcr mehr Reichweite und Engagement. Erfolgreiches Social Media Marketing f\u00fcr Unternehmen.\" \/>\n<meta property=\"og:url\" content=\"https:\/\/smart-pr.de\/de\/leistungen\/social-media-services\/facebook\/facebook-agentur\/\" \/>\n<meta property=\"og:site_name\" content=\"SMART PR \/\/ Ihre PR-Agentur in D\u00fcsseldorf\" \/>\n<meta property=\"article:modified_time\" content=\"2025-02-04T11:50:37+00:00\" \/>\n<meta name=\"twitter:card\" content=\"summary_large_image\" \/>\n<meta name=\"twitter:label1\" content=\"Gesch\u00e4tzte Lesezeit\" \/>\n\t<meta name=\"twitter:data1\" content=\"3\u00a0Minuten\" \/>\n<script type=\"application\/ld+json\" class=\"yoast-schema-graph\">{\"@context\":\"https:\/\/schema.org\",\"@graph\":[{\"@type\":\"WebPage\",\"@id\":\"https:\/\/smart-pr.de\/de\/leistungen\/social-media-services\/facebook\/facebook-agentur\/\",\"url\":\"https:\/\/smart-pr.de\/de\/leistungen\/social-media-services\/facebook\/facebook-agentur\/\",\"name\":\"Facebook Agentur - SMART PR \/\/ Ihre PR-Agentur in D\u00fcsseldorf\",\"isPartOf\":{\"@id\":\"https:\/\/smart-pr.de\/de\/#website\"},\"datePublished\":\"2024-09-05T09:22:05+00:00\",\"dateModified\":\"2025-02-04T11:50:37+00:00\",\"description\":\"SMART PR entwickelt Facebook-Strategien f\u00fcr mehr Reichweite und Engagement. Erfolgreiches Social Media Marketing f\u00fcr Unternehmen.\",\"breadcrumb\":{\"@id\":\"https:\/\/smart-pr.de\/de\/leistungen\/social-media-services\/facebook\/facebook-agentur\/#breadcrumb\"},\"inLanguage\":\"de\",\"potentialAction\":[{\"@type\":\"ReadAction\",\"target\":[\"https:\/\/smart-pr.de\/de\/leistungen\/social-media-services\/facebook\/facebook-agentur\/\"]}]},{\"@type\":\"BreadcrumbList\",\"@id\":\"https:\/\/smart-pr.de\/de\/leistungen\/social-media-services\/facebook\/facebook-agentur\/#breadcrumb\",\"itemListElement\":[{\"@type\":\"ListItem\",\"position\":1,\"name\":\"Startseite\",\"item\":\"https:\/\/smart-pr.de\/de\/\"},{\"@type\":\"ListItem\",\"position\":2,\"name\":\"Leistungen\",\"item\":\"https:\/\/smart-pr.de\/de\/leistungen\/\"},{\"@type\":\"ListItem\",\"position\":3,\"name\":\"Social Media Services\",\"item\":\"https:\/\/smart-pr.de\/de\/leistungen\/social-media-services\/\"},{\"@type\":\"ListItem\",\"position\":4,\"name\":\"Facebook\",\"item\":\"https:\/\/smart-pr.de\/de\/leistungen\/social-media-services\/facebook\/\"},{\"@type\":\"ListItem\",\"position\":5,\"name\":\"Facebook Agentur\"}]},{\"@type\":\"WebSite\",\"@id\":\"https:\/\/smart-pr.de\/de\/#website\",\"url\":\"https:\/\/smart-pr.de\/de\/\",\"name\":\"SMART PR \/\/ Ihre PR-Agentur in D\u00fcsseldorf\",\"description\":\"F\u00fcr ganzheitliche Kommunikation\",\"publisher\":{\"@id\":\"https:\/\/smart-pr.de\/de\/#organization\"},\"potentialAction\":[{\"@type\":\"SearchAction\",\"target\":{\"@type\":\"EntryPoint\",\"urlTemplate\":\"https:\/\/smart-pr.de\/de\/?s={search_term_string}\"},\"query-input\":{\"@type\":\"PropertyValueSpecification\",\"valueRequired\":true,\"valueName\":\"search_term_string\"}}],\"inLanguage\":\"de\"},{\"@type\":\"Organization\",\"@id\":\"https:\/\/smart-pr.de\/de\/#organization\",\"name\":\"SMART PR \/\/ Ihre PR-Agentur in D\u00fcsseldorf\",\"url\":\"https:\/\/smart-pr.de\/de\/\",\"logo\":{\"@type\":\"ImageObject\",\"inLanguage\":\"de\",\"@id\":\"https:\/\/smart-pr.de\/de\/#\/schema\/logo\/image\/\",\"url\":\"https:\/\/smart-pr.de\/wp-content\/uploads\/2024\/08\/smart-pr-logo-2.png\",\"contentUrl\":\"https:\/\/smart-pr.de\/wp-content\/uploads\/2024\/08\/smart-pr-logo-2.png\",\"width\":1800,\"height\":282,\"caption\":\"SMART PR \/\/ Ihre PR-Agentur in D\u00fcsseldorf\"},\"image\":{\"@id\":\"https:\/\/smart-pr.de\/de\/#\/schema\/logo\/image\/\"}}]}<\/script>\n<!-- \/ Yoast SEO plugin. -->","yoast_head_json":{"title":"Facebook Agentur - SMART PR \/\/ Ihre PR-Agentur in D\u00fcsseldorf","description":"SMART PR entwickelt Facebook-Strategien f\u00fcr mehr Reichweite und Engagement. Erfolgreiches Social Media Marketing f\u00fcr Unternehmen.","robots":{"index":"index","follow":"follow","max-snippet":"max-snippet:-1","max-image-preview":"max-image-preview:large","max-video-preview":"max-video-preview:-1"},"canonical":"https:\/\/smart-pr.de\/de\/leistungen\/social-media-services\/facebook\/facebook-agentur\/","og_locale":"de_DE","og_type":"article","og_title":"Facebook Agentur - SMART PR \/\/ Ihre PR-Agentur in D\u00fcsseldorf","og_description":"SMART PR entwickelt Facebook-Strategien f\u00fcr mehr Reichweite und Engagement. Erfolgreiches Social Media Marketing f\u00fcr Unternehmen.","og_url":"https:\/\/smart-pr.de\/de\/leistungen\/social-media-services\/facebook\/facebook-agentur\/","og_site_name":"SMART PR \/\/ Ihre PR-Agentur in D\u00fcsseldorf","article_modified_time":"2025-02-04T11:50:37+00:00","twitter_card":"summary_large_image","twitter_misc":{"Gesch\u00e4tzte Lesezeit":"3\u00a0Minuten"},"schema":{"@context":"https:\/\/schema.org","@graph":[{"@type":"WebPage","@id":"https:\/\/smart-pr.de\/de\/leistungen\/social-media-services\/facebook\/facebook-agentur\/","url":"https:\/\/smart-pr.de\/de\/leistungen\/social-media-services\/facebook\/facebook-agentur\/","name":"Facebook Agentur - SMART PR \/\/ Ihre PR-Agentur in D\u00fcsseldorf","isPartOf":{"@id":"https:\/\/smart-pr.de\/de\/#website"},"datePublished":"2024-09-05T09:22:05+00:00","dateModified":"2025-02-04T11:50:37+00:00","description":"SMART PR entwickelt Facebook-Strategien f\u00fcr mehr Reichweite und Engagement. Erfolgreiches Social Media Marketing f\u00fcr Unternehmen.","breadcrumb":{"@id":"https:\/\/smart-pr.de\/de\/leistungen\/social-media-services\/facebook\/facebook-agentur\/#breadcrumb"},"inLanguage":"de","potentialAction":[{"@type":"ReadAction","target":["https:\/\/smart-pr.de\/de\/leistungen\/social-media-services\/facebook\/facebook-agentur\/"]}]},{"@type":"BreadcrumbList","@id":"https:\/\/smart-pr.de\/de\/leistungen\/social-media-services\/facebook\/facebook-agentur\/#breadcrumb","itemListElement":[{"@type":"ListItem","position":1,"name":"Startseite","item":"https:\/\/smart-pr.de\/de\/"},{"@type":"ListItem","position":2,"name":"Leistungen","item":"https:\/\/smart-pr.de\/de\/leistungen\/"},{"@type":"ListItem","position":3,"name":"Social Media Services","item":"https:\/\/smart-pr.de\/de\/leistungen\/social-media-services\/"},{"@type":"ListItem","position":4,"name":"Facebook","item":"https:\/\/smart-pr.de\/de\/leistungen\/social-media-services\/facebook\/"},{"@type":"ListItem","position":5,"name":"Facebook Agentur"}]},{"@type":"WebSite","@id":"https:\/\/smart-pr.de\/de\/#website","url":"https:\/\/smart-pr.de\/de\/","name":"SMART PR \/\/ Ihre PR-Agentur in D\u00fcsseldorf","description":"F\u00fcr ganzheitliche Kommunikation","publisher":{"@id":"https:\/\/smart-pr.de\/de\/#organization"},"potentialAction":[{"@type":"SearchAction","target":{"@type":"EntryPoint","urlTemplate":"https:\/\/smart-pr.de\/de\/?s={search_term_string}"},"query-input":{"@type":"PropertyValueSpecification","valueRequired":true,"valueName":"search_term_string"}}],"inLanguage":"de"},{"@type":"Organization","@id":"https:\/\/smart-pr.de\/de\/#organization","name":"SMART PR \/\/ Ihre PR-Agentur in D\u00fcsseldorf","url":"https:\/\/smart-pr.de\/de\/","logo":{"@type":"ImageObject","inLanguage":"de","@id":"https:\/\/smart-pr.de\/de\/#\/schema\/logo\/image\/","url":"https:\/\/smart-pr.de\/wp-content\/uploads\/2024\/08\/smart-pr-logo-2.png","contentUrl":"https:\/\/smart-pr.de\/wp-content\/uploads\/2024\/08\/smart-pr-logo-2.png","width":1800,"height":282,"caption":"SMART PR \/\/ Ihre PR-Agentur in D\u00fcsseldorf"},"image":{"@id":"https:\/\/smart-pr.de\/de\/#\/schema\/logo\/image\/"}}]}},"_links":{"self":[{"href":"https:\/\/smart-pr.de\/de\/wp-json\/wp\/v2\/pages\/2172","targetHints":{"allow":["GET"]}}],"collection":[{"href":"https:\/\/smart-pr.de\/de\/wp-json\/wp\/v2\/pages"}],"about":[{"href":"https:\/\/smart-pr.de\/de\/wp-json\/wp\/v2\/types\/page"}],"author":[{"embeddable":true,"href":"https:\/\/smart-pr.de\/de\/wp-json\/wp\/v2\/users\/2"}],"replies":[{"embeddable":true,"href":"https:\/\/smart-pr.de\/de\/wp-json\/wp\/v2\/comments?post=2172"}],"version-history":[{"count":14,"href":"https:\/\/smart-pr.de\/de\/wp-json\/wp\/v2\/pages\/2172\/revisions"}],"predecessor-version":[{"id":7784,"href":"https:\/\/smart-pr.de\/de\/wp-json\/wp\/v2\/pages\/2172\/revisions\/7784"}],"up":[{"embeddable":true,"href":"https:\/\/smart-pr.de\/de\/wp-json\/wp\/v2\/pages\/1963"}],"wp:attachment":[{"href":"https:\/\/smart-pr.de\/de\/wp-json\/wp\/v2\/media?parent=2172"}],"curies":[{"name":"wp","href":"https:\/\/api.w.org\/{rel}","templated":true}]}}