{"id":2163,"date":"2024-09-05T09:13:13","date_gmt":"2024-09-05T09:13:13","guid":{"rendered":"https:\/\/entwicklungsumgebung6729.live-website.com\/?page_id=2163"},"modified":"2025-02-19T13:05:19","modified_gmt":"2025-02-19T13:05:19","slug":"linkedin-fuer-unternehmen","status":"publish","type":"page","link":"https:\/\/smart-pr.de\/de\/leistungen\/social-media-services\/linkedin\/linkedin-fuer-unternehmen\/","title":{"rendered":"LinkedIn f\u00fcr Unternehmen"},"content":{"rendered":"<div class=\"wpb-content-wrapper\"><p>[vc_row full_width=&#8220;stretch_row_content_no_spaces&#8220; css=&#8220;.vc_custom_1730063745758{margin-top: -30px !important;}&#8220;][vc_column][vc_single_image image=&#8220;7764&#8243; img_size=&#8220;full&#8220; alignment=&#8220;center&#8220; css=&#8220;&#8220;][\/vc_column][\/vc_row][vc_row][vc_column width=&#8220;1\/6&#8243;][\/vc_column][vc_column width=&#8220;2\/3&#8243;][vc_column_text css=&#8220;&#8220;]<\/p>\n<h1><strong>LinkedIn f\u00fcr Unternehmen<\/strong><\/h1>\n<p>[\/vc_column_text][vc_column_text css=&#8220;&#8220;]Als Unternehmen kann man sich eine eigene Firmenseite erstellen und interessante News oder Fachthemen aus der eigenen Branche mit seinem Umfeld teilen.<\/p>\n<p>Einzelne Nutzer:innen k\u00f6nnen den Seiten hier direkt folgen, ohne im Vorfeld eine Anfrage senden zu m\u00fcssen (wie es bei normalen Nutzerprofilen der Fall ist) und erhalten so direkt alle aktuellen News. In erster Linie bietet sich hier, durch regelm\u00e4\u00dfiges Teilen von Inhalten, die Chance f\u00fcr Unternehmen, langfristig eine gr\u00f6\u00dfere Sichtbarkeit als Arbeitgeber:innen sowie Bekanntheit und Reputation als Unternehmen in der Branche aufzubauen, um so neue Kund:innen zu gewinnen.<\/p>\n<p>Des Weiteren erh\u00e4lt man Benachrichtigungen \u00fcber die Interaktion mit den geteilten Beitr\u00e4gen, die R\u00fcckschl\u00fcsse \u00fcber wichtige Thematiken bei Kund:innen, Interessent:innen und (potenziellen) Mitarbeiter:innen liefern. Zus\u00e4tzlich ist der Bewerbungsprozess ein gro\u00dfer Punkt: Viele Nutzer:innen bekommen durch die Unternehmensprofile einen ersten Eindruck vom Unternehmen und entscheiden dann, ob sie sich bewerben wollen. Auf LinkedIn selbst k\u00f6nnen Unternehmen Stellen ausschreiben, welche den passenden Kandidat:innen dann direkt vorgeschlagen werden. Diese k\u00f6nnen danach ganz leicht kontaktiert werden. Durch Kandidatenverwaltungs-Tools k\u00f6nnen diese zus\u00e4tzlich gefiltert, markiert und mit dem eigenen Team geteilt werden \u2013 alles an einem Ort.[\/vc_column_text][\/vc_column][vc_column width=&#8220;1\/6&#8243;][\/vc_column][\/vc_row][vc_row][vc_column width=&#8220;1\/6&#8243;][\/vc_column][vc_column width=&#8220;2\/3&#8243;][vc_column_text css=&#8220;&#8220;]<\/p>\n<h2><strong>So erstellt man ein Unternehmensprofil im Business Netzwerk<\/strong><\/h2>\n<p>Eine Unternehmensseite erstellt man mithilfe des Buttons \u201cUnternehmensprofil erstellen\u201c unter den Apps auf der Startseite. Danach w\u00e4hlt man die Unternehmensgr\u00f6\u00dfe (unter 200 Mitarbeiter:innen, \u00fcber 200 Mitarbeiter:innen, Fokusseite oder Bildungseinrichtung) aus und gibt den offiziellen Namen des Unternehmens ein. Weitere Angaben zur LinkedIn URL und der eigenen Website sind zu erledigen.<\/p>\n<p>Als N\u00e4chstes werden die Basis-Informationen zum Unternehmen per Dropdown-Men\u00fc ausgef\u00fcllt. In den Profildetails wird das Logo hochgeladen und der Slogan mit Kurzbeschreibung des Unternehmens angegeben. N\u00fctzlich ist, dass LinkedIn rechts neben dem Eingabebereich schon eine kleine Seitenvorschau anzeigt. Nach Best\u00e4tigung des Feldes als autorisierter Vertreter:innen des Unternehmens zu handeln folgt dann auch der Button \u201cSeite erstellen\u201d.<\/p>\n<p>Im weiteren Verlauf k\u00f6nnen noch Infos wie Beschreibung, Standorte, Spezialgebiete (z. B.\u00a0<a href=\"https:\/\/smart-pr.de\/social-media-advertising\/\" target=\"_blank\" rel=\"noopener\">Social Media<\/a>) etc. angegeben werden. Die Beschreibung sollte Aktivit\u00e4ten und Produkte der Firma erkl\u00e4ren und am besten Gr\u00fcnde nennen, warum sich potenzielle Follower:innen f\u00fcr diese Seite interessieren sollten. Diese Beschreibung kann in \u00fcber zwanzig unterschiedlichen Sprachen verfasst werden. Dies ist besonders praktisch, wenn man Kund:innen aus dem Ausland hat oder neue gewinnen m\u00f6chte. Hashtags sollten ebenfalls hinzugef\u00fcgt werden, denn diese leiten potenzielle Follower:innen sp\u00e4ter direkt auf das Profil. Ganz am Ende wird die Seite einfach \u00fcber den \u201cPublish-Button\u201d ver\u00f6ffentlicht und ist von da an f\u00fcr alle Nutzer:innen erreichbar.[\/vc_column_text][\/vc_column][vc_column width=&#8220;1\/6&#8243;][\/vc_column][\/vc_row]<\/p>\n<\/div>","protected":false},"excerpt":{"rendered":"[vc_row full_width=\"stretch_row_content_no_spaces\" css=\".vc_custom_1730063745758{margin-top: -30px !important;}\"][vc_column][vc_single_image image=\"7764\" img_size=\"full\" alignment=\"center\" css=\"\"][\/vc_column][\/vc_row][vc_row][vc_column width=\"1\/6\"][\/vc_column][vc_column width=\"2\/3\"][vc_column_text css=\"\"] LinkedIn f\u00fcr Unternehmen<span class=\"excerpt-hellip\"> [\u2026]<\/span>","protected":false},"author":2,"featured_media":0,"parent":1957,"menu_order":0,"comment_status":"closed","ping_status":"closed","template":"","meta":{"footnotes":""},"class_list":["post-2163","page","type-page","status-publish","hentry"],"yoast_head":"<!-- This site is optimized with the Yoast SEO plugin v25.6 - https:\/\/yoast.com\/wordpress\/plugins\/seo\/ -->\n<title>LinkedIn f\u00fcr Unternehmen: Erfolgreich netzwerken<\/title>\n<meta name=\"description\" content=\"Nutzen Sie LinkedIn f\u00fcr Ihre Unternehmenskommunikation. Erfahren Sie, wie Sie Ihre B2B-Strategie auf LinkedIn erfolgreich umsetzen.\" \/>\n<meta name=\"robots\" content=\"index, follow, max-snippet:-1, max-image-preview:large, max-video-preview:-1\" \/>\n<link rel=\"canonical\" href=\"https:\/\/smart-pr.de\/de\/leistungen\/social-media-services\/linkedin\/linkedin-fuer-unternehmen\/\" \/>\n<meta property=\"og:locale\" content=\"de_DE\" \/>\n<meta property=\"og:type\" content=\"article\" \/>\n<meta property=\"og:title\" content=\"LinkedIn f\u00fcr Unternehmen: Erfolgreich netzwerken\" \/>\n<meta property=\"og:description\" content=\"Nutzen Sie LinkedIn f\u00fcr Ihre Unternehmenskommunikation. Erfahren Sie, wie Sie Ihre B2B-Strategie auf LinkedIn erfolgreich umsetzen.\" \/>\n<meta property=\"og:url\" content=\"https:\/\/smart-pr.de\/de\/leistungen\/social-media-services\/linkedin\/linkedin-fuer-unternehmen\/\" \/>\n<meta property=\"og:site_name\" content=\"SMART PR \/\/ Ihre PR-Agentur in D\u00fcsseldorf\" \/>\n<meta property=\"article:modified_time\" content=\"2025-02-19T13:05:19+00:00\" \/>\n<meta name=\"twitter:card\" content=\"summary_large_image\" \/>\n<meta name=\"twitter:label1\" content=\"Gesch\u00e4tzte Lesezeit\" \/>\n\t<meta name=\"twitter:data1\" content=\"3\u00a0Minuten\" \/>\n<script type=\"application\/ld+json\" class=\"yoast-schema-graph\">{\"@context\":\"https:\/\/schema.org\",\"@graph\":[{\"@type\":\"WebPage\",\"@id\":\"https:\/\/smart-pr.de\/de\/leistungen\/social-media-services\/linkedin\/linkedin-fuer-unternehmen\/\",\"url\":\"https:\/\/smart-pr.de\/de\/leistungen\/social-media-services\/linkedin\/linkedin-fuer-unternehmen\/\",\"name\":\"LinkedIn f\u00fcr Unternehmen: Erfolgreich netzwerken\",\"isPartOf\":{\"@id\":\"https:\/\/smart-pr.de\/de\/#website\"},\"datePublished\":\"2024-09-05T09:13:13+00:00\",\"dateModified\":\"2025-02-19T13:05:19+00:00\",\"description\":\"Nutzen Sie LinkedIn f\u00fcr Ihre Unternehmenskommunikation. Erfahren Sie, wie Sie Ihre B2B-Strategie auf LinkedIn erfolgreich umsetzen.\",\"breadcrumb\":{\"@id\":\"https:\/\/smart-pr.de\/de\/leistungen\/social-media-services\/linkedin\/linkedin-fuer-unternehmen\/#breadcrumb\"},\"inLanguage\":\"de\",\"potentialAction\":[{\"@type\":\"ReadAction\",\"target\":[\"https:\/\/smart-pr.de\/de\/leistungen\/social-media-services\/linkedin\/linkedin-fuer-unternehmen\/\"]}]},{\"@type\":\"BreadcrumbList\",\"@id\":\"https:\/\/smart-pr.de\/de\/leistungen\/social-media-services\/linkedin\/linkedin-fuer-unternehmen\/#breadcrumb\",\"itemListElement\":[{\"@type\":\"ListItem\",\"position\":1,\"name\":\"Startseite\",\"item\":\"https:\/\/smart-pr.de\/de\/\"},{\"@type\":\"ListItem\",\"position\":2,\"name\":\"Leistungen\",\"item\":\"https:\/\/smart-pr.de\/de\/leistungen\/\"},{\"@type\":\"ListItem\",\"position\":3,\"name\":\"Social Media Services\",\"item\":\"https:\/\/smart-pr.de\/de\/leistungen\/social-media-services\/\"},{\"@type\":\"ListItem\",\"position\":4,\"name\":\"LinkedIn\",\"item\":\"https:\/\/smart-pr.de\/de\/leistungen\/social-media-services\/linkedin\/\"},{\"@type\":\"ListItem\",\"position\":5,\"name\":\"LinkedIn f\u00fcr Unternehmen\"}]},{\"@type\":\"WebSite\",\"@id\":\"https:\/\/smart-pr.de\/de\/#website\",\"url\":\"https:\/\/smart-pr.de\/de\/\",\"name\":\"SMART PR \/\/ Ihre PR-Agentur in D\u00fcsseldorf\",\"description\":\"F\u00fcr ganzheitliche Kommunikation\",\"publisher\":{\"@id\":\"https:\/\/smart-pr.de\/de\/#organization\"},\"potentialAction\":[{\"@type\":\"SearchAction\",\"target\":{\"@type\":\"EntryPoint\",\"urlTemplate\":\"https:\/\/smart-pr.de\/de\/?s={search_term_string}\"},\"query-input\":{\"@type\":\"PropertyValueSpecification\",\"valueRequired\":true,\"valueName\":\"search_term_string\"}}],\"inLanguage\":\"de\"},{\"@type\":\"Organization\",\"@id\":\"https:\/\/smart-pr.de\/de\/#organization\",\"name\":\"SMART PR \/\/ Ihre PR-Agentur in D\u00fcsseldorf\",\"url\":\"https:\/\/smart-pr.de\/de\/\",\"logo\":{\"@type\":\"ImageObject\",\"inLanguage\":\"de\",\"@id\":\"https:\/\/smart-pr.de\/de\/#\/schema\/logo\/image\/\",\"url\":\"https:\/\/smart-pr.de\/wp-content\/uploads\/2024\/08\/smart-pr-logo-2.png\",\"contentUrl\":\"https:\/\/smart-pr.de\/wp-content\/uploads\/2024\/08\/smart-pr-logo-2.png\",\"width\":1800,\"height\":282,\"caption\":\"SMART PR \/\/ Ihre PR-Agentur in D\u00fcsseldorf\"},\"image\":{\"@id\":\"https:\/\/smart-pr.de\/de\/#\/schema\/logo\/image\/\"}}]}<\/script>\n<!-- \/ Yoast SEO plugin. -->","yoast_head_json":{"title":"LinkedIn f\u00fcr Unternehmen: Erfolgreich netzwerken","description":"Nutzen Sie LinkedIn f\u00fcr Ihre Unternehmenskommunikation. Erfahren Sie, wie Sie Ihre B2B-Strategie auf LinkedIn erfolgreich umsetzen.","robots":{"index":"index","follow":"follow","max-snippet":"max-snippet:-1","max-image-preview":"max-image-preview:large","max-video-preview":"max-video-preview:-1"},"canonical":"https:\/\/smart-pr.de\/de\/leistungen\/social-media-services\/linkedin\/linkedin-fuer-unternehmen\/","og_locale":"de_DE","og_type":"article","og_title":"LinkedIn f\u00fcr Unternehmen: Erfolgreich netzwerken","og_description":"Nutzen Sie LinkedIn f\u00fcr Ihre Unternehmenskommunikation. Erfahren Sie, wie Sie Ihre B2B-Strategie auf LinkedIn erfolgreich umsetzen.","og_url":"https:\/\/smart-pr.de\/de\/leistungen\/social-media-services\/linkedin\/linkedin-fuer-unternehmen\/","og_site_name":"SMART PR \/\/ Ihre PR-Agentur in D\u00fcsseldorf","article_modified_time":"2025-02-19T13:05:19+00:00","twitter_card":"summary_large_image","twitter_misc":{"Gesch\u00e4tzte Lesezeit":"3\u00a0Minuten"},"schema":{"@context":"https:\/\/schema.org","@graph":[{"@type":"WebPage","@id":"https:\/\/smart-pr.de\/de\/leistungen\/social-media-services\/linkedin\/linkedin-fuer-unternehmen\/","url":"https:\/\/smart-pr.de\/de\/leistungen\/social-media-services\/linkedin\/linkedin-fuer-unternehmen\/","name":"LinkedIn f\u00fcr Unternehmen: Erfolgreich netzwerken","isPartOf":{"@id":"https:\/\/smart-pr.de\/de\/#website"},"datePublished":"2024-09-05T09:13:13+00:00","dateModified":"2025-02-19T13:05:19+00:00","description":"Nutzen Sie LinkedIn f\u00fcr Ihre Unternehmenskommunikation. Erfahren Sie, wie Sie Ihre B2B-Strategie auf LinkedIn erfolgreich umsetzen.","breadcrumb":{"@id":"https:\/\/smart-pr.de\/de\/leistungen\/social-media-services\/linkedin\/linkedin-fuer-unternehmen\/#breadcrumb"},"inLanguage":"de","potentialAction":[{"@type":"ReadAction","target":["https:\/\/smart-pr.de\/de\/leistungen\/social-media-services\/linkedin\/linkedin-fuer-unternehmen\/"]}]},{"@type":"BreadcrumbList","@id":"https:\/\/smart-pr.de\/de\/leistungen\/social-media-services\/linkedin\/linkedin-fuer-unternehmen\/#breadcrumb","itemListElement":[{"@type":"ListItem","position":1,"name":"Startseite","item":"https:\/\/smart-pr.de\/de\/"},{"@type":"ListItem","position":2,"name":"Leistungen","item":"https:\/\/smart-pr.de\/de\/leistungen\/"},{"@type":"ListItem","position":3,"name":"Social Media Services","item":"https:\/\/smart-pr.de\/de\/leistungen\/social-media-services\/"},{"@type":"ListItem","position":4,"name":"LinkedIn","item":"https:\/\/smart-pr.de\/de\/leistungen\/social-media-services\/linkedin\/"},{"@type":"ListItem","position":5,"name":"LinkedIn f\u00fcr Unternehmen"}]},{"@type":"WebSite","@id":"https:\/\/smart-pr.de\/de\/#website","url":"https:\/\/smart-pr.de\/de\/","name":"SMART PR \/\/ Ihre PR-Agentur in D\u00fcsseldorf","description":"F\u00fcr ganzheitliche Kommunikation","publisher":{"@id":"https:\/\/smart-pr.de\/de\/#organization"},"potentialAction":[{"@type":"SearchAction","target":{"@type":"EntryPoint","urlTemplate":"https:\/\/smart-pr.de\/de\/?s={search_term_string}"},"query-input":{"@type":"PropertyValueSpecification","valueRequired":true,"valueName":"search_term_string"}}],"inLanguage":"de"},{"@type":"Organization","@id":"https:\/\/smart-pr.de\/de\/#organization","name":"SMART PR \/\/ Ihre PR-Agentur in D\u00fcsseldorf","url":"https:\/\/smart-pr.de\/de\/","logo":{"@type":"ImageObject","inLanguage":"de","@id":"https:\/\/smart-pr.de\/de\/#\/schema\/logo\/image\/","url":"https:\/\/smart-pr.de\/wp-content\/uploads\/2024\/08\/smart-pr-logo-2.png","contentUrl":"https:\/\/smart-pr.de\/wp-content\/uploads\/2024\/08\/smart-pr-logo-2.png","width":1800,"height":282,"caption":"SMART PR \/\/ Ihre PR-Agentur in D\u00fcsseldorf"},"image":{"@id":"https:\/\/smart-pr.de\/de\/#\/schema\/logo\/image\/"}}]}},"_links":{"self":[{"href":"https:\/\/smart-pr.de\/de\/wp-json\/wp\/v2\/pages\/2163","targetHints":{"allow":["GET"]}}],"collection":[{"href":"https:\/\/smart-pr.de\/de\/wp-json\/wp\/v2\/pages"}],"about":[{"href":"https:\/\/smart-pr.de\/de\/wp-json\/wp\/v2\/types\/page"}],"author":[{"embeddable":true,"href":"https:\/\/smart-pr.de\/de\/wp-json\/wp\/v2\/users\/2"}],"replies":[{"embeddable":true,"href":"https:\/\/smart-pr.de\/de\/wp-json\/wp\/v2\/comments?post=2163"}],"version-history":[{"count":10,"href":"https:\/\/smart-pr.de\/de\/wp-json\/wp\/v2\/pages\/2163\/revisions"}],"predecessor-version":[{"id":7766,"href":"https:\/\/smart-pr.de\/de\/wp-json\/wp\/v2\/pages\/2163\/revisions\/7766"}],"up":[{"embeddable":true,"href":"https:\/\/smart-pr.de\/de\/wp-json\/wp\/v2\/pages\/1957"}],"wp:attachment":[{"href":"https:\/\/smart-pr.de\/de\/wp-json\/wp\/v2\/media?parent=2163"}],"curies":[{"name":"wp","href":"https:\/\/api.w.org\/{rel}","templated":true}]}}