{"id":2158,"date":"2024-09-05T09:07:32","date_gmt":"2024-09-05T09:07:32","guid":{"rendered":"https:\/\/entwicklungsumgebung6729.live-website.com\/?page_id=2158"},"modified":"2025-02-11T15:51:54","modified_gmt":"2025-02-11T15:51:54","slug":"linkedin-agentur","status":"publish","type":"page","link":"https:\/\/smart-pr.de\/de\/leistungen\/social-media-services\/linkedin\/linkedin-agentur\/","title":{"rendered":"LinkedIn Agentur"},"content":{"rendered":"<div class=\"wpb-content-wrapper\"><p>[vc_row full_width=&#8220;stretch_row_content_no_spaces&#8220; css=&#8220;.vc_custom_1730064028658{margin-top: -30px !important;}&#8220;][vc_column][vc_single_image image=&#8220;7770&#8243; img_size=&#8220;full&#8220; css=&#8220;&#8220;][\/vc_column][\/vc_row][vc_row][vc_column width=&#8220;1\/6&#8243;][\/vc_column][vc_column width=&#8220;2\/3&#8243;][vc_column_text css=&#8220;&#8220;]<\/p>\n<h1><strong>LinkedIn-Agentur: Erfolgreiche Strategien f\u00fcr Ihre Markenpr\u00e4senz im Business-Netzwerk<\/strong><\/h1>\n<p>[\/vc_column_text][\/vc_column][vc_column width=&#8220;1\/6&#8243;][\/vc_column][\/vc_row][vc_row][vc_column width=&#8220;1\/6&#8243;][\/vc_column][vc_column width=&#8220;2\/3&#8243;][vc_column_text css=&#8220;&#8220;]Als LinkedIn Agentur bieten wir ma\u00dfgeschneiderte Dienstleistungen an, um Ihre Markenpr\u00e4senz auf der Plattform zu maximieren. Da sich LinkedIn vor allem in Zukunft \u00fcber ihren reinen beruflichen Network-Charakter ausbreitet hin zu einer immer facettenreicheren sozialen Plattform, ist es f\u00fcr Unternehmen von besonderer Bedeutung rechtzeitig zu reagieren und von der Entwicklung zu profitieren. Wir helfen Ihnen dabei mit folgenden Angeboten:[\/vc_column_text][\/vc_column][vc_column width=&#8220;1\/6&#8243;][\/vc_column][\/vc_row][vc_row][vc_column width=&#8220;1\/6&#8243;][\/vc_column][vc_column width=&#8220;2\/3&#8243;][vc_column_text css=&#8220;&#8220;]<\/p>\n<h2><strong>Profiloptimierung &amp; Aufbau eines Corporate Influencer Programms<\/strong><\/h2>\n<ul>\n<li>Analyse und Beratung: Wir f\u00fchren f\u00fcr Sie eine umfassende Analyse der aktuellen LinkedIn-Profile des Unternehmens oder Ihrer Mitarbeiter:innen durch, einschlie\u00dflich visueller und inhaltlicher Aspekte<\/li>\n<li>Optimierung der Profilelemente: Die Verbesserung des Profilfotos, das Schreiben einer pr\u00e4gnanten und \u00fcberzeugenden \u00dcberschrift sowie die Optimierung des Zusammenfassungsbereichs; alles soll professionell und Ihrer Corporate Identity entsprechen<\/li>\n<li>Inhaltliche und strategische Unterst\u00fctzung: Entwicklung einer Strategie oder eines Leitfadens, wie Ihre Mitabeiter:innen wertvolle Inhalte erstellen und verbreiten k\u00f6nnen, um die Markenwahrnehmung zu st\u00e4rken und die Reichweite zu erh\u00f6hen<\/li>\n<\/ul>\n<p>[\/vc_column_text][\/vc_column][vc_column width=&#8220;1\/6&#8243;][\/vc_column][\/vc_row][vc_row][vc_column width=&#8220;1\/6&#8243;][\/vc_column][vc_column width=&#8220;2\/3&#8243;][vc_column_text css=&#8220;&#8220;]<\/p>\n<h2><strong>Content-Strategie und -Erstellung<\/strong><\/h2>\n<ul>\n<li>Zielgruppenanalyse: Wir analysieren f\u00fcr Sie die Zielgruppe auf LinkedIn, um deren Bed\u00fcrfnisse, Interessen und Verhaltensweisen zu verstehen<\/li>\n<li>Kreative Gestaltung: Design und visuelle Gestaltung der LinkedIn-Inhalte, um sie ansprechend und professionell zu pr\u00e4sentieren und nach Ihren Anspr\u00fcchen und gestalterischen Vorgaben entsprechen<\/li>\n<li>Content-Planung: Erstellung eines Redaktionsplans, der Themen, Post-Frequenz und Formate (Text, Bilder, Videos, etc.) festlegt; Die Strategie sollte auch auf aktuellen Trends und relevanten Themen basieren, die wir f\u00fcr Sie beobachten und Ihnen bei der idealen Umsetzung beistehen<\/li>\n<\/ul>\n<p>[\/vc_column_text][\/vc_column][vc_column width=&#8220;1\/6&#8243;][\/vc_column][\/vc_row][vc_row][vc_column width=&#8220;1\/6&#8243;][\/vc_column][vc_column width=&#8220;2\/3&#8243;][vc_column_text css=&#8220;&#8220;]<\/p>\n<h2><strong>Community Management<\/strong><\/h2>\n<ul>\n<li>Engagement: Aktives Management der Interaktionen auf der LinkedIn-Seite, einschlie\u00dflich der Beantwortung von Kommentaren und Nachrichten, um die Beziehung zu den Followern zu st\u00e4rken<\/li>\n<li>Monitoring: \u00dcberwachung der Markenwahrnehmung und der Gespr\u00e4che \u00fcber das Unternehmen, um schnell auf eventuelle Krisen oder Chancen reagieren zu k\u00f6nnen und Social Listening ideal in die Tat umzusetzen<\/li>\n<\/ul>\n<p>[\/vc_column_text][\/vc_column][vc_column width=&#8220;1\/6&#8243;][\/vc_column][\/vc_row][vc_row][vc_column width=&#8220;1\/6&#8243;][\/vc_column][vc_column width=&#8220;2\/3&#8243;][vc_column_text css=&#8220;&#8220;]<\/p>\n<h2><strong>LinkedIn Werbung schalten<\/strong><\/h2>\n<ul>\n<li>Zielgerichtete Werbung: Erstellung und Schaltung von LinkedIn Ads, die gezielt auf bestimmte Branchen, Positionen, Unternehmensgr\u00f6\u00dfen oder geografische Regionen ausgerichtet sind und eine optimale Nutzung der Werbem\u00f6glichkeiten auf LinkedIn aussch\u00f6pft. Wir helfen Ihnen bei der richtigen Werbemittelwahl und der Ausarbeitung allumfassender Werbeziele<\/li>\n<li style=\"list-style-type: none;\">\n<ul>\n<li>Kampagnen-Management: \u00dcberwachung der Leistung von Werbekampagnen, einschlie\u00dflich Budgetverwaltung, Anzeigenoptimierung und Leistungsanalyse<\/li>\n<li>Berichterstattung: Erstellung von Reportings, die die Effektivit\u00e4t der Kampagnen zeigen und Handlungsempfehlungen f\u00fcr zuk\u00fcnftige Werbema\u00dfnahmen geben<\/li>\n<\/ul>\n<\/li>\n<\/ul>\n<p>[\/vc_column_text][\/vc_column][vc_column width=&#8220;1\/6&#8243;][\/vc_column][\/vc_row]<\/p>\n<\/div>","protected":false},"excerpt":{"rendered":"[vc_row full_width=\"stretch_row_content_no_spaces\" css=\".vc_custom_1730064028658{margin-top: -30px !important;}\"][vc_column][vc_single_image image=\"7770\" img_size=\"full\" css=\"\"][\/vc_column][\/vc_row][vc_row][vc_column width=\"1\/6\"][\/vc_column][vc_column width=\"2\/3\"][vc_column_text css=\"\"] LinkedIn-Agentur: Erfolgreiche Strategien f\u00fcr<span class=\"excerpt-hellip\"> [\u2026]<\/span>","protected":false},"author":2,"featured_media":0,"parent":1957,"menu_order":0,"comment_status":"closed","ping_status":"closed","template":"","meta":{"footnotes":""},"class_list":["post-2158","page","type-page","status-publish","hentry"],"yoast_head":"<!-- This site is optimized with the Yoast SEO plugin v25.6 - https:\/\/yoast.com\/wordpress\/plugins\/seo\/ -->\n<title>LinkedIn Agentur - SMART PR \/\/ Ihre PR-Agentur in D\u00fcsseldorf<\/title>\n<meta name=\"description\" content=\"Verst\u00e4rken Sie Ihre B2B-Kommunikation mit einer professionellen LinkedIn-Strategie. Wir helfen Ihnen, Ihre B2B-Strategie effektiv umzusetzen.\" \/>\n<meta name=\"robots\" content=\"index, follow, max-snippet:-1, max-image-preview:large, max-video-preview:-1\" \/>\n<link rel=\"canonical\" href=\"https:\/\/smart-pr.de\/de\/leistungen\/social-media-services\/linkedin\/linkedin-agentur\/\" \/>\n<meta property=\"og:locale\" content=\"de_DE\" \/>\n<meta property=\"og:type\" content=\"article\" \/>\n<meta property=\"og:title\" content=\"LinkedIn Agentur - SMART PR \/\/ Ihre PR-Agentur in D\u00fcsseldorf\" \/>\n<meta property=\"og:description\" content=\"Verst\u00e4rken Sie Ihre B2B-Kommunikation mit einer professionellen LinkedIn-Strategie. Wir helfen Ihnen, Ihre B2B-Strategie effektiv umzusetzen.\" \/>\n<meta property=\"og:url\" content=\"https:\/\/smart-pr.de\/de\/leistungen\/social-media-services\/linkedin\/linkedin-agentur\/\" \/>\n<meta property=\"og:site_name\" content=\"SMART PR \/\/ Ihre PR-Agentur in D\u00fcsseldorf\" \/>\n<meta property=\"article:modified_time\" content=\"2025-02-11T15:51:54+00:00\" \/>\n<meta name=\"twitter:card\" content=\"summary_large_image\" \/>\n<meta name=\"twitter:label1\" content=\"Gesch\u00e4tzte Lesezeit\" \/>\n\t<meta name=\"twitter:data1\" content=\"3\u00a0Minuten\" \/>\n<script type=\"application\/ld+json\" class=\"yoast-schema-graph\">{\"@context\":\"https:\/\/schema.org\",\"@graph\":[{\"@type\":\"WebPage\",\"@id\":\"https:\/\/smart-pr.de\/de\/leistungen\/social-media-services\/linkedin\/linkedin-agentur\/\",\"url\":\"https:\/\/smart-pr.de\/de\/leistungen\/social-media-services\/linkedin\/linkedin-agentur\/\",\"name\":\"LinkedIn Agentur - SMART PR \/\/ Ihre PR-Agentur in D\u00fcsseldorf\",\"isPartOf\":{\"@id\":\"https:\/\/smart-pr.de\/de\/#website\"},\"datePublished\":\"2024-09-05T09:07:32+00:00\",\"dateModified\":\"2025-02-11T15:51:54+00:00\",\"description\":\"Verst\u00e4rken Sie Ihre B2B-Kommunikation mit einer professionellen LinkedIn-Strategie. Wir helfen Ihnen, Ihre B2B-Strategie effektiv umzusetzen.\",\"breadcrumb\":{\"@id\":\"https:\/\/smart-pr.de\/de\/leistungen\/social-media-services\/linkedin\/linkedin-agentur\/#breadcrumb\"},\"inLanguage\":\"de\",\"potentialAction\":[{\"@type\":\"ReadAction\",\"target\":[\"https:\/\/smart-pr.de\/de\/leistungen\/social-media-services\/linkedin\/linkedin-agentur\/\"]}]},{\"@type\":\"BreadcrumbList\",\"@id\":\"https:\/\/smart-pr.de\/de\/leistungen\/social-media-services\/linkedin\/linkedin-agentur\/#breadcrumb\",\"itemListElement\":[{\"@type\":\"ListItem\",\"position\":1,\"name\":\"Startseite\",\"item\":\"https:\/\/smart-pr.de\/de\/\"},{\"@type\":\"ListItem\",\"position\":2,\"name\":\"Leistungen\",\"item\":\"https:\/\/smart-pr.de\/de\/leistungen\/\"},{\"@type\":\"ListItem\",\"position\":3,\"name\":\"Social Media Services\",\"item\":\"https:\/\/smart-pr.de\/de\/leistungen\/social-media-services\/\"},{\"@type\":\"ListItem\",\"position\":4,\"name\":\"LinkedIn\",\"item\":\"https:\/\/smart-pr.de\/de\/leistungen\/social-media-services\/linkedin\/\"},{\"@type\":\"ListItem\",\"position\":5,\"name\":\"LinkedIn Agentur\"}]},{\"@type\":\"WebSite\",\"@id\":\"https:\/\/smart-pr.de\/de\/#website\",\"url\":\"https:\/\/smart-pr.de\/de\/\",\"name\":\"SMART PR \/\/ Ihre PR-Agentur in D\u00fcsseldorf\",\"description\":\"F\u00fcr ganzheitliche Kommunikation\",\"publisher\":{\"@id\":\"https:\/\/smart-pr.de\/de\/#organization\"},\"potentialAction\":[{\"@type\":\"SearchAction\",\"target\":{\"@type\":\"EntryPoint\",\"urlTemplate\":\"https:\/\/smart-pr.de\/de\/?s={search_term_string}\"},\"query-input\":{\"@type\":\"PropertyValueSpecification\",\"valueRequired\":true,\"valueName\":\"search_term_string\"}}],\"inLanguage\":\"de\"},{\"@type\":\"Organization\",\"@id\":\"https:\/\/smart-pr.de\/de\/#organization\",\"name\":\"SMART PR \/\/ Ihre PR-Agentur in D\u00fcsseldorf\",\"url\":\"https:\/\/smart-pr.de\/de\/\",\"logo\":{\"@type\":\"ImageObject\",\"inLanguage\":\"de\",\"@id\":\"https:\/\/smart-pr.de\/de\/#\/schema\/logo\/image\/\",\"url\":\"https:\/\/smart-pr.de\/wp-content\/uploads\/2024\/08\/smart-pr-logo-2.png\",\"contentUrl\":\"https:\/\/smart-pr.de\/wp-content\/uploads\/2024\/08\/smart-pr-logo-2.png\",\"width\":1800,\"height\":282,\"caption\":\"SMART PR \/\/ Ihre PR-Agentur in D\u00fcsseldorf\"},\"image\":{\"@id\":\"https:\/\/smart-pr.de\/de\/#\/schema\/logo\/image\/\"}}]}<\/script>\n<!-- \/ Yoast SEO plugin. -->","yoast_head_json":{"title":"LinkedIn Agentur - SMART PR \/\/ Ihre PR-Agentur in D\u00fcsseldorf","description":"Verst\u00e4rken Sie Ihre B2B-Kommunikation mit einer professionellen LinkedIn-Strategie. Wir helfen Ihnen, Ihre B2B-Strategie effektiv umzusetzen.","robots":{"index":"index","follow":"follow","max-snippet":"max-snippet:-1","max-image-preview":"max-image-preview:large","max-video-preview":"max-video-preview:-1"},"canonical":"https:\/\/smart-pr.de\/de\/leistungen\/social-media-services\/linkedin\/linkedin-agentur\/","og_locale":"de_DE","og_type":"article","og_title":"LinkedIn Agentur - SMART PR \/\/ Ihre PR-Agentur in D\u00fcsseldorf","og_description":"Verst\u00e4rken Sie Ihre B2B-Kommunikation mit einer professionellen LinkedIn-Strategie. Wir helfen Ihnen, Ihre B2B-Strategie effektiv umzusetzen.","og_url":"https:\/\/smart-pr.de\/de\/leistungen\/social-media-services\/linkedin\/linkedin-agentur\/","og_site_name":"SMART PR \/\/ Ihre PR-Agentur in D\u00fcsseldorf","article_modified_time":"2025-02-11T15:51:54+00:00","twitter_card":"summary_large_image","twitter_misc":{"Gesch\u00e4tzte Lesezeit":"3\u00a0Minuten"},"schema":{"@context":"https:\/\/schema.org","@graph":[{"@type":"WebPage","@id":"https:\/\/smart-pr.de\/de\/leistungen\/social-media-services\/linkedin\/linkedin-agentur\/","url":"https:\/\/smart-pr.de\/de\/leistungen\/social-media-services\/linkedin\/linkedin-agentur\/","name":"LinkedIn Agentur - SMART PR \/\/ Ihre PR-Agentur in D\u00fcsseldorf","isPartOf":{"@id":"https:\/\/smart-pr.de\/de\/#website"},"datePublished":"2024-09-05T09:07:32+00:00","dateModified":"2025-02-11T15:51:54+00:00","description":"Verst\u00e4rken Sie Ihre B2B-Kommunikation mit einer professionellen LinkedIn-Strategie. Wir helfen Ihnen, Ihre B2B-Strategie effektiv umzusetzen.","breadcrumb":{"@id":"https:\/\/smart-pr.de\/de\/leistungen\/social-media-services\/linkedin\/linkedin-agentur\/#breadcrumb"},"inLanguage":"de","potentialAction":[{"@type":"ReadAction","target":["https:\/\/smart-pr.de\/de\/leistungen\/social-media-services\/linkedin\/linkedin-agentur\/"]}]},{"@type":"BreadcrumbList","@id":"https:\/\/smart-pr.de\/de\/leistungen\/social-media-services\/linkedin\/linkedin-agentur\/#breadcrumb","itemListElement":[{"@type":"ListItem","position":1,"name":"Startseite","item":"https:\/\/smart-pr.de\/de\/"},{"@type":"ListItem","position":2,"name":"Leistungen","item":"https:\/\/smart-pr.de\/de\/leistungen\/"},{"@type":"ListItem","position":3,"name":"Social Media Services","item":"https:\/\/smart-pr.de\/de\/leistungen\/social-media-services\/"},{"@type":"ListItem","position":4,"name":"LinkedIn","item":"https:\/\/smart-pr.de\/de\/leistungen\/social-media-services\/linkedin\/"},{"@type":"ListItem","position":5,"name":"LinkedIn Agentur"}]},{"@type":"WebSite","@id":"https:\/\/smart-pr.de\/de\/#website","url":"https:\/\/smart-pr.de\/de\/","name":"SMART PR \/\/ Ihre PR-Agentur in D\u00fcsseldorf","description":"F\u00fcr ganzheitliche Kommunikation","publisher":{"@id":"https:\/\/smart-pr.de\/de\/#organization"},"potentialAction":[{"@type":"SearchAction","target":{"@type":"EntryPoint","urlTemplate":"https:\/\/smart-pr.de\/de\/?s={search_term_string}"},"query-input":{"@type":"PropertyValueSpecification","valueRequired":true,"valueName":"search_term_string"}}],"inLanguage":"de"},{"@type":"Organization","@id":"https:\/\/smart-pr.de\/de\/#organization","name":"SMART PR \/\/ Ihre PR-Agentur in D\u00fcsseldorf","url":"https:\/\/smart-pr.de\/de\/","logo":{"@type":"ImageObject","inLanguage":"de","@id":"https:\/\/smart-pr.de\/de\/#\/schema\/logo\/image\/","url":"https:\/\/smart-pr.de\/wp-content\/uploads\/2024\/08\/smart-pr-logo-2.png","contentUrl":"https:\/\/smart-pr.de\/wp-content\/uploads\/2024\/08\/smart-pr-logo-2.png","width":1800,"height":282,"caption":"SMART PR \/\/ Ihre PR-Agentur in D\u00fcsseldorf"},"image":{"@id":"https:\/\/smart-pr.de\/de\/#\/schema\/logo\/image\/"}}]}},"_links":{"self":[{"href":"https:\/\/smart-pr.de\/de\/wp-json\/wp\/v2\/pages\/2158","targetHints":{"allow":["GET"]}}],"collection":[{"href":"https:\/\/smart-pr.de\/de\/wp-json\/wp\/v2\/pages"}],"about":[{"href":"https:\/\/smart-pr.de\/de\/wp-json\/wp\/v2\/types\/page"}],"author":[{"embeddable":true,"href":"https:\/\/smart-pr.de\/de\/wp-json\/wp\/v2\/users\/2"}],"replies":[{"embeddable":true,"href":"https:\/\/smart-pr.de\/de\/wp-json\/wp\/v2\/comments?post=2158"}],"version-history":[{"count":13,"href":"https:\/\/smart-pr.de\/de\/wp-json\/wp\/v2\/pages\/2158\/revisions"}],"predecessor-version":[{"id":7797,"href":"https:\/\/smart-pr.de\/de\/wp-json\/wp\/v2\/pages\/2158\/revisions\/7797"}],"up":[{"embeddable":true,"href":"https:\/\/smart-pr.de\/de\/wp-json\/wp\/v2\/pages\/1957"}],"wp:attachment":[{"href":"https:\/\/smart-pr.de\/de\/wp-json\/wp\/v2\/media?parent=2158"}],"curies":[{"name":"wp","href":"https:\/\/api.w.org\/{rel}","templated":true}]}}