{"id":2154,"date":"2024-09-05T09:06:33","date_gmt":"2024-09-05T09:06:33","guid":{"rendered":"https:\/\/entwicklungsumgebung6729.live-website.com\/?page_id=2154"},"modified":"2025-02-11T15:55:50","modified_gmt":"2025-02-11T15:55:50","slug":"linkedin-ads","status":"publish","type":"page","link":"https:\/\/smart-pr.de\/de\/leistungen\/social-media-services\/linkedin\/linkedin-ads\/","title":{"rendered":"LinkedIn Ads"},"content":{"rendered":"<div class=\"wpb-content-wrapper\"><p>[vc_row full_width=&#8220;stretch_row_content_no_spaces&#8220; css=&#8220;.vc_custom_1729156473880{margin-top: -30px !important;margin-right: 0px !important;margin-bottom: 0px !important;margin-left: 0px !important;padding-top: 0px !important;padding-right: 0px !important;padding-bottom: 0px !important;padding-left: 0px !important;}&#8220;][vc_column css=&#8220;.vc_custom_1724400273462{margin-top: 0px !important;margin-right: 0px !important;margin-bottom: 0px !important;margin-left: 0px !important;padding-top: 0px !important;padding-right: 0px !important;padding-bottom: 0px !important;padding-left: 0px !important;}&#8220;][vc_single_image image=&#8220;7767&#8243; img_size=&#8220;full&#8220; alignment=&#8220;center&#8220; css=&#8220;&#8220;][\/vc_column][\/vc_row][vc_row][vc_column width=&#8220;1\/6&#8243;][\/vc_column][vc_column width=&#8220;2\/3&#8243;][vc_column_text css=&#8220;&#8220;]<\/p>\n<h1><strong>LinkedIn Ads: Effektive Werbekampagnen f\u00fcr mehr Business-Erfolg<\/strong><\/h1>\n<p>[\/vc_column_text][\/vc_column][vc_column width=&#8220;1\/6&#8243;][\/vc_column][\/vc_row][vc_row][vc_column width=&#8220;1\/6&#8243;][\/vc_column][vc_column width=&#8220;2\/3&#8243;][vc_column_text css=&#8220;&#8220;]LinkedIn weist derzeit weltweit 1 Milliarde Mitglieder:innen auf und ist als Plattform f\u00fcr das Recruiting sowie f\u00fcr die Pflege bestehender Gesch\u00e4ftskontakte als auch dem Kn\u00fcpfen neuer gesch\u00e4ftlicher Verbindungen bekannt. Daneben bietet das Netzwerk unter anderem Marketern und Marketerinnen auch die M\u00f6glichkeit, sehr zielgerichtete Werbung zu schalten. Werbetreibende k\u00f6nnen Kampagnen an Zielen wie Markenbekanntheit, Lead-Generierung oder Interaktionsrate ausrichten.<\/p>\n<p>Insbesondere im B2B-Umfeld ist LinkedIn eine interessante Werbeplattform, da das Netzwerk im Vergleich zu anderen sozialen Netzwerken \u00fcber tiefergehende Benutzerdaten verf\u00fcgt. Werbetreibende k\u00f6nnen sich diese Datenvielfalt zunutze machen, um auch sehr spezielle Zielgruppen ohne Streuverluste anzusprechen.<\/p>\n<p>Um Anzeigen auf LinkedIn gestalten zu k\u00f6nnen, bedarf es eines Kontos im sogenannten Kampagnen-Manager. Dort k\u00f6nnen Anzeigenkampagnen aufgesetzt sowie Budgets und Ziele festgelegt werden.<\/p>\n<p>Au\u00dferdem erhalten Nutzer:innen dynamische, visuelle Berichte zur Kampagnenperformance. Es werden Aktionen, die durch die jeweilige Kampagne generiert werden, aufgelistet, darunter Gef\u00e4llt-mir-Angaben, geteilte Beitr\u00e4ge, Kommentare und Klicks.<\/p>\n<p>Auch eine Darstellung demografischer Kategorien der LinkedIn Mitglieder:innen, die auf die Anzeigen klicken, unterteilt in Account-, Kampagnen- und Anzeigenebene ist m\u00f6glich.<\/p>\n<p>Im ersten Schritt wird das Kampagnenziel festgelegt. Hier kann zwischen Awareness, Consideration und Conversion gew\u00e4hlt werden. Das Ziel bestimmt dabei, wie es bei der Kampagnenerstellung weitergeht.<\/p>\n<p>Als n\u00e4chstes m\u00fcssen die Targeting-Kriterien angepasst werden. Dadurch erfolgt die Auswahl der Zielgruppe. Neben demografischen Merkmalen bietet LinkedIn sehr umfangreiche Targeting-M\u00f6glichkeiten \u2013 ein sehr gro\u00dfes Plus der Community: Es kann aus\u00a0<strong>20 verschiedenen zielgruppenbezogenen Attributkategorien<\/strong>\u00a0gew\u00e4hlt werden, darunter:[\/vc_column_text][\/vc_column][vc_column width=&#8220;1\/6&#8243;][\/vc_column][\/vc_row][vc_row][vc_column width=&#8220;1\/6&#8243;][\/vc_column][vc_column width=&#8220;2\/3&#8243;][vc_column_text css=&#8220;&#8220;]<\/p>\n<ul>\n<li>Unternehmensgr\u00f6\u00dfe<\/li>\n<li>Unternehmensname<\/li>\n<li>Besuchte Universit\u00e4ten der Mitglieder:innen<\/li>\n<li>Interessen der Mitglieder:innen<\/li>\n<li>Gruppen der Mitglieder:innen<\/li>\n<li>Kenntnisse und F\u00e4higkeiten<\/li>\n<li>Jobbezeichnung<\/li>\n<li>Karrierestufe<\/li>\n<\/ul>\n<p>[\/vc_column_text][\/vc_column][vc_column width=&#8220;1\/6&#8243;][\/vc_column][\/vc_row][vc_row][vc_column width=&#8220;1\/6&#8243;][\/vc_column][vc_column width=&#8220;2\/3&#8243;][vc_column_text css=&#8220;&#8220;]Danach folgt die Festlegung des Budgets und des Zeitplans. Das ausgew\u00e4hlte Kampagnenziel bestimmt dabei, welche Gebotstypen ausgew\u00e4hlt werden k\u00f6nnen. Zu Beginn der Kampagne wird ein Gebot abgegeben, mit welchem dann, innerhalb einer Auktion gegen Angebote anderer Marketer und Marketerinnen, die dieselbe Zielgruppe erreichen m\u00f6chten, angetreten wird. Mit dem Gebot wird festgelegt, wie viel pro Klick, Impression bzw. Sendung ausgegeben werden soll.Die Attraktivit\u00e4t der gew\u00e4hlten Zielgruppe und das spezifische Angebot bestimmen den Betrag, der ben\u00f6tigt wird, um die Auktion zu gewinnen. Es kann zwischen den Gebotstypen manuell, Zielkosten und maximale Verbreitung (automatisiert) gew\u00e4hlt werden. Automatisierte Angebote k\u00f6nnen f\u00fcr alle Kampagnenziele genutzt werden und erzielen die besten Ergebnisse f\u00fcr das vorgegebene Budget. Sie sind au\u00dferdem zeitsparend und werden gezielt ausgespielt. Zielkostenangebote gehen mit vorhersehbaren Kosten einher, verf\u00fcgen \u00fcber eine gezielte Ausspielung, sind zeitsparend und erzielen die bestm\u00f6glichen Ergebnisse anhand festgelegter Kosten pro Ziel.Die Festlegung eines manuellen Gebots eignet sich f\u00fcr alle Ziele au\u00dfer Brand Awareness. Die festgelegten maximalen Gebote werden nicht \u00fcberstiegen und das Gebot wird nicht optimiert.<\/p>\n<p>F\u00fcr alle Gebotstypen k\u00f6nnen Tages- oder Gesamtbudgets festgelegt werden. Auf Basis dieser Voreinstellungen wird anschlie\u00dfend das Anzeigenformat ausgew\u00e4hlt.[\/vc_column_text][\/vc_column][vc_column width=&#8220;1\/6&#8243;][\/vc_column][\/vc_row][vc_row][vc_column width=&#8220;1\/6&#8243;][\/vc_column][vc_column width=&#8220;2\/3&#8243;][vc_column_text css=&#8220;&#8220;]<\/p>\n<h2><strong>Anzeigentypen auf LinkedIn<\/strong><\/h2>\n<p><strong>Sponsored Content<\/strong><\/p>\n<p>Gesponserte Anzeigen stellen beworbene LinkedIn-Posts dar. Es kann zwischen verschiedenen Anzeigenformaten gew\u00e4hlt werden: Single Image Ads, Video Ads und Carousel Ads. Sponsored Content eignet sich, um die wichtigsten Zielgruppen anzusprechen und eine aktive Zielgruppe mit nativen Anzeigen ger\u00e4te\u00fcbergreifend zu erreichen. Des Weiteren k\u00f6nnen mit Sponsored Content Leads generiert, die Brand Awareness gesteigert und wichtige Beziehungen gest\u00e4rkt werden.<\/p>\n<p><strong>Dynamic Ads<\/strong><\/p>\n<p>Dynamic Ads gleichen optisch Text Ads \u2013 allerdings mit einem Unterschied: Bei Dynamic Ads wird jede Anzeige personalisiert und an das Profil des Betrachters oder der Betrachterin angepasst. Dies geschieht, indem der oder die Benutzer:in mit eigenem Namen angesprochen und sein Profilbild angezeigt wird. Das Engagement kann mit drei verschiedenen Formaten gesteigert werden:\u00a0<strong>Follower Ads, Spotlight Ads und Stellenanzeigen.<\/strong><\/p>\n<p><strong>Spotlight Ads<\/strong>\u00a0steigern den Website-Traffic und motivieren zu Handlungen wie einer Registrierung f\u00fcr ein Event. Zudem k\u00f6nnen Produkte in den Mittelpunkt gestellt werden.<\/p>\n<p>\u00dcber\u00a0<strong>personalisierte Ads<\/strong>\u00a0in Form von\u00a0<strong>Stellenanzeigen<\/strong>\u00a0wird die Bewerberanzahl gesteigert: Diese werden den Top-Kandidat:innen ger\u00e4te\u00fcbergreifend angezeigt.[\/vc_column_text][\/vc_column][vc_column width=&#8220;1\/6&#8243;][\/vc_column][\/vc_row][vc_row][vc_column width=&#8220;1\/6&#8243;][\/vc_column][vc_column width=&#8220;2\/3&#8243;][vc_column_text css=&#8220;&#8220;]<\/p>\n<h2><strong>Nach der Kampagne ist vor der Kampagne<\/strong><\/h2>\n<p>Wie bei anderen Social-Media-Werbema\u00dfnahmen gilt es, die Kampagnen zu optimieren. So empfiehlt es sich, das Budget oder die Gebote hin und wieder anzupassen. Im Hinblick auf das Budget k\u00f6nnen Tagesbudgets festgelegt werden, die die Kampagne abbremsen. In diese sollte gezielt am Anfang investiert werden. Bei der Festlegung von h\u00f6heren Tagesbudgets k\u00f6nnen mehr Aktivit\u00e4ten und Daten generiert werden. Auch die Relevanz von Anzeigen wirkt sich auf das Budget aus. Diese sollten stetig auf die Zielgruppe angepasst werden, um das Budget im Laufe der Zeit effektiver zu nutzen.[\/vc_column_text][\/vc_column][vc_column width=&#8220;1\/6&#8243;][\/vc_column][\/vc_row]<\/p>\n<\/div>","protected":false},"excerpt":{"rendered":"[vc_row full_width=\"stretch_row_content_no_spaces\" css=\".vc_custom_1729156473880{margin-top: -30px !important;margin-right: 0px !important;margin-bottom: 0px !important;margin-left: 0px !important;padding-top: 0px !important;padding-right: 0px !important;padding-bottom:<span class=\"excerpt-hellip\"> [\u2026]<\/span>","protected":false},"author":2,"featured_media":0,"parent":1957,"menu_order":0,"comment_status":"closed","ping_status":"closed","template":"","meta":{"footnotes":""},"class_list":["post-2154","page","type-page","status-publish","hentry"],"yoast_head":"<!-- This site is optimized with the Yoast SEO plugin v25.6 - https:\/\/yoast.com\/wordpress\/plugins\/seo\/ -->\n<title>LinkedIn Ads - SMART PR \/\/ Ihre PR-Agentur in D\u00fcsseldorf<\/title>\n<meta name=\"description\" content=\"Nutzen Sie LinkedIn Ads f\u00fcr gezielte B2B-Kampagnen. Erh\u00f6hen Sie Ihre Reichweite und generieren Sie qualifizierte Leads mit SMART PR.\" \/>\n<meta name=\"robots\" content=\"index, follow, max-snippet:-1, max-image-preview:large, max-video-preview:-1\" \/>\n<link rel=\"canonical\" href=\"https:\/\/smart-pr.de\/de\/leistungen\/social-media-services\/linkedin\/linkedin-ads\/\" \/>\n<meta property=\"og:locale\" content=\"de_DE\" \/>\n<meta property=\"og:type\" content=\"article\" \/>\n<meta property=\"og:title\" content=\"LinkedIn Ads - SMART PR \/\/ Ihre PR-Agentur in D\u00fcsseldorf\" \/>\n<meta property=\"og:description\" content=\"Nutzen Sie LinkedIn Ads f\u00fcr gezielte B2B-Kampagnen. Erh\u00f6hen Sie Ihre Reichweite und generieren Sie qualifizierte Leads mit SMART PR.\" \/>\n<meta property=\"og:url\" content=\"https:\/\/smart-pr.de\/de\/leistungen\/social-media-services\/linkedin\/linkedin-ads\/\" \/>\n<meta property=\"og:site_name\" content=\"SMART PR \/\/ Ihre PR-Agentur in D\u00fcsseldorf\" \/>\n<meta property=\"article:modified_time\" content=\"2025-02-11T15:55:50+00:00\" \/>\n<meta name=\"twitter:card\" content=\"summary_large_image\" \/>\n<meta name=\"twitter:label1\" content=\"Gesch\u00e4tzte Lesezeit\" \/>\n\t<meta name=\"twitter:data1\" content=\"5\u00a0Minuten\" \/>\n<script type=\"application\/ld+json\" class=\"yoast-schema-graph\">{\"@context\":\"https:\/\/schema.org\",\"@graph\":[{\"@type\":\"WebPage\",\"@id\":\"https:\/\/smart-pr.de\/de\/leistungen\/social-media-services\/linkedin\/linkedin-ads\/\",\"url\":\"https:\/\/smart-pr.de\/de\/leistungen\/social-media-services\/linkedin\/linkedin-ads\/\",\"name\":\"LinkedIn Ads - SMART PR \/\/ Ihre PR-Agentur in D\u00fcsseldorf\",\"isPartOf\":{\"@id\":\"https:\/\/smart-pr.de\/de\/#website\"},\"datePublished\":\"2024-09-05T09:06:33+00:00\",\"dateModified\":\"2025-02-11T15:55:50+00:00\",\"description\":\"Nutzen Sie LinkedIn Ads f\u00fcr gezielte B2B-Kampagnen. Erh\u00f6hen Sie Ihre Reichweite und generieren Sie qualifizierte Leads mit SMART PR.\",\"breadcrumb\":{\"@id\":\"https:\/\/smart-pr.de\/de\/leistungen\/social-media-services\/linkedin\/linkedin-ads\/#breadcrumb\"},\"inLanguage\":\"de\",\"potentialAction\":[{\"@type\":\"ReadAction\",\"target\":[\"https:\/\/smart-pr.de\/de\/leistungen\/social-media-services\/linkedin\/linkedin-ads\/\"]}]},{\"@type\":\"BreadcrumbList\",\"@id\":\"https:\/\/smart-pr.de\/de\/leistungen\/social-media-services\/linkedin\/linkedin-ads\/#breadcrumb\",\"itemListElement\":[{\"@type\":\"ListItem\",\"position\":1,\"name\":\"Startseite\",\"item\":\"https:\/\/smart-pr.de\/de\/\"},{\"@type\":\"ListItem\",\"position\":2,\"name\":\"Leistungen\",\"item\":\"https:\/\/smart-pr.de\/de\/leistungen\/\"},{\"@type\":\"ListItem\",\"position\":3,\"name\":\"Social Media Services\",\"item\":\"https:\/\/smart-pr.de\/de\/leistungen\/social-media-services\/\"},{\"@type\":\"ListItem\",\"position\":4,\"name\":\"LinkedIn\",\"item\":\"https:\/\/smart-pr.de\/de\/leistungen\/social-media-services\/linkedin\/\"},{\"@type\":\"ListItem\",\"position\":5,\"name\":\"LinkedIn Ads\"}]},{\"@type\":\"WebSite\",\"@id\":\"https:\/\/smart-pr.de\/de\/#website\",\"url\":\"https:\/\/smart-pr.de\/de\/\",\"name\":\"SMART PR \/\/ Ihre PR-Agentur in D\u00fcsseldorf\",\"description\":\"F\u00fcr ganzheitliche Kommunikation\",\"publisher\":{\"@id\":\"https:\/\/smart-pr.de\/de\/#organization\"},\"potentialAction\":[{\"@type\":\"SearchAction\",\"target\":{\"@type\":\"EntryPoint\",\"urlTemplate\":\"https:\/\/smart-pr.de\/de\/?s={search_term_string}\"},\"query-input\":{\"@type\":\"PropertyValueSpecification\",\"valueRequired\":true,\"valueName\":\"search_term_string\"}}],\"inLanguage\":\"de\"},{\"@type\":\"Organization\",\"@id\":\"https:\/\/smart-pr.de\/de\/#organization\",\"name\":\"SMART PR \/\/ Ihre PR-Agentur in D\u00fcsseldorf\",\"url\":\"https:\/\/smart-pr.de\/de\/\",\"logo\":{\"@type\":\"ImageObject\",\"inLanguage\":\"de\",\"@id\":\"https:\/\/smart-pr.de\/de\/#\/schema\/logo\/image\/\",\"url\":\"https:\/\/smart-pr.de\/wp-content\/uploads\/2024\/08\/smart-pr-logo-2.png\",\"contentUrl\":\"https:\/\/smart-pr.de\/wp-content\/uploads\/2024\/08\/smart-pr-logo-2.png\",\"width\":1800,\"height\":282,\"caption\":\"SMART PR \/\/ Ihre PR-Agentur in D\u00fcsseldorf\"},\"image\":{\"@id\":\"https:\/\/smart-pr.de\/de\/#\/schema\/logo\/image\/\"}}]}<\/script>\n<!-- \/ Yoast SEO plugin. -->","yoast_head_json":{"title":"LinkedIn Ads - SMART PR \/\/ Ihre PR-Agentur in D\u00fcsseldorf","description":"Nutzen Sie LinkedIn Ads f\u00fcr gezielte B2B-Kampagnen. Erh\u00f6hen Sie Ihre Reichweite und generieren Sie qualifizierte Leads mit SMART PR.","robots":{"index":"index","follow":"follow","max-snippet":"max-snippet:-1","max-image-preview":"max-image-preview:large","max-video-preview":"max-video-preview:-1"},"canonical":"https:\/\/smart-pr.de\/de\/leistungen\/social-media-services\/linkedin\/linkedin-ads\/","og_locale":"de_DE","og_type":"article","og_title":"LinkedIn Ads - SMART PR \/\/ Ihre PR-Agentur in D\u00fcsseldorf","og_description":"Nutzen Sie LinkedIn Ads f\u00fcr gezielte B2B-Kampagnen. Erh\u00f6hen Sie Ihre Reichweite und generieren Sie qualifizierte Leads mit SMART PR.","og_url":"https:\/\/smart-pr.de\/de\/leistungen\/social-media-services\/linkedin\/linkedin-ads\/","og_site_name":"SMART PR \/\/ Ihre PR-Agentur in D\u00fcsseldorf","article_modified_time":"2025-02-11T15:55:50+00:00","twitter_card":"summary_large_image","twitter_misc":{"Gesch\u00e4tzte Lesezeit":"5\u00a0Minuten"},"schema":{"@context":"https:\/\/schema.org","@graph":[{"@type":"WebPage","@id":"https:\/\/smart-pr.de\/de\/leistungen\/social-media-services\/linkedin\/linkedin-ads\/","url":"https:\/\/smart-pr.de\/de\/leistungen\/social-media-services\/linkedin\/linkedin-ads\/","name":"LinkedIn Ads - SMART PR \/\/ Ihre PR-Agentur in D\u00fcsseldorf","isPartOf":{"@id":"https:\/\/smart-pr.de\/de\/#website"},"datePublished":"2024-09-05T09:06:33+00:00","dateModified":"2025-02-11T15:55:50+00:00","description":"Nutzen Sie LinkedIn Ads f\u00fcr gezielte B2B-Kampagnen. Erh\u00f6hen Sie Ihre Reichweite und generieren Sie qualifizierte Leads mit SMART PR.","breadcrumb":{"@id":"https:\/\/smart-pr.de\/de\/leistungen\/social-media-services\/linkedin\/linkedin-ads\/#breadcrumb"},"inLanguage":"de","potentialAction":[{"@type":"ReadAction","target":["https:\/\/smart-pr.de\/de\/leistungen\/social-media-services\/linkedin\/linkedin-ads\/"]}]},{"@type":"BreadcrumbList","@id":"https:\/\/smart-pr.de\/de\/leistungen\/social-media-services\/linkedin\/linkedin-ads\/#breadcrumb","itemListElement":[{"@type":"ListItem","position":1,"name":"Startseite","item":"https:\/\/smart-pr.de\/de\/"},{"@type":"ListItem","position":2,"name":"Leistungen","item":"https:\/\/smart-pr.de\/de\/leistungen\/"},{"@type":"ListItem","position":3,"name":"Social Media Services","item":"https:\/\/smart-pr.de\/de\/leistungen\/social-media-services\/"},{"@type":"ListItem","position":4,"name":"LinkedIn","item":"https:\/\/smart-pr.de\/de\/leistungen\/social-media-services\/linkedin\/"},{"@type":"ListItem","position":5,"name":"LinkedIn Ads"}]},{"@type":"WebSite","@id":"https:\/\/smart-pr.de\/de\/#website","url":"https:\/\/smart-pr.de\/de\/","name":"SMART PR \/\/ Ihre PR-Agentur in D\u00fcsseldorf","description":"F\u00fcr ganzheitliche Kommunikation","publisher":{"@id":"https:\/\/smart-pr.de\/de\/#organization"},"potentialAction":[{"@type":"SearchAction","target":{"@type":"EntryPoint","urlTemplate":"https:\/\/smart-pr.de\/de\/?s={search_term_string}"},"query-input":{"@type":"PropertyValueSpecification","valueRequired":true,"valueName":"search_term_string"}}],"inLanguage":"de"},{"@type":"Organization","@id":"https:\/\/smart-pr.de\/de\/#organization","name":"SMART PR \/\/ Ihre PR-Agentur in D\u00fcsseldorf","url":"https:\/\/smart-pr.de\/de\/","logo":{"@type":"ImageObject","inLanguage":"de","@id":"https:\/\/smart-pr.de\/de\/#\/schema\/logo\/image\/","url":"https:\/\/smart-pr.de\/wp-content\/uploads\/2024\/08\/smart-pr-logo-2.png","contentUrl":"https:\/\/smart-pr.de\/wp-content\/uploads\/2024\/08\/smart-pr-logo-2.png","width":1800,"height":282,"caption":"SMART PR \/\/ Ihre PR-Agentur in D\u00fcsseldorf"},"image":{"@id":"https:\/\/smart-pr.de\/de\/#\/schema\/logo\/image\/"}}]}},"_links":{"self":[{"href":"https:\/\/smart-pr.de\/de\/wp-json\/wp\/v2\/pages\/2154","targetHints":{"allow":["GET"]}}],"collection":[{"href":"https:\/\/smart-pr.de\/de\/wp-json\/wp\/v2\/pages"}],"about":[{"href":"https:\/\/smart-pr.de\/de\/wp-json\/wp\/v2\/types\/page"}],"author":[{"embeddable":true,"href":"https:\/\/smart-pr.de\/de\/wp-json\/wp\/v2\/users\/2"}],"replies":[{"embeddable":true,"href":"https:\/\/smart-pr.de\/de\/wp-json\/wp\/v2\/comments?post=2154"}],"version-history":[{"count":13,"href":"https:\/\/smart-pr.de\/de\/wp-json\/wp\/v2\/pages\/2154\/revisions"}],"predecessor-version":[{"id":7769,"href":"https:\/\/smart-pr.de\/de\/wp-json\/wp\/v2\/pages\/2154\/revisions\/7769"}],"up":[{"embeddable":true,"href":"https:\/\/smart-pr.de\/de\/wp-json\/wp\/v2\/pages\/1957"}],"wp:attachment":[{"href":"https:\/\/smart-pr.de\/de\/wp-json\/wp\/v2\/media?parent=2154"}],"curies":[{"name":"wp","href":"https:\/\/api.w.org\/{rel}","templated":true}]}}