{"id":2142,"date":"2024-09-04T15:26:04","date_gmt":"2024-09-04T15:26:04","guid":{"rendered":"https:\/\/entwicklungsumgebung6729.live-website.com\/?page_id=2142"},"modified":"2025-02-11T16:09:15","modified_gmt":"2025-02-11T16:09:15","slug":"instagram-ads","status":"publish","type":"page","link":"https:\/\/smart-pr.de\/de\/leistungen\/social-media-services\/instagram\/instagram-ads\/","title":{"rendered":"Instagram Ads"},"content":{"rendered":"<div class=\"wpb-content-wrapper\"><p>[vc_row full_width=&#8220;stretch_row_content_no_spaces&#8220; css=&#8220;.vc_custom_1730059831189{margin-top: -30px !important;}&#8220;][vc_column][vc_single_image image=&#8220;7754&#8243; img_size=&#8220;full&#8220; alignment=&#8220;center&#8220; css=&#8220;&#8220;][\/vc_column][\/vc_row][vc_row][vc_column width=&#8220;1\/6&#8243;][\/vc_column][vc_column width=&#8220;2\/3&#8243;][vc_column_text css=&#8220;&#8220;]<\/p>\n<h1><strong>Instagram Ads: Effektive Kampagnen f\u00fcr Ihre Markenpr\u00e4senz<\/strong><\/h1>\n<p>[\/vc_column_text][vc_column_text css=&#8220;&#8220;]<\/p>\n<h2><strong>Mit Instagram Werbung schalten<br \/>\n<\/strong><strong>Ihr Schl\u00fcssel zu erfolgreichem Marketing<\/strong><\/h2>\n<p><strong>Instagram Ads<\/strong> sind bezahlte Beitr\u00e4ge, die gezielt an bestimmte Zielgruppen ausgespielt werden. Sie erscheinen in Formaten wie Fotos, Reels, Stories oder Karussells und sind f\u00fcr Nutzer:innen kaum von regul\u00e4ren Posts zu unterscheiden \u2013 abgesehen vom \u201esponsored\u201c-Label und n\u00fctzlichen Call-to-Actions (CTAs). Diese Anzeigen f\u00fcgen sich nahtlos in den Feed oder die Stories ein und wirken dadurch weniger st\u00f6rend.<\/p>\n<p>Instagram bietet Unternehmen die M\u00f6glichkeit, ihre Zielgruppe pr\u00e4zise anzusprechen, basierend auf Demografie, Interessen und Verhalten. Mit Formaten wie <strong>Photo Ads, Story Ads, Video Ads, Shopping Ads<\/strong> und <strong>Reel Ads<\/strong> k\u00f6nnen Sie Ihre Marke visuell ansprechend pr\u00e4sentieren und so Engagement, Reichweite und letztlich auch Conversions steigern.<\/p>\n<p>Die Kosten variieren je nach Budget, Dauer und Kampagnenzielen, aber der Vorteil liegt klar auf der Hand: Instagram Ads sind ein effektives Marketinginstrument, das Ihre Markenbekanntheit steigert und f\u00fcr messbare Erfolge sorgt.[\/vc_column_text][\/vc_column][vc_column width=&#8220;1\/6&#8243;][\/vc_column][\/vc_row]<\/p>\n<\/div>","protected":false},"excerpt":{"rendered":"[vc_row full_width=\"stretch_row_content_no_spaces\" css=\".vc_custom_1730059831189{margin-top: -30px !important;}\"][vc_column][vc_single_image image=\"7754\" img_size=\"full\" alignment=\"center\" css=\"\"][\/vc_column][\/vc_row][vc_row][vc_column width=\"1\/6\"][\/vc_column][vc_column width=\"2\/3\"][vc_column_text css=\"\"] Instagram Ads: Effektive<span class=\"excerpt-hellip\"> [\u2026]<\/span>","protected":false},"author":2,"featured_media":5442,"parent":1955,"menu_order":0,"comment_status":"closed","ping_status":"closed","template":"","meta":{"footnotes":""},"class_list":["post-2142","page","type-page","status-publish","has-post-thumbnail","hentry"],"yoast_head":"<!-- This site is optimized with the Yoast SEO plugin v25.6 - https:\/\/yoast.com\/wordpress\/plugins\/seo\/ -->\n<title>Instagram Ads - SMART PR \/\/ Ihre PR-Agentur in D\u00fcsseldorf<\/title>\n<meta name=\"description\" content=\"Nutzen Sie Instagram Ads, um Ihre Marke zu st\u00e4rken. SMART PR hilft Ihnen, gezielte Werbekampagnen auf Instagram zu entwickeln und umzusetzen.\" \/>\n<meta name=\"robots\" content=\"index, follow, max-snippet:-1, max-image-preview:large, max-video-preview:-1\" \/>\n<link rel=\"canonical\" href=\"https:\/\/smart-pr.de\/de\/leistungen\/social-media-services\/instagram\/instagram-ads\/\" \/>\n<meta property=\"og:locale\" content=\"de_DE\" \/>\n<meta property=\"og:type\" content=\"article\" \/>\n<meta property=\"og:title\" content=\"Instagram Ads - SMART PR \/\/ Ihre PR-Agentur in D\u00fcsseldorf\" \/>\n<meta property=\"og:description\" content=\"Nutzen Sie Instagram Ads, um Ihre Marke zu st\u00e4rken. SMART PR hilft Ihnen, gezielte Werbekampagnen auf Instagram zu entwickeln und umzusetzen.\" \/>\n<meta property=\"og:url\" content=\"https:\/\/smart-pr.de\/de\/leistungen\/social-media-services\/instagram\/instagram-ads\/\" \/>\n<meta property=\"og:site_name\" content=\"SMART PR \/\/ Ihre PR-Agentur in D\u00fcsseldorf\" \/>\n<meta property=\"article:modified_time\" content=\"2025-02-11T16:09:15+00:00\" \/>\n<meta property=\"og:image\" content=\"https:\/\/smart-pr.de\/wp-content\/uploads\/2024\/10\/29.jpg\" \/>\n\t<meta property=\"og:image:width\" content=\"1200\" \/>\n\t<meta property=\"og:image:height\" content=\"1200\" \/>\n\t<meta property=\"og:image:type\" content=\"image\/jpeg\" \/>\n<meta name=\"twitter:card\" content=\"summary_large_image\" \/>\n<meta name=\"twitter:label1\" content=\"Gesch\u00e4tzte Lesezeit\" \/>\n\t<meta name=\"twitter:data1\" content=\"2\u00a0Minuten\" \/>\n<script type=\"application\/ld+json\" class=\"yoast-schema-graph\">{\"@context\":\"https:\/\/schema.org\",\"@graph\":[{\"@type\":\"WebPage\",\"@id\":\"https:\/\/smart-pr.de\/de\/leistungen\/social-media-services\/instagram\/instagram-ads\/\",\"url\":\"https:\/\/smart-pr.de\/de\/leistungen\/social-media-services\/instagram\/instagram-ads\/\",\"name\":\"Instagram Ads - SMART PR \/\/ Ihre PR-Agentur in D\u00fcsseldorf\",\"isPartOf\":{\"@id\":\"https:\/\/smart-pr.de\/de\/#website\"},\"primaryImageOfPage\":{\"@id\":\"https:\/\/smart-pr.de\/de\/leistungen\/social-media-services\/instagram\/instagram-ads\/#primaryimage\"},\"image\":{\"@id\":\"https:\/\/smart-pr.de\/de\/leistungen\/social-media-services\/instagram\/instagram-ads\/#primaryimage\"},\"thumbnailUrl\":\"https:\/\/smart-pr.de\/wp-content\/uploads\/2024\/10\/29.jpg\",\"datePublished\":\"2024-09-04T15:26:04+00:00\",\"dateModified\":\"2025-02-11T16:09:15+00:00\",\"description\":\"Nutzen Sie Instagram Ads, um Ihre Marke zu st\u00e4rken. SMART PR hilft Ihnen, gezielte Werbekampagnen auf Instagram zu entwickeln und umzusetzen.\",\"breadcrumb\":{\"@id\":\"https:\/\/smart-pr.de\/de\/leistungen\/social-media-services\/instagram\/instagram-ads\/#breadcrumb\"},\"inLanguage\":\"de\",\"potentialAction\":[{\"@type\":\"ReadAction\",\"target\":[\"https:\/\/smart-pr.de\/de\/leistungen\/social-media-services\/instagram\/instagram-ads\/\"]}]},{\"@type\":\"ImageObject\",\"inLanguage\":\"de\",\"@id\":\"https:\/\/smart-pr.de\/de\/leistungen\/social-media-services\/instagram\/instagram-ads\/#primaryimage\",\"url\":\"https:\/\/smart-pr.de\/wp-content\/uploads\/2024\/10\/29.jpg\",\"contentUrl\":\"https:\/\/smart-pr.de\/wp-content\/uploads\/2024\/10\/29.jpg\",\"width\":1200,\"height\":1200,\"caption\":\"Instagram Ads\"},{\"@type\":\"BreadcrumbList\",\"@id\":\"https:\/\/smart-pr.de\/de\/leistungen\/social-media-services\/instagram\/instagram-ads\/#breadcrumb\",\"itemListElement\":[{\"@type\":\"ListItem\",\"position\":1,\"name\":\"Startseite\",\"item\":\"https:\/\/smart-pr.de\/de\/\"},{\"@type\":\"ListItem\",\"position\":2,\"name\":\"Leistungen\",\"item\":\"https:\/\/smart-pr.de\/de\/leistungen\/\"},{\"@type\":\"ListItem\",\"position\":3,\"name\":\"Social Media Services\",\"item\":\"https:\/\/smart-pr.de\/de\/leistungen\/social-media-services\/\"},{\"@type\":\"ListItem\",\"position\":4,\"name\":\"Instagram\",\"item\":\"https:\/\/smart-pr.de\/de\/leistungen\/social-media-services\/instagram\/\"},{\"@type\":\"ListItem\",\"position\":5,\"name\":\"Instagram Ads\"}]},{\"@type\":\"WebSite\",\"@id\":\"https:\/\/smart-pr.de\/de\/#website\",\"url\":\"https:\/\/smart-pr.de\/de\/\",\"name\":\"SMART PR \/\/ Ihre PR-Agentur in D\u00fcsseldorf\",\"description\":\"F\u00fcr ganzheitliche Kommunikation\",\"publisher\":{\"@id\":\"https:\/\/smart-pr.de\/de\/#organization\"},\"potentialAction\":[{\"@type\":\"SearchAction\",\"target\":{\"@type\":\"EntryPoint\",\"urlTemplate\":\"https:\/\/smart-pr.de\/de\/?s={search_term_string}\"},\"query-input\":{\"@type\":\"PropertyValueSpecification\",\"valueRequired\":true,\"valueName\":\"search_term_string\"}}],\"inLanguage\":\"de\"},{\"@type\":\"Organization\",\"@id\":\"https:\/\/smart-pr.de\/de\/#organization\",\"name\":\"SMART PR \/\/ Ihre PR-Agentur in D\u00fcsseldorf\",\"url\":\"https:\/\/smart-pr.de\/de\/\",\"logo\":{\"@type\":\"ImageObject\",\"inLanguage\":\"de\",\"@id\":\"https:\/\/smart-pr.de\/de\/#\/schema\/logo\/image\/\",\"url\":\"https:\/\/smart-pr.de\/wp-content\/uploads\/2024\/08\/smart-pr-logo-2.png\",\"contentUrl\":\"https:\/\/smart-pr.de\/wp-content\/uploads\/2024\/08\/smart-pr-logo-2.png\",\"width\":1800,\"height\":282,\"caption\":\"SMART PR \/\/ Ihre PR-Agentur in D\u00fcsseldorf\"},\"image\":{\"@id\":\"https:\/\/smart-pr.de\/de\/#\/schema\/logo\/image\/\"}}]}<\/script>\n<!-- \/ Yoast SEO plugin. -->","yoast_head_json":{"title":"Instagram Ads - SMART PR \/\/ Ihre PR-Agentur in D\u00fcsseldorf","description":"Nutzen Sie Instagram Ads, um Ihre Marke zu st\u00e4rken. SMART PR hilft Ihnen, gezielte Werbekampagnen auf Instagram zu entwickeln und umzusetzen.","robots":{"index":"index","follow":"follow","max-snippet":"max-snippet:-1","max-image-preview":"max-image-preview:large","max-video-preview":"max-video-preview:-1"},"canonical":"https:\/\/smart-pr.de\/de\/leistungen\/social-media-services\/instagram\/instagram-ads\/","og_locale":"de_DE","og_type":"article","og_title":"Instagram Ads - SMART PR \/\/ Ihre PR-Agentur in D\u00fcsseldorf","og_description":"Nutzen Sie Instagram Ads, um Ihre Marke zu st\u00e4rken. SMART PR hilft Ihnen, gezielte Werbekampagnen auf Instagram zu entwickeln und umzusetzen.","og_url":"https:\/\/smart-pr.de\/de\/leistungen\/social-media-services\/instagram\/instagram-ads\/","og_site_name":"SMART PR \/\/ Ihre PR-Agentur in D\u00fcsseldorf","article_modified_time":"2025-02-11T16:09:15+00:00","og_image":[{"width":1200,"height":1200,"url":"https:\/\/smart-pr.de\/wp-content\/uploads\/2024\/10\/29.jpg","type":"image\/jpeg"}],"twitter_card":"summary_large_image","twitter_misc":{"Gesch\u00e4tzte Lesezeit":"2\u00a0Minuten"},"schema":{"@context":"https:\/\/schema.org","@graph":[{"@type":"WebPage","@id":"https:\/\/smart-pr.de\/de\/leistungen\/social-media-services\/instagram\/instagram-ads\/","url":"https:\/\/smart-pr.de\/de\/leistungen\/social-media-services\/instagram\/instagram-ads\/","name":"Instagram Ads - SMART PR \/\/ Ihre PR-Agentur in D\u00fcsseldorf","isPartOf":{"@id":"https:\/\/smart-pr.de\/de\/#website"},"primaryImageOfPage":{"@id":"https:\/\/smart-pr.de\/de\/leistungen\/social-media-services\/instagram\/instagram-ads\/#primaryimage"},"image":{"@id":"https:\/\/smart-pr.de\/de\/leistungen\/social-media-services\/instagram\/instagram-ads\/#primaryimage"},"thumbnailUrl":"https:\/\/smart-pr.de\/wp-content\/uploads\/2024\/10\/29.jpg","datePublished":"2024-09-04T15:26:04+00:00","dateModified":"2025-02-11T16:09:15+00:00","description":"Nutzen Sie Instagram Ads, um Ihre Marke zu st\u00e4rken. SMART PR hilft Ihnen, gezielte Werbekampagnen auf Instagram zu entwickeln und umzusetzen.","breadcrumb":{"@id":"https:\/\/smart-pr.de\/de\/leistungen\/social-media-services\/instagram\/instagram-ads\/#breadcrumb"},"inLanguage":"de","potentialAction":[{"@type":"ReadAction","target":["https:\/\/smart-pr.de\/de\/leistungen\/social-media-services\/instagram\/instagram-ads\/"]}]},{"@type":"ImageObject","inLanguage":"de","@id":"https:\/\/smart-pr.de\/de\/leistungen\/social-media-services\/instagram\/instagram-ads\/#primaryimage","url":"https:\/\/smart-pr.de\/wp-content\/uploads\/2024\/10\/29.jpg","contentUrl":"https:\/\/smart-pr.de\/wp-content\/uploads\/2024\/10\/29.jpg","width":1200,"height":1200,"caption":"Instagram Ads"},{"@type":"BreadcrumbList","@id":"https:\/\/smart-pr.de\/de\/leistungen\/social-media-services\/instagram\/instagram-ads\/#breadcrumb","itemListElement":[{"@type":"ListItem","position":1,"name":"Startseite","item":"https:\/\/smart-pr.de\/de\/"},{"@type":"ListItem","position":2,"name":"Leistungen","item":"https:\/\/smart-pr.de\/de\/leistungen\/"},{"@type":"ListItem","position":3,"name":"Social Media Services","item":"https:\/\/smart-pr.de\/de\/leistungen\/social-media-services\/"},{"@type":"ListItem","position":4,"name":"Instagram","item":"https:\/\/smart-pr.de\/de\/leistungen\/social-media-services\/instagram\/"},{"@type":"ListItem","position":5,"name":"Instagram Ads"}]},{"@type":"WebSite","@id":"https:\/\/smart-pr.de\/de\/#website","url":"https:\/\/smart-pr.de\/de\/","name":"SMART PR \/\/ Ihre PR-Agentur in D\u00fcsseldorf","description":"F\u00fcr ganzheitliche Kommunikation","publisher":{"@id":"https:\/\/smart-pr.de\/de\/#organization"},"potentialAction":[{"@type":"SearchAction","target":{"@type":"EntryPoint","urlTemplate":"https:\/\/smart-pr.de\/de\/?s={search_term_string}"},"query-input":{"@type":"PropertyValueSpecification","valueRequired":true,"valueName":"search_term_string"}}],"inLanguage":"de"},{"@type":"Organization","@id":"https:\/\/smart-pr.de\/de\/#organization","name":"SMART PR \/\/ Ihre PR-Agentur in D\u00fcsseldorf","url":"https:\/\/smart-pr.de\/de\/","logo":{"@type":"ImageObject","inLanguage":"de","@id":"https:\/\/smart-pr.de\/de\/#\/schema\/logo\/image\/","url":"https:\/\/smart-pr.de\/wp-content\/uploads\/2024\/08\/smart-pr-logo-2.png","contentUrl":"https:\/\/smart-pr.de\/wp-content\/uploads\/2024\/08\/smart-pr-logo-2.png","width":1800,"height":282,"caption":"SMART PR \/\/ Ihre PR-Agentur in D\u00fcsseldorf"},"image":{"@id":"https:\/\/smart-pr.de\/de\/#\/schema\/logo\/image\/"}}]}},"_links":{"self":[{"href":"https:\/\/smart-pr.de\/de\/wp-json\/wp\/v2\/pages\/2142","targetHints":{"allow":["GET"]}}],"collection":[{"href":"https:\/\/smart-pr.de\/de\/wp-json\/wp\/v2\/pages"}],"about":[{"href":"https:\/\/smart-pr.de\/de\/wp-json\/wp\/v2\/types\/page"}],"author":[{"embeddable":true,"href":"https:\/\/smart-pr.de\/de\/wp-json\/wp\/v2\/users\/2"}],"replies":[{"embeddable":true,"href":"https:\/\/smart-pr.de\/de\/wp-json\/wp\/v2\/comments?post=2142"}],"version-history":[{"count":8,"href":"https:\/\/smart-pr.de\/de\/wp-json\/wp\/v2\/pages\/2142\/revisions"}],"predecessor-version":[{"id":7757,"href":"https:\/\/smart-pr.de\/de\/wp-json\/wp\/v2\/pages\/2142\/revisions\/7757"}],"up":[{"embeddable":true,"href":"https:\/\/smart-pr.de\/de\/wp-json\/wp\/v2\/pages\/1955"}],"wp:featuredmedia":[{"embeddable":true,"href":"https:\/\/smart-pr.de\/de\/wp-json\/wp\/v2\/media\/5442"}],"wp:attachment":[{"href":"https:\/\/smart-pr.de\/de\/wp-json\/wp\/v2\/media?parent=2142"}],"curies":[{"name":"wp","href":"https:\/\/api.w.org\/{rel}","templated":true}]}}