{"id":2131,"date":"2024-09-04T15:06:23","date_gmt":"2024-09-04T15:06:23","guid":{"rendered":"https:\/\/entwicklungsumgebung6729.live-website.com\/?page_id=2131"},"modified":"2025-02-11T15:59:08","modified_gmt":"2025-02-11T15:59:08","slug":"tiktok-agentur","status":"publish","type":"page","link":"https:\/\/smart-pr.de\/de\/leistungen\/social-media-services\/tiktok\/tiktok-agentur\/","title":{"rendered":"TikTok Agentur"},"content":{"rendered":"<div class=\"wpb-content-wrapper\"><p>[vc_row full_width=&#8220;stretch_row_content_no_spaces&#8220; css=&#8220;.vc_custom_1730059866900{margin-top: -30px !important;}&#8220;][vc_column][vc_single_image image=&#8220;7748&#8243; img_size=&#8220;Full&#8220; css=&#8220;&#8220;][\/vc_column][\/vc_row][vc_row][vc_column width=&#8220;1\/6&#8243;][\/vc_column][vc_column width=&#8220;2\/3&#8243;][vc_column_text css=&#8220;&#8220;]<\/p>\n<h1><strong>TikTok-Agentur: Kreative Strategien f\u00fcr mehr Reichweite und Engagement<\/strong><\/h1>\n<p>[\/vc_column_text][vc_column_text css=&#8220;&#8220;]Als spezialisierte Social Media Agentur unterst\u00fctzen wir Sie dabei, die Markenpr\u00e4senz Ihres Unternehmens auf TikTok erfolgreich aufzubauen und zu st\u00e4rken. Wir bieten umfassende Dienstleistungen an, die von der strategischen Planung und kreativen Content-Produktion \u00fcber das Monitoring sowie Management der Accounts bis hin zu gezielten Werbema\u00dfnahmen und Wettbewerbsanalysen reichen. Unser Ziel ist es, Ihre Marke auf TikTok sichtbar zu machen, eine engagierte Community aufzubauen und langfristig messbare Erfolge zu erzielen.[\/vc_column_text][\/vc_column][vc_column width=&#8220;1\/6&#8243;][\/vc_column][\/vc_row][vc_row][vc_column width=&#8220;1\/6&#8243;][\/vc_column][vc_column width=&#8220;2\/3&#8243;][vc_column_text css=&#8220;&#8220;]<\/p>\n<h2><strong>Aufbau und Pflege eines TikTok Accounts:<\/strong><\/h2>\n<p>Wir unterst\u00fctzen Sie bei der\u00a0<strong>strategischen Einrichtung<\/strong>\u00a0und \u00fcbernehmen die\u00a0<strong>kontinuierliche Pflege Ihres TikTok-Accounts<\/strong>. Unser Ziel ist es, f\u00fcr Sie eine starke und ansprechende Pr\u00e4senz aufzubauen sowie Ihren Account als zentrale Plattform f\u00fcr die Markenkommunikation zu etablieren. Dazu geh\u00f6rt die Wahl eines passenden Usernames, das Erstellen eines professionellen Profils sowie die regelm\u00e4\u00dfige Aktualisierung von Informationen, sodass Ihr Profil immer auf dem aktuellsten Stand ist.[\/vc_column_text][vc_column_text css=&#8220;&#8220;]Als spezialisierte Social Media Agentur unterst\u00fctzen wir Sie dabei, die Markenpr\u00e4senz Ihres Unternehmens auf TikTok erfolgreich aufzubauen und zu st\u00e4rken. Wir bieten umfassende Dienstleistungen an, die von der strategischen Planung und kreativen Content-Produktion \u00fcber das Monitoring sowie Management der Accounts bis hin zu gezielten Werbema\u00dfnahmen und Wettbewerbsanalysen reichen. Unser Ziel ist es, Ihre Marke auf TikTok sichtbar zu machen, eine engagierte Community aufzubauen und langfristig messbare Erfolge zu erzielen.[\/vc_column_text][\/vc_column][vc_column width=&#8220;1\/6&#8243;][\/vc_column][\/vc_row][vc_row][vc_column width=&#8220;1\/6&#8243;][\/vc_column][vc_column width=&#8220;2\/3&#8243;][vc_column_text css=&#8220;&#8220;]<\/p>\n<h2><strong>Content Produktion:<\/strong><\/h2>\n<p>Wir entwickeln f\u00fcr Ihr Unternehmen ganz individuell eine kreative Content-Strategie und setzen diese um, um Ihre Zielgruppe zu erreichen und zu begeistern. Unsere umfassende Betreuung beinhaltet die\u00a0<strong>Planung, Produktion und Bearbeitung von hochwertigen Videos<\/strong>, die sowohl unterhaltsam als auch informativ sind sowie Ihre Markenbotschaft klar kommunizieren.[\/vc_column_text][\/vc_column][vc_column width=&#8220;1\/6&#8243;][\/vc_column][\/vc_row][vc_row][vc_column width=&#8220;1\/6&#8243;][\/vc_column][vc_column width=&#8220;2\/3&#8243;][vc_column_text css=&#8220;&#8220;]<\/p>\n<h2><strong>Redaktionsplanung:<\/strong><\/h2>\n<p>Auch die Redaktionsplanung \u00fcbernehmen wir f\u00fcr Sie. Dies beinhaltet die\u00a0<strong>strategische Planung, Erstellung sowie Ver\u00f6ffentlichung von Inhalten auf TikTok<\/strong>. Daf\u00fcr identifizieren wir kontinuierlich relevante Themen und Trends und erstellen einen individuellen Content-Kalender f\u00fcr Ihr Unternehmen. Die Inhalte sind auf die jeweiligen Zielgruppe und Ihre Markenbotschaft abgestimmt. Weiterhin geh\u00f6rt dazu, die Performance der Beitr\u00e4ge zu analysieren und die Strategie basierend auf diesen Daten anzupassen, um die Reichweite und das Engagement kontinuierlich zu steigern.[\/vc_column_text][\/vc_column][vc_column width=&#8220;1\/6&#8243;][\/vc_column][\/vc_row][vc_row][vc_column width=&#8220;1\/6&#8243;][\/vc_column][vc_column width=&#8220;2\/3&#8243;][vc_column_text css=&#8220;&#8220;]<\/p>\n<h2><strong>Monitoring des Accounts:<\/strong><\/h2>\n<p>Die\u00a0<strong>laufende \u00dcberwachung und Analyse Ihrer Account-Performance<\/strong>\u00a0ist die Grundlage f\u00fcr die kontinuierliche Optimierung Ihres TikTok-Auftritts. Anhand relevanter Kennzahlen wie Follower-Wachstum, Engagement-Rate, Videoaufrufe und Kommentare, lesen wir die Resonanz Ihrer Zielgruppe sowie relevante Trends ab und passen die Content-Strategie regelm\u00e4\u00dfig an.[\/vc_column_text][\/vc_column][vc_column width=&#8220;1\/6&#8243;][\/vc_column][\/vc_row][vc_row][vc_column width=&#8220;1\/6&#8243;][\/vc_column][vc_column width=&#8220;2\/3&#8243;][vc_column_text css=&#8220;&#8220;]<\/p>\n<h2><strong>Community Management:<\/strong><\/h2>\n<p>Auch die\u00a0<strong>aktive Interaktion mit der Community<\/strong>\u00a0ist keineswegs zu vernachl\u00e4ssigen. Durch das Beantworten von Kommentaren und Nachrichten st\u00e4rken wir die Markenbindung und bauen eine loyale und aktive Community auf, die gerne mit Ihnen in Interaktion treten.[\/vc_column_text][\/vc_column][vc_column width=&#8220;1\/6&#8243;][\/vc_column][\/vc_row][vc_row][vc_column width=&#8220;1\/6&#8243;][\/vc_column][vc_column width=&#8220;2\/3&#8243;][vc_column_text css=&#8220;&#8220;]<\/p>\n<h2><strong>Ads:<\/strong><\/h2>\n<p>Wir planen und f\u00fchren f\u00fcr Sie zielgerichtete\u00a0<strong>Werbekampagnen auf TikTok<\/strong>\u00a0Dabei haben wir eine Erh\u00f6hung der Reichweite sowie eine passgenaue Ansprache neuer Zielgruppen immer im Blick. Gerne w\u00e4hlen wir f\u00fcr Sie geeignete Werbeformate aus, optimieren die Kampagnenperformance und \u00fcbernehmen die Budgetverwaltung, um maximale Effizienz und Effektivit\u00e4t zu gew\u00e4hrleisten.[\/vc_column_text][\/vc_column][vc_column width=&#8220;1\/6&#8243;][\/vc_column][\/vc_row][vc_row][vc_column width=&#8220;1\/6&#8243;][\/vc_column][vc_column width=&#8220;2\/3&#8243;][vc_column_text css=&#8220;&#8220;]<\/p>\n<h2><strong>Wettbewerbsanalyse:<\/strong><\/h2>\n<p>Um Chancen sowie Risiken so fr\u00fch wie m\u00f6glich zu erkennen, f\u00fchren wir f\u00fcr Sie eine\u00a0<strong>regelm\u00e4\u00dfige Analyse der Aktivit\u00e4ten und Strategien Ihrer Wettbewerber:innen<\/strong>\u00a0durch. Darunter fallen die Untersuchung von Trends, Content-Strategien sowie Performance-Kennzahlen der Konkurrenz, um die Positionierung Ihres Unternehmens auf TikTok zu verbessern und sich einen Wettbewerbsvorteil zu sichern.[\/vc_column_text][\/vc_column][vc_column width=&#8220;1\/6&#8243;][\/vc_column][\/vc_row][vc_row][vc_column width=&#8220;1\/6&#8243;][\/vc_column][vc_column width=&#8220;2\/3&#8243;][vc_column_text css=&#8220;&#8220;]<\/p>\n<h2><strong>Checkliste: So k\u00f6nnen wir Sie unterst\u00fctzen:<\/strong><\/h2>\n<ul>\n<li>Erstellung und Pflege<\/li>\n<li>Entwicklung sowie Umsetzung eigener und passgenauer Social Media Strategie<\/li>\n<li>Channel Management<\/li>\n<li>Community Management<\/li>\n<li>Redaktionsplanung<\/li>\n<li>Monitoring, Evaluation und Optimierung<\/li>\n<li>Wettbewerbsanalyse<\/li>\n<li>Redaktionsplanung<\/li>\n<li>Content Erstellung<\/li>\n<li>Influencer-Marketing<\/li>\n<li>Kontinuierliche Trend-Recherche<\/li>\n<li>TikTok Partnerschaften<\/li>\n<li>Advertising<\/li>\n<\/ul>\n<p>[\/vc_column_text][\/vc_column][vc_column width=&#8220;1\/6&#8243;][\/vc_column][\/vc_row][vc_row][vc_column width=&#8220;1\/6&#8243;][\/vc_column][vc_column width=&#8220;2\/3&#8243;][vc_column_text css=&#8220;&#8220;]<strong>Sie haben noch offene Fragen oder suchen nach einer Social Media Agentur, die Ihr Unternehmen mit kreativen Inhalten auf TikTok bekannt macht? Dann\u00a0<a href=\"https:\/\/smart-pr.de\/kontakt\/\">wenden Sie sich an uns<\/a>. Wir beraten Sie gerne!<\/strong>[\/vc_column_text][\/vc_column][vc_column width=&#8220;1\/6&#8243;][\/vc_column][\/vc_row]<\/p>\n<\/div>","protected":false},"excerpt":{"rendered":"[vc_row full_width=\"stretch_row_content_no_spaces\" css=\".vc_custom_1730059866900{margin-top: -30px !important;}\"][vc_column][vc_single_image image=\"7748\" img_size=\"Full\" css=\"\"][\/vc_column][\/vc_row][vc_row][vc_column width=\"1\/6\"][\/vc_column][vc_column width=\"2\/3\"][vc_column_text css=\"\"] TikTok-Agentur: Kreative Strategien f\u00fcr<span class=\"excerpt-hellip\"> [\u2026]<\/span>","protected":false},"author":2,"featured_media":0,"parent":1953,"menu_order":0,"comment_status":"closed","ping_status":"closed","template":"","meta":{"footnotes":""},"class_list":["post-2131","page","type-page","status-publish","hentry"],"yoast_head":"<!-- This site is optimized with the Yoast SEO plugin v25.6 - https:\/\/yoast.com\/wordpress\/plugins\/seo\/ -->\n<title>TikTok Agentur - SMART PR \/\/ Ihre PR-Agentur in D\u00fcsseldorf<\/title>\n<meta name=\"description\" content=\"Vertrauen Sie der SMART PR TikTok Agentur, um kreative und erfolgreiche TikTok-Kampagnen f\u00fcr Ihr Unternehmen zu entwickeln.\" \/>\n<meta name=\"robots\" content=\"index, follow, max-snippet:-1, max-image-preview:large, max-video-preview:-1\" \/>\n<link rel=\"canonical\" href=\"https:\/\/smart-pr.de\/de\/leistungen\/social-media-services\/tiktok\/tiktok-agentur\/\" \/>\n<meta property=\"og:locale\" content=\"de_DE\" \/>\n<meta property=\"og:type\" content=\"article\" \/>\n<meta property=\"og:title\" content=\"TikTok Agentur - SMART PR \/\/ Ihre PR-Agentur in D\u00fcsseldorf\" \/>\n<meta property=\"og:description\" content=\"Vertrauen Sie der SMART PR TikTok Agentur, um kreative und erfolgreiche TikTok-Kampagnen f\u00fcr Ihr Unternehmen zu entwickeln.\" \/>\n<meta property=\"og:url\" content=\"https:\/\/smart-pr.de\/de\/leistungen\/social-media-services\/tiktok\/tiktok-agentur\/\" \/>\n<meta property=\"og:site_name\" content=\"SMART PR \/\/ Ihre PR-Agentur in D\u00fcsseldorf\" \/>\n<meta property=\"article:modified_time\" content=\"2025-02-11T15:59:08+00:00\" \/>\n<meta name=\"twitter:card\" content=\"summary_large_image\" \/>\n<meta name=\"twitter:label1\" content=\"Gesch\u00e4tzte Lesezeit\" \/>\n\t<meta name=\"twitter:data1\" content=\"4\u00a0Minuten\" \/>\n<script type=\"application\/ld+json\" class=\"yoast-schema-graph\">{\"@context\":\"https:\/\/schema.org\",\"@graph\":[{\"@type\":\"WebPage\",\"@id\":\"https:\/\/smart-pr.de\/de\/leistungen\/social-media-services\/tiktok\/tiktok-agentur\/\",\"url\":\"https:\/\/smart-pr.de\/de\/leistungen\/social-media-services\/tiktok\/tiktok-agentur\/\",\"name\":\"TikTok Agentur - SMART PR \/\/ Ihre PR-Agentur in D\u00fcsseldorf\",\"isPartOf\":{\"@id\":\"https:\/\/smart-pr.de\/de\/#website\"},\"datePublished\":\"2024-09-04T15:06:23+00:00\",\"dateModified\":\"2025-02-11T15:59:08+00:00\",\"description\":\"Vertrauen Sie der SMART PR TikTok Agentur, um kreative und erfolgreiche TikTok-Kampagnen f\u00fcr Ihr Unternehmen zu entwickeln.\",\"breadcrumb\":{\"@id\":\"https:\/\/smart-pr.de\/de\/leistungen\/social-media-services\/tiktok\/tiktok-agentur\/#breadcrumb\"},\"inLanguage\":\"de\",\"potentialAction\":[{\"@type\":\"ReadAction\",\"target\":[\"https:\/\/smart-pr.de\/de\/leistungen\/social-media-services\/tiktok\/tiktok-agentur\/\"]}]},{\"@type\":\"BreadcrumbList\",\"@id\":\"https:\/\/smart-pr.de\/de\/leistungen\/social-media-services\/tiktok\/tiktok-agentur\/#breadcrumb\",\"itemListElement\":[{\"@type\":\"ListItem\",\"position\":1,\"name\":\"Startseite\",\"item\":\"https:\/\/smart-pr.de\/de\/\"},{\"@type\":\"ListItem\",\"position\":2,\"name\":\"Leistungen\",\"item\":\"https:\/\/smart-pr.de\/de\/leistungen\/\"},{\"@type\":\"ListItem\",\"position\":3,\"name\":\"Social Media Services\",\"item\":\"https:\/\/smart-pr.de\/de\/leistungen\/social-media-services\/\"},{\"@type\":\"ListItem\",\"position\":4,\"name\":\"TikTok\",\"item\":\"https:\/\/smart-pr.de\/de\/leistungen\/social-media-services\/tiktok\/\"},{\"@type\":\"ListItem\",\"position\":5,\"name\":\"TikTok Agentur\"}]},{\"@type\":\"WebSite\",\"@id\":\"https:\/\/smart-pr.de\/de\/#website\",\"url\":\"https:\/\/smart-pr.de\/de\/\",\"name\":\"SMART PR \/\/ Ihre PR-Agentur in D\u00fcsseldorf\",\"description\":\"F\u00fcr ganzheitliche Kommunikation\",\"publisher\":{\"@id\":\"https:\/\/smart-pr.de\/de\/#organization\"},\"potentialAction\":[{\"@type\":\"SearchAction\",\"target\":{\"@type\":\"EntryPoint\",\"urlTemplate\":\"https:\/\/smart-pr.de\/de\/?s={search_term_string}\"},\"query-input\":{\"@type\":\"PropertyValueSpecification\",\"valueRequired\":true,\"valueName\":\"search_term_string\"}}],\"inLanguage\":\"de\"},{\"@type\":\"Organization\",\"@id\":\"https:\/\/smart-pr.de\/de\/#organization\",\"name\":\"SMART PR \/\/ Ihre PR-Agentur in D\u00fcsseldorf\",\"url\":\"https:\/\/smart-pr.de\/de\/\",\"logo\":{\"@type\":\"ImageObject\",\"inLanguage\":\"de\",\"@id\":\"https:\/\/smart-pr.de\/de\/#\/schema\/logo\/image\/\",\"url\":\"https:\/\/smart-pr.de\/wp-content\/uploads\/2024\/08\/smart-pr-logo-2.png\",\"contentUrl\":\"https:\/\/smart-pr.de\/wp-content\/uploads\/2024\/08\/smart-pr-logo-2.png\",\"width\":1800,\"height\":282,\"caption\":\"SMART PR \/\/ Ihre PR-Agentur in D\u00fcsseldorf\"},\"image\":{\"@id\":\"https:\/\/smart-pr.de\/de\/#\/schema\/logo\/image\/\"}}]}<\/script>\n<!-- \/ Yoast SEO plugin. -->","yoast_head_json":{"title":"TikTok Agentur - SMART PR \/\/ Ihre PR-Agentur in D\u00fcsseldorf","description":"Vertrauen Sie der SMART PR TikTok Agentur, um kreative und erfolgreiche TikTok-Kampagnen f\u00fcr Ihr Unternehmen zu entwickeln.","robots":{"index":"index","follow":"follow","max-snippet":"max-snippet:-1","max-image-preview":"max-image-preview:large","max-video-preview":"max-video-preview:-1"},"canonical":"https:\/\/smart-pr.de\/de\/leistungen\/social-media-services\/tiktok\/tiktok-agentur\/","og_locale":"de_DE","og_type":"article","og_title":"TikTok Agentur - SMART PR \/\/ Ihre PR-Agentur in D\u00fcsseldorf","og_description":"Vertrauen Sie der SMART PR TikTok Agentur, um kreative und erfolgreiche TikTok-Kampagnen f\u00fcr Ihr Unternehmen zu entwickeln.","og_url":"https:\/\/smart-pr.de\/de\/leistungen\/social-media-services\/tiktok\/tiktok-agentur\/","og_site_name":"SMART PR \/\/ Ihre PR-Agentur in D\u00fcsseldorf","article_modified_time":"2025-02-11T15:59:08+00:00","twitter_card":"summary_large_image","twitter_misc":{"Gesch\u00e4tzte Lesezeit":"4\u00a0Minuten"},"schema":{"@context":"https:\/\/schema.org","@graph":[{"@type":"WebPage","@id":"https:\/\/smart-pr.de\/de\/leistungen\/social-media-services\/tiktok\/tiktok-agentur\/","url":"https:\/\/smart-pr.de\/de\/leistungen\/social-media-services\/tiktok\/tiktok-agentur\/","name":"TikTok Agentur - SMART PR \/\/ Ihre PR-Agentur in D\u00fcsseldorf","isPartOf":{"@id":"https:\/\/smart-pr.de\/de\/#website"},"datePublished":"2024-09-04T15:06:23+00:00","dateModified":"2025-02-11T15:59:08+00:00","description":"Vertrauen Sie der SMART PR TikTok Agentur, um kreative und erfolgreiche TikTok-Kampagnen f\u00fcr Ihr Unternehmen zu entwickeln.","breadcrumb":{"@id":"https:\/\/smart-pr.de\/de\/leistungen\/social-media-services\/tiktok\/tiktok-agentur\/#breadcrumb"},"inLanguage":"de","potentialAction":[{"@type":"ReadAction","target":["https:\/\/smart-pr.de\/de\/leistungen\/social-media-services\/tiktok\/tiktok-agentur\/"]}]},{"@type":"BreadcrumbList","@id":"https:\/\/smart-pr.de\/de\/leistungen\/social-media-services\/tiktok\/tiktok-agentur\/#breadcrumb","itemListElement":[{"@type":"ListItem","position":1,"name":"Startseite","item":"https:\/\/smart-pr.de\/de\/"},{"@type":"ListItem","position":2,"name":"Leistungen","item":"https:\/\/smart-pr.de\/de\/leistungen\/"},{"@type":"ListItem","position":3,"name":"Social Media Services","item":"https:\/\/smart-pr.de\/de\/leistungen\/social-media-services\/"},{"@type":"ListItem","position":4,"name":"TikTok","item":"https:\/\/smart-pr.de\/de\/leistungen\/social-media-services\/tiktok\/"},{"@type":"ListItem","position":5,"name":"TikTok Agentur"}]},{"@type":"WebSite","@id":"https:\/\/smart-pr.de\/de\/#website","url":"https:\/\/smart-pr.de\/de\/","name":"SMART PR \/\/ Ihre PR-Agentur in D\u00fcsseldorf","description":"F\u00fcr ganzheitliche Kommunikation","publisher":{"@id":"https:\/\/smart-pr.de\/de\/#organization"},"potentialAction":[{"@type":"SearchAction","target":{"@type":"EntryPoint","urlTemplate":"https:\/\/smart-pr.de\/de\/?s={search_term_string}"},"query-input":{"@type":"PropertyValueSpecification","valueRequired":true,"valueName":"search_term_string"}}],"inLanguage":"de"},{"@type":"Organization","@id":"https:\/\/smart-pr.de\/de\/#organization","name":"SMART PR \/\/ Ihre PR-Agentur in D\u00fcsseldorf","url":"https:\/\/smart-pr.de\/de\/","logo":{"@type":"ImageObject","inLanguage":"de","@id":"https:\/\/smart-pr.de\/de\/#\/schema\/logo\/image\/","url":"https:\/\/smart-pr.de\/wp-content\/uploads\/2024\/08\/smart-pr-logo-2.png","contentUrl":"https:\/\/smart-pr.de\/wp-content\/uploads\/2024\/08\/smart-pr-logo-2.png","width":1800,"height":282,"caption":"SMART PR \/\/ Ihre PR-Agentur in D\u00fcsseldorf"},"image":{"@id":"https:\/\/smart-pr.de\/de\/#\/schema\/logo\/image\/"}}]}},"_links":{"self":[{"href":"https:\/\/smart-pr.de\/de\/wp-json\/wp\/v2\/pages\/2131","targetHints":{"allow":["GET"]}}],"collection":[{"href":"https:\/\/smart-pr.de\/de\/wp-json\/wp\/v2\/pages"}],"about":[{"href":"https:\/\/smart-pr.de\/de\/wp-json\/wp\/v2\/types\/page"}],"author":[{"embeddable":true,"href":"https:\/\/smart-pr.de\/de\/wp-json\/wp\/v2\/users\/2"}],"replies":[{"embeddable":true,"href":"https:\/\/smart-pr.de\/de\/wp-json\/wp\/v2\/comments?post=2131"}],"version-history":[{"count":17,"href":"https:\/\/smart-pr.de\/de\/wp-json\/wp\/v2\/pages\/2131\/revisions"}],"predecessor-version":[{"id":7750,"href":"https:\/\/smart-pr.de\/de\/wp-json\/wp\/v2\/pages\/2131\/revisions\/7750"}],"up":[{"embeddable":true,"href":"https:\/\/smart-pr.de\/de\/wp-json\/wp\/v2\/pages\/1953"}],"wp:attachment":[{"href":"https:\/\/smart-pr.de\/de\/wp-json\/wp\/v2\/media?parent=2131"}],"curies":[{"name":"wp","href":"https:\/\/api.w.org\/{rel}","templated":true}]}}