{"id":2116,"date":"2024-09-04T14:57:46","date_gmt":"2024-09-04T14:57:46","guid":{"rendered":"https:\/\/entwicklungsumgebung6729.live-website.com\/?page_id=2116"},"modified":"2025-04-30T10:31:33","modified_gmt":"2025-04-30T10:31:33","slug":"tiktok-ads","status":"publish","type":"page","link":"https:\/\/smart-pr.de\/de\/leistungen\/social-media-services\/tiktok\/tiktok-ads\/","title":{"rendered":"TikTok Ads"},"content":{"rendered":"<div class=\"wpb-content-wrapper\"><p>[vc_row full_width=&#8220;stretch_row_content_no_spaces&#8220; css=&#8220;.vc_custom_1730062678882{margin-top: -30px !important;}&#8220;][vc_column][vc_single_image image=&#8220;7745&#8243; img_size=&#8220;full&#8220; alignment=&#8220;center&#8220; css=&#8220;&#8220;][\/vc_column][\/vc_row][vc_row][vc_column width=&#8220;1\/6&#8243;][\/vc_column][vc_column width=&#8220;2\/3&#8243;][vc_column_text css=&#8220;&#8220;]<\/p>\n<h1><strong>TIKTOK ADS BEI DER D\u00dcSSELDORFER AGENTUR SMART PR<\/strong><\/h1>\n<p>[\/vc_column_text][vc_column_text css=&#8220;&#8220;]Aufgrund der enormen Reichweite und vielf\u00e4ltigen Zielgruppen sollte TikTok auch als Werbeplattform f\u00fcr Unternehmen nicht untersch\u00e4tzt werden. Derzeit ist es besonders lohnenswert, mit dem TikTok Marketing zu beginnen, da die CPMs noch vergleichsweise g\u00fcnstig sind. Da die Trend-App trotz ihres Erfolges noch ein recht junges soziales Netzwerk ist, sind die\u00a0Kosten f\u00fcr eine Werbeanzeige bislang deutlich geringer als beispielsweise bei Facebook und Instagram. Zudem ist die Konkurrenz auf TikTok \u00fcberschaubar, was Unternehmen zus\u00e4tzliche Chancen bietet.<\/p>\n<p>Dass Sie keinen eigenen Account ben\u00f6tigen, um erfolgreiche TikTok Ads zu schalten, kann f\u00fcr viele Unternehmen daneben ein bedeutender Vorteil sein. So k\u00f6nnen Sie die immense Reichweite nutzen, ohne sich mit einem eigenen Account zu regelm\u00e4\u00dfigem Content zu verpflichten.<\/p>\n<p>Der\u00a0<strong>TikTok Ads-Manager<\/strong>\u00a0bietet Ihnen zudem detaillierteres Targeting, das auf den Interessen und dem Verhalten der Nutzer:innen basiert. Sie k\u00f6nnen dar\u00fcber hinaus gezielt bestimmte Ger\u00e4te oder Netzbetreiber ansprechen, was insbesondere f\u00fcr Technik- oder Telekommunikationsanbieter eine spezifische Zielgruppenerschlie\u00dfung bietet. Eine noch bessere Zielgruppenanaylse bietet Ihnen das im November 2022 eingef\u00fchrte Feature \u201e<a href=\"https:\/\/ads.tiktok.com\/business\/de\/blog\/audience-insights-maximize-results-scale\" target=\"_blank\" rel=\"noopener\">Audience Insights<\/a>\u201c. Der idealen Kampagnenplanung stehen also alle T\u00fcren offen.[\/vc_column_text][\/vc_column][vc_column width=&#8220;1\/6&#8243;][\/vc_column][\/vc_row][vc_row][vc_column width=&#8220;1\/6&#8243;][\/vc_column][vc_column width=&#8220;2\/3&#8243;][vc_column_text css=&#8220;&#8220;]<\/p>\n<h2><strong>Anzeigenformate auf TikTok<\/strong><\/h2>\n<p>Grunds\u00e4tzlich unterscheiden sich TikTok Ads nicht allzu stark von vergleichbaren Werbem\u00f6glichkeiten auf beispielsweise Facebook und Instagram. Auch hier gilt: Um den gr\u00f6\u00dftm\u00f6glichen Erfolg Ihrer Werbema\u00dfnahmen zu sichern, haben Sie die Wahl zwischen verschiedenen Arten von TikTok Ads, die Sie wiederum auf verschiedene Kampagnenziele ausrichten k\u00f6nnen.<\/p>\n<ul>\n<li><strong>Die Promote-Funktion:<\/strong>\u00a0Der einfachste Weg, auf TikTok Werbung zu schalten, ist die Promote-Funktion. Mit dem In-App-Tool k\u00f6nnen Sie alle Ihre bereits ver\u00f6ffentlichten Inhalte mit nur wenigen Klicks in aufsehenerregende Anzeigen verwandeln und so ganz einfach st\u00e4rken.<\/li>\n<li><strong>In-Feed Ads:<\/strong>\u00a0Eine weitere M\u00f6glichkeit Ihr\u00a0<strong>Unternehmen auf TikTok<\/strong>\u00a0zu promoten sind die sogenannten In-Feed Ads. Das sind Bild- oder Video-Ads, die Sie auch\u00a0ohne ein eigenes Profil\u00a0\u00fcber den TikTok Ads-Manager schalten k\u00f6nnen. Um Ihr Unternehmen auf der modernen Plattform ins richtige Licht zu r\u00fccken, empfiehlt es sich Ihre In-Feed Ad vertikal zu produzieren und sie mit interaktiven Add-ons zu versehen.<\/li>\n<li><strong>TopView:<\/strong>\u00a0Wenn Sie mit einem neuen Produkt oder einer Ank\u00fcndigung besonders hervorstechen m\u00f6chten, dann eignen sich die sogenannten TopView-Anzeigen f\u00fcr Sie. Diese werden den Nutzer:innen beim \u00d6ffnen der App direkt als Erstes angezeigt.<\/li>\n<li><strong>Spark Ads:<\/strong>\u00a0Mit den Spark Ads bietet TikTok Ihnen die M\u00f6glichkeit verschiedene Videos zu bewerben: ob Ihre eigenen, die von Creator:innen oder solche, die Ihre Marke erw\u00e4hnen.<\/li>\n<\/ul>\n<p>[\/vc_column_text][\/vc_column][vc_column width=&#8220;1\/6&#8243;][\/vc_column][\/vc_row][vc_row][vc_column width=&#8220;1\/6&#8243;][\/vc_column][vc_column width=&#8220;2\/3&#8243;][vc_column_text css=&#8220;&#8220;]<strong>Sie haben noch offene Fragen zum Advertising auf TikTok oder suchen nach einer passenden Kampagnen-Strategie f\u00fcr Ihr Unternehmen?\u00a0<a href=\"https:\/\/smart-pr.de\/kontakt\/\">Dann wenden Sie sich an uns<\/a>. Wir beraten Sie gerne!<\/strong>[\/vc_column_text][\/vc_column][vc_column width=&#8220;1\/6&#8243;][\/vc_column][\/vc_row]<\/p>\n<\/div>","protected":false},"excerpt":{"rendered":"[vc_row full_width=\"stretch_row_content_no_spaces\" css=\".vc_custom_1730062678882{margin-top: -30px !important;}\"][vc_column][vc_single_image image=\"7745\" img_size=\"full\" alignment=\"center\" css=\"\"][\/vc_column][\/vc_row][vc_row][vc_column width=\"1\/6\"][\/vc_column][vc_column width=\"2\/3\"][vc_column_text css=\"\"] TIKTOK ADS BEI<span class=\"excerpt-hellip\"> [\u2026]<\/span>","protected":false},"author":2,"featured_media":5443,"parent":1953,"menu_order":0,"comment_status":"closed","ping_status":"closed","template":"","meta":{"footnotes":""},"class_list":["post-2116","page","type-page","status-publish","has-post-thumbnail","hentry"],"yoast_head":"<!-- This site is optimized with the Yoast SEO plugin v25.6 - https:\/\/yoast.com\/wordpress\/plugins\/seo\/ -->\n<title>TikTok Ads - SMART PR \/\/ Ihre PR-Agentur in D\u00fcsseldorf<\/title>\n<meta name=\"description\" content=\"Nutzen Sie TikTok Ads, um Ihre Zielgruppe gezielt anzusprechen und Ihre Markenbekanntheit zu steigern \u2013 mit SMART PR.\" \/>\n<meta name=\"robots\" content=\"index, follow, max-snippet:-1, max-image-preview:large, max-video-preview:-1\" \/>\n<link rel=\"canonical\" href=\"https:\/\/smart-pr.de\/de\/leistungen\/social-media-services\/tiktok\/tiktok-ads\/\" \/>\n<meta property=\"og:locale\" content=\"de_DE\" \/>\n<meta property=\"og:type\" content=\"article\" \/>\n<meta property=\"og:title\" content=\"TikTok Ads - SMART PR \/\/ Ihre PR-Agentur in D\u00fcsseldorf\" \/>\n<meta property=\"og:description\" content=\"Nutzen Sie TikTok Ads, um Ihre Zielgruppe gezielt anzusprechen und Ihre Markenbekanntheit zu steigern \u2013 mit SMART PR.\" \/>\n<meta property=\"og:url\" content=\"https:\/\/smart-pr.de\/de\/leistungen\/social-media-services\/tiktok\/tiktok-ads\/\" \/>\n<meta property=\"og:site_name\" content=\"SMART PR \/\/ Ihre PR-Agentur in D\u00fcsseldorf\" \/>\n<meta property=\"article:modified_time\" content=\"2025-04-30T10:31:33+00:00\" \/>\n<meta property=\"og:image\" content=\"https:\/\/smart-pr.de\/wp-content\/uploads\/2024\/10\/30.jpg\" \/>\n\t<meta property=\"og:image:width\" content=\"1200\" \/>\n\t<meta property=\"og:image:height\" content=\"1200\" \/>\n\t<meta property=\"og:image:type\" content=\"image\/jpeg\" \/>\n<meta name=\"twitter:card\" content=\"summary_large_image\" \/>\n<meta name=\"twitter:label1\" content=\"Gesch\u00e4tzte Lesezeit\" \/>\n\t<meta name=\"twitter:data1\" content=\"3\u00a0Minuten\" \/>\n<script type=\"application\/ld+json\" class=\"yoast-schema-graph\">{\"@context\":\"https:\/\/schema.org\",\"@graph\":[{\"@type\":\"WebPage\",\"@id\":\"https:\/\/smart-pr.de\/de\/leistungen\/social-media-services\/tiktok\/tiktok-ads\/\",\"url\":\"https:\/\/smart-pr.de\/de\/leistungen\/social-media-services\/tiktok\/tiktok-ads\/\",\"name\":\"TikTok Ads - SMART PR \/\/ Ihre PR-Agentur in D\u00fcsseldorf\",\"isPartOf\":{\"@id\":\"https:\/\/smart-pr.de\/de\/#website\"},\"primaryImageOfPage\":{\"@id\":\"https:\/\/smart-pr.de\/de\/leistungen\/social-media-services\/tiktok\/tiktok-ads\/#primaryimage\"},\"image\":{\"@id\":\"https:\/\/smart-pr.de\/de\/leistungen\/social-media-services\/tiktok\/tiktok-ads\/#primaryimage\"},\"thumbnailUrl\":\"https:\/\/smart-pr.de\/wp-content\/uploads\/2024\/10\/30.jpg\",\"datePublished\":\"2024-09-04T14:57:46+00:00\",\"dateModified\":\"2025-04-30T10:31:33+00:00\",\"description\":\"Nutzen Sie TikTok Ads, um Ihre Zielgruppe gezielt anzusprechen und Ihre Markenbekanntheit zu steigern \u2013 mit SMART PR.\",\"breadcrumb\":{\"@id\":\"https:\/\/smart-pr.de\/de\/leistungen\/social-media-services\/tiktok\/tiktok-ads\/#breadcrumb\"},\"inLanguage\":\"de\",\"potentialAction\":[{\"@type\":\"ReadAction\",\"target\":[\"https:\/\/smart-pr.de\/de\/leistungen\/social-media-services\/tiktok\/tiktok-ads\/\"]}]},{\"@type\":\"ImageObject\",\"inLanguage\":\"de\",\"@id\":\"https:\/\/smart-pr.de\/de\/leistungen\/social-media-services\/tiktok\/tiktok-ads\/#primaryimage\",\"url\":\"https:\/\/smart-pr.de\/wp-content\/uploads\/2024\/10\/30.jpg\",\"contentUrl\":\"https:\/\/smart-pr.de\/wp-content\/uploads\/2024\/10\/30.jpg\",\"width\":1200,\"height\":1200,\"caption\":\"TikTok-App auf einem iPhone-Bildschirm\"},{\"@type\":\"BreadcrumbList\",\"@id\":\"https:\/\/smart-pr.de\/de\/leistungen\/social-media-services\/tiktok\/tiktok-ads\/#breadcrumb\",\"itemListElement\":[{\"@type\":\"ListItem\",\"position\":1,\"name\":\"Startseite\",\"item\":\"https:\/\/smart-pr.de\/de\/\"},{\"@type\":\"ListItem\",\"position\":2,\"name\":\"Leistungen\",\"item\":\"https:\/\/smart-pr.de\/de\/leistungen\/\"},{\"@type\":\"ListItem\",\"position\":3,\"name\":\"Social Media Services\",\"item\":\"https:\/\/smart-pr.de\/de\/leistungen\/social-media-services\/\"},{\"@type\":\"ListItem\",\"position\":4,\"name\":\"TikTok\",\"item\":\"https:\/\/smart-pr.de\/de\/leistungen\/social-media-services\/tiktok\/\"},{\"@type\":\"ListItem\",\"position\":5,\"name\":\"TikTok Ads\"}]},{\"@type\":\"WebSite\",\"@id\":\"https:\/\/smart-pr.de\/de\/#website\",\"url\":\"https:\/\/smart-pr.de\/de\/\",\"name\":\"SMART PR \/\/ Ihre PR-Agentur in D\u00fcsseldorf\",\"description\":\"F\u00fcr ganzheitliche Kommunikation\",\"publisher\":{\"@id\":\"https:\/\/smart-pr.de\/de\/#organization\"},\"potentialAction\":[{\"@type\":\"SearchAction\",\"target\":{\"@type\":\"EntryPoint\",\"urlTemplate\":\"https:\/\/smart-pr.de\/de\/?s={search_term_string}\"},\"query-input\":{\"@type\":\"PropertyValueSpecification\",\"valueRequired\":true,\"valueName\":\"search_term_string\"}}],\"inLanguage\":\"de\"},{\"@type\":\"Organization\",\"@id\":\"https:\/\/smart-pr.de\/de\/#organization\",\"name\":\"SMART PR \/\/ Ihre PR-Agentur in D\u00fcsseldorf\",\"url\":\"https:\/\/smart-pr.de\/de\/\",\"logo\":{\"@type\":\"ImageObject\",\"inLanguage\":\"de\",\"@id\":\"https:\/\/smart-pr.de\/de\/#\/schema\/logo\/image\/\",\"url\":\"https:\/\/smart-pr.de\/wp-content\/uploads\/2024\/08\/smart-pr-logo-2.png\",\"contentUrl\":\"https:\/\/smart-pr.de\/wp-content\/uploads\/2024\/08\/smart-pr-logo-2.png\",\"width\":1800,\"height\":282,\"caption\":\"SMART PR \/\/ Ihre PR-Agentur in D\u00fcsseldorf\"},\"image\":{\"@id\":\"https:\/\/smart-pr.de\/de\/#\/schema\/logo\/image\/\"}}]}<\/script>\n<!-- \/ Yoast SEO plugin. -->","yoast_head_json":{"title":"TikTok Ads - SMART PR \/\/ Ihre PR-Agentur in D\u00fcsseldorf","description":"Nutzen Sie TikTok Ads, um Ihre Zielgruppe gezielt anzusprechen und Ihre Markenbekanntheit zu steigern \u2013 mit SMART PR.","robots":{"index":"index","follow":"follow","max-snippet":"max-snippet:-1","max-image-preview":"max-image-preview:large","max-video-preview":"max-video-preview:-1"},"canonical":"https:\/\/smart-pr.de\/de\/leistungen\/social-media-services\/tiktok\/tiktok-ads\/","og_locale":"de_DE","og_type":"article","og_title":"TikTok Ads - SMART PR \/\/ Ihre PR-Agentur in D\u00fcsseldorf","og_description":"Nutzen Sie TikTok Ads, um Ihre Zielgruppe gezielt anzusprechen und Ihre Markenbekanntheit zu steigern \u2013 mit SMART PR.","og_url":"https:\/\/smart-pr.de\/de\/leistungen\/social-media-services\/tiktok\/tiktok-ads\/","og_site_name":"SMART PR \/\/ Ihre PR-Agentur in D\u00fcsseldorf","article_modified_time":"2025-04-30T10:31:33+00:00","og_image":[{"width":1200,"height":1200,"url":"https:\/\/smart-pr.de\/wp-content\/uploads\/2024\/10\/30.jpg","type":"image\/jpeg"}],"twitter_card":"summary_large_image","twitter_misc":{"Gesch\u00e4tzte Lesezeit":"3\u00a0Minuten"},"schema":{"@context":"https:\/\/schema.org","@graph":[{"@type":"WebPage","@id":"https:\/\/smart-pr.de\/de\/leistungen\/social-media-services\/tiktok\/tiktok-ads\/","url":"https:\/\/smart-pr.de\/de\/leistungen\/social-media-services\/tiktok\/tiktok-ads\/","name":"TikTok Ads - SMART PR \/\/ Ihre PR-Agentur in D\u00fcsseldorf","isPartOf":{"@id":"https:\/\/smart-pr.de\/de\/#website"},"primaryImageOfPage":{"@id":"https:\/\/smart-pr.de\/de\/leistungen\/social-media-services\/tiktok\/tiktok-ads\/#primaryimage"},"image":{"@id":"https:\/\/smart-pr.de\/de\/leistungen\/social-media-services\/tiktok\/tiktok-ads\/#primaryimage"},"thumbnailUrl":"https:\/\/smart-pr.de\/wp-content\/uploads\/2024\/10\/30.jpg","datePublished":"2024-09-04T14:57:46+00:00","dateModified":"2025-04-30T10:31:33+00:00","description":"Nutzen Sie TikTok Ads, um Ihre Zielgruppe gezielt anzusprechen und Ihre Markenbekanntheit zu steigern \u2013 mit SMART PR.","breadcrumb":{"@id":"https:\/\/smart-pr.de\/de\/leistungen\/social-media-services\/tiktok\/tiktok-ads\/#breadcrumb"},"inLanguage":"de","potentialAction":[{"@type":"ReadAction","target":["https:\/\/smart-pr.de\/de\/leistungen\/social-media-services\/tiktok\/tiktok-ads\/"]}]},{"@type":"ImageObject","inLanguage":"de","@id":"https:\/\/smart-pr.de\/de\/leistungen\/social-media-services\/tiktok\/tiktok-ads\/#primaryimage","url":"https:\/\/smart-pr.de\/wp-content\/uploads\/2024\/10\/30.jpg","contentUrl":"https:\/\/smart-pr.de\/wp-content\/uploads\/2024\/10\/30.jpg","width":1200,"height":1200,"caption":"TikTok-App auf einem iPhone-Bildschirm"},{"@type":"BreadcrumbList","@id":"https:\/\/smart-pr.de\/de\/leistungen\/social-media-services\/tiktok\/tiktok-ads\/#breadcrumb","itemListElement":[{"@type":"ListItem","position":1,"name":"Startseite","item":"https:\/\/smart-pr.de\/de\/"},{"@type":"ListItem","position":2,"name":"Leistungen","item":"https:\/\/smart-pr.de\/de\/leistungen\/"},{"@type":"ListItem","position":3,"name":"Social Media Services","item":"https:\/\/smart-pr.de\/de\/leistungen\/social-media-services\/"},{"@type":"ListItem","position":4,"name":"TikTok","item":"https:\/\/smart-pr.de\/de\/leistungen\/social-media-services\/tiktok\/"},{"@type":"ListItem","position":5,"name":"TikTok Ads"}]},{"@type":"WebSite","@id":"https:\/\/smart-pr.de\/de\/#website","url":"https:\/\/smart-pr.de\/de\/","name":"SMART PR \/\/ Ihre PR-Agentur in D\u00fcsseldorf","description":"F\u00fcr ganzheitliche Kommunikation","publisher":{"@id":"https:\/\/smart-pr.de\/de\/#organization"},"potentialAction":[{"@type":"SearchAction","target":{"@type":"EntryPoint","urlTemplate":"https:\/\/smart-pr.de\/de\/?s={search_term_string}"},"query-input":{"@type":"PropertyValueSpecification","valueRequired":true,"valueName":"search_term_string"}}],"inLanguage":"de"},{"@type":"Organization","@id":"https:\/\/smart-pr.de\/de\/#organization","name":"SMART PR \/\/ Ihre PR-Agentur in D\u00fcsseldorf","url":"https:\/\/smart-pr.de\/de\/","logo":{"@type":"ImageObject","inLanguage":"de","@id":"https:\/\/smart-pr.de\/de\/#\/schema\/logo\/image\/","url":"https:\/\/smart-pr.de\/wp-content\/uploads\/2024\/08\/smart-pr-logo-2.png","contentUrl":"https:\/\/smart-pr.de\/wp-content\/uploads\/2024\/08\/smart-pr-logo-2.png","width":1800,"height":282,"caption":"SMART PR \/\/ Ihre PR-Agentur in D\u00fcsseldorf"},"image":{"@id":"https:\/\/smart-pr.de\/de\/#\/schema\/logo\/image\/"}}]}},"_links":{"self":[{"href":"https:\/\/smart-pr.de\/de\/wp-json\/wp\/v2\/pages\/2116","targetHints":{"allow":["GET"]}}],"collection":[{"href":"https:\/\/smart-pr.de\/de\/wp-json\/wp\/v2\/pages"}],"about":[{"href":"https:\/\/smart-pr.de\/de\/wp-json\/wp\/v2\/types\/page"}],"author":[{"embeddable":true,"href":"https:\/\/smart-pr.de\/de\/wp-json\/wp\/v2\/users\/2"}],"replies":[{"embeddable":true,"href":"https:\/\/smart-pr.de\/de\/wp-json\/wp\/v2\/comments?post=2116"}],"version-history":[{"count":30,"href":"https:\/\/smart-pr.de\/de\/wp-json\/wp\/v2\/pages\/2116\/revisions"}],"predecessor-version":[{"id":3396,"href":"https:\/\/smart-pr.de\/de\/wp-json\/wp\/v2\/pages\/2116\/revisions\/3396"}],"up":[{"embeddable":true,"href":"https:\/\/smart-pr.de\/de\/wp-json\/wp\/v2\/pages\/1953"}],"wp:featuredmedia":[{"embeddable":true,"href":"https:\/\/smart-pr.de\/de\/wp-json\/wp\/v2\/media\/5443"}],"wp:attachment":[{"href":"https:\/\/smart-pr.de\/de\/wp-json\/wp\/v2\/media?parent=2116"}],"curies":[{"name":"wp","href":"https:\/\/api.w.org\/{rel}","templated":true}]}}