{"id":2049,"date":"2024-09-04T13:21:39","date_gmt":"2024-09-04T13:21:39","guid":{"rendered":"https:\/\/entwicklungsumgebung6729.live-website.com\/?page_id=2049"},"modified":"2025-02-19T13:09:17","modified_gmt":"2025-02-19T13:09:17","slug":"social-media-advertising","status":"publish","type":"page","link":"https:\/\/smart-pr.de\/de\/leistungen\/social-media-services\/social-media-advertising\/","title":{"rendered":"Social Media Advertising"},"content":{"rendered":"<div class=\"wpb-content-wrapper\"><p>[vc_row full_width=&#8220;stretch_row_content_no_spaces&#8220; css=&#8220;.vc_custom_1729174760878{margin-top: -30px !important;}&#8220;][vc_column][vc_single_image image=&#8220;2855&#8243; img_size=&#8220;full&#8220; alignment=&#8220;center&#8220; css=&#8220;&#8220;][\/vc_column][\/vc_row][vc_row][vc_column width=&#8220;1\/6&#8243;][\/vc_column][vc_column width=&#8220;2\/3&#8243;][vc_column_text css=&#8220;&#8220;]<\/p>\n<h1><strong>Social Media Advertising bei der D\u00fcsseldorfer Agentur SMART PR<\/strong><\/h1>\n<p>[\/vc_column_text][vc_column_text css=&#8220;&#8220;]<\/p>\n<h2><strong>Warum Social Media Advertising?<\/strong><\/h2>\n<p>Ist man auf Social Media unterwegs, ist an ihnen kaum ein Vorbeikommen: Social Media Ads. Dank Social Media Advertising k\u00f6nnen Werbeanzeigen gezielt auf sozialen Medien wie beispielsweise\u00a0<strong>Facebook<\/strong>,\u00a0<strong>Instagram<\/strong>\u00a0oder\u00a0<strong>TikTok<\/strong>\u00a0sowie\u00a0<strong>Pinterest<\/strong>\u00a0und\u00a0<strong>LinkedIn<\/strong>\u00a0platziert werden. Diese Ads, die im Feed der User:innen ausgespielt werden, haben vielf\u00e4ltige Zielsetzungen. So k\u00f6nnen sie u.A. Leads, Conversions oder Awareness generieren.[\/vc_column_text][\/vc_column][vc_column width=&#8220;1\/6&#8243;][\/vc_column][\/vc_row][vc_row][vc_column width=&#8220;1\/6&#8243;][\/vc_column][vc_column width=&#8220;2\/3&#8243;][vc_column_text css=&#8220;&#8220;]Im Allgemeinen meint Social Media Advertising alle jene Werbema\u00dfnahmen, die in den sozialen Medien stattfinden. Social Media Ads sind jedoch oftmals nicht als voneinander losgel\u00f6st, sondern als Teil einer plattformu\u0308bergreifenden\u00a0<a href=\"https:\/\/omr.com\/de\/reviews\/contenthub\/social-media-kampagne\" target=\"_blank\" rel=\"noopener\">Social Media Kampagne<\/a>\u00a0zu betrachten. Im Marketing-Mix ist es unverzichtbar, Werbung auf Social Media zu schalten.<\/p>\n<p>Denn es gibt vergleichsweise wenige Social Media Plattformen, die jedoch \u00fcber eine herausragende Anzahl an Nutzer:innen verf\u00fcgen. Hier k\u00f6nnen Sie mit geringem Aufwand eine gro\u00dfe Zielgruppe erreichen. So l\u00e4sst sich durch Social Media Ads Ihre Reichweite enorm vergr\u00f6\u00dfern sowie lassen sich Ihre Anzeigen dank pr\u00e4zisem Targeting gezielt auf Demografie, Interessen und Verhaltensweisen ausrichten. Demnach sprechen Sie die Nutzer:innen an, die sehr wahrscheinlich Interesse an Ihrem Produkt oder Ihrer Dienstleistung haben. Und dabei haben Sie die vollst\u00e4ndige Kostenkontrolle \u2013 Ihr festgelegter Maximalbetrag wird nie \u00fcberschritten.[\/vc_column_text][\/vc_column][vc_column width=&#8220;1\/6&#8243;][\/vc_column][\/vc_row][vc_row][vc_column width=&#8220;1\/6&#8243;][\/vc_column][vc_column width=&#8220;2\/3&#8243;][vc_column_text css=&#8220;&#8220;]<strong>Gegen\u00fcber traditionellen Werbeformen bieten sich daneben zahlreiche Vorteile:<\/strong><\/p>\n<ul>\n<li>Sie profitieren von einer\u00a0<strong>geringen Streuung<\/strong>, sobald Sie die passende Zielgruppe definiert und klare Ziele sowie KPIs formuliert haben.<\/li>\n<li>Dank detaillierter Auswertungstools k\u00f6nnen Sie\u00a0<strong>die Ergebnisse Ihrer Social Media Ads<\/strong>\u00a0<strong>deutlich genauer betrachten<\/strong>\u00a0als bei anderen Medien. Zu fast jedem Parameter liegen\u00a0<strong>Daten in Echtzeit<\/strong>\u00a0bereit. So kann der Return on Investment (ROI) genau gemessen und die Ads k\u00f6nnen je nach Bedarf angepasst werden. Dies ist sogar bei bereits geschalteten Anzeigen m\u00f6glich.<\/li>\n<li>Auch die\u00a0<strong>Kommunikation<\/strong>\u00a0<strong>findet<\/strong>\u00a0<strong>in Echtzeit<\/strong>\u00a0statt. Sie k\u00f6nnen direkt mit den User:innen interagieren. Durch Kommentare, Likes und Shares erhalten Sie wertvolles Feedback und bauen eine\u00a0<strong>enge Kundenbindung<\/strong>\u00a0auf.<\/li>\n<li>Werbung ist in den sozialen Medien meist g\u00fcnstiger als in den traditionellen Medien. Social Media\u00a0<strong>Advertising ist bereits mit kleinem Budget realisierbar.<\/strong>\u00a0Dabei k\u00f6nnen Sie Ihr Budget flexibel festlegen sowie anpassen und bezahlen oft nur f\u00fcr tats\u00e4chliche Ergebnisse, wie beispielsweise Klicks oder Conversions.<\/li>\n<li>Unabh\u00e4ngig von vorhandenen Suchbegriffen, erreichen Sie die User:innen mit Ihren neue Produkten. Dabei stehen Ihnen vielf\u00e4ltige M\u00f6glichkeiten, die Werbeanzeige visuell ansprechend zu gestalten, offen. So k\u00f6nnen Sie zum Beispiel interaktive und dynamische Anzeigenformate, wie Videos, Karussellanzeigen oder Umfragen nutzen, die die Nutzer:innen direkt ansprechen und zu Engagement anregen.<\/li>\n<li>Entgegen einer \u201eOne-Fits-All\u201c-Botschaft, die oft in den klassischen Medien gespielt wird, k\u00f6nnen Sie Ihre\u00a0<strong>Social Media Ads ganz individuell auf verschiedene Zielgruppen anpassen und personalisieren<\/strong>.<\/li>\n<\/ul>\n<p>[\/vc_column_text][\/vc_column][vc_column width=&#8220;1\/6&#8243;][\/vc_column][\/vc_row][vc_row full_width=&#8220;stretch_row&#8220; css=&#8220;.vc_custom_1732784867196{background-color: #ffd500 !important;}&#8220;][vc_column width=&#8220;1\/6&#8243;][\/vc_column][vc_column width=&#8220;2\/3&#8243;][vc_column_text css=&#8220;&#8220;]<\/p>\n<h3><strong>Unsere Leistungen:<\/strong><\/h3>\n<p>Als erfahrene Social Media Agentur bieten wir vielf\u00e4ltige Dienstleistungen im Bereich des Social Media Advertising an, die wir auf die Bed\u00fcrfnisse Ihres Unternehmens zuschneiden. <strong>Unsere Leistungen umfassen:<\/strong><\/p>\n<ul>\n<li><strong>Zielgruppendefinition:<\/strong> Passgenaue Zielgruppen, sind das A und O des pr\u00e4zisen Targeting. Auf Basis einer genauen Zielgruppenanalyse benennen wir f\u00fcr Sie Personas und definieren geeignete Zielgruppen.<\/li>\n<li><strong>Anzeigendesign:<\/strong> Das Visual einer Ad ist das, was die Aufmerksamkeit der User:innen weckt. Unsere erfahrene Grafikabteilung wei\u00df, worauf es ankommt und erstellt f\u00fcr Sie ansprechende Designs.<\/li>\n<li><strong>Werbeschaltung:<\/strong> Wir wissen mit allen g\u00e4ngigen Werbeanzeige-Managern umzugehen und stehen Ihnen auch beim Schalten von Social Media Ads zur Seite.<\/li>\n<li><strong>Monitoring:<\/strong> Um den Erfolg k\u00fcnftiger Social Media Werbekampagnen sicher zu stellen, ist ein regelm\u00e4\u00dfiges Monitoring unerl\u00e4sslich. Die Analyseparameter m\u00fcssen konstant im Auge behalten werden \u2013 denn nur so wei\u00df man, wie erfolgreich die Ad ist. Auf diesen Erkenntnissen bauen wir das Social Media Advertising Ihres Unternehmens ganz individuell auf und optimieren die Werbeanzeigen bei Bedarf.<\/li>\n<\/ul>\n<p>[\/vc_column_text][\/vc_column][vc_column width=&#8220;1\/6&#8243;][\/vc_column][\/vc_row][vc_row full_width=&#8220;stretch_row_content_no_spaces&#8220; content_placement=&#8220;middle&#8220;][vc_column width=&#8220;1\/6&#8243;][\/vc_column][vc_column width=&#8220;2\/3&#8243;][vc_column_text css=&#8220;&#8220;]<strong>Sie haben noch offene Fragen zum Advertising auf Social Media oder suchen nach einer kompetenten Social Media Agentur, die Ihnen bei Ihrer n\u00e4chsten Werbekampagne zur Seite steht? Dann<a href=\"https:\/\/smart-pr.de\/kontakt\/\"> wenden Sie sich an uns.<\/a> Wir beraten Sie gerne!<\/strong>[\/vc_column_text][\/vc_column][vc_column width=&#8220;1\/6&#8243;][\/vc_column][\/vc_row][vc_row full_width=&#8220;stretch_row_content_no_spaces&#8220;][vc_column width=&#8220;1\/5&#8243;][\/vc_column][vc_column width=&#8220;1\/5&#8243;][\/vc_column][vc_column width=&#8220;1\/5&#8243;][vc_column_text css=&#8220;&#8220;]<\/p>\n<p style=\"text-align: center;\">Das k\u00f6nnte Sie interessieren<\/p>\n<p>[\/vc_column_text][vc_basic_grid post_type=&#8220;ids&#8220; element_width=&#8220;12&#8243; item=&#8220;5857&#8243; css=&#8220;&#8220; grid_id=&#8220;vc_gid:1733822888027-f98f76db-d5c5-3&#8243; include=&#8220;3368&#8243;][\/vc_column][vc_column width=&#8220;1\/5&#8243;][\/vc_column][vc_column width=&#8220;1\/5&#8243;][\/vc_column][\/vc_row][vc_row css_animation=&#8220;none&#8220;][vc_column css_animation=&#8220;fadeInLeft&#8220; width=&#8220;1\/5&#8243;][vc_media_grid element_width=&#8220;12&#8243; gap=&#8220;0&#8243; item=&#8220;5105&#8243; css=&#8220;&#8220; initial_loading_animation=&#8220;none&#8220; grid_id=&#8220;vc_gid:1733822888028-f0d56a9b-e3fb-3&#8243; include=&#8220;5443&#8243;][vc_btn title=&#8220;zu TikTok Ads&#8220; style=&#8220;outline-custom&#8220; outline_custom_color=&#8220;#0a0a0a&#8220; outline_custom_hover_background=&#8220;#ffd500&#8243; outline_custom_hover_text=&#8220;#0a0a0a&#8220; align=&#8220;center&#8220; css=&#8220;&#8220; link=&#8220;url:%2Fleistungen%2Fsocial-media-services%2Ftiktok%2Ftiktok-ads%2F|title:TikTok%20Ads|target:_blank&#8220;][\/vc_column][vc_column css_animation=&#8220;fadeInLeft&#8220; width=&#8220;1\/5&#8243;][vc_media_grid element_width=&#8220;12&#8243; gap=&#8220;0&#8243; item=&#8220;5107&#8243; css=&#8220;&#8220; initial_loading_animation=&#8220;none&#8220; grid_id=&#8220;vc_gid:1733822888029-b60b89d0-7f09-3&#8243; include=&#8220;5442&#8243;][vc_btn title=&#8220;zu Instagram Ads&#8220; style=&#8220;outline-custom&#8220; outline_custom_color=&#8220;#0a0a0a&#8220; outline_custom_hover_background=&#8220;#ffd500&#8243; outline_custom_hover_text=&#8220;#0a0a0a&#8220; align=&#8220;center&#8220; css=&#8220;&#8220; link=&#8220;url:%2Fleistungen%2Fsocial-media-services%2Finstagram%2Finstagram-ads%2F|title:Instagram%20Ads|target:_blank&#8220;][\/vc_column][vc_column css_animation=&#8220;fadeInUp&#8220; width=&#8220;1\/5&#8243;][vc_media_grid element_width=&#8220;12&#8243; gap=&#8220;0&#8243; item=&#8220;5108&#8243; css=&#8220;&#8220; initial_loading_animation=&#8220;none&#8220; grid_id=&#8220;vc_gid:1733822888030-116228ad-c110-5&#8243; include=&#8220;5447&#8243;][vc_btn title=&#8220;zu Facebook Ads&#8220; style=&#8220;outline-custom&#8220; outline_custom_color=&#8220;#0a0a0a&#8220; outline_custom_hover_background=&#8220;#ffd500&#8243; outline_custom_hover_text=&#8220;#0a0a0a&#8220; align=&#8220;center&#8220; css=&#8220;&#8220; link=&#8220;url:%2Fleistungen%2Fsocial-media-services%2Ffacebook%2Ffacebook-ads%2F|title:Facebook%20Ads|target:_blank&#8220;][\/vc_column][vc_column css_animation=&#8220;fadeInRight&#8220; width=&#8220;1\/5&#8243;][vc_media_grid element_width=&#8220;12&#8243; gap=&#8220;0&#8243; item=&#8220;5110&#8243; css=&#8220;&#8220; initial_loading_animation=&#8220;none&#8220; grid_id=&#8220;vc_gid:1733822888030-d19ee2e3-6fbe-0&#8243; include=&#8220;5446&#8243;][vc_btn title=&#8220;zu Pinterest Ads&#8220; style=&#8220;outline-custom&#8220; outline_custom_color=&#8220;#0a0a0a&#8220; outline_custom_hover_background=&#8220;#ffd500&#8243; outline_custom_hover_text=&#8220;#0a0a0a&#8220; align=&#8220;center&#8220; css=&#8220;&#8220; link=&#8220;url:%2Fleistungen%2Fsocial-media-services%2Fpinterest%2Fpinterest-ads%2F|title:Pinterest%20Ads|target:_blank&#8220;][\/vc_column][vc_column css_animation=&#8220;fadeInRight&#8220; width=&#8220;1\/5&#8243;][vc_media_grid element_width=&#8220;12&#8243; gap=&#8220;0&#8243; item=&#8220;5111&#8243; css=&#8220;&#8220; initial_loading_animation=&#8220;none&#8220; grid_id=&#8220;vc_gid:1733822888031-b88e5247-3290-3&#8243; include=&#8220;5445&#8243;][vc_btn title=&#8220;zu LinkedIn Ads&#8220; style=&#8220;outline-custom&#8220; outline_custom_color=&#8220;#0a0a0a&#8220; outline_custom_hover_background=&#8220;#ffd500&#8243; outline_custom_hover_text=&#8220;#0a0a0a&#8220; align=&#8220;center&#8220; css=&#8220;&#8220; link=&#8220;url:%2Fleistungen%2Fsocial-media-services%2Flinkedin%2Flinkedin-ads%2F|title:LinkedIn%20Ads|target:_blank&#8220;][\/vc_column][\/vc_row]<\/p>\n<\/div>","protected":false},"excerpt":{"rendered":"[vc_row full_width=\"stretch_row_content_no_spaces\" css=\".vc_custom_1729174760878{margin-top: -30px !important;}\"][vc_column][vc_single_image image=\"2855\" img_size=\"full\" alignment=\"center\" css=\"\"][\/vc_column][\/vc_row][vc_row][vc_column width=\"1\/6\"][\/vc_column][vc_column width=\"2\/3\"][vc_column_text css=\"\"] Social Media Advertising<span class=\"excerpt-hellip\"> [\u2026]<\/span>","protected":false},"author":2,"featured_media":0,"parent":1075,"menu_order":0,"comment_status":"closed","ping_status":"closed","template":"","meta":{"footnotes":""},"class_list":["post-2049","page","type-page","status-publish","hentry"],"yoast_head":"<!-- This site is optimized with the Yoast SEO plugin v25.6 - https:\/\/yoast.com\/wordpress\/plugins\/seo\/ -->\n<title>Social Media Advertising \u2013 Mehr Reichweite &amp; Conversions<\/title>\n<meta name=\"description\" content=\"Steigern Sie Ihre Reichweite und erzielen Sie Ergebnisse mit ma\u00dfgeschneiderten Social Media Ads. Wir maximieren Ihre Kampagnenerfolge!\" \/>\n<meta name=\"robots\" content=\"index, follow, max-snippet:-1, max-image-preview:large, max-video-preview:-1\" \/>\n<link rel=\"canonical\" href=\"https:\/\/smart-pr.de\/de\/leistungen\/social-media-services\/social-media-advertising\/\" \/>\n<meta property=\"og:locale\" content=\"de_DE\" \/>\n<meta property=\"og:type\" content=\"article\" \/>\n<meta property=\"og:title\" content=\"Social Media Advertising \u2013 Mehr Reichweite &amp; Conversions\" \/>\n<meta property=\"og:description\" content=\"Steigern Sie Ihre Reichweite und erzielen Sie Ergebnisse mit ma\u00dfgeschneiderten Social Media Ads. Wir maximieren Ihre Kampagnenerfolge!\" \/>\n<meta property=\"og:url\" content=\"https:\/\/smart-pr.de\/de\/leistungen\/social-media-services\/social-media-advertising\/\" \/>\n<meta property=\"og:site_name\" content=\"SMART PR \/\/ Ihre PR-Agentur in D\u00fcsseldorf\" \/>\n<meta property=\"article:modified_time\" content=\"2025-02-19T13:09:17+00:00\" \/>\n<meta name=\"twitter:card\" content=\"summary_large_image\" \/>\n<meta name=\"twitter:label1\" content=\"Gesch\u00e4tzte Lesezeit\" \/>\n\t<meta name=\"twitter:data1\" content=\"5\u00a0Minuten\" \/>\n<script type=\"application\/ld+json\" class=\"yoast-schema-graph\">{\"@context\":\"https:\/\/schema.org\",\"@graph\":[{\"@type\":\"WebPage\",\"@id\":\"https:\/\/smart-pr.de\/de\/leistungen\/social-media-services\/social-media-advertising\/\",\"url\":\"https:\/\/smart-pr.de\/de\/leistungen\/social-media-services\/social-media-advertising\/\",\"name\":\"Social Media Advertising \u2013 Mehr Reichweite & Conversions\",\"isPartOf\":{\"@id\":\"https:\/\/smart-pr.de\/de\/#website\"},\"datePublished\":\"2024-09-04T13:21:39+00:00\",\"dateModified\":\"2025-02-19T13:09:17+00:00\",\"description\":\"Steigern Sie Ihre Reichweite und erzielen Sie Ergebnisse mit ma\u00dfgeschneiderten Social Media Ads. Wir maximieren Ihre Kampagnenerfolge!\",\"breadcrumb\":{\"@id\":\"https:\/\/smart-pr.de\/de\/leistungen\/social-media-services\/social-media-advertising\/#breadcrumb\"},\"inLanguage\":\"de\",\"potentialAction\":[{\"@type\":\"ReadAction\",\"target\":[\"https:\/\/smart-pr.de\/de\/leistungen\/social-media-services\/social-media-advertising\/\"]}]},{\"@type\":\"BreadcrumbList\",\"@id\":\"https:\/\/smart-pr.de\/de\/leistungen\/social-media-services\/social-media-advertising\/#breadcrumb\",\"itemListElement\":[{\"@type\":\"ListItem\",\"position\":1,\"name\":\"Startseite\",\"item\":\"https:\/\/smart-pr.de\/de\/\"},{\"@type\":\"ListItem\",\"position\":2,\"name\":\"Leistungen\",\"item\":\"https:\/\/smart-pr.de\/de\/leistungen\/\"},{\"@type\":\"ListItem\",\"position\":3,\"name\":\"Social Media Services\",\"item\":\"https:\/\/smart-pr.de\/de\/leistungen\/social-media-services\/\"},{\"@type\":\"ListItem\",\"position\":4,\"name\":\"Social Media Advertising\"}]},{\"@type\":\"WebSite\",\"@id\":\"https:\/\/smart-pr.de\/de\/#website\",\"url\":\"https:\/\/smart-pr.de\/de\/\",\"name\":\"SMART PR \/\/ Ihre PR-Agentur in D\u00fcsseldorf\",\"description\":\"F\u00fcr ganzheitliche Kommunikation\",\"publisher\":{\"@id\":\"https:\/\/smart-pr.de\/de\/#organization\"},\"potentialAction\":[{\"@type\":\"SearchAction\",\"target\":{\"@type\":\"EntryPoint\",\"urlTemplate\":\"https:\/\/smart-pr.de\/de\/?s={search_term_string}\"},\"query-input\":{\"@type\":\"PropertyValueSpecification\",\"valueRequired\":true,\"valueName\":\"search_term_string\"}}],\"inLanguage\":\"de\"},{\"@type\":\"Organization\",\"@id\":\"https:\/\/smart-pr.de\/de\/#organization\",\"name\":\"SMART PR \/\/ Ihre PR-Agentur in D\u00fcsseldorf\",\"url\":\"https:\/\/smart-pr.de\/de\/\",\"logo\":{\"@type\":\"ImageObject\",\"inLanguage\":\"de\",\"@id\":\"https:\/\/smart-pr.de\/de\/#\/schema\/logo\/image\/\",\"url\":\"https:\/\/smart-pr.de\/wp-content\/uploads\/2024\/08\/smart-pr-logo-2.png\",\"contentUrl\":\"https:\/\/smart-pr.de\/wp-content\/uploads\/2024\/08\/smart-pr-logo-2.png\",\"width\":1800,\"height\":282,\"caption\":\"SMART PR \/\/ Ihre PR-Agentur in D\u00fcsseldorf\"},\"image\":{\"@id\":\"https:\/\/smart-pr.de\/de\/#\/schema\/logo\/image\/\"}}]}<\/script>\n<!-- \/ Yoast SEO plugin. -->","yoast_head_json":{"title":"Social Media Advertising \u2013 Mehr Reichweite & Conversions","description":"Steigern Sie Ihre Reichweite und erzielen Sie Ergebnisse mit ma\u00dfgeschneiderten Social Media Ads. Wir maximieren Ihre Kampagnenerfolge!","robots":{"index":"index","follow":"follow","max-snippet":"max-snippet:-1","max-image-preview":"max-image-preview:large","max-video-preview":"max-video-preview:-1"},"canonical":"https:\/\/smart-pr.de\/de\/leistungen\/social-media-services\/social-media-advertising\/","og_locale":"de_DE","og_type":"article","og_title":"Social Media Advertising \u2013 Mehr Reichweite & Conversions","og_description":"Steigern Sie Ihre Reichweite und erzielen Sie Ergebnisse mit ma\u00dfgeschneiderten Social Media Ads. Wir maximieren Ihre Kampagnenerfolge!","og_url":"https:\/\/smart-pr.de\/de\/leistungen\/social-media-services\/social-media-advertising\/","og_site_name":"SMART PR \/\/ Ihre PR-Agentur in D\u00fcsseldorf","article_modified_time":"2025-02-19T13:09:17+00:00","twitter_card":"summary_large_image","twitter_misc":{"Gesch\u00e4tzte Lesezeit":"5\u00a0Minuten"},"schema":{"@context":"https:\/\/schema.org","@graph":[{"@type":"WebPage","@id":"https:\/\/smart-pr.de\/de\/leistungen\/social-media-services\/social-media-advertising\/","url":"https:\/\/smart-pr.de\/de\/leistungen\/social-media-services\/social-media-advertising\/","name":"Social Media Advertising \u2013 Mehr Reichweite & Conversions","isPartOf":{"@id":"https:\/\/smart-pr.de\/de\/#website"},"datePublished":"2024-09-04T13:21:39+00:00","dateModified":"2025-02-19T13:09:17+00:00","description":"Steigern Sie Ihre Reichweite und erzielen Sie Ergebnisse mit ma\u00dfgeschneiderten Social Media Ads. Wir maximieren Ihre Kampagnenerfolge!","breadcrumb":{"@id":"https:\/\/smart-pr.de\/de\/leistungen\/social-media-services\/social-media-advertising\/#breadcrumb"},"inLanguage":"de","potentialAction":[{"@type":"ReadAction","target":["https:\/\/smart-pr.de\/de\/leistungen\/social-media-services\/social-media-advertising\/"]}]},{"@type":"BreadcrumbList","@id":"https:\/\/smart-pr.de\/de\/leistungen\/social-media-services\/social-media-advertising\/#breadcrumb","itemListElement":[{"@type":"ListItem","position":1,"name":"Startseite","item":"https:\/\/smart-pr.de\/de\/"},{"@type":"ListItem","position":2,"name":"Leistungen","item":"https:\/\/smart-pr.de\/de\/leistungen\/"},{"@type":"ListItem","position":3,"name":"Social Media Services","item":"https:\/\/smart-pr.de\/de\/leistungen\/social-media-services\/"},{"@type":"ListItem","position":4,"name":"Social Media Advertising"}]},{"@type":"WebSite","@id":"https:\/\/smart-pr.de\/de\/#website","url":"https:\/\/smart-pr.de\/de\/","name":"SMART PR \/\/ Ihre PR-Agentur in D\u00fcsseldorf","description":"F\u00fcr ganzheitliche Kommunikation","publisher":{"@id":"https:\/\/smart-pr.de\/de\/#organization"},"potentialAction":[{"@type":"SearchAction","target":{"@type":"EntryPoint","urlTemplate":"https:\/\/smart-pr.de\/de\/?s={search_term_string}"},"query-input":{"@type":"PropertyValueSpecification","valueRequired":true,"valueName":"search_term_string"}}],"inLanguage":"de"},{"@type":"Organization","@id":"https:\/\/smart-pr.de\/de\/#organization","name":"SMART PR \/\/ Ihre PR-Agentur in D\u00fcsseldorf","url":"https:\/\/smart-pr.de\/de\/","logo":{"@type":"ImageObject","inLanguage":"de","@id":"https:\/\/smart-pr.de\/de\/#\/schema\/logo\/image\/","url":"https:\/\/smart-pr.de\/wp-content\/uploads\/2024\/08\/smart-pr-logo-2.png","contentUrl":"https:\/\/smart-pr.de\/wp-content\/uploads\/2024\/08\/smart-pr-logo-2.png","width":1800,"height":282,"caption":"SMART PR \/\/ Ihre PR-Agentur in D\u00fcsseldorf"},"image":{"@id":"https:\/\/smart-pr.de\/de\/#\/schema\/logo\/image\/"}}]}},"_links":{"self":[{"href":"https:\/\/smart-pr.de\/de\/wp-json\/wp\/v2\/pages\/2049","targetHints":{"allow":["GET"]}}],"collection":[{"href":"https:\/\/smart-pr.de\/de\/wp-json\/wp\/v2\/pages"}],"about":[{"href":"https:\/\/smart-pr.de\/de\/wp-json\/wp\/v2\/types\/page"}],"author":[{"embeddable":true,"href":"https:\/\/smart-pr.de\/de\/wp-json\/wp\/v2\/users\/2"}],"replies":[{"embeddable":true,"href":"https:\/\/smart-pr.de\/de\/wp-json\/wp\/v2\/comments?post=2049"}],"version-history":[{"count":91,"href":"https:\/\/smart-pr.de\/de\/wp-json\/wp\/v2\/pages\/2049\/revisions"}],"predecessor-version":[{"id":8306,"href":"https:\/\/smart-pr.de\/de\/wp-json\/wp\/v2\/pages\/2049\/revisions\/8306"}],"up":[{"embeddable":true,"href":"https:\/\/smart-pr.de\/de\/wp-json\/wp\/v2\/pages\/1075"}],"wp:attachment":[{"href":"https:\/\/smart-pr.de\/de\/wp-json\/wp\/v2\/media?parent=2049"}],"curies":[{"name":"wp","href":"https:\/\/api.w.org\/{rel}","templated":true}]}}