{"id":2042,"date":"2024-09-04T13:08:05","date_gmt":"2024-09-04T13:08:05","guid":{"rendered":"https:\/\/entwicklungsumgebung6729.live-website.com\/?page_id=2042"},"modified":"2025-02-10T14:06:36","modified_gmt":"2025-02-10T14:06:36","slug":"messe-und-eventfilm","status":"publish","type":"page","link":"https:\/\/smart-pr.de\/de\/leistungen\/content-creation\/videoproduktion\/messe-und-eventfilm\/","title":{"rendered":"Messe-und Eventfilm"},"content":{"rendered":"<div class=\"wpb-content-wrapper\"><p>[vc_row full_width=&#8220;stretch_row_content_no_spaces&#8220; css=&#8220;.vc_custom_1730115535279{margin-top: -30px !important;margin-right: 0px !important;margin-bottom: 0px !important;margin-left: 0px !important;padding-top: 0px !important;padding-right: 0px !important;padding-bottom: 0px !important;padding-left: 0px !important;}&#8220;][vc_column css=&#8220;.vc_custom_1724400273462{margin-top: 0px !important;margin-right: 0px !important;margin-bottom: 0px !important;margin-left: 0px !important;padding-top: 0px !important;padding-right: 0px !important;padding-bottom: 0px !important;padding-left: 0px !important;}&#8220;][vc_single_image image=&#8220;8370&#8243; img_size=&#8220;full&#8220; alignment=&#8220;center&#8220; css=&#8220;&#8220;][\/vc_column][\/vc_row][vc_row][vc_column width=&#8220;1\/6&#8243;][\/vc_column][vc_column width=&#8220;2\/3&#8243;][vc_column_text css=&#8220;&#8220;]<\/p>\n<h1><strong><span class=\"OYPEnA font-feature-liga-off font-feature-clig-off font-feature-calt-off text-decoration-none text-strikethrough-none\">Messe-und Eventfilm<\/span><\/strong><\/h1>\n<p>[\/vc_column_text][\/vc_column][vc_column width=&#8220;1\/6&#8243;][\/vc_column][\/vc_row][vc_row][vc_column width=&#8220;1\/6&#8243;][\/vc_column][vc_column width=&#8220;2\/3&#8243;]\n\t\t\t\t<p class=\"rs-p-wp-fix\"><\/p>\n\t\t\t\t<sr7-module data-alias=\"slider-12\" data-id=\"79\" id=\"SR7_79_1\" class=\"rs-ov-hidden\" data-version=\"6.7.33\">\n\t\t\t\t\t<sr7-adjuster><\/sr7-adjuster>\n\t\t\t\t\t<sr7-content>\n\t\t\t\t\t\t<sr7-slide id=\"SR7_79_1-298\" data-key=\"298\">\n\t\t\t\t\t\t<\/sr7-slide>\n\t\t\t\t\t\t<sr7-slide id=\"SR7_79_1-299\" data-key=\"299\">\n\t\t\t\t\t\t<\/sr7-slide>\n\t\t\t\t\t<\/sr7-content>\n\t\t\t\t<\/sr7-module>\n\t\t\t\t<script>\n\t\t\t\t\tSR7.PMH ??={}; SR7.PMH[\"SR7_79_1\"] = {cn:100,state:false,fn: function() { if (_tpt!==undefined && _tpt.prepareModuleHeight !== undefined) {  _tpt.prepareModuleHeight({id:\"SR7_79_1\",el:[900,900,768,960,720],type:'standard',shdw:'0',gh:[900,900,743,565,349],gw:[1240,1240,1024,778,480],vpt:['100px'],size:{fullWidth:true, fullHeight:false},mh:'0',onh:0,onw:0,bg:{color:'{\"orig\":\"transparent\",\"type\":\"solid\",\"string\":\"transparent\"}'}});   SR7.PMH[\"SR7_79_1\"].state=true;} else if(SR7.PMH[\"SR7_79_1\"].cn-->0)\tsetTimeout( SR7.PMH[\"SR7_79_1\"].fn,19);}};SR7.PMH[\"SR7_79_1\" ].fn();\n\t\t\t\t<\/script>\n[\/vc_column][vc_column width=&#8220;1\/6&#8243;][\/vc_column][\/vc_row][vc_row][vc_column width=&#8220;1\/6&#8243;][\/vc_column][vc_column width=&#8220;2\/3&#8243;][vc_column_text css=&#8220;&#8220;]<\/p>\n<h2><strong>Smarte Zielformulierungen: Beispiele<\/strong><\/h2>\n<p>&nbsp;<\/p>\n<p>Social-Media-Ziele sollen dazu beitragen, die strategischen Ziele eines Unternehmens zu erreichen. Wenn einmal festgelegt ist, was durch eine Strategie in den Sozialen Netzwerken \u00fcberhaupt erreicht werden soll, geht es an die konkrete Festlegung der Ziele \u2013 n\u00e4mlich vor allem das Wann und Wie. Die folgenden Beispiele sollen einen Einblick geben, wie f\u00fcr ein Unternehmen relevante Social-Media-Ziele sinnvoll erfasst und pr\u00e4zise ausformuliert werden k\u00f6nnen.<\/p>\n<p><strong>\u00a0<\/strong><\/p>\n<h2><strong>Fazit<\/strong><\/h2>\n<p>Vage Zielsetzungen f\u00fchren zu vagem Erfolg. Damit die Zielerreichung eines Unternehmens \u00fcberpr\u00fcfbar und ggf. Social Media Ma\u00dfnahmen korrigiert werden k\u00f6nnen, ist das SMART-Modell eine sinnvolle Strategie, um Marketing Ma\u00dfnahmen zu evaluieren. Wichtig ist dabei, besonders auf die sehr konkrete Formulierung zu werfen.<\/p>\n<p>&nbsp;<\/p>\n<p>Nahezu jedes erfolgreiche Unternehmen ist heutzutage in sozialen Netzwerken unterwegs. Da Social Media f\u00fcr eine ganze Reihe unterschiedlicher Zwecke genutzt bzw. gezielt eingesetzt werden kann, stellt sich \u2013 f\u00fcr jeden, der aktiv Social Media Channels betreibt \u2013 fr\u00fcher oder sp\u00e4ter einmal die Frage, welchen Mehrwert die eigenen Social Media Aktivit\u00e4ten eigentlich mit sich bringen.<\/p>\n<p>&nbsp;<\/p>\n<p>Wie lassen sich Inhalte im Social Web effizient erstellen und verteilen? Und welche logischen Konsequenzen ergeben sich daraus f\u00fcr die weitere Unternehmensstrategie? Wir erkl\u00e4ren, warum die Social Media Analyse f\u00fcr Unternehmen notwendig und wichtig ist.<\/p>\n<p>Durchblick gewinnen: Strategische Zielsetzung<\/p>\n<p>&nbsp;<\/p>\n<p>Social Media Analysen betrachten in erster Linie die eigene Aktivit\u00e4t im Social Web und werten diese aus. Dabei gibt unter anderem die Anzahl der Interaktionen auf den einzelnen Social Media Plattformen eines Unternehmens Aufschluss dar\u00fcber, wie sich die Reichweite, die Follower-Zahlen und die Qualit\u00e4t der Beitr\u00e4ge entwickeln. Eine gezielte Analyse der Social Media Channels verschafft den notwendigen Durchblick; sind Ressourcen richtig investiert? Wie performen die geposteten Beitr\u00e4ge? Sind die strategischen Ziele sinnvoll oder ist eine Anpassung ebendieser erforderlich? Die Auswertung der einzelnen Channels kann in gewisser Weise als Erfolgsanalyse betrachtet werden, da sie wichtige Hinweise gibt, ob und inwieweit ein Unternehmen \u00fcberhaupt die strategisch richtigen Ziele verfolgt. Social Media Analyse Tools bieten \u2013 je nach Bedarf \u2013 Einzel- oder Komplettl\u00f6sungen an, um ebendiese wichtigen Fragen mithilfe von Kennzahlen zu beantworten und so den eigenen Erfolg messbar zu machen.<\/p>\n<p>\u00dcberblick behalten: Zielgruppen &amp; Kanaleigenschaften verstehen<\/p>\n<p>&nbsp;<\/p>\n<p>Mit Social Media Analytics lassen sich aber nicht nur die \u00fcbergreifende Zielerreichung und Erfolgsquoten eines Unternehmens beobachten, sondern sie helfen auch dabei, Zielgruppen und ihre Bed\u00fcrfnisse bzw. Interessen besser zu verstehen. Durch die Beobachtung des t\u00e4glichen Community-Managements wird aufgezeigt, welche Themen st\u00e4rker diskutiert werden und welche Fragen regelm\u00e4\u00dfig aufkommen. Die Analyse der KPI zeigt auch, welches Thema und welche Art von Beitrag (Fotos, Videos etc.) an welchem Wochentag, zu welcher Uhrzeit und auf welcher Plattform (Facebook, Twitter, Instagram, Youtube etc.) f\u00fcr die jeweilige Zielgruppe am sinnvollsten ist bzw. besser performt. Wann ist die Community aktiv und was bewegt die User? Und wie erfolgreich sind eigentlich die Posts des eigenen Unternehmens im Vergleich zum Wettbewerb bzw. welche Themen kommen dort gut an? Aufschluss \u00fcber die Effizienz eines Beitrags und alle wichtigen Informationen im Hinblick auf das \u201aWie, Wo und Wann\u2018 lassen sich mithilfe von Social Media Analytics schon mit ein paar Klicks gewinnen.[\/vc_column_text][\/vc_column][vc_column width=&#8220;1\/6&#8243;][\/vc_column][\/vc_row][vc_row][vc_column width=&#8220;1\/6&#8243;][\/vc_column][vc_column width=&#8220;2\/3&#8243;][vc_column_text css=&#8220;&#8220;]<\/p>\n<h2><strong>Fazit:<\/strong><br \/>\n<strong>Mehr als nur posten, liken und teilen<\/strong><\/h2>\n<p>&nbsp;<\/p>\n<p>Die sozialen Medien erm\u00f6glichen es eine bestimmte Zielgruppe schnell und einfach in Echtzeit zu erreichen. Der Datendschungel im digitalen Raum stellt allerdings viele Unternehmen vor eine gro\u00dfe Herausforderung. Social Media Analytics helfen dabei die \u2013 je nach Fragestellung \u2013 relevanten Daten f\u00fcr ein Unternehmen zielgerichtet herauszufiltern. Wie erfolgreich und wirksam die eigene Arbeit im Social Web und inwieweit das eigene Social-Media-Marketing verbesserungsw\u00fcrdig ist, l\u00e4sst sich nur durch eine professionelle Beobachtung und Analyse der Social Media Channels aufzeigen. Erfolg richtet sich immer nach den jeweiligen strategischen Zielen, die ein Unternehmen erreichen will. Ohne ein Verst\u00e4ndnis f\u00fcr die Bed\u00fcrfnisse und Interessen spezifischer Zielgruppen, kann es allerdings schnell passieren, dass man das eigentlich gew\u00fcnschte Publikum nie erreicht. Mit Hilfe von Social Media Analytics kann ein Unternehmen von Zielgruppen lernen, denn es ist die Community, die entscheidet, welche Meinung \u00fcber ein Produkt, eine Marken oder Dienstleistungen im Web herrscht.[\/vc_column_text][\/vc_column][vc_column width=&#8220;1\/6&#8243;][\/vc_column][\/vc_row]<\/p>\n<\/div>","protected":false},"excerpt":{"rendered":"[vc_row full_width=\"stretch_row_content_no_spaces\" css=\".vc_custom_1730115535279{margin-top: -30px !important;margin-right: 0px !important;margin-bottom: 0px !important;margin-left: 0px !important;padding-top: 0px !important;padding-right: 0px !important;padding-bottom:<span class=\"excerpt-hellip\"> [\u2026]<\/span>","protected":false},"author":2,"featured_media":0,"parent":1947,"menu_order":0,"comment_status":"closed","ping_status":"closed","template":"","meta":{"footnotes":""},"class_list":["post-2042","page","type-page","status-publish","hentry"],"yoast_head":"<!-- This site is optimized with the Yoast SEO plugin v25.6 - https:\/\/yoast.com\/wordpress\/plugins\/seo\/ -->\n<title>Messe- und Eventfilme f\u00fcr Ihre Veranstaltungen | SMART PR<\/title>\n<meta name=\"description\" content=\"Setzen Sie Ihre Messe- und Eventauftritte perfekt in Szene. Professionelle Filme, die Ihre Veranstaltungen in den Mittelpunkt stellen.\" \/>\n<meta name=\"robots\" content=\"index, follow, max-snippet:-1, max-image-preview:large, max-video-preview:-1\" \/>\n<link rel=\"canonical\" href=\"https:\/\/smart-pr.de\/de\/leistungen\/content-creation\/videoproduktion\/messe-und-eventfilm\/\" \/>\n<meta property=\"og:locale\" content=\"de_DE\" \/>\n<meta property=\"og:type\" content=\"article\" \/>\n<meta property=\"og:title\" content=\"Messe- und Eventfilme f\u00fcr Ihre Veranstaltungen | SMART PR\" \/>\n<meta property=\"og:description\" content=\"Setzen Sie Ihre Messe- und Eventauftritte perfekt in Szene. Professionelle Filme, die Ihre Veranstaltungen in den Mittelpunkt stellen.\" \/>\n<meta property=\"og:url\" content=\"https:\/\/smart-pr.de\/de\/leistungen\/content-creation\/videoproduktion\/messe-und-eventfilm\/\" \/>\n<meta property=\"og:site_name\" content=\"SMART PR \/\/ Ihre PR-Agentur in D\u00fcsseldorf\" \/>\n<meta property=\"article:modified_time\" content=\"2025-02-10T14:06:36+00:00\" \/>\n<meta name=\"twitter:card\" content=\"summary_large_image\" \/>\n<meta name=\"twitter:label1\" content=\"Gesch\u00e4tzte Lesezeit\" \/>\n\t<meta name=\"twitter:data1\" content=\"5\u00a0Minuten\" \/>\n<script type=\"application\/ld+json\" class=\"yoast-schema-graph\">{\"@context\":\"https:\/\/schema.org\",\"@graph\":[{\"@type\":\"WebPage\",\"@id\":\"https:\/\/smart-pr.de\/de\/leistungen\/content-creation\/videoproduktion\/messe-und-eventfilm\/\",\"url\":\"https:\/\/smart-pr.de\/de\/leistungen\/content-creation\/videoproduktion\/messe-und-eventfilm\/\",\"name\":\"Messe- und Eventfilme f\u00fcr Ihre Veranstaltungen | SMART PR\",\"isPartOf\":{\"@id\":\"https:\/\/smart-pr.de\/de\/#website\"},\"datePublished\":\"2024-09-04T13:08:05+00:00\",\"dateModified\":\"2025-02-10T14:06:36+00:00\",\"description\":\"Setzen Sie Ihre Messe- und Eventauftritte perfekt in Szene. Professionelle Filme, die Ihre Veranstaltungen in den Mittelpunkt stellen.\",\"breadcrumb\":{\"@id\":\"https:\/\/smart-pr.de\/de\/leistungen\/content-creation\/videoproduktion\/messe-und-eventfilm\/#breadcrumb\"},\"inLanguage\":\"de\",\"potentialAction\":[{\"@type\":\"ReadAction\",\"target\":[\"https:\/\/smart-pr.de\/de\/leistungen\/content-creation\/videoproduktion\/messe-und-eventfilm\/\"]}]},{\"@type\":\"BreadcrumbList\",\"@id\":\"https:\/\/smart-pr.de\/de\/leistungen\/content-creation\/videoproduktion\/messe-und-eventfilm\/#breadcrumb\",\"itemListElement\":[{\"@type\":\"ListItem\",\"position\":1,\"name\":\"Startseite\",\"item\":\"https:\/\/smart-pr.de\/de\/\"},{\"@type\":\"ListItem\",\"position\":2,\"name\":\"Leistungen\",\"item\":\"https:\/\/smart-pr.de\/de\/leistungen\/\"},{\"@type\":\"ListItem\",\"position\":3,\"name\":\"Content Creation\",\"item\":\"https:\/\/smart-pr.de\/de\/leistungen\/content-creation\/\"},{\"@type\":\"ListItem\",\"position\":4,\"name\":\"Videoproduktion\",\"item\":\"https:\/\/smart-pr.de\/de\/leistungen\/content-creation\/videoproduktion\/\"},{\"@type\":\"ListItem\",\"position\":5,\"name\":\"Messe-und Eventfilm\"}]},{\"@type\":\"WebSite\",\"@id\":\"https:\/\/smart-pr.de\/de\/#website\",\"url\":\"https:\/\/smart-pr.de\/de\/\",\"name\":\"SMART PR \/\/ Ihre PR-Agentur in D\u00fcsseldorf\",\"description\":\"F\u00fcr ganzheitliche Kommunikation\",\"publisher\":{\"@id\":\"https:\/\/smart-pr.de\/de\/#organization\"},\"potentialAction\":[{\"@type\":\"SearchAction\",\"target\":{\"@type\":\"EntryPoint\",\"urlTemplate\":\"https:\/\/smart-pr.de\/de\/?s={search_term_string}\"},\"query-input\":{\"@type\":\"PropertyValueSpecification\",\"valueRequired\":true,\"valueName\":\"search_term_string\"}}],\"inLanguage\":\"de\"},{\"@type\":\"Organization\",\"@id\":\"https:\/\/smart-pr.de\/de\/#organization\",\"name\":\"SMART PR \/\/ Ihre PR-Agentur in D\u00fcsseldorf\",\"url\":\"https:\/\/smart-pr.de\/de\/\",\"logo\":{\"@type\":\"ImageObject\",\"inLanguage\":\"de\",\"@id\":\"https:\/\/smart-pr.de\/de\/#\/schema\/logo\/image\/\",\"url\":\"https:\/\/smart-pr.de\/wp-content\/uploads\/2024\/08\/smart-pr-logo-2.png\",\"contentUrl\":\"https:\/\/smart-pr.de\/wp-content\/uploads\/2024\/08\/smart-pr-logo-2.png\",\"width\":1800,\"height\":282,\"caption\":\"SMART PR \/\/ Ihre PR-Agentur in D\u00fcsseldorf\"},\"image\":{\"@id\":\"https:\/\/smart-pr.de\/de\/#\/schema\/logo\/image\/\"}}]}<\/script>\n<!-- \/ Yoast SEO plugin. -->","yoast_head_json":{"title":"Messe- und Eventfilme f\u00fcr Ihre Veranstaltungen | SMART PR","description":"Setzen Sie Ihre Messe- und Eventauftritte perfekt in Szene. Professionelle Filme, die Ihre Veranstaltungen in den Mittelpunkt stellen.","robots":{"index":"index","follow":"follow","max-snippet":"max-snippet:-1","max-image-preview":"max-image-preview:large","max-video-preview":"max-video-preview:-1"},"canonical":"https:\/\/smart-pr.de\/de\/leistungen\/content-creation\/videoproduktion\/messe-und-eventfilm\/","og_locale":"de_DE","og_type":"article","og_title":"Messe- und Eventfilme f\u00fcr Ihre Veranstaltungen | SMART PR","og_description":"Setzen Sie Ihre Messe- und Eventauftritte perfekt in Szene. Professionelle Filme, die Ihre Veranstaltungen in den Mittelpunkt stellen.","og_url":"https:\/\/smart-pr.de\/de\/leistungen\/content-creation\/videoproduktion\/messe-und-eventfilm\/","og_site_name":"SMART PR \/\/ Ihre PR-Agentur in D\u00fcsseldorf","article_modified_time":"2025-02-10T14:06:36+00:00","twitter_card":"summary_large_image","twitter_misc":{"Gesch\u00e4tzte Lesezeit":"5\u00a0Minuten"},"schema":{"@context":"https:\/\/schema.org","@graph":[{"@type":"WebPage","@id":"https:\/\/smart-pr.de\/de\/leistungen\/content-creation\/videoproduktion\/messe-und-eventfilm\/","url":"https:\/\/smart-pr.de\/de\/leistungen\/content-creation\/videoproduktion\/messe-und-eventfilm\/","name":"Messe- und Eventfilme f\u00fcr Ihre Veranstaltungen | SMART PR","isPartOf":{"@id":"https:\/\/smart-pr.de\/de\/#website"},"datePublished":"2024-09-04T13:08:05+00:00","dateModified":"2025-02-10T14:06:36+00:00","description":"Setzen Sie Ihre Messe- und Eventauftritte perfekt in Szene. Professionelle Filme, die Ihre Veranstaltungen in den Mittelpunkt stellen.","breadcrumb":{"@id":"https:\/\/smart-pr.de\/de\/leistungen\/content-creation\/videoproduktion\/messe-und-eventfilm\/#breadcrumb"},"inLanguage":"de","potentialAction":[{"@type":"ReadAction","target":["https:\/\/smart-pr.de\/de\/leistungen\/content-creation\/videoproduktion\/messe-und-eventfilm\/"]}]},{"@type":"BreadcrumbList","@id":"https:\/\/smart-pr.de\/de\/leistungen\/content-creation\/videoproduktion\/messe-und-eventfilm\/#breadcrumb","itemListElement":[{"@type":"ListItem","position":1,"name":"Startseite","item":"https:\/\/smart-pr.de\/de\/"},{"@type":"ListItem","position":2,"name":"Leistungen","item":"https:\/\/smart-pr.de\/de\/leistungen\/"},{"@type":"ListItem","position":3,"name":"Content Creation","item":"https:\/\/smart-pr.de\/de\/leistungen\/content-creation\/"},{"@type":"ListItem","position":4,"name":"Videoproduktion","item":"https:\/\/smart-pr.de\/de\/leistungen\/content-creation\/videoproduktion\/"},{"@type":"ListItem","position":5,"name":"Messe-und Eventfilm"}]},{"@type":"WebSite","@id":"https:\/\/smart-pr.de\/de\/#website","url":"https:\/\/smart-pr.de\/de\/","name":"SMART PR \/\/ Ihre PR-Agentur in D\u00fcsseldorf","description":"F\u00fcr ganzheitliche Kommunikation","publisher":{"@id":"https:\/\/smart-pr.de\/de\/#organization"},"potentialAction":[{"@type":"SearchAction","target":{"@type":"EntryPoint","urlTemplate":"https:\/\/smart-pr.de\/de\/?s={search_term_string}"},"query-input":{"@type":"PropertyValueSpecification","valueRequired":true,"valueName":"search_term_string"}}],"inLanguage":"de"},{"@type":"Organization","@id":"https:\/\/smart-pr.de\/de\/#organization","name":"SMART PR \/\/ Ihre PR-Agentur in D\u00fcsseldorf","url":"https:\/\/smart-pr.de\/de\/","logo":{"@type":"ImageObject","inLanguage":"de","@id":"https:\/\/smart-pr.de\/de\/#\/schema\/logo\/image\/","url":"https:\/\/smart-pr.de\/wp-content\/uploads\/2024\/08\/smart-pr-logo-2.png","contentUrl":"https:\/\/smart-pr.de\/wp-content\/uploads\/2024\/08\/smart-pr-logo-2.png","width":1800,"height":282,"caption":"SMART PR \/\/ Ihre PR-Agentur in D\u00fcsseldorf"},"image":{"@id":"https:\/\/smart-pr.de\/de\/#\/schema\/logo\/image\/"}}]}},"_links":{"self":[{"href":"https:\/\/smart-pr.de\/de\/wp-json\/wp\/v2\/pages\/2042","targetHints":{"allow":["GET"]}}],"collection":[{"href":"https:\/\/smart-pr.de\/de\/wp-json\/wp\/v2\/pages"}],"about":[{"href":"https:\/\/smart-pr.de\/de\/wp-json\/wp\/v2\/types\/page"}],"author":[{"embeddable":true,"href":"https:\/\/smart-pr.de\/de\/wp-json\/wp\/v2\/users\/2"}],"replies":[{"embeddable":true,"href":"https:\/\/smart-pr.de\/de\/wp-json\/wp\/v2\/comments?post=2042"}],"version-history":[{"count":14,"href":"https:\/\/smart-pr.de\/de\/wp-json\/wp\/v2\/pages\/2042\/revisions"}],"predecessor-version":[{"id":8372,"href":"https:\/\/smart-pr.de\/de\/wp-json\/wp\/v2\/pages\/2042\/revisions\/8372"}],"up":[{"embeddable":true,"href":"https:\/\/smart-pr.de\/de\/wp-json\/wp\/v2\/pages\/1947"}],"wp:attachment":[{"href":"https:\/\/smart-pr.de\/de\/wp-json\/wp\/v2\/media?parent=2042"}],"curies":[{"name":"wp","href":"https:\/\/api.w.org\/{rel}","templated":true}]}}