{"id":1998,"date":"2024-09-04T12:09:08","date_gmt":"2024-09-04T12:09:08","guid":{"rendered":"https:\/\/entwicklungsumgebung6729.live-website.com\/?page_id=1998"},"modified":"2025-05-21T15:05:28","modified_gmt":"2025-05-21T15:05:28","slug":"social-media-clips","status":"publish","type":"page","link":"https:\/\/smart-pr.de\/de\/leistungen\/content-creation\/videoproduktion\/social-media-clips\/","title":{"rendered":"Social Media Clips"},"content":{"rendered":"<div class=\"wpb-content-wrapper\"><p>[vc_row full_width=&#8220;stretch_row_content_no_spaces&#8220; css=&#8220;.vc_custom_1730112607183{margin-top: -30px !important;}&#8220;][vc_column][vc_single_image image=&#8220;10406&#8243; img_size=&#8220;full&#8220; alignment=&#8220;center&#8220; css=&#8220;&#8220;][\/vc_column][\/vc_row][vc_row css=&#8220;.vc_custom_1725895398444{margin-top: 10px !important;}&#8220;][vc_column width=&#8220;1\/4&#8243;][\/vc_column][vc_column width=&#8220;1\/2&#8243;][vc_column_text css=&#8220;&#8220;]<\/p>\n<h1><strong><span class=\"slug-title\">Social Media Clips<\/span><\/strong><\/h1>\n<h2><strong>Kurzvideos, die Ihre Zielgruppe<\/strong><br \/>\n<strong>begeistern<\/strong><\/h2>\n<p>[\/vc_column_text][\/vc_column][vc_column width=&#8220;1\/4&#8243;][\/vc_column][\/vc_row][vc_row][vc_column width=&#8220;1\/3&#8243; css=&#8220;.vc_custom_1725895416236{margin-top: -35px !important;}&#8220;][\/vc_column][vc_column width=&#8220;1\/3&#8243;]\n\t\t\t\t<p class=\"rs-p-wp-fix\"><\/p>\n\t\t\t\t<sr7-module data-alias=\"slider-16\" data-id=\"86\" id=\"SR7_86_1\" class=\"rs-ov-hidden\" data-version=\"6.7.33\">\n\t\t\t\t\t<sr7-adjuster><\/sr7-adjuster>\n\t\t\t\t\t<sr7-content>\n\t\t\t\t\t\t<sr7-slide id=\"SR7_86_1-313\" data-key=\"313\">\n\t\t\t\t\t\t<\/sr7-slide>\n\t\t\t\t\t\t<sr7-slide id=\"SR7_86_1-314\" data-key=\"314\">\n\t\t\t\t\t\t<\/sr7-slide>\n\t\t\t\t\t<\/sr7-content>\n\t\t\t\t<\/sr7-module>\n\t\t\t\t<script>\n\t\t\t\t\tSR7.PMH ??={}; SR7.PMH[\"SR7_86_1\"] = {cn:100,state:false,fn: function() { if (_tpt!==undefined && _tpt.prepareModuleHeight !== undefined) {  _tpt.prepareModuleHeight({id:\"SR7_86_1\",el:[1000,1000,768,550,350],type:'standard',shdw:'0',gh:[1000,1000,768,550,350],gw:[1400,1400,1024,778,480],vpt:['100px&#039;,&#039;100px&#039;,&#039;100px&#039;,&#039;100px&#039;,&#039;100px'],size:{fullWidth:true, fullHeight:false},mh:'0',onh:0,onw:0,bg:{color:'{\"orig\":\"transparent\",\"type\":\"solid\",\"string\":\"transparent\"}'}});   SR7.PMH[\"SR7_86_1\"].state=true;} else if(SR7.PMH[\"SR7_86_1\"].cn-->0)\tsetTimeout( SR7.PMH[\"SR7_86_1\"].fn,19);}};SR7.PMH[\"SR7_86_1\" ].fn();\n\t\t\t\t<\/script>\n[\/vc_column][vc_column width=&#8220;1\/3&#8243;][\/vc_column][\/vc_row][vc_row css=&#8220;.vc_custom_1725895398444{margin-top: 10px !important;}&#8220;][vc_column width=&#8220;1\/4&#8243;][\/vc_column][vc_column width=&#8220;1\/2&#8243;][vc_column_text css=&#8220;&#8220;]Ob TikTok, Instagram Reels oder YouTube Shorts: Der Kurzvideo-Trend auf Social Media ist ungebrochen. Angesichts des \u00dcberma\u00dfes an Informationen wird die durchschnittliche menschliche Aufmerksamkeitsspanne immer k\u00fcrzer, weshalb kurze Videos der Schl\u00fcssel zur Aufmerksamkeit der Nutzer sind. Mit dem ge\u00e4nderten Algorithmus auf Facebook und Instagram, der Kurzvideos und themenspezifischem Content h\u00f6heres Gewicht als den gefolgten Seiten verleiht, kommt schlie\u00dflich kein Unternehmen mehr an Bewegtbild im Social Media Bereich vorbei.<\/p>\n<p>Unser SMART CONTENT Team ist Experte darin, spannende Geschichten in sehr kurzer Zeit zu erz\u00e4hlen. Wir produzieren Videos f\u00fcr Sie, die die wichtigsten Aussagen in komprimierter, aber zugleich aufmerksamkeitsstarker Form wiedergeben. Dabei kennen wir die verschiedenen Social Media Kan\u00e4le und ihre besonderen Anforderungen an Video Content ganz genau.<\/p>\n<p>Ob Instagram Reels und Stories, Social Media Clips f\u00fcr LinkedIn oder TikTok Videos: Wir erstellen Kurzvideos f\u00fcr Sie, die Ihre Botschaften unterhaltsam, emotional und effizient transportieren und bei Ihrer Zielgruppe ankommen.[\/vc_column_text][\/vc_column][vc_column width=&#8220;1\/4&#8243;][\/vc_column][\/vc_row]<\/p>\n<\/div>","protected":false},"excerpt":{"rendered":"[vc_row full_width=\"stretch_row_content_no_spaces\" css=\".vc_custom_1730112607183{margin-top: -30px !important;}\"][vc_column][vc_single_image image=\"10406\" img_size=\"full\" alignment=\"center\" css=\"\"][\/vc_column][\/vc_row][vc_row css=\".vc_custom_1725895398444{margin-top: 10px !important;}\"][vc_column width=\"1\/4\"][\/vc_column][vc_column width=\"1\/2\"][vc_column_text css=\"\"]<span class=\"excerpt-hellip\"> [\u2026]<\/span>","protected":false},"author":2,"featured_media":0,"parent":1947,"menu_order":0,"comment_status":"closed","ping_status":"closed","template":"","meta":{"footnotes":""},"class_list":["post-1998","page","type-page","status-publish","hentry"],"yoast_head":"<!-- This site is optimized with the Yoast SEO plugin v25.6 - https:\/\/yoast.com\/wordpress\/plugins\/seo\/ -->\n<title>Social Media Clips f\u00fcr Ihre Markenkommunikation | SMART PR<\/title>\n<meta name=\"description\" content=\"Erstellen Sie professionelle Social Media Clips, die Ihre Zielgruppe begeistern. Optimiert f\u00fcr alle Plattformen.\" \/>\n<meta name=\"robots\" content=\"index, follow, max-snippet:-1, max-image-preview:large, max-video-preview:-1\" \/>\n<link rel=\"canonical\" href=\"https:\/\/smart-pr.de\/de\/leistungen\/content-creation\/videoproduktion\/social-media-clips\/\" \/>\n<meta property=\"og:locale\" content=\"de_DE\" \/>\n<meta property=\"og:type\" content=\"article\" \/>\n<meta property=\"og:title\" content=\"Social Media Clips f\u00fcr Ihre Markenkommunikation | SMART PR\" \/>\n<meta property=\"og:description\" content=\"Erstellen Sie professionelle Social Media Clips, die Ihre Zielgruppe begeistern. Optimiert f\u00fcr alle Plattformen.\" \/>\n<meta property=\"og:url\" content=\"https:\/\/smart-pr.de\/de\/leistungen\/content-creation\/videoproduktion\/social-media-clips\/\" \/>\n<meta property=\"og:site_name\" content=\"SMART PR \/\/ Ihre PR-Agentur in D\u00fcsseldorf\" \/>\n<meta property=\"article:modified_time\" content=\"2025-05-21T15:05:28+00:00\" \/>\n<meta name=\"twitter:card\" content=\"summary_large_image\" \/>\n<meta name=\"twitter:label1\" content=\"Gesch\u00e4tzte Lesezeit\" \/>\n\t<meta name=\"twitter:data1\" content=\"2\u00a0Minuten\" \/>\n<script type=\"application\/ld+json\" class=\"yoast-schema-graph\">{\"@context\":\"https:\/\/schema.org\",\"@graph\":[{\"@type\":\"WebPage\",\"@id\":\"https:\/\/smart-pr.de\/de\/leistungen\/content-creation\/videoproduktion\/social-media-clips\/\",\"url\":\"https:\/\/smart-pr.de\/de\/leistungen\/content-creation\/videoproduktion\/social-media-clips\/\",\"name\":\"Social Media Clips f\u00fcr Ihre Markenkommunikation | SMART PR\",\"isPartOf\":{\"@id\":\"https:\/\/smart-pr.de\/de\/#website\"},\"datePublished\":\"2024-09-04T12:09:08+00:00\",\"dateModified\":\"2025-05-21T15:05:28+00:00\",\"description\":\"Erstellen Sie professionelle Social Media Clips, die Ihre Zielgruppe begeistern. Optimiert f\u00fcr alle Plattformen.\",\"breadcrumb\":{\"@id\":\"https:\/\/smart-pr.de\/de\/leistungen\/content-creation\/videoproduktion\/social-media-clips\/#breadcrumb\"},\"inLanguage\":\"de\",\"potentialAction\":[{\"@type\":\"ReadAction\",\"target\":[\"https:\/\/smart-pr.de\/de\/leistungen\/content-creation\/videoproduktion\/social-media-clips\/\"]}]},{\"@type\":\"BreadcrumbList\",\"@id\":\"https:\/\/smart-pr.de\/de\/leistungen\/content-creation\/videoproduktion\/social-media-clips\/#breadcrumb\",\"itemListElement\":[{\"@type\":\"ListItem\",\"position\":1,\"name\":\"Startseite\",\"item\":\"https:\/\/smart-pr.de\/de\/\"},{\"@type\":\"ListItem\",\"position\":2,\"name\":\"Leistungen\",\"item\":\"https:\/\/smart-pr.de\/de\/leistungen\/\"},{\"@type\":\"ListItem\",\"position\":3,\"name\":\"Content Creation\",\"item\":\"https:\/\/smart-pr.de\/de\/leistungen\/content-creation\/\"},{\"@type\":\"ListItem\",\"position\":4,\"name\":\"Videoproduktion\",\"item\":\"https:\/\/smart-pr.de\/de\/leistungen\/content-creation\/videoproduktion\/\"},{\"@type\":\"ListItem\",\"position\":5,\"name\":\"Social Media Clips\"}]},{\"@type\":\"WebSite\",\"@id\":\"https:\/\/smart-pr.de\/de\/#website\",\"url\":\"https:\/\/smart-pr.de\/de\/\",\"name\":\"SMART PR \/\/ Ihre PR-Agentur in D\u00fcsseldorf\",\"description\":\"F\u00fcr ganzheitliche Kommunikation\",\"publisher\":{\"@id\":\"https:\/\/smart-pr.de\/de\/#organization\"},\"potentialAction\":[{\"@type\":\"SearchAction\",\"target\":{\"@type\":\"EntryPoint\",\"urlTemplate\":\"https:\/\/smart-pr.de\/de\/?s={search_term_string}\"},\"query-input\":{\"@type\":\"PropertyValueSpecification\",\"valueRequired\":true,\"valueName\":\"search_term_string\"}}],\"inLanguage\":\"de\"},{\"@type\":\"Organization\",\"@id\":\"https:\/\/smart-pr.de\/de\/#organization\",\"name\":\"SMART PR \/\/ Ihre PR-Agentur in D\u00fcsseldorf\",\"url\":\"https:\/\/smart-pr.de\/de\/\",\"logo\":{\"@type\":\"ImageObject\",\"inLanguage\":\"de\",\"@id\":\"https:\/\/smart-pr.de\/de\/#\/schema\/logo\/image\/\",\"url\":\"https:\/\/smart-pr.de\/wp-content\/uploads\/2024\/08\/smart-pr-logo-2.png\",\"contentUrl\":\"https:\/\/smart-pr.de\/wp-content\/uploads\/2024\/08\/smart-pr-logo-2.png\",\"width\":1800,\"height\":282,\"caption\":\"SMART PR \/\/ Ihre PR-Agentur in D\u00fcsseldorf\"},\"image\":{\"@id\":\"https:\/\/smart-pr.de\/de\/#\/schema\/logo\/image\/\"}}]}<\/script>\n<!-- \/ Yoast SEO plugin. -->","yoast_head_json":{"title":"Social Media Clips f\u00fcr Ihre Markenkommunikation | SMART PR","description":"Erstellen Sie professionelle Social Media Clips, die Ihre Zielgruppe begeistern. Optimiert f\u00fcr alle Plattformen.","robots":{"index":"index","follow":"follow","max-snippet":"max-snippet:-1","max-image-preview":"max-image-preview:large","max-video-preview":"max-video-preview:-1"},"canonical":"https:\/\/smart-pr.de\/de\/leistungen\/content-creation\/videoproduktion\/social-media-clips\/","og_locale":"de_DE","og_type":"article","og_title":"Social Media Clips f\u00fcr Ihre Markenkommunikation | SMART PR","og_description":"Erstellen Sie professionelle Social Media Clips, die Ihre Zielgruppe begeistern. Optimiert f\u00fcr alle Plattformen.","og_url":"https:\/\/smart-pr.de\/de\/leistungen\/content-creation\/videoproduktion\/social-media-clips\/","og_site_name":"SMART PR \/\/ Ihre PR-Agentur in D\u00fcsseldorf","article_modified_time":"2025-05-21T15:05:28+00:00","twitter_card":"summary_large_image","twitter_misc":{"Gesch\u00e4tzte Lesezeit":"2\u00a0Minuten"},"schema":{"@context":"https:\/\/schema.org","@graph":[{"@type":"WebPage","@id":"https:\/\/smart-pr.de\/de\/leistungen\/content-creation\/videoproduktion\/social-media-clips\/","url":"https:\/\/smart-pr.de\/de\/leistungen\/content-creation\/videoproduktion\/social-media-clips\/","name":"Social Media Clips f\u00fcr Ihre Markenkommunikation | SMART PR","isPartOf":{"@id":"https:\/\/smart-pr.de\/de\/#website"},"datePublished":"2024-09-04T12:09:08+00:00","dateModified":"2025-05-21T15:05:28+00:00","description":"Erstellen Sie professionelle Social Media Clips, die Ihre Zielgruppe begeistern. Optimiert f\u00fcr alle Plattformen.","breadcrumb":{"@id":"https:\/\/smart-pr.de\/de\/leistungen\/content-creation\/videoproduktion\/social-media-clips\/#breadcrumb"},"inLanguage":"de","potentialAction":[{"@type":"ReadAction","target":["https:\/\/smart-pr.de\/de\/leistungen\/content-creation\/videoproduktion\/social-media-clips\/"]}]},{"@type":"BreadcrumbList","@id":"https:\/\/smart-pr.de\/de\/leistungen\/content-creation\/videoproduktion\/social-media-clips\/#breadcrumb","itemListElement":[{"@type":"ListItem","position":1,"name":"Startseite","item":"https:\/\/smart-pr.de\/de\/"},{"@type":"ListItem","position":2,"name":"Leistungen","item":"https:\/\/smart-pr.de\/de\/leistungen\/"},{"@type":"ListItem","position":3,"name":"Content Creation","item":"https:\/\/smart-pr.de\/de\/leistungen\/content-creation\/"},{"@type":"ListItem","position":4,"name":"Videoproduktion","item":"https:\/\/smart-pr.de\/de\/leistungen\/content-creation\/videoproduktion\/"},{"@type":"ListItem","position":5,"name":"Social Media Clips"}]},{"@type":"WebSite","@id":"https:\/\/smart-pr.de\/de\/#website","url":"https:\/\/smart-pr.de\/de\/","name":"SMART PR \/\/ Ihre PR-Agentur in D\u00fcsseldorf","description":"F\u00fcr ganzheitliche Kommunikation","publisher":{"@id":"https:\/\/smart-pr.de\/de\/#organization"},"potentialAction":[{"@type":"SearchAction","target":{"@type":"EntryPoint","urlTemplate":"https:\/\/smart-pr.de\/de\/?s={search_term_string}"},"query-input":{"@type":"PropertyValueSpecification","valueRequired":true,"valueName":"search_term_string"}}],"inLanguage":"de"},{"@type":"Organization","@id":"https:\/\/smart-pr.de\/de\/#organization","name":"SMART PR \/\/ Ihre PR-Agentur in D\u00fcsseldorf","url":"https:\/\/smart-pr.de\/de\/","logo":{"@type":"ImageObject","inLanguage":"de","@id":"https:\/\/smart-pr.de\/de\/#\/schema\/logo\/image\/","url":"https:\/\/smart-pr.de\/wp-content\/uploads\/2024\/08\/smart-pr-logo-2.png","contentUrl":"https:\/\/smart-pr.de\/wp-content\/uploads\/2024\/08\/smart-pr-logo-2.png","width":1800,"height":282,"caption":"SMART PR \/\/ Ihre PR-Agentur in D\u00fcsseldorf"},"image":{"@id":"https:\/\/smart-pr.de\/de\/#\/schema\/logo\/image\/"}}]}},"_links":{"self":[{"href":"https:\/\/smart-pr.de\/de\/wp-json\/wp\/v2\/pages\/1998","targetHints":{"allow":["GET"]}}],"collection":[{"href":"https:\/\/smart-pr.de\/de\/wp-json\/wp\/v2\/pages"}],"about":[{"href":"https:\/\/smart-pr.de\/de\/wp-json\/wp\/v2\/types\/page"}],"author":[{"embeddable":true,"href":"https:\/\/smart-pr.de\/de\/wp-json\/wp\/v2\/users\/2"}],"replies":[{"embeddable":true,"href":"https:\/\/smart-pr.de\/de\/wp-json\/wp\/v2\/comments?post=1998"}],"version-history":[{"count":60,"href":"https:\/\/smart-pr.de\/de\/wp-json\/wp\/v2\/pages\/1998\/revisions"}],"predecessor-version":[{"id":10408,"href":"https:\/\/smart-pr.de\/de\/wp-json\/wp\/v2\/pages\/1998\/revisions\/10408"}],"up":[{"embeddable":true,"href":"https:\/\/smart-pr.de\/de\/wp-json\/wp\/v2\/pages\/1947"}],"wp:attachment":[{"href":"https:\/\/smart-pr.de\/de\/wp-json\/wp\/v2\/media?parent=1998"}],"curies":[{"name":"wp","href":"https:\/\/api.w.org\/{rel}","templated":true}]}}