{"id":1973,"date":"2024-09-04T10:29:11","date_gmt":"2024-09-04T10:29:11","guid":{"rendered":"https:\/\/entwicklungsumgebung6729.live-website.com\/?page_id=1973"},"modified":"2025-02-05T11:22:39","modified_gmt":"2025-02-05T11:22:39","slug":"erklaervideo","status":"publish","type":"page","link":"https:\/\/smart-pr.de\/de\/leistungen\/content-creation\/videoproduktion\/erklaervideo\/","title":{"rendered":"Erkl\u00e4rvideo"},"content":{"rendered":"<div class=\"wpb-content-wrapper\"><p>[vc_row full_width=&#8220;stretch_row_content_no_spaces&#8220; css=&#8220;.vc_custom_1730114452788{margin-top: -30px !important;}&#8220;][vc_column][vc_single_image image=&#8220;8364&#8243; img_size=&#8220;full&#8220; alignment=&#8220;center&#8220; css=&#8220;&#8220;][\/vc_column][\/vc_row][vc_row][vc_column width=&#8220;1\/6&#8243;][\/vc_column][vc_column width=&#8220;2\/3&#8243;][vc_column_text css=&#8220;&#8220;]<\/p>\n<h1><strong><span class=\"slug-title\">Erkl\u00e4rvideo<\/span><\/strong><\/h1>\n<h2><span style=\"color: #808080;\"><strong>Komplexe Themen verst\u00e4ndlich dargestellt<\/strong><\/span><\/h2>\n<p>[\/vc_column_text][\/vc_column][vc_column width=&#8220;1\/6&#8243;][\/vc_column][\/vc_row][vc_row][vc_column width=&#8220;1\/6&#8243;][\/vc_column][vc_column width=&#8220;2\/3&#8243;][vc_raw_html css=&#8220;&#8220;]JTNDc3R5bGUlM0UlMEEudmlkZW8td3JhcHBlciUyMCU3QiUwQSUyMCUyMCUyMCUyMHdpZHRoJTNBJTIwMTAwJTI1JTNCJTBBJTIwJTIwJTIwJTIwbWF4LXdpZHRoJTNBJTIwMTAwJTI1JTNCJTBBJTIwJTIwJTIwJTIwYXNwZWN0LXJhdGlvJTNBJTIwMTYlMjAlMkYlMjA5JTNCJTBBJTIwJTIwJTIwJTIwYm94LXNoYWRvdyUzQSUyMDBweCUyMDRweCUyMDhweCUyMHJnYmElMjgwJTJDJTIwMCUyQyUyMDAlMkMlMjAwLjUlMjklM0IlMEElMjAlMjAlMjAlMjBib3JkZXItcmFkaXVzJTNBJTIwOHB4JTNCJTIwJTJGJTJBJTIwT3B0aW9uYWwlMjAlMkElMkYlMEElMjAlMjAlMjAlMjBvdmVyZmxvdyUzQSUyMGhpZGRlbiUzQiUwQSU3RCUwQSUwQS52aWRlby13cmFwcGVyJTIwaWZyYW1lJTIwJTdCJTBBJTIwJTIwJTIwJTIwd2lkdGglM0ElMjAxMDAlMjUlM0IlMEElMjAlMjAlMjAlMjBoZWlnaHQlM0ElMjAxMDAlMjUlM0IlMEElMjAlMjAlMjAlMjBib3JkZXIlM0ElMjAwJTNCJTBBJTdEJTBBJTNDJTJGc3R5bGUlM0UlMEElMEElM0NkaXYlMjBjbGFzcyUzRCUyMnZpZGVvLXdyYXBwZXIlMjIlM0UlMEElMjAlMjAlMjAlMjAlM0NpZnJhbWUlMjBzcmMlM0QlMjJodHRwcyUzQSUyRiUyRnd3dy55b3V0dWJlLmNvbSUyRmVtYmVkJTJGT29TdkZpRzlPMGslM0ZzaSUzRGhLamE2U2tQemZlRlVnSFclMjIlMjAlMEElMjAlMjAlMjAlMjAlMjAlMjAlMjAlMjAlMjAlMjAlMjAlMjB0aXRsZSUzRCUyMllvdVR1YmUlMjB2aWRlbyUyMHBsYXllciUyMiUyMCUwQSUyMCUyMCUyMCUyMCUyMCUyMCUyMCUyMCUyMCUyMCUyMCUyMGZyYW1lYm9yZGVyJTNEJTIyMCUyMiUyMCUwQSUyMCUyMCUyMCUyMCUyMCUyMCUyMCUyMCUyMCUyMCUyMCUyMGFsbG93JTNEJTIyYWNjZWxlcm9tZXRlciUzQiUyMGF1dG9wbGF5JTNCJTIwY2xpcGJvYXJkLXdyaXRlJTNCJTIwZW5jcnlwdGVkLW1lZGlhJTNCJTIwZ3lyb3Njb3BlJTNCJTIwcGljdHVyZS1pbi1waWN0dXJlJTNCJTIwd2ViLXNoYXJlJTIyJTIwJTBBJTIwJTIwJTIwJTIwJTIwJTIwJTIwJTIwJTIwJTIwJTIwJTIwcmVmZXJyZXJwb2xpY3klM0QlMjJzdHJpY3Qtb3JpZ2luLXdoZW4tY3Jvc3Mtb3JpZ2luJTIyJTIwJTBBJTIwJTIwJTIwJTIwJTIwJTIwJTIwJTIwJTIwJTIwJTIwJTIwYWxsb3dmdWxsc2NyZWVuJTNFJTNDJTJGaWZyYW1lJTNFJTBBJTNDJTJGZGl2JTNFJTBB[\/vc_raw_html][\/vc_column][vc_column width=&#8220;1\/6&#8243;][\/vc_column][\/vc_row][vc_row][vc_column width=&#8220;1\/6&#8243;][\/vc_column][vc_column width=&#8220;2\/3&#8243;][vc_column_text css=&#8220;&#8220;]Ein Erkl\u00e4rvideo ist eine ideale M\u00f6glichkeit, um komplexe Sachverhalte und komplizierte Dienstleistungen und Produkte einfach und anschaulich darzustellen. Mit einem Erkl\u00e4rvideo k\u00f6nnen Sie die Aufmerksamkeit Ihrer Zielgruppe auf sich ziehen und Ihr Produkt verst\u00e4ndlich machen \u2013 eine Grundvoraussetzung f\u00fcr eine Kaufentscheidung seitens des Kunden.<\/p>\n<p>Mit unseren Erkl\u00e4rvideos bringen Sie Ihre Botschaften auf den Punkt. Ob Produktvideo oder animierter Erkl\u00e4rfilm \u2013 wir erstellen kreativen und ansprechenden Video-Content f\u00fcr Sie, der Ihrer Zielgruppe einen echten Mehrwert bietet. Von der Konzeption und der Erstellung des Storyboards bis hin zur Umsetzung in Form von Dreh oder Grafik und Animation sowie Postproduktion \u00fcbernehmen wir den kompletten Prozess f\u00fcr Sie.[\/vc_column_text][\/vc_column][vc_column width=&#8220;1\/6&#8243;][\/vc_column][\/vc_row]<\/p>\n<\/div>","protected":false},"excerpt":{"rendered":"[vc_row full_width=\"stretch_row_content_no_spaces\" css=\".vc_custom_1730114452788{margin-top: -30px !important;}\"][vc_column][vc_single_image image=\"8364\" img_size=\"full\" alignment=\"center\" css=\"\"][\/vc_column][\/vc_row][vc_row][vc_column width=\"1\/6\"][\/vc_column][vc_column width=\"2\/3\"][vc_column_text css=\"\"] Erkl\u00e4rvideo Komplexe Themen<span class=\"excerpt-hellip\"> [\u2026]<\/span>","protected":false},"author":2,"featured_media":0,"parent":1947,"menu_order":0,"comment_status":"closed","ping_status":"closed","template":"","meta":{"footnotes":""},"class_list":["post-1973","page","type-page","status-publish","hentry"],"yoast_head":"<!-- This site is optimized with the Yoast SEO plugin v25.6 - https:\/\/yoast.com\/wordpress\/plugins\/seo\/ -->\n<title>Erkl\u00e4rvideo - SMART PR \/\/ Ihre PR-Agentur in D\u00fcsseldorf<\/title>\n<meta name=\"description\" content=\"Nutzen Sie Erkl\u00e4rvideos von SMART PR, um Ihre Marke und Produkte verst\u00e4ndlich und ansprechend zu pr\u00e4sentieren. Jetzt mehr erfahren!\" \/>\n<meta name=\"robots\" content=\"index, follow, max-snippet:-1, max-image-preview:large, max-video-preview:-1\" \/>\n<link rel=\"canonical\" href=\"https:\/\/smart-pr.de\/de\/leistungen\/content-creation\/videoproduktion\/erklaervideo\/\" \/>\n<meta property=\"og:locale\" content=\"de_DE\" \/>\n<meta property=\"og:type\" content=\"article\" \/>\n<meta property=\"og:title\" content=\"Erkl\u00e4rvideo - SMART PR \/\/ Ihre PR-Agentur in D\u00fcsseldorf\" \/>\n<meta property=\"og:description\" content=\"Nutzen Sie Erkl\u00e4rvideos von SMART PR, um Ihre Marke und Produkte verst\u00e4ndlich und ansprechend zu pr\u00e4sentieren. Jetzt mehr erfahren!\" \/>\n<meta property=\"og:url\" content=\"https:\/\/smart-pr.de\/de\/leistungen\/content-creation\/videoproduktion\/erklaervideo\/\" \/>\n<meta property=\"og:site_name\" content=\"SMART PR \/\/ Ihre PR-Agentur in D\u00fcsseldorf\" \/>\n<meta property=\"article:modified_time\" content=\"2025-02-05T11:22:39+00:00\" \/>\n<meta name=\"twitter:card\" content=\"summary_large_image\" \/>\n<meta name=\"twitter:label1\" content=\"Gesch\u00e4tzte Lesezeit\" \/>\n\t<meta name=\"twitter:data1\" content=\"1\u00a0Minute\" \/>\n<script type=\"application\/ld+json\" class=\"yoast-schema-graph\">{\"@context\":\"https:\/\/schema.org\",\"@graph\":[{\"@type\":\"WebPage\",\"@id\":\"https:\/\/smart-pr.de\/de\/leistungen\/content-creation\/videoproduktion\/erklaervideo\/\",\"url\":\"https:\/\/smart-pr.de\/de\/leistungen\/content-creation\/videoproduktion\/erklaervideo\/\",\"name\":\"Erkl\u00e4rvideo - SMART PR \/\/ Ihre PR-Agentur in D\u00fcsseldorf\",\"isPartOf\":{\"@id\":\"https:\/\/smart-pr.de\/de\/#website\"},\"datePublished\":\"2024-09-04T10:29:11+00:00\",\"dateModified\":\"2025-02-05T11:22:39+00:00\",\"description\":\"Nutzen Sie Erkl\u00e4rvideos von SMART PR, um Ihre Marke und Produkte verst\u00e4ndlich und ansprechend zu pr\u00e4sentieren. Jetzt mehr erfahren!\",\"breadcrumb\":{\"@id\":\"https:\/\/smart-pr.de\/de\/leistungen\/content-creation\/videoproduktion\/erklaervideo\/#breadcrumb\"},\"inLanguage\":\"de\",\"potentialAction\":[{\"@type\":\"ReadAction\",\"target\":[\"https:\/\/smart-pr.de\/de\/leistungen\/content-creation\/videoproduktion\/erklaervideo\/\"]}]},{\"@type\":\"BreadcrumbList\",\"@id\":\"https:\/\/smart-pr.de\/de\/leistungen\/content-creation\/videoproduktion\/erklaervideo\/#breadcrumb\",\"itemListElement\":[{\"@type\":\"ListItem\",\"position\":1,\"name\":\"Startseite\",\"item\":\"https:\/\/smart-pr.de\/de\/\"},{\"@type\":\"ListItem\",\"position\":2,\"name\":\"Leistungen\",\"item\":\"https:\/\/smart-pr.de\/de\/leistungen\/\"},{\"@type\":\"ListItem\",\"position\":3,\"name\":\"Content Creation\",\"item\":\"https:\/\/smart-pr.de\/de\/leistungen\/content-creation\/\"},{\"@type\":\"ListItem\",\"position\":4,\"name\":\"Videoproduktion\",\"item\":\"https:\/\/smart-pr.de\/de\/leistungen\/content-creation\/videoproduktion\/\"},{\"@type\":\"ListItem\",\"position\":5,\"name\":\"Erkl\u00e4rvideo\"}]},{\"@type\":\"WebSite\",\"@id\":\"https:\/\/smart-pr.de\/de\/#website\",\"url\":\"https:\/\/smart-pr.de\/de\/\",\"name\":\"SMART PR \/\/ Ihre PR-Agentur in D\u00fcsseldorf\",\"description\":\"F\u00fcr ganzheitliche Kommunikation\",\"publisher\":{\"@id\":\"https:\/\/smart-pr.de\/de\/#organization\"},\"potentialAction\":[{\"@type\":\"SearchAction\",\"target\":{\"@type\":\"EntryPoint\",\"urlTemplate\":\"https:\/\/smart-pr.de\/de\/?s={search_term_string}\"},\"query-input\":{\"@type\":\"PropertyValueSpecification\",\"valueRequired\":true,\"valueName\":\"search_term_string\"}}],\"inLanguage\":\"de\"},{\"@type\":\"Organization\",\"@id\":\"https:\/\/smart-pr.de\/de\/#organization\",\"name\":\"SMART PR \/\/ Ihre PR-Agentur in D\u00fcsseldorf\",\"url\":\"https:\/\/smart-pr.de\/de\/\",\"logo\":{\"@type\":\"ImageObject\",\"inLanguage\":\"de\",\"@id\":\"https:\/\/smart-pr.de\/de\/#\/schema\/logo\/image\/\",\"url\":\"https:\/\/smart-pr.de\/wp-content\/uploads\/2024\/08\/smart-pr-logo-2.png\",\"contentUrl\":\"https:\/\/smart-pr.de\/wp-content\/uploads\/2024\/08\/smart-pr-logo-2.png\",\"width\":1800,\"height\":282,\"caption\":\"SMART PR \/\/ Ihre PR-Agentur in D\u00fcsseldorf\"},\"image\":{\"@id\":\"https:\/\/smart-pr.de\/de\/#\/schema\/logo\/image\/\"}}]}<\/script>\n<!-- \/ Yoast SEO plugin. -->","yoast_head_json":{"title":"Erkl\u00e4rvideo - SMART PR \/\/ Ihre PR-Agentur in D\u00fcsseldorf","description":"Nutzen Sie Erkl\u00e4rvideos von SMART PR, um Ihre Marke und Produkte verst\u00e4ndlich und ansprechend zu pr\u00e4sentieren. Jetzt mehr erfahren!","robots":{"index":"index","follow":"follow","max-snippet":"max-snippet:-1","max-image-preview":"max-image-preview:large","max-video-preview":"max-video-preview:-1"},"canonical":"https:\/\/smart-pr.de\/de\/leistungen\/content-creation\/videoproduktion\/erklaervideo\/","og_locale":"de_DE","og_type":"article","og_title":"Erkl\u00e4rvideo - SMART PR \/\/ Ihre PR-Agentur in D\u00fcsseldorf","og_description":"Nutzen Sie Erkl\u00e4rvideos von SMART PR, um Ihre Marke und Produkte verst\u00e4ndlich und ansprechend zu pr\u00e4sentieren. Jetzt mehr erfahren!","og_url":"https:\/\/smart-pr.de\/de\/leistungen\/content-creation\/videoproduktion\/erklaervideo\/","og_site_name":"SMART PR \/\/ Ihre PR-Agentur in D\u00fcsseldorf","article_modified_time":"2025-02-05T11:22:39+00:00","twitter_card":"summary_large_image","twitter_misc":{"Gesch\u00e4tzte Lesezeit":"1\u00a0Minute"},"schema":{"@context":"https:\/\/schema.org","@graph":[{"@type":"WebPage","@id":"https:\/\/smart-pr.de\/de\/leistungen\/content-creation\/videoproduktion\/erklaervideo\/","url":"https:\/\/smart-pr.de\/de\/leistungen\/content-creation\/videoproduktion\/erklaervideo\/","name":"Erkl\u00e4rvideo - SMART PR \/\/ Ihre PR-Agentur in D\u00fcsseldorf","isPartOf":{"@id":"https:\/\/smart-pr.de\/de\/#website"},"datePublished":"2024-09-04T10:29:11+00:00","dateModified":"2025-02-05T11:22:39+00:00","description":"Nutzen Sie Erkl\u00e4rvideos von SMART PR, um Ihre Marke und Produkte verst\u00e4ndlich und ansprechend zu pr\u00e4sentieren. Jetzt mehr erfahren!","breadcrumb":{"@id":"https:\/\/smart-pr.de\/de\/leistungen\/content-creation\/videoproduktion\/erklaervideo\/#breadcrumb"},"inLanguage":"de","potentialAction":[{"@type":"ReadAction","target":["https:\/\/smart-pr.de\/de\/leistungen\/content-creation\/videoproduktion\/erklaervideo\/"]}]},{"@type":"BreadcrumbList","@id":"https:\/\/smart-pr.de\/de\/leistungen\/content-creation\/videoproduktion\/erklaervideo\/#breadcrumb","itemListElement":[{"@type":"ListItem","position":1,"name":"Startseite","item":"https:\/\/smart-pr.de\/de\/"},{"@type":"ListItem","position":2,"name":"Leistungen","item":"https:\/\/smart-pr.de\/de\/leistungen\/"},{"@type":"ListItem","position":3,"name":"Content Creation","item":"https:\/\/smart-pr.de\/de\/leistungen\/content-creation\/"},{"@type":"ListItem","position":4,"name":"Videoproduktion","item":"https:\/\/smart-pr.de\/de\/leistungen\/content-creation\/videoproduktion\/"},{"@type":"ListItem","position":5,"name":"Erkl\u00e4rvideo"}]},{"@type":"WebSite","@id":"https:\/\/smart-pr.de\/de\/#website","url":"https:\/\/smart-pr.de\/de\/","name":"SMART PR \/\/ Ihre PR-Agentur in D\u00fcsseldorf","description":"F\u00fcr ganzheitliche Kommunikation","publisher":{"@id":"https:\/\/smart-pr.de\/de\/#organization"},"potentialAction":[{"@type":"SearchAction","target":{"@type":"EntryPoint","urlTemplate":"https:\/\/smart-pr.de\/de\/?s={search_term_string}"},"query-input":{"@type":"PropertyValueSpecification","valueRequired":true,"valueName":"search_term_string"}}],"inLanguage":"de"},{"@type":"Organization","@id":"https:\/\/smart-pr.de\/de\/#organization","name":"SMART PR \/\/ Ihre PR-Agentur in D\u00fcsseldorf","url":"https:\/\/smart-pr.de\/de\/","logo":{"@type":"ImageObject","inLanguage":"de","@id":"https:\/\/smart-pr.de\/de\/#\/schema\/logo\/image\/","url":"https:\/\/smart-pr.de\/wp-content\/uploads\/2024\/08\/smart-pr-logo-2.png","contentUrl":"https:\/\/smart-pr.de\/wp-content\/uploads\/2024\/08\/smart-pr-logo-2.png","width":1800,"height":282,"caption":"SMART PR \/\/ Ihre PR-Agentur in D\u00fcsseldorf"},"image":{"@id":"https:\/\/smart-pr.de\/de\/#\/schema\/logo\/image\/"}}]}},"_links":{"self":[{"href":"https:\/\/smart-pr.de\/de\/wp-json\/wp\/v2\/pages\/1973","targetHints":{"allow":["GET"]}}],"collection":[{"href":"https:\/\/smart-pr.de\/de\/wp-json\/wp\/v2\/pages"}],"about":[{"href":"https:\/\/smart-pr.de\/de\/wp-json\/wp\/v2\/types\/page"}],"author":[{"embeddable":true,"href":"https:\/\/smart-pr.de\/de\/wp-json\/wp\/v2\/users\/2"}],"replies":[{"embeddable":true,"href":"https:\/\/smart-pr.de\/de\/wp-json\/wp\/v2\/comments?post=1973"}],"version-history":[{"count":18,"href":"https:\/\/smart-pr.de\/de\/wp-json\/wp\/v2\/pages\/1973\/revisions"}],"predecessor-version":[{"id":8366,"href":"https:\/\/smart-pr.de\/de\/wp-json\/wp\/v2\/pages\/1973\/revisions\/8366"}],"up":[{"embeddable":true,"href":"https:\/\/smart-pr.de\/de\/wp-json\/wp\/v2\/pages\/1947"}],"wp:attachment":[{"href":"https:\/\/smart-pr.de\/de\/wp-json\/wp\/v2\/media?parent=1973"}],"curies":[{"name":"wp","href":"https:\/\/api.w.org\/{rel}","templated":true}]}}