{"id":1963,"date":"2024-09-04T10:26:49","date_gmt":"2024-09-04T10:26:49","guid":{"rendered":"https:\/\/entwicklungsumgebung6729.live-website.com\/?page_id=1963"},"modified":"2025-02-05T15:37:32","modified_gmt":"2025-02-05T15:37:32","slug":"facebook","status":"publish","type":"page","link":"https:\/\/smart-pr.de\/de\/leistungen\/social-media-services\/facebook\/","title":{"rendered":"Facebook"},"content":{"rendered":"<div class=\"wpb-content-wrapper\"><p>[vc_row full_width=&#8220;stretch_row_content_no_spaces&#8220; css=&#8220;.vc_custom_1729156473880{margin-top: -30px !important;margin-right: 0px !important;margin-bottom: 0px !important;margin-left: 0px !important;padding-top: 0px !important;padding-right: 0px !important;padding-bottom: 0px !important;padding-left: 0px !important;}&#8220;][vc_column css=&#8220;.vc_custom_1724400273462{margin-top: 0px !important;margin-right: 0px !important;margin-bottom: 0px !important;margin-left: 0px !important;padding-top: 0px !important;padding-right: 0px !important;padding-bottom: 0px !important;padding-left: 0px !important;}&#8220;][vc_single_image image=&#8220;7773&#8243; img_size=&#8220;full&#8220; alignment=&#8220;center&#8220; css=&#8220;&#8220;][\/vc_column][\/vc_row][vc_row][vc_column width=&#8220;1\/6&#8243;][\/vc_column][vc_column width=&#8220;2\/3&#8243;][vc_column_text css=&#8220;&#8220;]<\/p>\n<h1 style=\"text-align: left;\"><strong>Facebook-Services: Maximieren Sie Ihre Sichtbarkeit und Zielgruppenansprache<\/strong><\/h1>\n<p>[\/vc_column_text][vc_column_text css=&#8220;&#8220;]Facebook ist eine soziale Netzwerkplattform, die im Februar 2004 von Mark Zuckerberg und seinen Kommilitonen Eduardo Saverin, Andrew McCollum, Dustin Moskovitz und Chris Hughes gegr\u00fcndet wurde. Urspr\u00fcnglich als Plattform f\u00fcr Harvard-Studenten entwickelt, hat sich Facebook seitdem zu einem globalen Ph\u00e4nomen entwickelt und ist heute eine der gr\u00f6\u00dften und einflussreichsten sozialen Medienplattformen weltweit.<\/p>\n<p>&nbsp;<\/p>\n<p>Neueste Zahlen Der\u00a0<a href=\"https:\/\/www.thomashutter.com\/facebook-nutzerzahlen-in-der-dach-region\/\">Hutter Consult Social Group<\/a>\u00a0zeigen, dass auch im Jahre 2024 Facebook mit \u00fcber 3 Milliarden monatlich aktiven Nutzern eine der am meisten genutzten Social-Media-Plattformen der Welt bleibt. Trotz des Aufstiegs neuerer Plattformen wie Instagram und TikTok h\u00e4lt Facebook weiterhin einen bedeutenden Anteil am Social-Media-Markt. Demografisch gesehen befindet sich die gr\u00f6\u00dfte Gruppe von Facebook-Nutzern in der asiatisch-pazifischen Region mit rund 1,37 Milliarden Nutzern. Besonders beliebt ist die Plattform auch in Europa und Nordamerika, wobei ca. 41,8 Millionen User:innen aus der DACH-Region stammen\u00a0<a href=\"https:\/\/napoleoncat.com\/stats\/social-media-users-in-germany\/2024\/\">(Napoleon Cat).<\/a>\u00a0Die Plattform wird nach wie vor von vielen verschiedenen Altersgruppen genutzt, auch wenn es eine Verschiebung hin zu \u00e4lteren Demografien und weniger Teenagern als in den Vorjahren gibt.<\/p>\n<p>&nbsp;<\/p>\n<p>Was die finanzielle Leistung betrifft, so erwirtschaftet Facebook im Jahr 2023 Einnahmen in H\u00f6he von 134,9 Milliarden US-Dollar, wobei der Gro\u00dfteil aus dem Bereich Werbung stammt. Dies macht es zu einer wichtigen Plattform f\u00fcr Unternehmen, die ein breites und vielf\u00e4ltiges Publikum erreichen wollen. Mit den Werbetools der Plattform k\u00f6nnen bis zu 2,24 Milliarden Nutzer erreicht werden, was sie zu einem der effektivsten Kan\u00e4le f\u00fcr digitales Marketing macht.<\/p>\n<p>&nbsp;<\/p>\n<p>Ein hohes Ma\u00df an Engagement in Verbindung mit der gro\u00dfen Nutzerbasis sorgt daf\u00fcr, dass Facebook weiterhin ein wichtiger Akteur in der digitalen Landschaft ist, sowohl f\u00fcr die private Nutzung als auch f\u00fcr Gesch\u00e4ftsm\u00f6glichkeiten.[\/vc_column_text][\/vc_column][vc_column width=&#8220;1\/6&#8243;][\/vc_column][\/vc_row][vc_row][vc_column width=&#8220;1\/6&#8243;][\/vc_column][vc_column width=&#8220;2\/3&#8243;][vc_column_text css=&#8220;&#8220;]<\/p>\n<h2><strong>Warum Facebook Marketing?<\/strong><\/h2>\n<p>&nbsp;<\/p>\n<p>Facebook-Marketing ist f\u00fcr Unternehmen aufgrund seiner enormen Reichweite und pr\u00e4zisen Zielgruppenansprache besonders lukrativ und relevant. Mit \u00fcber 3 Milliarden monatlich aktiven Nutzern weltweit bietet Facebook Unternehmen die M\u00f6glichkeit, eine gro\u00dfe und diverse Zielgruppe zu erreichen.<\/p>\n<p>&nbsp;<\/p>\n<p>Doch es ist nicht nur die schiere Anzahl der Nutzer, die Facebook-Marketing so attraktiv macht, sondern auch das hohe Engagement der Nutzer. Durchschnittlich verbringen Menschen etwa 38 Minuten pro Tag auf der Facebook-App, mehr als auf jedem anderen sozialen Netzwerk. Wenn man bedenkt, dass eine durchschnittliche Person etwa 8,8 Stunden pro Nacht schl\u00e4ft, bedeutet das, dass wir rund ein Sechzehntel unserer wachen Zeit auf Facebook verbringen. Diese intensive Nutzung macht Facebook zu einer unverzichtbaren Plattform im modernen Online-Marketing, da es Marken erm\u00f6glicht, ihre Zielgruppen genau dort zu erreichen, wo sie einen signifikanten Teil ihrer Zeit verbringen.<\/p>\n<p>&nbsp;<\/p>\n<p>Durch ausgekl\u00fcgelte Segmentierungstools k\u00f6nnen Werbekampagnen genau auf die gew\u00fcnschten demografischen Gruppen ausgerichtet werden, was zu h\u00f6heren Konversionsraten f\u00fchrt.<\/p>\n<p>&nbsp;<\/p>\n<p>Facebook bietet eine Vielzahl von Werbeformaten, die flexibel auf unterschiedliche Marketingziele zugeschnitten werden k\u00f6nnen, von Markenbekanntheit bis hin zu direkten Verkaufsabschl\u00fcssen. Dar\u00fcber hinaus erm\u00f6glicht die Plattform eine direkte Interaktion mit der Zielgruppe, was nicht nur die Markenbekanntheit st\u00e4rkt, sondern auch wertvolle Einblicke in die Bed\u00fcrfnisse der Kunden liefert. Die umfangreichen Analysetools von Facebook helfen dabei, die Performance von Kampagnen in Echtzeit zu \u00fcberwachen und zu optimieren.[\/vc_column_text][\/vc_column][vc_column width=&#8220;1\/6&#8243;][\/vc_column][\/vc_row][vc_row full_width=&#8220;stretch_row&#8220; css=&#8220;.vc_custom_1733411355532{background-color: #ffd500 !important;}&#8220;][vc_column width=&#8220;1\/6&#8243;][\/vc_column][vc_column width=&#8220;2\/3&#8243;][vc_column_text css=&#8220;&#8220;]<strong>Unsere Leistungen:<\/strong><\/p>\n<ul>\n<li>Content-Erstellung und -Management<\/li>\n<li>Meta Ads und Werbeanzeigenoptimierung<\/li>\n<li>Influencer Marketing<\/li>\n<li>Community-Management<\/li>\n<li>Krisenkommunikation<\/li>\n<\/ul>\n<p>[\/vc_column_text][\/vc_column][vc_column width=&#8220;1\/6&#8243;][\/vc_column][\/vc_row][vc_row][vc_column width=&#8220;1\/6&#8243;][\/vc_column][vc_column width=&#8220;2\/3&#8243;][vc_column_text css=&#8220;&#8220;]F\u00fcr eine ausf\u00fchrliche Beschreibung unserer Leistungen im Bereich Facebook, klicken Sie<span style=\"color: #808080;\"> <strong><a style=\"color: #808080;\" href=\"https:\/\/smart-pr.de\/de\/kontakt\/\">hier<\/a>.<\/strong><\/span>[\/vc_column_text][\/vc_column][vc_column width=&#8220;1\/6&#8243;][\/vc_column][\/vc_row][vc_row gap=&#8220;35&#8243; css_animation=&#8220;fadeInUp&#8220;][vc_column width=&#8220;1\/5&#8243;][\/vc_column][vc_column css_animation=&#8220;fadeInLeft&#8220; width=&#8220;1\/5&#8243;][vc_media_grid element_width=&#8220;12&#8243; gap=&#8220;0&#8243; item=&#8220;2276&#8243; css=&#8220;&#8220; initial_loading_animation=&#8220;none&#8220; grid_id=&#8220;vc_gid:1738769788352-a59ff861-2a68-5&#8243; include=&#8220;5447&#8243;][vc_btn title=&#8220;zu Facebook Ads&#8220; style=&#8220;outline-custom&#8220; outline_custom_color=&#8220;#0a0a0a&#8220; outline_custom_hover_background=&#8220;#ffd500&#8243; outline_custom_hover_text=&#8220;#0a0a0a&#8220; align=&#8220;center&#8220; css=&#8220;&#8220; link=&#8220;url:https%3A%2F%2Fsmart-pr.de%2Fde%2Fleistungen%2Fsocial-media-services%2Ffacebook%2Ffacebook-ads%2F|title:Facebook%20Ads&#8220;][\/vc_column][vc_column css_animation=&#8220;fadeInUp&#8220; width=&#8220;1\/5&#8243;][vc_media_grid element_width=&#8220;12&#8243; gap=&#8220;0&#8243; item=&#8220;2280&#8243; css=&#8220;&#8220; initial_loading_animation=&#8220;none&#8220; grid_id=&#8220;vc_gid:1738769788354-14f54ff8-78db-10&#8243; include=&#8220;5436&#8243;][vc_btn title=&#8220;zu Facebook Agentur&#8220; style=&#8220;outline-custom&#8220; outline_custom_color=&#8220;#0a0a0a&#8220; outline_custom_hover_background=&#8220;#ffd500&#8243; outline_custom_hover_text=&#8220;#0a0a0a&#8220; align=&#8220;center&#8220; css=&#8220;&#8220; link=&#8220;url:https%3A%2F%2Fsmart-pr.de%2Fde%2Fleistungen%2Fsocial-media-services%2Ffacebook%2Ffacebook-agentur%2F|title:Facebook%20Agentur&#8220;][\/vc_column][vc_column css_animation=&#8220;fadeInRight&#8220; width=&#8220;1\/5&#8243;][vc_media_grid element_width=&#8220;12&#8243; gap=&#8220;0&#8243; item=&#8220;2281&#8243; css=&#8220;&#8220; initial_loading_animation=&#8220;none&#8220; grid_id=&#8220;vc_gid:1738769788354-8b4d3100-cd22-0&#8243; include=&#8220;5513&#8243;][vc_btn title=&#8220;zu Facebook f\u00fcr Unternehmen&#8220; style=&#8220;outline-custom&#8220; outline_custom_color=&#8220;#0a0a0a&#8220; outline_custom_hover_background=&#8220;#ffd500&#8243; outline_custom_hover_text=&#8220;#0a0a0a&#8220; align=&#8220;center&#8220; css=&#8220;&#8220; link=&#8220;url:https%3A%2F%2Fsmart-pr.de%2Fde%2Fleistungen%2Fsocial-media-services%2Ffacebook%2Ffacebook-fuer-unternehmen-smart-pr-erfolgreiches-social-media-marketing%2F|title:Facebook%20f%C3%BCr%20Unternehmen&#8220;][\/vc_column][vc_column width=&#8220;1\/5&#8243;][\/vc_column][\/vc_row]<\/p>\n<\/div>","protected":false},"excerpt":{"rendered":"[vc_row full_width=\"stretch_row_content_no_spaces\" css=\".vc_custom_1729156473880{margin-top: -30px !important;margin-right: 0px !important;margin-bottom: 0px !important;margin-left: 0px !important;padding-top: 0px !important;padding-right: 0px !important;padding-bottom:<span class=\"excerpt-hellip\"> [\u2026]<\/span>","protected":false},"author":2,"featured_media":0,"parent":1075,"menu_order":0,"comment_status":"closed","ping_status":"closed","template":"","meta":{"footnotes":""},"class_list":["post-1963","page","type-page","status-publish","hentry"],"yoast_head":"<!-- This site is optimized with the Yoast SEO plugin v25.6 - https:\/\/yoast.com\/wordpress\/plugins\/seo\/ -->\n<title>Facebook - SMART PR \/\/ Ihre PR-Agentur in D\u00fcsseldorf<\/title>\n<meta name=\"description\" content=\"SMART PR entwickelt ma\u00dfgeschneiderte Facebook-Strategien f\u00fcr mehr Reichweite, Engagement und Umsatz. Nutzen Sie Facebook gezielt f\u00fcr Ihr Business.\" \/>\n<meta name=\"robots\" content=\"index, follow, max-snippet:-1, max-image-preview:large, max-video-preview:-1\" \/>\n<link rel=\"canonical\" href=\"https:\/\/smart-pr.de\/de\/leistungen\/social-media-services\/facebook\/\" \/>\n<meta property=\"og:locale\" content=\"de_DE\" \/>\n<meta property=\"og:type\" content=\"article\" \/>\n<meta property=\"og:title\" content=\"Facebook - SMART PR \/\/ Ihre PR-Agentur in D\u00fcsseldorf\" \/>\n<meta property=\"og:description\" content=\"SMART PR entwickelt ma\u00dfgeschneiderte Facebook-Strategien f\u00fcr mehr Reichweite, Engagement und Umsatz. Nutzen Sie Facebook gezielt f\u00fcr Ihr Business.\" \/>\n<meta property=\"og:url\" content=\"https:\/\/smart-pr.de\/de\/leistungen\/social-media-services\/facebook\/\" \/>\n<meta property=\"og:site_name\" content=\"SMART PR \/\/ Ihre PR-Agentur in D\u00fcsseldorf\" \/>\n<meta property=\"article:modified_time\" content=\"2025-02-05T15:37:32+00:00\" \/>\n<meta name=\"twitter:card\" content=\"summary_large_image\" \/>\n<meta name=\"twitter:label1\" content=\"Gesch\u00e4tzte Lesezeit\" \/>\n\t<meta name=\"twitter:data1\" content=\"4\u00a0Minuten\" \/>\n<script type=\"application\/ld+json\" class=\"yoast-schema-graph\">{\"@context\":\"https:\/\/schema.org\",\"@graph\":[{\"@type\":\"WebPage\",\"@id\":\"https:\/\/smart-pr.de\/de\/leistungen\/social-media-services\/facebook\/\",\"url\":\"https:\/\/smart-pr.de\/de\/leistungen\/social-media-services\/facebook\/\",\"name\":\"Facebook - SMART PR \/\/ Ihre PR-Agentur in D\u00fcsseldorf\",\"isPartOf\":{\"@id\":\"https:\/\/smart-pr.de\/de\/#website\"},\"datePublished\":\"2024-09-04T10:26:49+00:00\",\"dateModified\":\"2025-02-05T15:37:32+00:00\",\"description\":\"SMART PR entwickelt ma\u00dfgeschneiderte Facebook-Strategien f\u00fcr mehr Reichweite, Engagement und Umsatz. Nutzen Sie Facebook gezielt f\u00fcr Ihr Business.\",\"breadcrumb\":{\"@id\":\"https:\/\/smart-pr.de\/de\/leistungen\/social-media-services\/facebook\/#breadcrumb\"},\"inLanguage\":\"de\",\"potentialAction\":[{\"@type\":\"ReadAction\",\"target\":[\"https:\/\/smart-pr.de\/de\/leistungen\/social-media-services\/facebook\/\"]}]},{\"@type\":\"BreadcrumbList\",\"@id\":\"https:\/\/smart-pr.de\/de\/leistungen\/social-media-services\/facebook\/#breadcrumb\",\"itemListElement\":[{\"@type\":\"ListItem\",\"position\":1,\"name\":\"Startseite\",\"item\":\"https:\/\/smart-pr.de\/de\/\"},{\"@type\":\"ListItem\",\"position\":2,\"name\":\"Leistungen\",\"item\":\"https:\/\/smart-pr.de\/de\/leistungen\/\"},{\"@type\":\"ListItem\",\"position\":3,\"name\":\"Social Media Services\",\"item\":\"https:\/\/smart-pr.de\/de\/leistungen\/social-media-services\/\"},{\"@type\":\"ListItem\",\"position\":4,\"name\":\"Facebook\"}]},{\"@type\":\"WebSite\",\"@id\":\"https:\/\/smart-pr.de\/de\/#website\",\"url\":\"https:\/\/smart-pr.de\/de\/\",\"name\":\"SMART PR \/\/ Ihre PR-Agentur in D\u00fcsseldorf\",\"description\":\"F\u00fcr ganzheitliche Kommunikation\",\"publisher\":{\"@id\":\"https:\/\/smart-pr.de\/de\/#organization\"},\"potentialAction\":[{\"@type\":\"SearchAction\",\"target\":{\"@type\":\"EntryPoint\",\"urlTemplate\":\"https:\/\/smart-pr.de\/de\/?s={search_term_string}\"},\"query-input\":{\"@type\":\"PropertyValueSpecification\",\"valueRequired\":true,\"valueName\":\"search_term_string\"}}],\"inLanguage\":\"de\"},{\"@type\":\"Organization\",\"@id\":\"https:\/\/smart-pr.de\/de\/#organization\",\"name\":\"SMART PR \/\/ Ihre PR-Agentur in D\u00fcsseldorf\",\"url\":\"https:\/\/smart-pr.de\/de\/\",\"logo\":{\"@type\":\"ImageObject\",\"inLanguage\":\"de\",\"@id\":\"https:\/\/smart-pr.de\/de\/#\/schema\/logo\/image\/\",\"url\":\"https:\/\/smart-pr.de\/wp-content\/uploads\/2024\/08\/smart-pr-logo-2.png\",\"contentUrl\":\"https:\/\/smart-pr.de\/wp-content\/uploads\/2024\/08\/smart-pr-logo-2.png\",\"width\":1800,\"height\":282,\"caption\":\"SMART PR \/\/ Ihre PR-Agentur in D\u00fcsseldorf\"},\"image\":{\"@id\":\"https:\/\/smart-pr.de\/de\/#\/schema\/logo\/image\/\"}}]}<\/script>\n<!-- \/ Yoast SEO plugin. -->","yoast_head_json":{"title":"Facebook - SMART PR \/\/ Ihre PR-Agentur in D\u00fcsseldorf","description":"SMART PR entwickelt ma\u00dfgeschneiderte Facebook-Strategien f\u00fcr mehr Reichweite, Engagement und Umsatz. Nutzen Sie Facebook gezielt f\u00fcr Ihr Business.","robots":{"index":"index","follow":"follow","max-snippet":"max-snippet:-1","max-image-preview":"max-image-preview:large","max-video-preview":"max-video-preview:-1"},"canonical":"https:\/\/smart-pr.de\/de\/leistungen\/social-media-services\/facebook\/","og_locale":"de_DE","og_type":"article","og_title":"Facebook - SMART PR \/\/ Ihre PR-Agentur in D\u00fcsseldorf","og_description":"SMART PR entwickelt ma\u00dfgeschneiderte Facebook-Strategien f\u00fcr mehr Reichweite, Engagement und Umsatz. Nutzen Sie Facebook gezielt f\u00fcr Ihr Business.","og_url":"https:\/\/smart-pr.de\/de\/leistungen\/social-media-services\/facebook\/","og_site_name":"SMART PR \/\/ Ihre PR-Agentur in D\u00fcsseldorf","article_modified_time":"2025-02-05T15:37:32+00:00","twitter_card":"summary_large_image","twitter_misc":{"Gesch\u00e4tzte Lesezeit":"4\u00a0Minuten"},"schema":{"@context":"https:\/\/schema.org","@graph":[{"@type":"WebPage","@id":"https:\/\/smart-pr.de\/de\/leistungen\/social-media-services\/facebook\/","url":"https:\/\/smart-pr.de\/de\/leistungen\/social-media-services\/facebook\/","name":"Facebook - SMART PR \/\/ Ihre PR-Agentur in D\u00fcsseldorf","isPartOf":{"@id":"https:\/\/smart-pr.de\/de\/#website"},"datePublished":"2024-09-04T10:26:49+00:00","dateModified":"2025-02-05T15:37:32+00:00","description":"SMART PR entwickelt ma\u00dfgeschneiderte Facebook-Strategien f\u00fcr mehr Reichweite, Engagement und Umsatz. Nutzen Sie Facebook gezielt f\u00fcr Ihr Business.","breadcrumb":{"@id":"https:\/\/smart-pr.de\/de\/leistungen\/social-media-services\/facebook\/#breadcrumb"},"inLanguage":"de","potentialAction":[{"@type":"ReadAction","target":["https:\/\/smart-pr.de\/de\/leistungen\/social-media-services\/facebook\/"]}]},{"@type":"BreadcrumbList","@id":"https:\/\/smart-pr.de\/de\/leistungen\/social-media-services\/facebook\/#breadcrumb","itemListElement":[{"@type":"ListItem","position":1,"name":"Startseite","item":"https:\/\/smart-pr.de\/de\/"},{"@type":"ListItem","position":2,"name":"Leistungen","item":"https:\/\/smart-pr.de\/de\/leistungen\/"},{"@type":"ListItem","position":3,"name":"Social Media Services","item":"https:\/\/smart-pr.de\/de\/leistungen\/social-media-services\/"},{"@type":"ListItem","position":4,"name":"Facebook"}]},{"@type":"WebSite","@id":"https:\/\/smart-pr.de\/de\/#website","url":"https:\/\/smart-pr.de\/de\/","name":"SMART PR \/\/ Ihre PR-Agentur in D\u00fcsseldorf","description":"F\u00fcr ganzheitliche Kommunikation","publisher":{"@id":"https:\/\/smart-pr.de\/de\/#organization"},"potentialAction":[{"@type":"SearchAction","target":{"@type":"EntryPoint","urlTemplate":"https:\/\/smart-pr.de\/de\/?s={search_term_string}"},"query-input":{"@type":"PropertyValueSpecification","valueRequired":true,"valueName":"search_term_string"}}],"inLanguage":"de"},{"@type":"Organization","@id":"https:\/\/smart-pr.de\/de\/#organization","name":"SMART PR \/\/ Ihre PR-Agentur in D\u00fcsseldorf","url":"https:\/\/smart-pr.de\/de\/","logo":{"@type":"ImageObject","inLanguage":"de","@id":"https:\/\/smart-pr.de\/de\/#\/schema\/logo\/image\/","url":"https:\/\/smart-pr.de\/wp-content\/uploads\/2024\/08\/smart-pr-logo-2.png","contentUrl":"https:\/\/smart-pr.de\/wp-content\/uploads\/2024\/08\/smart-pr-logo-2.png","width":1800,"height":282,"caption":"SMART PR \/\/ Ihre PR-Agentur in D\u00fcsseldorf"},"image":{"@id":"https:\/\/smart-pr.de\/de\/#\/schema\/logo\/image\/"}}]}},"_links":{"self":[{"href":"https:\/\/smart-pr.de\/de\/wp-json\/wp\/v2\/pages\/1963","targetHints":{"allow":["GET"]}}],"collection":[{"href":"https:\/\/smart-pr.de\/de\/wp-json\/wp\/v2\/pages"}],"about":[{"href":"https:\/\/smart-pr.de\/de\/wp-json\/wp\/v2\/types\/page"}],"author":[{"embeddable":true,"href":"https:\/\/smart-pr.de\/de\/wp-json\/wp\/v2\/users\/2"}],"replies":[{"embeddable":true,"href":"https:\/\/smart-pr.de\/de\/wp-json\/wp\/v2\/comments?post=1963"}],"version-history":[{"count":44,"href":"https:\/\/smart-pr.de\/de\/wp-json\/wp\/v2\/pages\/1963\/revisions"}],"predecessor-version":[{"id":9591,"href":"https:\/\/smart-pr.de\/de\/wp-json\/wp\/v2\/pages\/1963\/revisions\/9591"}],"up":[{"embeddable":true,"href":"https:\/\/smart-pr.de\/de\/wp-json\/wp\/v2\/pages\/1075"}],"wp:attachment":[{"href":"https:\/\/smart-pr.de\/de\/wp-json\/wp\/v2\/media?parent=1963"}],"curies":[{"name":"wp","href":"https:\/\/api.w.org\/{rel}","templated":true}]}}