{"id":1961,"date":"2024-09-04T10:25:46","date_gmt":"2024-09-04T10:25:46","guid":{"rendered":"https:\/\/entwicklungsumgebung6729.live-website.com\/?page_id=1961"},"modified":"2025-02-19T13:14:26","modified_gmt":"2025-02-19T13:14:26","slug":"social-media-analyse","status":"publish","type":"page","link":"https:\/\/smart-pr.de\/de\/leistungen\/social-media-services\/social-media-analyse\/","title":{"rendered":"Social Media Analyse"},"content":{"rendered":"<div class=\"wpb-content-wrapper\"><p>[vc_row full_width=&#8220;stretch_row_content_no_spaces&#8220; css=&#8220;.vc_custom_1729156473880{margin-top: -30px !important;margin-right: 0px !important;margin-bottom: 0px !important;margin-left: 0px !important;padding-top: 0px !important;padding-right: 0px !important;padding-bottom: 0px !important;padding-left: 0px !important;}&#8220;][vc_column css=&#8220;.vc_custom_1724400273462{margin-top: 0px !important;margin-right: 0px !important;margin-bottom: 0px !important;margin-left: 0px !important;padding-top: 0px !important;padding-right: 0px !important;padding-bottom: 0px !important;padding-left: 0px !important;}&#8220;][vc_single_image image=&#8220;9864&#8243; img_size=&#8220;full&#8220; alignment=&#8220;center&#8220; css=&#8220;&#8220;][\/vc_column][\/vc_row][vc_row][vc_column width=&#8220;1\/6&#8243;][\/vc_column][vc_column width=&#8220;2\/3&#8243;][vc_column_text css=&#8220;&#8220;]<\/p>\n<h1><strong>Social Media Analyse &amp; Social Media Monitoring bei der D\u00fcsseldorfer Agentur SMART PR<\/strong><\/h1>\n<p>[\/vc_column_text][vc_column_text css=&#8220;&#8220;]Social Media Monitoring und Social Media Analyse werden h\u00e4ufig synonym verwendet, meinen aber eigentlich zwei verschiedene Dinge: Die Social Media Analyse ist eine Erfolgsmessung der eigenen Social Media Kan\u00e4le, die wir als Social Media Agentur f\u00fcr Sie durchf\u00fchren. Beim Social Media Monitoring geht es darum, im gesamten (Social) Web Gespr\u00e4che zu bestimmten Themen zu erfassen und zu beobachten, die im Zusammenhang mit Ihrem Unternehmen stehen.<\/p>\n<p>Monitoring spielt auch im Bereich der Medienarbeit eine wichtige Rolle und bedeutet hier die Beobachtung von Online-Medien, aber auch klassischen Medien wie Zeitungen oder Fachmagazinen (Media Monitoring). Wir bieten Ihnen sowohl Monitoring als auch Social Media Analyse, denn beides ist f\u00fcr eine erfolgreiche Kommunikation unverzichtbar.<\/p>\n<p><strong>\u00a0<\/strong><\/p>\n<h2><strong>Social Media Analyse<\/strong><\/h2>\n<p>Die Social Media Erfolgsmessung analysiert den Erfolg einer Plattform anhand vorab festgelegter KPIs, wie es im Online Marketing \u00fcblich ist. Es gibt zahlreiche verschiedene KPIs, die gemessen werden k\u00f6nnen. Wir legen in Absprache mit Ihnen die f\u00fcr Sie relevanten KPIs fest, die immer mit den vorab festgelegten Zielen korrespondieren. Wir nutzen dazu auch diverse Social Media Analyse Tools, die uns bei der Erhebung der Daten helfen. Die inhaltliche Analyse der gemessenen Daten geht dann weiter in die Tiefe und analysiert beispielsweise, warum welche Posts besonders gut funktioniert haben und gibt Empfehlungen f\u00fcr eine Anpassung der Social Media Strategie.<\/p>\n<p>Als erfahrene Social Media Agentur f\u00fchren wir regelm\u00e4\u00dfig Social Media Analytics f\u00fcr Ihre Plattformen durch und bereiten sie in der von Ihnen pr\u00e4ferierten Form auf \u2013 je nach Wunsch monatlich, quartalsweise oder als Jahresreport. Durch die Social Media Analyse aussagekr\u00e4ftiger Marketing Kennzahlen gibt Ihnen das Reporting dann eine echte Entscheidungs- und Legitimationsgrundlage f\u00fcr Ihre Social Media Aktivit\u00e4ten an die Hand.<\/p>\n<p><strong>\u00a0<\/strong><\/p>\n<h2><strong>Social Media Wettbewerbsanalyse<\/strong><\/h2>\n<p>Neben den eigenen Kan\u00e4len lassen sich auch die Plattformen der Wettbewerber analysieren: Ein regelm\u00e4\u00dfiger Blick auf den Wettbewerb kann wichtige Erkenntnisse f\u00fcr den eigenen Channel liefern. Deshalb nehmen wir in unsere Reportings nach Absprache auch die f\u00fcr Sie relevanten Wettbewerber als Benchmarks auf, damit Sie auch hier immer im Bilde sind.<\/p>\n<p>Weitere Informationen zur Social Media Analyse finden Sie in unserem Whitepaper \u201eSo analysieren Sie Ihre Social Media Pr\u00e4senz\u201c, das Sie hier zum Download finden.<\/p>\n<p><strong>\u00a0<\/strong><\/p>\n<h2><strong>Social Media Monitoring<\/strong><\/h2>\n<p>Beim Social Media Monitoring geht es darum, einen \u00dcberblick \u00fcber die Gespr\u00e4che und Meinungen im Web zu Ihrem Unternehmen, Ihren Produkten oder zu bestimmten unternehmensrelevanten Themen zu erhalten. Social Media Monitoring Tools durchsuchen das Netz kontinuierlich nach bestimmten Keywords. Der Prozess der Analyse dieser Ergebnisse wird manchmal auch mit dem Begriff Social Listening bezeichnet oder die Begriffe Social Media Monitoring und Social Listening werden synonym verwendet.<\/p>\n<h2><strong>Mit Hilfe von Monitoring Krisen fr\u00fchzeitig erkennen<\/strong><\/h2>\n<p>Mit Hilfe von Social Media Monitoring Tools k\u00f6nnen wir aufkommende Krisen und heraufziehende Shitstorms rechtzeitig erkennen. Nicht immer entstehen diese Themen im eigenen Umfeld. Auch branchenweite Krisen (beispielsweise hervorgerufen durch einen Mitbewerber) k\u00f6nnen f\u00fcr Ihr Unternehmen oder Ihre Marke akute Probleme verursachen. Mit Hilfe eines umfassenden und vorausschauenden Social Media Monitorings k\u00f6nnen Sie entsprechende Ma\u00dfnahmen einleiten, bevor es zum eigentlichen Ausbruch der Krise kommt. Denn nur wer fr\u00fchzeitig reagieren kann, hat eine reelle Chance, diese auch bestm\u00f6glich zu \u00fcberstehen.<\/p>\n<p>&nbsp;<\/p>\n<h2><strong>Monitoring zur Optimierung der Social Media Strategie<\/strong><\/h2>\n<p>Mit einem gut aufgesetzten Monitoring haben Sie einen stetigen \u00dcberblick \u00fcber die wichtigen Themen, Entwicklungen und Trends, Meinungen, Kritiker und Influencer, die in Zusammenhang mit Ihrem Unternehmen stehen. Sie k\u00f6nnen herausfinden, wie die Stimmungen im Social Web zu bestimmten Themen aussehen, was Ihre Zielgruppe interessiert und au\u00dferdem, auf welchen Social Media Plattformen Ihre Zielgruppe tats\u00e4chlich unterwegs ist.<\/p>\n<p>Social Media Monitoring macht es m\u00f6glich, aktuelle Themen zeitnah zu identifizieren und die eigene Contentplanung entsprechend anzupassen. So schafft Monitoring die Basis, um durch Agenda Surfing die eigene Kommunikation erfolgreicher zu gestalten und liefert wichtige Erkenntnisse f\u00fcr die Optimierung der Social Media Strategie.<\/p>\n<p>Sie m\u00f6chten mehr \u00fcber die Themen Social Media Analyse und Monitoring erfahren? Melden Sie sich gerne bei uns![\/vc_column_text][\/vc_column][vc_column width=&#8220;1\/6&#8243;][\/vc_column][\/vc_row][vc_row full_width=&#8220;stretch_row&#8220; css=&#8220;.vc_custom_1733412695208{background-color: #ffd500 !important;}&#8220;][vc_column width=&#8220;1\/6&#8243;][\/vc_column][vc_column width=&#8220;2\/3&#8243;][vc_column_text css=&#8220;&#8220;]<strong>Unsere Leistungen:<\/strong><\/p>\n<ol>\n<li>Erfolgsmessung Ihrer Social Media Kan\u00e4le: Analyse der Performance basierend auf individuellen KPIs.<\/li>\n<li>Nutzung fortschrittlicher Social Media Analyse Tools: Zur Erhebung und Auswertung relevanter Daten.<\/li>\n<li>Inhaltliche Analyse und Strategieanpassung: Identifizierung erfolgreicher Posts und Ableitung von Empfehlungen.<\/li>\n<li>Regelm\u00e4\u00dfige Social Media Analytics: Monatliche, quartalsweise oder j\u00e4hrliche Reports, angepasst an Ihre Bed\u00fcrfnisse.<\/li>\n<li>Wettbewerbsanalyse: Vergleich der eigenen Kan\u00e4le mit den Wettbewerbern zur Identifikation von Benchmarks.<\/li>\n<\/ol>\n<p>[\/vc_column_text][\/vc_column][vc_column width=&#8220;1\/6&#8243;][\/vc_column][\/vc_row]<\/p>\n<\/div>","protected":false},"excerpt":{"rendered":"[vc_row full_width=\"stretch_row_content_no_spaces\" css=\".vc_custom_1729156473880{margin-top: -30px !important;margin-right: 0px !important;margin-bottom: 0px !important;margin-left: 0px !important;padding-top: 0px !important;padding-right: 0px !important;padding-bottom:<span class=\"excerpt-hellip\"> [\u2026]<\/span>","protected":false},"author":2,"featured_media":0,"parent":1075,"menu_order":0,"comment_status":"closed","ping_status":"closed","template":"","meta":{"footnotes":""},"class_list":["post-1961","page","type-page","status-publish","hentry"],"yoast_head":"<!-- This site is optimized with the Yoast SEO plugin v25.6 - https:\/\/yoast.com\/wordpress\/plugins\/seo\/ -->\n<title>Social Media Analyse \u2013 Strategien f\u00fcr mehr Erfolg<\/title>\n<meta name=\"description\" content=\"SMART PR analysiert Ihre Social Media Performance und liefert datenbasierte Insights zur Optimierung Ihrer Strategie und Reichweite.\" \/>\n<meta name=\"robots\" content=\"index, follow, max-snippet:-1, max-image-preview:large, max-video-preview:-1\" \/>\n<link rel=\"canonical\" href=\"https:\/\/smart-pr.de\/de\/leistungen\/social-media-services\/social-media-analyse\/\" \/>\n<meta property=\"og:locale\" content=\"de_DE\" \/>\n<meta property=\"og:type\" content=\"article\" \/>\n<meta property=\"og:title\" content=\"Social Media Analyse \u2013 Strategien f\u00fcr mehr Erfolg\" \/>\n<meta property=\"og:description\" content=\"SMART PR analysiert Ihre Social Media Performance und liefert datenbasierte Insights zur Optimierung Ihrer Strategie und Reichweite.\" \/>\n<meta property=\"og:url\" content=\"https:\/\/smart-pr.de\/de\/leistungen\/social-media-services\/social-media-analyse\/\" \/>\n<meta property=\"og:site_name\" content=\"SMART PR \/\/ Ihre PR-Agentur in D\u00fcsseldorf\" \/>\n<meta property=\"article:modified_time\" content=\"2025-02-19T13:14:26+00:00\" \/>\n<meta name=\"twitter:card\" content=\"summary_large_image\" \/>\n<meta name=\"twitter:label1\" content=\"Gesch\u00e4tzte Lesezeit\" \/>\n\t<meta name=\"twitter:data1\" content=\"5\u00a0Minuten\" \/>\n<script type=\"application\/ld+json\" class=\"yoast-schema-graph\">{\"@context\":\"https:\/\/schema.org\",\"@graph\":[{\"@type\":\"WebPage\",\"@id\":\"https:\/\/smart-pr.de\/de\/leistungen\/social-media-services\/social-media-analyse\/\",\"url\":\"https:\/\/smart-pr.de\/de\/leistungen\/social-media-services\/social-media-analyse\/\",\"name\":\"Social Media Analyse \u2013 Strategien f\u00fcr mehr Erfolg\",\"isPartOf\":{\"@id\":\"https:\/\/smart-pr.de\/de\/#website\"},\"datePublished\":\"2024-09-04T10:25:46+00:00\",\"dateModified\":\"2025-02-19T13:14:26+00:00\",\"description\":\"SMART PR analysiert Ihre Social Media Performance und liefert datenbasierte Insights zur Optimierung Ihrer Strategie und Reichweite.\",\"breadcrumb\":{\"@id\":\"https:\/\/smart-pr.de\/de\/leistungen\/social-media-services\/social-media-analyse\/#breadcrumb\"},\"inLanguage\":\"de\",\"potentialAction\":[{\"@type\":\"ReadAction\",\"target\":[\"https:\/\/smart-pr.de\/de\/leistungen\/social-media-services\/social-media-analyse\/\"]}]},{\"@type\":\"BreadcrumbList\",\"@id\":\"https:\/\/smart-pr.de\/de\/leistungen\/social-media-services\/social-media-analyse\/#breadcrumb\",\"itemListElement\":[{\"@type\":\"ListItem\",\"position\":1,\"name\":\"Startseite\",\"item\":\"https:\/\/smart-pr.de\/de\/\"},{\"@type\":\"ListItem\",\"position\":2,\"name\":\"Leistungen\",\"item\":\"https:\/\/smart-pr.de\/de\/leistungen\/\"},{\"@type\":\"ListItem\",\"position\":3,\"name\":\"Social Media Services\",\"item\":\"https:\/\/smart-pr.de\/de\/leistungen\/social-media-services\/\"},{\"@type\":\"ListItem\",\"position\":4,\"name\":\"Social Media Analyse\"}]},{\"@type\":\"WebSite\",\"@id\":\"https:\/\/smart-pr.de\/de\/#website\",\"url\":\"https:\/\/smart-pr.de\/de\/\",\"name\":\"SMART PR \/\/ Ihre PR-Agentur in D\u00fcsseldorf\",\"description\":\"F\u00fcr ganzheitliche Kommunikation\",\"publisher\":{\"@id\":\"https:\/\/smart-pr.de\/de\/#organization\"},\"potentialAction\":[{\"@type\":\"SearchAction\",\"target\":{\"@type\":\"EntryPoint\",\"urlTemplate\":\"https:\/\/smart-pr.de\/de\/?s={search_term_string}\"},\"query-input\":{\"@type\":\"PropertyValueSpecification\",\"valueRequired\":true,\"valueName\":\"search_term_string\"}}],\"inLanguage\":\"de\"},{\"@type\":\"Organization\",\"@id\":\"https:\/\/smart-pr.de\/de\/#organization\",\"name\":\"SMART PR \/\/ Ihre PR-Agentur in D\u00fcsseldorf\",\"url\":\"https:\/\/smart-pr.de\/de\/\",\"logo\":{\"@type\":\"ImageObject\",\"inLanguage\":\"de\",\"@id\":\"https:\/\/smart-pr.de\/de\/#\/schema\/logo\/image\/\",\"url\":\"https:\/\/smart-pr.de\/wp-content\/uploads\/2024\/08\/smart-pr-logo-2.png\",\"contentUrl\":\"https:\/\/smart-pr.de\/wp-content\/uploads\/2024\/08\/smart-pr-logo-2.png\",\"width\":1800,\"height\":282,\"caption\":\"SMART PR \/\/ Ihre PR-Agentur in D\u00fcsseldorf\"},\"image\":{\"@id\":\"https:\/\/smart-pr.de\/de\/#\/schema\/logo\/image\/\"}}]}<\/script>\n<!-- \/ Yoast SEO plugin. -->","yoast_head_json":{"title":"Social Media Analyse \u2013 Strategien f\u00fcr mehr Erfolg","description":"SMART PR analysiert Ihre Social Media Performance und liefert datenbasierte Insights zur Optimierung Ihrer Strategie und Reichweite.","robots":{"index":"index","follow":"follow","max-snippet":"max-snippet:-1","max-image-preview":"max-image-preview:large","max-video-preview":"max-video-preview:-1"},"canonical":"https:\/\/smart-pr.de\/de\/leistungen\/social-media-services\/social-media-analyse\/","og_locale":"de_DE","og_type":"article","og_title":"Social Media Analyse \u2013 Strategien f\u00fcr mehr Erfolg","og_description":"SMART PR analysiert Ihre Social Media Performance und liefert datenbasierte Insights zur Optimierung Ihrer Strategie und Reichweite.","og_url":"https:\/\/smart-pr.de\/de\/leistungen\/social-media-services\/social-media-analyse\/","og_site_name":"SMART PR \/\/ Ihre PR-Agentur in D\u00fcsseldorf","article_modified_time":"2025-02-19T13:14:26+00:00","twitter_card":"summary_large_image","twitter_misc":{"Gesch\u00e4tzte Lesezeit":"5\u00a0Minuten"},"schema":{"@context":"https:\/\/schema.org","@graph":[{"@type":"WebPage","@id":"https:\/\/smart-pr.de\/de\/leistungen\/social-media-services\/social-media-analyse\/","url":"https:\/\/smart-pr.de\/de\/leistungen\/social-media-services\/social-media-analyse\/","name":"Social Media Analyse \u2013 Strategien f\u00fcr mehr Erfolg","isPartOf":{"@id":"https:\/\/smart-pr.de\/de\/#website"},"datePublished":"2024-09-04T10:25:46+00:00","dateModified":"2025-02-19T13:14:26+00:00","description":"SMART PR analysiert Ihre Social Media Performance und liefert datenbasierte Insights zur Optimierung Ihrer Strategie und Reichweite.","breadcrumb":{"@id":"https:\/\/smart-pr.de\/de\/leistungen\/social-media-services\/social-media-analyse\/#breadcrumb"},"inLanguage":"de","potentialAction":[{"@type":"ReadAction","target":["https:\/\/smart-pr.de\/de\/leistungen\/social-media-services\/social-media-analyse\/"]}]},{"@type":"BreadcrumbList","@id":"https:\/\/smart-pr.de\/de\/leistungen\/social-media-services\/social-media-analyse\/#breadcrumb","itemListElement":[{"@type":"ListItem","position":1,"name":"Startseite","item":"https:\/\/smart-pr.de\/de\/"},{"@type":"ListItem","position":2,"name":"Leistungen","item":"https:\/\/smart-pr.de\/de\/leistungen\/"},{"@type":"ListItem","position":3,"name":"Social Media Services","item":"https:\/\/smart-pr.de\/de\/leistungen\/social-media-services\/"},{"@type":"ListItem","position":4,"name":"Social Media Analyse"}]},{"@type":"WebSite","@id":"https:\/\/smart-pr.de\/de\/#website","url":"https:\/\/smart-pr.de\/de\/","name":"SMART PR \/\/ Ihre PR-Agentur in D\u00fcsseldorf","description":"F\u00fcr ganzheitliche Kommunikation","publisher":{"@id":"https:\/\/smart-pr.de\/de\/#organization"},"potentialAction":[{"@type":"SearchAction","target":{"@type":"EntryPoint","urlTemplate":"https:\/\/smart-pr.de\/de\/?s={search_term_string}"},"query-input":{"@type":"PropertyValueSpecification","valueRequired":true,"valueName":"search_term_string"}}],"inLanguage":"de"},{"@type":"Organization","@id":"https:\/\/smart-pr.de\/de\/#organization","name":"SMART PR \/\/ Ihre PR-Agentur in D\u00fcsseldorf","url":"https:\/\/smart-pr.de\/de\/","logo":{"@type":"ImageObject","inLanguage":"de","@id":"https:\/\/smart-pr.de\/de\/#\/schema\/logo\/image\/","url":"https:\/\/smart-pr.de\/wp-content\/uploads\/2024\/08\/smart-pr-logo-2.png","contentUrl":"https:\/\/smart-pr.de\/wp-content\/uploads\/2024\/08\/smart-pr-logo-2.png","width":1800,"height":282,"caption":"SMART PR \/\/ Ihre PR-Agentur in D\u00fcsseldorf"},"image":{"@id":"https:\/\/smart-pr.de\/de\/#\/schema\/logo\/image\/"}}]}},"_links":{"self":[{"href":"https:\/\/smart-pr.de\/de\/wp-json\/wp\/v2\/pages\/1961","targetHints":{"allow":["GET"]}}],"collection":[{"href":"https:\/\/smart-pr.de\/de\/wp-json\/wp\/v2\/pages"}],"about":[{"href":"https:\/\/smart-pr.de\/de\/wp-json\/wp\/v2\/types\/page"}],"author":[{"embeddable":true,"href":"https:\/\/smart-pr.de\/de\/wp-json\/wp\/v2\/users\/2"}],"replies":[{"embeddable":true,"href":"https:\/\/smart-pr.de\/de\/wp-json\/wp\/v2\/comments?post=1961"}],"version-history":[{"count":10,"href":"https:\/\/smart-pr.de\/de\/wp-json\/wp\/v2\/pages\/1961\/revisions"}],"predecessor-version":[{"id":9866,"href":"https:\/\/smart-pr.de\/de\/wp-json\/wp\/v2\/pages\/1961\/revisions\/9866"}],"up":[{"embeddable":true,"href":"https:\/\/smart-pr.de\/de\/wp-json\/wp\/v2\/pages\/1075"}],"wp:attachment":[{"href":"https:\/\/smart-pr.de\/de\/wp-json\/wp\/v2\/media?parent=1961"}],"curies":[{"name":"wp","href":"https:\/\/api.w.org\/{rel}","templated":true}]}}