{"id":1959,"date":"2024-09-04T10:25:36","date_gmt":"2024-09-04T10:25:36","guid":{"rendered":"https:\/\/entwicklungsumgebung6729.live-website.com\/?page_id=1959"},"modified":"2026-01-28T11:23:55","modified_gmt":"2026-01-28T11:23:55","slug":"pinterest","status":"publish","type":"page","link":"https:\/\/smart-pr.de\/de\/leistungen\/social-media-services\/pinterest\/","title":{"rendered":"Pinterest"},"content":{"rendered":"<div class=\"wpb-content-wrapper\"><p>[vc_row full_width=&#8220;stretch_row_content_no_spaces&#8220; css=&#8220;.vc_custom_1729156473880{margin-top: -30px !important;margin-right: 0px !important;margin-bottom: 0px !important;margin-left: 0px !important;padding-top: 0px !important;padding-right: 0px !important;padding-bottom: 0px !important;padding-left: 0px !important;}&#8220;][vc_column css=&#8220;.vc_custom_1724400273462{margin-top: 0px !important;margin-right: 0px !important;margin-bottom: 0px !important;margin-left: 0px !important;padding-top: 0px !important;padding-right: 0px !important;padding-bottom: 0px !important;padding-left: 0px !important;}&#8220;][vc_single_image image=&#8220;8329&#8243; img_size=&#8220;full&#8220; alignment=&#8220;center&#8220; css=&#8220;&#8220;][\/vc_column][\/vc_row][vc_row][vc_column width=&#8220;1\/6&#8243;][\/vc_column][vc_column width=&#8220;2\/3&#8243;][vc_column_text css=&#8220;&#8220;]<\/p>\n<h1><strong>Pinterest-Services: Kreative L\u00f6sungen f\u00fcr erfolgreiches Social Media Marketing<\/strong><\/h1>\n<p>[\/vc_column_text][vc_column_text css=&#8220;&#8220;]Pinterest ist eine visuelle Suchmaschine, die vor allem zur Inspiration und Ideenfindung genutzt wird und monatlich 522 Millionen User anzieht. Nutzer:innen speichern Bilder, sogenannte &#8222;Pins&#8220;, auf thematischen Pinnw\u00e4nden, die man sich wie digitale Moodboards vorstellen kann. Diese Pins k\u00f6nnen von anderen Websites oder direkt aus Pinterest stammen und f\u00fchren oft zu weiterf\u00fchrenden Inhalten. Besonders beliebt ist Pinterest in den Bereichen DIY, Fashion, Hochzeiten und Reisen. Interessant ist auch, dass die Gen Z die am schnellsten wachsende Zielgruppe ist und bereits 42 % der globalen Nutzerbasis ausmacht.<\/p>\n<p>&nbsp;<\/p>\n<h2><strong>Warum Pinterest Marketing?<\/strong><\/h2>\n<p>Pinterest Marketing ist besonders interessant, weil die Plattform eine stark wachsende und engagierte Nutzer:innenbasis bietet, vor allem unter der Gen Z, die 42 % der globalen Nutzer:innen ausmacht. Diese Zielgruppe nutzt Pinterest aktiv, um nach Produkten und Marken zu suchen, was es zu einem idealen Ort macht, um Shopping-Inhalte zu platzieren. Mit Formaten wie Idea Ads und Premiere Spotlight k\u00f6nnen Marken ihre Geschichten erz\u00e4hlen und neue Kund:innen erreichen, was die Markenbekanntheit und Reichweite erh\u00f6ht. Zus\u00e4tzlich f\u00f6rdern interaktive Formate wie Quiz- und Showcase-Anzeigen das Engagement, w\u00e4hrend Tools wie Shopping-Anzeigen und Kataloge die Pr\u00e4sentation von Produkten erleichtern und den Webseiten-Traffic steigern. Durch gezielte Lead-Generierungskampagnen lassen sich au\u00dferdem Registrierungen und Abonnements steigern, was letztlich die Conversion Rate erh\u00f6ht.<\/p>\n<p>Pinterest bietet somit eine effektive M\u00f6glichkeit, nicht nur die Markenbekanntheit zu st\u00e4rken, sondern auch konkrete Gesch\u00e4ftsziele wie Traffic und Conversions zu erreichen.[\/vc_column_text][\/vc_column][vc_column width=&#8220;1\/6&#8243;][\/vc_column][\/vc_row][vc_row gap=&#8220;35&#8243; content_placement=&#8220;middle&#8220; css_animation=&#8220;fadeInUp&#8220;][vc_column width=&#8220;1\/5&#8243;][\/vc_column][vc_column width=&#8220;1\/5&#8243;][vc_media_grid element_width=&#8220;12&#8243; gap=&#8220;35&#8243; item=&#8220;5534&#8243; css=&#8220;&#8220; initial_loading_animation=&#8220;fadeInLeft&#8220; grid_id=&#8220;vc_gid:1739195477582-01ad78f4-388b-8&#8243; include=&#8220;5446&#8243;][vc_btn title=&#8220;zu Pinterest Ads&#8220; style=&#8220;outline-custom&#8220; outline_custom_color=&#8220;#0a0a0a&#8220; outline_custom_hover_background=&#8220;#ffd500&#8243; outline_custom_hover_text=&#8220;#0a0a0a&#8220; align=&#8220;center&#8220; css=&#8220;&#8220; link=&#8220;url:https%3A%2F%2Fsmart-pr.de%2Fde%2Fleistungen%2Fsocial-media-services%2Fpinterest%2Fpinterest-ads%2F|title:Pinterest%20Ads&#8220;][\/vc_column][vc_column width=&#8220;1\/5&#8243;][vc_media_grid element_width=&#8220;12&#8243; gap=&#8220;35&#8243; item=&#8220;5539&#8243; css=&#8220;&#8220; initial_loading_animation=&#8220;fadeInUp&#8220; grid_id=&#8220;vc_gid:1739195477583-385f3f46-adf8-8&#8243; include=&#8220;5435&#8243;][vc_btn title=&#8220;zu Pinterest Agentur&#8220; style=&#8220;outline-custom&#8220; outline_custom_color=&#8220;#0a0a0a&#8220; outline_custom_hover_background=&#8220;#ffd500&#8243; outline_custom_hover_text=&#8220;#0a0a0a&#8220; align=&#8220;center&#8220; css=&#8220;&#8220; link=&#8220;url:https%3A%2F%2Fsmart-pr.de%2Fde%2Fleistungen%2Fsocial-media-services%2Fpinterest%2Fpinterest-agentur%2F|title:Pinterest%20Agentur&#8220;][\/vc_column][vc_column width=&#8220;1\/5&#8243;][vc_media_grid element_width=&#8220;12&#8243; gap=&#8220;35&#8243; item=&#8220;5541&#8243; css=&#8220;&#8220; initial_loading_animation=&#8220;fadeInUp&#8220; grid_id=&#8220;vc_gid:1739195477584-83186cdd-e462-4&#8243; include=&#8220;5441&#8243;][vc_btn title=&#8220;zu Pinterest f\u00fcr Unternehmen&#8220; style=&#8220;outline-custom&#8220; outline_custom_color=&#8220;#0a0a0a&#8220; outline_custom_hover_background=&#8220;#ffd500&#8243; outline_custom_hover_text=&#8220;#0a0a0a&#8220; align=&#8220;center&#8220; css=&#8220;&#8220; link=&#8220;url:https%3A%2F%2Fsmart-pr.de%2Fde%2Fleistungen%2Fsocial-media-services%2Fpinterest%2Fpinterest-fuer-unternehmen%2F|title:Pinterest%20f%C3%BCr%20Unternehmen&#8220;][\/vc_column][vc_column width=&#8220;1\/5&#8243;][\/vc_column][\/vc_row]<\/p>\n<\/div>","protected":false},"excerpt":{"rendered":"[vc_row full_width=\"stretch_row_content_no_spaces\" css=\".vc_custom_1729156473880{margin-top: -30px !important;margin-right: 0px !important;margin-bottom: 0px !important;margin-left: 0px !important;padding-top: 0px !important;padding-right: 0px !important;padding-bottom:<span class=\"excerpt-hellip\"> [\u2026]<\/span>","protected":false},"author":2,"featured_media":0,"parent":1075,"menu_order":0,"comment_status":"closed","ping_status":"closed","template":"","meta":{"footnotes":""},"class_list":["post-1959","page","type-page","status-publish","hentry"],"yoast_head":"<!-- This site is optimized with the Yoast SEO plugin v25.6 - https:\/\/yoast.com\/wordpress\/plugins\/seo\/ -->\n<title>Pinterest - SMART PR \/\/ Ihre PR-Agentur in D\u00fcsseldorf<\/title>\n<meta name=\"description\" content=\"SMART PR entwickelt Pinterest-Strategien f\u00fcr mehr Sichtbarkeit und Engagement. Nutzen Sie die Plattform gezielt f\u00fcr Ihr Business.\" \/>\n<meta name=\"robots\" content=\"index, follow, max-snippet:-1, max-image-preview:large, max-video-preview:-1\" \/>\n<link rel=\"canonical\" href=\"https:\/\/smart-pr.de\/de\/leistungen\/social-media-services\/pinterest\/\" \/>\n<meta property=\"og:locale\" content=\"de_DE\" \/>\n<meta property=\"og:type\" content=\"article\" \/>\n<meta property=\"og:title\" content=\"Pinterest - SMART PR \/\/ Ihre PR-Agentur in D\u00fcsseldorf\" \/>\n<meta property=\"og:description\" content=\"SMART PR entwickelt Pinterest-Strategien f\u00fcr mehr Sichtbarkeit und Engagement. Nutzen Sie die Plattform gezielt f\u00fcr Ihr Business.\" \/>\n<meta property=\"og:url\" content=\"https:\/\/smart-pr.de\/de\/leistungen\/social-media-services\/pinterest\/\" \/>\n<meta property=\"og:site_name\" content=\"SMART PR \/\/ Ihre PR-Agentur in D\u00fcsseldorf\" \/>\n<meta property=\"article:modified_time\" content=\"2026-01-28T11:23:55+00:00\" \/>\n<meta name=\"twitter:card\" content=\"summary_large_image\" \/>\n<meta name=\"twitter:label1\" content=\"Gesch\u00e4tzte Lesezeit\" \/>\n\t<meta name=\"twitter:data1\" content=\"3\u00a0Minuten\" \/>\n<script type=\"application\/ld+json\" class=\"yoast-schema-graph\">{\"@context\":\"https:\/\/schema.org\",\"@graph\":[{\"@type\":\"WebPage\",\"@id\":\"https:\/\/smart-pr.de\/de\/leistungen\/social-media-services\/pinterest\/\",\"url\":\"https:\/\/smart-pr.de\/de\/leistungen\/social-media-services\/pinterest\/\",\"name\":\"Pinterest - SMART PR \/\/ Ihre PR-Agentur in D\u00fcsseldorf\",\"isPartOf\":{\"@id\":\"https:\/\/smart-pr.de\/de\/#website\"},\"datePublished\":\"2024-09-04T10:25:36+00:00\",\"dateModified\":\"2026-01-28T11:23:55+00:00\",\"description\":\"SMART PR entwickelt Pinterest-Strategien f\u00fcr mehr Sichtbarkeit und Engagement. Nutzen Sie die Plattform gezielt f\u00fcr Ihr Business.\",\"breadcrumb\":{\"@id\":\"https:\/\/smart-pr.de\/de\/leistungen\/social-media-services\/pinterest\/#breadcrumb\"},\"inLanguage\":\"de\",\"potentialAction\":[{\"@type\":\"ReadAction\",\"target\":[\"https:\/\/smart-pr.de\/de\/leistungen\/social-media-services\/pinterest\/\"]}]},{\"@type\":\"BreadcrumbList\",\"@id\":\"https:\/\/smart-pr.de\/de\/leistungen\/social-media-services\/pinterest\/#breadcrumb\",\"itemListElement\":[{\"@type\":\"ListItem\",\"position\":1,\"name\":\"Startseite\",\"item\":\"https:\/\/smart-pr.de\/de\/\"},{\"@type\":\"ListItem\",\"position\":2,\"name\":\"Leistungen\",\"item\":\"https:\/\/smart-pr.de\/de\/leistungen\/\"},{\"@type\":\"ListItem\",\"position\":3,\"name\":\"Social Media Services\",\"item\":\"https:\/\/smart-pr.de\/de\/leistungen\/social-media-services\/\"},{\"@type\":\"ListItem\",\"position\":4,\"name\":\"Pinterest\"}]},{\"@type\":\"WebSite\",\"@id\":\"https:\/\/smart-pr.de\/de\/#website\",\"url\":\"https:\/\/smart-pr.de\/de\/\",\"name\":\"SMART PR \/\/ Ihre PR-Agentur in D\u00fcsseldorf\",\"description\":\"F\u00fcr ganzheitliche Kommunikation\",\"publisher\":{\"@id\":\"https:\/\/smart-pr.de\/de\/#organization\"},\"potentialAction\":[{\"@type\":\"SearchAction\",\"target\":{\"@type\":\"EntryPoint\",\"urlTemplate\":\"https:\/\/smart-pr.de\/de\/?s={search_term_string}\"},\"query-input\":{\"@type\":\"PropertyValueSpecification\",\"valueRequired\":true,\"valueName\":\"search_term_string\"}}],\"inLanguage\":\"de\"},{\"@type\":\"Organization\",\"@id\":\"https:\/\/smart-pr.de\/de\/#organization\",\"name\":\"SMART PR \/\/ Ihre PR-Agentur in D\u00fcsseldorf\",\"url\":\"https:\/\/smart-pr.de\/de\/\",\"logo\":{\"@type\":\"ImageObject\",\"inLanguage\":\"de\",\"@id\":\"https:\/\/smart-pr.de\/de\/#\/schema\/logo\/image\/\",\"url\":\"https:\/\/smart-pr.de\/wp-content\/uploads\/2024\/08\/smart-pr-logo-2.png\",\"contentUrl\":\"https:\/\/smart-pr.de\/wp-content\/uploads\/2024\/08\/smart-pr-logo-2.png\",\"width\":1800,\"height\":282,\"caption\":\"SMART PR \/\/ Ihre PR-Agentur in D\u00fcsseldorf\"},\"image\":{\"@id\":\"https:\/\/smart-pr.de\/de\/#\/schema\/logo\/image\/\"}}]}<\/script>\n<!-- \/ Yoast SEO plugin. -->","yoast_head_json":{"title":"Pinterest - SMART PR \/\/ Ihre PR-Agentur in D\u00fcsseldorf","description":"SMART PR entwickelt Pinterest-Strategien f\u00fcr mehr Sichtbarkeit und Engagement. Nutzen Sie die Plattform gezielt f\u00fcr Ihr Business.","robots":{"index":"index","follow":"follow","max-snippet":"max-snippet:-1","max-image-preview":"max-image-preview:large","max-video-preview":"max-video-preview:-1"},"canonical":"https:\/\/smart-pr.de\/de\/leistungen\/social-media-services\/pinterest\/","og_locale":"de_DE","og_type":"article","og_title":"Pinterest - SMART PR \/\/ Ihre PR-Agentur in D\u00fcsseldorf","og_description":"SMART PR entwickelt Pinterest-Strategien f\u00fcr mehr Sichtbarkeit und Engagement. Nutzen Sie die Plattform gezielt f\u00fcr Ihr Business.","og_url":"https:\/\/smart-pr.de\/de\/leistungen\/social-media-services\/pinterest\/","og_site_name":"SMART PR \/\/ Ihre PR-Agentur in D\u00fcsseldorf","article_modified_time":"2026-01-28T11:23:55+00:00","twitter_card":"summary_large_image","twitter_misc":{"Gesch\u00e4tzte Lesezeit":"3\u00a0Minuten"},"schema":{"@context":"https:\/\/schema.org","@graph":[{"@type":"WebPage","@id":"https:\/\/smart-pr.de\/de\/leistungen\/social-media-services\/pinterest\/","url":"https:\/\/smart-pr.de\/de\/leistungen\/social-media-services\/pinterest\/","name":"Pinterest - SMART PR \/\/ Ihre PR-Agentur in D\u00fcsseldorf","isPartOf":{"@id":"https:\/\/smart-pr.de\/de\/#website"},"datePublished":"2024-09-04T10:25:36+00:00","dateModified":"2026-01-28T11:23:55+00:00","description":"SMART PR entwickelt Pinterest-Strategien f\u00fcr mehr Sichtbarkeit und Engagement. Nutzen Sie die Plattform gezielt f\u00fcr Ihr Business.","breadcrumb":{"@id":"https:\/\/smart-pr.de\/de\/leistungen\/social-media-services\/pinterest\/#breadcrumb"},"inLanguage":"de","potentialAction":[{"@type":"ReadAction","target":["https:\/\/smart-pr.de\/de\/leistungen\/social-media-services\/pinterest\/"]}]},{"@type":"BreadcrumbList","@id":"https:\/\/smart-pr.de\/de\/leistungen\/social-media-services\/pinterest\/#breadcrumb","itemListElement":[{"@type":"ListItem","position":1,"name":"Startseite","item":"https:\/\/smart-pr.de\/de\/"},{"@type":"ListItem","position":2,"name":"Leistungen","item":"https:\/\/smart-pr.de\/de\/leistungen\/"},{"@type":"ListItem","position":3,"name":"Social Media Services","item":"https:\/\/smart-pr.de\/de\/leistungen\/social-media-services\/"},{"@type":"ListItem","position":4,"name":"Pinterest"}]},{"@type":"WebSite","@id":"https:\/\/smart-pr.de\/de\/#website","url":"https:\/\/smart-pr.de\/de\/","name":"SMART PR \/\/ Ihre PR-Agentur in D\u00fcsseldorf","description":"F\u00fcr ganzheitliche Kommunikation","publisher":{"@id":"https:\/\/smart-pr.de\/de\/#organization"},"potentialAction":[{"@type":"SearchAction","target":{"@type":"EntryPoint","urlTemplate":"https:\/\/smart-pr.de\/de\/?s={search_term_string}"},"query-input":{"@type":"PropertyValueSpecification","valueRequired":true,"valueName":"search_term_string"}}],"inLanguage":"de"},{"@type":"Organization","@id":"https:\/\/smart-pr.de\/de\/#organization","name":"SMART PR \/\/ Ihre PR-Agentur in D\u00fcsseldorf","url":"https:\/\/smart-pr.de\/de\/","logo":{"@type":"ImageObject","inLanguage":"de","@id":"https:\/\/smart-pr.de\/de\/#\/schema\/logo\/image\/","url":"https:\/\/smart-pr.de\/wp-content\/uploads\/2024\/08\/smart-pr-logo-2.png","contentUrl":"https:\/\/smart-pr.de\/wp-content\/uploads\/2024\/08\/smart-pr-logo-2.png","width":1800,"height":282,"caption":"SMART PR \/\/ Ihre PR-Agentur in D\u00fcsseldorf"},"image":{"@id":"https:\/\/smart-pr.de\/de\/#\/schema\/logo\/image\/"}}]}},"_links":{"self":[{"href":"https:\/\/smart-pr.de\/de\/wp-json\/wp\/v2\/pages\/1959","targetHints":{"allow":["GET"]}}],"collection":[{"href":"https:\/\/smart-pr.de\/de\/wp-json\/wp\/v2\/pages"}],"about":[{"href":"https:\/\/smart-pr.de\/de\/wp-json\/wp\/v2\/types\/page"}],"author":[{"embeddable":true,"href":"https:\/\/smart-pr.de\/de\/wp-json\/wp\/v2\/users\/2"}],"replies":[{"embeddable":true,"href":"https:\/\/smart-pr.de\/de\/wp-json\/wp\/v2\/comments?post=1959"}],"version-history":[{"count":19,"href":"https:\/\/smart-pr.de\/de\/wp-json\/wp\/v2\/pages\/1959\/revisions"}],"predecessor-version":[{"id":9596,"href":"https:\/\/smart-pr.de\/de\/wp-json\/wp\/v2\/pages\/1959\/revisions\/9596"}],"up":[{"embeddable":true,"href":"https:\/\/smart-pr.de\/de\/wp-json\/wp\/v2\/pages\/1075"}],"wp:attachment":[{"href":"https:\/\/smart-pr.de\/de\/wp-json\/wp\/v2\/media?parent=1959"}],"curies":[{"name":"wp","href":"https:\/\/api.w.org\/{rel}","templated":true}]}}