{"id":1957,"date":"2024-09-04T10:25:27","date_gmt":"2024-09-04T10:25:27","guid":{"rendered":"https:\/\/entwicklungsumgebung6729.live-website.com\/?page_id=1957"},"modified":"2025-02-11T16:05:59","modified_gmt":"2025-02-11T16:05:59","slug":"linkedin","status":"publish","type":"page","link":"https:\/\/smart-pr.de\/de\/leistungen\/social-media-services\/linkedin\/","title":{"rendered":"LinkedIn"},"content":{"rendered":"<div class=\"wpb-content-wrapper\"><p>[vc_row full_width=&#8220;stretch_row_content_no_spaces&#8220; css=&#8220;.vc_custom_1729156473880{margin-top: -30px !important;margin-right: 0px !important;margin-bottom: 0px !important;margin-left: 0px !important;padding-top: 0px !important;padding-right: 0px !important;padding-bottom: 0px !important;padding-left: 0px !important;}&#8220;][vc_column css=&#8220;.vc_custom_1724400273462{margin-top: 0px !important;margin-right: 0px !important;margin-bottom: 0px !important;margin-left: 0px !important;padding-top: 0px !important;padding-right: 0px !important;padding-bottom: 0px !important;padding-left: 0px !important;}&#8220;][vc_single_image image=&#8220;7761&#8243; img_size=&#8220;full&#8220; alignment=&#8220;center&#8220; css=&#8220;&#8220;][\/vc_column][\/vc_row][vc_row full_width=&#8220;stretch_row_content_no_spaces&#8220; css_animation=&#8220;none&#8220;][vc_column width=&#8220;1\/6&#8243;][\/vc_column][vc_column width=&#8220;2\/3&#8243;][vc_column_text css=&#8220;&#8220;]<\/p>\n<h1><strong>LinkedIn-Services: Optimieren Sie Ihre B2B-Kommunikation und Netzwerkarbeit<\/strong><\/h1>\n<p>[\/vc_column_text][vc_column_text css=&#8220;&#8220;]LinkedIn ist ein soziales Netzwerk, das sich auf <strong>berufliche Kontakte<\/strong> und den Austausch von <strong>gesch\u00e4ftlichen Informationen<\/strong> spezialisiert hat. Es wurde 2002 gegr\u00fcndet und wird haupts\u00e4chlich <strong>von Fachleuten, Unternehmen und Personalvermittler:innen genutzt<\/strong>. Die Plattform erm\u00f6glicht es Nutzer:in, ein Profil zu erstellen, das ihren beruflichen Werdegang, ihre F\u00e4higkeiten, und Qualifikationen darstellt. Dar\u00fcber hinaus k\u00f6nnen Nutzer:in Verbindungen zu Kollegen:innen, Gesch\u00e4ftspartner:in und potenzielle:n Arbeitgeber:in aufbauen, Stellenangebote durchsuchen, und sich \u00fcber berufliche Themen austauschen. LinkedIn wird h\u00e4ufig f\u00fcr <strong>Networking, Karriereentwicklung<\/strong> und die <strong>F\u00f6rderung von Unternehmen<\/strong> genutzt.<\/p>\n<p>&nbsp;<\/p>\n<p>Die Plattform hat sich in den letzten Jahren vom <strong>Business- und Recruiting-Channel<\/strong> weiterentwickelt. Hier werden heute Trends geboren und Themen in der Community erarbeitet und weiterentwickelt. So z\u00e4hlt das Netzwerk aktuell \u00fcber <a href=\"https:\/\/socialmediastatistik.de\/linkedin-nutzerzahlen-dach\/#:~:text=Nutzerzahlen%3A%201%20Mrd.-,Mio.,Statistik%20f%C3%BCr%20Deutschland%20%7C%20Analyse%20%2B%20Podcast&amp;text=LinkedIn%20w%C3%A4chst%20weiter%3A%20Europaweit%20nutzten,Menschen%20LinkedIn%20zur%20beruflichen%20Vernetzung.\">1 Mrd. Mitglieder<\/a> weltweit und in der DACH-Region \u00fcber <a href=\"https:\/\/socialmediastatistik.de\/linkedin-nutzerzahlen-dach\/#:~:text=Nutzerzahlen%3A%201%20Mrd.-,Mio.,Statistik%20f%C3%BCr%20Deutschland%20%7C%20Analyse%20%2B%20Podcast&amp;text=LinkedIn%20w%C3%A4chst%20weiter%3A%20Europaweit%20nutzten,Menschen%20LinkedIn%20zur%20beruflichen%20Vernetzung.\">22 Mio.<\/a> und ist aktuell in 26 Sprachen verf\u00fcgbar.<\/p>\n<p>&nbsp;<\/p>\n<p>Gerade junge Talente sind bei LinkedIn aktiv, wie die aktuellen Zahlen von <a href=\"https:\/\/de.statista.com\/themen\/700\/linkedin\/#statisticChapter\">Statista<\/a> best\u00e4tigen: Fast 60% aller LinkedIn Nutzer:innen sind zwischen 25 und 34 Jahre alt. Besonders beeindruckend sind die aktuellen Recruitingzahlen: Pro Minute werden acht offene Stellen durch LinkedIn besetzt. Das <strong>Recruiting-Tool<\/strong> des Netzwerks ist also sehr ausgereift und eine Anzeige kann pro Profil immer kostenlos geschaltet werden.[\/vc_column_text][\/vc_column][vc_column width=&#8220;1\/6&#8243;][\/vc_column][\/vc_row][vc_row full_width=&#8220;stretch_row_content_no_spaces&#8220; css_animation=&#8220;none&#8220;][vc_column width=&#8220;1\/6&#8243;][\/vc_column][vc_column width=&#8220;2\/3&#8243;][vc_column_text css=&#8220;&#8220;]<\/p>\n<h2><strong>Warum LinkedIn Marketing?<\/strong><\/h2>\n<p>LinkedIn Marketing ist besonders vorteilhaft, weil es Unternehmen erm\u00f6glicht, gezielt Fachkr\u00e4fte und Entscheidungstr\u00e4ger:innen in einem professionellen Umfeld anzusprechen. Die Plattform unterst\u00fctzt den Aufbau von Markenautorit\u00e4t durch das Teilen von Fachwissen und erm\u00f6glicht es, sich als Expert:in in der Branche zu positionieren. Zudem erleichtert LinkedIn das Networking und den Aufbau langfristiger Gesch\u00e4ftsbeziehungen, was gerade im B2B-Bereich entscheidend ist.<\/p>\n<p>Ein weiterer Vorteil ist die effektive Lead-Generierung: Durch gezielte Inhalte und Schalten von LinkedIn-Werbung k\u00f6nnen qualifizierte Leads gewonnen werden. LinkedIn hilft au\u00dferdem beim Employer Branding, indem es Unternehmen erm\u00f6glicht, ihre Unternehmenskultur und Werte zu pr\u00e4sentieren und so Top-Talente anzuziehen.<\/p>\n<p>Die Plattform bietet umfassende Analysewerkzeuge, um den Erfolg von Marketingkampagnen zu messen und zu optimieren. Schlie\u00dflich erm\u00f6glicht LinkedIn durch seine internationale Reichweite den Zugang zu einem globalen Publikum, was besonders f\u00fcr Unternehmen interessant ist, die neue M\u00e4rkte erschlie\u00dfen m\u00f6chten. Insgesamt ist LinkedIn-Marketing ein kraftvolles Werkzeug, um Gesch\u00e4ftsziele zu erreichen und die Unternehmenspr\u00e4senz zu st\u00e4rken.[\/vc_column_text][\/vc_column][vc_column width=&#8220;1\/6&#8243;][\/vc_column][\/vc_row][vc_row full_width=&#8220;stretch_row&#8220; css_animation=&#8220;none&#8220; css=&#8220;.vc_custom_1732786174923{background-color: #ffd500 !important;}&#8220;][vc_column width=&#8220;1\/6&#8243;][\/vc_column][vc_column width=&#8220;2\/3&#8243;][vc_column_text css=&#8220;&#8220;]<\/p>\n<h3><strong>Unsere Leistungen:<\/strong><\/h3>\n<ul>\n<li>Profiloptimierung &amp; Aufbau eines Corporate Influencer Programm<\/li>\n<li>Content-Strategie und -Erstellung<\/li>\n<li>Community Management<\/li>\n<li>LinkedIn Werbung schalten<\/li>\n<li>Schulung und Beratung<\/li>\n<\/ul>\n<p>[\/vc_column_text][\/vc_column][vc_column width=&#8220;1\/6&#8243;][\/vc_column][\/vc_row][vc_row css_animation=&#8220;fadeIn&#8220;][vc_column width=&#8220;1\/6&#8243;][\/vc_column][vc_column width=&#8220;2\/3&#8243;][vc_column_text css=&#8220;&#8220;]F\u00fcr eine ausf\u00fchrliche Beschreibung unserer Leistungen im Bereich LinkedIn, klicken Sie <a href=\"https:\/\/smart-pr.de\/linkedin-agentur\/\"><strong>hier.<\/strong><\/a>[\/vc_column_text][\/vc_column][vc_column width=&#8220;1\/6&#8243;][\/vc_column][\/vc_row][vc_row gap=&#8220;35&#8243;][vc_column width=&#8220;1\/5&#8243;][\/vc_column][vc_column css_animation=&#8220;fadeInLeft&#8220; width=&#8220;1\/5&#8243;][vc_media_grid element_width=&#8220;12&#8243; gap=&#8220;0&#8243; item=&#8220;2149&#8243; css=&#8220;&#8220; initial_loading_animation=&#8220;none&#8220; grid_id=&#8220;vc_gid:1733838218549-74f51810-95f3-10&#8243; include=&#8220;5445&#8243;][vc_btn title=&#8220;zu LinkedIn Ads&#8220; style=&#8220;outline-custom&#8220; outline_custom_color=&#8220;#0a0a0a&#8220; outline_custom_hover_background=&#8220;#ffd500&#8243; outline_custom_hover_text=&#8220;#0a0a0a&#8220; align=&#8220;center&#8220; css=&#8220;&#8220; link=&#8220;url:https%3A%2F%2Fsmart-pr.de%2Fde%2Fleistungen%2Fsocial-media-services%2Flinkedin%2Flinkedin-ads%2F|title:LinkedIn%20Ads&#8220;][\/vc_column][vc_column css_animation=&#8220;fadeInUp&#8220; width=&#8220;1\/5&#8243;][vc_media_grid element_width=&#8220;12&#8243; gap=&#8220;0&#8243; item=&#8220;2160&#8243; css=&#8220;&#8220; initial_loading_animation=&#8220;none&#8220; grid_id=&#8220;vc_gid:1733838218550-7df65330-df26-7&#8243; include=&#8220;5434&#8243;][vc_btn title=&#8220;zu LinkedIn Agentur&#8220; style=&#8220;outline-custom&#8220; outline_custom_color=&#8220;#0a0a0a&#8220; outline_custom_hover_background=&#8220;#ffd500&#8243; outline_custom_hover_text=&#8220;#0a0a0a&#8220; align=&#8220;center&#8220; css=&#8220;&#8220; link=&#8220;url:https%3A%2F%2Fsmart-pr.de%2Fde%2Fleistungen%2Fsocial-media-services%2Flinkedin%2Flinkedin-agentur%2F|title:LinkedIn%20Agentur&#8220;][\/vc_column][vc_column css_animation=&#8220;fadeInRight&#8220; width=&#8220;1\/5&#8243;][vc_media_grid element_width=&#8220;12&#8243; gap=&#8220;0&#8243; item=&#8220;2165&#8243; css=&#8220;&#8220; initial_loading_animation=&#8220;none&#8220; grid_id=&#8220;vc_gid:1733838218551-59780e2e-11b4-7&#8243; include=&#8220;5440&#8243;][vc_btn title=&#8220;zu LinkedIn f\u00fcr Unternehmen&#8220; style=&#8220;outline-custom&#8220; outline_custom_color=&#8220;#0a0a0a&#8220; outline_custom_hover_background=&#8220;#ffd500&#8243; outline_custom_hover_text=&#8220;#0a0a0a&#8220; align=&#8220;center&#8220; css=&#8220;&#8220; link=&#8220;url:https%3A%2F%2Fsmart-pr.de%2Fde%2Fleistungen%2Fsocial-media-services%2Flinkedin%2Flinkedin-fuer-unternehmen%2F|title:LinkedIn%20f%C3%BCr%20Unternehmen&#8220;][\/vc_column][vc_column width=&#8220;1\/5&#8243;][\/vc_column][\/vc_row]<\/p>\n<\/div>","protected":false},"excerpt":{"rendered":"[vc_row full_width=\"stretch_row_content_no_spaces\" css=\".vc_custom_1729156473880{margin-top: -30px !important;margin-right: 0px !important;margin-bottom: 0px !important;margin-left: 0px !important;padding-top: 0px !important;padding-right: 0px !important;padding-bottom:<span class=\"excerpt-hellip\"> [\u2026]<\/span>","protected":false},"author":2,"featured_media":0,"parent":1075,"menu_order":0,"comment_status":"closed","ping_status":"closed","template":"","meta":{"footnotes":""},"class_list":["post-1957","page","type-page","status-publish","hentry"],"yoast_head":"<!-- This site is optimized with the Yoast SEO plugin v25.6 - https:\/\/yoast.com\/wordpress\/plugins\/seo\/ -->\n<title>LinkedIn - SMART PR \/\/ Ihre PR-Agentur in D\u00fcsseldorf<\/title>\n<meta name=\"description\" content=\"Nutzen Sie LinkedIn optimal mit SMART PR. Wir entwickeln ma\u00dfgeschneiderte Strategien und Kampagnen f\u00fcr Ihre LinkedIn-Pr\u00e4senz.\" \/>\n<meta name=\"robots\" content=\"index, follow, max-snippet:-1, max-image-preview:large, max-video-preview:-1\" \/>\n<link rel=\"canonical\" href=\"https:\/\/smart-pr.de\/de\/leistungen\/social-media-services\/linkedin\/\" \/>\n<meta property=\"og:locale\" content=\"de_DE\" \/>\n<meta property=\"og:type\" content=\"article\" \/>\n<meta property=\"og:title\" content=\"LinkedIn - SMART PR \/\/ Ihre PR-Agentur in D\u00fcsseldorf\" \/>\n<meta property=\"og:description\" content=\"Nutzen Sie LinkedIn optimal mit SMART PR. Wir entwickeln ma\u00dfgeschneiderte Strategien und Kampagnen f\u00fcr Ihre LinkedIn-Pr\u00e4senz.\" \/>\n<meta property=\"og:url\" content=\"https:\/\/smart-pr.de\/de\/leistungen\/social-media-services\/linkedin\/\" \/>\n<meta property=\"og:site_name\" content=\"SMART PR \/\/ Ihre PR-Agentur in D\u00fcsseldorf\" \/>\n<meta property=\"article:modified_time\" content=\"2025-02-11T16:05:59+00:00\" \/>\n<meta name=\"twitter:card\" content=\"summary_large_image\" \/>\n<meta name=\"twitter:label1\" content=\"Gesch\u00e4tzte Lesezeit\" \/>\n\t<meta name=\"twitter:data1\" content=\"4\u00a0Minuten\" \/>\n<script type=\"application\/ld+json\" class=\"yoast-schema-graph\">{\"@context\":\"https:\/\/schema.org\",\"@graph\":[{\"@type\":\"WebPage\",\"@id\":\"https:\/\/smart-pr.de\/de\/leistungen\/social-media-services\/linkedin\/\",\"url\":\"https:\/\/smart-pr.de\/de\/leistungen\/social-media-services\/linkedin\/\",\"name\":\"LinkedIn - SMART PR \/\/ Ihre PR-Agentur in D\u00fcsseldorf\",\"isPartOf\":{\"@id\":\"https:\/\/smart-pr.de\/de\/#website\"},\"datePublished\":\"2024-09-04T10:25:27+00:00\",\"dateModified\":\"2025-02-11T16:05:59+00:00\",\"description\":\"Nutzen Sie LinkedIn optimal mit SMART PR. Wir entwickeln ma\u00dfgeschneiderte Strategien und Kampagnen f\u00fcr Ihre LinkedIn-Pr\u00e4senz.\",\"breadcrumb\":{\"@id\":\"https:\/\/smart-pr.de\/de\/leistungen\/social-media-services\/linkedin\/#breadcrumb\"},\"inLanguage\":\"de\",\"potentialAction\":[{\"@type\":\"ReadAction\",\"target\":[\"https:\/\/smart-pr.de\/de\/leistungen\/social-media-services\/linkedin\/\"]}]},{\"@type\":\"BreadcrumbList\",\"@id\":\"https:\/\/smart-pr.de\/de\/leistungen\/social-media-services\/linkedin\/#breadcrumb\",\"itemListElement\":[{\"@type\":\"ListItem\",\"position\":1,\"name\":\"Startseite\",\"item\":\"https:\/\/smart-pr.de\/de\/\"},{\"@type\":\"ListItem\",\"position\":2,\"name\":\"Leistungen\",\"item\":\"https:\/\/smart-pr.de\/de\/leistungen\/\"},{\"@type\":\"ListItem\",\"position\":3,\"name\":\"Social Media Services\",\"item\":\"https:\/\/smart-pr.de\/de\/leistungen\/social-media-services\/\"},{\"@type\":\"ListItem\",\"position\":4,\"name\":\"LinkedIn\"}]},{\"@type\":\"WebSite\",\"@id\":\"https:\/\/smart-pr.de\/de\/#website\",\"url\":\"https:\/\/smart-pr.de\/de\/\",\"name\":\"SMART PR \/\/ Ihre PR-Agentur in D\u00fcsseldorf\",\"description\":\"F\u00fcr ganzheitliche Kommunikation\",\"publisher\":{\"@id\":\"https:\/\/smart-pr.de\/de\/#organization\"},\"potentialAction\":[{\"@type\":\"SearchAction\",\"target\":{\"@type\":\"EntryPoint\",\"urlTemplate\":\"https:\/\/smart-pr.de\/de\/?s={search_term_string}\"},\"query-input\":{\"@type\":\"PropertyValueSpecification\",\"valueRequired\":true,\"valueName\":\"search_term_string\"}}],\"inLanguage\":\"de\"},{\"@type\":\"Organization\",\"@id\":\"https:\/\/smart-pr.de\/de\/#organization\",\"name\":\"SMART PR \/\/ Ihre PR-Agentur in D\u00fcsseldorf\",\"url\":\"https:\/\/smart-pr.de\/de\/\",\"logo\":{\"@type\":\"ImageObject\",\"inLanguage\":\"de\",\"@id\":\"https:\/\/smart-pr.de\/de\/#\/schema\/logo\/image\/\",\"url\":\"https:\/\/smart-pr.de\/wp-content\/uploads\/2024\/08\/smart-pr-logo-2.png\",\"contentUrl\":\"https:\/\/smart-pr.de\/wp-content\/uploads\/2024\/08\/smart-pr-logo-2.png\",\"width\":1800,\"height\":282,\"caption\":\"SMART PR \/\/ Ihre PR-Agentur in D\u00fcsseldorf\"},\"image\":{\"@id\":\"https:\/\/smart-pr.de\/de\/#\/schema\/logo\/image\/\"}}]}<\/script>\n<!-- \/ Yoast SEO plugin. -->","yoast_head_json":{"title":"LinkedIn - SMART PR \/\/ Ihre PR-Agentur in D\u00fcsseldorf","description":"Nutzen Sie LinkedIn optimal mit SMART PR. Wir entwickeln ma\u00dfgeschneiderte Strategien und Kampagnen f\u00fcr Ihre LinkedIn-Pr\u00e4senz.","robots":{"index":"index","follow":"follow","max-snippet":"max-snippet:-1","max-image-preview":"max-image-preview:large","max-video-preview":"max-video-preview:-1"},"canonical":"https:\/\/smart-pr.de\/de\/leistungen\/social-media-services\/linkedin\/","og_locale":"de_DE","og_type":"article","og_title":"LinkedIn - SMART PR \/\/ Ihre PR-Agentur in D\u00fcsseldorf","og_description":"Nutzen Sie LinkedIn optimal mit SMART PR. Wir entwickeln ma\u00dfgeschneiderte Strategien und Kampagnen f\u00fcr Ihre LinkedIn-Pr\u00e4senz.","og_url":"https:\/\/smart-pr.de\/de\/leistungen\/social-media-services\/linkedin\/","og_site_name":"SMART PR \/\/ Ihre PR-Agentur in D\u00fcsseldorf","article_modified_time":"2025-02-11T16:05:59+00:00","twitter_card":"summary_large_image","twitter_misc":{"Gesch\u00e4tzte Lesezeit":"4\u00a0Minuten"},"schema":{"@context":"https:\/\/schema.org","@graph":[{"@type":"WebPage","@id":"https:\/\/smart-pr.de\/de\/leistungen\/social-media-services\/linkedin\/","url":"https:\/\/smart-pr.de\/de\/leistungen\/social-media-services\/linkedin\/","name":"LinkedIn - SMART PR \/\/ Ihre PR-Agentur in D\u00fcsseldorf","isPartOf":{"@id":"https:\/\/smart-pr.de\/de\/#website"},"datePublished":"2024-09-04T10:25:27+00:00","dateModified":"2025-02-11T16:05:59+00:00","description":"Nutzen Sie LinkedIn optimal mit SMART PR. Wir entwickeln ma\u00dfgeschneiderte Strategien und Kampagnen f\u00fcr Ihre LinkedIn-Pr\u00e4senz.","breadcrumb":{"@id":"https:\/\/smart-pr.de\/de\/leistungen\/social-media-services\/linkedin\/#breadcrumb"},"inLanguage":"de","potentialAction":[{"@type":"ReadAction","target":["https:\/\/smart-pr.de\/de\/leistungen\/social-media-services\/linkedin\/"]}]},{"@type":"BreadcrumbList","@id":"https:\/\/smart-pr.de\/de\/leistungen\/social-media-services\/linkedin\/#breadcrumb","itemListElement":[{"@type":"ListItem","position":1,"name":"Startseite","item":"https:\/\/smart-pr.de\/de\/"},{"@type":"ListItem","position":2,"name":"Leistungen","item":"https:\/\/smart-pr.de\/de\/leistungen\/"},{"@type":"ListItem","position":3,"name":"Social Media Services","item":"https:\/\/smart-pr.de\/de\/leistungen\/social-media-services\/"},{"@type":"ListItem","position":4,"name":"LinkedIn"}]},{"@type":"WebSite","@id":"https:\/\/smart-pr.de\/de\/#website","url":"https:\/\/smart-pr.de\/de\/","name":"SMART PR \/\/ Ihre PR-Agentur in D\u00fcsseldorf","description":"F\u00fcr ganzheitliche Kommunikation","publisher":{"@id":"https:\/\/smart-pr.de\/de\/#organization"},"potentialAction":[{"@type":"SearchAction","target":{"@type":"EntryPoint","urlTemplate":"https:\/\/smart-pr.de\/de\/?s={search_term_string}"},"query-input":{"@type":"PropertyValueSpecification","valueRequired":true,"valueName":"search_term_string"}}],"inLanguage":"de"},{"@type":"Organization","@id":"https:\/\/smart-pr.de\/de\/#organization","name":"SMART PR \/\/ Ihre PR-Agentur in D\u00fcsseldorf","url":"https:\/\/smart-pr.de\/de\/","logo":{"@type":"ImageObject","inLanguage":"de","@id":"https:\/\/smart-pr.de\/de\/#\/schema\/logo\/image\/","url":"https:\/\/smart-pr.de\/wp-content\/uploads\/2024\/08\/smart-pr-logo-2.png","contentUrl":"https:\/\/smart-pr.de\/wp-content\/uploads\/2024\/08\/smart-pr-logo-2.png","width":1800,"height":282,"caption":"SMART PR \/\/ Ihre PR-Agentur in D\u00fcsseldorf"},"image":{"@id":"https:\/\/smart-pr.de\/de\/#\/schema\/logo\/image\/"}}]}},"_links":{"self":[{"href":"https:\/\/smart-pr.de\/de\/wp-json\/wp\/v2\/pages\/1957","targetHints":{"allow":["GET"]}}],"collection":[{"href":"https:\/\/smart-pr.de\/de\/wp-json\/wp\/v2\/pages"}],"about":[{"href":"https:\/\/smart-pr.de\/de\/wp-json\/wp\/v2\/types\/page"}],"author":[{"embeddable":true,"href":"https:\/\/smart-pr.de\/de\/wp-json\/wp\/v2\/users\/2"}],"replies":[{"embeddable":true,"href":"https:\/\/smart-pr.de\/de\/wp-json\/wp\/v2\/comments?post=1957"}],"version-history":[{"count":40,"href":"https:\/\/smart-pr.de\/de\/wp-json\/wp\/v2\/pages\/1957\/revisions"}],"predecessor-version":[{"id":2148,"href":"https:\/\/smart-pr.de\/de\/wp-json\/wp\/v2\/pages\/1957\/revisions\/2148"}],"up":[{"embeddable":true,"href":"https:\/\/smart-pr.de\/de\/wp-json\/wp\/v2\/pages\/1075"}],"wp:attachment":[{"href":"https:\/\/smart-pr.de\/de\/wp-json\/wp\/v2\/media?parent=1957"}],"curies":[{"name":"wp","href":"https:\/\/api.w.org\/{rel}","templated":true}]}}