{"id":1953,"date":"2024-09-04T10:25:04","date_gmt":"2024-09-04T10:25:04","guid":{"rendered":"https:\/\/entwicklungsumgebung6729.live-website.com\/?page_id=1953"},"modified":"2025-02-11T15:57:49","modified_gmt":"2025-02-11T15:57:49","slug":"tiktok","status":"publish","type":"page","link":"https:\/\/smart-pr.de\/de\/leistungen\/social-media-services\/tiktok\/","title":{"rendered":"TikTok"},"content":{"rendered":"<div class=\"wpb-content-wrapper\"><p>[vc_row full_width=&#8220;stretch_row_content_no_spaces&#8220; css=&#8220;.vc_custom_1730192271089{margin-top: -30px !important;margin-right: 0px !important;margin-bottom: 0px !important;margin-left: 0px !important;padding-top: 0px !important;padding-right: 0px !important;padding-bottom: 0px !important;padding-left: 0px !important;}&#8220;][vc_column css=&#8220;.vc_custom_1724400273462{margin-top: 0px !important;margin-right: 0px !important;margin-bottom: 0px !important;margin-left: 0px !important;padding-top: 0px !important;padding-right: 0px !important;padding-bottom: 0px !important;padding-left: 0px !important;}&#8220;]\n\t\t\t\t<p class=\"rs-p-wp-fix\"><\/p>\n\t\t\t\t<sr7-module data-alias=\"slider-19\" data-id=\"90\" id=\"SR7_90_1\" class=\"rs-ov-hidden\" data-version=\"6.7.33\">\n\t\t\t\t\t<sr7-adjuster><\/sr7-adjuster>\n\t\t\t\t\t<sr7-content>\n\t\t\t\t\t\t<sr7-slide id=\"SR7_90_1-321\" data-key=\"321\">\n\t\t\t\t\t\t<\/sr7-slide>\n\t\t\t\t\t\t<sr7-slide id=\"SR7_90_1-322\" data-key=\"322\">\n\t\t\t\t\t\t<\/sr7-slide>\n\t\t\t\t\t<\/sr7-content>\n\t\t\t\t<\/sr7-module>\n\t\t\t\t<script>\n\t\t\t\t\tSR7.PMH ??={}; SR7.PMH[\"SR7_90_1\"] = {cn:100,state:false,fn: function() { if (_tpt!==undefined && _tpt.prepareModuleHeight !== undefined) {  _tpt.prepareModuleHeight({id:\"SR7_90_1\",el:[1080,1080,600,450,300],type:'standard',shdw:'0',gh:[1080,1080,600,450,300],gw:[1920,1920,1024,778,480],vpt:['100px&#039;,&#039;100px&#039;,&#039;100px&#039;,&#039;100px&#039;,&#039;100px'],size:{fullWidth:true, fullHeight:false},mh:'0',onh:0,onw:0,bg:{color:'{\"orig\":\"transparent\",\"type\":\"solid\",\"string\":\"transparent\"}'}});   SR7.PMH[\"SR7_90_1\"].state=true;} else if(SR7.PMH[\"SR7_90_1\"].cn-->0)\tsetTimeout( SR7.PMH[\"SR7_90_1\"].fn,19);}};SR7.PMH[\"SR7_90_1\" ].fn();\n\t\t\t\t<\/script>\n[\/vc_column][\/vc_row][vc_row css=&#8220;.vc_custom_1730192607968{margin-top: 35px !important;}&#8220;][vc_column width=&#8220;1\/6&#8243;][\/vc_column][vc_column width=&#8220;2\/3&#8243;][vc_column_text css=&#8220;&#8220;]<\/p>\n<h1><strong>Professionelle TikTok-Services f\u00fcr mehr Reichweite und Engagement<\/strong><\/h1>\n<p>[\/vc_column_text][vc_column_text css=&#8220;&#8220;]Von der unterhaltsamen Tanz-App f\u00fcr Kinder und Jugendliche zu einem der st\u00e4rksten Kommunikationskan\u00e4le f\u00fcr Unternehmen \u2013 die\u00a0<a href=\"https:\/\/smart-pr.de\/de\/news\/blog\/tiktok-als-neue-und-kreative-marketingplattform\/\">Relevanz von\u00a0<strong>TikTok<\/strong><\/a>\u00a0<strong>f\u00fcr Unternehmen<\/strong>\u00a0ist unumstritten. Es geh\u00f6rt zu den am meisten heruntergeladene Apps, hat\u00a0<a href=\"https:\/\/de.statista.com\/statistik\/daten\/studie\/181086\/umfrage\/die-weltweit-groessten-social-networks-nach-anzahl-der-user\/\">mehr als eine 1,5 Milliarden aktive User:innen<\/a>\u00a0und diesen Meilenstein\u00a0<a href=\"https:\/\/www.axios.com\/2021\/09\/28\/tiktok-hits-1-billion-users\">schneller erreicht\u00a0<\/a>als jedes andere soziale Netzwerk zuvor.\u00a0<a href=\"https:\/\/www.statista.com\/statistics\/1299771\/tiktok-global-user-age-distribution\/\">TikTok wird inzwischen generationen\u00fcbergreifend verwendet. Den gr\u00f6\u00dften Nutzeranteil machen jedoch die 18- bis 24- bzw. 25-\u00a0 bis 34-J\u00e4hrigen aus. Global gesehen sind auf der Plattform daneben etwas mehr m\u00e4nnliche als weibliche Nutzer:innen anzutreffen.\u00a0<\/a>Besonders die Zielgruppen Gen Z und Millennials, die \u00fcber traditionelle Medien schwerer zu erreichen sind, k\u00f6nnen durch organischen Content sowie\u00a0<strong>TikTok Ads<\/strong>\u00a0gezielt angesprochen werden.<\/p>\n<p>Seit der \u00dcbernahme der App musical.ly im Jahr 2018 hat TikTok seine Erfolgsgeschichte stetig fortgesetzt. Heute nutzen\u00a0<a href=\"https:\/\/de.statista.com\/statistik\/daten\/studie\/162969\/umfrage\/reichweite-von-social-networks-nach-region\/\">etwa 70 % der europ\u00e4ischen Bev\u00f6lkerung die Plattform aktiv<\/a>.\u00a0Die Content-M\u00f6glichkeiten sind vielf\u00e4ltig: Kreativer und authentischer Content in Form von Videoclips, Gallery-Posts oder Stories \u2013 hier finden wir auch f\u00fcr Ihr Unternehmen der richtige Platz.[\/vc_column_text][\/vc_column][vc_column width=&#8220;1\/6&#8243;][\/vc_column][\/vc_row][vc_row css=&#8220;.vc_custom_1730192607968{margin-top: 35px !important;}&#8220;][vc_column width=&#8220;1\/6&#8243;][\/vc_column][vc_column width=&#8220;2\/3&#8243;][vc_column_text css=&#8220;&#8220;]<\/p>\n<h2><strong>Warum TikTok Marketing?<\/strong><\/h2>\n<p>Besonders der schnell wachsende Nutzer:innenkreis macht TikTok Marketing zu einer attraktiven M\u00f6glichkeit, bestehende Zielgruppen zu erreichen und neue zu erschlie\u00dfen. Dank des TikTok-Algorithmus wird der Content effizient den richtigen Zielgruppen ausgespielt. Unternehmen k\u00f6nnen sicherstellen, dass ihre Inhalte bei potenziellen Kund:innen landen, die echtes Interesse an ihren Produkten oder Dienstleistungen haben. Das virale Potenzial von TikTok er\u00f6ffnet daneben enorme Chancen f\u00fcr Reichweite und Engagement.<\/p>\n<p>TikTok ist kulturell relevant und die Plattform, auf der die neuesten Trends entstehen. Durch eine aktive Pr\u00e4senz auf TikTok k\u00f6nnen Sie Ihr Unternehmen modern und up to date positionieren. Die hohe Interaktionsrate auf TikTok f\u00f6rdert zudem eine starke Markenbindung. TikTok Werbung schalten ist daher neben dem Posten von organischem Content eine effektive Strategie, um die Sichtbarkeit und den Erfolg eines Unternehmens zu steigern.[\/vc_column_text][\/vc_column][vc_column width=&#8220;1\/6&#8243;][\/vc_column][\/vc_row][vc_row full_width=&#8220;stretch_row&#8220; css=&#8220;.vc_custom_1733383794917{background-color: #ffd500 !important;}&#8220;][vc_column width=&#8220;1\/6&#8243;][\/vc_column][vc_column width=&#8220;2\/3&#8243;][vc_column_text css=&#8220;&#8220;]<\/p>\n<h3><strong>Unsere Leistungen:<\/strong><\/h3>\n<ul>\n<li>Aufbau und Pflege eines TikTok Accounts<\/li>\n<li>Content Produktion<\/li>\n<li>Redaktionsplanung<\/li>\n<li>Monitoring des Accounts<\/li>\n<li>Community Management<\/li>\n<li>Ads<\/li>\n<li>Wettbewerbsanalyse<\/li>\n<\/ul>\n<p>[\/vc_column_text][\/vc_column][vc_column width=&#8220;1\/6&#8243;][\/vc_column][\/vc_row][vc_row][vc_column width=&#8220;1\/6&#8243;][\/vc_column][vc_column width=&#8220;2\/3&#8243;][vc_column_text css=&#8220;&#8220;]F\u00fcr eine ausf\u00fchrliche Beschreibung unserer Leistungen im Bereich TikTok klicken Sie <strong>hier.\u00a0<\/strong><\/p>\n<p><strong>Sie haben noch offene Fragen zu TikTok oder suchen nach einem Partner, der Ihnen bei TikTok Marketing mit Rat und Tat zur Seite steht? Dann wenden Sie sich an uns. Wir beraten Sie gerne!<\/strong>[\/vc_column_text][\/vc_column][vc_column width=&#8220;1\/6&#8243;][\/vc_column][\/vc_row][vc_row gap=&#8220;35&#8243; content_placement=&#8220;middle&#8220; css_animation=&#8220;fadeInUp&#8220;][vc_column width=&#8220;1\/5&#8243;][\/vc_column][vc_column css_animation=&#8220;fadeInLeft&#8220; width=&#8220;1\/5&#8243;][vc_media_grid element_width=&#8220;12&#8243; gap=&#8220;35&#8243; item=&#8220;2114&#8243; css=&#8220;&#8220; initial_loading_animation=&#8220;none&#8220; grid_id=&#8220;vc_gid:1733838174232-ca0c532c-6a55-1&#8243; include=&#8220;5443&#8243;][vc_btn title=&#8220;zu TikTok Ads&#8220; style=&#8220;outline-custom&#8220; outline_custom_color=&#8220;#0a0a0a&#8220; outline_custom_hover_background=&#8220;#ffd500&#8243; outline_custom_hover_text=&#8220;#0a0a0a&#8220; align=&#8220;center&#8220; css=&#8220;&#8220; link=&#8220;url:%2Fleistungen%2Fsocial-media-services%2Ftiktok%2Ftiktok-ads%2F|title:TikTok%20Ads&#8220;][\/vc_column][vc_column css_animation=&#8220;fadeInUp&#8220; width=&#8220;1\/5&#8243;][vc_media_grid element_width=&#8220;12&#8243; gap=&#8220;35&#8243; item=&#8220;2133&#8243; css=&#8220;&#8220; initial_loading_animation=&#8220;none&#8220; grid_id=&#8220;vc_gid:1733838174233-264f9a82-f603-4&#8243; include=&#8220;5432&#8243;][vc_btn title=&#8220;zu TikTok Agentur&#8220; style=&#8220;outline-custom&#8220; outline_custom_color=&#8220;#0a0a0a&#8220; outline_custom_hover_background=&#8220;#ffd500&#8243; outline_custom_hover_text=&#8220;#0a0a0a&#8220; align=&#8220;center&#8220; css=&#8220;&#8220; link=&#8220;url:%2Fleistungen%2Fsocial-media-services%2Ftiktok%2Ftiktok-agentur%2F|title:TikTok%20Agentur&#8220;][\/vc_column][vc_column css_animation=&#8220;fadeInRight&#8220; width=&#8220;1\/5&#8243;][vc_media_grid element_width=&#8220;12&#8243; gap=&#8220;35&#8243; item=&#8220;2135&#8243; css=&#8220;&#8220; initial_loading_animation=&#8220;none&#8220; grid_id=&#8220;vc_gid:1733838174233-1a88eb8c-567d-5&#8243; include=&#8220;5438&#8243;][vc_btn title=&#8220;zu TikTok f\u00fcr Unternehmen&#8220; style=&#8220;outline-custom&#8220; outline_custom_color=&#8220;#0a0a0a&#8220; outline_custom_hover_background=&#8220;#ffd500&#8243; outline_custom_hover_text=&#8220;#0a0a0a&#8220; align=&#8220;center&#8220; css=&#8220;&#8220; link=&#8220;url:%2Fleistungen%2Fsocial-media-services%2Ftiktok%2Ftiktok-fuer-unternehmen%2F|title:TikTok%20f%C3%BCr%20Unternehmen&#8220;][\/vc_column][vc_column width=&#8220;1\/5&#8243;][\/vc_column][\/vc_row]<\/p>\n<\/div>","protected":false},"excerpt":{"rendered":"[vc_row full_width=\"stretch_row_content_no_spaces\" css=\".vc_custom_1730192271089{margin-top: -30px !important;margin-right: 0px !important;margin-bottom: 0px !important;margin-left: 0px !important;padding-top: 0px !important;padding-right: 0px !important;padding-bottom:<span class=\"excerpt-hellip\"> [\u2026]<\/span>","protected":false},"author":2,"featured_media":0,"parent":1075,"menu_order":0,"comment_status":"closed","ping_status":"closed","template":"","meta":{"footnotes":""},"class_list":["post-1953","page","type-page","status-publish","hentry"],"yoast_head":"<!-- This site is optimized with the Yoast SEO plugin v25.6 - https:\/\/yoast.com\/wordpress\/plugins\/seo\/ -->\n<title>TikTok - SMART PR \/\/ Ihre PR-Agentur in D\u00fcsseldorf<\/title>\n<meta name=\"description\" content=\"Nutzen Sie TikTok f\u00fcr Ihr Business! Erh\u00f6hen Sie Sichtbarkeit und Engagement mit ma\u00dfgeschneiderten Kampagnen von SMART PR.\" \/>\n<meta name=\"robots\" content=\"index, follow, max-snippet:-1, max-image-preview:large, max-video-preview:-1\" \/>\n<link rel=\"canonical\" href=\"https:\/\/smart-pr.de\/de\/leistungen\/social-media-services\/tiktok\/\" \/>\n<meta property=\"og:locale\" content=\"de_DE\" \/>\n<meta property=\"og:type\" content=\"article\" \/>\n<meta property=\"og:title\" content=\"TikTok - SMART PR \/\/ Ihre PR-Agentur in D\u00fcsseldorf\" \/>\n<meta property=\"og:description\" content=\"Nutzen Sie TikTok f\u00fcr Ihr Business! Erh\u00f6hen Sie Sichtbarkeit und Engagement mit ma\u00dfgeschneiderten Kampagnen von SMART PR.\" \/>\n<meta property=\"og:url\" content=\"https:\/\/smart-pr.de\/de\/leistungen\/social-media-services\/tiktok\/\" \/>\n<meta property=\"og:site_name\" content=\"SMART PR \/\/ Ihre PR-Agentur in D\u00fcsseldorf\" \/>\n<meta property=\"article:modified_time\" content=\"2025-02-11T15:57:49+00:00\" \/>\n<meta name=\"twitter:card\" content=\"summary_large_image\" \/>\n<meta name=\"twitter:label1\" content=\"Gesch\u00e4tzte Lesezeit\" \/>\n\t<meta name=\"twitter:data1\" content=\"4\u00a0Minuten\" \/>\n<script type=\"application\/ld+json\" class=\"yoast-schema-graph\">{\"@context\":\"https:\/\/schema.org\",\"@graph\":[{\"@type\":\"WebPage\",\"@id\":\"https:\/\/smart-pr.de\/de\/leistungen\/social-media-services\/tiktok\/\",\"url\":\"https:\/\/smart-pr.de\/de\/leistungen\/social-media-services\/tiktok\/\",\"name\":\"TikTok - SMART PR \/\/ Ihre PR-Agentur in D\u00fcsseldorf\",\"isPartOf\":{\"@id\":\"https:\/\/smart-pr.de\/de\/#website\"},\"datePublished\":\"2024-09-04T10:25:04+00:00\",\"dateModified\":\"2025-02-11T15:57:49+00:00\",\"description\":\"Nutzen Sie TikTok f\u00fcr Ihr Business! Erh\u00f6hen Sie Sichtbarkeit und Engagement mit ma\u00dfgeschneiderten Kampagnen von SMART PR.\",\"breadcrumb\":{\"@id\":\"https:\/\/smart-pr.de\/de\/leistungen\/social-media-services\/tiktok\/#breadcrumb\"},\"inLanguage\":\"de\",\"potentialAction\":[{\"@type\":\"ReadAction\",\"target\":[\"https:\/\/smart-pr.de\/de\/leistungen\/social-media-services\/tiktok\/\"]}]},{\"@type\":\"BreadcrumbList\",\"@id\":\"https:\/\/smart-pr.de\/de\/leistungen\/social-media-services\/tiktok\/#breadcrumb\",\"itemListElement\":[{\"@type\":\"ListItem\",\"position\":1,\"name\":\"Startseite\",\"item\":\"https:\/\/smart-pr.de\/de\/\"},{\"@type\":\"ListItem\",\"position\":2,\"name\":\"Leistungen\",\"item\":\"https:\/\/smart-pr.de\/de\/leistungen\/\"},{\"@type\":\"ListItem\",\"position\":3,\"name\":\"Social Media Services\",\"item\":\"https:\/\/smart-pr.de\/de\/leistungen\/social-media-services\/\"},{\"@type\":\"ListItem\",\"position\":4,\"name\":\"TikTok\"}]},{\"@type\":\"WebSite\",\"@id\":\"https:\/\/smart-pr.de\/de\/#website\",\"url\":\"https:\/\/smart-pr.de\/de\/\",\"name\":\"SMART PR \/\/ Ihre PR-Agentur in D\u00fcsseldorf\",\"description\":\"F\u00fcr ganzheitliche Kommunikation\",\"publisher\":{\"@id\":\"https:\/\/smart-pr.de\/de\/#organization\"},\"potentialAction\":[{\"@type\":\"SearchAction\",\"target\":{\"@type\":\"EntryPoint\",\"urlTemplate\":\"https:\/\/smart-pr.de\/de\/?s={search_term_string}\"},\"query-input\":{\"@type\":\"PropertyValueSpecification\",\"valueRequired\":true,\"valueName\":\"search_term_string\"}}],\"inLanguage\":\"de\"},{\"@type\":\"Organization\",\"@id\":\"https:\/\/smart-pr.de\/de\/#organization\",\"name\":\"SMART PR \/\/ Ihre PR-Agentur in D\u00fcsseldorf\",\"url\":\"https:\/\/smart-pr.de\/de\/\",\"logo\":{\"@type\":\"ImageObject\",\"inLanguage\":\"de\",\"@id\":\"https:\/\/smart-pr.de\/de\/#\/schema\/logo\/image\/\",\"url\":\"https:\/\/smart-pr.de\/wp-content\/uploads\/2024\/08\/smart-pr-logo-2.png\",\"contentUrl\":\"https:\/\/smart-pr.de\/wp-content\/uploads\/2024\/08\/smart-pr-logo-2.png\",\"width\":1800,\"height\":282,\"caption\":\"SMART PR \/\/ Ihre PR-Agentur in D\u00fcsseldorf\"},\"image\":{\"@id\":\"https:\/\/smart-pr.de\/de\/#\/schema\/logo\/image\/\"}}]}<\/script>\n<!-- \/ Yoast SEO plugin. -->","yoast_head_json":{"title":"TikTok - SMART PR \/\/ Ihre PR-Agentur in D\u00fcsseldorf","description":"Nutzen Sie TikTok f\u00fcr Ihr Business! Erh\u00f6hen Sie Sichtbarkeit und Engagement mit ma\u00dfgeschneiderten Kampagnen von SMART PR.","robots":{"index":"index","follow":"follow","max-snippet":"max-snippet:-1","max-image-preview":"max-image-preview:large","max-video-preview":"max-video-preview:-1"},"canonical":"https:\/\/smart-pr.de\/de\/leistungen\/social-media-services\/tiktok\/","og_locale":"de_DE","og_type":"article","og_title":"TikTok - SMART PR \/\/ Ihre PR-Agentur in D\u00fcsseldorf","og_description":"Nutzen Sie TikTok f\u00fcr Ihr Business! Erh\u00f6hen Sie Sichtbarkeit und Engagement mit ma\u00dfgeschneiderten Kampagnen von SMART PR.","og_url":"https:\/\/smart-pr.de\/de\/leistungen\/social-media-services\/tiktok\/","og_site_name":"SMART PR \/\/ Ihre PR-Agentur in D\u00fcsseldorf","article_modified_time":"2025-02-11T15:57:49+00:00","twitter_card":"summary_large_image","twitter_misc":{"Gesch\u00e4tzte Lesezeit":"4\u00a0Minuten"},"schema":{"@context":"https:\/\/schema.org","@graph":[{"@type":"WebPage","@id":"https:\/\/smart-pr.de\/de\/leistungen\/social-media-services\/tiktok\/","url":"https:\/\/smart-pr.de\/de\/leistungen\/social-media-services\/tiktok\/","name":"TikTok - SMART PR \/\/ Ihre PR-Agentur in D\u00fcsseldorf","isPartOf":{"@id":"https:\/\/smart-pr.de\/de\/#website"},"datePublished":"2024-09-04T10:25:04+00:00","dateModified":"2025-02-11T15:57:49+00:00","description":"Nutzen Sie TikTok f\u00fcr Ihr Business! Erh\u00f6hen Sie Sichtbarkeit und Engagement mit ma\u00dfgeschneiderten Kampagnen von SMART PR.","breadcrumb":{"@id":"https:\/\/smart-pr.de\/de\/leistungen\/social-media-services\/tiktok\/#breadcrumb"},"inLanguage":"de","potentialAction":[{"@type":"ReadAction","target":["https:\/\/smart-pr.de\/de\/leistungen\/social-media-services\/tiktok\/"]}]},{"@type":"BreadcrumbList","@id":"https:\/\/smart-pr.de\/de\/leistungen\/social-media-services\/tiktok\/#breadcrumb","itemListElement":[{"@type":"ListItem","position":1,"name":"Startseite","item":"https:\/\/smart-pr.de\/de\/"},{"@type":"ListItem","position":2,"name":"Leistungen","item":"https:\/\/smart-pr.de\/de\/leistungen\/"},{"@type":"ListItem","position":3,"name":"Social Media Services","item":"https:\/\/smart-pr.de\/de\/leistungen\/social-media-services\/"},{"@type":"ListItem","position":4,"name":"TikTok"}]},{"@type":"WebSite","@id":"https:\/\/smart-pr.de\/de\/#website","url":"https:\/\/smart-pr.de\/de\/","name":"SMART PR \/\/ Ihre PR-Agentur in D\u00fcsseldorf","description":"F\u00fcr ganzheitliche Kommunikation","publisher":{"@id":"https:\/\/smart-pr.de\/de\/#organization"},"potentialAction":[{"@type":"SearchAction","target":{"@type":"EntryPoint","urlTemplate":"https:\/\/smart-pr.de\/de\/?s={search_term_string}"},"query-input":{"@type":"PropertyValueSpecification","valueRequired":true,"valueName":"search_term_string"}}],"inLanguage":"de"},{"@type":"Organization","@id":"https:\/\/smart-pr.de\/de\/#organization","name":"SMART PR \/\/ Ihre PR-Agentur in D\u00fcsseldorf","url":"https:\/\/smart-pr.de\/de\/","logo":{"@type":"ImageObject","inLanguage":"de","@id":"https:\/\/smart-pr.de\/de\/#\/schema\/logo\/image\/","url":"https:\/\/smart-pr.de\/wp-content\/uploads\/2024\/08\/smart-pr-logo-2.png","contentUrl":"https:\/\/smart-pr.de\/wp-content\/uploads\/2024\/08\/smart-pr-logo-2.png","width":1800,"height":282,"caption":"SMART PR \/\/ Ihre PR-Agentur in D\u00fcsseldorf"},"image":{"@id":"https:\/\/smart-pr.de\/de\/#\/schema\/logo\/image\/"}}]}},"_links":{"self":[{"href":"https:\/\/smart-pr.de\/de\/wp-json\/wp\/v2\/pages\/1953","targetHints":{"allow":["GET"]}}],"collection":[{"href":"https:\/\/smart-pr.de\/de\/wp-json\/wp\/v2\/pages"}],"about":[{"href":"https:\/\/smart-pr.de\/de\/wp-json\/wp\/v2\/types\/page"}],"author":[{"embeddable":true,"href":"https:\/\/smart-pr.de\/de\/wp-json\/wp\/v2\/users\/2"}],"replies":[{"embeddable":true,"href":"https:\/\/smart-pr.de\/de\/wp-json\/wp\/v2\/comments?post=1953"}],"version-history":[{"count":58,"href":"https:\/\/smart-pr.de\/de\/wp-json\/wp\/v2\/pages\/1953\/revisions"}],"predecessor-version":[{"id":8322,"href":"https:\/\/smart-pr.de\/de\/wp-json\/wp\/v2\/pages\/1953\/revisions\/8322"}],"up":[{"embeddable":true,"href":"https:\/\/smart-pr.de\/de\/wp-json\/wp\/v2\/pages\/1075"}],"wp:attachment":[{"href":"https:\/\/smart-pr.de\/de\/wp-json\/wp\/v2\/media?parent=1953"}],"curies":[{"name":"wp","href":"https:\/\/api.w.org\/{rel}","templated":true}]}}