{"id":1947,"date":"2024-09-04T10:22:19","date_gmt":"2024-09-04T10:22:19","guid":{"rendered":"https:\/\/entwicklungsumgebung6729.live-website.com\/?page_id=1947"},"modified":"2025-02-10T13:50:09","modified_gmt":"2025-02-10T13:50:09","slug":"videoproduktion","status":"publish","type":"page","link":"https:\/\/smart-pr.de\/de\/leistungen\/content-creation\/videoproduktion\/","title":{"rendered":"Videoproduktion"},"content":{"rendered":"<div class=\"wpb-content-wrapper\"><p>[vc_row full_width=&#8220;stretch_row_content_no_spaces&#8220; content_placement=&#8220;middle&#8220; disable_element=&#8220;yes&#8220; css=&#8220;.vc_custom_1730191592899{margin-top: -30px !important;margin-right: -10px !important;margin-bottom: 0px !important;margin-left: 0px !important;padding-top: 0px !important;padding-right: 0px !important;padding-bottom: 0px !important;padding-left: 0px !important;}&#8220;][vc_column][vc_single_image image=&#8220;4882&#8243; img_size=&#8220;full&#8220; alignment=&#8220;center&#8220; css=&#8220;&#8220;][\/vc_column][\/vc_row][vc_row full_width=&#8220;stretch_row_content_no_spaces&#8220; content_placement=&#8220;middle&#8220; css=&#8220;.vc_custom_1728029905086{margin-top: -30px !important;margin-right: -10px !important;margin-bottom: 0px !important;margin-left: 0px !important;padding-top: 0px !important;padding-right: 0px !important;padding-bottom: 0px !important;padding-left: 0px !important;}&#8220;][vc_column]\n\t\t\t\t<p class=\"rs-p-wp-fix\"><\/p>\n\t\t\t\t<sr7-module data-alias=\"slider-18\" data-id=\"89\" id=\"SR7_89_1\" class=\"rs-ov-hidden\" data-version=\"6.7.33\">\n\t\t\t\t\t<sr7-adjuster><\/sr7-adjuster>\n\t\t\t\t\t<sr7-content>\n\t\t\t\t\t\t<sr7-slide id=\"SR7_89_1-319\" data-key=\"319\">\n\t\t\t\t\t\t<\/sr7-slide>\n\t\t\t\t\t\t<sr7-slide id=\"SR7_89_1-320\" data-key=\"320\">\n\t\t\t\t\t\t<\/sr7-slide>\n\t\t\t\t\t<\/sr7-content>\n\t\t\t\t<\/sr7-module>\n\t\t\t\t<script>\n\t\t\t\t\tSR7.PMH ??={}; SR7.PMH[\"SR7_89_1\"] = {cn:100,state:false,fn: function() { if (_tpt!==undefined && _tpt.prepareModuleHeight !== undefined) {  _tpt.prepareModuleHeight({id:\"SR7_89_1\",el:[900,900,768,960,720],type:'standard',shdw:'0',gh:[900,900,743,565,349],gw:[1240,1240,1024,778,480],vpt:['100px'],size:{fullWidth:true, fullHeight:false},mh:'0',onh:0,onw:0,bg:{color:'{\"orig\":\"transparent\",\"type\":\"solid\",\"string\":\"transparent\"}'}});   SR7.PMH[\"SR7_89_1\"].state=true;} else if(SR7.PMH[\"SR7_89_1\"].cn-->0)\tsetTimeout( SR7.PMH[\"SR7_89_1\"].fn,19);}};SR7.PMH[\"SR7_89_1\" ].fn();\n\t\t\t\t<\/script>\n[\/vc_column][\/vc_row][vc_row css=&#8220;.vc_custom_1728917959600{margin-top: 35px !important;margin-bottom: 35px !important;}&#8220;][vc_column width=&#8220;1\/6&#8243;][\/vc_column][vc_column width=&#8220;2\/3&#8243;][vc_column_text css_animation=&#8220;fadeIn&#8220; css=&#8220;&#8220;]<\/p>\n<h1><strong>Videoproduktion: Steigern Sie Ihre Sichtbarkeit mit ma\u00dfgeschneiderten Videos<\/strong><\/h1>\n<p>[\/vc_column_text][\/vc_column][vc_column width=&#8220;1\/6&#8243;][\/vc_column][\/vc_row][vc_row css_animation=&#8220;fadeIn&#8220; css=&#8220;.vc_custom_1733412807711{margin-top: 35px !important;margin-bottom: 35px !important;}&#8220;][vc_column width=&#8220;1\/6&#8243;][\/vc_column][vc_column width=&#8220;2\/3&#8243;][vc_column_text css_animation=&#8220;none&#8220; css=&#8220;&#8220;]<\/p>\n<h2><strong>Bewegte Bilder, bewegende Geschichten: Professionelle Videoproduktion f\u00fcr Ihre Marke<\/strong><\/h2>\n<p>[\/vc_column_text][\/vc_column][vc_column width=&#8220;1\/6&#8243;][\/vc_column][\/vc_row][vc_row css_animation=&#8220;fadeIn&#8220;][vc_column width=&#8220;1\/6&#8243;][\/vc_column][vc_column width=&#8220;2\/3&#8243;][vc_column_text css_animation=&#8220;none&#8220; css=&#8220;&#8220;]<\/p>\n<h3>Von der Idee bis zum finalen Schnitt \u2013 wir erstellen Videos, die Ihre Botschaft lebendig machen und Ihr Publikum begeistern. Ob Imagefilm, Social Media Content oder Event-Dokumentation, unsere kreativen L\u00f6sungen bringen Ihre Marke in Bewegung.<\/h3>\n<p>[\/vc_column_text][\/vc_column][vc_column width=&#8220;1\/6&#8243;][\/vc_column][\/vc_row][vc_row css=&#8220;.vc_custom_1728917911019{margin-top: 35px !important;margin-bottom: 35px !important;}&#8220;][vc_column width=&#8220;1\/4&#8243;][\/vc_column][vc_column width=&#8220;1\/2&#8243;][vc_column_text css_animation=&#8220;fadeIn&#8220; css=&#8220;&#8220;]<\/p>\n<h2 style=\"text-align: center;\"><span style=\"color: #808080;\"><strong>UNSER LEISTUNGEN\u00a0<\/strong><\/span><\/h2>\n<p>[\/vc_column_text][\/vc_column][vc_column width=&#8220;1\/4&#8243;][\/vc_column][\/vc_row][vc_row css_animation=&#8220;fadeInUp&#8220;][vc_column width=&#8220;1\/5&#8243;][\/vc_column][vc_column width=&#8220;1\/5&#8243;][vc_media_grid element_width=&#8220;12&#8243; gap=&#8220;0&#8243; item=&#8220;2005&#8243; css=&#8220;&#8220; initial_loading_animation=&#8220;fadeInLeft&#8220; grid_id=&#8220;vc_gid:1739195398009-397813c0-ff6d-10&#8243; include=&#8220;5566&#8243;][vc_btn title=&#8220;Social Media Clips&#8220; style=&#8220;flat&#8220; color=&#8220;warning&#8220; align=&#8220;center&#8220; css=&#8220;&#8220; link=&#8220;url:%2Fleistungen%2Fcontent-creation%2Fvideoproduktion%2Fsocial-media-clips%2F|title:Social%20Media%20Clips&#8220;][\/vc_column][vc_column width=&#8220;1\/5&#8243;][vc_media_grid element_width=&#8220;12&#8243; gap=&#8220;0&#8243; item=&#8220;2008&#8243; css=&#8220;&#8220; initial_loading_animation=&#8220;fadeInUp&#8220; grid_id=&#8220;vc_gid:1739195398010-11a3e280-9689-10&#8243; include=&#8220;5568&#8243;][vc_btn title=&#8220;Imagefilm&#8220; style=&#8220;flat&#8220; color=&#8220;warning&#8220; align=&#8220;center&#8220; css=&#8220;&#8220; link=&#8220;url:%2Fleistungen%2Fcontent-creation%2Fvideoproduktion%2Fimagefilm%2F|title:Imagefilm&#8220;][\/vc_column][vc_column width=&#8220;1\/5&#8243;][vc_media_grid element_width=&#8220;12&#8243; gap=&#8220;0&#8243; item=&#8220;2010&#8243; css=&#8220;&#8220; initial_loading_animation=&#8220;fadeInUp&#8220; grid_id=&#8220;vc_gid:1739195398011-33e0c3f1-41cc-8&#8243; include=&#8220;5569&#8243;][vc_btn title=&#8220;Reportage&#8220; style=&#8220;flat&#8220; color=&#8220;warning&#8220; align=&#8220;center&#8220; css=&#8220;&#8220; link=&#8220;url:%2Fleistungen%2Fcontent-creation%2Fvideoproduktion%2Freportage%2F|title:Reportage&#8220;][\/vc_column][vc_column width=&#8220;1\/5&#8243;][\/vc_column][\/vc_row][vc_row css_animation=&#8220;fadeInUp&#8220;][vc_column width=&#8220;1\/5&#8243;][\/vc_column][vc_column width=&#8220;1\/5&#8243;][vc_media_grid element_width=&#8220;12&#8243; gap=&#8220;0&#8243; item=&#8220;2015&#8243; css=&#8220;&#8220; initial_loading_animation=&#8220;fadeInRight&#8220; grid_id=&#8220;vc_gid:1739195398012-805612d9-c634-1&#8243; include=&#8220;5571&#8243;][vc_btn title=&#8220;Erkl\u00e4rvideo&#8220; style=&#8220;flat&#8220; color=&#8220;warning&#8220; align=&#8220;center&#8220; css=&#8220;&#8220; link=&#8220;url:%2Fleistungen%2Fcontent-creation%2Fvideoproduktion%2Ferklaervideo%2F|title:Erkl%C3%A4rvideo&#8220;][\/vc_column][vc_column width=&#8220;1\/5&#8243;][vc_media_grid element_width=&#8220;12&#8243; gap=&#8220;0&#8243; item=&#8220;2023&#8243; css=&#8220;&#8220; initial_loading_animation=&#8220;fadeInRight&#8220; grid_id=&#8220;vc_gid:1739195398013-c7896a49-9836-7&#8243; include=&#8220;5609&#8243;][vc_btn title=&#8220;Produktvideo&#8220; style=&#8220;flat&#8220; color=&#8220;warning&#8220; align=&#8220;center&#8220; css=&#8220;&#8220; link=&#8220;url:%2Fleistungen%2Fcontent-creation%2Fvideoproduktion%2Fproduktvideo%2F|title:Produktvideo&#8220;][\/vc_column][vc_column width=&#8220;1\/5&#8243;][vc_media_grid element_width=&#8220;12&#8243; gap=&#8220;0&#8243; item=&#8220;2026&#8243; css=&#8220;&#8220; initial_loading_animation=&#8220;fadeInRight&#8220; grid_id=&#8220;vc_gid:1739195398013-bdb1b26c-bbb5-0&#8243; include=&#8220;5573&#8243;][vc_btn title=&#8220;Messe-und Eventfilm&#8220; style=&#8220;flat&#8220; color=&#8220;warning&#8220; align=&#8220;center&#8220; css=&#8220;&#8220; link=&#8220;url:%2Fleistungen%2Fcontent-creation%2Fvideoproduktion%2Fmesse-und-eventfilm%2F|title:Messe-und%20Eventfilm&#8220;][\/vc_column][vc_column width=&#8220;1\/5&#8243;][\/vc_column][\/vc_row]<\/p>\n<\/div>","protected":false},"excerpt":{"rendered":"[vc_row full_width=\"stretch_row_content_no_spaces\" content_placement=\"middle\" disable_element=\"yes\" css=\".vc_custom_1730191592899{margin-top: -30px !important;margin-right: -10px !important;margin-bottom: 0px !important;margin-left: 0px !important;padding-top: 0px !important;padding-right:<span class=\"excerpt-hellip\"> [\u2026]<\/span>","protected":false},"author":2,"featured_media":0,"parent":1741,"menu_order":0,"comment_status":"closed","ping_status":"closed","template":"","meta":{"footnotes":""},"class_list":["post-1947","page","type-page","status-publish","hentry"],"yoast_head":"<!-- This site is optimized with the Yoast SEO plugin v25.6 - https:\/\/yoast.com\/wordpress\/plugins\/seo\/ -->\n<title>Videoproduktion - SMART PR \/\/ Ihre PR-Agentur in D\u00fcsseldorf<\/title>\n<meta name=\"description\" content=\"SMART PR produziert hochwertige Videos f\u00fcr Marketing &amp; Social Media. Erz\u00e4hlen Sie Ihre Geschichte mit professionellen Video-Inhalten.\" \/>\n<meta name=\"robots\" content=\"index, follow, max-snippet:-1, max-image-preview:large, max-video-preview:-1\" \/>\n<link rel=\"canonical\" href=\"https:\/\/smart-pr.de\/de\/leistungen\/content-creation\/videoproduktion\/\" \/>\n<meta property=\"og:locale\" content=\"de_DE\" \/>\n<meta property=\"og:type\" content=\"article\" \/>\n<meta property=\"og:title\" content=\"Videoproduktion - SMART PR \/\/ Ihre PR-Agentur in D\u00fcsseldorf\" \/>\n<meta property=\"og:description\" content=\"SMART PR produziert hochwertige Videos f\u00fcr Marketing &amp; Social Media. Erz\u00e4hlen Sie Ihre Geschichte mit professionellen Video-Inhalten.\" \/>\n<meta property=\"og:url\" content=\"https:\/\/smart-pr.de\/de\/leistungen\/content-creation\/videoproduktion\/\" \/>\n<meta property=\"og:site_name\" content=\"SMART PR \/\/ Ihre PR-Agentur in D\u00fcsseldorf\" \/>\n<meta property=\"article:modified_time\" content=\"2025-02-10T13:50:09+00:00\" \/>\n<meta name=\"twitter:card\" content=\"summary_large_image\" \/>\n<meta name=\"twitter:label1\" content=\"Gesch\u00e4tzte Lesezeit\" \/>\n\t<meta name=\"twitter:data1\" content=\"2\u00a0Minuten\" \/>\n<script type=\"application\/ld+json\" class=\"yoast-schema-graph\">{\"@context\":\"https:\/\/schema.org\",\"@graph\":[{\"@type\":\"WebPage\",\"@id\":\"https:\/\/smart-pr.de\/de\/leistungen\/content-creation\/videoproduktion\/\",\"url\":\"https:\/\/smart-pr.de\/de\/leistungen\/content-creation\/videoproduktion\/\",\"name\":\"Videoproduktion - SMART PR \/\/ Ihre PR-Agentur in D\u00fcsseldorf\",\"isPartOf\":{\"@id\":\"https:\/\/smart-pr.de\/de\/#website\"},\"datePublished\":\"2024-09-04T10:22:19+00:00\",\"dateModified\":\"2025-02-10T13:50:09+00:00\",\"description\":\"SMART PR produziert hochwertige Videos f\u00fcr Marketing & Social Media. Erz\u00e4hlen Sie Ihre Geschichte mit professionellen Video-Inhalten.\",\"breadcrumb\":{\"@id\":\"https:\/\/smart-pr.de\/de\/leistungen\/content-creation\/videoproduktion\/#breadcrumb\"},\"inLanguage\":\"de\",\"potentialAction\":[{\"@type\":\"ReadAction\",\"target\":[\"https:\/\/smart-pr.de\/de\/leistungen\/content-creation\/videoproduktion\/\"]}]},{\"@type\":\"BreadcrumbList\",\"@id\":\"https:\/\/smart-pr.de\/de\/leistungen\/content-creation\/videoproduktion\/#breadcrumb\",\"itemListElement\":[{\"@type\":\"ListItem\",\"position\":1,\"name\":\"Startseite\",\"item\":\"https:\/\/smart-pr.de\/de\/\"},{\"@type\":\"ListItem\",\"position\":2,\"name\":\"Leistungen\",\"item\":\"https:\/\/smart-pr.de\/de\/leistungen\/\"},{\"@type\":\"ListItem\",\"position\":3,\"name\":\"Content Creation\",\"item\":\"https:\/\/smart-pr.de\/de\/leistungen\/content-creation\/\"},{\"@type\":\"ListItem\",\"position\":4,\"name\":\"Videoproduktion\"}]},{\"@type\":\"WebSite\",\"@id\":\"https:\/\/smart-pr.de\/de\/#website\",\"url\":\"https:\/\/smart-pr.de\/de\/\",\"name\":\"SMART PR \/\/ Ihre PR-Agentur in D\u00fcsseldorf\",\"description\":\"F\u00fcr ganzheitliche Kommunikation\",\"publisher\":{\"@id\":\"https:\/\/smart-pr.de\/de\/#organization\"},\"potentialAction\":[{\"@type\":\"SearchAction\",\"target\":{\"@type\":\"EntryPoint\",\"urlTemplate\":\"https:\/\/smart-pr.de\/de\/?s={search_term_string}\"},\"query-input\":{\"@type\":\"PropertyValueSpecification\",\"valueRequired\":true,\"valueName\":\"search_term_string\"}}],\"inLanguage\":\"de\"},{\"@type\":\"Organization\",\"@id\":\"https:\/\/smart-pr.de\/de\/#organization\",\"name\":\"SMART PR \/\/ Ihre PR-Agentur in D\u00fcsseldorf\",\"url\":\"https:\/\/smart-pr.de\/de\/\",\"logo\":{\"@type\":\"ImageObject\",\"inLanguage\":\"de\",\"@id\":\"https:\/\/smart-pr.de\/de\/#\/schema\/logo\/image\/\",\"url\":\"https:\/\/smart-pr.de\/wp-content\/uploads\/2024\/08\/smart-pr-logo-2.png\",\"contentUrl\":\"https:\/\/smart-pr.de\/wp-content\/uploads\/2024\/08\/smart-pr-logo-2.png\",\"width\":1800,\"height\":282,\"caption\":\"SMART PR \/\/ Ihre PR-Agentur in D\u00fcsseldorf\"},\"image\":{\"@id\":\"https:\/\/smart-pr.de\/de\/#\/schema\/logo\/image\/\"}}]}<\/script>\n<!-- \/ Yoast SEO plugin. -->","yoast_head_json":{"title":"Videoproduktion - SMART PR \/\/ Ihre PR-Agentur in D\u00fcsseldorf","description":"SMART PR produziert hochwertige Videos f\u00fcr Marketing & Social Media. Erz\u00e4hlen Sie Ihre Geschichte mit professionellen Video-Inhalten.","robots":{"index":"index","follow":"follow","max-snippet":"max-snippet:-1","max-image-preview":"max-image-preview:large","max-video-preview":"max-video-preview:-1"},"canonical":"https:\/\/smart-pr.de\/de\/leistungen\/content-creation\/videoproduktion\/","og_locale":"de_DE","og_type":"article","og_title":"Videoproduktion - SMART PR \/\/ Ihre PR-Agentur in D\u00fcsseldorf","og_description":"SMART PR produziert hochwertige Videos f\u00fcr Marketing & Social Media. Erz\u00e4hlen Sie Ihre Geschichte mit professionellen Video-Inhalten.","og_url":"https:\/\/smart-pr.de\/de\/leistungen\/content-creation\/videoproduktion\/","og_site_name":"SMART PR \/\/ Ihre PR-Agentur in D\u00fcsseldorf","article_modified_time":"2025-02-10T13:50:09+00:00","twitter_card":"summary_large_image","twitter_misc":{"Gesch\u00e4tzte Lesezeit":"2\u00a0Minuten"},"schema":{"@context":"https:\/\/schema.org","@graph":[{"@type":"WebPage","@id":"https:\/\/smart-pr.de\/de\/leistungen\/content-creation\/videoproduktion\/","url":"https:\/\/smart-pr.de\/de\/leistungen\/content-creation\/videoproduktion\/","name":"Videoproduktion - SMART PR \/\/ Ihre PR-Agentur in D\u00fcsseldorf","isPartOf":{"@id":"https:\/\/smart-pr.de\/de\/#website"},"datePublished":"2024-09-04T10:22:19+00:00","dateModified":"2025-02-10T13:50:09+00:00","description":"SMART PR produziert hochwertige Videos f\u00fcr Marketing & Social Media. Erz\u00e4hlen Sie Ihre Geschichte mit professionellen Video-Inhalten.","breadcrumb":{"@id":"https:\/\/smart-pr.de\/de\/leistungen\/content-creation\/videoproduktion\/#breadcrumb"},"inLanguage":"de","potentialAction":[{"@type":"ReadAction","target":["https:\/\/smart-pr.de\/de\/leistungen\/content-creation\/videoproduktion\/"]}]},{"@type":"BreadcrumbList","@id":"https:\/\/smart-pr.de\/de\/leistungen\/content-creation\/videoproduktion\/#breadcrumb","itemListElement":[{"@type":"ListItem","position":1,"name":"Startseite","item":"https:\/\/smart-pr.de\/de\/"},{"@type":"ListItem","position":2,"name":"Leistungen","item":"https:\/\/smart-pr.de\/de\/leistungen\/"},{"@type":"ListItem","position":3,"name":"Content Creation","item":"https:\/\/smart-pr.de\/de\/leistungen\/content-creation\/"},{"@type":"ListItem","position":4,"name":"Videoproduktion"}]},{"@type":"WebSite","@id":"https:\/\/smart-pr.de\/de\/#website","url":"https:\/\/smart-pr.de\/de\/","name":"SMART PR \/\/ Ihre PR-Agentur in D\u00fcsseldorf","description":"F\u00fcr ganzheitliche Kommunikation","publisher":{"@id":"https:\/\/smart-pr.de\/de\/#organization"},"potentialAction":[{"@type":"SearchAction","target":{"@type":"EntryPoint","urlTemplate":"https:\/\/smart-pr.de\/de\/?s={search_term_string}"},"query-input":{"@type":"PropertyValueSpecification","valueRequired":true,"valueName":"search_term_string"}}],"inLanguage":"de"},{"@type":"Organization","@id":"https:\/\/smart-pr.de\/de\/#organization","name":"SMART PR \/\/ Ihre PR-Agentur in D\u00fcsseldorf","url":"https:\/\/smart-pr.de\/de\/","logo":{"@type":"ImageObject","inLanguage":"de","@id":"https:\/\/smart-pr.de\/de\/#\/schema\/logo\/image\/","url":"https:\/\/smart-pr.de\/wp-content\/uploads\/2024\/08\/smart-pr-logo-2.png","contentUrl":"https:\/\/smart-pr.de\/wp-content\/uploads\/2024\/08\/smart-pr-logo-2.png","width":1800,"height":282,"caption":"SMART PR \/\/ Ihre PR-Agentur in D\u00fcsseldorf"},"image":{"@id":"https:\/\/smart-pr.de\/de\/#\/schema\/logo\/image\/"}}]}},"_links":{"self":[{"href":"https:\/\/smart-pr.de\/de\/wp-json\/wp\/v2\/pages\/1947","targetHints":{"allow":["GET"]}}],"collection":[{"href":"https:\/\/smart-pr.de\/de\/wp-json\/wp\/v2\/pages"}],"about":[{"href":"https:\/\/smart-pr.de\/de\/wp-json\/wp\/v2\/types\/page"}],"author":[{"embeddable":true,"href":"https:\/\/smart-pr.de\/de\/wp-json\/wp\/v2\/users\/2"}],"replies":[{"embeddable":true,"href":"https:\/\/smart-pr.de\/de\/wp-json\/wp\/v2\/comments?post=1947"}],"version-history":[{"count":60,"href":"https:\/\/smart-pr.de\/de\/wp-json\/wp\/v2\/pages\/1947\/revisions"}],"predecessor-version":[{"id":9594,"href":"https:\/\/smart-pr.de\/de\/wp-json\/wp\/v2\/pages\/1947\/revisions\/9594"}],"up":[{"embeddable":true,"href":"https:\/\/smart-pr.de\/de\/wp-json\/wp\/v2\/pages\/1741"}],"wp:attachment":[{"href":"https:\/\/smart-pr.de\/de\/wp-json\/wp\/v2\/media?parent=1947"}],"curies":[{"name":"wp","href":"https:\/\/api.w.org\/{rel}","templated":true}]}}