{"id":1945,"date":"2024-09-04T10:21:57","date_gmt":"2024-09-04T10:21:57","guid":{"rendered":"https:\/\/entwicklungsumgebung6729.live-website.com\/?page_id=1945"},"modified":"2025-02-04T11:46:54","modified_gmt":"2025-02-04T11:46:54","slug":"flyer-broschueren","status":"publish","type":"page","link":"https:\/\/smart-pr.de\/de\/leistungen\/content-creation\/flyer-broschueren\/","title":{"rendered":"Flyer + Brosch\u00fcren"},"content":{"rendered":"<div class=\"wpb-content-wrapper\"><p>[vc_row full_width=&#8220;stretch_row_content_no_spaces&#8220; css=&#8220;.vc_custom_1729156473880{margin-top: -30px !important;margin-right: 0px !important;margin-bottom: 0px !important;margin-left: 0px !important;padding-top: 0px !important;padding-right: 0px !important;padding-bottom: 0px !important;padding-left: 0px !important;}&#8220;][vc_column css=&#8220;.vc_custom_1724400273462{margin-top: 0px !important;margin-right: 0px !important;margin-bottom: 0px !important;margin-left: 0px !important;padding-top: 0px !important;padding-right: 0px !important;padding-bottom: 0px !important;padding-left: 0px !important;}&#8220;][vc_single_image image=&#8220;6476&#8243; img_size=&#8220;full&#8220; alignment=&#8220;center&#8220; css=&#8220;&#8220;][\/vc_column][\/vc_row][vc_row][vc_column width=&#8220;1\/6&#8243;][\/vc_column][vc_column width=&#8220;2\/3&#8243;][vc_column_text css=&#8220;&#8220;]<\/p>\n<h1 style=\"text-align: left;\"><strong>Flyer und Brosch\u00fcren: Professionelle Designs f\u00fcr Ihre Markenkommunikation<\/strong><\/h1>\n<p>[\/vc_column_text][\/vc_column][vc_column width=&#8220;1\/6&#8243;][\/vc_column][\/vc_row][vc_row][vc_column width=&#8220;1\/6&#8243;][\/vc_column][vc_column width=&#8220;2\/3&#8243;][vc_column_text css=&#8220;&#8220;]<\/p>\n<h2><strong>F\u00fcr den bleibenden Eindruck<\/strong><\/h2>\n<p>Manchmal muss es eben Print sein: Auch wenn unser Schwerpunkt in der digitalen Kommunikation liegt, sind wir doch davon \u00fcberzeugt, dass Print in einigen Bereichen immer noch relevant ist und bleibt. Durchdacht strukturierte und ansprechend gestaltete Brosch\u00fcren sind aus der Kundenkommunikation auch heute nicht wegzudenken. Sie hinterlassen einen bleibenden Eindruck, w\u00e4hrend digitaler Content schon mal fl\u00fcchtig sein kann. Somit sind Printprodukte im Kommunikationsmix eine ideale Erg\u00e4nzung zu digitalen Ma\u00dfnahmen.<\/p>\n<p>Ob Infoflyer, Unternehmensbrosch\u00fcre, Mitarbeiterzeitung oder Kundenzeitschrift \u2013 bei uns sind Ihre Printprodukte in den richtigen H\u00e4nden. Wir unterst\u00fctzen Sie von der Idee und Konzeption \u00fcber Grafik und Redaktion bis hin zur Produktion bei der Erstellung Ihrer Druckmittel. Unser erfahrenes Team erstellt hochwertige Printmaterialien f\u00fcr Sie, die Ihre Botschaften bei Ihrer Zielgruppe im wahrsten Wortsinn \u201ebegreifbar\u201c machen.<\/p>\n<p>Sollten Sie es etwas weniger klassisch w\u00fcnschen, konzipieren wir diese Materialien selbstverst\u00e4ndlich auch gerne in E-Book-Form.[\/vc_column_text][\/vc_column][vc_column width=&#8220;1\/6&#8243;][\/vc_column][\/vc_row]<\/p>\n<\/div>","protected":false},"excerpt":{"rendered":"[vc_row full_width=\"stretch_row_content_no_spaces\" css=\".vc_custom_1729156473880{margin-top: -30px !important;margin-right: 0px !important;margin-bottom: 0px !important;margin-left: 0px !important;padding-top: 0px !important;padding-right: 0px !important;padding-bottom:<span class=\"excerpt-hellip\"> [\u2026]<\/span>","protected":false},"author":2,"featured_media":0,"parent":1741,"menu_order":0,"comment_status":"closed","ping_status":"closed","template":"","meta":{"footnotes":""},"class_list":["post-1945","page","type-page","status-publish","hentry"],"yoast_head":"<!-- This site is optimized with the Yoast SEO plugin v25.6 - https:\/\/yoast.com\/wordpress\/plugins\/seo\/ -->\n<title>Flyer + Brosch\u00fcren - SMART PR \/\/ Ihre PR-Agentur in D\u00fcsseldorf<\/title>\n<meta name=\"description\" content=\"SMART PR gestaltet \u00fcberzeugende Flyer &amp; Brosch\u00fcren. Kreatives Design f\u00fcr starke Markenkommunikation. Kontaktieren Sie uns!\" \/>\n<meta name=\"robots\" content=\"index, follow, max-snippet:-1, max-image-preview:large, max-video-preview:-1\" \/>\n<link rel=\"canonical\" href=\"https:\/\/smart-pr.de\/de\/leistungen\/content-creation\/flyer-broschueren\/\" \/>\n<meta property=\"og:locale\" content=\"de_DE\" \/>\n<meta property=\"og:type\" content=\"article\" \/>\n<meta property=\"og:title\" content=\"Flyer + Brosch\u00fcren - SMART PR \/\/ Ihre PR-Agentur in D\u00fcsseldorf\" \/>\n<meta property=\"og:description\" content=\"SMART PR gestaltet \u00fcberzeugende Flyer &amp; Brosch\u00fcren. Kreatives Design f\u00fcr starke Markenkommunikation. Kontaktieren Sie uns!\" \/>\n<meta property=\"og:url\" content=\"https:\/\/smart-pr.de\/de\/leistungen\/content-creation\/flyer-broschueren\/\" \/>\n<meta property=\"og:site_name\" content=\"SMART PR \/\/ Ihre PR-Agentur in D\u00fcsseldorf\" \/>\n<meta property=\"article:modified_time\" content=\"2025-02-04T11:46:54+00:00\" \/>\n<meta name=\"twitter:card\" content=\"summary_large_image\" \/>\n<meta name=\"twitter:label1\" content=\"Gesch\u00e4tzte Lesezeit\" \/>\n\t<meta name=\"twitter:data1\" content=\"2\u00a0Minuten\" \/>\n<script type=\"application\/ld+json\" class=\"yoast-schema-graph\">{\"@context\":\"https:\/\/schema.org\",\"@graph\":[{\"@type\":\"WebPage\",\"@id\":\"https:\/\/smart-pr.de\/de\/leistungen\/content-creation\/flyer-broschueren\/\",\"url\":\"https:\/\/smart-pr.de\/de\/leistungen\/content-creation\/flyer-broschueren\/\",\"name\":\"Flyer + Brosch\u00fcren - SMART PR \/\/ Ihre PR-Agentur in D\u00fcsseldorf\",\"isPartOf\":{\"@id\":\"https:\/\/smart-pr.de\/de\/#website\"},\"datePublished\":\"2024-09-04T10:21:57+00:00\",\"dateModified\":\"2025-02-04T11:46:54+00:00\",\"description\":\"SMART PR gestaltet \u00fcberzeugende Flyer & Brosch\u00fcren. Kreatives Design f\u00fcr starke Markenkommunikation. Kontaktieren Sie uns!\",\"breadcrumb\":{\"@id\":\"https:\/\/smart-pr.de\/de\/leistungen\/content-creation\/flyer-broschueren\/#breadcrumb\"},\"inLanguage\":\"de\",\"potentialAction\":[{\"@type\":\"ReadAction\",\"target\":[\"https:\/\/smart-pr.de\/de\/leistungen\/content-creation\/flyer-broschueren\/\"]}]},{\"@type\":\"BreadcrumbList\",\"@id\":\"https:\/\/smart-pr.de\/de\/leistungen\/content-creation\/flyer-broschueren\/#breadcrumb\",\"itemListElement\":[{\"@type\":\"ListItem\",\"position\":1,\"name\":\"Startseite\",\"item\":\"https:\/\/smart-pr.de\/de\/\"},{\"@type\":\"ListItem\",\"position\":2,\"name\":\"Leistungen\",\"item\":\"https:\/\/smart-pr.de\/de\/leistungen\/\"},{\"@type\":\"ListItem\",\"position\":3,\"name\":\"Content Creation\",\"item\":\"https:\/\/smart-pr.de\/de\/leistungen\/content-creation\/\"},{\"@type\":\"ListItem\",\"position\":4,\"name\":\"Flyer + Brosch\u00fcren\"}]},{\"@type\":\"WebSite\",\"@id\":\"https:\/\/smart-pr.de\/de\/#website\",\"url\":\"https:\/\/smart-pr.de\/de\/\",\"name\":\"SMART PR \/\/ Ihre PR-Agentur in D\u00fcsseldorf\",\"description\":\"F\u00fcr ganzheitliche Kommunikation\",\"publisher\":{\"@id\":\"https:\/\/smart-pr.de\/de\/#organization\"},\"potentialAction\":[{\"@type\":\"SearchAction\",\"target\":{\"@type\":\"EntryPoint\",\"urlTemplate\":\"https:\/\/smart-pr.de\/de\/?s={search_term_string}\"},\"query-input\":{\"@type\":\"PropertyValueSpecification\",\"valueRequired\":true,\"valueName\":\"search_term_string\"}}],\"inLanguage\":\"de\"},{\"@type\":\"Organization\",\"@id\":\"https:\/\/smart-pr.de\/de\/#organization\",\"name\":\"SMART PR \/\/ Ihre PR-Agentur in D\u00fcsseldorf\",\"url\":\"https:\/\/smart-pr.de\/de\/\",\"logo\":{\"@type\":\"ImageObject\",\"inLanguage\":\"de\",\"@id\":\"https:\/\/smart-pr.de\/de\/#\/schema\/logo\/image\/\",\"url\":\"https:\/\/smart-pr.de\/wp-content\/uploads\/2024\/08\/smart-pr-logo-2.png\",\"contentUrl\":\"https:\/\/smart-pr.de\/wp-content\/uploads\/2024\/08\/smart-pr-logo-2.png\",\"width\":1800,\"height\":282,\"caption\":\"SMART PR \/\/ Ihre PR-Agentur in D\u00fcsseldorf\"},\"image\":{\"@id\":\"https:\/\/smart-pr.de\/de\/#\/schema\/logo\/image\/\"}}]}<\/script>\n<!-- \/ Yoast SEO plugin. -->","yoast_head_json":{"title":"Flyer + Brosch\u00fcren - SMART PR \/\/ Ihre PR-Agentur in D\u00fcsseldorf","description":"SMART PR gestaltet \u00fcberzeugende Flyer & Brosch\u00fcren. Kreatives Design f\u00fcr starke Markenkommunikation. Kontaktieren Sie uns!","robots":{"index":"index","follow":"follow","max-snippet":"max-snippet:-1","max-image-preview":"max-image-preview:large","max-video-preview":"max-video-preview:-1"},"canonical":"https:\/\/smart-pr.de\/de\/leistungen\/content-creation\/flyer-broschueren\/","og_locale":"de_DE","og_type":"article","og_title":"Flyer + Brosch\u00fcren - SMART PR \/\/ Ihre PR-Agentur in D\u00fcsseldorf","og_description":"SMART PR gestaltet \u00fcberzeugende Flyer & Brosch\u00fcren. Kreatives Design f\u00fcr starke Markenkommunikation. Kontaktieren Sie uns!","og_url":"https:\/\/smart-pr.de\/de\/leistungen\/content-creation\/flyer-broschueren\/","og_site_name":"SMART PR \/\/ Ihre PR-Agentur in D\u00fcsseldorf","article_modified_time":"2025-02-04T11:46:54+00:00","twitter_card":"summary_large_image","twitter_misc":{"Gesch\u00e4tzte Lesezeit":"2\u00a0Minuten"},"schema":{"@context":"https:\/\/schema.org","@graph":[{"@type":"WebPage","@id":"https:\/\/smart-pr.de\/de\/leistungen\/content-creation\/flyer-broschueren\/","url":"https:\/\/smart-pr.de\/de\/leistungen\/content-creation\/flyer-broschueren\/","name":"Flyer + Brosch\u00fcren - SMART PR \/\/ Ihre PR-Agentur in D\u00fcsseldorf","isPartOf":{"@id":"https:\/\/smart-pr.de\/de\/#website"},"datePublished":"2024-09-04T10:21:57+00:00","dateModified":"2025-02-04T11:46:54+00:00","description":"SMART PR gestaltet \u00fcberzeugende Flyer & Brosch\u00fcren. Kreatives Design f\u00fcr starke Markenkommunikation. Kontaktieren Sie uns!","breadcrumb":{"@id":"https:\/\/smart-pr.de\/de\/leistungen\/content-creation\/flyer-broschueren\/#breadcrumb"},"inLanguage":"de","potentialAction":[{"@type":"ReadAction","target":["https:\/\/smart-pr.de\/de\/leistungen\/content-creation\/flyer-broschueren\/"]}]},{"@type":"BreadcrumbList","@id":"https:\/\/smart-pr.de\/de\/leistungen\/content-creation\/flyer-broschueren\/#breadcrumb","itemListElement":[{"@type":"ListItem","position":1,"name":"Startseite","item":"https:\/\/smart-pr.de\/de\/"},{"@type":"ListItem","position":2,"name":"Leistungen","item":"https:\/\/smart-pr.de\/de\/leistungen\/"},{"@type":"ListItem","position":3,"name":"Content Creation","item":"https:\/\/smart-pr.de\/de\/leistungen\/content-creation\/"},{"@type":"ListItem","position":4,"name":"Flyer + Brosch\u00fcren"}]},{"@type":"WebSite","@id":"https:\/\/smart-pr.de\/de\/#website","url":"https:\/\/smart-pr.de\/de\/","name":"SMART PR \/\/ Ihre PR-Agentur in D\u00fcsseldorf","description":"F\u00fcr ganzheitliche Kommunikation","publisher":{"@id":"https:\/\/smart-pr.de\/de\/#organization"},"potentialAction":[{"@type":"SearchAction","target":{"@type":"EntryPoint","urlTemplate":"https:\/\/smart-pr.de\/de\/?s={search_term_string}"},"query-input":{"@type":"PropertyValueSpecification","valueRequired":true,"valueName":"search_term_string"}}],"inLanguage":"de"},{"@type":"Organization","@id":"https:\/\/smart-pr.de\/de\/#organization","name":"SMART PR \/\/ Ihre PR-Agentur in D\u00fcsseldorf","url":"https:\/\/smart-pr.de\/de\/","logo":{"@type":"ImageObject","inLanguage":"de","@id":"https:\/\/smart-pr.de\/de\/#\/schema\/logo\/image\/","url":"https:\/\/smart-pr.de\/wp-content\/uploads\/2024\/08\/smart-pr-logo-2.png","contentUrl":"https:\/\/smart-pr.de\/wp-content\/uploads\/2024\/08\/smart-pr-logo-2.png","width":1800,"height":282,"caption":"SMART PR \/\/ Ihre PR-Agentur in D\u00fcsseldorf"},"image":{"@id":"https:\/\/smart-pr.de\/de\/#\/schema\/logo\/image\/"}}]}},"_links":{"self":[{"href":"https:\/\/smart-pr.de\/de\/wp-json\/wp\/v2\/pages\/1945","targetHints":{"allow":["GET"]}}],"collection":[{"href":"https:\/\/smart-pr.de\/de\/wp-json\/wp\/v2\/pages"}],"about":[{"href":"https:\/\/smart-pr.de\/de\/wp-json\/wp\/v2\/types\/page"}],"author":[{"embeddable":true,"href":"https:\/\/smart-pr.de\/de\/wp-json\/wp\/v2\/users\/2"}],"replies":[{"embeddable":true,"href":"https:\/\/smart-pr.de\/de\/wp-json\/wp\/v2\/comments?post=1945"}],"version-history":[{"count":10,"href":"https:\/\/smart-pr.de\/de\/wp-json\/wp\/v2\/pages\/1945\/revisions"}],"predecessor-version":[{"id":8179,"href":"https:\/\/smart-pr.de\/de\/wp-json\/wp\/v2\/pages\/1945\/revisions\/8179"}],"up":[{"embeddable":true,"href":"https:\/\/smart-pr.de\/de\/wp-json\/wp\/v2\/pages\/1741"}],"wp:attachment":[{"href":"https:\/\/smart-pr.de\/de\/wp-json\/wp\/v2\/media?parent=1945"}],"curies":[{"name":"wp","href":"https:\/\/api.w.org\/{rel}","templated":true}]}}