{"id":1941,"date":"2024-09-04T10:20:12","date_gmt":"2024-09-04T10:20:12","guid":{"rendered":"https:\/\/entwicklungsumgebung6729.live-website.com\/?page_id=1941"},"modified":"2025-02-04T11:45:04","modified_gmt":"2025-02-04T11:45:04","slug":"podcast","status":"publish","type":"page","link":"https:\/\/smart-pr.de\/de\/leistungen\/content-creation\/podcast\/","title":{"rendered":"Podcast"},"content":{"rendered":"<div class=\"wpb-content-wrapper\"><p>[vc_row full_width=&#8220;stretch_row_content_no_spaces&#8220; css=&#8220;.vc_custom_1729156473880{margin-top: -30px !important;margin-right: 0px !important;margin-bottom: 0px !important;margin-left: 0px !important;padding-top: 0px !important;padding-right: 0px !important;padding-bottom: 0px !important;padding-left: 0px !important;}&#8220;][vc_column css=&#8220;.vc_custom_1724400273462{margin-top: 0px !important;margin-right: 0px !important;margin-bottom: 0px !important;margin-left: 0px !important;padding-top: 0px !important;padding-right: 0px !important;padding-bottom: 0px !important;padding-left: 0px !important;}&#8220;][vc_single_image image=&#8220;6474&#8243; img_size=&#8220;full&#8220; alignment=&#8220;center&#8220; css=&#8220;&#8220;][\/vc_column][\/vc_row][vc_row][vc_column width=&#8220;1\/6&#8243;][\/vc_column][vc_column width=&#8220;2\/3&#8243;][vc_column_text css=&#8220;&#8220;]<\/p>\n<h1><strong>Podcast-Content: Steigern Sie Ihre Sichtbarkeit mit gezielten Audio-Inhalten<\/strong><\/h1>\n<p>[\/vc_column_text][\/vc_column][vc_column width=&#8220;1\/6&#8243;][\/vc_column][\/vc_row][vc_row][vc_column width=&#8220;1\/6&#8243;][\/vc_column][vc_column width=&#8220;2\/3&#8243;][vc_column_text css=&#8220;&#8220;]<\/p>\n<h2><strong>So wird Ihre Zielgruppe ganz Ohr<\/strong><\/h2>\n<p>Audiocontent spielt eine immer gr\u00f6\u00dfere Rolle in der Unternehmenskommunikation. Das Format bietet f\u00fcr Marken entscheidende Vorteile: Durch die pers\u00f6nliche Ansprache erm\u00f6glichen Podcasts eine gro\u00dfe N\u00e4he und somit emotionale Kundenbindung. Sie sorgen f\u00fcr Glaubw\u00fcrdigkeit und Authentizit\u00e4t. Ein Podcast ist ein idealer Kanal f\u00fcr eine Expertenpositionierung und f\u00fcr Thought Leadership. Podcasts k\u00f6nnen nebenbei geh\u00f6rt werden und sind somit leichter zu konsumieren, zugleich sichern Sie sich die Aufmerksamkeit Ihrer H\u00f6rer f\u00fcr Ihre Themen. Schlie\u00dflich erfordert die Podcast Produktion weniger Aufwand als etwa die Produktion von Video-Formaten.<\/p>\n<p>Sie m\u00f6chten einen eigenen Podcast f\u00fcr Ihr Unternehmen ins Leben rufen? Wir unterst\u00fctzen Sie dabei: von der Idee \u00fcber die Podcast-Produktion bis zur reichweitenstarken\u00a0<a href=\"https:\/\/smart-pr.de\/de\/news\/blog\/so-spielen-sie-ihren-podcast-am-besten-aus\/\" rel=\"noopener\">Platzierung<\/a>.[\/vc_column_text][\/vc_column][vc_column width=&#8220;1\/6&#8243;][\/vc_column][\/vc_row][vc_row][vc_column width=&#8220;1\/6&#8243;][\/vc_column][vc_column width=&#8220;2\/3&#8243;][vc_column_text css=&#8220;&#8220;]<\/p>\n<h2><strong>Wir begleiten Sie in f\u00fcnf Schritten bei Ihrem Podcast:<\/strong><\/h2>\n<p><strong>1. Idee:<\/strong>\u00a0Auf die passgenaue Idee f\u00fcr den Podcast kommt es an. Wir entwickeln diese gemeinsam mit Ihnen.<\/p>\n<p><strong>2. Konzeption:<\/strong>\u00a0Nur wenn das Storytelling und die Dramaturgie stimmen, lassen sich Ihre H\u00f6rer begeistern und binden. Wir analysieren Ihre Ausgangssituation, Ihre Ziele und Zielgruppen und konzipieren das passende Podcast-Format mit den Themen, die f\u00fcr Ihre Zielgruppe relevant sind.<\/p>\n<p><strong>3. Aufnahme &amp; Postproduktion:<\/strong>\u00a0Je nach Ihrem Wunsch helfen wir Ihnen bei der Auswahl des richtigen Equipments oder stellen das Studio und k\u00fcmmern uns um die Postproduktion f\u00fcr Podcasts in High End-Qualit\u00e4t.<\/p>\n<p><strong>4. Platzierungen:<\/strong>\u00a0Wichtig ist es, auf den g\u00e4ngigen Streaming-Plattformen pr\u00e4sent zu sein. Wir sorgen f\u00fcr die Distribution, damit Ihr Podcast dort platziert ist, wo Ihre Zielgruppe ihn finden kann.<\/p>\n<p><strong>5. Reichweite:<\/strong>\u00a0\u00dcber die Platzierung auf Ihren eigenen Social Media Kan\u00e4len und auf Ihrer Website sowie \u00fcber PR Ma\u00dfnahmen erh\u00f6hen wir die Reichweite Ihres Podcasts.[\/vc_column_text][\/vc_column][vc_column width=&#8220;1\/6&#8243;][\/vc_column][\/vc_row]<\/p>\n<\/div>","protected":false},"excerpt":{"rendered":"[vc_row full_width=\"stretch_row_content_no_spaces\" css=\".vc_custom_1729156473880{margin-top: -30px !important;margin-right: 0px !important;margin-bottom: 0px !important;margin-left: 0px !important;padding-top: 0px !important;padding-right: 0px !important;padding-bottom:<span class=\"excerpt-hellip\"> [\u2026]<\/span>","protected":false},"author":2,"featured_media":0,"parent":1741,"menu_order":0,"comment_status":"closed","ping_status":"closed","template":"","meta":{"footnotes":""},"class_list":["post-1941","page","type-page","status-publish","hentry"],"yoast_head":"<!-- This site is optimized with the Yoast SEO plugin v25.6 - https:\/\/yoast.com\/wordpress\/plugins\/seo\/ -->\n<title>Podcast - SMART PR \/\/ Ihre PR-Agentur in D\u00fcsseldorf<\/title>\n<meta name=\"description\" content=\"SMART PR erstellt Podcasts, die Ihre Marke st\u00e4rken. Von Strategie bis Produktion \u2013 wir machen Ihre Inhalte h\u00f6rbar.\" \/>\n<meta name=\"robots\" content=\"index, follow, max-snippet:-1, max-image-preview:large, max-video-preview:-1\" \/>\n<link rel=\"canonical\" href=\"https:\/\/smart-pr.de\/de\/leistungen\/content-creation\/podcast\/\" \/>\n<meta property=\"og:locale\" content=\"de_DE\" \/>\n<meta property=\"og:type\" content=\"article\" \/>\n<meta property=\"og:title\" content=\"Podcast - SMART PR \/\/ Ihre PR-Agentur in D\u00fcsseldorf\" \/>\n<meta property=\"og:description\" content=\"SMART PR erstellt Podcasts, die Ihre Marke st\u00e4rken. Von Strategie bis Produktion \u2013 wir machen Ihre Inhalte h\u00f6rbar.\" \/>\n<meta property=\"og:url\" content=\"https:\/\/smart-pr.de\/de\/leistungen\/content-creation\/podcast\/\" \/>\n<meta property=\"og:site_name\" content=\"SMART PR \/\/ Ihre PR-Agentur in D\u00fcsseldorf\" \/>\n<meta property=\"article:modified_time\" content=\"2025-02-04T11:45:04+00:00\" \/>\n<meta name=\"twitter:card\" content=\"summary_large_image\" \/>\n<meta name=\"twitter:label1\" content=\"Gesch\u00e4tzte Lesezeit\" \/>\n\t<meta name=\"twitter:data1\" content=\"3\u00a0Minuten\" \/>\n<script type=\"application\/ld+json\" class=\"yoast-schema-graph\">{\"@context\":\"https:\/\/schema.org\",\"@graph\":[{\"@type\":\"WebPage\",\"@id\":\"https:\/\/smart-pr.de\/de\/leistungen\/content-creation\/podcast\/\",\"url\":\"https:\/\/smart-pr.de\/de\/leistungen\/content-creation\/podcast\/\",\"name\":\"Podcast - SMART PR \/\/ Ihre PR-Agentur in D\u00fcsseldorf\",\"isPartOf\":{\"@id\":\"https:\/\/smart-pr.de\/de\/#website\"},\"datePublished\":\"2024-09-04T10:20:12+00:00\",\"dateModified\":\"2025-02-04T11:45:04+00:00\",\"description\":\"SMART PR erstellt Podcasts, die Ihre Marke st\u00e4rken. Von Strategie bis Produktion \u2013 wir machen Ihre Inhalte h\u00f6rbar.\",\"breadcrumb\":{\"@id\":\"https:\/\/smart-pr.de\/de\/leistungen\/content-creation\/podcast\/#breadcrumb\"},\"inLanguage\":\"de\",\"potentialAction\":[{\"@type\":\"ReadAction\",\"target\":[\"https:\/\/smart-pr.de\/de\/leistungen\/content-creation\/podcast\/\"]}]},{\"@type\":\"BreadcrumbList\",\"@id\":\"https:\/\/smart-pr.de\/de\/leistungen\/content-creation\/podcast\/#breadcrumb\",\"itemListElement\":[{\"@type\":\"ListItem\",\"position\":1,\"name\":\"Startseite\",\"item\":\"https:\/\/smart-pr.de\/de\/\"},{\"@type\":\"ListItem\",\"position\":2,\"name\":\"Leistungen\",\"item\":\"https:\/\/smart-pr.de\/de\/leistungen\/\"},{\"@type\":\"ListItem\",\"position\":3,\"name\":\"Content Creation\",\"item\":\"https:\/\/smart-pr.de\/de\/leistungen\/content-creation\/\"},{\"@type\":\"ListItem\",\"position\":4,\"name\":\"Podcast\"}]},{\"@type\":\"WebSite\",\"@id\":\"https:\/\/smart-pr.de\/de\/#website\",\"url\":\"https:\/\/smart-pr.de\/de\/\",\"name\":\"SMART PR \/\/ Ihre PR-Agentur in D\u00fcsseldorf\",\"description\":\"F\u00fcr ganzheitliche Kommunikation\",\"publisher\":{\"@id\":\"https:\/\/smart-pr.de\/de\/#organization\"},\"potentialAction\":[{\"@type\":\"SearchAction\",\"target\":{\"@type\":\"EntryPoint\",\"urlTemplate\":\"https:\/\/smart-pr.de\/de\/?s={search_term_string}\"},\"query-input\":{\"@type\":\"PropertyValueSpecification\",\"valueRequired\":true,\"valueName\":\"search_term_string\"}}],\"inLanguage\":\"de\"},{\"@type\":\"Organization\",\"@id\":\"https:\/\/smart-pr.de\/de\/#organization\",\"name\":\"SMART PR \/\/ Ihre PR-Agentur in D\u00fcsseldorf\",\"url\":\"https:\/\/smart-pr.de\/de\/\",\"logo\":{\"@type\":\"ImageObject\",\"inLanguage\":\"de\",\"@id\":\"https:\/\/smart-pr.de\/de\/#\/schema\/logo\/image\/\",\"url\":\"https:\/\/smart-pr.de\/wp-content\/uploads\/2024\/08\/smart-pr-logo-2.png\",\"contentUrl\":\"https:\/\/smart-pr.de\/wp-content\/uploads\/2024\/08\/smart-pr-logo-2.png\",\"width\":1800,\"height\":282,\"caption\":\"SMART PR \/\/ Ihre PR-Agentur in D\u00fcsseldorf\"},\"image\":{\"@id\":\"https:\/\/smart-pr.de\/de\/#\/schema\/logo\/image\/\"}}]}<\/script>\n<!-- \/ Yoast SEO plugin. -->","yoast_head_json":{"title":"Podcast - SMART PR \/\/ Ihre PR-Agentur in D\u00fcsseldorf","description":"SMART PR erstellt Podcasts, die Ihre Marke st\u00e4rken. Von Strategie bis Produktion \u2013 wir machen Ihre Inhalte h\u00f6rbar.","robots":{"index":"index","follow":"follow","max-snippet":"max-snippet:-1","max-image-preview":"max-image-preview:large","max-video-preview":"max-video-preview:-1"},"canonical":"https:\/\/smart-pr.de\/de\/leistungen\/content-creation\/podcast\/","og_locale":"de_DE","og_type":"article","og_title":"Podcast - SMART PR \/\/ Ihre PR-Agentur in D\u00fcsseldorf","og_description":"SMART PR erstellt Podcasts, die Ihre Marke st\u00e4rken. Von Strategie bis Produktion \u2013 wir machen Ihre Inhalte h\u00f6rbar.","og_url":"https:\/\/smart-pr.de\/de\/leistungen\/content-creation\/podcast\/","og_site_name":"SMART PR \/\/ Ihre PR-Agentur in D\u00fcsseldorf","article_modified_time":"2025-02-04T11:45:04+00:00","twitter_card":"summary_large_image","twitter_misc":{"Gesch\u00e4tzte Lesezeit":"3\u00a0Minuten"},"schema":{"@context":"https:\/\/schema.org","@graph":[{"@type":"WebPage","@id":"https:\/\/smart-pr.de\/de\/leistungen\/content-creation\/podcast\/","url":"https:\/\/smart-pr.de\/de\/leistungen\/content-creation\/podcast\/","name":"Podcast - SMART PR \/\/ Ihre PR-Agentur in D\u00fcsseldorf","isPartOf":{"@id":"https:\/\/smart-pr.de\/de\/#website"},"datePublished":"2024-09-04T10:20:12+00:00","dateModified":"2025-02-04T11:45:04+00:00","description":"SMART PR erstellt Podcasts, die Ihre Marke st\u00e4rken. Von Strategie bis Produktion \u2013 wir machen Ihre Inhalte h\u00f6rbar.","breadcrumb":{"@id":"https:\/\/smart-pr.de\/de\/leistungen\/content-creation\/podcast\/#breadcrumb"},"inLanguage":"de","potentialAction":[{"@type":"ReadAction","target":["https:\/\/smart-pr.de\/de\/leistungen\/content-creation\/podcast\/"]}]},{"@type":"BreadcrumbList","@id":"https:\/\/smart-pr.de\/de\/leistungen\/content-creation\/podcast\/#breadcrumb","itemListElement":[{"@type":"ListItem","position":1,"name":"Startseite","item":"https:\/\/smart-pr.de\/de\/"},{"@type":"ListItem","position":2,"name":"Leistungen","item":"https:\/\/smart-pr.de\/de\/leistungen\/"},{"@type":"ListItem","position":3,"name":"Content Creation","item":"https:\/\/smart-pr.de\/de\/leistungen\/content-creation\/"},{"@type":"ListItem","position":4,"name":"Podcast"}]},{"@type":"WebSite","@id":"https:\/\/smart-pr.de\/de\/#website","url":"https:\/\/smart-pr.de\/de\/","name":"SMART PR \/\/ Ihre PR-Agentur in D\u00fcsseldorf","description":"F\u00fcr ganzheitliche Kommunikation","publisher":{"@id":"https:\/\/smart-pr.de\/de\/#organization"},"potentialAction":[{"@type":"SearchAction","target":{"@type":"EntryPoint","urlTemplate":"https:\/\/smart-pr.de\/de\/?s={search_term_string}"},"query-input":{"@type":"PropertyValueSpecification","valueRequired":true,"valueName":"search_term_string"}}],"inLanguage":"de"},{"@type":"Organization","@id":"https:\/\/smart-pr.de\/de\/#organization","name":"SMART PR \/\/ Ihre PR-Agentur in D\u00fcsseldorf","url":"https:\/\/smart-pr.de\/de\/","logo":{"@type":"ImageObject","inLanguage":"de","@id":"https:\/\/smart-pr.de\/de\/#\/schema\/logo\/image\/","url":"https:\/\/smart-pr.de\/wp-content\/uploads\/2024\/08\/smart-pr-logo-2.png","contentUrl":"https:\/\/smart-pr.de\/wp-content\/uploads\/2024\/08\/smart-pr-logo-2.png","width":1800,"height":282,"caption":"SMART PR \/\/ Ihre PR-Agentur in D\u00fcsseldorf"},"image":{"@id":"https:\/\/smart-pr.de\/de\/#\/schema\/logo\/image\/"}}]}},"_links":{"self":[{"href":"https:\/\/smart-pr.de\/de\/wp-json\/wp\/v2\/pages\/1941","targetHints":{"allow":["GET"]}}],"collection":[{"href":"https:\/\/smart-pr.de\/de\/wp-json\/wp\/v2\/pages"}],"about":[{"href":"https:\/\/smart-pr.de\/de\/wp-json\/wp\/v2\/types\/page"}],"author":[{"embeddable":true,"href":"https:\/\/smart-pr.de\/de\/wp-json\/wp\/v2\/users\/2"}],"replies":[{"embeddable":true,"href":"https:\/\/smart-pr.de\/de\/wp-json\/wp\/v2\/comments?post=1941"}],"version-history":[{"count":11,"href":"https:\/\/smart-pr.de\/de\/wp-json\/wp\/v2\/pages\/1941\/revisions"}],"predecessor-version":[{"id":9485,"href":"https:\/\/smart-pr.de\/de\/wp-json\/wp\/v2\/pages\/1941\/revisions\/9485"}],"up":[{"embeddable":true,"href":"https:\/\/smart-pr.de\/de\/wp-json\/wp\/v2\/pages\/1741"}],"wp:attachment":[{"href":"https:\/\/smart-pr.de\/de\/wp-json\/wp\/v2\/media?parent=1941"}],"curies":[{"name":"wp","href":"https:\/\/api.w.org\/{rel}","templated":true}]}}