{"id":1937,"date":"2024-09-04T10:19:48","date_gmt":"2024-09-04T10:19:48","guid":{"rendered":"https:\/\/entwicklungsumgebung6729.live-website.com\/?page_id=1937"},"modified":"2025-02-04T13:08:04","modified_gmt":"2025-02-04T13:08:04","slug":"corporate-publishing","status":"publish","type":"page","link":"https:\/\/smart-pr.de\/de\/leistungen\/content-creation\/corporate-publishing\/","title":{"rendered":"Corporate Publishing"},"content":{"rendered":"<div class=\"wpb-content-wrapper\"><p>[vc_row full_width=&#8220;stretch_row_content_no_spaces&#8220; css=&#8220;.vc_custom_1730107234673{margin-top: -30px !important;}&#8220;][vc_column][vc_single_image image=&#8220;6471&#8243; img_size=&#8220;full&#8220; alignment=&#8220;center&#8220; css=&#8220;&#8220;][\/vc_column][\/vc_row][vc_row][vc_column width=&#8220;1\/6&#8243;][\/vc_column][vc_column width=&#8220;2\/3&#8243;][vc_column_text css=&#8220;&#8220;]<\/p>\n<h1 class=\"wp-block-heading\" style=\"text-align: left;\"><strong>Corporate Publishing<\/strong><\/h1>\n<p>[\/vc_column_text][\/vc_column][vc_column width=&#8220;1\/6&#8243;][\/vc_column][\/vc_row][vc_row][vc_column width=&#8220;1\/6&#8243;][\/vc_column][vc_column width=&#8220;2\/3&#8243;][vc_column_text css=&#8220;&#8220;]<\/p>\n<h2 class=\"wp-block-heading\"><strong>Corporate Publishing bei der D\u00fcsseldorfer Agentur SMART PR<\/strong><\/h2>\n<p>Neben den Social Media Plattformen ist die \u201eklassische\u201c Unternehmenswebsite als Teil von Owned Media\u00a0immer noch die wichtigste Visitenkarte im Netz. Aber auch Blogs und Online-Magazine werden immer relevanter und erm\u00f6glichen Unternehmen in Verbindung mit der<span style=\"color: #808080;\">\u00a0<strong><a style=\"color: #808080;\" href=\"https:\/\/smart-pr.de\/de\/news\/blog\/erfolgreiche-kampagnen-mit-inbound-marketing\/\">Inbound Marketing Methodik<\/a><\/strong><\/span>\u00a0sowie\u00a0<span style=\"color: #000000;\">SEO Ma\u00dfnahmen\u00a0gro\u00dfe Chancen zur Erh\u00f6hung der Sichtbarkeit im Web.<\/span><\/p>\n<p>Wir sorgen f\u00fcr die optimale Pr\u00e4sentation Ihres Unternehmens auf Ihren eigenen Kan\u00e4len. Wir entwickeln Blog-Konzepte mit echtem Mehrwert-Content, der daf\u00fcr sorgt, dass Sie von Ihren Kunden und potentiellen Kunden gefunden werden. Dabei \u00fcbernehmen wir auf Wunsch den kompletten Prozess \u2013 vom<strong>\u00a0<span style=\"color: #fcb900;\"><span style=\"color: #808080;\">Konzept<\/span>\u00a0<\/span><\/strong>\u00fcber die technische Umsetzung und Programmierung, Chefredaktion und Texterstellung bis hin zum Einpflegen des Contents in das gew\u00e4hlte Content Management System.<\/p>\n<h2 class=\"wp-block-heading\"><strong>Publishing: Online und Print<\/strong><\/h2>\n<p>Auch wenn unser Schwerpunkt auf Online Publishing liegt, so wissen wir doch, dass Print in vielen Bereichen des Corporate Publishing weiterhin relevant ist und bleibt. Ob Mitarbeiterzeitung, Kundenzeitschrift oder Unternehmensbrosch\u00fcre \u2013 wir bringen Ihre Botschaften aufs Papier. Bei Mitarbeiter- oder Kunden-Magazinen \u00fcbernehmen wir dabei auch die Funktion der Chefredaktion und koordinieren die komplette Ausgabe \u2013 von der Themensammlung und Texterstellung bis hin zur Schlusskorrektur und zum Satz sowie Druck. Wir \u00fcbernehmen Konzeption, Redaktion, Grafik und Layout \u2013 f\u00fcr ein unverwechselbares und einheitliches Image Ihrer Marke sowohl online als auch offline.[\/vc_column_text][\/vc_column][vc_column width=&#8220;1\/6&#8243;][\/vc_column][\/vc_row][vc_row][vc_column width=&#8220;1\/6&#8243;][\/vc_column][vc_column width=&#8220;2\/3&#8243;][vc_column_text css=&#8220;&#8220;]<\/p>\n<p class=\"wp-block-heading\">Was k\u00f6nnen wir im Bereich Publishing f\u00fcr Sie tun?<span style=\"color: #fcb900;\">\u00a0<span style=\"color: #808080;\"><a style=\"color: #808080;\" href=\"https:\/\/smart-pr.de\/de\/kontakt\/\">Wir freuen uns auf Ihre Anfrage<\/a><\/span><\/span>\u00a0f\u00fcr eine unverbindliche Beratung oder besuchen Sie uns in der Agentur in D\u00fcsseldorf!<\/p>\n<p>[\/vc_column_text][\/vc_column][vc_column width=&#8220;1\/6&#8243;][\/vc_column][\/vc_row]<\/p>\n<\/div>","protected":false},"excerpt":{"rendered":"[vc_row full_width=\"stretch_row_content_no_spaces\" css=\".vc_custom_1730107234673{margin-top: -30px !important;}\"][vc_column][vc_single_image image=\"6471\" img_size=\"full\" alignment=\"center\" css=\"\"][\/vc_column][\/vc_row][vc_row][vc_column width=\"1\/6\"][\/vc_column][vc_column width=\"2\/3\"][vc_column_text css=\"\"] Corporate Publishing [\/vc_column_text][\/vc_column][vc_column<span class=\"excerpt-hellip\"> [\u2026]<\/span>","protected":false},"author":2,"featured_media":0,"parent":1741,"menu_order":0,"comment_status":"closed","ping_status":"closed","template":"","meta":{"footnotes":""},"class_list":["post-1937","page","type-page","status-publish","hentry"],"yoast_head":"<!-- This site is optimized with the Yoast SEO plugin v25.6 - https:\/\/yoast.com\/wordpress\/plugins\/seo\/ -->\n<title>Corporate Publishing - SMART PR \/\/ Ihre PR-Agentur in D\u00fcsseldorf<\/title>\n<meta name=\"description\" content=\"SMART PR entwickelt hochwertige Corporate Publishing-L\u00f6sungen \u2013 von Magazinen bis Whitepapers. St\u00e4rken Sie Ihre Marke mit relevanten Inhalten.\" \/>\n<meta name=\"robots\" content=\"index, follow, max-snippet:-1, max-image-preview:large, max-video-preview:-1\" \/>\n<link rel=\"canonical\" href=\"https:\/\/smart-pr.de\/de\/leistungen\/content-creation\/corporate-publishing\/\" \/>\n<meta property=\"og:locale\" content=\"de_DE\" \/>\n<meta property=\"og:type\" content=\"article\" \/>\n<meta property=\"og:title\" content=\"Corporate Publishing - SMART PR \/\/ Ihre PR-Agentur in D\u00fcsseldorf\" \/>\n<meta property=\"og:description\" content=\"SMART PR entwickelt hochwertige Corporate Publishing-L\u00f6sungen \u2013 von Magazinen bis Whitepapers. St\u00e4rken Sie Ihre Marke mit relevanten Inhalten.\" \/>\n<meta property=\"og:url\" content=\"https:\/\/smart-pr.de\/de\/leistungen\/content-creation\/corporate-publishing\/\" \/>\n<meta property=\"og:site_name\" content=\"SMART PR \/\/ Ihre PR-Agentur in D\u00fcsseldorf\" \/>\n<meta property=\"article:modified_time\" content=\"2025-02-04T13:08:04+00:00\" \/>\n<meta name=\"twitter:card\" content=\"summary_large_image\" \/>\n<meta name=\"twitter:label1\" content=\"Gesch\u00e4tzte Lesezeit\" \/>\n\t<meta name=\"twitter:data1\" content=\"2\u00a0Minuten\" \/>\n<script type=\"application\/ld+json\" class=\"yoast-schema-graph\">{\"@context\":\"https:\/\/schema.org\",\"@graph\":[{\"@type\":\"WebPage\",\"@id\":\"https:\/\/smart-pr.de\/de\/leistungen\/content-creation\/corporate-publishing\/\",\"url\":\"https:\/\/smart-pr.de\/de\/leistungen\/content-creation\/corporate-publishing\/\",\"name\":\"Corporate Publishing - SMART PR \/\/ Ihre PR-Agentur in D\u00fcsseldorf\",\"isPartOf\":{\"@id\":\"https:\/\/smart-pr.de\/de\/#website\"},\"datePublished\":\"2024-09-04T10:19:48+00:00\",\"dateModified\":\"2025-02-04T13:08:04+00:00\",\"description\":\"SMART PR entwickelt hochwertige Corporate Publishing-L\u00f6sungen \u2013 von Magazinen bis Whitepapers. St\u00e4rken Sie Ihre Marke mit relevanten Inhalten.\",\"breadcrumb\":{\"@id\":\"https:\/\/smart-pr.de\/de\/leistungen\/content-creation\/corporate-publishing\/#breadcrumb\"},\"inLanguage\":\"de\",\"potentialAction\":[{\"@type\":\"ReadAction\",\"target\":[\"https:\/\/smart-pr.de\/de\/leistungen\/content-creation\/corporate-publishing\/\"]}]},{\"@type\":\"BreadcrumbList\",\"@id\":\"https:\/\/smart-pr.de\/de\/leistungen\/content-creation\/corporate-publishing\/#breadcrumb\",\"itemListElement\":[{\"@type\":\"ListItem\",\"position\":1,\"name\":\"Startseite\",\"item\":\"https:\/\/smart-pr.de\/de\/\"},{\"@type\":\"ListItem\",\"position\":2,\"name\":\"Leistungen\",\"item\":\"https:\/\/smart-pr.de\/de\/leistungen\/\"},{\"@type\":\"ListItem\",\"position\":3,\"name\":\"Content Creation\",\"item\":\"https:\/\/smart-pr.de\/de\/leistungen\/content-creation\/\"},{\"@type\":\"ListItem\",\"position\":4,\"name\":\"Corporate Publishing\"}]},{\"@type\":\"WebSite\",\"@id\":\"https:\/\/smart-pr.de\/de\/#website\",\"url\":\"https:\/\/smart-pr.de\/de\/\",\"name\":\"SMART PR \/\/ Ihre PR-Agentur in D\u00fcsseldorf\",\"description\":\"F\u00fcr ganzheitliche Kommunikation\",\"publisher\":{\"@id\":\"https:\/\/smart-pr.de\/de\/#organization\"},\"potentialAction\":[{\"@type\":\"SearchAction\",\"target\":{\"@type\":\"EntryPoint\",\"urlTemplate\":\"https:\/\/smart-pr.de\/de\/?s={search_term_string}\"},\"query-input\":{\"@type\":\"PropertyValueSpecification\",\"valueRequired\":true,\"valueName\":\"search_term_string\"}}],\"inLanguage\":\"de\"},{\"@type\":\"Organization\",\"@id\":\"https:\/\/smart-pr.de\/de\/#organization\",\"name\":\"SMART PR \/\/ Ihre PR-Agentur in D\u00fcsseldorf\",\"url\":\"https:\/\/smart-pr.de\/de\/\",\"logo\":{\"@type\":\"ImageObject\",\"inLanguage\":\"de\",\"@id\":\"https:\/\/smart-pr.de\/de\/#\/schema\/logo\/image\/\",\"url\":\"https:\/\/smart-pr.de\/wp-content\/uploads\/2024\/08\/smart-pr-logo-2.png\",\"contentUrl\":\"https:\/\/smart-pr.de\/wp-content\/uploads\/2024\/08\/smart-pr-logo-2.png\",\"width\":1800,\"height\":282,\"caption\":\"SMART PR \/\/ Ihre PR-Agentur in D\u00fcsseldorf\"},\"image\":{\"@id\":\"https:\/\/smart-pr.de\/de\/#\/schema\/logo\/image\/\"}}]}<\/script>\n<!-- \/ Yoast SEO plugin. -->","yoast_head_json":{"title":"Corporate Publishing - SMART PR \/\/ Ihre PR-Agentur in D\u00fcsseldorf","description":"SMART PR entwickelt hochwertige Corporate Publishing-L\u00f6sungen \u2013 von Magazinen bis Whitepapers. St\u00e4rken Sie Ihre Marke mit relevanten Inhalten.","robots":{"index":"index","follow":"follow","max-snippet":"max-snippet:-1","max-image-preview":"max-image-preview:large","max-video-preview":"max-video-preview:-1"},"canonical":"https:\/\/smart-pr.de\/de\/leistungen\/content-creation\/corporate-publishing\/","og_locale":"de_DE","og_type":"article","og_title":"Corporate Publishing - SMART PR \/\/ Ihre PR-Agentur in D\u00fcsseldorf","og_description":"SMART PR entwickelt hochwertige Corporate Publishing-L\u00f6sungen \u2013 von Magazinen bis Whitepapers. St\u00e4rken Sie Ihre Marke mit relevanten Inhalten.","og_url":"https:\/\/smart-pr.de\/de\/leistungen\/content-creation\/corporate-publishing\/","og_site_name":"SMART PR \/\/ Ihre PR-Agentur in D\u00fcsseldorf","article_modified_time":"2025-02-04T13:08:04+00:00","twitter_card":"summary_large_image","twitter_misc":{"Gesch\u00e4tzte Lesezeit":"2\u00a0Minuten"},"schema":{"@context":"https:\/\/schema.org","@graph":[{"@type":"WebPage","@id":"https:\/\/smart-pr.de\/de\/leistungen\/content-creation\/corporate-publishing\/","url":"https:\/\/smart-pr.de\/de\/leistungen\/content-creation\/corporate-publishing\/","name":"Corporate Publishing - SMART PR \/\/ Ihre PR-Agentur in D\u00fcsseldorf","isPartOf":{"@id":"https:\/\/smart-pr.de\/de\/#website"},"datePublished":"2024-09-04T10:19:48+00:00","dateModified":"2025-02-04T13:08:04+00:00","description":"SMART PR entwickelt hochwertige Corporate Publishing-L\u00f6sungen \u2013 von Magazinen bis Whitepapers. St\u00e4rken Sie Ihre Marke mit relevanten Inhalten.","breadcrumb":{"@id":"https:\/\/smart-pr.de\/de\/leistungen\/content-creation\/corporate-publishing\/#breadcrumb"},"inLanguage":"de","potentialAction":[{"@type":"ReadAction","target":["https:\/\/smart-pr.de\/de\/leistungen\/content-creation\/corporate-publishing\/"]}]},{"@type":"BreadcrumbList","@id":"https:\/\/smart-pr.de\/de\/leistungen\/content-creation\/corporate-publishing\/#breadcrumb","itemListElement":[{"@type":"ListItem","position":1,"name":"Startseite","item":"https:\/\/smart-pr.de\/de\/"},{"@type":"ListItem","position":2,"name":"Leistungen","item":"https:\/\/smart-pr.de\/de\/leistungen\/"},{"@type":"ListItem","position":3,"name":"Content Creation","item":"https:\/\/smart-pr.de\/de\/leistungen\/content-creation\/"},{"@type":"ListItem","position":4,"name":"Corporate Publishing"}]},{"@type":"WebSite","@id":"https:\/\/smart-pr.de\/de\/#website","url":"https:\/\/smart-pr.de\/de\/","name":"SMART PR \/\/ Ihre PR-Agentur in D\u00fcsseldorf","description":"F\u00fcr ganzheitliche Kommunikation","publisher":{"@id":"https:\/\/smart-pr.de\/de\/#organization"},"potentialAction":[{"@type":"SearchAction","target":{"@type":"EntryPoint","urlTemplate":"https:\/\/smart-pr.de\/de\/?s={search_term_string}"},"query-input":{"@type":"PropertyValueSpecification","valueRequired":true,"valueName":"search_term_string"}}],"inLanguage":"de"},{"@type":"Organization","@id":"https:\/\/smart-pr.de\/de\/#organization","name":"SMART PR \/\/ Ihre PR-Agentur in D\u00fcsseldorf","url":"https:\/\/smart-pr.de\/de\/","logo":{"@type":"ImageObject","inLanguage":"de","@id":"https:\/\/smart-pr.de\/de\/#\/schema\/logo\/image\/","url":"https:\/\/smart-pr.de\/wp-content\/uploads\/2024\/08\/smart-pr-logo-2.png","contentUrl":"https:\/\/smart-pr.de\/wp-content\/uploads\/2024\/08\/smart-pr-logo-2.png","width":1800,"height":282,"caption":"SMART PR \/\/ Ihre PR-Agentur in D\u00fcsseldorf"},"image":{"@id":"https:\/\/smart-pr.de\/de\/#\/schema\/logo\/image\/"}}]}},"_links":{"self":[{"href":"https:\/\/smart-pr.de\/de\/wp-json\/wp\/v2\/pages\/1937","targetHints":{"allow":["GET"]}}],"collection":[{"href":"https:\/\/smart-pr.de\/de\/wp-json\/wp\/v2\/pages"}],"about":[{"href":"https:\/\/smart-pr.de\/de\/wp-json\/wp\/v2\/types\/page"}],"author":[{"embeddable":true,"href":"https:\/\/smart-pr.de\/de\/wp-json\/wp\/v2\/users\/2"}],"replies":[{"embeddable":true,"href":"https:\/\/smart-pr.de\/de\/wp-json\/wp\/v2\/comments?post=1937"}],"version-history":[{"count":11,"href":"https:\/\/smart-pr.de\/de\/wp-json\/wp\/v2\/pages\/1937\/revisions"}],"predecessor-version":[{"id":8177,"href":"https:\/\/smart-pr.de\/de\/wp-json\/wp\/v2\/pages\/1937\/revisions\/8177"}],"up":[{"embeddable":true,"href":"https:\/\/smart-pr.de\/de\/wp-json\/wp\/v2\/pages\/1741"}],"wp:attachment":[{"href":"https:\/\/smart-pr.de\/de\/wp-json\/wp\/v2\/media?parent=1937"}],"curies":[{"name":"wp","href":"https:\/\/api.w.org\/{rel}","templated":true}]}}