{"id":1336,"date":"2024-08-29T09:48:13","date_gmt":"2024-08-29T09:48:13","guid":{"rendered":"https:\/\/entwicklungsumgebung6729.live-website.com\/?page_id=1336"},"modified":"2025-04-03T09:23:41","modified_gmt":"2025-04-03T09:23:41","slug":"case-studies","status":"publish","type":"page","link":"https:\/\/smart-pr.de\/de\/referenzen\/case-studies\/","title":{"rendered":"Case Studies"},"content":{"rendered":"<div class=\"wpb-content-wrapper\"><p>[vc_row full_width=&#8220;stretch_row_content_no_spaces&#8220; css=&#8220;.vc_custom_1725632374027{margin-top: -30px !important;margin-right: 0px !important;margin-bottom: 0px !important;margin-left: 0px !important;padding-top: 0px !important;padding-right: 0px !important;padding-bottom: 0px !important;padding-left: 0px !important;}&#8220;][vc_column css=&#8220;.vc_custom_1724400273462{margin-top: 0px !important;margin-right: 0px !important;margin-bottom: 0px !important;margin-left: 0px !important;padding-top: 0px !important;padding-right: 0px !important;padding-bottom: 0px !important;padding-left: 0px !important;}&#8220;][vc_single_image image=&#8220;6408&#8243; img_size=&#8220;full&#8220; alignment=&#8220;center&#8220; css=&#8220;&#8220;][\/vc_column][\/vc_row][vc_row content_placement=&#8220;middle&#8220;][vc_column width=&#8220;1\/4&#8243;][\/vc_column][vc_column width=&#8220;3\/4&#8243;][vc_column_text css=&#8220;&#8220;]<\/p>\n<h1><strong>Erfolg im Fokus:<br \/>\n<\/strong><strong>Unsere umfassenden Case Studies<\/strong><\/h1>\n<p>[\/vc_column_text][\/vc_column][\/vc_row][vc_row][vc_column width=&#8220;1\/4&#8243;][\/vc_column][vc_column width=&#8220;1\/2&#8243;][vc_column_text css=&#8220;&#8220;]<\/p>\n<h3>Diese Projekte sind unser bestes Werk. Wir freuen uns darauf, die Geschichten hinter unseren erfolgreichsten Partnerschaften zu teilen\u2014so wie man das Lieblingsst\u00fcck Pizza mit Freunden teilt.<\/h3>\n<p>[\/vc_column_text][\/vc_column][vc_column width=&#8220;1\/4&#8243;][\/vc_column][\/vc_row][vc_row css=&#8220;.vc_custom_1729513309768{margin-top: 35px !important;background-color: #ffffff !important;}&#8220;][vc_column width=&#8220;1\/6&#8243;][\/vc_column][vc_column width=&#8220;2\/3&#8243;][vc_raw_html css=&#8220;&#8220;]JTNDZm9ybSUyMHJvbGUlM0QlMjJzZWFyY2glMjIlMjBtZXRob2QlM0QlMjJnZXQlMjIlMjBjbGFzcyUzRCUyMnNlYXJjaC1mb3JtJTIyJTIwYWN0aW9uJTNEJTIyaHR0cHMlM0ElMkYlMkZzbWFydC1wci5kZSUyRmRlJTJGJTIyJTNFJTBBJTIwJTIwJTIwJTIwJTNDbGFiZWwlM0UlMEElMjAlMjAlMjAlMjAlMjAlMjAlMjAlMjAlM0NpbnB1dCUyMHR5cGUlM0QlMjJzZWFyY2glMjIlMjBjbGFzcyUzRCUyMnNlYXJjaC1maWVsZCUyMiUyMHBsYWNlaG9sZGVyJTNEJTIyJUUyJTgwJUE2JTIyJTIwdmFsdWUlM0QlMjIlMjIlMjBuYW1lJTNEJTIycyUyMiUyMHN0eWxlJTNEJTIyd2lkdGglM0ExMDAlMjUlM0IlMjBwYWRkaW5nJTNBJTIwMTBweCUzQiUyMGZvbnQtc2l6ZSUzQSUyMDE2cHglM0IlMjIlMjAlMkYlM0UlMEElMjAlMjAlMjAlMjAlM0MlMkZsYWJlbCUzRSUwQSUyMCUyMCUyMCUyMCUzQ2lucHV0JTIwdHlwZSUzRCUyMmhpZGRlbiUyMiUyMG5hbWUlM0QlMjJwb3N0X3R5cGUlMjIlMjB2YWx1ZSUzRCUyMmNhc2Vfc3R1ZGllcyUyMiUzRSUyMCUzQyUyMS0tJTIwVXBkYXRlZCUyMHRvJTIwbWF0Y2glMjB5b3VyJTIwcG9zdCUyMHR5cGUlMjBzbHVnJTIwLS0lM0UlMEElMjAlMjAlMjAlMjAlM0NidXR0b24lMjB0eXBlJTNEJTIyc3VibWl0JTIyJTIwY2xhc3MlM0QlMjJzZWFyY2gtc3VibWl0JTIyJTIwc3R5bGUlM0QlMjJwYWRkaW5nJTNBJTIwMTBweCUyMDIwcHglM0IlMjBmb250LXNpemUlM0ElMjAxNnB4JTNCJTIyJTNFU3VjaGVuJTNDJTJGYnV0dG9uJTNFJTBBJTNDJTJGZm9ybSUzRSUwQQ==[\/vc_raw_html][vc_basic_grid post_type=&#8220;case_studies&#8220; max_items=&#8220;100&#8243; show_filter=&#8220;yes&#8220; filter_color=&#8220;orange&#8220; item=&#8220;2933&#8243; initial_loading_animation=&#8220;slideInUp&#8220; css=&#8220;&#8220; grid_id=&#8220;vc_gid:1743672209785-00df4b5d-6116-2&#8243; taxonomies=&#8220;132, 128, 133, 135, 130, 134, 127, 131, 129&#8243; filter_source=&#8220;case_studies_kategorien&#8220; exclude_filter=&#8220;133&#8243;][\/vc_column][vc_column width=&#8220;1\/6&#8243;][\/vc_column][\/vc_row]<\/p>\n<\/div>","protected":false},"excerpt":{"rendered":"[vc_row full_width=\"stretch_row_content_no_spaces\" css=\".vc_custom_1725632374027{margin-top: -30px !important;margin-right: 0px !important;margin-bottom: 0px !important;margin-left: 0px !important;padding-top: 0px !important;padding-right: 0px !important;padding-bottom:<span class=\"excerpt-hellip\"> [\u2026]<\/span>","protected":false},"author":2,"featured_media":278,"parent":30,"menu_order":0,"comment_status":"closed","ping_status":"closed","template":"","meta":{"footnotes":""},"class_list":["post-1336","page","type-page","status-publish","has-post-thumbnail","hentry"],"yoast_head":"<!-- This site is optimized with the Yoast SEO plugin v25.6 - https:\/\/yoast.com\/wordpress\/plugins\/seo\/ -->\n<title>Case Studies - SMART PR \/\/ Ihre PR-Agentur in D\u00fcsseldorf<\/title>\n<meta name=\"description\" content=\"Erfahren Sie, wie SMART PR Unternehmen mit ma\u00dfgeschneiderten Strategien zum Erfolg verhilft. Praxisnahe Case Studies im \u00dcberblick.\" \/>\n<meta name=\"robots\" content=\"index, follow, max-snippet:-1, max-image-preview:large, max-video-preview:-1\" \/>\n<link rel=\"canonical\" href=\"https:\/\/smart-pr.de\/de\/referenzen\/case-studies\/\" \/>\n<meta property=\"og:locale\" content=\"de_DE\" \/>\n<meta property=\"og:type\" content=\"article\" \/>\n<meta property=\"og:title\" content=\"Case Studies - SMART PR \/\/ Ihre PR-Agentur in D\u00fcsseldorf\" \/>\n<meta property=\"og:description\" content=\"Erfahren Sie, wie SMART PR Unternehmen mit ma\u00dfgeschneiderten Strategien zum Erfolg verhilft. Praxisnahe Case Studies im \u00dcberblick.\" \/>\n<meta property=\"og:url\" content=\"https:\/\/smart-pr.de\/de\/referenzen\/case-studies\/\" \/>\n<meta property=\"og:site_name\" content=\"SMART PR \/\/ Ihre PR-Agentur in D\u00fcsseldorf\" \/>\n<meta property=\"article:modified_time\" content=\"2025-04-03T09:23:41+00:00\" \/>\n<meta property=\"og:image\" content=\"https:\/\/smart-pr.de\/wp-content\/uploads\/2024\/08\/41-DSC00216-scaled.jpg\" \/>\n\t<meta property=\"og:image:width\" content=\"2560\" \/>\n\t<meta property=\"og:image:height\" content=\"1708\" \/>\n\t<meta property=\"og:image:type\" content=\"image\/jpeg\" \/>\n<meta name=\"twitter:card\" content=\"summary_large_image\" \/>\n<meta name=\"twitter:label1\" content=\"Gesch\u00e4tzte Lesezeit\" \/>\n\t<meta name=\"twitter:data1\" content=\"2\u00a0Minuten\" \/>\n<script type=\"application\/ld+json\" class=\"yoast-schema-graph\">{\"@context\":\"https:\/\/schema.org\",\"@graph\":[{\"@type\":\"WebPage\",\"@id\":\"https:\/\/smart-pr.de\/de\/referenzen\/case-studies\/\",\"url\":\"https:\/\/smart-pr.de\/de\/referenzen\/case-studies\/\",\"name\":\"Case Studies - SMART PR \/\/ Ihre PR-Agentur in D\u00fcsseldorf\",\"isPartOf\":{\"@id\":\"https:\/\/smart-pr.de\/de\/#website\"},\"primaryImageOfPage\":{\"@id\":\"https:\/\/smart-pr.de\/de\/referenzen\/case-studies\/#primaryimage\"},\"image\":{\"@id\":\"https:\/\/smart-pr.de\/de\/referenzen\/case-studies\/#primaryimage\"},\"thumbnailUrl\":\"https:\/\/smart-pr.de\/wp-content\/uploads\/2024\/08\/41-DSC00216-scaled.jpg\",\"datePublished\":\"2024-08-29T09:48:13+00:00\",\"dateModified\":\"2025-04-03T09:23:41+00:00\",\"description\":\"Erfahren Sie, wie SMART PR Unternehmen mit ma\u00dfgeschneiderten Strategien zum Erfolg verhilft. Praxisnahe Case Studies im \u00dcberblick.\",\"breadcrumb\":{\"@id\":\"https:\/\/smart-pr.de\/de\/referenzen\/case-studies\/#breadcrumb\"},\"inLanguage\":\"de\",\"potentialAction\":[{\"@type\":\"ReadAction\",\"target\":[\"https:\/\/smart-pr.de\/de\/referenzen\/case-studies\/\"]}]},{\"@type\":\"ImageObject\",\"inLanguage\":\"de\",\"@id\":\"https:\/\/smart-pr.de\/de\/referenzen\/case-studies\/#primaryimage\",\"url\":\"https:\/\/smart-pr.de\/wp-content\/uploads\/2024\/08\/41-DSC00216-scaled.jpg\",\"contentUrl\":\"https:\/\/smart-pr.de\/wp-content\/uploads\/2024\/08\/41-DSC00216-scaled.jpg\",\"width\":2560,\"height\":1708,\"caption\":\"41-DSC00216\"},{\"@type\":\"BreadcrumbList\",\"@id\":\"https:\/\/smart-pr.de\/de\/referenzen\/case-studies\/#breadcrumb\",\"itemListElement\":[{\"@type\":\"ListItem\",\"position\":1,\"name\":\"Startseite\",\"item\":\"https:\/\/smart-pr.de\/de\/\"},{\"@type\":\"ListItem\",\"position\":2,\"name\":\"Referenzen\",\"item\":\"https:\/\/smart-pr.de\/de\/referenzen\/\"},{\"@type\":\"ListItem\",\"position\":3,\"name\":\"Case Studies\"}]},{\"@type\":\"WebSite\",\"@id\":\"https:\/\/smart-pr.de\/de\/#website\",\"url\":\"https:\/\/smart-pr.de\/de\/\",\"name\":\"SMART PR \/\/ Ihre PR-Agentur in D\u00fcsseldorf\",\"description\":\"F\u00fcr ganzheitliche Kommunikation\",\"publisher\":{\"@id\":\"https:\/\/smart-pr.de\/de\/#organization\"},\"potentialAction\":[{\"@type\":\"SearchAction\",\"target\":{\"@type\":\"EntryPoint\",\"urlTemplate\":\"https:\/\/smart-pr.de\/de\/?s={search_term_string}\"},\"query-input\":{\"@type\":\"PropertyValueSpecification\",\"valueRequired\":true,\"valueName\":\"search_term_string\"}}],\"inLanguage\":\"de\"},{\"@type\":\"Organization\",\"@id\":\"https:\/\/smart-pr.de\/de\/#organization\",\"name\":\"SMART PR \/\/ Ihre PR-Agentur in D\u00fcsseldorf\",\"url\":\"https:\/\/smart-pr.de\/de\/\",\"logo\":{\"@type\":\"ImageObject\",\"inLanguage\":\"de\",\"@id\":\"https:\/\/smart-pr.de\/de\/#\/schema\/logo\/image\/\",\"url\":\"https:\/\/smart-pr.de\/wp-content\/uploads\/2024\/08\/smart-pr-logo-2.png\",\"contentUrl\":\"https:\/\/smart-pr.de\/wp-content\/uploads\/2024\/08\/smart-pr-logo-2.png\",\"width\":1800,\"height\":282,\"caption\":\"SMART PR \/\/ Ihre PR-Agentur in D\u00fcsseldorf\"},\"image\":{\"@id\":\"https:\/\/smart-pr.de\/de\/#\/schema\/logo\/image\/\"}}]}<\/script>\n<!-- \/ Yoast SEO plugin. -->","yoast_head_json":{"title":"Case Studies - SMART PR \/\/ Ihre PR-Agentur in D\u00fcsseldorf","description":"Erfahren Sie, wie SMART PR Unternehmen mit ma\u00dfgeschneiderten Strategien zum Erfolg verhilft. Praxisnahe Case Studies im \u00dcberblick.","robots":{"index":"index","follow":"follow","max-snippet":"max-snippet:-1","max-image-preview":"max-image-preview:large","max-video-preview":"max-video-preview:-1"},"canonical":"https:\/\/smart-pr.de\/de\/referenzen\/case-studies\/","og_locale":"de_DE","og_type":"article","og_title":"Case Studies - SMART PR \/\/ Ihre PR-Agentur in D\u00fcsseldorf","og_description":"Erfahren Sie, wie SMART PR Unternehmen mit ma\u00dfgeschneiderten Strategien zum Erfolg verhilft. Praxisnahe Case Studies im \u00dcberblick.","og_url":"https:\/\/smart-pr.de\/de\/referenzen\/case-studies\/","og_site_name":"SMART PR \/\/ Ihre PR-Agentur in D\u00fcsseldorf","article_modified_time":"2025-04-03T09:23:41+00:00","og_image":[{"width":2560,"height":1708,"url":"https:\/\/smart-pr.de\/wp-content\/uploads\/2024\/08\/41-DSC00216-scaled.jpg","type":"image\/jpeg"}],"twitter_card":"summary_large_image","twitter_misc":{"Gesch\u00e4tzte Lesezeit":"2\u00a0Minuten"},"schema":{"@context":"https:\/\/schema.org","@graph":[{"@type":"WebPage","@id":"https:\/\/smart-pr.de\/de\/referenzen\/case-studies\/","url":"https:\/\/smart-pr.de\/de\/referenzen\/case-studies\/","name":"Case Studies - SMART PR \/\/ Ihre PR-Agentur in D\u00fcsseldorf","isPartOf":{"@id":"https:\/\/smart-pr.de\/de\/#website"},"primaryImageOfPage":{"@id":"https:\/\/smart-pr.de\/de\/referenzen\/case-studies\/#primaryimage"},"image":{"@id":"https:\/\/smart-pr.de\/de\/referenzen\/case-studies\/#primaryimage"},"thumbnailUrl":"https:\/\/smart-pr.de\/wp-content\/uploads\/2024\/08\/41-DSC00216-scaled.jpg","datePublished":"2024-08-29T09:48:13+00:00","dateModified":"2025-04-03T09:23:41+00:00","description":"Erfahren Sie, wie SMART PR Unternehmen mit ma\u00dfgeschneiderten Strategien zum Erfolg verhilft. Praxisnahe Case Studies im \u00dcberblick.","breadcrumb":{"@id":"https:\/\/smart-pr.de\/de\/referenzen\/case-studies\/#breadcrumb"},"inLanguage":"de","potentialAction":[{"@type":"ReadAction","target":["https:\/\/smart-pr.de\/de\/referenzen\/case-studies\/"]}]},{"@type":"ImageObject","inLanguage":"de","@id":"https:\/\/smart-pr.de\/de\/referenzen\/case-studies\/#primaryimage","url":"https:\/\/smart-pr.de\/wp-content\/uploads\/2024\/08\/41-DSC00216-scaled.jpg","contentUrl":"https:\/\/smart-pr.de\/wp-content\/uploads\/2024\/08\/41-DSC00216-scaled.jpg","width":2560,"height":1708,"caption":"41-DSC00216"},{"@type":"BreadcrumbList","@id":"https:\/\/smart-pr.de\/de\/referenzen\/case-studies\/#breadcrumb","itemListElement":[{"@type":"ListItem","position":1,"name":"Startseite","item":"https:\/\/smart-pr.de\/de\/"},{"@type":"ListItem","position":2,"name":"Referenzen","item":"https:\/\/smart-pr.de\/de\/referenzen\/"},{"@type":"ListItem","position":3,"name":"Case Studies"}]},{"@type":"WebSite","@id":"https:\/\/smart-pr.de\/de\/#website","url":"https:\/\/smart-pr.de\/de\/","name":"SMART PR \/\/ Ihre PR-Agentur in D\u00fcsseldorf","description":"F\u00fcr ganzheitliche Kommunikation","publisher":{"@id":"https:\/\/smart-pr.de\/de\/#organization"},"potentialAction":[{"@type":"SearchAction","target":{"@type":"EntryPoint","urlTemplate":"https:\/\/smart-pr.de\/de\/?s={search_term_string}"},"query-input":{"@type":"PropertyValueSpecification","valueRequired":true,"valueName":"search_term_string"}}],"inLanguage":"de"},{"@type":"Organization","@id":"https:\/\/smart-pr.de\/de\/#organization","name":"SMART PR \/\/ Ihre PR-Agentur in D\u00fcsseldorf","url":"https:\/\/smart-pr.de\/de\/","logo":{"@type":"ImageObject","inLanguage":"de","@id":"https:\/\/smart-pr.de\/de\/#\/schema\/logo\/image\/","url":"https:\/\/smart-pr.de\/wp-content\/uploads\/2024\/08\/smart-pr-logo-2.png","contentUrl":"https:\/\/smart-pr.de\/wp-content\/uploads\/2024\/08\/smart-pr-logo-2.png","width":1800,"height":282,"caption":"SMART PR \/\/ Ihre PR-Agentur in D\u00fcsseldorf"},"image":{"@id":"https:\/\/smart-pr.de\/de\/#\/schema\/logo\/image\/"}}]}},"_links":{"self":[{"href":"https:\/\/smart-pr.de\/de\/wp-json\/wp\/v2\/pages\/1336","targetHints":{"allow":["GET"]}}],"collection":[{"href":"https:\/\/smart-pr.de\/de\/wp-json\/wp\/v2\/pages"}],"about":[{"href":"https:\/\/smart-pr.de\/de\/wp-json\/wp\/v2\/types\/page"}],"author":[{"embeddable":true,"href":"https:\/\/smart-pr.de\/de\/wp-json\/wp\/v2\/users\/2"}],"replies":[{"embeddable":true,"href":"https:\/\/smart-pr.de\/de\/wp-json\/wp\/v2\/comments?post=1336"}],"version-history":[{"count":145,"href":"https:\/\/smart-pr.de\/de\/wp-json\/wp\/v2\/pages\/1336\/revisions"}],"predecessor-version":[{"id":10076,"href":"https:\/\/smart-pr.de\/de\/wp-json\/wp\/v2\/pages\/1336\/revisions\/10076"}],"up":[{"embeddable":true,"href":"https:\/\/smart-pr.de\/de\/wp-json\/wp\/v2\/pages\/30"}],"wp:featuredmedia":[{"embeddable":true,"href":"https:\/\/smart-pr.de\/de\/wp-json\/wp\/v2\/media\/278"}],"wp:attachment":[{"href":"https:\/\/smart-pr.de\/de\/wp-json\/wp\/v2\/media?parent=1336"}],"curies":[{"name":"wp","href":"https:\/\/api.w.org\/{rel}","templated":true}]}}