{"id":1091,"date":"2024-08-26T13:48:17","date_gmt":"2024-08-26T13:48:17","guid":{"rendered":"https:\/\/entwicklungsumgebung6729.live-website.com\/?page_id=1091"},"modified":"2025-02-04T13:02:00","modified_gmt":"2025-02-04T13:02:00","slug":"medienbeobachtung","status":"publish","type":"page","link":"https:\/\/smart-pr.de\/de\/leistungen\/presse-und-oeffentlichkeitsarbeit\/medienbeobachtung\/","title":{"rendered":"Medienbeobachtung"},"content":{"rendered":"<div class=\"wpb-content-wrapper\"><p>[vc_row full_width=&#8220;stretch_row_content_no_spaces&#8220; css=&#8220;.vc_custom_1729156473880{margin-top: -30px !important;margin-right: 0px !important;margin-bottom: 0px !important;margin-left: 0px !important;padding-top: 0px !important;padding-right: 0px !important;padding-bottom: 0px !important;padding-left: 0px !important;}&#8220;][vc_column css=&#8220;.vc_custom_1724400273462{margin-top: 0px !important;margin-right: 0px !important;margin-bottom: 0px !important;margin-left: 0px !important;padding-top: 0px !important;padding-right: 0px !important;padding-bottom: 0px !important;padding-left: 0px !important;}&#8220;][vc_single_image image=&#8220;6439&#8243; img_size=&#8220;full&#8220; alignment=&#8220;center&#8220; css=&#8220;&#8220;][\/vc_column][\/vc_row][vc_row][vc_column width=&#8220;1\/6&#8243;][\/vc_column][vc_column width=&#8220;2\/3&#8243;][vc_column_text css=&#8220;&#8220;]<\/p>\n<h1><b><span data-contrast=\"auto\">Medienbeobachtung: Ihre Basis f\u00fcr strategische Kommunikation<\/span><\/b><span data-ccp-props=\"{&quot;201341983&quot;:0,&quot;335559739&quot;:0,&quot;335559740&quot;:276}\">\u00a0<\/span><\/h1>\n<p><span data-contrast=\"auto\">Gezielte Medienbeobachtung erm\u00f6glicht es Ihnen, stets umfassend und zeitnah \u00fcber die Berichterstattung \u00fcber Ihr Unternehmen informiert zu sein. Dieses kontinuierliche Monitoring hilft Ihnen, die Wahrnehmung Ihrer Marke oder Ihres Unternehmens zu verstehen und gegebenenfalls anzupassen. Dar\u00fcber hinaus bietet die Beobachtung des Wettbewerbs einen zus\u00e4tzlichen Mehrwert, indem Sie Einblicke in dessen Strategien und Marktpositionen erhalten. Dies erm\u00f6glicht Ihnen, sich besser zu positionieren und Ihre eigenen Kommunikationsstrategien effektiv zu optimieren.<\/span><span data-ccp-props=\"{&quot;201341983&quot;:0,&quot;335559739&quot;:0,&quot;335559740&quot;:276}\">\u00a0<\/span>[\/vc_column_text][\/vc_column][vc_column width=&#8220;1\/6&#8243;][\/vc_column][\/vc_row][vc_row][vc_column width=&#8220;1\/6&#8243;][\/vc_column][vc_column width=&#8220;2\/3&#8243;][vc_column_text css=&#8220;&#8220;]<\/p>\n<h2><b><span data-contrast=\"auto\">Medienbeobachtung: Die Vorteile f\u00fcr Ihr Unternehmen<\/span><\/b><span data-ccp-props=\"{&quot;201341983&quot;:0,&quot;335559739&quot;:0,&quot;335559740&quot;:276}\">\u00a0<\/span><span data-ccp-props=\"{&quot;201341983&quot;:0,&quot;335559739&quot;:0,&quot;335559740&quot;:276}\">\u00a0<\/span><\/h2>\n<p><span data-contrast=\"auto\">Mit Hilfe von Medienbeobachtung k\u00f6nnen Sie aktuelle Diskussionen und Themen rund um Ihre Branche oder Marke im Blick behalten. So k\u00f6nnen Sie schnell auf negative Berichterstattung reagieren, positive Entwicklungen nutzen und Ihre PR-Strategien entsprechend anpassen. Zudem liefert sie wertvolle Einblicke in den Wettbewerb und in Markttrends, die Ihnen helfen, strategische Entscheidungen fundiert zu treffen und Ihre Kommunikation gezielt zu steuern.<\/span><span data-ccp-props=\"{&quot;201341983&quot;:0,&quot;335559739&quot;:0,&quot;335559740&quot;:276}\">\u00a0<\/span>[\/vc_column_text][\/vc_column][vc_column width=&#8220;1\/6&#8243;][\/vc_column][\/vc_row][vc_row][vc_column width=&#8220;1\/6&#8243;][\/vc_column][vc_column width=&#8220;2\/3&#8243;][vc_column_text css=&#8220;&#8220;]<\/p>\n<h2><b><span data-contrast=\"auto\">Unsere umfassende Unterst\u00fctzung bei der Medienbeobachtung<\/span><\/b><span data-ccp-props=\"{&quot;201341983&quot;:0,&quot;335559739&quot;:0,&quot;335559740&quot;:276}\">\u00a0<\/span><\/h2>\n<p><span data-contrast=\"auto\">Als erfahrene PR-Agentur bieten wir Ihnen eine umfassende Medienbeobachtung, die sowohl die Berichterstattung \u00fcber Ihr Unternehmen als auf Wunsch auch \u00fcber Ihre Wettbewerber:innen umfasst. Wir \u00fcberwachen kontinuierlich relevante Medienkan\u00e4le, von traditionellen Nachrichtenquellen bis hin zu sozialen Medien, und erstellen regelm\u00e4\u00dfige Reports nach Ihrem Wunsch \u2013 sei es w\u00f6chentlich, monatlich, quartalsweise oder als umfassender Jahres\u00fcberblick. Gerne erstellen wir diese Reports auch in Ihrem Corporate Design und unterst\u00fctzen Sie dabei, die Erfolge Ihrer Medienarbeit wirkungsvoll innerhalb Ihres Unternehmens zu pr\u00e4sentieren.<\/span><span data-ccp-props=\"{&quot;201341983&quot;:0,&quot;335559739&quot;:0,&quot;335559740&quot;:276}\">\u00a0<\/span><\/p>\n<p><span data-contrast=\"auto\">In Krisenzeiten spielt Medienbeobachtung eine besondere Rolle, um schnell und gezielt reagieren zu k\u00f6nnen. Auch hier unterst\u00fctzen wir Sie, indem wir relevante Informationen sammeln und analysieren, um Sie bei der Krisenbew\u00e4ltigung optimal zu unterst\u00fctzen.<\/span><span data-ccp-props=\"{&quot;201341983&quot;:0,&quot;335559739&quot;:0,&quot;335559740&quot;:276}\">\u00a0<\/span><\/p>\n<p><span data-contrast=\"auto\">Auf Wunsch w\u00e4hlen wir den passenden Monitoring-Partner:in aus und \u00fcbernehmen die Koordination mit dem Dienstleister, um sicherzustellen, dass Ihre Medienbeobachtung reibungslos und effizient abl\u00e4uft.<\/span><span data-ccp-props=\"{&quot;201341983&quot;:0,&quot;335559739&quot;:0,&quot;335559740&quot;:276}\">\u00a0<\/span>[\/vc_column_text][\/vc_column][vc_column width=&#8220;1\/6&#8243;][\/vc_column][\/vc_row][vc_row][vc_column width=&#8220;1\/6&#8243;][\/vc_column][vc_column width=&#8220;2\/3&#8243;][vc_column_text css=&#8220;&#8220;]<\/p>\n<h2><b><span data-contrast=\"auto\">Medienbeobachtung mit unserer Expertise effektiv umsetzen<\/span><\/b><span data-ccp-props=\"{&quot;201341983&quot;:0,&quot;335559739&quot;:0,&quot;335559740&quot;:276}\">\u00a0<\/span><\/h2>\n<p><span data-contrast=\"auto\">Mit unserer umfassenden Erfahrung und unserem spezialisierten Know-how sorgen wir daf\u00fcr, dass Sie stets einen klaren \u00dcberblick \u00fcber die Medienlandschaft behalten. Unsere ma\u00dfgeschneiderten L\u00f6sungen sind auf Ihre spezifischen Bed\u00fcrfnisse und Ziele abgestimmt. Vertrauen Sie auf unsere Expertise in der Medienbeobachtung, um Ihre Kommunikationsstrategien pr\u00e4zise auszurichten, schnell auf Ver\u00e4nderungen zu reagieren und Ihre Unternehmensziele effektiv zu unterst\u00fctzen. Gemeinsam stellen wir sicher, dass Sie die richtigen Informationen zur richtigen Zeit haben, um Ihre Marke optimal zu positionieren und langfristigen Erfolg zu sichern.<\/span><span data-ccp-props=\"{&quot;201341983&quot;:0,&quot;335559739&quot;:0,&quot;335559740&quot;:276}\">\u00a0<\/span>[\/vc_column_text][\/vc_column][vc_column width=&#8220;1\/6&#8243;][\/vc_column][\/vc_row][vc_row full_width=&#8220;stretch_row_content_no_spaces&#8220; equal_height=&#8220;yes&#8220; content_placement=&#8220;middle&#8220; css_animation=&#8220;none&#8220; css=&#8220;.vc_custom_1729589337537{margin-bottom: -20px !important;padding-top: 5% !important;padding-right: 2% !important;padding-bottom: 5% !important;padding-left: 2% !important;background-color: #ffd500 !important;}&#8220;][vc_column css_animation=&#8220;fadeInLeft&#8220; width=&#8220;1\/2&#8243; css=&#8220;.vc_custom_1725436267372{margin-top: 0px !important;margin-bottom: 0px !important;padding-top: 0px !important;padding-bottom: 0px !important;}&#8220;][vc_row_inner][vc_column_inner][\/vc_column_inner][\/vc_row_inner][vc_column_text css=&#8220;.vc_custom_1728987928718{padding-right: 10% !important;padding-left: 10% !important;}&#8220;]<\/p>\n<p style=\"text-align: center;\">Bereit, Ihre Kommunikationsstrategie zu optimieren? Lassen Sie uns gemeinsam Ihre Ziele verwirklichen \u2013 kontaktieren Sie uns jetzt!<\/p>\n<p>[\/vc_column_text][vc_row_inner][vc_column_inner][vc_icon icon_fontawesome=&#8220;fas fa-phone-alt&#8220; color=&#8220;custom&#8220; background_style=&#8220;rounded-less&#8220; background_color=&#8220;black&#8220; size=&#8220;sm&#8220; align=&#8220;center&#8220; css=&#8220;&#8220; custom_color=&#8220;#ffd500&#8243;][vc_column_text css=&#8220;&#8220;]<\/p>\n<h4 style=\"text-align: center;\">+49 211 2709-0<\/h4>\n<p>[\/vc_column_text][\/vc_column_inner][\/vc_row_inner][\/vc_column][vc_column css_animation=&#8220;fadeInRightBig&#8220; width=&#8220;1\/2&#8243;]\n<div class=\"wpcf7 no-js\" id=\"wpcf7-f11-o1\" lang=\"de-DE\" dir=\"ltr\" data-wpcf7-id=\"11\">\n<div class=\"screen-reader-response\"><p role=\"status\" aria-live=\"polite\" aria-atomic=\"true\"><\/p> <ul><\/ul><\/div>\n<form action=\"\/de\/wp-json\/wp\/v2\/pages\/1091#wpcf7-f11-o1\" method=\"post\" class=\"wpcf7-form init\" aria-label=\"Kontaktformular\" novalidate=\"novalidate\" data-status=\"init\">\n<fieldset class=\"hidden-fields-container\"><input type=\"hidden\" name=\"_wpcf7\" value=\"11\" \/><input type=\"hidden\" name=\"_wpcf7_version\" value=\"6.1.1\" \/><input type=\"hidden\" name=\"_wpcf7_locale\" value=\"de_DE\" \/><input type=\"hidden\" name=\"_wpcf7_unit_tag\" value=\"wpcf7-f11-o1\" \/><input type=\"hidden\" name=\"_wpcf7_container_post\" value=\"0\" \/><input type=\"hidden\" name=\"_wpcf7_posted_data_hash\" value=\"\" \/><input type=\"hidden\" name=\"_wpcf7_recaptcha_response\" value=\"\" \/>\n<\/fieldset>\n<p><label> Dein Name*<br \/>\n<span class=\"wpcf7-form-control-wrap\" data-name=\"your-name\"><input size=\"40\" maxlength=\"400\" class=\"wpcf7-form-control wpcf7-text wpcf7-validates-as-required\" autocomplete=\"name\" aria-required=\"true\" aria-invalid=\"false\" value=\"\" type=\"text\" name=\"your-name\" \/><\/span> <\/label>\n<\/p>\n<p><label> Deine E-Mail-Adresse*<br \/>\n<span class=\"wpcf7-form-control-wrap\" data-name=\"your-email\"><input size=\"40\" maxlength=\"400\" class=\"wpcf7-form-control wpcf7-email wpcf7-validates-as-required wpcf7-text wpcf7-validates-as-email\" autocomplete=\"email\" aria-required=\"true\" aria-invalid=\"false\" value=\"\" type=\"email\" name=\"your-email\" \/><\/span> <\/label>\n<\/p>\n<p><label> Betreff*<br \/>\n<span class=\"wpcf7-form-control-wrap\" data-name=\"betreff\"><select class=\"wpcf7-form-control wpcf7-select wpcf7-validates-as-required\" aria-required=\"true\" aria-invalid=\"false\" name=\"betreff\"><option value=\"Unverbindliche Beratung\">Unverbindliche Beratung<\/option><option value=\"Angebot anfordern\">Angebot anfordern<\/option><option value=\"Termin vereinbaren\">Termin vereinbaren<\/option><option value=\"Sonstiges\">Sonstiges<\/option><\/select><\/span> <\/label>\n<\/p>\n<p><label> Deine Nachricht (optional)<br \/>\n<span class=\"wpcf7-form-control-wrap\" data-name=\"your-message\"><textarea cols=\"40\" rows=\"10\" maxlength=\"2000\" class=\"wpcf7-form-control wpcf7-textarea\" aria-invalid=\"false\" name=\"your-message\"><\/textarea><\/span> <\/label>\n<\/p>\n<p><span class=\"wpcf7-form-control-wrap\" data-name=\"acceptance-1\"><span class=\"wpcf7-form-control wpcf7-acceptance\"><span class=\"wpcf7-list-item\"><label><input type=\"checkbox\" name=\"acceptance-1\" value=\"1\" aria-invalid=\"false\" \/><span class=\"wpcf7-list-item-label\">Ich stimme der Verarbeitung meiner Daten gem\u00e4\u00df der <a href=\"https:\/\/www.smart-pr.de\/de\/datenschutz\/\" target=\"_blank\">Datenschutzerkl\u00e4rung<\/a> zu.<\/span><\/label><\/span><\/span><\/span>\n<\/p>\n<p><input class=\"wpcf7-form-control wpcf7-submit has-spinner\" type=\"submit\" value=\"Senden\" \/>\n<\/p><div class=\"wpcf7-response-output\" aria-hidden=\"true\"><\/div>\n<\/form>\n<\/div>\n[\/vc_column][\/vc_row]<\/p>\n<\/div>","protected":false},"excerpt":{"rendered":"[vc_row full_width=\"stretch_row_content_no_spaces\" css=\".vc_custom_1729156473880{margin-top: -30px !important;margin-right: 0px !important;margin-bottom: 0px !important;margin-left: 0px !important;padding-top: 0px !important;padding-right: 0px !important;padding-bottom:<span class=\"excerpt-hellip\"> [\u2026]<\/span>","protected":false},"author":2,"featured_media":0,"parent":59,"menu_order":0,"comment_status":"closed","ping_status":"closed","template":"","meta":{"footnotes":""},"class_list":["post-1091","page","type-page","status-publish","hentry"],"yoast_head":"<!-- This site is optimized with the Yoast SEO plugin v25.6 - https:\/\/yoast.com\/wordpress\/plugins\/seo\/ -->\n<title>Medienbeobachtung - SMART PR \/\/ Ihre PR-Agentur in D\u00fcsseldorf<\/title>\n<meta name=\"description\" content=\"SMART PR analysiert Medienberichte \u00fcber Ihre Marke. Behalten Sie Trends und \u00f6ffentliche Meinung im Blick f\u00fcr eine erfolgreiche Kommunikation.\" \/>\n<meta name=\"robots\" content=\"index, follow, max-snippet:-1, max-image-preview:large, max-video-preview:-1\" \/>\n<link rel=\"canonical\" href=\"https:\/\/smart-pr.de\/de\/leistungen\/presse-und-oeffentlichkeitsarbeit\/medienbeobachtung\/\" \/>\n<meta property=\"og:locale\" content=\"de_DE\" \/>\n<meta property=\"og:type\" content=\"article\" \/>\n<meta property=\"og:title\" content=\"Medienbeobachtung - SMART PR \/\/ Ihre PR-Agentur in D\u00fcsseldorf\" \/>\n<meta property=\"og:description\" content=\"SMART PR analysiert Medienberichte \u00fcber Ihre Marke. Behalten Sie Trends und \u00f6ffentliche Meinung im Blick f\u00fcr eine erfolgreiche Kommunikation.\" \/>\n<meta property=\"og:url\" content=\"https:\/\/smart-pr.de\/de\/leistungen\/presse-und-oeffentlichkeitsarbeit\/medienbeobachtung\/\" \/>\n<meta property=\"og:site_name\" content=\"SMART PR \/\/ Ihre PR-Agentur in D\u00fcsseldorf\" \/>\n<meta property=\"article:modified_time\" content=\"2025-02-04T13:02:00+00:00\" \/>\n<meta name=\"twitter:card\" content=\"summary_large_image\" \/>\n<meta name=\"twitter:label1\" content=\"Gesch\u00e4tzte Lesezeit\" \/>\n\t<meta name=\"twitter:data1\" content=\"3\u00a0Minuten\" \/>\n<script type=\"application\/ld+json\" class=\"yoast-schema-graph\">{\"@context\":\"https:\/\/schema.org\",\"@graph\":[{\"@type\":\"WebPage\",\"@id\":\"https:\/\/smart-pr.de\/de\/leistungen\/presse-und-oeffentlichkeitsarbeit\/medienbeobachtung\/\",\"url\":\"https:\/\/smart-pr.de\/de\/leistungen\/presse-und-oeffentlichkeitsarbeit\/medienbeobachtung\/\",\"name\":\"Medienbeobachtung - SMART PR \/\/ Ihre PR-Agentur in D\u00fcsseldorf\",\"isPartOf\":{\"@id\":\"https:\/\/smart-pr.de\/de\/#website\"},\"datePublished\":\"2024-08-26T13:48:17+00:00\",\"dateModified\":\"2025-02-04T13:02:00+00:00\",\"description\":\"SMART PR analysiert Medienberichte \u00fcber Ihre Marke. Behalten Sie Trends und \u00f6ffentliche Meinung im Blick f\u00fcr eine erfolgreiche Kommunikation.\",\"breadcrumb\":{\"@id\":\"https:\/\/smart-pr.de\/de\/leistungen\/presse-und-oeffentlichkeitsarbeit\/medienbeobachtung\/#breadcrumb\"},\"inLanguage\":\"de\",\"potentialAction\":[{\"@type\":\"ReadAction\",\"target\":[\"https:\/\/smart-pr.de\/de\/leistungen\/presse-und-oeffentlichkeitsarbeit\/medienbeobachtung\/\"]}]},{\"@type\":\"BreadcrumbList\",\"@id\":\"https:\/\/smart-pr.de\/de\/leistungen\/presse-und-oeffentlichkeitsarbeit\/medienbeobachtung\/#breadcrumb\",\"itemListElement\":[{\"@type\":\"ListItem\",\"position\":1,\"name\":\"Startseite\",\"item\":\"https:\/\/smart-pr.de\/de\/\"},{\"@type\":\"ListItem\",\"position\":2,\"name\":\"Leistungen\",\"item\":\"https:\/\/smart-pr.de\/de\/leistungen\/\"},{\"@type\":\"ListItem\",\"position\":3,\"name\":\"Presse- und \u00d6ffentlich\u00adkeitsarbeit\",\"item\":\"https:\/\/smart-pr.de\/de\/leistungen\/presse-und-oeffentlichkeitsarbeit\/\"},{\"@type\":\"ListItem\",\"position\":4,\"name\":\"Medienbeobachtung\"}]},{\"@type\":\"WebSite\",\"@id\":\"https:\/\/smart-pr.de\/de\/#website\",\"url\":\"https:\/\/smart-pr.de\/de\/\",\"name\":\"SMART PR \/\/ Ihre PR-Agentur in D\u00fcsseldorf\",\"description\":\"F\u00fcr ganzheitliche Kommunikation\",\"publisher\":{\"@id\":\"https:\/\/smart-pr.de\/de\/#organization\"},\"potentialAction\":[{\"@type\":\"SearchAction\",\"target\":{\"@type\":\"EntryPoint\",\"urlTemplate\":\"https:\/\/smart-pr.de\/de\/?s={search_term_string}\"},\"query-input\":{\"@type\":\"PropertyValueSpecification\",\"valueRequired\":true,\"valueName\":\"search_term_string\"}}],\"inLanguage\":\"de\"},{\"@type\":\"Organization\",\"@id\":\"https:\/\/smart-pr.de\/de\/#organization\",\"name\":\"SMART PR \/\/ Ihre PR-Agentur in D\u00fcsseldorf\",\"url\":\"https:\/\/smart-pr.de\/de\/\",\"logo\":{\"@type\":\"ImageObject\",\"inLanguage\":\"de\",\"@id\":\"https:\/\/smart-pr.de\/de\/#\/schema\/logo\/image\/\",\"url\":\"https:\/\/smart-pr.de\/wp-content\/uploads\/2024\/08\/smart-pr-logo-2.png\",\"contentUrl\":\"https:\/\/smart-pr.de\/wp-content\/uploads\/2024\/08\/smart-pr-logo-2.png\",\"width\":1800,\"height\":282,\"caption\":\"SMART PR \/\/ Ihre PR-Agentur in D\u00fcsseldorf\"},\"image\":{\"@id\":\"https:\/\/smart-pr.de\/de\/#\/schema\/logo\/image\/\"}}]}<\/script>\n<!-- \/ Yoast SEO plugin. -->","yoast_head_json":{"title":"Medienbeobachtung - SMART PR \/\/ Ihre PR-Agentur in D\u00fcsseldorf","description":"SMART PR analysiert Medienberichte \u00fcber Ihre Marke. Behalten Sie Trends und \u00f6ffentliche Meinung im Blick f\u00fcr eine erfolgreiche Kommunikation.","robots":{"index":"index","follow":"follow","max-snippet":"max-snippet:-1","max-image-preview":"max-image-preview:large","max-video-preview":"max-video-preview:-1"},"canonical":"https:\/\/smart-pr.de\/de\/leistungen\/presse-und-oeffentlichkeitsarbeit\/medienbeobachtung\/","og_locale":"de_DE","og_type":"article","og_title":"Medienbeobachtung - SMART PR \/\/ Ihre PR-Agentur in D\u00fcsseldorf","og_description":"SMART PR analysiert Medienberichte \u00fcber Ihre Marke. Behalten Sie Trends und \u00f6ffentliche Meinung im Blick f\u00fcr eine erfolgreiche Kommunikation.","og_url":"https:\/\/smart-pr.de\/de\/leistungen\/presse-und-oeffentlichkeitsarbeit\/medienbeobachtung\/","og_site_name":"SMART PR \/\/ Ihre PR-Agentur in D\u00fcsseldorf","article_modified_time":"2025-02-04T13:02:00+00:00","twitter_card":"summary_large_image","twitter_misc":{"Gesch\u00e4tzte Lesezeit":"3\u00a0Minuten"},"schema":{"@context":"https:\/\/schema.org","@graph":[{"@type":"WebPage","@id":"https:\/\/smart-pr.de\/de\/leistungen\/presse-und-oeffentlichkeitsarbeit\/medienbeobachtung\/","url":"https:\/\/smart-pr.de\/de\/leistungen\/presse-und-oeffentlichkeitsarbeit\/medienbeobachtung\/","name":"Medienbeobachtung - SMART PR \/\/ Ihre PR-Agentur in D\u00fcsseldorf","isPartOf":{"@id":"https:\/\/smart-pr.de\/de\/#website"},"datePublished":"2024-08-26T13:48:17+00:00","dateModified":"2025-02-04T13:02:00+00:00","description":"SMART PR analysiert Medienberichte \u00fcber Ihre Marke. Behalten Sie Trends und \u00f6ffentliche Meinung im Blick f\u00fcr eine erfolgreiche Kommunikation.","breadcrumb":{"@id":"https:\/\/smart-pr.de\/de\/leistungen\/presse-und-oeffentlichkeitsarbeit\/medienbeobachtung\/#breadcrumb"},"inLanguage":"de","potentialAction":[{"@type":"ReadAction","target":["https:\/\/smart-pr.de\/de\/leistungen\/presse-und-oeffentlichkeitsarbeit\/medienbeobachtung\/"]}]},{"@type":"BreadcrumbList","@id":"https:\/\/smart-pr.de\/de\/leistungen\/presse-und-oeffentlichkeitsarbeit\/medienbeobachtung\/#breadcrumb","itemListElement":[{"@type":"ListItem","position":1,"name":"Startseite","item":"https:\/\/smart-pr.de\/de\/"},{"@type":"ListItem","position":2,"name":"Leistungen","item":"https:\/\/smart-pr.de\/de\/leistungen\/"},{"@type":"ListItem","position":3,"name":"Presse- und \u00d6ffentlich\u00adkeitsarbeit","item":"https:\/\/smart-pr.de\/de\/leistungen\/presse-und-oeffentlichkeitsarbeit\/"},{"@type":"ListItem","position":4,"name":"Medienbeobachtung"}]},{"@type":"WebSite","@id":"https:\/\/smart-pr.de\/de\/#website","url":"https:\/\/smart-pr.de\/de\/","name":"SMART PR \/\/ Ihre PR-Agentur in D\u00fcsseldorf","description":"F\u00fcr ganzheitliche Kommunikation","publisher":{"@id":"https:\/\/smart-pr.de\/de\/#organization"},"potentialAction":[{"@type":"SearchAction","target":{"@type":"EntryPoint","urlTemplate":"https:\/\/smart-pr.de\/de\/?s={search_term_string}"},"query-input":{"@type":"PropertyValueSpecification","valueRequired":true,"valueName":"search_term_string"}}],"inLanguage":"de"},{"@type":"Organization","@id":"https:\/\/smart-pr.de\/de\/#organization","name":"SMART PR \/\/ Ihre PR-Agentur in D\u00fcsseldorf","url":"https:\/\/smart-pr.de\/de\/","logo":{"@type":"ImageObject","inLanguage":"de","@id":"https:\/\/smart-pr.de\/de\/#\/schema\/logo\/image\/","url":"https:\/\/smart-pr.de\/wp-content\/uploads\/2024\/08\/smart-pr-logo-2.png","contentUrl":"https:\/\/smart-pr.de\/wp-content\/uploads\/2024\/08\/smart-pr-logo-2.png","width":1800,"height":282,"caption":"SMART PR \/\/ Ihre PR-Agentur in D\u00fcsseldorf"},"image":{"@id":"https:\/\/smart-pr.de\/de\/#\/schema\/logo\/image\/"}}]}},"_links":{"self":[{"href":"https:\/\/smart-pr.de\/de\/wp-json\/wp\/v2\/pages\/1091","targetHints":{"allow":["GET"]}}],"collection":[{"href":"https:\/\/smart-pr.de\/de\/wp-json\/wp\/v2\/pages"}],"about":[{"href":"https:\/\/smart-pr.de\/de\/wp-json\/wp\/v2\/types\/page"}],"author":[{"embeddable":true,"href":"https:\/\/smart-pr.de\/de\/wp-json\/wp\/v2\/users\/2"}],"replies":[{"embeddable":true,"href":"https:\/\/smart-pr.de\/de\/wp-json\/wp\/v2\/comments?post=1091"}],"version-history":[{"count":10,"href":"https:\/\/smart-pr.de\/de\/wp-json\/wp\/v2\/pages\/1091\/revisions"}],"predecessor-version":[{"id":6440,"href":"https:\/\/smart-pr.de\/de\/wp-json\/wp\/v2\/pages\/1091\/revisions\/6440"}],"up":[{"embeddable":true,"href":"https:\/\/smart-pr.de\/de\/wp-json\/wp\/v2\/pages\/59"}],"wp:attachment":[{"href":"https:\/\/smart-pr.de\/de\/wp-json\/wp\/v2\/media?parent=1091"}],"curies":[{"name":"wp","href":"https:\/\/api.w.org\/{rel}","templated":true}]}}