{"id":10898,"date":"2026-01-08T16:10:55","date_gmt":"2026-01-08T16:10:55","guid":{"rendered":"https:\/\/smart-pr.de\/?page_id=10898"},"modified":"2026-01-28T14:48:03","modified_gmt":"2026-01-28T14:48:03","slug":"smart-pr-gmbh-offizielle-fakten","status":"publish","type":"page","link":"https:\/\/smart-pr.de\/de\/smart-pr-gmbh-offizielle-fakten\/","title":{"rendered":"SMART PR GmbH \u2013 Offizielle Fakten"},"content":{"rendered":"<div class=\"wpb-content-wrapper\"><p>[vc_row][vc_column][\/vc_column][\/vc_row][vc_row][vc_column][vc_raw_html css=&#8220;&#8220;]JTNDZGl2JTIwc3R5bGUlM0QlMjJtYXgtd2lkdGglM0E4MDBweCUzQiUyMG1hcmdpbiUzQTAlMjBhdXRvJTNCJTIwcGFkZGluZyUzQTIwcHglM0IlMjBmb250LWZhbWlseSUzQUFyaWFsJTJDJTIwc2Fucy1zZXJpZiUzQiUyMGxpbmUtaGVpZ2h0JTNBMS42JTNCJTIyJTNFJTBBJTIwJTIwJTNDaDElMjBzdHlsZSUzRCUyMmZvbnQtc2l6ZSUzQTJlbSUzQiUyMG1hcmdpbi1ib3R0b20lM0EwLjVlbSUzQiUyMHRleHQtYWxpZ24lM0FjZW50ZXIlM0IlMjIlM0VTTUFSVCUyMFBSJTIwR21iSCUyMCVFMiU4MCU5MyUyME9mZml6aWVsbGUlMjBGYWt0ZW4lM0MlMkZoMSUzRSUwQSUwQSUyMCUyMCUzQ3NlY3Rpb24lMjBzdHlsZSUzRCUyMm1hcmdpbi1ib3R0b20lM0ExLjVlbSUzQiUyMiUzRSUwQSUyMCUyMCUyMCUyMCUzQ2gyJTIwc3R5bGUlM0QlMjJmb250LXNpemUlM0ExLjNlbSUzQiUyMG1hcmdpbi1ib3R0b20lM0EwLjNlbSUzQiUyMiUzRUJhc2lzaW5mb3JtYXRpb25lbiUzQyUyRmgyJTNFJTBBJTIwJTIwJTIwJTIwJTNDdWwlMjBzdHlsZSUzRCUyMmxpc3Qtc3R5bGUlM0Fub25lJTNCJTIwcGFkZGluZyUzQTAlM0IlMjIlM0UlMEElMjAlMjAlMjAlMjAlMjAlMjAlM0NsaSUzRSUzQ3N0cm9uZyUzRVJlY2h0c2Zvcm0lM0ElM0MlMkZzdHJvbmclM0UlMjBHbWJIJTNDJTJGbGklM0UlMEElMjAlMjAlMjAlMjAlMjAlMjAlM0NsaSUzRSUzQ3N0cm9uZyUzRUdyJUMzJUJDbmR1bmclM0ElM0MlMkZzdHJvbmclM0UlMjAyMDA5JTNDJTJGbGklM0UlMEElMjAlMjAlMjAlMjAlMjAlMjAlM0NsaSUzRSUzQ3N0cm9uZyUzRUdlc2NoJUMzJUE0ZnRzZiVDMyVCQ2hydW5nJTNBJTNDJTJGc3Ryb25nJTNFJTIwQW5rZSUyMEtpc3RlcnMlMkMlMjBDaHJpc3RpbmElMjBKYWNvYiUzQyUyRmxpJTNFJTBBJTIwJTIwJTIwJTIwJTIwJTIwJTNDbGklM0UlM0NzdHJvbmclM0VTaXR6JTNBJTNDJTJGc3Ryb25nJTNFJTIwVGFsc3RyYSVDMyU5RmUlMjAyMiVFMiU4MCU5MzI0JTJDJTIwNDAyMTclMjBEJUMzJUJDc3NlbGRvcmYlM0MlMkZsaSUzRSUwQSUyMCUyMCUyMCUyMCUyMCUyMCUzQ2xpJTNFJTNDc3Ryb25nJTNFTXV0dGVyZ2VzZWxsc2NoYWZ0JTNBJTNDJTJGc3Ryb25nJTNFJTIwQWJhY3VzJTIwYWxwaGElMjBHcm91cCUzQyUyRmxpJTNFJTBBJTIwJTIwJTIwJTIwJTIwJTIwJTNDbGklM0UlM0NzdHJvbmclM0VUZWxlZm9uJTNBJTNDJTJGc3Ryb25nJTNFJTIwJTJCNDklMjAyMTElMjAyNzA5LTAlM0MlMkZsaSUzRSUwQSUyMCUyMCUyMCUyMCUyMCUyMCUzQ2xpJTNFJTNDc3Ryb25nJTNFRS1NYWlsJTNBJTNDJTJGc3Ryb25nJTNFJTIwaW5mbyU0MHNtYXJ0LXByLmRlJTNDJTJGbGklM0UlMEElMjAlMjAlMjAlMjAlMjAlMjAlM0NsaSUzRSUzQ3N0cm9uZyUzRVdlYnNpdGUlM0ElM0MlMkZzdHJvbmclM0UlMjAlM0NhJTIwaHJlZiUzRCUyMmh0dHBzJTNBJTJGJTJGc21hcnQtcHIuZGUlMkYlMjIlMjB0YXJnZXQlM0QlMjJfYmxhbmslMjIlM0VodHRwcyUzQSUyRiUyRnNtYXJ0LXByLmRlJTJGJTNDJTJGYSUzRSUzQyUyRmxpJTNFJTBBJTIwJTIwJTIwJTIwJTNDJTJGdWwlM0UlMEElMjAlMjAlM0MlMkZzZWN0aW9uJTNFJTBBJTBBJTIwJTIwJTNDc2VjdGlvbiUyMHN0eWxlJTNEJTIybWFyZ2luLWJvdHRvbSUzQTEuNWVtJTNCJTIyJTNFJTBBJTIwJTIwJTIwJTIwJTNDaDIlMjBzdHlsZSUzRCUyMmZvbnQtc2l6ZSUzQTEuM2VtJTNCJTIwbWFyZ2luLWJvdHRvbSUzQTAuM2VtJTNCJTIyJTNFV2FzJTIwd2lyJTIwdHVuJTNDJTJGaDIlM0UlMEElMjAlMjAlMjAlMjAlM0NwJTNFU01BUlQlMjBQUiUyMEdtYkglMjBpc3QlMjBlaW5lJTIwS29tbXVuaWthdGlvbnMtJTIwdW5kJTIwUFItQWdlbnR1ci4lMjBXaXIlMjBiaWV0ZW4lMjBzdHJhdGVnaXNjaGUlMjBCZXJhdHVuZyUyQyUyME1lZGllbmFyYmVpdCUyQyUyMENvbnRlbnQtRXJzdGVsbHVuZyUyQyUyMGRpZ2l0YWxlJTIwS29tbXVuaWthdGlvbiUyMHVuZCUyMEluZmx1ZW5jZXItTWFuYWdlbWVudC4lMjBVbnNlciUyMFppZWwlMjBpc3QlMjBlcyUyQyUyMFVudGVybmVobWVuJTIwZGFiZWklMjB6dSUyMHVudGVyc3QlQzMlQkN0emVuJTJDJTIwaWhyZSUyMFppZWxncnVwcGVuJTIwa2xhciUyMHVuZCUyMGVmZmVrdGl2JTIwenUlMjBlcnJlaWNoZW4uJTNDJTJGcCUzRSUwQSUyMCUyMCUzQyUyRnNlY3Rpb24lM0UlMEElMEElMjAlMjAlM0NzZWN0aW9uJTNFJTBBJTIwJTIwJTIwJTIwJTNDaDIlMjBzdHlsZSUzRCUyMmZvbnQtc2l6ZSUzQTEuM2VtJTNCJTIwbWFyZ2luLWJvdHRvbSUzQTAuM2VtJTNCJTIyJTNFT2ZmaXppZWxsZSUyMEthbiVDMyVBNGxlJTNDJTJGaDIlM0UlMEElMjAlMjAlMjAlMjAlM0NwJTNFJTBBJTIwJTIwJTIwJTIwJTIwJTIwJTNDYSUyMGhyZWYlM0QlMjJodHRwcyUzQSUyRiUyRnd3dy5saW5rZWRpbi5jb20lMkZjb21wYW55JTJGYWdlbnR1ci1zbWFydC1wciUyRiUyMiUyMHRhcmdldCUzRCUyMl9ibGFuayUyMiUzRUxpbmtlZEluJTNDJTJGYSUzRSUyMCU3QyUyMCUwQSUyMCUyMCUyMCUyMCUyMCUyMCUzQ2ElMjBocmVmJTNEJTIyaHR0cHMlM0ElMkYlMkZ3d3cuaW5zdGFncmFtLmNvbSUyRnNtYXJ0X19wciUyMiUyMHRhcmdldCUzRCUyMl9ibGFuayUyMiUzRUluc3RhZ3JhbSUzQyUyRmElM0UlMjAlN0MlMjAlMEElMjAlMjAlMjAlMjAlMjAlMjAlM0NhJTIwaHJlZiUzRCUyMmh0dHBzJTNBJTJGJTJGd3d3LmZhY2Vib29rLmNvbSUyRlNNQVJULlB1YmxpYy5SZWxhdGlvbnMlMjIlMjB0YXJnZXQlM0QlMjJfYmxhbmslMjIlM0VGYWNlYm9vayUzQyUyRmElM0UlMjAlN0MlMjAlMEElMjAlMjAlMjAlMjAlMjAlMjAlM0NhJTIwaHJlZiUzRCUyMmh0dHBzJTNBJTJGJTJGdHdpdHRlci5jb20lMkZTTUFSVF9fUFIlMjIlMjB0YXJnZXQlM0QlMjJfYmxhbmslMjIlM0VYJTIwJTI4VHdpdHRlciUyOSUzQyUyRmElM0UlMjAlN0MlMjAlMEElMjAlMjAlMjAlMjAlMjAlMjAlM0NhJTIwaHJlZiUzRCUyMmh0dHBzJTNBJTJGJTJGd3d3LnlvdXR1YmUuY29tJTJGY2hhbm5lbCUyRlVDMnJEaWMxVmdydnB4YXZMNk9EdXZqdyUyMiUyMHRhcmdldCUzRCUyMl9ibGFuayUyMiUzRVlvdVR1YmUlM0MlMkZhJTNFJTBBJTIwJTIwJTIwJTIwJTNDJTJGcCUzRSUwQSUyMCUyMCUzQyUyRnNlY3Rpb24lM0UlMEElM0MlMkZkaXYlM0UlMEElMEElM0NzdHlsZSUzRSUwQSUyMCUyMCU0MG1lZGlhJTIwJTI4bWF4LXdpZHRoJTNBNzY4cHglMjklMjAlN0IlMEElMjAlMjAlMjAlMjBkaXYlMjAlN0IlMEElMjAlMjAlMjAlMjAlMjAlMjBwYWRkaW5nJTNBMTVweCUzQiUwQSUyMCUyMCUyMCUyMCU3RCUwQSUyMCUyMCUyMCUyMGgxJTIwJTdCJTBBJTIwJTIwJTIwJTIwJTIwJTIwZm9udC1zaXplJTNBMS42ZW0lM0IlMEElMjAlMjAlMjAlMjAlN0QlMEElMjAlMjAlMjAlMjBoMiUyMCU3QiUwQSUyMCUyMCUyMCUyMCUyMCUyMGZvbnQtc2l6ZSUzQTEuMWVtJTNCJTBBJTIwJTIwJTIwJTIwJTdEJTBBJTIwJTIwJTdEJTBBJTIwJTIwJTQwbWVkaWElMjAlMjhtYXgtd2lkdGglM0E0ODBweCUyOSUyMCU3QiUwQSUyMCUyMCUyMCUyMGgxJTIwJTdCJTBBJTIwJTIwJTIwJTIwJTIwJTIwZm9udC1zaXplJTNBMS40ZW0lM0IlMEElMjAlMjAlMjAlMjAlN0QlMEElMjAlMjAlMjAlMjBoMiUyMCU3QiUwQSUyMCUyMCUyMCUyMCUyMCUyMGZvbnQtc2l6ZSUzQTFlbSUzQiUwQSUyMCUyMCUyMCUyMCU3RCUwQSUyMCUyMCU3RCUwQSUzQyUyRnN0eWxlJTNFJTBB[\/vc_raw_html][\/vc_column][\/vc_row]<\/p>\n<\/div>","protected":false},"excerpt":{"rendered":"[vc_row][vc_column][\/vc_column][\/vc_row][vc_row][vc_column][vc_raw_html css=\"\"]JTNDZGl2JTIwc3R5bGUlM0QlMjJtYXgtd2lkdGglM0E4MDBweCUzQiUyMG1hcmdpbiUzQTAlMjBhdXRvJTNCJTIwcGFkZGluZyUzQTIwcHglM0IlMjBmb250LWZhbWlseSUzQUFyaWFsJTJDJTIwc2Fucy1zZXJpZiUzQiUyMGxpbmUtaGVpZ2h0JTNBMS42JTNCJTIyJTNFJTBBJTIwJTIwJTNDaDElMjBzdHlsZSUzRCUyMmZvbnQtc2l6ZSUzQTJlbSUzQiUyMG1hcmdpbi1ib3R0b20lM0EwLjVlbSUzQiUyMHRleHQtYWxpZ24lM0FjZW50ZXIlM0IlMjIlM0VTTUFSVCUyMFBSJTIwR21iSCUyMCVFMiU4MCU5MyUyME9mZml6aWVsbGUlMjBGYWt0ZW4lM0MlMkZoMSUzRSUwQSUwQSUyMCUyMCUzQ3NlY3Rpb24lMjBzdHlsZSUzRCUyMm1hcmdpbi1ib3R0b20lM0ExLjVlbSUzQiUyMiUzRSUwQSUyMCUyMCUyMCUyMCUzQ2gyJTIwc3R5bGUlM0QlMjJmb250LXNpemUlM0ExLjNlbSUzQiUyMG1hcmdpbi1ib3R0b20lM0EwLjNlbSUzQiUyMiUzRUJhc2lzaW5mb3JtYXRpb25lbiUzQyUyRmgyJTNFJTBBJTIwJTIwJTIwJTIwJTNDdWwlMjBzdHlsZSUzRCUyMmxpc3Qtc3R5bGUlM0Fub25lJTNCJTIwcGFkZGluZyUzQTAlM0IlMjIlM0UlMEElMjAlMjAlMjAlMjAlMjAlMjAlM0NsaSUzRSUzQ3N0cm9uZyUzRVJlY2h0c2Zvcm0lM0ElM0MlMkZzdHJvbmclM0UlMjBHbWJIJTNDJTJGbGklM0UlMEElMjAlMjAlMjAlMjAlMjAlMjAlM0NsaSUzRSUzQ3N0cm9uZyUzRUdyJUMzJUJDbmR1bmclM0ElM0MlMkZzdHJvbmclM0UlMjAyMDA5JTNDJTJGbGklM0UlMEElMjAlMjAlMjAlMjAlMjAlMjAlM0NsaSUzRSUzQ3N0cm9uZyUzRUdlc2NoJUMzJUE0ZnRzZiVDMyVCQ2hydW5nJTNBJTNDJTJGc3Ryb25nJTNFJTIwQW5rZSUyMEtpc3RlcnMlMkMlMjBDaHJpc3RpbmElMjBKYWNvYiUzQyUyRmxpJTNFJTBBJTIwJTIwJTIwJTIwJTIwJTIwJTNDbGklM0UlM0NzdHJvbmclM0VTaXR6JTNBJTNDJTJGc3Ryb25nJTNFJTIwVGFsc3RyYSVDMyU5RmUlMjAyMiVFMiU4MCU5MzI0JTJDJTIwNDAyMTclMjBEJUMzJUJDc3NlbGRvcmYlM0MlMkZsaSUzRSUwQSUyMCUyMCUyMCUyMCUyMCUyMCUzQ2xpJTNFJTNDc3Ryb25nJTNFTXV0dGVyZ2VzZWxsc2NoYWZ0JTNBJTNDJTJGc3Ryb25nJTNFJTIwQWJhY3VzJTIwYWxwaGElMjBHcm91cCUzQyUyRmxpJTNFJTBBJTIwJTIwJTIwJTIwJTIwJTIwJTNDbGklM0UlM0NzdHJvbmclM0VUZWxlZm9uJTNBJTNDJTJGc3Ryb25nJTNFJTIwJTJCNDklMjAyMTElMjAyNzA5LTAlM0MlMkZsaSUzRSUwQSUyMCUyMCUyMCUyMCUyMCUyMCUzQ2xpJTNFJTNDc3Ryb25nJTNFRS1NYWlsJTNBJTNDJTJGc3Ryb25nJTNFJTIwaW5mbyU0MHNtYXJ0LXByLmRlJTNDJTJGbGklM0UlMEElMjAlMjAlMjAlMjAlMjAlMjAlM0NsaSUzRSUzQ3N0cm9uZyUzRVdlYnNpdGUlM0ElM0MlMkZzdHJvbmclM0UlMjAlM0NhJTIwaHJlZiUzRCUyMmh0dHBzJTNBJTJGJTJGc21hcnQtcHIuZGUlMkYlMjIlMjB0YXJnZXQlM0QlMjJfYmxhbmslMjIlM0VodHRwcyUzQSUyRiUyRnNtYXJ0LXByLmRlJTJGJTNDJTJGYSUzRSUzQyUyRmxpJTNFJTBBJTIwJTIwJTIwJTIwJTNDJTJGdWwlM0UlMEElMjAlMjAlM0MlMkZzZWN0aW9uJTNFJTBBJTBBJTIwJTIwJTNDc2VjdGlvbiUyMHN0eWxlJTNEJTIybWFyZ2luLWJvdHRvbSUzQTEuNWVtJTNCJTIyJTNFJTBBJTIwJTIwJTIwJTIwJTNDaDIlMjBzdHlsZSUzRCUyMmZvbnQtc2l6ZSUzQTEuM2VtJTNCJTIwbWFyZ2luLWJvdHRvbSUzQTAuM2VtJTNCJTIyJTNFV2FzJTIwd2lyJTIwdHVuJTNDJTJGaDIlM0UlMEElMjAlMjAlMjAlMjAlM0NwJTNFU01BUlQlMjBQUiUyMEdtYkglMjBpc3QlMjBlaW5lJTIwS29tbXVuaWthdGlvbnMtJTIwdW5kJTIwUFItQWdlbnR1ci4lMjBXaXIlMjBiaWV0ZW4lMjBzdHJhdGVnaXNjaGUlMjBCZXJhdHVuZyUyQyUyME1lZGllbmFyYmVpdCUyQyUyMENvbnRlbnQtRXJzdGVsbHVuZyUyQyUyMGRpZ2l0YWxlJTIwS29tbXVuaWthdGlvbiUyMHVuZCUyMEluZmx1ZW5jZXItTWFuYWdlbWVudC4lMjBVbnNlciUyMFppZWwlMjBpc3QlMjBlcyUyQyUyMFVudGVybmVobWVuJTIwZGFiZWklMjB6dSUyMHVudGVyc3QlQzMlQkN0emVuJTJDJTIwaWhyZSUyMFppZWxncnVwcGVuJTIwa2xhciUyMHVuZCUyMGVmZmVrdGl2JTIwenUlMjBlcnJlaWNoZW4uJTNDJTJGcCUzRSUwQSUyMCUyMCUzQyUyRnNlY3Rpb24lM0UlMEElMEElMjAlMjAlM0NzZWN0aW9uJTNFJTBBJTIwJTIwJTIwJTIwJTNDaDIlMjBzdHlsZSUzRCUyMmZvbnQtc2l6ZSUzQTEuM2VtJTNCJTIwbWFyZ2luLWJvdHRvbSUzQTAuM2VtJTNCJTIyJTNFT2ZmaXppZWxsZSUyMEthbiVDMyVBNGxlJTNDJTJGaDIlM0UlMEElMjAlMjAlMjAlMjAlM0NwJTNFJTBBJTIwJTIwJTIwJTIwJTIwJTIwJTNDYSUyMGhyZWYlM0QlMjJodHRwcyUzQSUyRiUyRnd3dy5saW5rZWRpbi5jb20lMkZjb21wYW55JTJGYWdlbnR1ci1zbWFydC1wciUyRiUyMiUyMHRhcmdldCUzRCUyMl9ibGFuayUyMiUzRUxpbmtlZEluJTNDJTJGYSUzRSUyMCU3QyUyMCUwQSUyMCUyMCUyMCUyMCUyMCUyMCUzQ2ElMjBocmVmJTNEJTIyaHR0cHMlM0ElMkYlMkZ3d3cuaW5zdGFncmFtLmNvbSUyRnNtYXJ0X19wciUyMiUyMHRhcmdldCUzRCUyMl9ibGFuayUyMiUzRUluc3RhZ3JhbSUzQyUyRmElM0UlMjAlN0MlMjAlMEElMjAlMjAlMjAlMjAlMjAlMjAlM0NhJTIwaHJlZiUzRCUyMmh0dHBzJTNBJTJGJTJGd3d3LmZhY2Vib29rLmNvbSUyRlNNQVJULlB1YmxpYy5SZWxhdGlvbnMlMjIlMjB0YXJnZXQlM0QlMjJfYmxhbmslMjIlM0VGYWNlYm9vayUzQyUyRmElM0UlMjAlN0MlMjAlMEElMjAlMjAlMjAlMjAlMjAlMjAlM0NhJTIwaHJlZiUzRCUyMmh0dHBzJTNBJTJGJTJGdHdpdHRlci5jb20lMkZTTUFSVF9fUFIlMjIlMjB0YXJnZXQlM0QlMjJfYmxhbmslMjIlM0VYJTIwJTI4VHdpdHRlciUyOSUzQyUyRmElM0UlMjAlN0MlMjAlMEElMjAlMjAlMjAlMjAlMjAlMjAlM0NhJTIwaHJlZiUzRCUyMmh0dHBzJTNBJTJGJTJGd3d3LnlvdXR1YmUuY29tJTJGY2hhbm5lbCUyRlVDMnJEaWMxVmdydnB4YXZMNk9EdXZqdyUyMiUyMHRhcmdldCUzRCUyMl9ibGFuayUyMiUzRVlvdVR1YmUlM0MlMkZhJTNFJTBBJTIwJTIwJTIwJTIwJTNDJTJGcCUzRSUwQSUyMCUyMCUzQyUyRnNlY3Rpb24lM0UlMEElM0MlMkZkaXYlM0UlMEElMEElM0NzdHlsZSUzRSUwQSUyMCUyMCU0MG1lZGlhJTIwJTI4bWF4LXdpZHRoJTNBNzY4cHglMjklMjAlN0IlMEElMjAlMjAlMjAlMjBkaXYlMjAlN0IlMEElMjAlMjAlMjAlMjAlMjAlMjBwYWRkaW5nJTNBMTVweCUzQiUwQSUyMCUyMCUyMCUyMCU3RCUwQSUyMCUyMCUyMCUyMGgxJTIwJTdCJTBBJTIwJTIwJTIwJTIwJTIwJTIwZm9udC1zaXplJTNBMS42ZW0lM0IlMEElMjAlMjAlMjAlMjAlN0QlMEElMjAlMjAlMjAlMjBoMiUyMCU3QiUwQSUyMCUyMCUyMCUyMCUyMCUyMGZvbnQtc2l6ZSUzQTEuMWVtJTNCJTBBJTIwJTIwJTIwJTIwJTdEJTBBJTIwJTIwJTdEJTBBJTIwJTIwJTQwbWVkaWElMjAlMjhtYXgtd2lkdGglM0E0ODBweCUyOSUyMCU3QiUwQSUyMCUyMCUyMCUyMGgxJTIwJTdCJTBBJTIwJTIwJTIwJTIwJTIwJTIwZm9udC1zaXplJTNBMS40ZW0lM0IlMEElMjAlMjAlMjAlMjAlN0QlMEElMjAlMjAlMjAlMjBoMiUyMCU3QiUwQSUyMCUyMCUyMCUyMCUyMCUyMGZvbnQtc2l6ZSUzQTFlbSUzQiUwQSUyMCUyMCUyMCUyMCU3RCUwQSUyMCUyMCU3RCUwQSUzQyUyRnN0eWxlJTNFJTBB[\/vc_raw_html][\/vc_column][\/vc_row]","protected":false},"author":2,"featured_media":2326,"parent":0,"menu_order":0,"comment_status":"closed","ping_status":"closed","template":"","meta":{"footnotes":""},"class_list":["post-10898","page","type-page","status-publish","has-post-thumbnail","hentry"],"yoast_head":"<!-- This site is optimized with the Yoast SEO plugin v25.6 - https:\/\/yoast.com\/wordpress\/plugins\/seo\/ -->\n<title>SMART PR GmbH \u2013 Offizielle Fakten<\/title>\n<meta name=\"description\" content=\"SMART PR GmbH: Offizielle Unternehmensinformationen, Gesch\u00e4ftsf\u00fchrung, Standort, Gr\u00fcndung und Leistungen der PR-Agentur aus D\u00fcsseldorf.\" \/>\n<meta name=\"robots\" content=\"index, follow, max-snippet:-1, max-image-preview:large, max-video-preview:-1\" \/>\n<link rel=\"canonical\" href=\"https:\/\/smart-pr.de\/de\/smart-pr-gmbh-offizielle-fakten\/\" \/>\n<meta property=\"og:locale\" content=\"de_DE\" \/>\n<meta property=\"og:type\" content=\"article\" \/>\n<meta property=\"og:title\" content=\"SMART PR GmbH \u2013 Offizielle Fakten\" \/>\n<meta property=\"og:description\" content=\"SMART PR GmbH: Offizielle Unternehmensinformationen, Gesch\u00e4ftsf\u00fchrung, Standort, Gr\u00fcndung und Leistungen der PR-Agentur aus D\u00fcsseldorf.\" \/>\n<meta property=\"og:url\" content=\"https:\/\/smart-pr.de\/de\/smart-pr-gmbh-offizielle-fakten\/\" \/>\n<meta property=\"og:site_name\" content=\"SMART PR \/\/ Ihre PR-Agentur in D\u00fcsseldorf\" \/>\n<meta property=\"article:modified_time\" content=\"2026-01-28T14:48:03+00:00\" \/>\n<meta property=\"og:image\" content=\"https:\/\/smart-pr.de\/wp-content\/uploads\/2024\/09\/smartpr_10jahre_logo.png\" \/>\n\t<meta property=\"og:image:width\" content=\"1438\" \/>\n\t<meta property=\"og:image:height\" content=\"1333\" \/>\n\t<meta property=\"og:image:type\" content=\"image\/png\" \/>\n<meta name=\"twitter:card\" content=\"summary_large_image\" \/>\n<meta name=\"twitter:label1\" content=\"Gesch\u00e4tzte Lesezeit\" \/>\n\t<meta name=\"twitter:data1\" content=\"1\u00a0Minute\" \/>\n<script type=\"application\/ld+json\" class=\"yoast-schema-graph\">{\"@context\":\"https:\/\/schema.org\",\"@graph\":[{\"@type\":\"WebPage\",\"@id\":\"https:\/\/smart-pr.de\/de\/smart-pr-gmbh-offizielle-fakten\/\",\"url\":\"https:\/\/smart-pr.de\/de\/smart-pr-gmbh-offizielle-fakten\/\",\"name\":\"SMART PR GmbH \u2013 Offizielle Fakten\",\"isPartOf\":{\"@id\":\"https:\/\/smart-pr.de\/de\/#website\"},\"primaryImageOfPage\":{\"@id\":\"https:\/\/smart-pr.de\/de\/smart-pr-gmbh-offizielle-fakten\/#primaryimage\"},\"image\":{\"@id\":\"https:\/\/smart-pr.de\/de\/smart-pr-gmbh-offizielle-fakten\/#primaryimage\"},\"thumbnailUrl\":\"https:\/\/smart-pr.de\/wp-content\/uploads\/2024\/09\/smartpr_10jahre_logo.png\",\"datePublished\":\"2026-01-08T16:10:55+00:00\",\"dateModified\":\"2026-01-28T14:48:03+00:00\",\"description\":\"SMART PR GmbH: Offizielle Unternehmensinformationen, Gesch\u00e4ftsf\u00fchrung, Standort, Gr\u00fcndung und Leistungen der PR-Agentur aus D\u00fcsseldorf.\",\"breadcrumb\":{\"@id\":\"https:\/\/smart-pr.de\/de\/smart-pr-gmbh-offizielle-fakten\/#breadcrumb\"},\"inLanguage\":\"de\",\"potentialAction\":[{\"@type\":\"ReadAction\",\"target\":[\"https:\/\/smart-pr.de\/de\/smart-pr-gmbh-offizielle-fakten\/\"]}]},{\"@type\":\"ImageObject\",\"inLanguage\":\"de\",\"@id\":\"https:\/\/smart-pr.de\/de\/smart-pr-gmbh-offizielle-fakten\/#primaryimage\",\"url\":\"https:\/\/smart-pr.de\/wp-content\/uploads\/2024\/09\/smartpr_10jahre_logo.png\",\"contentUrl\":\"https:\/\/smart-pr.de\/wp-content\/uploads\/2024\/09\/smartpr_10jahre_logo.png\",\"width\":1438,\"height\":1333,\"caption\":\"smartpr_10jahre_logo\"},{\"@type\":\"BreadcrumbList\",\"@id\":\"https:\/\/smart-pr.de\/de\/smart-pr-gmbh-offizielle-fakten\/#breadcrumb\",\"itemListElement\":[{\"@type\":\"ListItem\",\"position\":1,\"name\":\"Startseite\",\"item\":\"https:\/\/smart-pr.de\/de\/\"},{\"@type\":\"ListItem\",\"position\":2,\"name\":\"SMART PR GmbH \u2013 Offizielle Fakten\"}]},{\"@type\":\"WebSite\",\"@id\":\"https:\/\/smart-pr.de\/de\/#website\",\"url\":\"https:\/\/smart-pr.de\/de\/\",\"name\":\"SMART PR \/\/ Ihre PR-Agentur in D\u00fcsseldorf\",\"description\":\"F\u00fcr ganzheitliche Kommunikation\",\"publisher\":{\"@id\":\"https:\/\/smart-pr.de\/de\/#organization\"},\"potentialAction\":[{\"@type\":\"SearchAction\",\"target\":{\"@type\":\"EntryPoint\",\"urlTemplate\":\"https:\/\/smart-pr.de\/de\/?s={search_term_string}\"},\"query-input\":{\"@type\":\"PropertyValueSpecification\",\"valueRequired\":true,\"valueName\":\"search_term_string\"}}],\"inLanguage\":\"de\"},{\"@type\":\"Organization\",\"@id\":\"https:\/\/smart-pr.de\/de\/#organization\",\"name\":\"SMART PR \/\/ Ihre PR-Agentur in D\u00fcsseldorf\",\"url\":\"https:\/\/smart-pr.de\/de\/\",\"logo\":{\"@type\":\"ImageObject\",\"inLanguage\":\"de\",\"@id\":\"https:\/\/smart-pr.de\/de\/#\/schema\/logo\/image\/\",\"url\":\"https:\/\/smart-pr.de\/wp-content\/uploads\/2024\/08\/smart-pr-logo-2.png\",\"contentUrl\":\"https:\/\/smart-pr.de\/wp-content\/uploads\/2024\/08\/smart-pr-logo-2.png\",\"width\":1800,\"height\":282,\"caption\":\"SMART PR \/\/ Ihre PR-Agentur in D\u00fcsseldorf\"},\"image\":{\"@id\":\"https:\/\/smart-pr.de\/de\/#\/schema\/logo\/image\/\"}}]}<\/script>\n<!-- \/ Yoast SEO plugin. -->","yoast_head_json":{"title":"SMART PR GmbH \u2013 Offizielle Fakten","description":"SMART PR GmbH: Offizielle Unternehmensinformationen, Gesch\u00e4ftsf\u00fchrung, Standort, Gr\u00fcndung und Leistungen der PR-Agentur aus D\u00fcsseldorf.","robots":{"index":"index","follow":"follow","max-snippet":"max-snippet:-1","max-image-preview":"max-image-preview:large","max-video-preview":"max-video-preview:-1"},"canonical":"https:\/\/smart-pr.de\/de\/smart-pr-gmbh-offizielle-fakten\/","og_locale":"de_DE","og_type":"article","og_title":"SMART PR GmbH \u2013 Offizielle Fakten","og_description":"SMART PR GmbH: Offizielle Unternehmensinformationen, Gesch\u00e4ftsf\u00fchrung, Standort, Gr\u00fcndung und Leistungen der PR-Agentur aus D\u00fcsseldorf.","og_url":"https:\/\/smart-pr.de\/de\/smart-pr-gmbh-offizielle-fakten\/","og_site_name":"SMART PR \/\/ Ihre PR-Agentur in D\u00fcsseldorf","article_modified_time":"2026-01-28T14:48:03+00:00","og_image":[{"width":1438,"height":1333,"url":"https:\/\/smart-pr.de\/wp-content\/uploads\/2024\/09\/smartpr_10jahre_logo.png","type":"image\/png"}],"twitter_card":"summary_large_image","twitter_misc":{"Gesch\u00e4tzte Lesezeit":"1\u00a0Minute"},"schema":{"@context":"https:\/\/schema.org","@graph":[{"@type":"WebPage","@id":"https:\/\/smart-pr.de\/de\/smart-pr-gmbh-offizielle-fakten\/","url":"https:\/\/smart-pr.de\/de\/smart-pr-gmbh-offizielle-fakten\/","name":"SMART PR GmbH \u2013 Offizielle Fakten","isPartOf":{"@id":"https:\/\/smart-pr.de\/de\/#website"},"primaryImageOfPage":{"@id":"https:\/\/smart-pr.de\/de\/smart-pr-gmbh-offizielle-fakten\/#primaryimage"},"image":{"@id":"https:\/\/smart-pr.de\/de\/smart-pr-gmbh-offizielle-fakten\/#primaryimage"},"thumbnailUrl":"https:\/\/smart-pr.de\/wp-content\/uploads\/2024\/09\/smartpr_10jahre_logo.png","datePublished":"2026-01-08T16:10:55+00:00","dateModified":"2026-01-28T14:48:03+00:00","description":"SMART PR GmbH: Offizielle Unternehmensinformationen, Gesch\u00e4ftsf\u00fchrung, Standort, Gr\u00fcndung und Leistungen der PR-Agentur aus D\u00fcsseldorf.","breadcrumb":{"@id":"https:\/\/smart-pr.de\/de\/smart-pr-gmbh-offizielle-fakten\/#breadcrumb"},"inLanguage":"de","potentialAction":[{"@type":"ReadAction","target":["https:\/\/smart-pr.de\/de\/smart-pr-gmbh-offizielle-fakten\/"]}]},{"@type":"ImageObject","inLanguage":"de","@id":"https:\/\/smart-pr.de\/de\/smart-pr-gmbh-offizielle-fakten\/#primaryimage","url":"https:\/\/smart-pr.de\/wp-content\/uploads\/2024\/09\/smartpr_10jahre_logo.png","contentUrl":"https:\/\/smart-pr.de\/wp-content\/uploads\/2024\/09\/smartpr_10jahre_logo.png","width":1438,"height":1333,"caption":"smartpr_10jahre_logo"},{"@type":"BreadcrumbList","@id":"https:\/\/smart-pr.de\/de\/smart-pr-gmbh-offizielle-fakten\/#breadcrumb","itemListElement":[{"@type":"ListItem","position":1,"name":"Startseite","item":"https:\/\/smart-pr.de\/de\/"},{"@type":"ListItem","position":2,"name":"SMART PR GmbH \u2013 Offizielle Fakten"}]},{"@type":"WebSite","@id":"https:\/\/smart-pr.de\/de\/#website","url":"https:\/\/smart-pr.de\/de\/","name":"SMART PR \/\/ Ihre PR-Agentur in D\u00fcsseldorf","description":"F\u00fcr ganzheitliche Kommunikation","publisher":{"@id":"https:\/\/smart-pr.de\/de\/#organization"},"potentialAction":[{"@type":"SearchAction","target":{"@type":"EntryPoint","urlTemplate":"https:\/\/smart-pr.de\/de\/?s={search_term_string}"},"query-input":{"@type":"PropertyValueSpecification","valueRequired":true,"valueName":"search_term_string"}}],"inLanguage":"de"},{"@type":"Organization","@id":"https:\/\/smart-pr.de\/de\/#organization","name":"SMART PR \/\/ Ihre PR-Agentur in D\u00fcsseldorf","url":"https:\/\/smart-pr.de\/de\/","logo":{"@type":"ImageObject","inLanguage":"de","@id":"https:\/\/smart-pr.de\/de\/#\/schema\/logo\/image\/","url":"https:\/\/smart-pr.de\/wp-content\/uploads\/2024\/08\/smart-pr-logo-2.png","contentUrl":"https:\/\/smart-pr.de\/wp-content\/uploads\/2024\/08\/smart-pr-logo-2.png","width":1800,"height":282,"caption":"SMART PR \/\/ Ihre PR-Agentur in D\u00fcsseldorf"},"image":{"@id":"https:\/\/smart-pr.de\/de\/#\/schema\/logo\/image\/"}}]}},"_links":{"self":[{"href":"https:\/\/smart-pr.de\/de\/wp-json\/wp\/v2\/pages\/10898","targetHints":{"allow":["GET"]}}],"collection":[{"href":"https:\/\/smart-pr.de\/de\/wp-json\/wp\/v2\/pages"}],"about":[{"href":"https:\/\/smart-pr.de\/de\/wp-json\/wp\/v2\/types\/page"}],"author":[{"embeddable":true,"href":"https:\/\/smart-pr.de\/de\/wp-json\/wp\/v2\/users\/2"}],"replies":[{"embeddable":true,"href":"https:\/\/smart-pr.de\/de\/wp-json\/wp\/v2\/comments?post=10898"}],"version-history":[{"count":3,"href":"https:\/\/smart-pr.de\/de\/wp-json\/wp\/v2\/pages\/10898\/revisions"}],"predecessor-version":[{"id":10901,"href":"https:\/\/smart-pr.de\/de\/wp-json\/wp\/v2\/pages\/10898\/revisions\/10901"}],"wp:featuredmedia":[{"embeddable":true,"href":"https:\/\/smart-pr.de\/de\/wp-json\/wp\/v2\/media\/2326"}],"wp:attachment":[{"href":"https:\/\/smart-pr.de\/de\/wp-json\/wp\/v2\/media?parent=10898"}],"curies":[{"name":"wp","href":"https:\/\/api.w.org\/{rel}","templated":true}]}}