{"id":1087,"date":"2024-08-26T13:47:51","date_gmt":"2024-08-26T13:47:51","guid":{"rendered":"https:\/\/entwicklungsumgebung6729.live-website.com\/?page_id=1087"},"modified":"2025-02-11T16:08:28","modified_gmt":"2025-02-11T16:08:28","slug":"pressekonferenz","status":"publish","type":"page","link":"https:\/\/smart-pr.de\/de\/leistungen\/presse-und-oeffentlichkeitsarbeit\/pressekonferenz\/","title":{"rendered":"Pressekonferenz"},"content":{"rendered":"<div class=\"wpb-content-wrapper\"><p>[vc_row full_width=&#8220;stretch_row_content_no_spaces&#8220; css=&#8220;.vc_custom_1729156473880{margin-top: -30px !important;margin-right: 0px !important;margin-bottom: 0px !important;margin-left: 0px !important;padding-top: 0px !important;padding-right: 0px !important;padding-bottom: 0px !important;padding-left: 0px !important;}&#8220;][vc_column css=&#8220;.vc_custom_1724400273462{margin-top: 0px !important;margin-right: 0px !important;margin-bottom: 0px !important;margin-left: 0px !important;padding-top: 0px !important;padding-right: 0px !important;padding-bottom: 0px !important;padding-left: 0px !important;}&#8220;][vc_single_image image=&#8220;6434&#8243; img_size=&#8220;full&#8220; alignment=&#8220;center&#8220; css=&#8220;&#8220;][\/vc_column][\/vc_row][vc_row][vc_column width=&#8220;1\/6&#8243;][\/vc_column][vc_column width=&#8220;2\/3&#8243;][vc_column_text css=&#8220;&#8220;]<\/p>\n<h1><b><span data-contrast=\"auto\">Pressekonferenzen: Der Schl\u00fcssel zur erfolgreichen Kommunikation<\/span><\/b><span data-ccp-props=\"{&quot;134233117&quot;:true,&quot;134233118&quot;:true,&quot;201341983&quot;:0,&quot;335559739&quot;:0,&quot;335559740&quot;:240}\">\u00a0<\/span><\/h1>\n<p><span data-contrast=\"auto\">Pressekonferenzen sind ein zentrales Instrument der Unternehmenskommunikation, das es erm\u00f6glicht, wichtige Informationen zeitgleich an eine Vielzahl von Medienvertreter:innen weiterzugeben. Ob es um die Ank\u00fcndigung eines neuen Produkts, die Reaktion auf eine aktuelle Krise oder die Vorstellung von Gesch\u00e4ftszahlen geht \u2013 eine gut geplante und professionell durchgef\u00fchrte Pressekonferenz kann den Unterschied machen, wenn es darum geht, Botschaften klar, glaubw\u00fcrdig und wirkungsvoll zu vermitteln.<\/span><span data-ccp-props=\"{&quot;134233117&quot;:true,&quot;134233118&quot;:true,&quot;201341983&quot;:0,&quot;335559739&quot;:0,&quot;335559740&quot;:240}\">\u00a0<\/span>[\/vc_column_text][\/vc_column][vc_column width=&#8220;1\/6&#8243;][\/vc_column][\/vc_row][vc_row][vc_column width=&#8220;1\/6&#8243;][\/vc_column][vc_column width=&#8220;2\/3&#8243;][vc_column_text css=&#8220;&#8220;]<\/p>\n<h2><b><span data-contrast=\"auto\">Pressekonferenzen: Warum sie f\u00fcr Unternehmen so wichtig sind<\/span><\/b><span data-ccp-props=\"{&quot;134233117&quot;:true,&quot;134233118&quot;:true,&quot;201341983&quot;:0,&quot;335559739&quot;:0,&quot;335559740&quot;:240}\">\u00a0<\/span><\/h2>\n<p><span data-contrast=\"auto\">F\u00fcr Unternehmen bieten Pressekonferenzen zahlreiche Vorteile. Sie erm\u00f6glichen es, eine breite \u00d6ffentlichkeit effizient zu erreichen und dabei die Kontrolle \u00fcber die Darstellung der Informationen zu behalten. Durch die direkte Interaktion mit den Medien lassen sich Missverst\u00e4ndnisse kl\u00e4ren, wichtige Fragen beantworten und ein positives Image aufbauen. Dar\u00fcber hinaus bietet eine Pressekonferenz die Gelegenheit, das Unternehmen und seine F\u00fchrungskr\u00e4fte in einem professionellen Licht zu pr\u00e4sentieren und das Vertrauen von Investor:innen, Kund:innen und der \u00d6ffentlichkeit zu st\u00e4rken.<\/span><span data-ccp-props=\"{&quot;134233117&quot;:true,&quot;134233118&quot;:true,&quot;201341983&quot;:0,&quot;335559739&quot;:0,&quot;335559740&quot;:240}\">\u00a0<\/span>[\/vc_column_text][\/vc_column][vc_column width=&#8220;1\/6&#8243;][\/vc_column][\/vc_row][vc_row][vc_column width=&#8220;1\/6&#8243;][\/vc_column][vc_column width=&#8220;2\/3&#8243;][vc_column_text css=&#8220;&#8220;]<\/p>\n<h2><b><span data-contrast=\"auto\">Unsere Unterst\u00fctzung bei der Planung und Durchf\u00fchrung von Pressekonferenzen<\/span><\/b><span data-ccp-props=\"{&quot;134233117&quot;:true,&quot;134233118&quot;:true,&quot;201341983&quot;:0,&quot;335559739&quot;:0,&quot;335559740&quot;:240}\">\u00a0<\/span><\/h2>\n<p><span data-contrast=\"auto\">Als erfahrene PR-Agentur sind wir darauf spezialisiert, Ihre Pressekonferenz zu einem erfolgreichen Ereignis zu machen. Von der Konzeption \u00fcber die Planung bis hin zur Durchf\u00fchrung unterst\u00fctzen wir Sie in allen Phasen. Unsere Expertise umfasst die Auswahl und Einladung der richtigen Medienvertreter:innen, die Erstellung aussagekr\u00e4ftiger Pressematerialien und die Vorbereitung Ihrer Sprecher:innen auf m\u00f6gliche Fragen und Themen. Dar\u00fcber hinaus sorgen wir f\u00fcr eine reibungslose Organisation vor Ort und unterst\u00fctzen Sie bei der Nachbereitung, um sicherzustellen, dass Ihre Botschaften in den Medien die gew\u00fcnschte Wirkung erzielen.<\/span><span data-ccp-props=\"{&quot;134233117&quot;:true,&quot;134233118&quot;:true,&quot;201341983&quot;:0,&quot;335559739&quot;:0,&quot;335559740&quot;:240}\">\u00a0<\/span>[\/vc_column_text][\/vc_column][vc_column width=&#8220;1\/6&#8243;][\/vc_column][\/vc_row][vc_row][vc_column width=&#8220;1\/6&#8243;][\/vc_column][vc_column width=&#8220;2\/3&#8243;][vc_column_text css=&#8220;&#8220;]<\/p>\n<h2><b><span data-contrast=\"auto\">Pressekonferenzen mit unserer Expertise zum Erfolg f\u00fchren<\/span><\/b><span data-ccp-props=\"{&quot;134233117&quot;:true,&quot;134233118&quot;:true,&quot;201341983&quot;:0,&quot;335559739&quot;:0,&quot;335559740&quot;:240}\">\u00a0<\/span><\/h2>\n<p><span data-contrast=\"auto\">Wir wissen, wie wichtig es ist, bei einer Pressekonferenz nichts dem Zufall zu \u00fcberlassen. Mit unserer umfassenden Erfahrung und unserem tiefen Verst\u00e4ndnis f\u00fcr Medienarbeit stellen wir sicher, dass Ihre Pressekonferenz nicht nur gut vorbereitet, sondern auch professionell und wirkungsvoll durchgef\u00fchrt wird. Vertrauen Sie auf unsere Expertise, um Ihre Botschaften erfolgreich zu kommunizieren und Ihr Unternehmen bestm\u00f6glich zu pr\u00e4sentieren. Gemeinsam machen wir Ihre Pressekonferenz zu einem Ereignis, das in Erinnerung bleibt und Ihre Unternehmensziele unterst\u00fctzt.<\/span><span data-ccp-props=\"{&quot;134233117&quot;:true,&quot;134233118&quot;:true,&quot;201341983&quot;:0,&quot;335559739&quot;:0,&quot;335559740&quot;:240}\">\u00a0<\/span>[\/vc_column_text][\/vc_column][vc_column width=&#8220;1\/6&#8243;][\/vc_column][\/vc_row][vc_row full_width=&#8220;stretch_row_content_no_spaces&#8220; equal_height=&#8220;yes&#8220; content_placement=&#8220;middle&#8220; css_animation=&#8220;none&#8220; css=&#8220;.vc_custom_1729589337537{margin-bottom: -20px !important;padding-top: 5% !important;padding-right: 2% !important;padding-bottom: 5% !important;padding-left: 2% !important;background-color: #ffd500 !important;}&#8220;][vc_column css_animation=&#8220;fadeInLeft&#8220; width=&#8220;1\/2&#8243; css=&#8220;.vc_custom_1725436267372{margin-top: 0px !important;margin-bottom: 0px !important;padding-top: 0px !important;padding-bottom: 0px !important;}&#8220;][vc_row_inner][vc_column_inner][\/vc_column_inner][\/vc_row_inner][vc_column_text css=&#8220;.vc_custom_1728987928718{padding-right: 10% !important;padding-left: 10% !important;}&#8220;]<\/p>\n<p style=\"text-align: center;\">Bereit, Ihre Kommunikationsstrategie zu optimieren? Lassen Sie uns gemeinsam Ihre Ziele verwirklichen \u2013 kontaktieren Sie uns jetzt!<\/p>\n<p>[\/vc_column_text][vc_row_inner][vc_column_inner][vc_icon icon_fontawesome=&#8220;fas fa-phone-alt&#8220; color=&#8220;custom&#8220; background_style=&#8220;rounded-less&#8220; background_color=&#8220;black&#8220; size=&#8220;sm&#8220; align=&#8220;center&#8220; css=&#8220;&#8220; custom_color=&#8220;#ffd500&#8243;][vc_column_text css=&#8220;&#8220;]<\/p>\n<h4 style=\"text-align: center;\">+49 211 2709-0<\/h4>\n<p>[\/vc_column_text][\/vc_column_inner][\/vc_row_inner][\/vc_column][vc_column css_animation=&#8220;fadeInRightBig&#8220; width=&#8220;1\/2&#8243;]\n<div class=\"wpcf7 no-js\" id=\"wpcf7-f11-o1\" lang=\"de-DE\" dir=\"ltr\" data-wpcf7-id=\"11\">\n<div class=\"screen-reader-response\"><p role=\"status\" aria-live=\"polite\" aria-atomic=\"true\"><\/p> <ul><\/ul><\/div>\n<form action=\"\/de\/wp-json\/wp\/v2\/pages\/1087#wpcf7-f11-o1\" method=\"post\" class=\"wpcf7-form init\" aria-label=\"Kontaktformular\" novalidate=\"novalidate\" data-status=\"init\">\n<fieldset class=\"hidden-fields-container\"><input type=\"hidden\" name=\"_wpcf7\" value=\"11\" \/><input type=\"hidden\" name=\"_wpcf7_version\" value=\"6.1.1\" \/><input type=\"hidden\" name=\"_wpcf7_locale\" value=\"de_DE\" \/><input type=\"hidden\" name=\"_wpcf7_unit_tag\" value=\"wpcf7-f11-o1\" \/><input type=\"hidden\" name=\"_wpcf7_container_post\" value=\"0\" \/><input type=\"hidden\" name=\"_wpcf7_posted_data_hash\" value=\"\" \/><input type=\"hidden\" name=\"_wpcf7_recaptcha_response\" value=\"\" \/>\n<\/fieldset>\n<p><label> Dein Name*<br \/>\n<span class=\"wpcf7-form-control-wrap\" data-name=\"your-name\"><input size=\"40\" maxlength=\"400\" class=\"wpcf7-form-control wpcf7-text wpcf7-validates-as-required\" autocomplete=\"name\" aria-required=\"true\" aria-invalid=\"false\" value=\"\" type=\"text\" name=\"your-name\" \/><\/span> <\/label>\n<\/p>\n<p><label> Deine E-Mail-Adresse*<br \/>\n<span class=\"wpcf7-form-control-wrap\" data-name=\"your-email\"><input size=\"40\" maxlength=\"400\" class=\"wpcf7-form-control wpcf7-email wpcf7-validates-as-required wpcf7-text wpcf7-validates-as-email\" autocomplete=\"email\" aria-required=\"true\" aria-invalid=\"false\" value=\"\" type=\"email\" name=\"your-email\" \/><\/span> <\/label>\n<\/p>\n<p><label> Betreff*<br \/>\n<span class=\"wpcf7-form-control-wrap\" data-name=\"betreff\"><select class=\"wpcf7-form-control wpcf7-select wpcf7-validates-as-required\" aria-required=\"true\" aria-invalid=\"false\" name=\"betreff\"><option value=\"Unverbindliche Beratung\">Unverbindliche Beratung<\/option><option value=\"Angebot anfordern\">Angebot anfordern<\/option><option value=\"Termin vereinbaren\">Termin vereinbaren<\/option><option value=\"Sonstiges\">Sonstiges<\/option><\/select><\/span> <\/label>\n<\/p>\n<p><label> Deine Nachricht (optional)<br \/>\n<span class=\"wpcf7-form-control-wrap\" data-name=\"your-message\"><textarea cols=\"40\" rows=\"10\" maxlength=\"2000\" class=\"wpcf7-form-control wpcf7-textarea\" aria-invalid=\"false\" name=\"your-message\"><\/textarea><\/span> <\/label>\n<\/p>\n<p><span class=\"wpcf7-form-control-wrap\" data-name=\"acceptance-1\"><span class=\"wpcf7-form-control wpcf7-acceptance\"><span class=\"wpcf7-list-item\"><label><input type=\"checkbox\" name=\"acceptance-1\" value=\"1\" aria-invalid=\"false\" \/><span class=\"wpcf7-list-item-label\">Ich stimme der Verarbeitung meiner Daten gem\u00e4\u00df der <a href=\"https:\/\/www.smart-pr.de\/de\/datenschutz\/\" target=\"_blank\">Datenschutzerkl\u00e4rung<\/a> zu.<\/span><\/label><\/span><\/span><\/span>\n<\/p>\n<p><input class=\"wpcf7-form-control wpcf7-submit has-spinner\" type=\"submit\" value=\"Senden\" \/>\n<\/p><div class=\"wpcf7-response-output\" aria-hidden=\"true\"><\/div>\n<\/form>\n<\/div>\n[\/vc_column][\/vc_row]<\/p>\n<\/div>","protected":false},"excerpt":{"rendered":"[vc_row full_width=\"stretch_row_content_no_spaces\" css=\".vc_custom_1729156473880{margin-top: -30px !important;margin-right: 0px !important;margin-bottom: 0px !important;margin-left: 0px !important;padding-top: 0px !important;padding-right: 0px !important;padding-bottom:<span class=\"excerpt-hellip\"> [\u2026]<\/span>","protected":false},"author":2,"featured_media":0,"parent":59,"menu_order":0,"comment_status":"closed","ping_status":"closed","template":"","meta":{"footnotes":""},"class_list":["post-1087","page","type-page","status-publish","hentry"],"yoast_head":"<!-- This site is optimized with the Yoast SEO plugin v25.6 - https:\/\/yoast.com\/wordpress\/plugins\/seo\/ -->\n<title>Pressekonferenz - SMART PR \/\/ Ihre PR-Agentur in D\u00fcsseldorf<\/title>\n<meta name=\"description\" content=\"Mit SMART PR wird Ihre Pressekonferenz zum Erfolg. Wir bieten ma\u00dfgeschneiderte L\u00f6sungen f\u00fcr eine effektive Medienansprache.\" \/>\n<meta name=\"robots\" content=\"index, follow, max-snippet:-1, max-image-preview:large, max-video-preview:-1\" \/>\n<link rel=\"canonical\" href=\"https:\/\/smart-pr.de\/de\/leistungen\/presse-und-oeffentlichkeitsarbeit\/pressekonferenz\/\" \/>\n<meta property=\"og:locale\" content=\"de_DE\" \/>\n<meta property=\"og:type\" content=\"article\" \/>\n<meta property=\"og:title\" content=\"Pressekonferenz - SMART PR \/\/ Ihre PR-Agentur in D\u00fcsseldorf\" \/>\n<meta property=\"og:description\" content=\"Mit SMART PR wird Ihre Pressekonferenz zum Erfolg. Wir bieten ma\u00dfgeschneiderte L\u00f6sungen f\u00fcr eine effektive Medienansprache.\" \/>\n<meta property=\"og:url\" content=\"https:\/\/smart-pr.de\/de\/leistungen\/presse-und-oeffentlichkeitsarbeit\/pressekonferenz\/\" \/>\n<meta property=\"og:site_name\" content=\"SMART PR \/\/ Ihre PR-Agentur in D\u00fcsseldorf\" \/>\n<meta property=\"article:modified_time\" content=\"2025-02-11T16:08:28+00:00\" \/>\n<meta name=\"twitter:card\" content=\"summary_large_image\" \/>\n<meta name=\"twitter:label1\" content=\"Gesch\u00e4tzte Lesezeit\" \/>\n\t<meta name=\"twitter:data1\" content=\"3\u00a0Minuten\" \/>\n<script type=\"application\/ld+json\" class=\"yoast-schema-graph\">{\"@context\":\"https:\/\/schema.org\",\"@graph\":[{\"@type\":\"WebPage\",\"@id\":\"https:\/\/smart-pr.de\/de\/leistungen\/presse-und-oeffentlichkeitsarbeit\/pressekonferenz\/\",\"url\":\"https:\/\/smart-pr.de\/de\/leistungen\/presse-und-oeffentlichkeitsarbeit\/pressekonferenz\/\",\"name\":\"Pressekonferenz - SMART PR \/\/ Ihre PR-Agentur in D\u00fcsseldorf\",\"isPartOf\":{\"@id\":\"https:\/\/smart-pr.de\/de\/#website\"},\"datePublished\":\"2024-08-26T13:47:51+00:00\",\"dateModified\":\"2025-02-11T16:08:28+00:00\",\"description\":\"Mit SMART PR wird Ihre Pressekonferenz zum Erfolg. Wir bieten ma\u00dfgeschneiderte L\u00f6sungen f\u00fcr eine effektive Medienansprache.\",\"breadcrumb\":{\"@id\":\"https:\/\/smart-pr.de\/de\/leistungen\/presse-und-oeffentlichkeitsarbeit\/pressekonferenz\/#breadcrumb\"},\"inLanguage\":\"de\",\"potentialAction\":[{\"@type\":\"ReadAction\",\"target\":[\"https:\/\/smart-pr.de\/de\/leistungen\/presse-und-oeffentlichkeitsarbeit\/pressekonferenz\/\"]}]},{\"@type\":\"BreadcrumbList\",\"@id\":\"https:\/\/smart-pr.de\/de\/leistungen\/presse-und-oeffentlichkeitsarbeit\/pressekonferenz\/#breadcrumb\",\"itemListElement\":[{\"@type\":\"ListItem\",\"position\":1,\"name\":\"Startseite\",\"item\":\"https:\/\/smart-pr.de\/de\/\"},{\"@type\":\"ListItem\",\"position\":2,\"name\":\"Leistungen\",\"item\":\"https:\/\/smart-pr.de\/de\/leistungen\/\"},{\"@type\":\"ListItem\",\"position\":3,\"name\":\"Presse- und \u00d6ffentlich\u00adkeitsarbeit\",\"item\":\"https:\/\/smart-pr.de\/de\/leistungen\/presse-und-oeffentlichkeitsarbeit\/\"},{\"@type\":\"ListItem\",\"position\":4,\"name\":\"Pressekonferenz\"}]},{\"@type\":\"WebSite\",\"@id\":\"https:\/\/smart-pr.de\/de\/#website\",\"url\":\"https:\/\/smart-pr.de\/de\/\",\"name\":\"SMART PR \/\/ Ihre PR-Agentur in D\u00fcsseldorf\",\"description\":\"F\u00fcr ganzheitliche Kommunikation\",\"publisher\":{\"@id\":\"https:\/\/smart-pr.de\/de\/#organization\"},\"potentialAction\":[{\"@type\":\"SearchAction\",\"target\":{\"@type\":\"EntryPoint\",\"urlTemplate\":\"https:\/\/smart-pr.de\/de\/?s={search_term_string}\"},\"query-input\":{\"@type\":\"PropertyValueSpecification\",\"valueRequired\":true,\"valueName\":\"search_term_string\"}}],\"inLanguage\":\"de\"},{\"@type\":\"Organization\",\"@id\":\"https:\/\/smart-pr.de\/de\/#organization\",\"name\":\"SMART PR \/\/ Ihre PR-Agentur in D\u00fcsseldorf\",\"url\":\"https:\/\/smart-pr.de\/de\/\",\"logo\":{\"@type\":\"ImageObject\",\"inLanguage\":\"de\",\"@id\":\"https:\/\/smart-pr.de\/de\/#\/schema\/logo\/image\/\",\"url\":\"https:\/\/smart-pr.de\/wp-content\/uploads\/2024\/08\/smart-pr-logo-2.png\",\"contentUrl\":\"https:\/\/smart-pr.de\/wp-content\/uploads\/2024\/08\/smart-pr-logo-2.png\",\"width\":1800,\"height\":282,\"caption\":\"SMART PR \/\/ Ihre PR-Agentur in D\u00fcsseldorf\"},\"image\":{\"@id\":\"https:\/\/smart-pr.de\/de\/#\/schema\/logo\/image\/\"}}]}<\/script>\n<!-- \/ Yoast SEO plugin. -->","yoast_head_json":{"title":"Pressekonferenz - SMART PR \/\/ Ihre PR-Agentur in D\u00fcsseldorf","description":"Mit SMART PR wird Ihre Pressekonferenz zum Erfolg. Wir bieten ma\u00dfgeschneiderte L\u00f6sungen f\u00fcr eine effektive Medienansprache.","robots":{"index":"index","follow":"follow","max-snippet":"max-snippet:-1","max-image-preview":"max-image-preview:large","max-video-preview":"max-video-preview:-1"},"canonical":"https:\/\/smart-pr.de\/de\/leistungen\/presse-und-oeffentlichkeitsarbeit\/pressekonferenz\/","og_locale":"de_DE","og_type":"article","og_title":"Pressekonferenz - SMART PR \/\/ Ihre PR-Agentur in D\u00fcsseldorf","og_description":"Mit SMART PR wird Ihre Pressekonferenz zum Erfolg. Wir bieten ma\u00dfgeschneiderte L\u00f6sungen f\u00fcr eine effektive Medienansprache.","og_url":"https:\/\/smart-pr.de\/de\/leistungen\/presse-und-oeffentlichkeitsarbeit\/pressekonferenz\/","og_site_name":"SMART PR \/\/ Ihre PR-Agentur in D\u00fcsseldorf","article_modified_time":"2025-02-11T16:08:28+00:00","twitter_card":"summary_large_image","twitter_misc":{"Gesch\u00e4tzte Lesezeit":"3\u00a0Minuten"},"schema":{"@context":"https:\/\/schema.org","@graph":[{"@type":"WebPage","@id":"https:\/\/smart-pr.de\/de\/leistungen\/presse-und-oeffentlichkeitsarbeit\/pressekonferenz\/","url":"https:\/\/smart-pr.de\/de\/leistungen\/presse-und-oeffentlichkeitsarbeit\/pressekonferenz\/","name":"Pressekonferenz - SMART PR \/\/ Ihre PR-Agentur in D\u00fcsseldorf","isPartOf":{"@id":"https:\/\/smart-pr.de\/de\/#website"},"datePublished":"2024-08-26T13:47:51+00:00","dateModified":"2025-02-11T16:08:28+00:00","description":"Mit SMART PR wird Ihre Pressekonferenz zum Erfolg. Wir bieten ma\u00dfgeschneiderte L\u00f6sungen f\u00fcr eine effektive Medienansprache.","breadcrumb":{"@id":"https:\/\/smart-pr.de\/de\/leistungen\/presse-und-oeffentlichkeitsarbeit\/pressekonferenz\/#breadcrumb"},"inLanguage":"de","potentialAction":[{"@type":"ReadAction","target":["https:\/\/smart-pr.de\/de\/leistungen\/presse-und-oeffentlichkeitsarbeit\/pressekonferenz\/"]}]},{"@type":"BreadcrumbList","@id":"https:\/\/smart-pr.de\/de\/leistungen\/presse-und-oeffentlichkeitsarbeit\/pressekonferenz\/#breadcrumb","itemListElement":[{"@type":"ListItem","position":1,"name":"Startseite","item":"https:\/\/smart-pr.de\/de\/"},{"@type":"ListItem","position":2,"name":"Leistungen","item":"https:\/\/smart-pr.de\/de\/leistungen\/"},{"@type":"ListItem","position":3,"name":"Presse- und \u00d6ffentlich\u00adkeitsarbeit","item":"https:\/\/smart-pr.de\/de\/leistungen\/presse-und-oeffentlichkeitsarbeit\/"},{"@type":"ListItem","position":4,"name":"Pressekonferenz"}]},{"@type":"WebSite","@id":"https:\/\/smart-pr.de\/de\/#website","url":"https:\/\/smart-pr.de\/de\/","name":"SMART PR \/\/ Ihre PR-Agentur in D\u00fcsseldorf","description":"F\u00fcr ganzheitliche Kommunikation","publisher":{"@id":"https:\/\/smart-pr.de\/de\/#organization"},"potentialAction":[{"@type":"SearchAction","target":{"@type":"EntryPoint","urlTemplate":"https:\/\/smart-pr.de\/de\/?s={search_term_string}"},"query-input":{"@type":"PropertyValueSpecification","valueRequired":true,"valueName":"search_term_string"}}],"inLanguage":"de"},{"@type":"Organization","@id":"https:\/\/smart-pr.de\/de\/#organization","name":"SMART PR \/\/ Ihre PR-Agentur in D\u00fcsseldorf","url":"https:\/\/smart-pr.de\/de\/","logo":{"@type":"ImageObject","inLanguage":"de","@id":"https:\/\/smart-pr.de\/de\/#\/schema\/logo\/image\/","url":"https:\/\/smart-pr.de\/wp-content\/uploads\/2024\/08\/smart-pr-logo-2.png","contentUrl":"https:\/\/smart-pr.de\/wp-content\/uploads\/2024\/08\/smart-pr-logo-2.png","width":1800,"height":282,"caption":"SMART PR \/\/ Ihre PR-Agentur in D\u00fcsseldorf"},"image":{"@id":"https:\/\/smart-pr.de\/de\/#\/schema\/logo\/image\/"}}]}},"_links":{"self":[{"href":"https:\/\/smart-pr.de\/de\/wp-json\/wp\/v2\/pages\/1087","targetHints":{"allow":["GET"]}}],"collection":[{"href":"https:\/\/smart-pr.de\/de\/wp-json\/wp\/v2\/pages"}],"about":[{"href":"https:\/\/smart-pr.de\/de\/wp-json\/wp\/v2\/types\/page"}],"author":[{"embeddable":true,"href":"https:\/\/smart-pr.de\/de\/wp-json\/wp\/v2\/users\/2"}],"replies":[{"embeddable":true,"href":"https:\/\/smart-pr.de\/de\/wp-json\/wp\/v2\/comments?post=1087"}],"version-history":[{"count":8,"href":"https:\/\/smart-pr.de\/de\/wp-json\/wp\/v2\/pages\/1087\/revisions"}],"predecessor-version":[{"id":6435,"href":"https:\/\/smart-pr.de\/de\/wp-json\/wp\/v2\/pages\/1087\/revisions\/6435"}],"up":[{"embeddable":true,"href":"https:\/\/smart-pr.de\/de\/wp-json\/wp\/v2\/pages\/59"}],"wp:attachment":[{"href":"https:\/\/smart-pr.de\/de\/wp-json\/wp\/v2\/media?parent=1087"}],"curies":[{"name":"wp","href":"https:\/\/api.w.org\/{rel}","templated":true}]}}