{"id":10857,"date":"2025-10-14T14:30:26","date_gmt":"2025-10-14T14:30:26","guid":{"rendered":"https:\/\/smart-pr.de\/?page_id=10857"},"modified":"2026-01-28T10:22:10","modified_gmt":"2026-01-28T10:22:10","slug":"aktionen","status":"publish","type":"page","link":"https:\/\/smart-pr.de\/de\/aktionen\/","title":{"rendered":"Aktionen"},"content":{"rendered":"<div class=\"wpb-content-wrapper\"><p>[vc_row css=&#8220;.vc_custom_1760516454835{margin-top: -30px !important;margin-bottom: 25px !important;}&#8220;][vc_column]\n\t\t\t\t<p class=\"rs-p-wp-fix\"><\/p>\n\t\t\t\t<sr7-module data-alias=\"startseite_slider-1\" data-id=\"107\" id=\"SR7_107_1\" class=\"rs-ov-hidden\" data-version=\"6.7.33\">\n\t\t\t\t\t<sr7-adjuster><\/sr7-adjuster>\n\t\t\t\t\t<sr7-content>\n\t\t\t\t\t\t<sr7-slide id=\"SR7_107_1-391\" data-key=\"391\">\n\t\t\t\t\t\t\t<sr7-bg id=\"SR7_107_1-391-13\" class=\"sr7-layer\"><noscript><img decoding=\"async\" src=\"https:\/\/smart-pr.de\/wp-content\/uploads\/2025\/10\/ki-check-website.png\" alt=\"Auf einem wei\u00dfen Schreibtisch ge\u00f6ffneter Laptop zeigt links UI\/UX-Design, rechts goldene Netzwerkknoten. Minimalistische, technikorientierte, innovative Atmosph\u00e4re.\" title=\"ki-check-website\"><\/noscript><\/sr7-bg>\n\t\t\t\t\t\t\t<sr7-txt id=\"SR7_107_1-391-1\" class=\"sr7-layer\">Ist Ihre Website bereit <br \/>f\u00fcr die KI-Suche?<\/sr7-txt>\n\t\t\t\t\t\t\t<sr7-txt id=\"SR7_107_1-391-4\" class=\"sr7-layer\">Sichern Sie Ihre Sichtbarkeit in der KI-Suche mit unserem professionellen Website-Upgrade.<\/sr7-txt>\n\t\t\t\t\t\t\t<sr7-txt id=\"SR7_107_1-391-7\" class=\"sr7-layer\">Jetzt KI-Check anfragen<\/sr7-txt>\n\t\t\t\t\t\t\t<sr7-txt id=\"SR7_107_1-391-12\" class=\"sr7-layer\"><i class=\"fa-chevron-right\"><\/i><\/sr7-txt>\n\t\t\t\t\t\t<\/sr7-slide>\n\t\t\t\t\t\t<sr7-slide id=\"SR7_107_1-393\" data-key=\"393\">\n\t\t\t\t\t\t\t<sr7-bg id=\"SR7_107_1-393-13\" class=\"sr7-layer\"><noscript><img decoding=\"async\" src=\"https:\/\/smart-pr.de\/wp-content\/uploads\/2021\/03\/Header-Nachhaltigkeit.png\" alt=\"Person arbeitet am Laptop an der Optimierung einer Corporate Website, um die Nutzererfahrung zu verbessern und die Online-Pr\u00e4senz zu st\u00e4rken.\" title=\"Header Nachhaltigkeit\"><\/noscript><\/sr7-bg>\n\t\t\t\t\t\t\t<sr7-txt id=\"SR7_107_1-393-1\" class=\"sr7-layer\">Wie sichtbar ist Ihr <br \/>Unternehmen wirklich?<\/sr7-txt>\n\t\t\t\t\t\t\t<sr7-txt id=\"SR7_107_1-393-4\" class=\"sr7-layer\">Finden Sie mit unserer Visibilit\u00e4ts-Gap-Analyse heraus, wie stark Ihre digitale und mediale Pr\u00e4senz tats\u00e4chlich ist.<\/sr7-txt>\n\t\t\t\t\t\t\t<sr7-txt id=\"SR7_107_1-393-7\" class=\"sr7-layer\">Jetzt Gap-Analyse machen<\/sr7-txt>\n\t\t\t\t\t\t\t<sr7-txt id=\"SR7_107_1-393-12\" class=\"sr7-layer\"><i class=\"fa-chevron-right\"><\/i><\/sr7-txt>\n\t\t\t\t\t\t<\/sr7-slide>\n\t\t\t\t\t\t<sr7-slide id=\"SR7_107_1-388\" data-key=\"388\">\n\t\t\t\t\t\t\t<sr7-bg id=\"SR7_107_1-388-13\" class=\"sr7-layer\"><noscript><img decoding=\"async\" src=\"https:\/\/smart-pr.de\/wp-content\/uploads\/2025\/10\/SMART_PR_Beratung.png\" alt=\"Eine Hand h\u00e4lt eine runde Karte auf einem gelb-grauen Hintergrund. Auf der Karte steht \u201eWir verstehen Ihre Bed\u00fcrfnisse\u201c und vermittelt damit eine Botschaft der Empathie und Unterst\u00fctzung.\" title=\"SMART_PR_Beratung\"><\/noscript><\/sr7-bg>\n\t\t\t\t\t\t\t<sr7-txt id=\"SR7_107_1-388-1\" class=\"sr7-layer\">\tPR-Beratung<br \/>gew\u00fcnscht?<\/sr7-txt>\n\t\t\t\t\t\t\t<sr7-txt id=\"SR7_107_1-388-4\" class=\"sr7-layer\">Ob Fachpresse, Online-PR oder Contentstrategie \u2013 wir unterst\u00fctzen Sie mit Expertise<\/sr7-txt>\n\t\t\t\t\t\t\t<sr7-txt id=\"SR7_107_1-388-7\" class=\"sr7-layer\">Jetzt unverbindlich beraten lassen<\/sr7-txt>\n\t\t\t\t\t\t\t<sr7-txt id=\"SR7_107_1-388-12\" class=\"sr7-layer\"><i class=\"fa-chevron-right\"><\/i><\/sr7-txt>\n\t\t\t\t\t\t<\/sr7-slide>\n\t\t\t\t\t\t<sr7-slide id=\"SR7_107_1-392\" data-key=\"392\">\n\t\t\t\t\t\t<\/sr7-slide>\n\t\t\t\t\t<\/sr7-content>\n\t\t\t\t\t<image_lists style=\"display:none\">\n\t\t\t\t\t\t<img data-src=\"\/\/smart-pr.de\/wp-content\/uploads\/2025\/10\/SMART_PR_Beratung.png\" data-libid=\"10859\" data-lib=\"medialibrary\" alt=\"Eine Hand h\u00e4lt eine runde Karte auf einem gelb-grauen Hintergrund. Auf der Karte steht \u201eWir verstehen Ihre Bed\u00fcrfnisse\u201c und vermittelt damit eine Botschaft der Empathie und Unterst\u00fctzung.\" title=\"SMART_PR_Beratung\" width=\"0\" height=\"0\" data-dbsrc=\"Ly9zbWFydC1wci5kZS93cC1jb250ZW50L3VwbG9hZHMvMjAyNS8xMC9TTUFSVF9QUl9CZXJhdHVuZy5wbmc=\"\/>\n\t\t\t\t\t\t<img data-src=\"\/\/smart-pr.de\/wp-content\/uploads\/2025\/10\/ki-check-website.png\" data-libid=\"10861\" data-lib=\"medialibrary\" alt=\"Auf einem wei\u00dfen Schreibtisch ge\u00f6ffneter Laptop zeigt links UI\/UX-Design, rechts goldene Netzwerkknoten. Minimalistische, technikorientierte, innovative Atmosph\u00e4re.\" title=\"ki-check-website\" width=\"0\" height=\"0\" data-dbsrc=\"Ly9zbWFydC1wci5kZS93cC1jb250ZW50L3VwbG9hZHMvMjAyNS8xMC9raS1jaGVjay13ZWJzaXRlLnBuZw==\"\/>\n\t\t\t\t\t\t<img data-src=\"\/\/smart-pr.de\/wp-content\/uploads\/2021\/03\/Header-Nachhaltigkeit.png\" data-libid=\"3343\" data-lib=\"medialibrary\" alt=\"Person arbeitet am Laptop an der Optimierung einer Corporate Website, um die Nutzererfahrung zu verbessern und die Online-Pr\u00e4senz zu st\u00e4rken.\" title=\"Header Nachhaltigkeit\" width=\"0\" height=\"0\" data-dbsrc=\"Ly9zbWFydC1wci5kZS93cC1jb250ZW50L3VwbG9hZHMvMjAyMS8wMy9IZWFkZXItTmFjaGhhbHRpZ2tlaXQucG5n\"\/>\n\t\t\t\t\t<\/image_lists>\n\t\t\t\t<\/sr7-module>\n\t\t\t\t<script>\n\t\t\t\t\tSR7.PMH ??={}; SR7.PMH[\"SR7_107_1\"] = {cn:100,state:false,fn: function() { if (_tpt!==undefined && _tpt.prepareModuleHeight !== undefined) {  _tpt.prepareModuleHeight({id:\"SR7_107_1\",el:[868,868,868,960,720],type:'standard',shdw:'0',gh:[868,868,868,960,720],gw:[1240,1240,1240,778,480],vpt:['-200px&#039;,&#039;-200px&#039;,&#039;-200px&#039;,&#039;-200px&#039;,&#039;-200px'],size:{fullWidth:true, fullHeight:true},fho:',60px',mh:'0',onh:0,onw:0,bg:{color:'{\"type\":\"solid\",\"orig\":\"#111111\",\"string\":\"rgba(17, 17, 17, 1)\"}'},plType:'-1',plColor:'#FFFFFF'});   SR7.PMH[\"SR7_107_1\"].state=true;} else if(SR7.PMH[\"SR7_107_1\"].cn-->0)\tsetTimeout( SR7.PMH[\"SR7_107_1\"].fn,19);}};SR7.PMH[\"SR7_107_1\" ].fn();\n\t\t\t\t<\/script>\n[\/vc_column][\/vc_row][vc_row css=&#8220;.vc_custom_1760516428009{margin-top: 25px !important;margin-bottom: 25px !important;}&#8220;][vc_column width=&#8220;1\/4&#8243;][\/vc_column][vc_column width=&#8220;1\/2&#8243;][vc_column_text css_animation=&#8220;fadeIn&#8220; css=&#8220;&#8220; el_class=&#8220;h2, h3, h4, h5:first-letter&#8220;]<\/p>\n<div class=\"wpb_text_column wpb_content_element wpb_animate_when_almost_visible wpb_fadeIn fadeIn h2, h3, h4, h5:first-letter wpb_start_animation animated\">\n<div class=\"wpb_wrapper\">\n<h1><strong>Unsere aktuellen Aktionen <\/strong><strong>f\u00fcr Ihren digitalen Erfolg<\/strong><\/h1>\n<p><span style=\"font-size: 30px;\">Die richtigen Impulse f\u00fcr Ihre digitale Kommunikation \u2013 kompakt und sofort umsetzbar<\/span><\/p>\n<\/div>\n<\/div>\n<p>[\/vc_column_text][\/vc_column][vc_column width=&#8220;1\/4&#8243;][\/vc_column][\/vc_row][vc_row full_width=&#8220;stretch_row_content&#8220; css=&#8220;.vc_custom_1769595728626{background-color: #ffd500 !important;}&#8220;][vc_column width=&#8220;1\/4&#8243;][\/vc_column][vc_column width=&#8220;1\/2&#8243;][vc_column_text css=&#8220;&#8220;]<span data-slate-fragment=\"JTVCJTdCJTIydHlwZSUyMiUzQSUyMnAlMjIlMkMlMjJjaGlsZHJlbiUyMiUzQSU1QiU3QiUyMnRleHQlMjIlM0ElMjJEaWUlMjBkaWdpdGFsZSUyMFdlbHQlMjB2ZXIlQzMlQTRuZGVydCUyMHNpY2glMjByYXNhbnQlMjAlRTIlODAlOTMlMjB1bmQlMjBJaHJlJTIwS29tbXVuaWthdGlvbiUyMG11c3MlMjBTY2hyaXR0JTIwaGFsdGVuLiUyME1pdCUyMHVuc2VyZW4lMjBzcGV6aWVsbCUyMGtvbnppcGllcnRlbiUyMEFrdGlvbnNhbmdlYm90ZW4lMjBlcmhhbHRlbiUyMFNpZSUyMHNjaG5lbGxlJTIwQW5hbHlzZW4lMkMlMjBrbGFyZSUyMEhhbmRsdW5nc2VtcGZlaGx1bmdlbiUyMHVuZCUyMG1lc3NiYXJlJTIwVmVyYmVzc2VydW5nZW4uJTIwT2huZSUyMGxhbmd3aWVyaWdlJTIwUHJvamVrdGUlMkMlMjBvaG5lJTIwa29tcGxleGUlMjBWZXJ0ciVDMyVBNGdlLiUyMEVpbmZhY2glMjBzdGFydGVuJTJDJTIwc29mb3J0JTIwcHJvZml0aWVyZW4uJTIyJTdEJTVEJTdEJTVE\">Die digitale Welt ver\u00e4ndert sich rasant \u2013 und Ihre Kommunikation muss Schritt halten. Mit unseren speziell konzipierten Aktionsangeboten erhalten Sie schnelle Analysen, klare Handlungsempfehlungen und messbare Verbesserungen. Ohne langwierige Projekte, ohne komplexe Vertr\u00e4ge. Einfach starten, sofort profitieren.<\/span>[\/vc_column_text][\/vc_column][vc_column width=&#8220;1\/4&#8243;][\/vc_column][\/vc_row][vc_row gap=&#8220;35&#8243; equal_height=&#8220;yes&#8220; css=&#8220;.vc_custom_1732714345103{margin-top: 35px !important;}&#8220;][vc_column width=&#8220;1\/4&#8243;][\/vc_column][vc_column css_animation=&#8220;fadeInLeft&#8220; width=&#8220;1\/4&#8243;][vc_single_image image=&#8220;6254&#8243; img_size=&#8220;full&#8220; alignment=&#8220;center&#8220; onclick=&#8220;custom_link&#8220; css_animation=&#8220;none&#8220; css=&#8220;&#8220; link=&#8220;http:\/\/blog.smart-pr.de\/ki-check-website&#8220;][vc_column_text css=&#8220;&#8220;]<strong>KI-Check Website<\/strong>[\/vc_column_text][vc_column_text css=&#8220;&#8220;]<\/p>\n<h4><strong>Website-Upgrade mit KI-Check<\/strong><\/h4>\n<p>Wird Ihre Website von ChatGPT &amp; Co. gefunden? Unser professioneller KI-Check analysiert Ihre Website auf Sichtbarkeit in KI-Suchsystemen, technische Struktur, Verst\u00e4ndlichkeit und Barrierefreiheit.[\/vc_column_text][vc_btn title=&#8220;mehr erfahren&#8220; style=&#8220;outline-custom&#8220; outline_custom_color=&#8220;#0a0000&#8243; outline_custom_hover_background=&#8220;#ffd500&#8243; outline_custom_hover_text=&#8220;#0a0000&#8243; css=&#8220;&#8220; link=&#8220;url:http%3A%2F%2Fblog.smart-pr.de%2Fki-check-website|title:News&#8220;][\/vc_column][vc_column css_animation=&#8220;fadeInRight&#8220; width=&#8220;1\/4&#8243;][vc_single_image image=&#8220;10872&#8243; img_size=&#8220;full&#8220; alignment=&#8220;center&#8220; onclick=&#8220;custom_link&#8220; css_animation=&#8220;none&#8220; css=&#8220;&#8220; link=&#8220;https:\/\/blog.smart-pr.de\/visibilit%C3%A4ts-gap-analyse&#8220;][vc_column_text css=&#8220;&#8220;]<strong>Visibilit\u00e4ts-Gap-Analyse<\/strong>[\/vc_column_text][vc_column_text css=&#8220;&#8220;]<\/p>\n<h4><strong>Wie sichtbar ist Ihr Unternehmen wirklich?<\/strong><\/h4>\n<p>Sichtbarkeit entsteht nicht zuf\u00e4llig \u2013 sie ist das Ergebnis einer klaren Strategie. Unsere Gap-Analyse zeigt, wo Ihr Unternehmen digital steht \u2013 und wo ungenutztes Potenzial liegt. Beantworten Sie jetzt ein paar gezielte Fragen und finden Sie heraus, wie stark Ihre digitale und mediale Pr\u00e4senz tats\u00e4chlich ist.[\/vc_column_text][vc_btn title=&#8220;mehr erfahren&#8220; style=&#8220;outline-custom&#8220; outline_custom_color=&#8220;#0a0000&#8243; outline_custom_hover_background=&#8220;#ffd500&#8243; outline_custom_hover_text=&#8220;#0a0909&#8243; css=&#8220;&#8220; link=&#8220;url:https%3A%2F%2Fblog.smart-pr.de%2Fvisibilit%25C3%25A4ts-gap-analyse|title:Whitepaper&#8220;][\/vc_column][vc_column width=&#8220;1\/4&#8243;][\/vc_column][\/vc_row]<\/p>\n<\/div>","protected":false},"excerpt":{"rendered":"[vc_row css=\".vc_custom_1760516454835{margin-top: -30px !important;margin-bottom: 25px !important;}\"][vc_column] Ist Ihre Website bereit f\u00fcr die KI-Suche? Sichern Sie<span class=\"excerpt-hellip\"> [\u2026]<\/span>","protected":false},"author":4,"featured_media":0,"parent":0,"menu_order":0,"comment_status":"closed","ping_status":"closed","template":"","meta":{"footnotes":""},"class_list":["post-10857","page","type-page","status-publish","hentry"],"yoast_head":"<!-- This site is optimized with the Yoast SEO plugin v25.6 - https:\/\/yoast.com\/wordpress\/plugins\/seo\/ -->\n<title>Aktionen - SMART PR \/\/ Ihre PR-Agentur in D\u00fcsseldorf<\/title>\n<meta name=\"description\" content=\"Aktuelle Aktionen von SMART PR: PR-Impulse, KI-Website-Check und Sichtbarkeits-Analyse f\u00fcr mehr digitale Reichweite.\" \/>\n<meta name=\"robots\" content=\"index, follow, max-snippet:-1, max-image-preview:large, max-video-preview:-1\" \/>\n<link rel=\"canonical\" href=\"https:\/\/smart-pr.de\/de\/aktionen\/\" \/>\n<meta property=\"og:locale\" content=\"de_DE\" \/>\n<meta property=\"og:type\" content=\"article\" \/>\n<meta property=\"og:title\" content=\"Aktionen - SMART PR \/\/ Ihre PR-Agentur in D\u00fcsseldorf\" \/>\n<meta property=\"og:description\" content=\"Aktuelle Aktionen von SMART PR: PR-Impulse, KI-Website-Check und Sichtbarkeits-Analyse f\u00fcr mehr digitale Reichweite.\" \/>\n<meta property=\"og:url\" content=\"https:\/\/smart-pr.de\/de\/aktionen\/\" \/>\n<meta property=\"og:site_name\" content=\"SMART PR \/\/ Ihre PR-Agentur in D\u00fcsseldorf\" \/>\n<meta property=\"article:modified_time\" content=\"2026-01-28T10:22:10+00:00\" \/>\n<meta name=\"twitter:card\" content=\"summary_large_image\" \/>\n<meta name=\"twitter:label1\" content=\"Gesch\u00e4tzte Lesezeit\" \/>\n\t<meta name=\"twitter:data1\" content=\"2\u00a0Minuten\" \/>\n<script type=\"application\/ld+json\" class=\"yoast-schema-graph\">{\"@context\":\"https:\/\/schema.org\",\"@graph\":[{\"@type\":\"WebPage\",\"@id\":\"https:\/\/smart-pr.de\/de\/aktionen\/\",\"url\":\"https:\/\/smart-pr.de\/de\/aktionen\/\",\"name\":\"Aktionen - SMART PR \/\/ Ihre PR-Agentur in D\u00fcsseldorf\",\"isPartOf\":{\"@id\":\"https:\/\/smart-pr.de\/de\/#website\"},\"datePublished\":\"2025-10-14T14:30:26+00:00\",\"dateModified\":\"2026-01-28T10:22:10+00:00\",\"description\":\"Aktuelle Aktionen von SMART PR: PR-Impulse, KI-Website-Check und Sichtbarkeits-Analyse f\u00fcr mehr digitale Reichweite.\",\"breadcrumb\":{\"@id\":\"https:\/\/smart-pr.de\/de\/aktionen\/#breadcrumb\"},\"inLanguage\":\"de\",\"potentialAction\":[{\"@type\":\"ReadAction\",\"target\":[\"https:\/\/smart-pr.de\/de\/aktionen\/\"]}]},{\"@type\":\"BreadcrumbList\",\"@id\":\"https:\/\/smart-pr.de\/de\/aktionen\/#breadcrumb\",\"itemListElement\":[{\"@type\":\"ListItem\",\"position\":1,\"name\":\"Startseite\",\"item\":\"https:\/\/smart-pr.de\/de\/\"},{\"@type\":\"ListItem\",\"position\":2,\"name\":\"Aktionen\"}]},{\"@type\":\"WebSite\",\"@id\":\"https:\/\/smart-pr.de\/de\/#website\",\"url\":\"https:\/\/smart-pr.de\/de\/\",\"name\":\"SMART PR \/\/ Ihre PR-Agentur in D\u00fcsseldorf\",\"description\":\"F\u00fcr ganzheitliche Kommunikation\",\"publisher\":{\"@id\":\"https:\/\/smart-pr.de\/de\/#organization\"},\"potentialAction\":[{\"@type\":\"SearchAction\",\"target\":{\"@type\":\"EntryPoint\",\"urlTemplate\":\"https:\/\/smart-pr.de\/de\/?s={search_term_string}\"},\"query-input\":{\"@type\":\"PropertyValueSpecification\",\"valueRequired\":true,\"valueName\":\"search_term_string\"}}],\"inLanguage\":\"de\"},{\"@type\":\"Organization\",\"@id\":\"https:\/\/smart-pr.de\/de\/#organization\",\"name\":\"SMART PR \/\/ Ihre PR-Agentur in D\u00fcsseldorf\",\"url\":\"https:\/\/smart-pr.de\/de\/\",\"logo\":{\"@type\":\"ImageObject\",\"inLanguage\":\"de\",\"@id\":\"https:\/\/smart-pr.de\/de\/#\/schema\/logo\/image\/\",\"url\":\"https:\/\/smart-pr.de\/wp-content\/uploads\/2024\/08\/smart-pr-logo-2.png\",\"contentUrl\":\"https:\/\/smart-pr.de\/wp-content\/uploads\/2024\/08\/smart-pr-logo-2.png\",\"width\":1800,\"height\":282,\"caption\":\"SMART PR \/\/ Ihre PR-Agentur in D\u00fcsseldorf\"},\"image\":{\"@id\":\"https:\/\/smart-pr.de\/de\/#\/schema\/logo\/image\/\"}}]}<\/script>\n<!-- \/ Yoast SEO plugin. -->","yoast_head_json":{"title":"Aktionen - SMART PR \/\/ Ihre PR-Agentur in D\u00fcsseldorf","description":"Aktuelle Aktionen von SMART PR: PR-Impulse, KI-Website-Check und Sichtbarkeits-Analyse f\u00fcr mehr digitale Reichweite.","robots":{"index":"index","follow":"follow","max-snippet":"max-snippet:-1","max-image-preview":"max-image-preview:large","max-video-preview":"max-video-preview:-1"},"canonical":"https:\/\/smart-pr.de\/de\/aktionen\/","og_locale":"de_DE","og_type":"article","og_title":"Aktionen - SMART PR \/\/ Ihre PR-Agentur in D\u00fcsseldorf","og_description":"Aktuelle Aktionen von SMART PR: PR-Impulse, KI-Website-Check und Sichtbarkeits-Analyse f\u00fcr mehr digitale Reichweite.","og_url":"https:\/\/smart-pr.de\/de\/aktionen\/","og_site_name":"SMART PR \/\/ Ihre PR-Agentur in D\u00fcsseldorf","article_modified_time":"2026-01-28T10:22:10+00:00","twitter_card":"summary_large_image","twitter_misc":{"Gesch\u00e4tzte Lesezeit":"2\u00a0Minuten"},"schema":{"@context":"https:\/\/schema.org","@graph":[{"@type":"WebPage","@id":"https:\/\/smart-pr.de\/de\/aktionen\/","url":"https:\/\/smart-pr.de\/de\/aktionen\/","name":"Aktionen - SMART PR \/\/ Ihre PR-Agentur in D\u00fcsseldorf","isPartOf":{"@id":"https:\/\/smart-pr.de\/de\/#website"},"datePublished":"2025-10-14T14:30:26+00:00","dateModified":"2026-01-28T10:22:10+00:00","description":"Aktuelle Aktionen von SMART PR: PR-Impulse, KI-Website-Check und Sichtbarkeits-Analyse f\u00fcr mehr digitale Reichweite.","breadcrumb":{"@id":"https:\/\/smart-pr.de\/de\/aktionen\/#breadcrumb"},"inLanguage":"de","potentialAction":[{"@type":"ReadAction","target":["https:\/\/smart-pr.de\/de\/aktionen\/"]}]},{"@type":"BreadcrumbList","@id":"https:\/\/smart-pr.de\/de\/aktionen\/#breadcrumb","itemListElement":[{"@type":"ListItem","position":1,"name":"Startseite","item":"https:\/\/smart-pr.de\/de\/"},{"@type":"ListItem","position":2,"name":"Aktionen"}]},{"@type":"WebSite","@id":"https:\/\/smart-pr.de\/de\/#website","url":"https:\/\/smart-pr.de\/de\/","name":"SMART PR \/\/ Ihre PR-Agentur in D\u00fcsseldorf","description":"F\u00fcr ganzheitliche Kommunikation","publisher":{"@id":"https:\/\/smart-pr.de\/de\/#organization"},"potentialAction":[{"@type":"SearchAction","target":{"@type":"EntryPoint","urlTemplate":"https:\/\/smart-pr.de\/de\/?s={search_term_string}"},"query-input":{"@type":"PropertyValueSpecification","valueRequired":true,"valueName":"search_term_string"}}],"inLanguage":"de"},{"@type":"Organization","@id":"https:\/\/smart-pr.de\/de\/#organization","name":"SMART PR \/\/ Ihre PR-Agentur in D\u00fcsseldorf","url":"https:\/\/smart-pr.de\/de\/","logo":{"@type":"ImageObject","inLanguage":"de","@id":"https:\/\/smart-pr.de\/de\/#\/schema\/logo\/image\/","url":"https:\/\/smart-pr.de\/wp-content\/uploads\/2024\/08\/smart-pr-logo-2.png","contentUrl":"https:\/\/smart-pr.de\/wp-content\/uploads\/2024\/08\/smart-pr-logo-2.png","width":1800,"height":282,"caption":"SMART PR \/\/ Ihre PR-Agentur in D\u00fcsseldorf"},"image":{"@id":"https:\/\/smart-pr.de\/de\/#\/schema\/logo\/image\/"}}]}},"_links":{"self":[{"href":"https:\/\/smart-pr.de\/de\/wp-json\/wp\/v2\/pages\/10857","targetHints":{"allow":["GET"]}}],"collection":[{"href":"https:\/\/smart-pr.de\/de\/wp-json\/wp\/v2\/pages"}],"about":[{"href":"https:\/\/smart-pr.de\/de\/wp-json\/wp\/v2\/types\/page"}],"author":[{"embeddable":true,"href":"https:\/\/smart-pr.de\/de\/wp-json\/wp\/v2\/users\/4"}],"replies":[{"embeddable":true,"href":"https:\/\/smart-pr.de\/de\/wp-json\/wp\/v2\/comments?post=10857"}],"version-history":[{"count":18,"href":"https:\/\/smart-pr.de\/de\/wp-json\/wp\/v2\/pages\/10857\/revisions"}],"predecessor-version":[{"id":10902,"href":"https:\/\/smart-pr.de\/de\/wp-json\/wp\/v2\/pages\/10857\/revisions\/10902"}],"wp:attachment":[{"href":"https:\/\/smart-pr.de\/de\/wp-json\/wp\/v2\/media?parent=10857"}],"curies":[{"name":"wp","href":"https:\/\/api.w.org\/{rel}","templated":true}]}}