{"id":1081,"date":"2024-08-26T13:47:01","date_gmt":"2024-08-26T13:47:01","guid":{"rendered":"https:\/\/entwicklungsumgebung6729.live-website.com\/?page_id=1081"},"modified":"2025-09-16T10:07:57","modified_gmt":"2025-09-16T10:07:57","slug":"kampagnen","status":"publish","type":"page","link":"https:\/\/smart-pr.de\/de\/leistungen\/kampagnen\/","title":{"rendered":"Kampagnen"},"content":{"rendered":"<div class=\"wpb-content-wrapper\"><p>[vc_row full_width=&#8220;stretch_row_content_no_spaces&#8220; css=&#8220;.vc_custom_1729004678755{margin-top: -30px !important;}&#8220;][vc_column][vc_single_image image=&#8220;6422&#8243; img_size=&#8220;full&#8220; alignment=&#8220;center&#8220; css=&#8220;&#8220;][\/vc_column][\/vc_row][vc_row][vc_column width=&#8220;1\/6&#8243;][\/vc_column][vc_column width=&#8220;2\/3&#8243;][vc_column_text css=&#8220;&#8220;]<\/p>\n<h1 class=\"wp-block-heading\" style=\"text-align: left;\"><strong>Kreative Kampagnen: Ma\u00dfgeschneiderte L\u00f6sungen f\u00fcr Ihr Business-Wachstum<\/strong><\/h1>\n<p>[\/vc_column_text][\/vc_column][vc_column width=&#8220;1\/6&#8243;][\/vc_column][\/vc_row][vc_row][vc_column width=&#8220;1\/6&#8243;][\/vc_column][vc_column width=&#8220;2\/3&#8243;][vc_column_text css=&#8220;&#8220;]<\/p>\n<h2 class=\"wp-block-heading\"><strong>Online und Social Media Kampagnen bei der D\u00fcsseldorfer Agentur SMART PR<\/strong><\/h2>\n<p>Bei vielen kommunikativen Aufgabenstellungen empfiehlt es sich, in Kampagnen zu denken, denn PR Kampagnen erzielen eine weitaus gr\u00f6\u00dfere Wirkung und Aufmerksamkeit als eine Aneinanderreihung von Einzelma\u00dfnahmen.<\/p>\n<p>F\u00fcr uns bedeutet das, Strategien zu entwickeln und die Kampagne so zu planen, dass Sie im passenden Kontext aufmerksamkeitsstark mit den zielgruppenrelevanten Themen vertreten sind. Mit unseren Kampagnen schaffen wir ein einheitliches Messaging f\u00fcr Ihre Marke.<\/p>\n<p>Ob\u00a0<strong>Social Media Kampagne<\/strong>,\u00a0<strong>Online PR Kampagne<\/strong>,\u00a0<span style=\"color: #808080;\"><a style=\"color: #808080;\" href=\"https:\/\/smart-pr.de\/de\/news\/blog\/erfolgreiche-kampagnen-mit-inbound-marketing\/\" rel=\"noopener\"><strong>Inbound Marketing Kampagne<\/strong><\/a><\/span>\u00a0oder\u00a0<strong>integrierte PR Kampagne<\/strong>\u00a0\u2013 wir entwickeln das\u00a0<strong>Gesamtkonzept\u00a0<\/strong>und die einzelnen Kampagnenphasen, \u00fcbernehmen die\u00a0<strong>komplette Umsetzung<\/strong>\u00a0aller Ma\u00dfnahmen und\u00a0<strong>kontrollieren den Ablauf<\/strong>\u00a0der PR Kampagne. Bei Online PR oder Inbound Marketing Kampagnen erstellen wir dazu einen umfassenden\u00a0<strong>Mehrwert-Content<\/strong>, beispielsweise in Form von Whitepapern, der Ihre Zielgruppe begeistert.[\/vc_column_text][\/vc_column][vc_column width=&#8220;1\/6&#8243;][\/vc_column][\/vc_row][vc_row][vc_column width=&#8220;1\/6&#8243;][\/vc_column][vc_column width=&#8220;2\/3&#8243;][vc_column_text css=&#8220;&#8220;]<\/p>\n<h2 class=\"wp-block-heading\"><strong>Social Media Kampagnen<\/strong><\/h2>\n<p>Wir entwickeln spannende\u00a0<strong>Social Media Kampagnen<\/strong>, mit denen Sie Ihre Zielgruppe im Social Web erreichen. Hierf\u00fcr gehen wir auch ungew\u00f6hnliche Wege. So haben wir beispielsweise eine\u00a0<strong>B2B Kampagne<\/strong>\u00a0f\u00fcr einen bekannten Nutzfahrzeuge-Hersteller geplant und durchgef\u00fchrt, die uns quer durch Europa gef\u00fchrt hat. F\u00fcr die Kernzielgruppe Handwerker hat unser Live-Reporter ein neues Modell des Herstellers auf einer 50.000 Kilometer langen Reise begleitet und dabei interessanten und zielgruppenrelevanten Content produziert. Lesen Sie\u00a0<a href=\"https:\/\/smart-pr.de\/de\/news\/blog\/case_studies\/online-storytelling-vw-crafter\/\" rel=\"noopener\">hier mehr \u00fcber die Kampagne und ihre Ergebnisse<\/a>. Aber auch bei kleinerem Budget entwickelt unser kreatives Team die passende Social Media Kampagne f\u00fcr Ihr Unternehmen.[\/vc_column_text][\/vc_column][vc_column width=&#8220;1\/6&#8243;][\/vc_column][\/vc_row][vc_row][vc_column width=&#8220;1\/6&#8243;][\/vc_column][vc_column width=&#8220;2\/3&#8243;][vc_column_text css=&#8220;&#8220;]<\/p>\n<h2 class=\"wp-block-heading\"><strong>Inbound Marketing Kampagnen<\/strong><\/h2>\n<p>Beim\u00a0<strong>Inbound Marketing<\/strong>\u00a0geht es darum, dass der Kunde Ihr Unternehmen findet \u2013 und nicht umgekehrt. Dies gelingt durch hochwertigen Content, der den Kunden abholt und seine Fragen beantwortet, und zwar genau in der Phase des Kaufentscheidungsprozesses, in der er sich gerade befindet.<\/p>\n<p>Wir entwickeln Kampagnen f\u00fcr Sie, bei denen die Inbound Methodik die Basis bildet. Ein Beispiel ist eine<strong>\u00a0B2B Kampagne<\/strong>\u00a0f\u00fcr unseren Kunden Cosentino, ein multinationaler Konzern aus Spanien, der innovative Oberfl\u00e4chen f\u00fcr Architektur und Design herstellt und vertreibt. Auf einer neu entwickelten Website und einer begleitend dazu aufgebauten Facebook Community haben wir \u201eMy Perfect Kitchen Deutschland\u201c inszeniert; beide Kan\u00e4le bieten dem User umfassenden Mehrwert-Content und holen ihn in seiner Customer Journey ab.\u00a0<a href=\"https:\/\/smart-pr.de\/de\/news\/blog\/whitepaper\/erfolgreiche-kampagnen-mit-inbound-marketing-case-study-my-perfect-kitchen\/\" target=\"_blank\" rel=\"noopener\">Hier finden Sie weitere Informationen \u00fcber die Kampagne<\/a>.[\/vc_column_text][\/vc_column][vc_column width=&#8220;1\/6&#8243;][\/vc_column][\/vc_row][vc_row][vc_column width=&#8220;1\/6&#8243;][\/vc_column][vc_column width=&#8220;2\/3&#8243;][vc_column_text css=&#8220;&#8220;]<\/p>\n<h2 class=\"wp-block-heading\"><strong>Integrierte PR Kampagnen<\/strong><\/h2>\n<p>Eine\u00a0<strong>Markenbotschaft\u00a0<\/strong>einheitlich \u00fcber verschiedene Kan\u00e4le zu vermitteln, ist eine spannende Herausforderung. Wir entwickeln f\u00fcr Sie integrierte Kampagnen, bei denen Ihre Botschaft auf den verschiedenen Kan\u00e4len im passenden Ton bei der jeweiligen Zielgruppe ankommt.<\/p>\n<p>So haben wir beispielsweise f\u00fcr die\u00a0<strong>Rheinbahn eine Kampagne zur Einf\u00fchrung der neuen MetroBusse\u00a0<\/strong>in D\u00fcsseldorf entwickelt, die eine eigene Website, Video-Content, Aktionen auf mehreren Social Media Channels, Influencer Relations PR sowie Online PR Ma\u00dfnahmen umfasst.\u00a0<a href=\"https:\/\/smart-pr.de\/de\/news\/blog\/smart-pr-schickt-metrobusse-fuer-die-rheinbahn-in-die-video-challenge\/\" target=\"_blank\" rel=\"noopener\">Mehr \u00fcber die \u201eSteigum\u201c-Kampagne lesen Sie hier<\/a>.<\/p>\n<p>Auch f\u00fcr Ihr Unternehmen entwickeln wir gerne eine ma\u00dfgeschneiderte PR Kampagne.\u00a0<a href=\"https:\/\/smart-pr.de\/de\/kontakt\/\" target=\"_blank\" rel=\"noopener\">Sprechen Sie uns an<\/a>![\/vc_column_text][\/vc_column][vc_column width=&#8220;1\/6&#8243;][\/vc_column][\/vc_row][vc_row][vc_column width=&#8220;1\/6&#8243;][\/vc_column][vc_column width=&#8220;2\/3&#8243;][vc_column_text css=&#8220;&#8220;]<\/p>\n<p class=\"wp-block-heading\">H\u00e4ufige Fragen zu Kampagnen beantworten wir in unseren <a href=\"https:\/\/blog.smart-pr.de\/faqs#hs_cos_wrapper_module_1757061474880\">[FAQs]<\/a><\/p>\n<p>[\/vc_column_text][\/vc_column][vc_column width=&#8220;1\/6&#8243;][\/vc_column][\/vc_row]<\/p>\n<\/div>","protected":false},"excerpt":{"rendered":"[vc_row full_width=\"stretch_row_content_no_spaces\" css=\".vc_custom_1729004678755{margin-top: -30px !important;}\"][vc_column][vc_single_image image=\"6422\" img_size=\"full\" alignment=\"center\" css=\"\"][\/vc_column][\/vc_row][vc_row][vc_column width=\"1\/6\"][\/vc_column][vc_column width=\"2\/3\"][vc_column_text css=\"\"] Kreative Kampagnen: Ma\u00dfgeschneiderte<span class=\"excerpt-hellip\"> [\u2026]<\/span>","protected":false},"author":2,"featured_media":0,"parent":28,"menu_order":0,"comment_status":"closed","ping_status":"closed","template":"","meta":{"footnotes":""},"class_list":["post-1081","page","type-page","status-publish","hentry"],"yoast_head":"<!-- This site is optimized with the Yoast SEO plugin v25.6 - https:\/\/yoast.com\/wordpress\/plugins\/seo\/ -->\n<title>Kampagnen - SMART PR \/\/ Ihre PR-Agentur in D\u00fcsseldorf<\/title>\n<meta name=\"description\" content=\"SMART PR konzipiert und realisiert wirkungsvolle Kampagnen f\u00fcr maximale Reichweite, Engagement und Markenst\u00e4rkung.\" \/>\n<meta name=\"robots\" content=\"index, follow, max-snippet:-1, max-image-preview:large, max-video-preview:-1\" \/>\n<link rel=\"canonical\" href=\"https:\/\/smart-pr.de\/de\/leistungen\/kampagnen\/\" \/>\n<meta property=\"og:locale\" content=\"de_DE\" \/>\n<meta property=\"og:type\" content=\"article\" \/>\n<meta property=\"og:title\" content=\"Kampagnen - SMART PR \/\/ Ihre PR-Agentur in D\u00fcsseldorf\" \/>\n<meta property=\"og:description\" content=\"SMART PR konzipiert und realisiert wirkungsvolle Kampagnen f\u00fcr maximale Reichweite, Engagement und Markenst\u00e4rkung.\" \/>\n<meta property=\"og:url\" content=\"https:\/\/smart-pr.de\/de\/leistungen\/kampagnen\/\" \/>\n<meta property=\"og:site_name\" content=\"SMART PR \/\/ Ihre PR-Agentur in D\u00fcsseldorf\" \/>\n<meta property=\"article:modified_time\" content=\"2025-09-16T10:07:57+00:00\" \/>\n<meta name=\"twitter:card\" content=\"summary_large_image\" \/>\n<meta name=\"twitter:label1\" content=\"Gesch\u00e4tzte Lesezeit\" \/>\n\t<meta name=\"twitter:data1\" content=\"4\u00a0Minuten\" \/>\n<script type=\"application\/ld+json\" class=\"yoast-schema-graph\">{\"@context\":\"https:\/\/schema.org\",\"@graph\":[{\"@type\":\"WebPage\",\"@id\":\"https:\/\/smart-pr.de\/de\/leistungen\/kampagnen\/\",\"url\":\"https:\/\/smart-pr.de\/de\/leistungen\/kampagnen\/\",\"name\":\"Kampagnen - SMART PR \/\/ Ihre PR-Agentur in D\u00fcsseldorf\",\"isPartOf\":{\"@id\":\"https:\/\/smart-pr.de\/de\/#website\"},\"datePublished\":\"2024-08-26T13:47:01+00:00\",\"dateModified\":\"2025-09-16T10:07:57+00:00\",\"description\":\"SMART PR konzipiert und realisiert wirkungsvolle Kampagnen f\u00fcr maximale Reichweite, Engagement und Markenst\u00e4rkung.\",\"breadcrumb\":{\"@id\":\"https:\/\/smart-pr.de\/de\/leistungen\/kampagnen\/#breadcrumb\"},\"inLanguage\":\"de\",\"potentialAction\":[{\"@type\":\"ReadAction\",\"target\":[\"https:\/\/smart-pr.de\/de\/leistungen\/kampagnen\/\"]}]},{\"@type\":\"BreadcrumbList\",\"@id\":\"https:\/\/smart-pr.de\/de\/leistungen\/kampagnen\/#breadcrumb\",\"itemListElement\":[{\"@type\":\"ListItem\",\"position\":1,\"name\":\"Startseite\",\"item\":\"https:\/\/smart-pr.de\/de\/\"},{\"@type\":\"ListItem\",\"position\":2,\"name\":\"Leistungen\",\"item\":\"https:\/\/smart-pr.de\/de\/leistungen\/\"},{\"@type\":\"ListItem\",\"position\":3,\"name\":\"Kampagnen\"}]},{\"@type\":\"WebSite\",\"@id\":\"https:\/\/smart-pr.de\/de\/#website\",\"url\":\"https:\/\/smart-pr.de\/de\/\",\"name\":\"SMART PR \/\/ Ihre PR-Agentur in D\u00fcsseldorf\",\"description\":\"F\u00fcr ganzheitliche Kommunikation\",\"publisher\":{\"@id\":\"https:\/\/smart-pr.de\/de\/#organization\"},\"potentialAction\":[{\"@type\":\"SearchAction\",\"target\":{\"@type\":\"EntryPoint\",\"urlTemplate\":\"https:\/\/smart-pr.de\/de\/?s={search_term_string}\"},\"query-input\":{\"@type\":\"PropertyValueSpecification\",\"valueRequired\":true,\"valueName\":\"search_term_string\"}}],\"inLanguage\":\"de\"},{\"@type\":\"Organization\",\"@id\":\"https:\/\/smart-pr.de\/de\/#organization\",\"name\":\"SMART PR \/\/ Ihre PR-Agentur in D\u00fcsseldorf\",\"url\":\"https:\/\/smart-pr.de\/de\/\",\"logo\":{\"@type\":\"ImageObject\",\"inLanguage\":\"de\",\"@id\":\"https:\/\/smart-pr.de\/de\/#\/schema\/logo\/image\/\",\"url\":\"https:\/\/smart-pr.de\/wp-content\/uploads\/2024\/08\/smart-pr-logo-2.png\",\"contentUrl\":\"https:\/\/smart-pr.de\/wp-content\/uploads\/2024\/08\/smart-pr-logo-2.png\",\"width\":1800,\"height\":282,\"caption\":\"SMART PR \/\/ Ihre PR-Agentur in D\u00fcsseldorf\"},\"image\":{\"@id\":\"https:\/\/smart-pr.de\/de\/#\/schema\/logo\/image\/\"}}]}<\/script>\n<!-- \/ Yoast SEO plugin. -->","yoast_head_json":{"title":"Kampagnen - SMART PR \/\/ Ihre PR-Agentur in D\u00fcsseldorf","description":"SMART PR konzipiert und realisiert wirkungsvolle Kampagnen f\u00fcr maximale Reichweite, Engagement und Markenst\u00e4rkung.","robots":{"index":"index","follow":"follow","max-snippet":"max-snippet:-1","max-image-preview":"max-image-preview:large","max-video-preview":"max-video-preview:-1"},"canonical":"https:\/\/smart-pr.de\/de\/leistungen\/kampagnen\/","og_locale":"de_DE","og_type":"article","og_title":"Kampagnen - SMART PR \/\/ Ihre PR-Agentur in D\u00fcsseldorf","og_description":"SMART PR konzipiert und realisiert wirkungsvolle Kampagnen f\u00fcr maximale Reichweite, Engagement und Markenst\u00e4rkung.","og_url":"https:\/\/smart-pr.de\/de\/leistungen\/kampagnen\/","og_site_name":"SMART PR \/\/ Ihre PR-Agentur in D\u00fcsseldorf","article_modified_time":"2025-09-16T10:07:57+00:00","twitter_card":"summary_large_image","twitter_misc":{"Gesch\u00e4tzte Lesezeit":"4\u00a0Minuten"},"schema":{"@context":"https:\/\/schema.org","@graph":[{"@type":"WebPage","@id":"https:\/\/smart-pr.de\/de\/leistungen\/kampagnen\/","url":"https:\/\/smart-pr.de\/de\/leistungen\/kampagnen\/","name":"Kampagnen - SMART PR \/\/ Ihre PR-Agentur in D\u00fcsseldorf","isPartOf":{"@id":"https:\/\/smart-pr.de\/de\/#website"},"datePublished":"2024-08-26T13:47:01+00:00","dateModified":"2025-09-16T10:07:57+00:00","description":"SMART PR konzipiert und realisiert wirkungsvolle Kampagnen f\u00fcr maximale Reichweite, Engagement und Markenst\u00e4rkung.","breadcrumb":{"@id":"https:\/\/smart-pr.de\/de\/leistungen\/kampagnen\/#breadcrumb"},"inLanguage":"de","potentialAction":[{"@type":"ReadAction","target":["https:\/\/smart-pr.de\/de\/leistungen\/kampagnen\/"]}]},{"@type":"BreadcrumbList","@id":"https:\/\/smart-pr.de\/de\/leistungen\/kampagnen\/#breadcrumb","itemListElement":[{"@type":"ListItem","position":1,"name":"Startseite","item":"https:\/\/smart-pr.de\/de\/"},{"@type":"ListItem","position":2,"name":"Leistungen","item":"https:\/\/smart-pr.de\/de\/leistungen\/"},{"@type":"ListItem","position":3,"name":"Kampagnen"}]},{"@type":"WebSite","@id":"https:\/\/smart-pr.de\/de\/#website","url":"https:\/\/smart-pr.de\/de\/","name":"SMART PR \/\/ Ihre PR-Agentur in D\u00fcsseldorf","description":"F\u00fcr ganzheitliche Kommunikation","publisher":{"@id":"https:\/\/smart-pr.de\/de\/#organization"},"potentialAction":[{"@type":"SearchAction","target":{"@type":"EntryPoint","urlTemplate":"https:\/\/smart-pr.de\/de\/?s={search_term_string}"},"query-input":{"@type":"PropertyValueSpecification","valueRequired":true,"valueName":"search_term_string"}}],"inLanguage":"de"},{"@type":"Organization","@id":"https:\/\/smart-pr.de\/de\/#organization","name":"SMART PR \/\/ Ihre PR-Agentur in D\u00fcsseldorf","url":"https:\/\/smart-pr.de\/de\/","logo":{"@type":"ImageObject","inLanguage":"de","@id":"https:\/\/smart-pr.de\/de\/#\/schema\/logo\/image\/","url":"https:\/\/smart-pr.de\/wp-content\/uploads\/2024\/08\/smart-pr-logo-2.png","contentUrl":"https:\/\/smart-pr.de\/wp-content\/uploads\/2024\/08\/smart-pr-logo-2.png","width":1800,"height":282,"caption":"SMART PR \/\/ Ihre PR-Agentur in D\u00fcsseldorf"},"image":{"@id":"https:\/\/smart-pr.de\/de\/#\/schema\/logo\/image\/"}}]}},"_links":{"self":[{"href":"https:\/\/smart-pr.de\/de\/wp-json\/wp\/v2\/pages\/1081","targetHints":{"allow":["GET"]}}],"collection":[{"href":"https:\/\/smart-pr.de\/de\/wp-json\/wp\/v2\/pages"}],"about":[{"href":"https:\/\/smart-pr.de\/de\/wp-json\/wp\/v2\/types\/page"}],"author":[{"embeddable":true,"href":"https:\/\/smart-pr.de\/de\/wp-json\/wp\/v2\/users\/2"}],"replies":[{"embeddable":true,"href":"https:\/\/smart-pr.de\/de\/wp-json\/wp\/v2\/comments?post=1081"}],"version-history":[{"count":14,"href":"https:\/\/smart-pr.de\/de\/wp-json\/wp\/v2\/pages\/1081\/revisions"}],"predecessor-version":[{"id":10840,"href":"https:\/\/smart-pr.de\/de\/wp-json\/wp\/v2\/pages\/1081\/revisions\/10840"}],"up":[{"embeddable":true,"href":"https:\/\/smart-pr.de\/de\/wp-json\/wp\/v2\/pages\/28"}],"wp:attachment":[{"href":"https:\/\/smart-pr.de\/de\/wp-json\/wp\/v2\/media?parent=1081"}],"curies":[{"name":"wp","href":"https:\/\/api.w.org\/{rel}","templated":true}]}}