{"id":1077,"date":"2024-08-26T13:46:32","date_gmt":"2024-08-26T13:46:32","guid":{"rendered":"https:\/\/entwicklungsumgebung6729.live-website.com\/?page_id=1077"},"modified":"2025-10-15T15:31:36","modified_gmt":"2025-10-15T15:31:36","slug":"influencer-relations","status":"publish","type":"page","link":"https:\/\/smart-pr.de\/de\/leistungen\/influencer-relations\/","title":{"rendered":"Influencer Relations"},"content":{"rendered":"<div class=\"wpb-content-wrapper\"><p>[vc_row full_width=&#8220;stretch_row_content_no_spaces&#8220; css=&#8220;.vc_custom_1729004665133{margin-top: -30px !important;}&#8220;][vc_column][vc_single_image image=&#8220;6420&#8243; img_size=&#8220;full&#8220; alignment=&#8220;center&#8220; css=&#8220;&#8220;][\/vc_column][\/vc_row][vc_row][vc_column width=&#8220;1\/6&#8243;][\/vc_column][vc_column width=&#8220;2\/3&#8243;][vc_column_text css=&#8220;&#8220;]<\/p>\n<h1 style=\"text-align: left;\"><strong>Influencer Relations<\/strong><\/h1>\n<p>[\/vc_column_text][\/vc_column][vc_column width=&#8220;1\/6&#8243;][\/vc_column][\/vc_row][vc_row][vc_column width=&#8220;1\/6&#8243;][\/vc_column][vc_column width=&#8220;2\/3&#8243;][vc_column_text css=&#8220;&#8220;]<\/p>\n<h2><strong>\u00dcber uns<\/strong><\/h2>\n<p>Als ein Team von Digital Natives sind wir tief in der Welt der sozialen Medien verwurzelt und kennen die wichtigsten Influencer:innen und relevanten Kampagnen. Unser Netzwerk umfasst YouTuber:innen, Instagrammer:innen und andere Social Media Akteure und Akteurinnen. Wir helfen Ihnen, die richtigen Multiplikatoren f\u00fcr Ihre Marke zu finden. Ob eine kurzfristige Zusammenarbeit oder langfristige Influencer Relations \u2013 wir bieten ma\u00dfgeschneiderte L\u00f6sungen an.[\/vc_column_text][\/vc_column][vc_column width=&#8220;1\/6&#8243;][\/vc_column][\/vc_row][vc_row][vc_column width=&#8220;1\/6&#8243;][\/vc_column][vc_column width=&#8220;2\/3&#8243;][vc_column_text css=&#8220;&#8220;]<\/p>\n<h2><strong>Warum Influencer Relations?<\/strong><\/h2>\n<p>Influencer:innen sind heute unverzichtbare Meinungsf\u00fchrer:innen in der digitalen Welt. Sie bieten nicht nur hohe Reichweiten, sondern auch Glaubw\u00fcrdigkeit und Authentizit\u00e4t. Eine sorgf\u00e4ltige Auswahl der Influencer:innen ist entscheidend, um glaubw\u00fcrdige Botschafter:innen f\u00fcr Ihre Marke zu finden.[\/vc_column_text][\/vc_column][vc_column width=&#8220;1\/6&#8243;][\/vc_column][\/vc_row][vc_row][vc_column width=&#8220;1\/6&#8243;][\/vc_column][vc_column width=&#8220;2\/3&#8243;][vc_column_text css=&#8220;&#8220;]<\/p>\n<h2><strong>Influencer Marketing<\/strong><\/h2>\n<p>In sozialen Medien sowie Blogs und Online-Magazinen werden pers\u00f6nliche Geschichten, Bilder und Meinungen geteilt, die gro\u00dfe Reichweiten erzielen. Da immer mehr Menschen Ad Blocker nutzen, wird traditionelle Online-Werbung weniger effektiv. Hier setzt Influencer Marketing an.[\/vc_column_text][\/vc_column][vc_column width=&#8220;1\/6&#8243;][\/vc_column][\/vc_row][vc_row][vc_column width=&#8220;1\/6&#8243;][\/vc_column][vc_column width=&#8220;2\/3&#8243;][vc_column_text css=&#8220;&#8220;]<\/p>\n<h2><strong>Auswahl der richtigen Influencer<\/strong><\/h2>\n<p>Die Auswahl der passenden Influencer:innen beginnt bei der eigenen Zielgruppe. Es ist wichtig, Influencer:innen zu finden, die professionell auftreten und thematisch zu Ihrer Marke passen. Vereinbarungen sollten im Vorfeld schriftlich festgehalten werden, und die Vorschl\u00e4ge der Influencer:innen sollten ber\u00fccksichtigt werden, da sie ihre Community am besten kennen.[\/vc_column_text][\/vc_column][vc_column width=&#8220;1\/6&#8243;][\/vc_column][\/vc_row][vc_row][vc_column width=&#8220;1\/6&#8243;][\/vc_column][vc_column width=&#8220;2\/3&#8243;][vc_column_text css=&#8220;&#8220;]<\/p>\n<h2><strong>No-Go\u2019s im Influencer Marketing<\/strong><\/h2>\n<p>Ein klar definiertes Ziel f\u00fcr die Kampagne muss im Vorfeld kommuniziert werden, um erfolgreich zu sein.[\/vc_column_text][\/vc_column][vc_column width=&#8220;1\/6&#8243;][\/vc_column][\/vc_row][vc_row][vc_column width=&#8220;1\/6&#8243;][\/vc_column][vc_column width=&#8220;2\/3&#8243;][vc_column_text css=&#8220;&#8220;]<\/p>\n<h2><strong>Influencer Relations<\/strong><\/h2>\n<p>Influencer Relations sind eine etablierte Disziplin im Kommunikationsmix. Influencer:innen bieten gute Reichweiten, hohe Vernetzung und eine engagierte Community. Um den\/die richtige\/n Influencer:in f\u00fcr Ihr Unternehmen zu finden, sollte eine Strategie festgelegt werden.[\/vc_column_text][\/vc_column][vc_column width=&#8220;1\/6&#8243;][\/vc_column][\/vc_row][vc_row][vc_column width=&#8220;1\/6&#8243;][\/vc_column][vc_column width=&#8220;2\/3&#8243;][vc_column_text css=&#8220;&#8220;]<\/p>\n<h2><strong>Ziele von Influencer Relations<\/strong><\/h2>\n<ul>\n<li>Sichtbarkeit in spezialisierten Zielgruppen<\/li>\n<li>Aufbau von Influencer-Netzwerken<\/li>\n<li>Generierung von Traffic f\u00fcr eigene Plattformen<\/li>\n<li>Erhalt von Produkt-Feedback<\/li>\n<li>Pflege und Aufbau des Unternehmensimages<\/li>\n<\/ul>\n<p>Die Auswahl der richtigen Influencer:innen beginnt mit einer sorgf\u00e4ltigen Recherche und kann durch spezialisierte Agenturen unterst\u00fctzt werden.[\/vc_column_text][\/vc_column][vc_column width=&#8220;1\/6&#8243;][\/vc_column][\/vc_row][vc_row][vc_column width=&#8220;1\/6&#8243;][\/vc_column][vc_column width=&#8220;2\/3&#8243;][vc_column_text css=&#8220;&#8220;]<\/p>\n<h2><strong>TikTok Influencer Marketing<\/strong><\/h2>\n<p>TikTok ist eine der f\u00fchrenden Plattformen in der Social Media Welt. Unternehmen k\u00f6nnen durch Influencer Marketing auf TikTok hohe Reichweiten und gesteigerte Markenbekanntheit erzielen. Eine erfolgreiche TikTok-Kampagne erfordert eine klare Definition der Zielgruppe, eine genaue Kenntnis der Plattform und die Auswahl passender Influencer:innen.[\/vc_column_text][\/vc_column][vc_column width=&#8220;1\/6&#8243;][\/vc_column][\/vc_row][vc_row][vc_column width=&#8220;1\/6&#8243;][\/vc_column][vc_column width=&#8220;2\/3&#8243;][vc_column_text css=&#8220;&#8220;]<\/p>\n<h2><strong>Corporate Influencer in Business Netzwerken<\/strong><\/h2>\n<p>Xing und LinkedIn sind wichtige Plattformen f\u00fcr Unternehmen. Corporate Influencer:innen, wie Mitarbeiter:innen und F\u00fchrungskr\u00e4fte, k\u00f6nnen das Unternehmen authentisch und glaubw\u00fcrdig repr\u00e4sentieren. Unternehmen sollten ihre Mitarbeiter:innen unterst\u00fctzen, sich aktiv in sozialen Netzwerken zu engagieren, indem sie Fortbildungen anbieten und ein offenes Betriebsklima schaffen.<\/p>\n<p>&nbsp;<\/p>\n<p>Mit diesen umfassenden Dienstleistungen und Strategien unterst\u00fctzen wir Ihr Unternehmen dabei, in der digitalen Welt erfolgreich zu sein. Kontaktieren Sie uns, um mehr zu erfahren und Ihre Influencer Marketing Strategie zu starten![\/vc_column_text][\/vc_column][vc_column width=&#8220;1\/6&#8243;][\/vc_column][\/vc_row][vc_row full_width=&#8220;stretch_row&#8220; css=&#8220;.vc_custom_1732745146706{background-color: #ffd500 !important;}&#8220;][vc_column width=&#8220;1\/6&#8243;][\/vc_column][vc_column width=&#8220;2\/3&#8243;][vc_column_text css=&#8220;&#8220;]<\/p>\n<h3><strong>Unsere Leistungen<\/strong><\/h3>\n<ul>\n<li><strong>Konzeption und Ideenfindung<\/strong>: Wir entwickeln kreative Konzepte, die zu Ihrer Marke passen.<\/li>\n<li><strong>Absprachen und Organisation<\/strong>: Wir k\u00fcmmern uns um die Kommunikation und Koordination mit den Influencer:innen.<\/li>\n<li><strong>Durchf\u00fchrung und Auswertung<\/strong>: Von der Umsetzung der Kampagne bis zur Erfolgskontrolle \u2013 wir begleiten Sie durch den gesamten Prozess.<\/li>\n<\/ul>\n<p>[\/vc_column_text][\/vc_column][vc_column width=&#8220;1\/6&#8243;][\/vc_column][\/vc_row][vc_row][vc_column width=&#8220;1\/6&#8243;][\/vc_column][vc_column width=&#8220;2\/3&#8243;][vc_column_text css=&#8220;&#8220;]H\u00e4ufige Fragen zu Influencer Relations beantworten wir in unseren <a href=\"https:\/\/blog.smart-pr.de\/faqs#hs_cos_wrapper_module_1757001218193\">[FAQs]<\/a>[\/vc_column_text][\/vc_column][vc_column width=&#8220;1\/6&#8243;][\/vc_column][\/vc_row]<\/p>\n<\/div>","protected":false},"excerpt":{"rendered":"[vc_row full_width=\"stretch_row_content_no_spaces\" css=\".vc_custom_1729004665133{margin-top: -30px !important;}\"][vc_column][vc_single_image image=\"6420\" img_size=\"full\" alignment=\"center\" css=\"\"][\/vc_column][\/vc_row][vc_row][vc_column width=\"1\/6\"][\/vc_column][vc_column width=\"2\/3\"][vc_column_text css=\"\"] Influencer Relations [\/vc_column_text][\/vc_column][vc_column<span class=\"excerpt-hellip\"> [\u2026]<\/span>","protected":false},"author":2,"featured_media":0,"parent":28,"menu_order":0,"comment_status":"closed","ping_status":"closed","template":"","meta":{"footnotes":""},"class_list":["post-1077","page","type-page","status-publish","hentry"],"yoast_head":"<!-- This site is optimized with the Yoast SEO plugin v25.6 - https:\/\/yoast.com\/wordpress\/plugins\/seo\/ -->\n<title>Influencer Relations - SMART PR \/\/ Ihre PR-Agentur in D\u00fcsseldorf<\/title>\n<meta name=\"description\" content=\"SMART PR verbindet Marken mit passenden Influencern. Steigern Sie Ihre Reichweite &amp; Glaubw\u00fcrdigkeit mit strategischem Influencer-Marketing.\" \/>\n<meta name=\"robots\" content=\"index, follow, max-snippet:-1, max-image-preview:large, max-video-preview:-1\" \/>\n<link rel=\"canonical\" href=\"https:\/\/smart-pr.de\/de\/leistungen\/influencer-relations\/\" \/>\n<meta property=\"og:locale\" content=\"de_DE\" \/>\n<meta property=\"og:type\" content=\"article\" \/>\n<meta property=\"og:title\" content=\"Influencer Relations - SMART PR \/\/ Ihre PR-Agentur in D\u00fcsseldorf\" \/>\n<meta property=\"og:description\" content=\"SMART PR verbindet Marken mit passenden Influencern. Steigern Sie Ihre Reichweite &amp; Glaubw\u00fcrdigkeit mit strategischem Influencer-Marketing.\" \/>\n<meta property=\"og:url\" content=\"https:\/\/smart-pr.de\/de\/leistungen\/influencer-relations\/\" \/>\n<meta property=\"og:site_name\" content=\"SMART PR \/\/ Ihre PR-Agentur in D\u00fcsseldorf\" \/>\n<meta property=\"article:modified_time\" content=\"2025-10-15T15:31:36+00:00\" \/>\n<meta name=\"twitter:card\" content=\"summary_large_image\" \/>\n<meta name=\"twitter:label1\" content=\"Gesch\u00e4tzte Lesezeit\" \/>\n\t<meta name=\"twitter:data1\" content=\"4\u00a0Minuten\" \/>\n<script type=\"application\/ld+json\" class=\"yoast-schema-graph\">{\"@context\":\"https:\/\/schema.org\",\"@graph\":[{\"@type\":\"WebPage\",\"@id\":\"https:\/\/smart-pr.de\/de\/leistungen\/influencer-relations\/\",\"url\":\"https:\/\/smart-pr.de\/de\/leistungen\/influencer-relations\/\",\"name\":\"Influencer Relations - SMART PR \/\/ Ihre PR-Agentur in D\u00fcsseldorf\",\"isPartOf\":{\"@id\":\"https:\/\/smart-pr.de\/de\/#website\"},\"datePublished\":\"2024-08-26T13:46:32+00:00\",\"dateModified\":\"2025-10-15T15:31:36+00:00\",\"description\":\"SMART PR verbindet Marken mit passenden Influencern. Steigern Sie Ihre Reichweite & Glaubw\u00fcrdigkeit mit strategischem Influencer-Marketing.\",\"breadcrumb\":{\"@id\":\"https:\/\/smart-pr.de\/de\/leistungen\/influencer-relations\/#breadcrumb\"},\"inLanguage\":\"de\",\"potentialAction\":[{\"@type\":\"ReadAction\",\"target\":[\"https:\/\/smart-pr.de\/de\/leistungen\/influencer-relations\/\"]}]},{\"@type\":\"BreadcrumbList\",\"@id\":\"https:\/\/smart-pr.de\/de\/leistungen\/influencer-relations\/#breadcrumb\",\"itemListElement\":[{\"@type\":\"ListItem\",\"position\":1,\"name\":\"Startseite\",\"item\":\"https:\/\/smart-pr.de\/de\/\"},{\"@type\":\"ListItem\",\"position\":2,\"name\":\"Leistungen\",\"item\":\"https:\/\/smart-pr.de\/de\/leistungen\/\"},{\"@type\":\"ListItem\",\"position\":3,\"name\":\"Influencer Relations\"}]},{\"@type\":\"WebSite\",\"@id\":\"https:\/\/smart-pr.de\/de\/#website\",\"url\":\"https:\/\/smart-pr.de\/de\/\",\"name\":\"SMART PR \/\/ Ihre PR-Agentur in D\u00fcsseldorf\",\"description\":\"F\u00fcr ganzheitliche Kommunikation\",\"publisher\":{\"@id\":\"https:\/\/smart-pr.de\/de\/#organization\"},\"potentialAction\":[{\"@type\":\"SearchAction\",\"target\":{\"@type\":\"EntryPoint\",\"urlTemplate\":\"https:\/\/smart-pr.de\/de\/?s={search_term_string}\"},\"query-input\":{\"@type\":\"PropertyValueSpecification\",\"valueRequired\":true,\"valueName\":\"search_term_string\"}}],\"inLanguage\":\"de\"},{\"@type\":\"Organization\",\"@id\":\"https:\/\/smart-pr.de\/de\/#organization\",\"name\":\"SMART PR \/\/ Ihre PR-Agentur in D\u00fcsseldorf\",\"url\":\"https:\/\/smart-pr.de\/de\/\",\"logo\":{\"@type\":\"ImageObject\",\"inLanguage\":\"de\",\"@id\":\"https:\/\/smart-pr.de\/de\/#\/schema\/logo\/image\/\",\"url\":\"https:\/\/smart-pr.de\/wp-content\/uploads\/2024\/08\/smart-pr-logo-2.png\",\"contentUrl\":\"https:\/\/smart-pr.de\/wp-content\/uploads\/2024\/08\/smart-pr-logo-2.png\",\"width\":1800,\"height\":282,\"caption\":\"SMART PR \/\/ Ihre PR-Agentur in D\u00fcsseldorf\"},\"image\":{\"@id\":\"https:\/\/smart-pr.de\/de\/#\/schema\/logo\/image\/\"}}]}<\/script>\n<!-- \/ Yoast SEO plugin. -->","yoast_head_json":{"title":"Influencer Relations - SMART PR \/\/ Ihre PR-Agentur in D\u00fcsseldorf","description":"SMART PR verbindet Marken mit passenden Influencern. Steigern Sie Ihre Reichweite & Glaubw\u00fcrdigkeit mit strategischem Influencer-Marketing.","robots":{"index":"index","follow":"follow","max-snippet":"max-snippet:-1","max-image-preview":"max-image-preview:large","max-video-preview":"max-video-preview:-1"},"canonical":"https:\/\/smart-pr.de\/de\/leistungen\/influencer-relations\/","og_locale":"de_DE","og_type":"article","og_title":"Influencer Relations - SMART PR \/\/ Ihre PR-Agentur in D\u00fcsseldorf","og_description":"SMART PR verbindet Marken mit passenden Influencern. Steigern Sie Ihre Reichweite & Glaubw\u00fcrdigkeit mit strategischem Influencer-Marketing.","og_url":"https:\/\/smart-pr.de\/de\/leistungen\/influencer-relations\/","og_site_name":"SMART PR \/\/ Ihre PR-Agentur in D\u00fcsseldorf","article_modified_time":"2025-10-15T15:31:36+00:00","twitter_card":"summary_large_image","twitter_misc":{"Gesch\u00e4tzte Lesezeit":"4\u00a0Minuten"},"schema":{"@context":"https:\/\/schema.org","@graph":[{"@type":"WebPage","@id":"https:\/\/smart-pr.de\/de\/leistungen\/influencer-relations\/","url":"https:\/\/smart-pr.de\/de\/leistungen\/influencer-relations\/","name":"Influencer Relations - SMART PR \/\/ Ihre PR-Agentur in D\u00fcsseldorf","isPartOf":{"@id":"https:\/\/smart-pr.de\/de\/#website"},"datePublished":"2024-08-26T13:46:32+00:00","dateModified":"2025-10-15T15:31:36+00:00","description":"SMART PR verbindet Marken mit passenden Influencern. Steigern Sie Ihre Reichweite & Glaubw\u00fcrdigkeit mit strategischem Influencer-Marketing.","breadcrumb":{"@id":"https:\/\/smart-pr.de\/de\/leistungen\/influencer-relations\/#breadcrumb"},"inLanguage":"de","potentialAction":[{"@type":"ReadAction","target":["https:\/\/smart-pr.de\/de\/leistungen\/influencer-relations\/"]}]},{"@type":"BreadcrumbList","@id":"https:\/\/smart-pr.de\/de\/leistungen\/influencer-relations\/#breadcrumb","itemListElement":[{"@type":"ListItem","position":1,"name":"Startseite","item":"https:\/\/smart-pr.de\/de\/"},{"@type":"ListItem","position":2,"name":"Leistungen","item":"https:\/\/smart-pr.de\/de\/leistungen\/"},{"@type":"ListItem","position":3,"name":"Influencer Relations"}]},{"@type":"WebSite","@id":"https:\/\/smart-pr.de\/de\/#website","url":"https:\/\/smart-pr.de\/de\/","name":"SMART PR \/\/ Ihre PR-Agentur in D\u00fcsseldorf","description":"F\u00fcr ganzheitliche Kommunikation","publisher":{"@id":"https:\/\/smart-pr.de\/de\/#organization"},"potentialAction":[{"@type":"SearchAction","target":{"@type":"EntryPoint","urlTemplate":"https:\/\/smart-pr.de\/de\/?s={search_term_string}"},"query-input":{"@type":"PropertyValueSpecification","valueRequired":true,"valueName":"search_term_string"}}],"inLanguage":"de"},{"@type":"Organization","@id":"https:\/\/smart-pr.de\/de\/#organization","name":"SMART PR \/\/ Ihre PR-Agentur in D\u00fcsseldorf","url":"https:\/\/smart-pr.de\/de\/","logo":{"@type":"ImageObject","inLanguage":"de","@id":"https:\/\/smart-pr.de\/de\/#\/schema\/logo\/image\/","url":"https:\/\/smart-pr.de\/wp-content\/uploads\/2024\/08\/smart-pr-logo-2.png","contentUrl":"https:\/\/smart-pr.de\/wp-content\/uploads\/2024\/08\/smart-pr-logo-2.png","width":1800,"height":282,"caption":"SMART PR \/\/ Ihre PR-Agentur in D\u00fcsseldorf"},"image":{"@id":"https:\/\/smart-pr.de\/de\/#\/schema\/logo\/image\/"}}]}},"_links":{"self":[{"href":"https:\/\/smart-pr.de\/de\/wp-json\/wp\/v2\/pages\/1077","targetHints":{"allow":["GET"]}}],"collection":[{"href":"https:\/\/smart-pr.de\/de\/wp-json\/wp\/v2\/pages"}],"about":[{"href":"https:\/\/smart-pr.de\/de\/wp-json\/wp\/v2\/types\/page"}],"author":[{"embeddable":true,"href":"https:\/\/smart-pr.de\/de\/wp-json\/wp\/v2\/users\/2"}],"replies":[{"embeddable":true,"href":"https:\/\/smart-pr.de\/de\/wp-json\/wp\/v2\/comments?post=1077"}],"version-history":[{"count":23,"href":"https:\/\/smart-pr.de\/de\/wp-json\/wp\/v2\/pages\/1077\/revisions"}],"predecessor-version":[{"id":10839,"href":"https:\/\/smart-pr.de\/de\/wp-json\/wp\/v2\/pages\/1077\/revisions\/10839"}],"up":[{"embeddable":true,"href":"https:\/\/smart-pr.de\/de\/wp-json\/wp\/v2\/pages\/28"}],"wp:attachment":[{"href":"https:\/\/smart-pr.de\/de\/wp-json\/wp\/v2\/media?parent=1077"}],"curies":[{"name":"wp","href":"https:\/\/api.w.org\/{rel}","templated":true}]}}